{"id":313,"date":"2013-09-26T14:22:35","date_gmt":"2013-09-26T14:22:35","guid":{"rendered":"https:\/\/www.hotelgoldenrome.com\/?page_id=313"},"modified":"2014-08-01T08:28:43","modified_gmt":"2014-08-01T08:28:43","slug":"vaerelser","status":"publish","type":"page","link":"https:\/\/www.hotelgoldenrome.com\/da\/vaerelser\/","title":{"rendered":"V\u00e6relser"},"content":{"rendered":"<div id=\"colonna-dx\"><\/p>\n<h1>V\u00e6relser<\/h1>\n<p>Hotel Goldens v\u00e6relser er m\u00f8bleret i en <strong>simpel<\/strong>, <strong>elegant<\/strong> og <strong>funktionel<\/strong> stil, der er ideel for at skabe en behagelig og indbydende atmosf\u00e6re.  Den s\u00e6rlige <strong>opm\u00e6rksomhed omkring detaljerne<\/strong>, m\u00f8blerne i kirseb\u00e6rtr\u00e6 og de smukke stoffer brugt til udsmykningen skaber <strong>en famili\u00e6r atmosf\u00e6re<\/strong>, der g\u00f8r det muligt for g\u00e6sterne strakt at falde til rette. Alle v\u00e6relserne p\u00e5 dette <strong>hotel i Rom<\/strong> er nyligt restaurerede og de er udstyrede med <strong>komfort i h\u00f8j kvalitet<\/strong> herunder: <strong>air condition<\/strong>, satellit tv, telefon, minibar, pengeskab og <strong>lydd\u00e6mpende d\u00f8re og vinduer<\/strong>, for at garanter at vores g\u00e6ster kan sove trygt.<\/p>\n<p>Alle v\u00e6relser har <strong>eget badev\u00e6relse <\/strong>med brusebad og h\u00e5rt\u00f8rrer, samt et velforsynet velkomsts\u00e6t. Desuden er der, for indkvartering i <strong>Dobbeltv\u00e6relse Superior, Junior Suite og Family Suite<\/strong>, et s\u00e6t til to personer med komfortable <a class=\"thickbox\" href=\"https:\/\/www.hotelgoldenrome.com\/wp-content\/uploads\/2013\/08\/pantofole.jpg\"><strong>t\u00f8fler og bl\u00f8de badek\u00e5ber<\/strong><\/a>.<\/p>\n<p><strong>Hotel Golden har valgt ikke at ryge<\/strong>.For at sikre sundere luft og omgivelser og for at respektere den st\u00f8rste del af vores g\u00e6sters vaner, er alle hotellets v\u00e6relser r\u00f8gfri.<\/p>\n<h2>Vores v\u00e6relser<\/h2>\n<ul id=\"lista-camere\">\n<li>\n<div>\n<a class=\"thickbox\" href=\"https:\/\/www.hotelgoldenrome.com\/wp-content\/uploads\/2013\/08\/singola.jpg\"><img loading=\"lazy\" decoding=\"async\" src=\"https:\/\/www.hotelgoldenrome.com\/wp-content\/uploads\/2013\/08\/singola-150x150.jpg\" alt=\"Enkeltv\u00e6relse\" width=\"150\" height=\"150\" class=\"alignnone size-thumbnail wp-image-93\" \/><\/a><\/p>\n<h3><a class=\"thickbox\" href=\"https:\/\/www.hotelgoldenrome.com\/wp-content\/uploads\/2013\/08\/singola.jpg\">Enkeltv\u00e6relse<\/a><\/h3>\n<p>Famili\u00e6r og komfortabel indkvartering med enkeltseng, for ikke-rygere. Ogs\u00e5 i denne basis indkvartering er der wi-fi og aircondition.<\/p>\n<\/div>\n<\/li>\n<li>\n<div>\n<a class=\"thickbox\" href=\"https:\/\/www.hotelgoldenrome.com\/wp-content\/uploads\/2013\/08\/doppia.jpg\"><img loading=\"lazy\" decoding=\"async\" src=\"https:\/\/www.hotelgoldenrome.com\/wp-content\/uploads\/2013\/08\/doppia-150x150.jpg\" alt=\"Lille dobbeltv\u00e6relse\" width=\"150\" height=\"150\" class=\"alignnone size-thumbnail wp-image-96\" \/><\/a><\/p>\n<h3><a class=\"thickbox\" href=\"https:\/\/www.hotelgoldenrome.com\/wp-content\/uploads\/2013\/08\/doppia.jpg\">Lille dobbeltv\u00e6relse<\/a><\/h3>\n<p>Med halvandenmands seng (small double bed), kompakt i st\u00f8rrelse, men ikke i komfort: Det er faktisk udstyret med de samme karakteristiske tr\u00e6k som dobbeltv\u00e6relse superior.<\/p>\n<\/div>\n<\/li>\n<li>\n<div>\n<a class=\"thickbox\" href=\"https:\/\/www.hotelgoldenrome.com\/wp-content\/uploads\/2013\/08\/doppia-classic.jpg\" rel=\"doppia_classic\"><img loading=\"lazy\" decoding=\"async\" src=\"https:\/\/www.hotelgoldenrome.com\/wp-content\/uploads\/2013\/08\/doppia-classic-150x150.jpg\" alt=\"Dobbeltv\u00e6relse Classic\" width=\"150\" height=\"150\" class=\"alignnone size-thumbnail wp-image-97\" \/><\/a><\/p>\n<h3><a href=\"https:\/\/www.hotelgoldenrome.com\/wp-content\/uploads\/2014\/01\/doppia_classic-2.jpg\" rel=\"doppia_classic\" class=\"thickbox\">Dobbeltv\u00e6relse Classic<\/a><\/h3>\n<p>Med queen-size dobbeltseng eller med to enkeltsenge. Mindre end dobbeltv\u00e6relse superior, men liges\u00e5 elegant og forsynet.<\/p>\n<\/div>\n<\/li>\n<li>\n<div>\n<a class=\"thickbox\" href=\"https:\/\/www.hotelgoldenrome.com\/wp-content\/uploads\/2013\/08\/doppia-superior.jpg\" rel=\"doppia_superior\"><img loading=\"lazy\" decoding=\"async\" src=\"https:\/\/www.hotelgoldenrome.com\/wp-content\/uploads\/2013\/08\/doppia-superior-150x150.jpg\" alt=\"Dobbeltv\u00e6relse Superior\" width=\"150\" height=\"150\" class=\"alignnone size-thumbnail wp-image-98\" \/><\/a><\/p>\n<h3><a href=\"https:\/\/www.hotelgoldenrome.com\/wp-content\/uploads\/2014\/01\/doppia_superior-2.jpg\" rel=\"doppia_superior\" class=\"thickbox\">Dobbeltv\u00e6relse Superior<\/a><\/h3>\n<p>Toppen af Hotel Golden, ligesom den storsl\u00e5ede beliggenhed t\u00e6t p\u00e5 via Veneto, piazza di Spagna og Trevifont\u00e6nen. Maksimal luksus, wi-fi, ikke-ryger&#8230; To enkeltsenge eller dobbeltseng king-size. Badek\u00e5ber og t\u00f8fler til to personer.<\/p>\n<\/div>\n<\/li>\n<li>\n<div>\n<a class=\"thickbox\" href=\"https:\/\/www.hotelgoldenrome.com\/wp-content\/uploads\/2013\/08\/tripla.jpg\" rel=\"tripla\"><img loading=\"lazy\" decoding=\"async\" src=\"https:\/\/www.hotelgoldenrome.com\/wp-content\/uploads\/2013\/08\/tripla-150x150.jpg\" alt=\"Tredobbeltv\u00e6relse\" width=\"150\" height=\"150\" class=\"alignnone size-thumbnail wp-image-99\" \/><\/a><\/p>\n<h3><a href=\"https:\/\/www.hotelgoldenrome.com\/wp-content\/uploads\/2014\/01\/tripla-2.jpg\" rel=\"tripla\" class=\"thickbox\">Tredobbeltv\u00e6relse<\/a><\/h3>\n<p>I to versioner, enten med dobbeltseng king-size + enkeltseng, eller med tre enkeltsenge. Inklusiv Hotel Golden&#8217;s almindeligt kendte plusser, s\u00e5som Wi-Fi og ikke-ryger milj\u00f8er.<\/p>\n<\/div>\n<\/li>\n<li>\n<div>\n<a class=\"thickbox\" href=\"https:\/\/www.hotelgoldenrome.com\/wp-content\/uploads\/2013\/08\/family-room.jpg\" rel=\"family_room\"><img loading=\"lazy\" decoding=\"async\" src=\"https:\/\/www.hotelgoldenrome.com\/wp-content\/uploads\/2013\/08\/family-room-150x150.jpg\" alt=\"Familiev\u00e6relse\" width=\"150\" height=\"150\" class=\"alignnone size-thumbnail wp-image-100\" \/><\/a><\/p>\n<h3><a href=\"https:\/\/www.hotelgoldenrome.com\/wp-content\/uploads\/2014\/01\/family_room-2.jpg\" rel=\"family_room\" class=\"thickbox\">Familiev\u00e6relse<\/a><\/h3>\n<p>Meget rummeligt og plejet, til to voksne og to b\u00f8rn. To dobbeltsenge king-size, eller to enkeltsenge + en dobbeltseng. Wi-Fi, klimaanl\u00e6g, ikke-ryger.<\/p>\n<\/div>\n<\/li>\n<li>\n<div>\n<a class=\"thickbox\" href=\"https:\/\/www.hotelgoldenrome.com\/wp-content\/uploads\/2013\/08\/junior-suite.jpg\"><img loading=\"lazy\" decoding=\"async\" src=\"https:\/\/www.hotelgoldenrome.com\/wp-content\/uploads\/2013\/08\/junior-suite-150x150.jpg\" alt=\"Junior Suite\" width=\"150\" height=\"150\" class=\"alignnone size-thumbnail wp-image-101\" \/><\/a><\/p>\n<h3><a class=\"thickbox\" href=\"https:\/\/www.hotelgoldenrome.com\/wp-content\/uploads\/2013\/08\/junior-suite.jpg\">Junior Suite<\/a><\/h3>\n<p>Smukt og eksklusivt opholdssted for et romantisk ophold i Rom, komplet med dobbelt sovev\u00e6relse, stue og bad med farveterapi. Desuden tr\u00e6gulve, 32\u201d LCD-TV og alt indenfor den mest moderne komfort. Badek\u00e5ber og t\u00f8fler til to personer.<\/p>\n<\/div>\n<\/li>\n<li>\n<div>\n<a class=\"thickbox\" href=\"https:\/\/www.hotelgoldenrome.com\/wp-content\/uploads\/2013\/08\/familysuite.jpg\"><img loading=\"lazy\" decoding=\"async\" src=\"https:\/\/www.hotelgoldenrome.com\/wp-content\/uploads\/2013\/08\/familysuite-150x150.jpg\" alt=\"Familie Suite\" width=\"150\" height=\"150\" class=\"alignnone size-thumbnail wp-image-101\" \/><\/a><\/p>\n<h3><a class=\"thickbox\" href=\"https:\/\/www.hotelgoldenrome.com\/wp-content\/uploads\/2013\/08\/familysuite.jpg\">Family Suite<\/a><\/h3>\n<p>Udover komfortable familiev\u00e6relser r\u00e5der Golden Hotel over rummelige familiesuiter i Roms centrum, som er perfekte til en eksklusiv ferie med din familie i v\u00e6relser med to sovev\u00e6relser, en lille stue og en lille privat morgenmadsstue&#8230;<a href=\"https:\/\/www.hotelgoldenrome.com\/da\/family-hotel-suites-da\/\" title=\"Family Suite\"><br \/>\nForts\u00e6t l\u00e6sning<\/a><\/p>\n<\/div>\n<\/li>\n<\/ul>\n<p><\/div>\n<div id=\"colonna-sx\"><br \/>\n<img loading=\"lazy\" decoding=\"async\" src=\"https:\/\/www.hotelgoldenrome.com\/wp-content\/uploads\/2013\/08\/maria-teresa.jpg\" alt=\"maria-teresa\" width=\"206\" height=\"206\" class=\"aligncenter size-full wp-image-65\" srcset=\"https:\/\/www.hotelgoldenrome.com\/wp-content\/uploads\/2013\/08\/maria-teresa.jpg 206w, https:\/\/www.hotelgoldenrome.com\/wp-content\/uploads\/2013\/08\/maria-teresa-150x150.jpg 150w\" sizes=\"auto, (max-width: 206px) 100vw, 206px\" \/><\/p>\n<p class=\"nome\">Sp\u00f8rg<br \/> <span>Maria Teresa<\/span><\/p>\n<p>N\u00e5r eg g\u00e5r ind i et af hotelv\u00e6relserne, nyder jeg atmosf\u00e6ren, der minder om et rigtigt hjem, hyggeligt og stilfuldt m\u00f8bleret. Og hvis du rejser sammen med dine b\u00f8rn, reserver en Family Suite!<br \/>G\u00e5 til siden \u00bb<\/p>\n<p> <\/p>\n<div class=\"lista\">\n<h3>Komfort<\/h3>\n<ul>\n<li>\u00b7 Ikke-ryger<\/li>\n<li>\u00b7 For allergikere<\/li>\n<li>\u00b7 Telefon<\/li>\n<li>\u00b7 Internet<\/li>\n<li>\u00b7 Wi-fi<\/li>\n<li>\u00b7 Satellit-tv LCD<\/li>\n<li>\u00b7 Radio<\/li>\n<li>\u00b7 Minibar<\/li>\n<li>\u00b7 Pengeboks<\/li>\n<li>\u00b7 Aircondition (regulerbart)<\/li>\n<li>\u00b7 Opvarmning (regulerbart)<\/li>\n<li>\u00b7 Brusebad<\/li>\n<li>\u00b7 H\u00e5ndkl\u00e6devarmer<\/li>\n<li>\u00b7 Courtesy kit<\/li>\n<li>\u00b7 H\u00e5rt\u00f8rrer<\/li>\n<li>\u00b7 Strygejern<\/li>\n<\/li>\n<\/ul>\n<\/div>\n<p><\/div>\n<p><br clear=\"all\" \/><\/p>\n","protected":false},"excerpt":{"rendered":"<p class=\"nome\">Sp\u00f8rg<br \/> <span>Maria Teresa<\/span><\/p>\n<p>N\u00e5r eg g\u00e5r ind i et af hotelv\u00e6relserne, nyder jeg atmosf\u00e6ren, der minder om et rigtigt hjem, hyggeligt og stilfuldt m\u00f8bleret. Og hvis du rejser sammen med dine b\u00f8rn, reserver en Family Suite!<\/p>\n","protected":false},"author":17,"featured_media":65,"parent":0,"menu_order":0,"comment_status":"open","ping_status":"open","template":"page-duecolonne.php","meta":{"ngg_post_thumbnail":0,"footnotes":""},"class_list":["post-313","page","type-page","status-publish","has-post-thumbnail","hentry"],"yoast_head":"<!-- This site is optimized with the Yoast SEO plugin v25.7 - https:\/\/yoast.com\/wordpress\/plugins\/seo\/ -->\n<title>V\u00e6relser | Hotel Golden<\/title>\n<meta name=\"description\" content=\"V\u00e6relser, Hotel Golden: ligger i en central, men alligevel meget rolig position, et stenkast fra Piazza di Spagna og Fontana di Trevi.\" \/>\n<meta name=\"robots\" content=\"index, follow, max-snippet:-1, max-image-preview:large, max-video-preview:-1\" \/>\n<link rel=\"canonical\" href=\"https:\/\/www.hotelgoldenrome.com\/da\/vaerelser\/\" \/>\n<meta property=\"og:locale\" content=\"da_DK\" \/>\n<meta property=\"og:type\" content=\"article\" \/>\n<meta property=\"og:title\" content=\"V\u00e6relser | Hotel Golden\" \/>\n<meta property=\"og:description\" content=\"V\u00e6relser, Hotel Golden: ligger i en central, men alligevel meget rolig position, et stenkast fra Piazza di Spagna og Fontana di Trevi.\" \/>\n<meta property=\"og:url\" content=\"https:\/\/www.hotelgoldenrome.com\/da\/vaerelser\/\" \/>\n<meta property=\"og:site_name\" content=\"Hotel Golden\" \/>\n<meta property=\"article:modified_time\" content=\"2014-08-01T08:28:43+00:00\" \/>\n<meta property=\"og:image\" content=\"https:\/\/www.hotelgoldenrome.com\/wp-content\/uploads\/2013\/08\/maria-teresa.jpg\" \/>\n\t<meta property=\"og:image:width\" content=\"206\" \/>\n\t<meta property=\"og:image:height\" content=\"206\" \/>\n\t<meta property=\"og:image:type\" content=\"image\/jpeg\" \/>\n<meta name=\"twitter:label1\" content=\"Estimeret l\u00e6setid\" \/>\n\t<meta name=\"twitter:data1\" content=\"3 minutter\" \/>\n<script type=\"application\/ld+json\" class=\"yoast-schema-graph\">{\"@context\":\"https:\/\/schema.org\",\"@graph\":[{\"@type\":\"WebPage\",\"@id\":\"https:\/\/www.hotelgoldenrome.com\/da\/vaerelser\/\",\"url\":\"https:\/\/www.hotelgoldenrome.com\/da\/vaerelser\/\",\"name\":\"V\u00e6relser | Hotel Golden\",\"isPartOf\":{\"@id\":\"https:\/\/www.hotelgoldenrome.com\/da\/#website\"},\"primaryImageOfPage\":{\"@id\":\"https:\/\/www.hotelgoldenrome.com\/da\/vaerelser\/#primaryimage\"},\"image\":{\"@id\":\"https:\/\/www.hotelgoldenrome.com\/da\/vaerelser\/#primaryimage\"},\"thumbnailUrl\":\"https:\/\/www.hotelgoldenrome.com\/wp-content\/uploads\/2013\/08\/maria-teresa.jpg\",\"datePublished\":\"2013-09-26T14:22:35+00:00\",\"dateModified\":\"2014-08-01T08:28:43+00:00\",\"description\":\"V\u00e6relser, Hotel Golden: ligger i en central, men alligevel meget rolig position, et stenkast fra Piazza di Spagna og Fontana di Trevi.\",\"breadcrumb\":{\"@id\":\"https:\/\/www.hotelgoldenrome.com\/da\/vaerelser\/#breadcrumb\"},\"inLanguage\":\"da-DK\",\"potentialAction\":[{\"@type\":\"ReadAction\",\"target\":[\"https:\/\/www.hotelgoldenrome.com\/da\/vaerelser\/\"]}]},{\"@type\":\"ImageObject\",\"inLanguage\":\"da-DK\",\"@id\":\"https:\/\/www.hotelgoldenrome.com\/da\/vaerelser\/#primaryimage\",\"url\":\"https:\/\/www.hotelgoldenrome.com\/wp-content\/uploads\/2013\/08\/maria-teresa.jpg\",\"contentUrl\":\"https:\/\/www.hotelgoldenrome.com\/wp-content\/uploads\/2013\/08\/maria-teresa.jpg\",\"width\":206,\"height\":206},{\"@type\":\"BreadcrumbList\",\"@id\":\"https:\/\/www.hotelgoldenrome.com\/da\/vaerelser\/#breadcrumb\",\"itemListElement\":[{\"@type\":\"ListItem\",\"position\":1,\"name\":\"Home\",\"item\":\"https:\/\/www.hotelgoldenrome.com\/da\/\"},{\"@type\":\"ListItem\",\"position\":2,\"name\":\"V\u00e6relser\"}]},{\"@type\":\"WebSite\",\"@id\":\"https:\/\/www.hotelgoldenrome.com\/da\/#website\",\"url\":\"https:\/\/www.hotelgoldenrome.com\/da\/\",\"name\":\"Hotel Golden\",\"description\":\"..your Family run hotel in Rome\",\"potentialAction\":[{\"@type\":\"SearchAction\",\"target\":{\"@type\":\"EntryPoint\",\"urlTemplate\":\"https:\/\/www.hotelgoldenrome.com\/da\/?s={search_term_string}\"},\"query-input\":{\"@type\":\"PropertyValueSpecification\",\"valueRequired\":true,\"valueName\":\"search_term_string\"}}],\"inLanguage\":\"da-DK\"}]}<\/script>\n<!-- \/ Yoast SEO plugin. -->","yoast_head_json":{"title":"V\u00e6relser | Hotel Golden","description":"V\u00e6relser, Hotel Golden: ligger i en central, men alligevel meget rolig position, et stenkast fra Piazza di Spagna og Fontana di Trevi.","robots":{"index":"index","follow":"follow","max-snippet":"max-snippet:-1","max-image-preview":"max-image-preview:large","max-video-preview":"max-video-preview:-1"},"canonical":"https:\/\/www.hotelgoldenrome.com\/da\/vaerelser\/","og_locale":"da_DK","og_type":"article","og_title":"V\u00e6relser | Hotel Golden","og_description":"V\u00e6relser, Hotel Golden: ligger i en central, men alligevel meget rolig position, et stenkast fra Piazza di Spagna og Fontana di Trevi.","og_url":"https:\/\/www.hotelgoldenrome.com\/da\/vaerelser\/","og_site_name":"Hotel Golden","article_modified_time":"2014-08-01T08:28:43+00:00","og_image":[{"width":206,"height":206,"url":"https:\/\/www.hotelgoldenrome.com\/wp-content\/uploads\/2013\/08\/maria-teresa.jpg","type":"image\/jpeg"}],"twitter_misc":{"Estimeret l\u00e6setid":"3 minutter"},"schema":{"@context":"https:\/\/schema.org","@graph":[{"@type":"WebPage","@id":"https:\/\/www.hotelgoldenrome.com\/da\/vaerelser\/","url":"https:\/\/www.hotelgoldenrome.com\/da\/vaerelser\/","name":"V\u00e6relser | Hotel Golden","isPartOf":{"@id":"https:\/\/www.hotelgoldenrome.com\/da\/#website"},"primaryImageOfPage":{"@id":"https:\/\/www.hotelgoldenrome.com\/da\/vaerelser\/#primaryimage"},"image":{"@id":"https:\/\/www.hotelgoldenrome.com\/da\/vaerelser\/#primaryimage"},"thumbnailUrl":"https:\/\/www.hotelgoldenrome.com\/wp-content\/uploads\/2013\/08\/maria-teresa.jpg","datePublished":"2013-09-26T14:22:35+00:00","dateModified":"2014-08-01T08:28:43+00:00","description":"V\u00e6relser, Hotel Golden: ligger i en central, men alligevel meget rolig position, et stenkast fra Piazza di Spagna og Fontana di Trevi.","breadcrumb":{"@id":"https:\/\/www.hotelgoldenrome.com\/da\/vaerelser\/#breadcrumb"},"inLanguage":"da-DK","potentialAction":[{"@type":"ReadAction","target":["https:\/\/www.hotelgoldenrome.com\/da\/vaerelser\/"]}]},{"@type":"ImageObject","inLanguage":"da-DK","@id":"https:\/\/www.hotelgoldenrome.com\/da\/vaerelser\/#primaryimage","url":"https:\/\/www.hotelgoldenrome.com\/wp-content\/uploads\/2013\/08\/maria-teresa.jpg","contentUrl":"https:\/\/www.hotelgoldenrome.com\/wp-content\/uploads\/2013\/08\/maria-teresa.jpg","width":206,"height":206},{"@type":"BreadcrumbList","@id":"https:\/\/www.hotelgoldenrome.com\/da\/vaerelser\/#breadcrumb","itemListElement":[{"@type":"ListItem","position":1,"name":"Home","item":"https:\/\/www.hotelgoldenrome.com\/da\/"},{"@type":"ListItem","position":2,"name":"V\u00e6relser"}]},{"@type":"WebSite","@id":"https:\/\/www.hotelgoldenrome.com\/da\/#website","url":"https:\/\/www.hotelgoldenrome.com\/da\/","name":"Hotel Golden","description":"..your Family run hotel in Rome","potentialAction":[{"@type":"SearchAction","target":{"@type":"EntryPoint","urlTemplate":"https:\/\/www.hotelgoldenrome.com\/da\/?s={search_term_string}"},"query-input":{"@type":"PropertyValueSpecification","valueRequired":true,"valueName":"search_term_string"}}],"inLanguage":"da-DK"}]}},"_links":{"self":[{"href":"https:\/\/www.hotelgoldenrome.com\/da\/wp-json\/wp\/v2\/pages\/313","targetHints":{"allow":["GET"]}}],"collection":[{"href":"https:\/\/www.hotelgoldenrome.com\/da\/wp-json\/wp\/v2\/pages"}],"about":[{"href":"https:\/\/www.hotelgoldenrome.com\/da\/wp-json\/wp\/v2\/types\/page"}],"author":[{"embeddable":true,"href":"https:\/\/www.hotelgoldenrome.com\/da\/wp-json\/wp\/v2\/users\/17"}],"replies":[{"embeddable":true,"href":"https:\/\/www.hotelgoldenrome.com\/da\/wp-json\/wp\/v2\/comments?post=313"}],"version-history":[{"count":9,"href":"https:\/\/www.hotelgoldenrome.com\/da\/wp-json\/wp\/v2\/pages\/313\/revisions"}],"predecessor-version":[{"id":1956,"href":"https:\/\/www.hotelgoldenrome.com\/da\/wp-json\/wp\/v2\/pages\/313\/revisions\/1956"}],"wp:featuredmedia":[{"embeddable":true,"href":"https:\/\/www.hotelgoldenrome.com\/da\/wp-json\/wp\/v2\/media\/65"}],"wp:attachment":[{"href":"https:\/\/www.hotelgoldenrome.com\/da\/wp-json\/wp\/v2\/media?parent=313"}],"curies":[{"name":"wp","href":"https:\/\/api.w.org\/{rel}","templated":true}]}}