{"id":377,"date":"2013-09-27T13:05:22","date_gmt":"2013-09-27T13:05:22","guid":{"rendered":"https:\/\/www.hotelgoldenrome.com\/?page_id=377"},"modified":"2016-08-10T07:19:31","modified_gmt":"2016-08-10T07:19:31","slug":"beliggenhed","status":"publish","type":"page","link":"https:\/\/www.hotelgoldenrome.com\/da\/beliggenhed\/","title":{"rendered":"Beliggenhed"},"content":{"rendered":"<div id=\"colonna-dx\"><\/p>\n<h1>Hotel i Roms centrum n\u00e6r Villa Borghese <\/h1>\n<p>Hotel Golden ligger imellem den storsl\u00e5ede <strong>Villa Borghese<\/strong> og <strong>Via Veneto<\/strong>, hvor det s\u00f8de tresserliv udfoldede sig, centralt beliggende, men samtidig meget <strong>rolig<\/strong>, kun to skridt fra <strong>Piazza di Spagna<\/strong> og <strong>Trevi springvandet<\/strong>.<\/p>\n<p><!-- index.php -->\n<div\n\tclass=\"ngg-galleryoverview ngg-ajax-pagination-none\"\n\tid=\"ngg-gallery-013901b19af03fbd4a581c21b99a80df-1\">\n\n    \t\t<!-- Thumbnails -->\n\t\t\t\t<div id=\"ngg-image-0\" class=\"ngg-gallery-thumbnail-box\" >\n\t\t\t\t        <div class=\"ngg-gallery-thumbnail\">\n            <a href=\"https:\/\/www.hotelgoldenrome.com\/wp-content\/galleries\/posizione\/100.jpg\"\n               title=\"\"\n               data-src=\"https:\/\/www.hotelgoldenrome.com\/wp-content\/galleries\/posizione\/100.jpg\"\n               data-thumbnail=\"https:\/\/www.hotelgoldenrome.com\/wp-content\/galleries\/posizione\/thumbs\/thumbs_100.jpg\"\n               data-image-id=\"100\"\n               data-title=\"100-jpg\"\n               data-description=\"\"\n               data-image-slug=\"100-jpg\"\n               class=\"ngg-fancybox\" rel=\"013901b19af03fbd4a581c21b99a80df\">\n                <img\n                    title=\"100-jpg\"\n                    alt=\"100-jpg\"\n                    src=\"https:\/\/www.hotelgoldenrome.com\/wp-content\/galleries\/posizione\/thumbs\/thumbs_100.jpg\"\n                    width=\"150\"\n                    height=\"150\"\n                    style=\"max-width:100%;\"\n                \/>\n            <\/a>\n        <\/div>\n\t\t\t\t\t\t\t<\/div> \n\t\t\t\n        \n\t\t\t\t<div id=\"ngg-image-1\" class=\"ngg-gallery-thumbnail-box\" >\n\t\t\t\t        <div class=\"ngg-gallery-thumbnail\">\n            <a href=\"https:\/\/www.hotelgoldenrome.com\/wp-content\/galleries\/posizione\/piazza_spagna.jpg\"\n               title=\"\"\n               data-src=\"https:\/\/www.hotelgoldenrome.com\/wp-content\/galleries\/posizione\/piazza_spagna.jpg\"\n               data-thumbnail=\"https:\/\/www.hotelgoldenrome.com\/wp-content\/galleries\/posizione\/thumbs\/thumbs_piazza_spagna.jpg\"\n               data-image-id=\"99\"\n               data-title=\"Primavera a Trinit\u2021 dei Monti, Piazza di Spagna, Roma\"\n               data-description=\"\"\n               data-image-slug=\"piazza_spagna-jpg\"\n               class=\"ngg-fancybox\" rel=\"013901b19af03fbd4a581c21b99a80df\">\n                <img\n                    title=\"Primavera a Trinit\u2021 dei Monti, Piazza di Spagna, Roma\"\n                    alt=\"Primavera a Trinit\u2021 dei Monti, Piazza di Spagna, Roma\"\n                    src=\"https:\/\/www.hotelgoldenrome.com\/wp-content\/galleries\/posizione\/thumbs\/thumbs_piazza_spagna.jpg\"\n                    width=\"150\"\n                    height=\"150\"\n                    style=\"max-width:100%;\"\n                \/>\n            <\/a>\n        <\/div>\n\t\t\t\t\t\t\t<\/div> \n\t\t\t\n        \n\t\t\t\t<div id=\"ngg-image-2\" class=\"ngg-gallery-thumbnail-box\" >\n\t\t\t\t        <div class=\"ngg-gallery-thumbnail\">\n            <a href=\"https:\/\/www.hotelgoldenrome.com\/wp-content\/galleries\/posizione\/roma.jpg\"\n               title=\"A wornderful sundown overlooking the Saint Peter Cathedral\"\n               data-src=\"https:\/\/www.hotelgoldenrome.com\/wp-content\/galleries\/posizione\/roma.jpg\"\n               data-thumbnail=\"https:\/\/www.hotelgoldenrome.com\/wp-content\/galleries\/posizione\/thumbs\/thumbs_roma.jpg\"\n               data-image-id=\"102\"\n               data-title=\"Rome Sundown\"\n               data-description=\"A wornderful sundown overlooking the Saint Peter Cathedral\"\n               data-image-slug=\"rome-sundown\"\n               class=\"ngg-fancybox\" rel=\"013901b19af03fbd4a581c21b99a80df\">\n                <img\n                    title=\"Rome Sundown\"\n                    alt=\"Rome Sundown\"\n                    src=\"https:\/\/www.hotelgoldenrome.com\/wp-content\/galleries\/posizione\/thumbs\/thumbs_roma.jpg\"\n                    width=\"150\"\n                    height=\"150\"\n                    style=\"max-width:100%;\"\n                \/>\n            <\/a>\n        <\/div>\n\t\t\t\t\t\t\t<\/div> \n\t\t\t\n        \n\t\t\t\t<div id=\"ngg-image-3\" class=\"ngg-gallery-thumbnail-box\" >\n\t\t\t\t        <div class=\"ngg-gallery-thumbnail\">\n            <a href=\"https:\/\/www.hotelgoldenrome.com\/wp-content\/galleries\/posizione\/eventi.jpg\"\n               title=\"\"\n               data-src=\"https:\/\/www.hotelgoldenrome.com\/wp-content\/galleries\/posizione\/eventi.jpg\"\n               data-thumbnail=\"https:\/\/www.hotelgoldenrome.com\/wp-content\/galleries\/posizione\/thumbs\/thumbs_eventi.jpg\"\n               data-image-id=\"101\"\n               data-title=\"The Coliseum by Night\"\n               data-description=\"\"\n               data-image-slug=\"the-coliseum-by-night\"\n               class=\"ngg-fancybox\" rel=\"013901b19af03fbd4a581c21b99a80df\">\n                <img\n                    title=\"The Coliseum by Night\"\n                    alt=\"The Coliseum by Night\"\n                    src=\"https:\/\/www.hotelgoldenrome.com\/wp-content\/galleries\/posizione\/thumbs\/thumbs_eventi.jpg\"\n                    width=\"150\"\n                    height=\"150\"\n                    style=\"max-width:100%;\"\n                \/>\n            <\/a>\n        <\/div>\n\t\t\t\t\t\t\t<\/div> \n\t\t\t\n        \n\t\t\n\t\t<!-- Pagination -->\n\t<div class='ngg-clear'><\/div>\t<\/div>\n<\/p>\n<p>F\u00e5 skridt fra dette indbydende <strong>hotel i Rom<\/strong> ligger en af byens gr\u00f8nne lunger:  Villa Borghese parken  hvor romerne elskede at spadsere p\u00e5 helligdage, og hvor man finder <strong>Pincio<\/strong> det fantastiske panoramaudsigtspunkt, hvorfra det er muligt at se ud over hele byen.  I den pr\u00e6gtige Villa har det ber\u00f8mte <strong>Galleria Borghese<\/strong> til huse, en af de st\u00f8rste samlinger i verden der omfatter v\u00e6rker af kunstnere som Tiziano, Rubens, Caravaggio, e Bernini.<\/p>\n<p><iframe loading=\"lazy\" src=\"https:\/\/maps.google.it\/maps?q=Hotel+Golden+Roma+-+MARUMA+Srl+-+Via+Marche+84,+00187+Roma,+Italia&amp;oe=utf-8&amp;client=firefox-a&amp;channel=fflb&amp;ie=UTF8&amp;hl=it&amp;hq=Hotel+Golden+Roma+-+MARUMA+Srl+-+Via+Marche+84,+00187+Roma,+Italia&amp;hnear=&amp;radius=15000&amp;t=m&amp;ll=41.911475,12.490017&amp;spn=0.006387,0.014806&amp;z=16&amp;iwloc=A&amp;output=embed\" height=\"400\" width=\"650\" frameborder=\"0\" marginwidth=\"0\" marginheight=\"0\" scrolling=\"no\"><\/iframe><\/p>\n<h2>S\u00e5dan finder I os<\/h2>\n<ul id=\"come\">\n<li>\n<div>\n<p><strong>Med fly<\/strong><br \/>\nHotel Golden stiller en <strong>pick up service<\/strong> fra lufthavnen til r\u00e5dighed, den skal foresp\u00f8rges n\u00e5r v\u00e6relset bestilles.  Der findes forskellige andre muligheder for at komme til hotellet fra <strong>Roms lufthavne<\/strong>.<br \/>\nFra <strong>Roms &#8220;Fiumicino&#8221; lufthavn<\/strong>:<br \/>\n&#8211; med busserne &#8220;Terravision Shuttle&#8221; og &#8220;Schiaffini Travel Shuttle&#8221; kommer I til hovedbaneg\u00e5rden Termini. Herfra kan I tage en taxa eller busserne nr. 360 (Corso d&#8217;Italia &#8211; 5. stop) eller nr. 910 (Via Piemonte\/Boncompagni &#8211; 4. stop) og herefter g\u00e5 400 meter til fods for at komme til Via Marche;<br \/>\n&#8211; med det direkte tog &#8220;Leonardo Express&#8221; ankommer I p\u00e5 cirka 35 minutter til Termini stationen.  Herfra kan I tage en taxa eller busserne nr. 360 (Corso d&#8217;Italia &#8211; 5. stop) eller nr. 910 (Via Piemonte\/Boncompagni &#8211; 4. stop) og herefter g\u00e5 400 meter til fods for at komme til Via Marche, eller I kan tage undergrundsbanens linie A indtil Piazza Barberini og herfra op ad Via Veneto til fods eller med en af busserne.<br \/>\nFra&#8217;<strong>Roms &#8220;Ciampino&#8221; lufthavn<\/strong>:<br \/>\n&#8211; med en privat taxa;<br \/>\n&#8211; med busserne &#8220;Terravision Shuttle&#8221; og &#8220;Schiaffini Travel Shuttle&#8221; kommer I til hovedbaneg\u00e5rden Termini. Herfra kan I tage en taxa eller busserne nr. 360 (Corso d&#8217;Italia &#8211; 5. stop) eller nr. 910 (Via Piemonte\/Boncompagni &#8211; 4. stop) og herefter g\u00e5 400 meter til fods for at komme til Via Marche, eller I kan tage undergrundsbanens linie A indtil Piazza Barberini og herfra op ad Via Veneto til fods eller med en af de mange busser.<\/p>\n<p><strong>I bil<\/strong><br \/>\nFra motorvejen skal I tage Grande Raccordo Anulare og herefter afk\u00f8rslen Salaria. F\u00f8lg Salaria i retning mod centrum indtil I kommer til Villa Borghese. Herefter drejer i af Via Pinciana og fors\u00e6tter indtil I ankommer til Piazzale Brasile. Ved lyskrydset drejer I til venstre langs de Aurelianske Mure indtil I kommer til Porta Pinciana. Den f\u00f8rste tv\u00e6rvej til venstre er Via Marche, hvor hotellet ligger i nummer 84. I kan parkere jeres bil i et parkeringsanl\u00e6g med prisaftale i n\u00e6rheden af hotellet, der tilbyder afhentning og tilbagelevering.<\/p>\n<p><strong>Med tog<\/strong><br \/>\nFra Termini Hovedbaneg\u00e5rden kan I komme til Hotel Golden med taxa, eller I kan tage offentlige transportmidler. Bus nr. 360 stopper i Corso d&#8217;Italia (5. stop), mens bus nr. 910 stopper i krydset mellem Via Piemonte e Via Boncompagni. I begge tilf\u00e6lde skal I g\u00e5 cirka 400 meter til fods for at komme til Via Marche, hvor hotellet ligger i nummer 84.<br \/>\nEn anden mulighed er at tage undergrundsbanen (linie A, retning Battistini); st\u00e5 af efter 2 stop p\u00e5 Piazza Barberini, og g\u00e5 op af Via Veneto til fods eller tage en af de busser der stopper i n\u00e6rheden (nr. 116, 119, 95, 63, 80, 52, 53).<\/p>\n<\/div>\n<\/li>\n<\/ul>\n<p><\/div>\n<div id=\"colonna-sx\"><br \/>\n<img loading=\"lazy\" decoding=\"async\" class=\"aligncenter size-full wp-image-65\" alt=\"maria-teresa\" src=\"https:\/\/www.hotelgoldenrome.com\/wp-content\/uploads\/2013\/08\/giuseppe.jpg\" width=\"206\" height=\"206\" \/><\/p>\n<p class=\"nome\">Sp\u00f8rg<br \/><span>Giuseppe<\/span><\/p>\n<p>Et ophold p\u00e5 vores hetel betyder at have Rom lige for h\u00e5nden. Vi ligger t\u00e6t p\u00e5 via Veneto og p\u00e5 undergrundsbanens stoppested, men I kan sagtens ogs\u00e5 bare spadsere rundt!<\/p>\n<p><a href=\"https:\/\/www.hotelgoldenrome.com\/wp-content\/uploads\/2013\/08\/020.jpg\" class=\"thickbox\"><img loading=\"lazy\" decoding=\"async\" src=\"https:\/\/www.hotelgoldenrome.com\/wp-content\/uploads\/2013\/08\/020-206x206.jpg\" alt=\"020\" width=\"206\" height=\"206\" \/><\/a><\/p>\n<p><strong>Hotel Golden i Rom<\/strong>s beliggenhed g\u00f8r det muligt at n\u00e5 en lang r\u00e6kke interessante kultur og <strong>shopping<\/strong> steder som for eksempel <strong>Via del Corso<\/strong> og <strong>Piazza Navona<\/strong>. Med det effektive netv\u00e6rk af offentlige transportmidler kan I hengive jer til de talrige monumenter fra kejsertiden her iblandt <strong>Koluseum<\/strong>, de Kejserlige Fori og Domus Aurea.<\/p>\n<p>For at g\u00f8re jeres ophold endnu mere behageligt har vi lavet en aftale med et turistguidefirma, der organiserer <strong>byrundvisninger<\/strong> og <strong>ekskursioner i omegnen<\/strong>.<\/p>\n<p>Hvis du \u00f8nsker at f\u00f8le sig &#8220;hjemme&#8221; og samtidig befinde dig inden for f\u00e5 minutters gang fra ber\u00f8mte romerske steder, heriblandt <strong>Den Spanske Trappe<\/strong>, <strong>Trevi-font\u00e6nen<\/strong>, <strong>via Veneto<\/strong> og <strong>Villa Borghese<\/strong>, vil vi p\u00e5 Hotel Golden i <strong>Rom<\/strong> altid v\u00e6re til din r\u00e5dighed.<\/p>\n<p><\/div>\n<p>&nbsp;<\/p>\n","protected":false},"excerpt":{"rendered":"<p class=\"nome\">Sp\u00f8rg<br \/><span>Giuseppe<\/span><\/p>\n<p>Et ophold p\u00e5 vores hetel betyder at have Rom lige for h\u00e5nden. Vi ligger t\u00e6t p\u00e5 via Veneto og p\u00e5 undergrundsbanens stoppested, men I kan sagtens ogs\u00e5 bare spadsere rundt!<\/p>\n","protected":false},"author":17,"featured_media":2102,"parent":0,"menu_order":0,"comment_status":"open","ping_status":"open","template":"page-duecolonne.php","meta":{"ngg_post_thumbnail":0,"footnotes":""},"class_list":["post-377","page","type-page","status-publish","has-post-thumbnail","hentry"],"yoast_head":"<!-- This site is optimized with the Yoast SEO plugin v25.7 - https:\/\/yoast.com\/wordpress\/plugins\/seo\/ -->\n<title>Hotel n\u00e6r Villa Borghese | Hotel i Roms centrum<\/title>\n<meta name=\"description\" content=\"F\u00e5 skridt fra dette indbydende hotel i Rom ligger en af byens gr\u00f8nne lunger: Villa Borghese parken hvor romerne elskede at spadsere p\u00e5 helligdag.\" \/>\n<meta name=\"robots\" content=\"index, follow, max-snippet:-1, max-image-preview:large, max-video-preview:-1\" \/>\n<link rel=\"canonical\" href=\"https:\/\/www.hotelgoldenrome.com\/da\/beliggenhed\/\" \/>\n<meta property=\"og:locale\" content=\"da_DK\" \/>\n<meta property=\"og:type\" content=\"article\" \/>\n<meta property=\"og:title\" content=\"Hotel n\u00e6r Villa Borghese | Hotel i Roms centrum\" \/>\n<meta property=\"og:description\" content=\"F\u00e5 skridt fra dette indbydende hotel i Rom ligger en af byens gr\u00f8nne lunger: Villa Borghese parken hvor romerne elskede at spadsere p\u00e5 helligdag.\" \/>\n<meta property=\"og:url\" content=\"https:\/\/www.hotelgoldenrome.com\/da\/beliggenhed\/\" \/>\n<meta property=\"og:site_name\" content=\"Hotel Golden\" \/>\n<meta property=\"article:modified_time\" content=\"2016-08-10T07:19:31+00:00\" \/>\n<meta property=\"og:image\" content=\"https:\/\/www.hotelgoldenrome.com\/wp-content\/uploads\/2013\/08\/giuseppe.jpg\" \/>\n\t<meta property=\"og:image:width\" content=\"206\" \/>\n\t<meta property=\"og:image:height\" content=\"206\" \/>\n\t<meta property=\"og:image:type\" content=\"image\/jpeg\" \/>\n<meta name=\"twitter:label1\" content=\"Estimeret l\u00e6setid\" \/>\n\t<meta name=\"twitter:data1\" content=\"4 minutter\" \/>\n<script type=\"application\/ld+json\" class=\"yoast-schema-graph\">{\"@context\":\"https:\/\/schema.org\",\"@graph\":[{\"@type\":\"WebPage\",\"@id\":\"https:\/\/www.hotelgoldenrome.com\/da\/beliggenhed\/\",\"url\":\"https:\/\/www.hotelgoldenrome.com\/da\/beliggenhed\/\",\"name\":\"Hotel n\u00e6r Villa Borghese | Hotel i Roms centrum\",\"isPartOf\":{\"@id\":\"https:\/\/www.hotelgoldenrome.com\/da\/#website\"},\"primaryImageOfPage\":{\"@id\":\"https:\/\/www.hotelgoldenrome.com\/da\/beliggenhed\/#primaryimage\"},\"image\":{\"@id\":\"https:\/\/www.hotelgoldenrome.com\/da\/beliggenhed\/#primaryimage\"},\"thumbnailUrl\":\"https:\/\/www.hotelgoldenrome.com\/wp-content\/uploads\/2013\/08\/giuseppe.jpg\",\"datePublished\":\"2013-09-27T13:05:22+00:00\",\"dateModified\":\"2016-08-10T07:19:31+00:00\",\"description\":\"F\u00e5 skridt fra dette indbydende hotel i Rom ligger en af byens gr\u00f8nne lunger: Villa Borghese parken hvor romerne elskede at spadsere p\u00e5 helligdag.\",\"breadcrumb\":{\"@id\":\"https:\/\/www.hotelgoldenrome.com\/da\/beliggenhed\/#breadcrumb\"},\"inLanguage\":\"da-DK\",\"potentialAction\":[{\"@type\":\"ReadAction\",\"target\":[\"https:\/\/www.hotelgoldenrome.com\/da\/beliggenhed\/\"]}]},{\"@type\":\"ImageObject\",\"inLanguage\":\"da-DK\",\"@id\":\"https:\/\/www.hotelgoldenrome.com\/da\/beliggenhed\/#primaryimage\",\"url\":\"https:\/\/www.hotelgoldenrome.com\/wp-content\/uploads\/2013\/08\/giuseppe.jpg\",\"contentUrl\":\"https:\/\/www.hotelgoldenrome.com\/wp-content\/uploads\/2013\/08\/giuseppe.jpg\",\"width\":206,\"height\":206},{\"@type\":\"BreadcrumbList\",\"@id\":\"https:\/\/www.hotelgoldenrome.com\/da\/beliggenhed\/#breadcrumb\",\"itemListElement\":[{\"@type\":\"ListItem\",\"position\":1,\"name\":\"Home\",\"item\":\"https:\/\/www.hotelgoldenrome.com\/da\/\"},{\"@type\":\"ListItem\",\"position\":2,\"name\":\"Beliggenhed\"}]},{\"@type\":\"WebSite\",\"@id\":\"https:\/\/www.hotelgoldenrome.com\/da\/#website\",\"url\":\"https:\/\/www.hotelgoldenrome.com\/da\/\",\"name\":\"Hotel Golden\",\"description\":\"..your Family run hotel in Rome\",\"potentialAction\":[{\"@type\":\"SearchAction\",\"target\":{\"@type\":\"EntryPoint\",\"urlTemplate\":\"https:\/\/www.hotelgoldenrome.com\/da\/?s={search_term_string}\"},\"query-input\":{\"@type\":\"PropertyValueSpecification\",\"valueRequired\":true,\"valueName\":\"search_term_string\"}}],\"inLanguage\":\"da-DK\"}]}<\/script>\n<!-- \/ Yoast SEO plugin. -->","yoast_head_json":{"title":"Hotel n\u00e6r Villa Borghese | Hotel i Roms centrum","description":"F\u00e5 skridt fra dette indbydende hotel i Rom ligger en af byens gr\u00f8nne lunger: Villa Borghese parken hvor romerne elskede at spadsere p\u00e5 helligdag.","robots":{"index":"index","follow":"follow","max-snippet":"max-snippet:-1","max-image-preview":"max-image-preview:large","max-video-preview":"max-video-preview:-1"},"canonical":"https:\/\/www.hotelgoldenrome.com\/da\/beliggenhed\/","og_locale":"da_DK","og_type":"article","og_title":"Hotel n\u00e6r Villa Borghese | Hotel i Roms centrum","og_description":"F\u00e5 skridt fra dette indbydende hotel i Rom ligger en af byens gr\u00f8nne lunger: Villa Borghese parken hvor romerne elskede at spadsere p\u00e5 helligdag.","og_url":"https:\/\/www.hotelgoldenrome.com\/da\/beliggenhed\/","og_site_name":"Hotel Golden","article_modified_time":"2016-08-10T07:19:31+00:00","og_image":[{"width":206,"height":206,"url":"https:\/\/www.hotelgoldenrome.com\/wp-content\/uploads\/2013\/08\/giuseppe.jpg","type":"image\/jpeg"}],"twitter_misc":{"Estimeret l\u00e6setid":"4 minutter"},"schema":{"@context":"https:\/\/schema.org","@graph":[{"@type":"WebPage","@id":"https:\/\/www.hotelgoldenrome.com\/da\/beliggenhed\/","url":"https:\/\/www.hotelgoldenrome.com\/da\/beliggenhed\/","name":"Hotel n\u00e6r Villa Borghese | Hotel i Roms centrum","isPartOf":{"@id":"https:\/\/www.hotelgoldenrome.com\/da\/#website"},"primaryImageOfPage":{"@id":"https:\/\/www.hotelgoldenrome.com\/da\/beliggenhed\/#primaryimage"},"image":{"@id":"https:\/\/www.hotelgoldenrome.com\/da\/beliggenhed\/#primaryimage"},"thumbnailUrl":"https:\/\/www.hotelgoldenrome.com\/wp-content\/uploads\/2013\/08\/giuseppe.jpg","datePublished":"2013-09-27T13:05:22+00:00","dateModified":"2016-08-10T07:19:31+00:00","description":"F\u00e5 skridt fra dette indbydende hotel i Rom ligger en af byens gr\u00f8nne lunger: Villa Borghese parken hvor romerne elskede at spadsere p\u00e5 helligdag.","breadcrumb":{"@id":"https:\/\/www.hotelgoldenrome.com\/da\/beliggenhed\/#breadcrumb"},"inLanguage":"da-DK","potentialAction":[{"@type":"ReadAction","target":["https:\/\/www.hotelgoldenrome.com\/da\/beliggenhed\/"]}]},{"@type":"ImageObject","inLanguage":"da-DK","@id":"https:\/\/www.hotelgoldenrome.com\/da\/beliggenhed\/#primaryimage","url":"https:\/\/www.hotelgoldenrome.com\/wp-content\/uploads\/2013\/08\/giuseppe.jpg","contentUrl":"https:\/\/www.hotelgoldenrome.com\/wp-content\/uploads\/2013\/08\/giuseppe.jpg","width":206,"height":206},{"@type":"BreadcrumbList","@id":"https:\/\/www.hotelgoldenrome.com\/da\/beliggenhed\/#breadcrumb","itemListElement":[{"@type":"ListItem","position":1,"name":"Home","item":"https:\/\/www.hotelgoldenrome.com\/da\/"},{"@type":"ListItem","position":2,"name":"Beliggenhed"}]},{"@type":"WebSite","@id":"https:\/\/www.hotelgoldenrome.com\/da\/#website","url":"https:\/\/www.hotelgoldenrome.com\/da\/","name":"Hotel Golden","description":"..your Family run hotel in Rome","potentialAction":[{"@type":"SearchAction","target":{"@type":"EntryPoint","urlTemplate":"https:\/\/www.hotelgoldenrome.com\/da\/?s={search_term_string}"},"query-input":{"@type":"PropertyValueSpecification","valueRequired":true,"valueName":"search_term_string"}}],"inLanguage":"da-DK"}]}},"_links":{"self":[{"href":"https:\/\/www.hotelgoldenrome.com\/da\/wp-json\/wp\/v2\/pages\/377","targetHints":{"allow":["GET"]}}],"collection":[{"href":"https:\/\/www.hotelgoldenrome.com\/da\/wp-json\/wp\/v2\/pages"}],"about":[{"href":"https:\/\/www.hotelgoldenrome.com\/da\/wp-json\/wp\/v2\/types\/page"}],"author":[{"embeddable":true,"href":"https:\/\/www.hotelgoldenrome.com\/da\/wp-json\/wp\/v2\/users\/17"}],"replies":[{"embeddable":true,"href":"https:\/\/www.hotelgoldenrome.com\/da\/wp-json\/wp\/v2\/comments?post=377"}],"version-history":[{"count":12,"href":"https:\/\/www.hotelgoldenrome.com\/da\/wp-json\/wp\/v2\/pages\/377\/revisions"}],"predecessor-version":[{"id":2110,"href":"https:\/\/www.hotelgoldenrome.com\/da\/wp-json\/wp\/v2\/pages\/377\/revisions\/2110"}],"wp:featuredmedia":[{"embeddable":true,"href":"https:\/\/www.hotelgoldenrome.com\/da\/wp-json\/wp\/v2\/media\/2102"}],"wp:attachment":[{"href":"https:\/\/www.hotelgoldenrome.com\/da\/wp-json\/wp\/v2\/media?parent=377"}],"curies":[{"name":"wp","href":"https:\/\/api.w.org\/{rel}","templated":true}]}}