{"id":440,"date":"2013-09-30T08:46:41","date_gmt":"2013-09-30T08:46:41","guid":{"rendered":"https:\/\/www.hotelgoldenrome.com\/?page_id=440"},"modified":"2014-08-01T10:46:31","modified_gmt":"2014-08-01T10:46:31","slug":"beskrivelse","status":"publish","type":"page","link":"https:\/\/www.hotelgoldenrome.com\/da\/beskrivelse\/","title":{"rendered":"Beskrivelse"},"content":{"rendered":"<div id=\"colonna-dx\"><\/p>\n<h1>\u00d8konomisk hotel med velforsynet morgenmad og gratis wi-fi<\/h1>\n<p>Hotel Golden i Rom er et \u00f8konomisk hotel med gratis wi-fi, der er beliggende i byens historiske centrum t\u00e6t p\u00e5 den smukke park Villa Borghese. Det har til huse i en elegant bygning fra slutningen af 1800-tallet, der er restaureret for at bevare den originale bygning.  <\/p>\n<p>Rummene i pal\u00e6et er blevet designet til at sikre maksimal afslapning for g\u00e6sterne, takket v\u00e6re f\u00e6lles omr\u00e5der, der er m\u00f8bleret med m\u00f8bler i kirseb\u00e6rtr\u00e6 og kalkede v\u00e6gge i bl\u00f8de gule nuancer.  <\/p>\n<p>Hotel Golden er et hyggeligt r\u00f8gfrit hotel i Rom med en dygtig familiedreven administration, der altid har v\u00e6ret v\u00e6rdsat for sin venlighed og hj\u00e6lpsomhed. <\/p>\n<p>Hver detalje er udt\u00e6nkt for at g\u00f8re jeres ophold <strong>behageligt<\/strong> og <strong>underholdende<\/strong>, lige som atmosf\u00e6ren man ind\u00e5nder p\u00e5 vores hotel.  Hver morgen serverer vi <strong><a title=\"Hotel Golden Roma\" target=\"_blank\" href=\"https:\/\/www.hotelgoldenrome.com\/wp-content\/uploads\/2013\/08\/colazione.jpg\" class=\"thickbox\" rel=\"hotelgoldenrome\">morgenmad<\/a><\/strong> i den smukke verandasal, der oplyses af store vinduespartier,    vores g\u00e6ster kan starte dagen p\u00e5 bedste m\u00e5de med <strong>s\u00f8de sager og hjemmelavede boller<\/strong>, kornprodukter og flere forskellige typer yogurth, et stort udvalg af juicer og varme drikke samt andre salte retter som oste og p\u00e5l\u00e6g, frugtsalat. Mor tilbereder frisklavede omeletter (ogs\u00e5 p\u00e5 eftersp\u00f8rgsel), og s\u00e5 er der friskt br\u00f8d, ristet br\u00f8d, french toasts og dejlige pandekager&#8230; et rigt morgenmadsbord, ligesom hjemme hos dig selv.<\/p>\n<p>For at yde endnu en service til vores g\u00e6ster har vi lavet en <strong>aftale<\/strong> med nogle <strong>turistguider<\/strong>, der kan ledsage jer p\u00e5 opdagelse i Rom og i dens storsl\u00e5ede omegn.<\/p>\n<p><!-- index.php -->\n<div\n\tclass=\"ngg-galleryoverview ngg-ajax-pagination-none\"\n\tid=\"ngg-gallery-3e5f3620680cf1f0632dce7624b5559f-1\">\n\n    \t\t<!-- Thumbnails -->\n\t\t\t\t<div id=\"ngg-image-0\" class=\"ngg-gallery-thumbnail-box\" >\n\t\t\t\t        <div class=\"ngg-gallery-thumbnail\">\n            <a href=\"https:\/\/www.hotelgoldenrome.com\/wp-content\/galleries\/servizi\/002.jpg\"\n               title=\"\"\n               data-src=\"https:\/\/www.hotelgoldenrome.com\/wp-content\/galleries\/servizi\/002.jpg\"\n               data-thumbnail=\"https:\/\/www.hotelgoldenrome.com\/wp-content\/galleries\/servizi\/thumbs\/thumbs_002.jpg\"\n               data-image-id=\"92\"\n               data-title=\"002-jpg\"\n               data-description=\"\"\n               data-image-slug=\"002-jpg\"\n               class=\"ngg-fancybox\" rel=\"3e5f3620680cf1f0632dce7624b5559f\">\n                <img\n                    title=\"002-jpg\"\n                    alt=\"002-jpg\"\n                    src=\"https:\/\/www.hotelgoldenrome.com\/wp-content\/galleries\/servizi\/thumbs\/thumbs_002.jpg\"\n                    width=\"150\"\n                    height=\"150\"\n                    style=\"max-width:100%;\"\n                \/>\n            <\/a>\n        <\/div>\n\t\t\t\t\t\t\t<\/div> \n\t\t\t\n        \n\t\t\t\t<div id=\"ngg-image-1\" class=\"ngg-gallery-thumbnail-box\" >\n\t\t\t\t        <div class=\"ngg-gallery-thumbnail\">\n            <a href=\"https:\/\/www.hotelgoldenrome.com\/wp-content\/galleries\/servizi\/053.jpg\"\n               title=\"\"\n               data-src=\"https:\/\/www.hotelgoldenrome.com\/wp-content\/galleries\/servizi\/053.jpg\"\n               data-thumbnail=\"https:\/\/www.hotelgoldenrome.com\/wp-content\/galleries\/servizi\/thumbs\/thumbs_053.jpg\"\n               data-image-id=\"93\"\n               data-title=\"053-jpg\"\n               data-description=\"\"\n               data-image-slug=\"053-jpg\"\n               class=\"ngg-fancybox\" rel=\"3e5f3620680cf1f0632dce7624b5559f\">\n                <img\n                    title=\"053-jpg\"\n                    alt=\"053-jpg\"\n                    src=\"https:\/\/www.hotelgoldenrome.com\/wp-content\/galleries\/servizi\/thumbs\/thumbs_053.jpg\"\n                    width=\"150\"\n                    height=\"150\"\n                    style=\"max-width:100%;\"\n                \/>\n            <\/a>\n        <\/div>\n\t\t\t\t\t\t\t<\/div> \n\t\t\t\n        \n\t\t\t\t<div id=\"ngg-image-2\" class=\"ngg-gallery-thumbnail-box\" >\n\t\t\t\t        <div class=\"ngg-gallery-thumbnail\">\n            <a href=\"https:\/\/www.hotelgoldenrome.com\/wp-content\/galleries\/servizi\/066.jpg\"\n               title=\"\"\n               data-src=\"https:\/\/www.hotelgoldenrome.com\/wp-content\/galleries\/servizi\/066.jpg\"\n               data-thumbnail=\"https:\/\/www.hotelgoldenrome.com\/wp-content\/galleries\/servizi\/thumbs\/thumbs_066.jpg\"\n               data-image-id=\"94\"\n               data-title=\"066-jpg\"\n               data-description=\"\"\n               data-image-slug=\"066-jpg\"\n               class=\"ngg-fancybox\" rel=\"3e5f3620680cf1f0632dce7624b5559f\">\n                <img\n                    title=\"066-jpg\"\n                    alt=\"066-jpg\"\n                    src=\"https:\/\/www.hotelgoldenrome.com\/wp-content\/galleries\/servizi\/thumbs\/thumbs_066.jpg\"\n                    width=\"150\"\n                    height=\"150\"\n                    style=\"max-width:100%;\"\n                \/>\n            <\/a>\n        <\/div>\n\t\t\t\t\t\t\t<\/div> \n\t\t\t\n        \n\t\t\t\t<div id=\"ngg-image-3\" class=\"ngg-gallery-thumbnail-box\" >\n\t\t\t\t        <div class=\"ngg-gallery-thumbnail\">\n            <a href=\"https:\/\/www.hotelgoldenrome.com\/wp-content\/galleries\/servizi\/g12_b.jpg\"\n               title=\"\"\n               data-src=\"https:\/\/www.hotelgoldenrome.com\/wp-content\/galleries\/servizi\/g12_b.jpg\"\n               data-thumbnail=\"https:\/\/www.hotelgoldenrome.com\/wp-content\/galleries\/servizi\/thumbs\/thumbs_g12_b.jpg\"\n               data-image-id=\"51\"\n               data-title=\"g12_b-jpg\"\n               data-description=\"\"\n               data-image-slug=\"g12_b-jpg-1\"\n               class=\"ngg-fancybox\" rel=\"3e5f3620680cf1f0632dce7624b5559f\">\n                <img\n                    title=\"g12_b-jpg\"\n                    alt=\"g12_b-jpg\"\n                    src=\"https:\/\/www.hotelgoldenrome.com\/wp-content\/galleries\/servizi\/thumbs\/thumbs_g12_b.jpg\"\n                    width=\"150\"\n                    height=\"150\"\n                    style=\"max-width:100%;\"\n                \/>\n            <\/a>\n        <\/div>\n\t\t\t\t\t\t\t<\/div> \n\t\t\t\n        \n\t\t\n\t\t<!-- Pagination -->\n\t<div class='ngg-clear'><\/div>\t<\/div>\n<\/p>\n<h2>Servicer<\/h2>\n<p>Blandt de mange <strong>servicer<\/strong> som vi stiller til r\u00e5dighed for vores g\u00e6ster, henleder vi opm\u00e6rksomheden p\u00e5:<\/p>\n<ul>\n<li>&#8211; pick up der skal foresp\u00f8rges n\u00e5r v\u00e6relset reserveres\n<li>\n<li>&#8211; parkeringsanl\u00e6g med prisaftale t\u00e6t p\u00e5 hotellet og som udf\u00f8rer afhentning og tilbagelevering<\/li>\n<li>&#8211; internet point<\/li>\n<li>&#8211; wi-fi adgang i hele hotellet<\/li>\n<li> &#8211; room service<\/li>\n<li>&#8211; Tv med pay-per-view \/ Sky<\/li>\n<li>&#8211; avistjeneste<\/li>\n<li>&#8211; bagageopbevaring<\/li>\n<li>&#8211; tidlig check-in<\/li>\n<li>&#8211; elevator<\/li>\n<li>&#8211; m\u00f8ntvaskeri<\/li>\n<\/ul>\n<p>Ved jeres ankomst giver vi jer et <strong>detaljeret kort<\/strong>, der viser hotellets og de vigtigste sev\u00e6rdigheders beliggenhed, mens I i vores <strong>d\u00f8gn\u00e5bne reception<\/strong> finder et nyttigt <strong>info point<\/strong> med mulighed for at reservere indgang til hvilken som helst udstilling i byen.  Vi st\u00e5r til jeres r\u00e5dighed med forslag til de bedste &#8220;pr\u00f8vede&#8221; restauranter og trattorier, hvor man kan smage det traditionelle romanske k\u00f8kken.<\/p>\n<p><\/div>\n<div id=\"colonna-sx\"><br \/>\n<img loading=\"lazy\" decoding=\"async\" src=\"https:\/\/www.hotelgoldenrome.com\/wp-content\/uploads\/2013\/08\/alina.jpg\" alt=\"alina\" width=\"206\" height=\"206\" class=\"alignnone size-full wp-image-167\" \/><\/p>\n<p class=\"nome\">Sp\u00f8rg<br \/><span>Alina<\/span><\/p>\n<p>Vi ligger f\u00e5 skridt fra Villa Borghese, i et smukt palads fra slutningen af det 18.\u00e5rhundrede, med varme og indbydende atmosf\u00e6rer. Vores hjemmelavede morgenmad er simpelthen enest\u00e5ende! <\/p>\n<div class=\"box\">\n<p>Ophold fri for kabler og passiv rygning! P\u00e5 Hotel Golden i Rom, er der, i det <strong>r\u00f8gfrie<\/strong> milj\u00f8, <strong>Wi-fi<\/strong>: Denne internetforbindelse er en <strong>gratis<\/strong> service, som vores <strong>hotel <\/strong>stiller til r\u00e5dighed i sine komfortable og hyggelige v\u00e6relser og i f\u00e6llesarealerne for<strong> ikke-rygere <\/strong>i<strong> centrum <\/strong>af<strong> Rom<\/strong>.<\/p>\n<\/div>\n<p><\/div>\n<p>&nbsp;<\/p>\n","protected":false},"excerpt":{"rendered":"<p>&nbsp;<\/p>\n","protected":false},"author":17,"featured_media":0,"parent":0,"menu_order":0,"comment_status":"open","ping_status":"open","template":"page-duecolonne.php","meta":{"ngg_post_thumbnail":0,"footnotes":""},"class_list":["post-440","page","type-page","status-publish","hentry"],"yoast_head":"<!-- This site is optimized with the Yoast SEO plugin v25.7 - https:\/\/yoast.com\/wordpress\/plugins\/seo\/ -->\n<title>Billige Hotel i centrum af Rom | Ikke ryger Hotel Rom<\/title>\n<meta name=\"description\" content=\"Hotel Golden, ud over overkommelig logi og gratis Wi-fi, kan prale med en rig morgenmad, som &quot;mamma Teresa&quot; tilbereder umiddelbart hver morgen, altid med friske produkter.\" \/>\n<meta name=\"robots\" content=\"index, follow, max-snippet:-1, max-image-preview:large, max-video-preview:-1\" \/>\n<link rel=\"canonical\" href=\"https:\/\/www.hotelgoldenrome.com\/da\/beskrivelse\/\" \/>\n<meta property=\"og:locale\" content=\"da_DK\" \/>\n<meta property=\"og:type\" content=\"article\" \/>\n<meta property=\"og:title\" content=\"Billige Hotel i centrum af Rom | Ikke ryger Hotel Rom\" \/>\n<meta property=\"og:description\" content=\"Hotel Golden, ud over overkommelig logi og gratis Wi-fi, kan prale med en rig morgenmad, som &quot;mamma Teresa&quot; tilbereder umiddelbart hver morgen, altid med friske produkter.\" \/>\n<meta property=\"og:url\" content=\"https:\/\/www.hotelgoldenrome.com\/da\/beskrivelse\/\" \/>\n<meta property=\"og:site_name\" content=\"Hotel Golden\" \/>\n<meta property=\"article:modified_time\" content=\"2014-08-01T10:46:31+00:00\" \/>\n<meta property=\"og:image\" content=\"https:\/\/www.hotelgoldenrome.com\/wp-content\/uploads\/2013\/08\/alina.jpg\" \/>\n<meta name=\"twitter:label1\" content=\"Estimeret l\u00e6setid\" \/>\n\t<meta name=\"twitter:data1\" content=\"3 minutter\" \/>\n<script type=\"application\/ld+json\" class=\"yoast-schema-graph\">{\"@context\":\"https:\/\/schema.org\",\"@graph\":[{\"@type\":\"WebPage\",\"@id\":\"https:\/\/www.hotelgoldenrome.com\/da\/beskrivelse\/\",\"url\":\"https:\/\/www.hotelgoldenrome.com\/da\/beskrivelse\/\",\"name\":\"Billige Hotel i centrum af Rom | Ikke ryger Hotel Rom\",\"isPartOf\":{\"@id\":\"https:\/\/www.hotelgoldenrome.com\/da\/#website\"},\"primaryImageOfPage\":{\"@id\":\"https:\/\/www.hotelgoldenrome.com\/da\/beskrivelse\/#primaryimage\"},\"image\":{\"@id\":\"https:\/\/www.hotelgoldenrome.com\/da\/beskrivelse\/#primaryimage\"},\"thumbnailUrl\":\"https:\/\/www.hotelgoldenrome.com\/wp-content\/uploads\/2013\/08\/alina.jpg\",\"datePublished\":\"2013-09-30T08:46:41+00:00\",\"dateModified\":\"2014-08-01T10:46:31+00:00\",\"description\":\"Hotel Golden, ud over overkommelig logi og gratis Wi-fi, kan prale med en rig morgenmad, som \\\"mamma Teresa\\\" tilbereder umiddelbart hver morgen, altid med friske produkter.\",\"breadcrumb\":{\"@id\":\"https:\/\/www.hotelgoldenrome.com\/da\/beskrivelse\/#breadcrumb\"},\"inLanguage\":\"da-DK\",\"potentialAction\":[{\"@type\":\"ReadAction\",\"target\":[\"https:\/\/www.hotelgoldenrome.com\/da\/beskrivelse\/\"]}]},{\"@type\":\"ImageObject\",\"inLanguage\":\"da-DK\",\"@id\":\"https:\/\/www.hotelgoldenrome.com\/da\/beskrivelse\/#primaryimage\",\"url\":\"https:\/\/www.hotelgoldenrome.com\/wp-content\/uploads\/2013\/08\/alina.jpg\",\"contentUrl\":\"https:\/\/www.hotelgoldenrome.com\/wp-content\/uploads\/2013\/08\/alina.jpg\"},{\"@type\":\"BreadcrumbList\",\"@id\":\"https:\/\/www.hotelgoldenrome.com\/da\/beskrivelse\/#breadcrumb\",\"itemListElement\":[{\"@type\":\"ListItem\",\"position\":1,\"name\":\"Home\",\"item\":\"https:\/\/www.hotelgoldenrome.com\/da\/\"},{\"@type\":\"ListItem\",\"position\":2,\"name\":\"Beskrivelse\"}]},{\"@type\":\"WebSite\",\"@id\":\"https:\/\/www.hotelgoldenrome.com\/da\/#website\",\"url\":\"https:\/\/www.hotelgoldenrome.com\/da\/\",\"name\":\"Hotel Golden\",\"description\":\"..your Family run hotel in Rome\",\"potentialAction\":[{\"@type\":\"SearchAction\",\"target\":{\"@type\":\"EntryPoint\",\"urlTemplate\":\"https:\/\/www.hotelgoldenrome.com\/da\/?s={search_term_string}\"},\"query-input\":{\"@type\":\"PropertyValueSpecification\",\"valueRequired\":true,\"valueName\":\"search_term_string\"}}],\"inLanguage\":\"da-DK\"}]}<\/script>\n<!-- \/ Yoast SEO plugin. -->","yoast_head_json":{"title":"Billige Hotel i centrum af Rom | Ikke ryger Hotel Rom","description":"Hotel Golden, ud over overkommelig logi og gratis Wi-fi, kan prale med en rig morgenmad, som \"mamma Teresa\" tilbereder umiddelbart hver morgen, altid med friske produkter.","robots":{"index":"index","follow":"follow","max-snippet":"max-snippet:-1","max-image-preview":"max-image-preview:large","max-video-preview":"max-video-preview:-1"},"canonical":"https:\/\/www.hotelgoldenrome.com\/da\/beskrivelse\/","og_locale":"da_DK","og_type":"article","og_title":"Billige Hotel i centrum af Rom | Ikke ryger Hotel Rom","og_description":"Hotel Golden, ud over overkommelig logi og gratis Wi-fi, kan prale med en rig morgenmad, som \"mamma Teresa\" tilbereder umiddelbart hver morgen, altid med friske produkter.","og_url":"https:\/\/www.hotelgoldenrome.com\/da\/beskrivelse\/","og_site_name":"Hotel Golden","article_modified_time":"2014-08-01T10:46:31+00:00","og_image":[{"url":"https:\/\/www.hotelgoldenrome.com\/wp-content\/uploads\/2013\/08\/alina.jpg","type":"","width":"","height":""}],"twitter_misc":{"Estimeret l\u00e6setid":"3 minutter"},"schema":{"@context":"https:\/\/schema.org","@graph":[{"@type":"WebPage","@id":"https:\/\/www.hotelgoldenrome.com\/da\/beskrivelse\/","url":"https:\/\/www.hotelgoldenrome.com\/da\/beskrivelse\/","name":"Billige Hotel i centrum af Rom | Ikke ryger Hotel Rom","isPartOf":{"@id":"https:\/\/www.hotelgoldenrome.com\/da\/#website"},"primaryImageOfPage":{"@id":"https:\/\/www.hotelgoldenrome.com\/da\/beskrivelse\/#primaryimage"},"image":{"@id":"https:\/\/www.hotelgoldenrome.com\/da\/beskrivelse\/#primaryimage"},"thumbnailUrl":"https:\/\/www.hotelgoldenrome.com\/wp-content\/uploads\/2013\/08\/alina.jpg","datePublished":"2013-09-30T08:46:41+00:00","dateModified":"2014-08-01T10:46:31+00:00","description":"Hotel Golden, ud over overkommelig logi og gratis Wi-fi, kan prale med en rig morgenmad, som \"mamma Teresa\" tilbereder umiddelbart hver morgen, altid med friske produkter.","breadcrumb":{"@id":"https:\/\/www.hotelgoldenrome.com\/da\/beskrivelse\/#breadcrumb"},"inLanguage":"da-DK","potentialAction":[{"@type":"ReadAction","target":["https:\/\/www.hotelgoldenrome.com\/da\/beskrivelse\/"]}]},{"@type":"ImageObject","inLanguage":"da-DK","@id":"https:\/\/www.hotelgoldenrome.com\/da\/beskrivelse\/#primaryimage","url":"https:\/\/www.hotelgoldenrome.com\/wp-content\/uploads\/2013\/08\/alina.jpg","contentUrl":"https:\/\/www.hotelgoldenrome.com\/wp-content\/uploads\/2013\/08\/alina.jpg"},{"@type":"BreadcrumbList","@id":"https:\/\/www.hotelgoldenrome.com\/da\/beskrivelse\/#breadcrumb","itemListElement":[{"@type":"ListItem","position":1,"name":"Home","item":"https:\/\/www.hotelgoldenrome.com\/da\/"},{"@type":"ListItem","position":2,"name":"Beskrivelse"}]},{"@type":"WebSite","@id":"https:\/\/www.hotelgoldenrome.com\/da\/#website","url":"https:\/\/www.hotelgoldenrome.com\/da\/","name":"Hotel Golden","description":"..your Family run hotel in Rome","potentialAction":[{"@type":"SearchAction","target":{"@type":"EntryPoint","urlTemplate":"https:\/\/www.hotelgoldenrome.com\/da\/?s={search_term_string}"},"query-input":{"@type":"PropertyValueSpecification","valueRequired":true,"valueName":"search_term_string"}}],"inLanguage":"da-DK"}]}},"_links":{"self":[{"href":"https:\/\/www.hotelgoldenrome.com\/da\/wp-json\/wp\/v2\/pages\/440","targetHints":{"allow":["GET"]}}],"collection":[{"href":"https:\/\/www.hotelgoldenrome.com\/da\/wp-json\/wp\/v2\/pages"}],"about":[{"href":"https:\/\/www.hotelgoldenrome.com\/da\/wp-json\/wp\/v2\/types\/page"}],"author":[{"embeddable":true,"href":"https:\/\/www.hotelgoldenrome.com\/da\/wp-json\/wp\/v2\/users\/17"}],"replies":[{"embeddable":true,"href":"https:\/\/www.hotelgoldenrome.com\/da\/wp-json\/wp\/v2\/comments?post=440"}],"version-history":[{"count":4,"href":"https:\/\/www.hotelgoldenrome.com\/da\/wp-json\/wp\/v2\/pages\/440\/revisions"}],"predecessor-version":[{"id":1982,"href":"https:\/\/www.hotelgoldenrome.com\/da\/wp-json\/wp\/v2\/pages\/440\/revisions\/1982"}],"wp:attachment":[{"href":"https:\/\/www.hotelgoldenrome.com\/da\/wp-json\/wp\/v2\/media?parent=440"}],"curies":[{"name":"wp","href":"https:\/\/api.w.org\/{rel}","templated":true}]}}