{"id":463,"date":"2013-09-30T10:07:07","date_gmt":"2013-09-30T10:07:07","guid":{"rendered":"https:\/\/www.hotelgoldenrome.com\/?page_id=463"},"modified":"2014-08-01T08:42:41","modified_gmt":"2014-08-01T08:42:41","slug":"family-hotel-suites-da","status":"publish","type":"page","link":"https:\/\/www.hotelgoldenrome.com\/da\/family-hotel-suites-da\/","title":{"rendered":"Family Hotel Suites"},"content":{"rendered":"<div id=\"colonna-dx\"><\/p>\n<h1>Familiehotel n\u00e6r Trevi-font\u00e6nen<\/h1>\n<p>Udover komfortable familiev\u00e6relser r\u00e5der Golden Hotel over rummelige familiesuiter i Roms centrum, som er perfekte til en eksklusiv ferie med din familie i v\u00e6relser med to sovev\u00e6relser, en lille stue og en lille privat morgenmadsstue. <\/p>\n<p>Familiev\u00e6relserne i Hotel Golden i Rom er karakteriseret ved de h\u00f8je lofter og de store vinduer, der giver lys og luft til alle deres 90 m\u00b2. V\u00e6relserne er plejet i de mindste detaljer, udstyret med alle bekvemmeligheder og med bl\u00f8de king size-senge.<\/p>\n<p><!-- index.php -->\n<div\n\tclass=\"ngg-galleryoverview ngg-ajax-pagination-none\"\n\tid=\"ngg-gallery-92749ae657377e0021ca8b122b34a9a3-1\">\n\n    \t\t<!-- Thumbnails -->\n\t\t\t\t<div id=\"ngg-image-0\" class=\"ngg-gallery-thumbnail-box\" >\n\t\t\t\t        <div class=\"ngg-gallery-thumbnail\">\n            <a href=\"https:\/\/www.hotelgoldenrome.com\/wp-content\/galleries\/suitefamily\/004.jpg\"\n               title=\"\"\n               data-src=\"https:\/\/www.hotelgoldenrome.com\/wp-content\/galleries\/suitefamily\/004.jpg\"\n               data-thumbnail=\"https:\/\/www.hotelgoldenrome.com\/wp-content\/galleries\/suitefamily\/thumbs\/thumbs_004.jpg\"\n               data-image-id=\"103\"\n               data-title=\"004-jpg\"\n               data-description=\"\"\n               data-image-slug=\"004-jpg\"\n               class=\"ngg-fancybox\" rel=\"92749ae657377e0021ca8b122b34a9a3\">\n                <img\n                    title=\"004-jpg\"\n                    alt=\"004-jpg\"\n                    src=\"https:\/\/www.hotelgoldenrome.com\/wp-content\/galleries\/suitefamily\/thumbs\/thumbs_004.jpg\"\n                    width=\"150\"\n                    height=\"150\"\n                    style=\"max-width:100%;\"\n                \/>\n            <\/a>\n        <\/div>\n\t\t\t\t\t\t\t<\/div> \n\t\t\t\n        \n\t\t\t\t<div id=\"ngg-image-1\" class=\"ngg-gallery-thumbnail-box\" >\n\t\t\t\t        <div class=\"ngg-gallery-thumbnail\">\n            <a href=\"https:\/\/www.hotelgoldenrome.com\/wp-content\/galleries\/suitefamily\/005.jpg\"\n               title=\"\"\n               data-src=\"https:\/\/www.hotelgoldenrome.com\/wp-content\/galleries\/suitefamily\/005.jpg\"\n               data-thumbnail=\"https:\/\/www.hotelgoldenrome.com\/wp-content\/galleries\/suitefamily\/thumbs\/thumbs_005.jpg\"\n               data-image-id=\"104\"\n               data-title=\"005-jpg\"\n               data-description=\"\"\n               data-image-slug=\"005-jpg\"\n               class=\"ngg-fancybox\" rel=\"92749ae657377e0021ca8b122b34a9a3\">\n                <img\n                    title=\"005-jpg\"\n                    alt=\"005-jpg\"\n                    src=\"https:\/\/www.hotelgoldenrome.com\/wp-content\/galleries\/suitefamily\/thumbs\/thumbs_005.jpg\"\n                    width=\"150\"\n                    height=\"150\"\n                    style=\"max-width:100%;\"\n                \/>\n            <\/a>\n        <\/div>\n\t\t\t\t\t\t\t<\/div> \n\t\t\t\n        \n\t\t\t\t<div id=\"ngg-image-2\" class=\"ngg-gallery-thumbnail-box\" >\n\t\t\t\t        <div class=\"ngg-gallery-thumbnail\">\n            <a href=\"https:\/\/www.hotelgoldenrome.com\/wp-content\/galleries\/suitefamily\/013.jpg\"\n               title=\"\"\n               data-src=\"https:\/\/www.hotelgoldenrome.com\/wp-content\/galleries\/suitefamily\/013.jpg\"\n               data-thumbnail=\"https:\/\/www.hotelgoldenrome.com\/wp-content\/galleries\/suitefamily\/thumbs\/thumbs_013.jpg\"\n               data-image-id=\"105\"\n               data-title=\"013-jpg\"\n               data-description=\"\"\n               data-image-slug=\"013-jpg\"\n               class=\"ngg-fancybox\" rel=\"92749ae657377e0021ca8b122b34a9a3\">\n                <img\n                    title=\"013-jpg\"\n                    alt=\"013-jpg\"\n                    src=\"https:\/\/www.hotelgoldenrome.com\/wp-content\/galleries\/suitefamily\/thumbs\/thumbs_013.jpg\"\n                    width=\"150\"\n                    height=\"150\"\n                    style=\"max-width:100%;\"\n                \/>\n            <\/a>\n        <\/div>\n\t\t\t\t\t\t\t<\/div> \n\t\t\t\n        \n\t\t\t\t<div id=\"ngg-image-3\" class=\"ngg-gallery-thumbnail-box\" >\n\t\t\t\t        <div class=\"ngg-gallery-thumbnail\">\n            <a href=\"https:\/\/www.hotelgoldenrome.com\/wp-content\/galleries\/suitefamily\/016.jpg\"\n               title=\"\"\n               data-src=\"https:\/\/www.hotelgoldenrome.com\/wp-content\/galleries\/suitefamily\/016.jpg\"\n               data-thumbnail=\"https:\/\/www.hotelgoldenrome.com\/wp-content\/galleries\/suitefamily\/thumbs\/thumbs_016.jpg\"\n               data-image-id=\"106\"\n               data-title=\"016-jpg\"\n               data-description=\"\"\n               data-image-slug=\"016-jpg\"\n               class=\"ngg-fancybox\" rel=\"92749ae657377e0021ca8b122b34a9a3\">\n                <img\n                    title=\"016-jpg\"\n                    alt=\"016-jpg\"\n                    src=\"https:\/\/www.hotelgoldenrome.com\/wp-content\/galleries\/suitefamily\/thumbs\/thumbs_016.jpg\"\n                    width=\"150\"\n                    height=\"150\"\n                    style=\"max-width:100%;\"\n                \/>\n            <\/a>\n        <\/div>\n\t\t\t\t\t\t\t<\/div> \n\t\t\t\n        \n\t\t\t\t<div id=\"ngg-image-4\" class=\"ngg-gallery-thumbnail-box\" >\n\t\t\t\t        <div class=\"ngg-gallery-thumbnail\">\n            <a href=\"https:\/\/www.hotelgoldenrome.com\/wp-content\/galleries\/suitefamily\/017.jpg\"\n               title=\"\"\n               data-src=\"https:\/\/www.hotelgoldenrome.com\/wp-content\/galleries\/suitefamily\/017.jpg\"\n               data-thumbnail=\"https:\/\/www.hotelgoldenrome.com\/wp-content\/galleries\/suitefamily\/thumbs\/thumbs_017.jpg\"\n               data-image-id=\"107\"\n               data-title=\"017-jpg\"\n               data-description=\"\"\n               data-image-slug=\"017-jpg\"\n               class=\"ngg-fancybox\" rel=\"92749ae657377e0021ca8b122b34a9a3\">\n                <img\n                    title=\"017-jpg\"\n                    alt=\"017-jpg\"\n                    src=\"https:\/\/www.hotelgoldenrome.com\/wp-content\/galleries\/suitefamily\/thumbs\/thumbs_017.jpg\"\n                    width=\"150\"\n                    height=\"150\"\n                    style=\"max-width:100%;\"\n                \/>\n            <\/a>\n        <\/div>\n\t\t\t\t\t\t\t<\/div> \n\t\t\t\n        \n\t\t\t\t<div id=\"ngg-image-5\" class=\"ngg-gallery-thumbnail-box\" >\n\t\t\t\t        <div class=\"ngg-gallery-thumbnail\">\n            <a href=\"https:\/\/www.hotelgoldenrome.com\/wp-content\/galleries\/suitefamily\/091.jpg\"\n               title=\"\"\n               data-src=\"https:\/\/www.hotelgoldenrome.com\/wp-content\/galleries\/suitefamily\/091.jpg\"\n               data-thumbnail=\"https:\/\/www.hotelgoldenrome.com\/wp-content\/galleries\/suitefamily\/thumbs\/thumbs_091.jpg\"\n               data-image-id=\"110\"\n               data-title=\"091-jpg\"\n               data-description=\"\"\n               data-image-slug=\"091-jpg\"\n               class=\"ngg-fancybox\" rel=\"92749ae657377e0021ca8b122b34a9a3\">\n                <img\n                    title=\"091-jpg\"\n                    alt=\"091-jpg\"\n                    src=\"https:\/\/www.hotelgoldenrome.com\/wp-content\/galleries\/suitefamily\/thumbs\/thumbs_091.jpg\"\n                    width=\"150\"\n                    height=\"150\"\n                    style=\"max-width:100%;\"\n                \/>\n            <\/a>\n        <\/div>\n\t\t\t\t\t\t\t<\/div> \n\t\t\t\n        \n\t\t\t\t<div id=\"ngg-image-6\" class=\"ngg-gallery-thumbnail-box\" >\n\t\t\t\t        <div class=\"ngg-gallery-thumbnail\">\n            <a href=\"https:\/\/www.hotelgoldenrome.com\/wp-content\/galleries\/suitefamily\/084.jpg\"\n               title=\"\"\n               data-src=\"https:\/\/www.hotelgoldenrome.com\/wp-content\/galleries\/suitefamily\/084.jpg\"\n               data-thumbnail=\"https:\/\/www.hotelgoldenrome.com\/wp-content\/galleries\/suitefamily\/thumbs\/thumbs_084.jpg\"\n               data-image-id=\"108\"\n               data-title=\"084-jpg\"\n               data-description=\"\"\n               data-image-slug=\"084-jpg\"\n               class=\"ngg-fancybox\" rel=\"92749ae657377e0021ca8b122b34a9a3\">\n                <img\n                    title=\"084-jpg\"\n                    alt=\"084-jpg\"\n                    src=\"https:\/\/www.hotelgoldenrome.com\/wp-content\/galleries\/suitefamily\/thumbs\/thumbs_084.jpg\"\n                    width=\"150\"\n                    height=\"150\"\n                    style=\"max-width:100%;\"\n                \/>\n            <\/a>\n        <\/div>\n\t\t\t\t\t\t\t<\/div> \n\t\t\t\n        \n\t\t\t\t<div id=\"ngg-image-7\" class=\"ngg-gallery-thumbnail-box\" >\n\t\t\t\t        <div class=\"ngg-gallery-thumbnail\">\n            <a href=\"https:\/\/www.hotelgoldenrome.com\/wp-content\/galleries\/suitefamily\/089.jpg\"\n               title=\"\"\n               data-src=\"https:\/\/www.hotelgoldenrome.com\/wp-content\/galleries\/suitefamily\/089.jpg\"\n               data-thumbnail=\"https:\/\/www.hotelgoldenrome.com\/wp-content\/galleries\/suitefamily\/thumbs\/thumbs_089.jpg\"\n               data-image-id=\"109\"\n               data-title=\"089-jpg\"\n               data-description=\"\"\n               data-image-slug=\"089-jpg\"\n               class=\"ngg-fancybox\" rel=\"92749ae657377e0021ca8b122b34a9a3\">\n                <img\n                    title=\"089-jpg\"\n                    alt=\"089-jpg\"\n                    src=\"https:\/\/www.hotelgoldenrome.com\/wp-content\/galleries\/suitefamily\/thumbs\/thumbs_089.jpg\"\n                    width=\"150\"\n                    height=\"150\"\n                    style=\"max-width:100%;\"\n                \/>\n            <\/a>\n        <\/div>\n\t\t\t\t\t\t\t<\/div> \n\t\t\t\n        \n\t\t\n\t\t<!-- Pagination -->\n\t<div class='ngg-clear'><\/div>\t<\/div>\n<\/p>\n<p><strong>Komfort  <\/strong>aircondition | wi-fi | fladsk\u00e6rms-tv | Sky-programmer | king size senge (200&#215;200) | sovesofa | l\u00e6nestole | bord | lille stue | morgenmadsstue | l\u00e6sestue | skrivebord med bordplade | minibar | kuffertrum | garderobe<\/p>\n<p><\/div>\n<div id=\"colonna-sx\"> <img loading=\"lazy\" decoding=\"async\" class=\"aligncenter size-full wp-image-65\" alt=\"maria-teresa\" src=\"https:\/\/www.hotelgoldenrome.com\/wp-content\/uploads\/2013\/08\/maria-teresa.jpg\" width=\"206\" height=\"206\" srcset=\"https:\/\/www.hotelgoldenrome.com\/wp-content\/uploads\/2013\/08\/maria-teresa.jpg 206w, https:\/\/www.hotelgoldenrome.com\/wp-content\/uploads\/2013\/08\/maria-teresa-150x150.jpg 150w\" sizes=\"auto, (max-width: 206px) 100vw, 206px\" \/><\/p>\n<p class=\"nome\">Sp\u00f8rg<br \/><span>Maria Teresa<\/span><\/p>\n<p>For\u00e6ldre og b\u00f8rn sover i forskellige v\u00e6relser i vores rummelige Family Suiter, hyggelige og med al komfort.  Til morgenmad m\u00f8des hele familien i en privat morgenmadsstue!<\/p>\n<p><\/div>\n<p>&nbsp;<\/p>\n","protected":false},"excerpt":{"rendered":"<p>&nbsp;<\/p>\n","protected":false},"author":17,"featured_media":0,"parent":0,"menu_order":0,"comment_status":"open","ping_status":"open","template":"page-duecolonne.php","meta":{"ngg_post_thumbnail":0,"footnotes":""},"class_list":["post-463","page","type-page","status-publish","hentry"],"yoast_head":"<!-- This site is optimized with the Yoast SEO plugin v25.7 - https:\/\/yoast.com\/wordpress\/plugins\/seo\/ -->\n<title>Family Hotel Suites | Hotel Golden<\/title>\n<meta name=\"description\" content=\"Family Suite Hotel Golden: Familiedrevne hotel direkte p\u00e5 Villa Borghese i Rom.\" \/>\n<meta name=\"robots\" content=\"index, follow, max-snippet:-1, max-image-preview:large, max-video-preview:-1\" \/>\n<link rel=\"canonical\" href=\"https:\/\/www.hotelgoldenrome.com\/da\/family-hotel-suites-da\/\" \/>\n<meta property=\"og:locale\" content=\"da_DK\" \/>\n<meta property=\"og:type\" content=\"article\" \/>\n<meta property=\"og:title\" content=\"Family Hotel Suites | Hotel Golden\" \/>\n<meta property=\"og:description\" content=\"Family Suite Hotel Golden: Familiedrevne hotel direkte p\u00e5 Villa Borghese i Rom.\" \/>\n<meta property=\"og:url\" content=\"https:\/\/www.hotelgoldenrome.com\/da\/family-hotel-suites-da\/\" \/>\n<meta property=\"og:site_name\" content=\"Hotel Golden\" \/>\n<meta property=\"article:modified_time\" content=\"2014-08-01T08:42:41+00:00\" \/>\n<meta property=\"og:image\" content=\"https:\/\/www.hotelgoldenrome.com\/wp-content\/uploads\/2013\/08\/maria-teresa.jpg\" \/>\n<meta name=\"twitter:label1\" content=\"Estimeret l\u00e6setid\" \/>\n\t<meta name=\"twitter:data1\" content=\"1 minut\" \/>\n<script type=\"application\/ld+json\" class=\"yoast-schema-graph\">{\"@context\":\"https:\/\/schema.org\",\"@graph\":[{\"@type\":\"WebPage\",\"@id\":\"https:\/\/www.hotelgoldenrome.com\/da\/family-hotel-suites-da\/\",\"url\":\"https:\/\/www.hotelgoldenrome.com\/da\/family-hotel-suites-da\/\",\"name\":\"Family Hotel Suites | Hotel Golden\",\"isPartOf\":{\"@id\":\"https:\/\/www.hotelgoldenrome.com\/da\/#website\"},\"primaryImageOfPage\":{\"@id\":\"https:\/\/www.hotelgoldenrome.com\/da\/family-hotel-suites-da\/#primaryimage\"},\"image\":{\"@id\":\"https:\/\/www.hotelgoldenrome.com\/da\/family-hotel-suites-da\/#primaryimage\"},\"thumbnailUrl\":\"https:\/\/www.hotelgoldenrome.com\/wp-content\/uploads\/2013\/08\/maria-teresa.jpg\",\"datePublished\":\"2013-09-30T10:07:07+00:00\",\"dateModified\":\"2014-08-01T08:42:41+00:00\",\"description\":\"Family Suite Hotel Golden: Familiedrevne hotel direkte p\u00e5 Villa Borghese i Rom.\",\"breadcrumb\":{\"@id\":\"https:\/\/www.hotelgoldenrome.com\/da\/family-hotel-suites-da\/#breadcrumb\"},\"inLanguage\":\"da-DK\",\"potentialAction\":[{\"@type\":\"ReadAction\",\"target\":[\"https:\/\/www.hotelgoldenrome.com\/da\/family-hotel-suites-da\/\"]}]},{\"@type\":\"ImageObject\",\"inLanguage\":\"da-DK\",\"@id\":\"https:\/\/www.hotelgoldenrome.com\/da\/family-hotel-suites-da\/#primaryimage\",\"url\":\"https:\/\/www.hotelgoldenrome.com\/wp-content\/uploads\/2013\/08\/maria-teresa.jpg\",\"contentUrl\":\"https:\/\/www.hotelgoldenrome.com\/wp-content\/uploads\/2013\/08\/maria-teresa.jpg\"},{\"@type\":\"BreadcrumbList\",\"@id\":\"https:\/\/www.hotelgoldenrome.com\/da\/family-hotel-suites-da\/#breadcrumb\",\"itemListElement\":[{\"@type\":\"ListItem\",\"position\":1,\"name\":\"Home\",\"item\":\"https:\/\/www.hotelgoldenrome.com\/da\/\"},{\"@type\":\"ListItem\",\"position\":2,\"name\":\"Family Hotel Suites\"}]},{\"@type\":\"WebSite\",\"@id\":\"https:\/\/www.hotelgoldenrome.com\/da\/#website\",\"url\":\"https:\/\/www.hotelgoldenrome.com\/da\/\",\"name\":\"Hotel Golden\",\"description\":\"..your Family run hotel in Rome\",\"potentialAction\":[{\"@type\":\"SearchAction\",\"target\":{\"@type\":\"EntryPoint\",\"urlTemplate\":\"https:\/\/www.hotelgoldenrome.com\/da\/?s={search_term_string}\"},\"query-input\":{\"@type\":\"PropertyValueSpecification\",\"valueRequired\":true,\"valueName\":\"search_term_string\"}}],\"inLanguage\":\"da-DK\"}]}<\/script>\n<!-- \/ Yoast SEO plugin. -->","yoast_head_json":{"title":"Family Hotel Suites | Hotel Golden","description":"Family Suite Hotel Golden: Familiedrevne hotel direkte p\u00e5 Villa Borghese i Rom.","robots":{"index":"index","follow":"follow","max-snippet":"max-snippet:-1","max-image-preview":"max-image-preview:large","max-video-preview":"max-video-preview:-1"},"canonical":"https:\/\/www.hotelgoldenrome.com\/da\/family-hotel-suites-da\/","og_locale":"da_DK","og_type":"article","og_title":"Family Hotel Suites | Hotel Golden","og_description":"Family Suite Hotel Golden: Familiedrevne hotel direkte p\u00e5 Villa Borghese i Rom.","og_url":"https:\/\/www.hotelgoldenrome.com\/da\/family-hotel-suites-da\/","og_site_name":"Hotel Golden","article_modified_time":"2014-08-01T08:42:41+00:00","og_image":[{"url":"https:\/\/www.hotelgoldenrome.com\/wp-content\/uploads\/2013\/08\/maria-teresa.jpg","type":"","width":"","height":""}],"twitter_misc":{"Estimeret l\u00e6setid":"1 minut"},"schema":{"@context":"https:\/\/schema.org","@graph":[{"@type":"WebPage","@id":"https:\/\/www.hotelgoldenrome.com\/da\/family-hotel-suites-da\/","url":"https:\/\/www.hotelgoldenrome.com\/da\/family-hotel-suites-da\/","name":"Family Hotel Suites | Hotel Golden","isPartOf":{"@id":"https:\/\/www.hotelgoldenrome.com\/da\/#website"},"primaryImageOfPage":{"@id":"https:\/\/www.hotelgoldenrome.com\/da\/family-hotel-suites-da\/#primaryimage"},"image":{"@id":"https:\/\/www.hotelgoldenrome.com\/da\/family-hotel-suites-da\/#primaryimage"},"thumbnailUrl":"https:\/\/www.hotelgoldenrome.com\/wp-content\/uploads\/2013\/08\/maria-teresa.jpg","datePublished":"2013-09-30T10:07:07+00:00","dateModified":"2014-08-01T08:42:41+00:00","description":"Family Suite Hotel Golden: Familiedrevne hotel direkte p\u00e5 Villa Borghese i Rom.","breadcrumb":{"@id":"https:\/\/www.hotelgoldenrome.com\/da\/family-hotel-suites-da\/#breadcrumb"},"inLanguage":"da-DK","potentialAction":[{"@type":"ReadAction","target":["https:\/\/www.hotelgoldenrome.com\/da\/family-hotel-suites-da\/"]}]},{"@type":"ImageObject","inLanguage":"da-DK","@id":"https:\/\/www.hotelgoldenrome.com\/da\/family-hotel-suites-da\/#primaryimage","url":"https:\/\/www.hotelgoldenrome.com\/wp-content\/uploads\/2013\/08\/maria-teresa.jpg","contentUrl":"https:\/\/www.hotelgoldenrome.com\/wp-content\/uploads\/2013\/08\/maria-teresa.jpg"},{"@type":"BreadcrumbList","@id":"https:\/\/www.hotelgoldenrome.com\/da\/family-hotel-suites-da\/#breadcrumb","itemListElement":[{"@type":"ListItem","position":1,"name":"Home","item":"https:\/\/www.hotelgoldenrome.com\/da\/"},{"@type":"ListItem","position":2,"name":"Family Hotel Suites"}]},{"@type":"WebSite","@id":"https:\/\/www.hotelgoldenrome.com\/da\/#website","url":"https:\/\/www.hotelgoldenrome.com\/da\/","name":"Hotel Golden","description":"..your Family run hotel in Rome","potentialAction":[{"@type":"SearchAction","target":{"@type":"EntryPoint","urlTemplate":"https:\/\/www.hotelgoldenrome.com\/da\/?s={search_term_string}"},"query-input":{"@type":"PropertyValueSpecification","valueRequired":true,"valueName":"search_term_string"}}],"inLanguage":"da-DK"}]}},"_links":{"self":[{"href":"https:\/\/www.hotelgoldenrome.com\/da\/wp-json\/wp\/v2\/pages\/463","targetHints":{"allow":["GET"]}}],"collection":[{"href":"https:\/\/www.hotelgoldenrome.com\/da\/wp-json\/wp\/v2\/pages"}],"about":[{"href":"https:\/\/www.hotelgoldenrome.com\/da\/wp-json\/wp\/v2\/types\/page"}],"author":[{"embeddable":true,"href":"https:\/\/www.hotelgoldenrome.com\/da\/wp-json\/wp\/v2\/users\/17"}],"replies":[{"embeddable":true,"href":"https:\/\/www.hotelgoldenrome.com\/da\/wp-json\/wp\/v2\/comments?post=463"}],"version-history":[{"count":7,"href":"https:\/\/www.hotelgoldenrome.com\/da\/wp-json\/wp\/v2\/pages\/463\/revisions"}],"predecessor-version":[{"id":1969,"href":"https:\/\/www.hotelgoldenrome.com\/da\/wp-json\/wp\/v2\/pages\/463\/revisions\/1969"}],"wp:attachment":[{"href":"https:\/\/www.hotelgoldenrome.com\/da\/wp-json\/wp\/v2\/media?parent=463"}],"curies":[{"name":"wp","href":"https:\/\/api.w.org\/{rel}","templated":true}]}}