{"id":521,"date":"2013-09-30T10:50:06","date_gmt":"2013-09-30T10:50:06","guid":{"rendered":"https:\/\/www.hotelgoldenrome.com\/?page_id=521"},"modified":"2013-11-12T16:18:38","modified_gmt":"2013-11-12T16:18:38","slug":"vores-familie","status":"publish","type":"page","link":"https:\/\/www.hotelgoldenrome.com\/da\/vores-familie\/","title":{"rendered":"Vores familie"},"content":{"rendered":"<div id=\"colonna-dx\"><\/p>\n<h1>Vores familie<\/h1>\n<p>K\u00e6rligheden til byen, passionen for vores arbejde, en lykkelig familiedrevet ledelse: Vores oprigtige gl\u00e6de ved at byde dig velkommen p\u00e5 Hotel Golden i Rom, som du vil m\u00e6rke, er drevet af en oprigtig empati og en p\u00e5lidelig <strong>professionalisme<\/strong>.<\/p>\n<p>Ikke kun ord, men konkrete fakta: Vores sprog kommer til udtryk i den fantastiske <strong>morgenmad <\/strong>, der er tilberedt<strong> <\/strong>af mor <strong>Teresa<\/strong>, i <strong>tips for turister<\/strong> p\u00e5 flere sprog af de tre s\u00f8skende <strong>Giuseppe<\/strong>, <strong>Marco<\/strong> og <strong>Maria Teresa<\/strong>, samt i tilstedev\u00e6relsen af far <strong>Mario<\/strong>, som du altid kan regne med.<\/p>\n<p>Vi l\u00e6gger s\u00e6rlig v\u00e6gt p\u00e5 <strong>b\u00f8rnefamiliernes<\/strong> trivsel, og v\u00e6relserne er udstyret med barneseng, h\u00f8j stol, sutteflaskevarmer, og desuden er der mikroovn i morgenmadslokalet til at opvarme babymad.<\/p>\n<p>Velkommen til <strong>Rom<\/strong>, og til <strong>Hotel Golden<\/strong>!<\/p>\n<p><!-- index.php -->\n<div\n\tclass=\"ngg-galleryoverview ngg-ajax-pagination-none\"\n\tid=\"ngg-gallery-51f610ef37a31f38755e2ebcb0724f3f-1\">\n\n    \t\t<!-- Thumbnails -->\n\t\t\t\t<div id=\"ngg-image-0\" class=\"ngg-gallery-thumbnail-box\" >\n\t\t\t\t        <div class=\"ngg-gallery-thumbnail\">\n            <a href=\"https:\/\/www.hotelgoldenrome.com\/wp-content\/galleries\/famiglia\/025.jpg\"\n               title=\"\"\n               data-src=\"https:\/\/www.hotelgoldenrome.com\/wp-content\/galleries\/famiglia\/025.jpg\"\n               data-thumbnail=\"https:\/\/www.hotelgoldenrome.com\/wp-content\/galleries\/famiglia\/thumbs\/thumbs_025.jpg\"\n               data-image-id=\"97\"\n               data-title=\"025-jpg\"\n               data-description=\"\"\n               data-image-slug=\"025-jpg\"\n               class=\"ngg-fancybox\" rel=\"51f610ef37a31f38755e2ebcb0724f3f\">\n                <img\n                    title=\"025-jpg\"\n                    alt=\"025-jpg\"\n                    src=\"https:\/\/www.hotelgoldenrome.com\/wp-content\/galleries\/famiglia\/thumbs\/thumbs_025.jpg\"\n                    width=\"150\"\n                    height=\"150\"\n                    style=\"max-width:100%;\"\n                \/>\n            <\/a>\n        <\/div>\n\t\t\t\t\t\t\t<\/div> \n\t\t\t\n        \n\t\t\t\t<div id=\"ngg-image-1\" class=\"ngg-gallery-thumbnail-box\" >\n\t\t\t\t        <div class=\"ngg-gallery-thumbnail\">\n            <a href=\"https:\/\/www.hotelgoldenrome.com\/wp-content\/galleries\/famiglia\/034.jpg\"\n               title=\"\"\n               data-src=\"https:\/\/www.hotelgoldenrome.com\/wp-content\/galleries\/famiglia\/034.jpg\"\n               data-thumbnail=\"https:\/\/www.hotelgoldenrome.com\/wp-content\/galleries\/famiglia\/thumbs\/thumbs_034.jpg\"\n               data-image-id=\"98\"\n               data-title=\"034-jpg\"\n               data-description=\"\"\n               data-image-slug=\"034-jpg\"\n               class=\"ngg-fancybox\" rel=\"51f610ef37a31f38755e2ebcb0724f3f\">\n                <img\n                    title=\"034-jpg\"\n                    alt=\"034-jpg\"\n                    src=\"https:\/\/www.hotelgoldenrome.com\/wp-content\/galleries\/famiglia\/thumbs\/thumbs_034.jpg\"\n                    width=\"150\"\n                    height=\"150\"\n                    style=\"max-width:100%;\"\n                \/>\n            <\/a>\n        <\/div>\n\t\t\t\t\t\t\t<\/div> \n\t\t\t\n        \n\t\t\t\t<div id=\"ngg-image-2\" class=\"ngg-gallery-thumbnail-box\" >\n\t\t\t\t        <div class=\"ngg-gallery-thumbnail\">\n            <a href=\"https:\/\/www.hotelgoldenrome.com\/wp-content\/galleries\/famiglia\/photogallery1.jpg\"\n               title=\"\"\n               data-src=\"https:\/\/www.hotelgoldenrome.com\/wp-content\/galleries\/famiglia\/photogallery1.jpg\"\n               data-thumbnail=\"https:\/\/www.hotelgoldenrome.com\/wp-content\/galleries\/famiglia\/thumbs\/thumbs_photogallery1.jpg\"\n               data-image-id=\"96\"\n               data-title=\"photogallery1-jpg\"\n               data-description=\"\"\n               data-image-slug=\"photogallery1-jpg\"\n               class=\"ngg-fancybox\" rel=\"51f610ef37a31f38755e2ebcb0724f3f\">\n                <img\n                    title=\"photogallery1-jpg\"\n                    alt=\"photogallery1-jpg\"\n                    src=\"https:\/\/www.hotelgoldenrome.com\/wp-content\/galleries\/famiglia\/thumbs\/thumbs_photogallery1.jpg\"\n                    width=\"150\"\n                    height=\"150\"\n                    style=\"max-width:100%;\"\n                \/>\n            <\/a>\n        <\/div>\n\t\t\t\t\t\t\t<\/div> \n\t\t\t\n        \n\t\t\t\t<div id=\"ngg-image-3\" class=\"ngg-gallery-thumbnail-box\" >\n\t\t\t\t        <div class=\"ngg-gallery-thumbnail\">\n            <a href=\"https:\/\/www.hotelgoldenrome.com\/wp-content\/galleries\/famiglia\/g8_b.jpg\"\n               title=\"\"\n               data-src=\"https:\/\/www.hotelgoldenrome.com\/wp-content\/galleries\/famiglia\/g8_b.jpg\"\n               data-thumbnail=\"https:\/\/www.hotelgoldenrome.com\/wp-content\/galleries\/famiglia\/thumbs\/thumbs_g8_b.jpg\"\n               data-image-id=\"95\"\n               data-title=\"Giuseppe and Marco at the Reception Desk\"\n               data-description=\"\"\n               data-image-slug=\"giuseppe-and-marco-at-the-reception-desk\"\n               class=\"ngg-fancybox\" rel=\"51f610ef37a31f38755e2ebcb0724f3f\">\n                <img\n                    title=\"Giuseppe and Marco at the Reception Desk\"\n                    alt=\"Giuseppe and Marco at the Reception Desk\"\n                    src=\"https:\/\/www.hotelgoldenrome.com\/wp-content\/galleries\/famiglia\/thumbs\/thumbs_g8_b.jpg\"\n                    width=\"150\"\n                    height=\"150\"\n                    style=\"max-width:100%;\"\n                \/>\n            <\/a>\n        <\/div>\n\t\t\t\t\t\t\t<\/div> \n\t\t\t\n        \n\t\t\n\t\t<!-- Pagination -->\n\t<div class='ngg-clear'><\/div>\t<\/div>\n<\/p>\n<p><\/div>\n<div id=\"colonna-sx\"><br \/>\n<img loading=\"lazy\" decoding=\"async\" src=\"https:\/\/www.hotelgoldenrome.com\/wp-content\/uploads\/2013\/08\/papa.jpg\" alt=\"pap\u00e0\" width=\"206\" height=\"206\" class=\"aligncenter size-full wp-image-65\" \/><\/p>\n<p class=\"nome\">Sp\u00f8rg<br \/> <span>Far<\/span><\/p>\n<p>Som alle andre familiemedlemmer, elsker jeg min by og mit arbejde, og det er lige det, der g\u00f8r forskellen. Kom p\u00e5 bes\u00f8g hos os, for at forst\u00e5 det jeg mener&#8230;<\/p>\n<p><\/div>\n<p><br clear=\"all\" \/><\/p>\n","protected":false},"excerpt":{"rendered":"","protected":false},"author":17,"featured_media":0,"parent":0,"menu_order":0,"comment_status":"open","ping_status":"open","template":"page-duecolonne.php","meta":{"ngg_post_thumbnail":0,"footnotes":""},"class_list":["post-521","page","type-page","status-publish","hentry"],"yoast_head":"<!-- This site is optimized with the Yoast SEO plugin v25.7 - https:\/\/yoast.com\/wordpress\/plugins\/seo\/ -->\n<title>Vores familie | Hotel Golden<\/title>\n<meta name=\"description\" content=\"Vores familie, Hotel Golden: Familiedrevne hotel direkte p\u00e5 Villa Borghese i Rom.\" \/>\n<meta name=\"robots\" content=\"index, follow, max-snippet:-1, max-image-preview:large, max-video-preview:-1\" \/>\n<link rel=\"canonical\" href=\"https:\/\/www.hotelgoldenrome.com\/da\/vores-familie\/\" \/>\n<meta property=\"og:locale\" content=\"da_DK\" \/>\n<meta property=\"og:type\" content=\"article\" \/>\n<meta property=\"og:title\" content=\"Vores familie | Hotel Golden\" \/>\n<meta property=\"og:description\" content=\"Vores familie, Hotel Golden: Familiedrevne hotel direkte p\u00e5 Villa Borghese i Rom.\" \/>\n<meta property=\"og:url\" content=\"https:\/\/www.hotelgoldenrome.com\/da\/vores-familie\/\" \/>\n<meta property=\"og:site_name\" content=\"Hotel Golden\" \/>\n<meta property=\"article:modified_time\" content=\"2013-11-12T16:18:38+00:00\" \/>\n<meta property=\"og:image\" content=\"https:\/\/www.hotelgoldenrome.com\/wp-content\/uploads\/2013\/08\/papa.jpg\" \/>\n<meta name=\"twitter:label1\" content=\"Estimeret l\u00e6setid\" \/>\n\t<meta name=\"twitter:data1\" content=\"1 minut\" \/>\n<script type=\"application\/ld+json\" class=\"yoast-schema-graph\">{\"@context\":\"https:\/\/schema.org\",\"@graph\":[{\"@type\":\"WebPage\",\"@id\":\"https:\/\/www.hotelgoldenrome.com\/da\/vores-familie\/\",\"url\":\"https:\/\/www.hotelgoldenrome.com\/da\/vores-familie\/\",\"name\":\"Vores familie | Hotel Golden\",\"isPartOf\":{\"@id\":\"https:\/\/www.hotelgoldenrome.com\/da\/#website\"},\"primaryImageOfPage\":{\"@id\":\"https:\/\/www.hotelgoldenrome.com\/da\/vores-familie\/#primaryimage\"},\"image\":{\"@id\":\"https:\/\/www.hotelgoldenrome.com\/da\/vores-familie\/#primaryimage\"},\"thumbnailUrl\":\"https:\/\/www.hotelgoldenrome.com\/wp-content\/uploads\/2013\/08\/papa.jpg\",\"datePublished\":\"2013-09-30T10:50:06+00:00\",\"dateModified\":\"2013-11-12T16:18:38+00:00\",\"description\":\"Vores familie, Hotel Golden: Familiedrevne hotel direkte p\u00e5 Villa Borghese i Rom.\",\"breadcrumb\":{\"@id\":\"https:\/\/www.hotelgoldenrome.com\/da\/vores-familie\/#breadcrumb\"},\"inLanguage\":\"da-DK\",\"potentialAction\":[{\"@type\":\"ReadAction\",\"target\":[\"https:\/\/www.hotelgoldenrome.com\/da\/vores-familie\/\"]}]},{\"@type\":\"ImageObject\",\"inLanguage\":\"da-DK\",\"@id\":\"https:\/\/www.hotelgoldenrome.com\/da\/vores-familie\/#primaryimage\",\"url\":\"https:\/\/www.hotelgoldenrome.com\/wp-content\/uploads\/2013\/08\/papa.jpg\",\"contentUrl\":\"https:\/\/www.hotelgoldenrome.com\/wp-content\/uploads\/2013\/08\/papa.jpg\"},{\"@type\":\"BreadcrumbList\",\"@id\":\"https:\/\/www.hotelgoldenrome.com\/da\/vores-familie\/#breadcrumb\",\"itemListElement\":[{\"@type\":\"ListItem\",\"position\":1,\"name\":\"Home\",\"item\":\"https:\/\/www.hotelgoldenrome.com\/da\/\"},{\"@type\":\"ListItem\",\"position\":2,\"name\":\"Vores familie\"}]},{\"@type\":\"WebSite\",\"@id\":\"https:\/\/www.hotelgoldenrome.com\/da\/#website\",\"url\":\"https:\/\/www.hotelgoldenrome.com\/da\/\",\"name\":\"Hotel Golden\",\"description\":\"..your Family run hotel in Rome\",\"potentialAction\":[{\"@type\":\"SearchAction\",\"target\":{\"@type\":\"EntryPoint\",\"urlTemplate\":\"https:\/\/www.hotelgoldenrome.com\/da\/?s={search_term_string}\"},\"query-input\":{\"@type\":\"PropertyValueSpecification\",\"valueRequired\":true,\"valueName\":\"search_term_string\"}}],\"inLanguage\":\"da-DK\"}]}<\/script>\n<!-- \/ Yoast SEO plugin. -->","yoast_head_json":{"title":"Vores familie | Hotel Golden","description":"Vores familie, Hotel Golden: Familiedrevne hotel direkte p\u00e5 Villa Borghese i Rom.","robots":{"index":"index","follow":"follow","max-snippet":"max-snippet:-1","max-image-preview":"max-image-preview:large","max-video-preview":"max-video-preview:-1"},"canonical":"https:\/\/www.hotelgoldenrome.com\/da\/vores-familie\/","og_locale":"da_DK","og_type":"article","og_title":"Vores familie | Hotel Golden","og_description":"Vores familie, Hotel Golden: Familiedrevne hotel direkte p\u00e5 Villa Borghese i Rom.","og_url":"https:\/\/www.hotelgoldenrome.com\/da\/vores-familie\/","og_site_name":"Hotel Golden","article_modified_time":"2013-11-12T16:18:38+00:00","og_image":[{"url":"https:\/\/www.hotelgoldenrome.com\/wp-content\/uploads\/2013\/08\/papa.jpg","type":"","width":"","height":""}],"twitter_misc":{"Estimeret l\u00e6setid":"1 minut"},"schema":{"@context":"https:\/\/schema.org","@graph":[{"@type":"WebPage","@id":"https:\/\/www.hotelgoldenrome.com\/da\/vores-familie\/","url":"https:\/\/www.hotelgoldenrome.com\/da\/vores-familie\/","name":"Vores familie | Hotel Golden","isPartOf":{"@id":"https:\/\/www.hotelgoldenrome.com\/da\/#website"},"primaryImageOfPage":{"@id":"https:\/\/www.hotelgoldenrome.com\/da\/vores-familie\/#primaryimage"},"image":{"@id":"https:\/\/www.hotelgoldenrome.com\/da\/vores-familie\/#primaryimage"},"thumbnailUrl":"https:\/\/www.hotelgoldenrome.com\/wp-content\/uploads\/2013\/08\/papa.jpg","datePublished":"2013-09-30T10:50:06+00:00","dateModified":"2013-11-12T16:18:38+00:00","description":"Vores familie, Hotel Golden: Familiedrevne hotel direkte p\u00e5 Villa Borghese i Rom.","breadcrumb":{"@id":"https:\/\/www.hotelgoldenrome.com\/da\/vores-familie\/#breadcrumb"},"inLanguage":"da-DK","potentialAction":[{"@type":"ReadAction","target":["https:\/\/www.hotelgoldenrome.com\/da\/vores-familie\/"]}]},{"@type":"ImageObject","inLanguage":"da-DK","@id":"https:\/\/www.hotelgoldenrome.com\/da\/vores-familie\/#primaryimage","url":"https:\/\/www.hotelgoldenrome.com\/wp-content\/uploads\/2013\/08\/papa.jpg","contentUrl":"https:\/\/www.hotelgoldenrome.com\/wp-content\/uploads\/2013\/08\/papa.jpg"},{"@type":"BreadcrumbList","@id":"https:\/\/www.hotelgoldenrome.com\/da\/vores-familie\/#breadcrumb","itemListElement":[{"@type":"ListItem","position":1,"name":"Home","item":"https:\/\/www.hotelgoldenrome.com\/da\/"},{"@type":"ListItem","position":2,"name":"Vores familie"}]},{"@type":"WebSite","@id":"https:\/\/www.hotelgoldenrome.com\/da\/#website","url":"https:\/\/www.hotelgoldenrome.com\/da\/","name":"Hotel Golden","description":"..your Family run hotel in Rome","potentialAction":[{"@type":"SearchAction","target":{"@type":"EntryPoint","urlTemplate":"https:\/\/www.hotelgoldenrome.com\/da\/?s={search_term_string}"},"query-input":{"@type":"PropertyValueSpecification","valueRequired":true,"valueName":"search_term_string"}}],"inLanguage":"da-DK"}]}},"_links":{"self":[{"href":"https:\/\/www.hotelgoldenrome.com\/da\/wp-json\/wp\/v2\/pages\/521","targetHints":{"allow":["GET"]}}],"collection":[{"href":"https:\/\/www.hotelgoldenrome.com\/da\/wp-json\/wp\/v2\/pages"}],"about":[{"href":"https:\/\/www.hotelgoldenrome.com\/da\/wp-json\/wp\/v2\/types\/page"}],"author":[{"embeddable":true,"href":"https:\/\/www.hotelgoldenrome.com\/da\/wp-json\/wp\/v2\/users\/17"}],"replies":[{"embeddable":true,"href":"https:\/\/www.hotelgoldenrome.com\/da\/wp-json\/wp\/v2\/comments?post=521"}],"version-history":[{"count":3,"href":"https:\/\/www.hotelgoldenrome.com\/da\/wp-json\/wp\/v2\/pages\/521\/revisions"}],"predecessor-version":[{"id":1316,"href":"https:\/\/www.hotelgoldenrome.com\/da\/wp-json\/wp\/v2\/pages\/521\/revisions\/1316"}],"wp:attachment":[{"href":"https:\/\/www.hotelgoldenrome.com\/da\/wp-json\/wp\/v2\/media?parent=521"}],"curies":[{"name":"wp","href":"https:\/\/api.w.org\/{rel}","templated":true}]}}