{"id":809,"date":"2013-10-04T09:44:07","date_gmt":"2013-10-04T09:44:07","guid":{"rendered":"https:\/\/www.hotelgoldenrome.com\/?page_id=809"},"modified":"2016-08-10T10:10:48","modified_gmt":"2016-08-10T10:10:48","slug":"anmeldelser","status":"publish","type":"page","link":"https:\/\/www.hotelgoldenrome.com\/da\/anmeldelser\/","title":{"rendered":"Anmeldelser"},"content":{"rendered":"<div id=\"colonna-sx\"><br \/>\n<img loading=\"lazy\" decoding=\"async\" alt=\"Marco\" src=\"https:\/\/www.hotelgoldenrome.com\/wp-content\/uploads\/2013\/08\/marco.jpg\" width=\"206\" height=\"206\" \/><\/p>\n<p class=\"nome\">Sp\u00f8rg<br \/> <span>Marco<\/span><\/p>\n<p> Vores bedste visitkort, er de ord vores g\u00e6ster skriver om os! L\u00e6s vores g\u00e6sters bed\u00f8mmelser, som tit er en behagelig overraskelse selv for os! Det er den bedste opmuntring, for at tilbyde jer endnu mere.<\/p>\n<div class=\"box_ta\">\n<p>Til vores g\u00e6ster<\/p>\n<p><em>K\u00e6re g\u00e6ster,<br \/>\nTil alle en oprigtig tak for Jeres rosende ord, som i \u00e5r har f\u00f8rt til k\u00e5ringen af vores Hotel med Tripadvisors pr\u00e6mie Travelers Choice 2012.<\/p>\n<p>Med taknemmelighed,<br \/>\npap\u00e0 Mario, mamma Teresa e i figli, Giuseppe, Marco &amp; Maria Teresa<\/em><\/p>\n<p><a class=\"thickbox\" href=\"https:\/\/www.hotelgoldenrome.com\/wp-content\/uploads\/2013\/08\/lettera.jpg\"><img decoding=\"async\" src=\"https:\/\/www.hotelgoldenrome.com\/wp-content\/uploads\/2013\/08\/tc2012.jpg\" alt=\"tripadvisor\" \/><\/a>\n<\/div>\n<p><br clear=\"all\" \/><\/p>\n<div id=\"TA_certificateOfExcellence440\" class=\"TA_certificateOfExcellence\">\n<ul id=\"cVt11c\" class=\"TA_links cTW7VRBR\">\n<li id=\"v3EuLAZOz\" class=\"YIo2qqu\">\n<a target=\"_blank\" href=\"https:\/\/www.tripadvisor.dk\/Hotel_Review-g187791-d557956-Reviews-Hotel_Golden-Rome_Lazio.html\"><img decoding=\"async\" src=\"https:\/\/www.tripadvisor.dk\/img\/cdsi\/img2\/awards\/CoE2016_WidgetAsset-14348-2.png\" alt=\"TripAdvisor\" class=\"widCOEImg\" id=\"CDSWIDCOELOGO\"\/><\/a>\n<\/li>\n<\/ul>\n<\/div>\n<p><script src=\"https:\/\/www.jscache.com\/wejs?wtype=certificateOfExcellence&amp;uniq=440&amp;locationId=557956&amp;lang=da&amp;year=2016&amp;display_version=2\"><\/script><\/p>\n<p><\/div>\n<div id=\"colonna-dx\"><\/p>\n<h1>Anmeldelser<\/h1>\n<p>Du kan l\u00e6se <strong>meningerne, som vores g\u00e6ster har<\/strong> skrevet p\u00e5 de vigtigste online web-steder, med rejsetip! Husk, at udelukkende hvis du <strong>bestiller direkte p\u00e5 vores Officielle Web-sted, bliver du en priviligeret g\u00e6st<\/strong>: vores stab f\u00f8lger dig personligt fra start til ende, og du f\u00e5r mulighed for at udnytte specielle priser, s\u00e6rlige tilbud og rabatter forbeholdt udelukkende til dig!<br \/>\nHvis du desuden bestiller gennem vores Officielle Web-sted, <strong>bliver du bedt om, at skrive en &#8220;officiel anmeldelse&#8221;, der er garanteret \u00e6gte, da den bliver udfyldt efter en booking<\/strong>. P\u00e5 denne m\u00e5de kan du v\u00e6re med til at forbedre kvaliteten af den service, vi tilbyder dig og alle de andre g\u00e6ster!<\/p>\n<p><link rel=\"stylesheet\" href=\"https:\/\/include.nozio.com\/dynamic\/css\/nozioreviewscss.css\" type=\"text\/css\" media=\"all\" \/>\n<div id=\"nozioreviewswidget\"><a href=\"https:\/\/www.nozio.com\/europe\/italy\/lazio\/rome\/rome\/lodging\/hotels\/2_two_stars_hotels\/hotel_golden.htm\">Hotel Golden<\/a><\/div>\n<script type=\"text\/javascript\" src=\"https:\/\/include.nozio.com\/dynamic\/js\/jquery_tooltip.js\"><\/script>\n<script type=\"text\/javascript\" src=\"https:\/\/include.nozio.com\/dynamic\/js\/nozio_reviews.php?idsk=58492&amp;lang=en&amp;widgetwidth=603\"><\/script><\/div><br \/>\n<br clear=\"all\" \/><\/p>\n<div id=\"TA_selfserveprop524\" class=\"TA_selfserveprop\">\n<ul id=\"kDGDEUr4B1Cx\" class=\"TA_links WNwSM3h7gO\">\n<li id=\"VTI616SBQQte\" class=\"1tD2rvnf04wC\"><a target=\"_blank\" href=\"http:\/\/www.tripadvisor.it\/Hotel_Review-g187791-d557956-Reviews-Hotel_Golden-Rome_Lazio.html\">Hotel Golden<\/a> a Roma: 1103 recensioni<\/li>\n<\/ul>\n<\/div>\n<p><script src=\"http:\/\/www.jscache.com\/wejs?wtype=selfserveprop&amp;uniq=524&amp;locationId=557956&amp;lang=it&amp;rating=true&amp;nreviews=4&amp;writereviewlink=false&amp;popIdx=true&amp;iswide=true&amp;border=true\"><\/script><\/p>\n<p><br clear=\"all\" \/><br \/>\n<\/div>\n","protected":false},"excerpt":{"rendered":"<p class=\"nome\">Sp\u00f8rg<br \/> <span>Marco<\/span><\/p>\n<p><img loading=\"lazy\" decoding=\"async\" src=\"https:\/\/www.hotelgoldenrome.com\/wp-content\/uploads\/2013\/08\/tripadvisor-reviews.gif\" alt=\"tripadvisor-reviews\" width=\"113\" height=\"80\" class=\"aligncenter size-full wp-image-76 trip\" \/><\/p>\n<p> Vores bedste visitkort, er de ord vores g\u00e6ster skriver om os!<\/p>\n","protected":false},"author":17,"featured_media":2143,"parent":0,"menu_order":0,"comment_status":"open","ping_status":"open","template":"page-duecolonne.php","meta":{"ngg_post_thumbnail":0,"footnotes":""},"class_list":["post-809","page","type-page","status-publish","has-post-thumbnail","hentry"],"yoast_head":"<!-- This site is optimized with the Yoast SEO plugin v25.7 - https:\/\/yoast.com\/wordpress\/plugins\/seo\/ -->\n<title>Anmeldelser | Hotel Golden<\/title>\n<meta name=\"description\" content=\"Anmeldelser, Hotel Golden: Familiedrevne hotel direkte p\u00e5 Villa Borghese i Rom.\" \/>\n<meta name=\"robots\" content=\"index, follow, max-snippet:-1, max-image-preview:large, max-video-preview:-1\" \/>\n<link rel=\"canonical\" href=\"https:\/\/www.hotelgoldenrome.com\/da\/anmeldelser\/\" \/>\n<meta property=\"og:locale\" content=\"da_DK\" \/>\n<meta property=\"og:type\" content=\"article\" \/>\n<meta property=\"og:title\" content=\"Anmeldelser | Hotel Golden\" \/>\n<meta property=\"og:description\" content=\"Anmeldelser, Hotel Golden: Familiedrevne hotel direkte p\u00e5 Villa Borghese i Rom.\" \/>\n<meta property=\"og:url\" content=\"https:\/\/www.hotelgoldenrome.com\/da\/anmeldelser\/\" \/>\n<meta property=\"og:site_name\" content=\"Hotel Golden\" \/>\n<meta property=\"article:modified_time\" content=\"2016-08-10T10:10:48+00:00\" \/>\n<meta property=\"og:image\" content=\"https:\/\/www.hotelgoldenrome.com\/wp-content\/uploads\/2013\/08\/marco.jpg\" \/>\n\t<meta property=\"og:image:width\" content=\"206\" \/>\n\t<meta property=\"og:image:height\" content=\"206\" \/>\n\t<meta property=\"og:image:type\" content=\"image\/jpeg\" \/>\n<meta name=\"twitter:label1\" content=\"Estimeret l\u00e6setid\" \/>\n\t<meta name=\"twitter:data1\" content=\"1 minut\" \/>\n<script type=\"application\/ld+json\" class=\"yoast-schema-graph\">{\"@context\":\"https:\/\/schema.org\",\"@graph\":[{\"@type\":\"WebPage\",\"@id\":\"https:\/\/www.hotelgoldenrome.com\/da\/anmeldelser\/\",\"url\":\"https:\/\/www.hotelgoldenrome.com\/da\/anmeldelser\/\",\"name\":\"Anmeldelser | Hotel Golden\",\"isPartOf\":{\"@id\":\"https:\/\/www.hotelgoldenrome.com\/da\/#website\"},\"primaryImageOfPage\":{\"@id\":\"https:\/\/www.hotelgoldenrome.com\/da\/anmeldelser\/#primaryimage\"},\"image\":{\"@id\":\"https:\/\/www.hotelgoldenrome.com\/da\/anmeldelser\/#primaryimage\"},\"thumbnailUrl\":\"https:\/\/www.hotelgoldenrome.com\/wp-content\/uploads\/2013\/08\/marco.jpg\",\"datePublished\":\"2013-10-04T09:44:07+00:00\",\"dateModified\":\"2016-08-10T10:10:48+00:00\",\"description\":\"Anmeldelser, Hotel Golden: Familiedrevne hotel direkte p\u00e5 Villa Borghese i Rom.\",\"breadcrumb\":{\"@id\":\"https:\/\/www.hotelgoldenrome.com\/da\/anmeldelser\/#breadcrumb\"},\"inLanguage\":\"da-DK\",\"potentialAction\":[{\"@type\":\"ReadAction\",\"target\":[\"https:\/\/www.hotelgoldenrome.com\/da\/anmeldelser\/\"]}]},{\"@type\":\"ImageObject\",\"inLanguage\":\"da-DK\",\"@id\":\"https:\/\/www.hotelgoldenrome.com\/da\/anmeldelser\/#primaryimage\",\"url\":\"https:\/\/www.hotelgoldenrome.com\/wp-content\/uploads\/2013\/08\/marco.jpg\",\"contentUrl\":\"https:\/\/www.hotelgoldenrome.com\/wp-content\/uploads\/2013\/08\/marco.jpg\",\"width\":206,\"height\":206},{\"@type\":\"BreadcrumbList\",\"@id\":\"https:\/\/www.hotelgoldenrome.com\/da\/anmeldelser\/#breadcrumb\",\"itemListElement\":[{\"@type\":\"ListItem\",\"position\":1,\"name\":\"Home\",\"item\":\"https:\/\/www.hotelgoldenrome.com\/da\/\"},{\"@type\":\"ListItem\",\"position\":2,\"name\":\"Anmeldelser\"}]},{\"@type\":\"WebSite\",\"@id\":\"https:\/\/www.hotelgoldenrome.com\/da\/#website\",\"url\":\"https:\/\/www.hotelgoldenrome.com\/da\/\",\"name\":\"Hotel Golden\",\"description\":\"..your Family run hotel in Rome\",\"potentialAction\":[{\"@type\":\"SearchAction\",\"target\":{\"@type\":\"EntryPoint\",\"urlTemplate\":\"https:\/\/www.hotelgoldenrome.com\/da\/?s={search_term_string}\"},\"query-input\":{\"@type\":\"PropertyValueSpecification\",\"valueRequired\":true,\"valueName\":\"search_term_string\"}}],\"inLanguage\":\"da-DK\"}]}<\/script>\n<!-- \/ Yoast SEO plugin. -->","yoast_head_json":{"title":"Anmeldelser | Hotel Golden","description":"Anmeldelser, Hotel Golden: Familiedrevne hotel direkte p\u00e5 Villa Borghese i Rom.","robots":{"index":"index","follow":"follow","max-snippet":"max-snippet:-1","max-image-preview":"max-image-preview:large","max-video-preview":"max-video-preview:-1"},"canonical":"https:\/\/www.hotelgoldenrome.com\/da\/anmeldelser\/","og_locale":"da_DK","og_type":"article","og_title":"Anmeldelser | Hotel Golden","og_description":"Anmeldelser, Hotel Golden: Familiedrevne hotel direkte p\u00e5 Villa Borghese i Rom.","og_url":"https:\/\/www.hotelgoldenrome.com\/da\/anmeldelser\/","og_site_name":"Hotel Golden","article_modified_time":"2016-08-10T10:10:48+00:00","og_image":[{"width":206,"height":206,"url":"https:\/\/www.hotelgoldenrome.com\/wp-content\/uploads\/2013\/08\/marco.jpg","type":"image\/jpeg"}],"twitter_misc":{"Estimeret l\u00e6setid":"1 minut"},"schema":{"@context":"https:\/\/schema.org","@graph":[{"@type":"WebPage","@id":"https:\/\/www.hotelgoldenrome.com\/da\/anmeldelser\/","url":"https:\/\/www.hotelgoldenrome.com\/da\/anmeldelser\/","name":"Anmeldelser | Hotel Golden","isPartOf":{"@id":"https:\/\/www.hotelgoldenrome.com\/da\/#website"},"primaryImageOfPage":{"@id":"https:\/\/www.hotelgoldenrome.com\/da\/anmeldelser\/#primaryimage"},"image":{"@id":"https:\/\/www.hotelgoldenrome.com\/da\/anmeldelser\/#primaryimage"},"thumbnailUrl":"https:\/\/www.hotelgoldenrome.com\/wp-content\/uploads\/2013\/08\/marco.jpg","datePublished":"2013-10-04T09:44:07+00:00","dateModified":"2016-08-10T10:10:48+00:00","description":"Anmeldelser, Hotel Golden: Familiedrevne hotel direkte p\u00e5 Villa Borghese i Rom.","breadcrumb":{"@id":"https:\/\/www.hotelgoldenrome.com\/da\/anmeldelser\/#breadcrumb"},"inLanguage":"da-DK","potentialAction":[{"@type":"ReadAction","target":["https:\/\/www.hotelgoldenrome.com\/da\/anmeldelser\/"]}]},{"@type":"ImageObject","inLanguage":"da-DK","@id":"https:\/\/www.hotelgoldenrome.com\/da\/anmeldelser\/#primaryimage","url":"https:\/\/www.hotelgoldenrome.com\/wp-content\/uploads\/2013\/08\/marco.jpg","contentUrl":"https:\/\/www.hotelgoldenrome.com\/wp-content\/uploads\/2013\/08\/marco.jpg","width":206,"height":206},{"@type":"BreadcrumbList","@id":"https:\/\/www.hotelgoldenrome.com\/da\/anmeldelser\/#breadcrumb","itemListElement":[{"@type":"ListItem","position":1,"name":"Home","item":"https:\/\/www.hotelgoldenrome.com\/da\/"},{"@type":"ListItem","position":2,"name":"Anmeldelser"}]},{"@type":"WebSite","@id":"https:\/\/www.hotelgoldenrome.com\/da\/#website","url":"https:\/\/www.hotelgoldenrome.com\/da\/","name":"Hotel Golden","description":"..your Family run hotel in Rome","potentialAction":[{"@type":"SearchAction","target":{"@type":"EntryPoint","urlTemplate":"https:\/\/www.hotelgoldenrome.com\/da\/?s={search_term_string}"},"query-input":{"@type":"PropertyValueSpecification","valueRequired":true,"valueName":"search_term_string"}}],"inLanguage":"da-DK"}]}},"_links":{"self":[{"href":"https:\/\/www.hotelgoldenrome.com\/da\/wp-json\/wp\/v2\/pages\/809","targetHints":{"allow":["GET"]}}],"collection":[{"href":"https:\/\/www.hotelgoldenrome.com\/da\/wp-json\/wp\/v2\/pages"}],"about":[{"href":"https:\/\/www.hotelgoldenrome.com\/da\/wp-json\/wp\/v2\/types\/page"}],"author":[{"embeddable":true,"href":"https:\/\/www.hotelgoldenrome.com\/da\/wp-json\/wp\/v2\/users\/17"}],"replies":[{"embeddable":true,"href":"https:\/\/www.hotelgoldenrome.com\/da\/wp-json\/wp\/v2\/comments?post=809"}],"version-history":[{"count":11,"href":"https:\/\/www.hotelgoldenrome.com\/da\/wp-json\/wp\/v2\/pages\/809\/revisions"}],"predecessor-version":[{"id":2165,"href":"https:\/\/www.hotelgoldenrome.com\/da\/wp-json\/wp\/v2\/pages\/809\/revisions\/2165"}],"wp:featuredmedia":[{"embeddable":true,"href":"https:\/\/www.hotelgoldenrome.com\/da\/wp-json\/wp\/v2\/media\/2143"}],"wp:attachment":[{"href":"https:\/\/www.hotelgoldenrome.com\/da\/wp-json\/wp\/v2\/media?parent=809"}],"curies":[{"name":"wp","href":"https:\/\/api.w.org\/{rel}","templated":true}]}}