{"id":2205,"date":"2022-08-09T15:54:46","date_gmt":"2022-08-09T15:54:46","guid":{"rendered":"https:\/\/www.hotelgoldenrome.com\/cookie-policy\/"},"modified":"2024-07-15T13:41:16","modified_gmt":"2024-07-15T13:41:16","slug":"cookie-policy","status":"publish","type":"page","link":"https:\/\/www.hotelgoldenrome.com\/de\/cookie-policy\/","title":{"rendered":"Cookie Policy"},"content":{"rendered":"\n<h2 class=\"wp-block-heading\">Cookie Policy &#8211; Maruma s.r.l.<\/h2>\n\n\n\n<p>Letztes Update: 16\/08\/2022 &#8211; V. 1.0<\/p>\n\n\n\n<p><strong>Wo zu dient dieses Dokument?<\/strong><br \/>\nDiese Cookie-Richtlinie enth\u00e4lt Informationen \u00fcber die verschiedenen Arten von Cookies, die bei Ihrem Besuch auf Ihren Ger\u00e4ten installiert werden k\u00f6nnen <a href=\"http:\/\/www.hotelgoldenrome.com\">www.hotelgoldenrome.com<\/a><\/p>\n\n\n\n<h3 class=\"wp-block-heading\"><strong>Verantwortliche und Kontaktdaten<\/strong><\/h3>\n\n\n\n<p>Maruma s.r.l., mit Sitz in Via Marche 84 &#8211; 00187 Rom<\/p>\n\n\n\n<p>Kontaktdetails: <a href=\"mailto:info@hotelgoldenrome.com\">info@hotelgoldenrome.com<\/a><\/p>\n\n\n\n<h3 class=\"wp-block-heading\"><strong>Cookie-Liste<\/strong><\/h3>\n<script id=\"CookieDeclaration\" src=\"https:\/\/consent.cookiebot.com\/18c70ddf-fae8-45ec-96d8-2ce2300e8b5a\/cd.js\" type=\"text\/javascript\" async><\/script>\n\n\n\n<h3 class=\"wp-block-heading\"><strong>Wie kann ich sie deaktivieren?<\/strong><\/h3>\n\n\n\n<figure class=\"wp-block-table\"><table><tbody><tr><td><strong>Name<\/strong><\/td><td><strong>Link<\/strong><\/td><\/tr><tr><td>Google Chrome<\/td><td><a href=\"https:\/\/support.google.com\/chrome\/answer\/95647\">https:\/\/support.google.com\/chrome\/answer\/95647<\/a><\/td><\/tr><tr><td>Safari<\/td><td><a href=\"https:\/\/support.apple.com\/it-ie\/guide\/safari\/sfri11471\/mac\">https:\/\/support.apple.com\/it-ie\/guide\/safari\/sfri11471\/mac<\/a><\/td><\/tr><tr><td>Firefox<\/td><td><a href=\"https:\/\/support.mozilla.org\/it\/kb\/Gestione%20dei%20cookie\">https:\/\/support.mozilla.org\/it\/kb\/Gestione%20dei%20cookie<\/a><\/td><\/tr><tr><td>Internet Explorer<\/td><td><a href=\"https:\/\/support.microsoft.com\/en-us\/topic\/delete-and-manage-cookies-168dab11-0753-043d-7c16-ede5947fc64d\">https:\/\/support.microsoft.com\/en-us\/topic\/delete-and-manage-cookies-168dab11-0753-043d-7c16-ede5947fc64d<\/a><\/td><\/tr><\/tbody><\/table><\/figure>\n\n\n\n<h3 class=\"wp-block-heading\"><strong>\u00c4nderungen an der Cookie-Richtlinie<\/strong><\/h3>\n\n\n\n<p>Diese Cookie-Richtlinie kann im Laufe der Zeit \u00c4nderungen unterliegen, einschlie\u00dflich solcher im Zusammenhang mit dem m\u00f6glichen Inkrafttreten neuer gesetzlicher Vorschriften, der Aktualisierung oder Bereitstellung neuer Dienste oder technologischer Innovationen. Bitte konsultieren Sie diese Seite daher regelm\u00e4\u00dfig.<\/p>\n","protected":false},"excerpt":{"rendered":"<p>Cookie Policy &#8211; Maruma s.r.l. Letztes Update: 16\/08\/2022 &#8211; V. 1.0 Wo zu dient dieses Dokument? Diese Cookie-Richtlinie enth\u00e4lt Informationen \u00fcber die verschiedenen Arten von Cookies, die bei Ihrem Besuch auf Ihren Ger\u00e4ten installiert werden k\u00f6nnen www.hotelgoldenrome.com Verantwortliche und Kontaktdaten Maruma s.r.l., mit Sitz in Via Marche 84 &#8211; 00187 Rom Kontaktdetails: info@hotelgoldenrome.com Cookie-Liste Wie&#8230; <a  href=\"https:\/\/www.hotelgoldenrome.com\/de\/cookie-policy\/\"><img decoding=\"async\" class=\"moretag\" src=\"https:\/\/www.hotelgoldenrome.com\/wp-content\/themes\/hotelgoldenrome\/img\/continua.gif\" border=0\/><\/a><\/p>\n","protected":false},"author":17,"featured_media":0,"parent":0,"menu_order":0,"comment_status":"closed","ping_status":"closed","template":"","meta":{"ngg_post_thumbnail":0,"footnotes":""},"class_list":["post-2205","page","type-page","status-publish","hentry"],"yoast_head":"<!-- This site is optimized with the Yoast SEO plugin v25.7 - https:\/\/yoast.com\/wordpress\/plugins\/seo\/ -->\n<title>Cookie Policy | Hotel Golden<\/title>\n<meta name=\"description\" content=\"Cookie Policy, Hotel Golden:\" \/>\n<meta name=\"robots\" content=\"index, follow, max-snippet:-1, max-image-preview:large, max-video-preview:-1\" \/>\n<link rel=\"canonical\" href=\"https:\/\/www.hotelgoldenrome.com\/de\/cookie-policy\/\" \/>\n<meta property=\"og:locale\" content=\"de_DE\" \/>\n<meta property=\"og:type\" content=\"article\" \/>\n<meta property=\"og:title\" content=\"Cookie Policy | Hotel Golden\" \/>\n<meta property=\"og:description\" content=\"Cookie Policy, Hotel Golden:\" \/>\n<meta property=\"og:url\" content=\"https:\/\/www.hotelgoldenrome.com\/de\/cookie-policy\/\" \/>\n<meta property=\"og:site_name\" content=\"Hotel Golden\" \/>\n<meta property=\"article:modified_time\" content=\"2024-07-15T13:41:16+00:00\" \/>\n<meta name=\"twitter:label1\" content=\"Gesch\u00e4tzte Lesezeit\" \/>\n\t<meta name=\"twitter:data1\" content=\"1\u00a0Minute\" \/>\n<script type=\"application\/ld+json\" class=\"yoast-schema-graph\">{\"@context\":\"https:\/\/schema.org\",\"@graph\":[{\"@type\":\"WebPage\",\"@id\":\"https:\/\/www.hotelgoldenrome.com\/de\/cookie-policy\/\",\"url\":\"https:\/\/www.hotelgoldenrome.com\/de\/cookie-policy\/\",\"name\":\"Cookie Policy | Hotel Golden\",\"isPartOf\":{\"@id\":\"https:\/\/www.hotelgoldenrome.com\/de\/#website\"},\"datePublished\":\"2022-08-09T15:54:46+00:00\",\"dateModified\":\"2024-07-15T13:41:16+00:00\",\"description\":\"Cookie Policy, Hotel Golden:\",\"breadcrumb\":{\"@id\":\"https:\/\/www.hotelgoldenrome.com\/de\/cookie-policy\/#breadcrumb\"},\"inLanguage\":\"de\",\"potentialAction\":[{\"@type\":\"ReadAction\",\"target\":[\"https:\/\/www.hotelgoldenrome.com\/de\/cookie-policy\/\"]}]},{\"@type\":\"BreadcrumbList\",\"@id\":\"https:\/\/www.hotelgoldenrome.com\/de\/cookie-policy\/#breadcrumb\",\"itemListElement\":[{\"@type\":\"ListItem\",\"position\":1,\"name\":\"Home\",\"item\":\"https:\/\/www.hotelgoldenrome.com\/de\/\"},{\"@type\":\"ListItem\",\"position\":2,\"name\":\"Cookie Policy\"}]},{\"@type\":\"WebSite\",\"@id\":\"https:\/\/www.hotelgoldenrome.com\/de\/#website\",\"url\":\"https:\/\/www.hotelgoldenrome.com\/de\/\",\"name\":\"Hotel Golden\",\"description\":\"..your Family run hotel in Rome\",\"potentialAction\":[{\"@type\":\"SearchAction\",\"target\":{\"@type\":\"EntryPoint\",\"urlTemplate\":\"https:\/\/www.hotelgoldenrome.com\/de\/?s={search_term_string}\"},\"query-input\":{\"@type\":\"PropertyValueSpecification\",\"valueRequired\":true,\"valueName\":\"search_term_string\"}}],\"inLanguage\":\"de\"}]}<\/script>\n<!-- \/ Yoast SEO plugin. -->","yoast_head_json":{"title":"Cookie Policy | Hotel Golden","description":"Cookie Policy, Hotel Golden:","robots":{"index":"index","follow":"follow","max-snippet":"max-snippet:-1","max-image-preview":"max-image-preview:large","max-video-preview":"max-video-preview:-1"},"canonical":"https:\/\/www.hotelgoldenrome.com\/de\/cookie-policy\/","og_locale":"de_DE","og_type":"article","og_title":"Cookie Policy | Hotel Golden","og_description":"Cookie Policy, Hotel Golden:","og_url":"https:\/\/www.hotelgoldenrome.com\/de\/cookie-policy\/","og_site_name":"Hotel Golden","article_modified_time":"2024-07-15T13:41:16+00:00","twitter_misc":{"Gesch\u00e4tzte Lesezeit":"1\u00a0Minute"},"schema":{"@context":"https:\/\/schema.org","@graph":[{"@type":"WebPage","@id":"https:\/\/www.hotelgoldenrome.com\/de\/cookie-policy\/","url":"https:\/\/www.hotelgoldenrome.com\/de\/cookie-policy\/","name":"Cookie Policy | Hotel Golden","isPartOf":{"@id":"https:\/\/www.hotelgoldenrome.com\/de\/#website"},"datePublished":"2022-08-09T15:54:46+00:00","dateModified":"2024-07-15T13:41:16+00:00","description":"Cookie Policy, Hotel Golden:","breadcrumb":{"@id":"https:\/\/www.hotelgoldenrome.com\/de\/cookie-policy\/#breadcrumb"},"inLanguage":"de","potentialAction":[{"@type":"ReadAction","target":["https:\/\/www.hotelgoldenrome.com\/de\/cookie-policy\/"]}]},{"@type":"BreadcrumbList","@id":"https:\/\/www.hotelgoldenrome.com\/de\/cookie-policy\/#breadcrumb","itemListElement":[{"@type":"ListItem","position":1,"name":"Home","item":"https:\/\/www.hotelgoldenrome.com\/de\/"},{"@type":"ListItem","position":2,"name":"Cookie Policy"}]},{"@type":"WebSite","@id":"https:\/\/www.hotelgoldenrome.com\/de\/#website","url":"https:\/\/www.hotelgoldenrome.com\/de\/","name":"Hotel Golden","description":"..your Family run hotel in Rome","potentialAction":[{"@type":"SearchAction","target":{"@type":"EntryPoint","urlTemplate":"https:\/\/www.hotelgoldenrome.com\/de\/?s={search_term_string}"},"query-input":{"@type":"PropertyValueSpecification","valueRequired":true,"valueName":"search_term_string"}}],"inLanguage":"de"}]}},"_links":{"self":[{"href":"https:\/\/www.hotelgoldenrome.com\/de\/wp-json\/wp\/v2\/pages\/2205","targetHints":{"allow":["GET"]}}],"collection":[{"href":"https:\/\/www.hotelgoldenrome.com\/de\/wp-json\/wp\/v2\/pages"}],"about":[{"href":"https:\/\/www.hotelgoldenrome.com\/de\/wp-json\/wp\/v2\/types\/page"}],"author":[{"embeddable":true,"href":"https:\/\/www.hotelgoldenrome.com\/de\/wp-json\/wp\/v2\/users\/17"}],"replies":[{"embeddable":true,"href":"https:\/\/www.hotelgoldenrome.com\/de\/wp-json\/wp\/v2\/comments?post=2205"}],"version-history":[{"count":2,"href":"https:\/\/www.hotelgoldenrome.com\/de\/wp-json\/wp\/v2\/pages\/2205\/revisions"}],"predecessor-version":[{"id":2246,"href":"https:\/\/www.hotelgoldenrome.com\/de\/wp-json\/wp\/v2\/pages\/2205\/revisions\/2246"}],"wp:attachment":[{"href":"https:\/\/www.hotelgoldenrome.com\/de\/wp-json\/wp\/v2\/media?parent=2205"}],"curies":[{"name":"wp","href":"https:\/\/api.w.org\/{rel}","templated":true}]}}