{"id":294,"date":"2013-09-26T15:38:49","date_gmt":"2013-09-26T15:38:49","guid":{"rendered":"https:\/\/www.hotelgoldenrome.com\/?page_id=294"},"modified":"2014-08-01T08:23:07","modified_gmt":"2014-08-01T08:23:07","slug":"zimmer","status":"publish","type":"page","link":"https:\/\/www.hotelgoldenrome.com\/de\/zimmer\/","title":{"rendered":"Zimmer"},"content":{"rendered":"<div id=\"colonna-dx\"><\/p>\n<h1>Zimmer<\/h1>\n<p>Die Zimmer des Hotels Golden sind mit einem <strong>einfachen<\/strong>, <strong>eleganten<\/strong> und <strong>funktionellen<\/strong> Stil eingerichtet, der ideal ist, um ein angenehmes und gem\u00fctliches Ambiente zu schaffen. Die besondere <strong>Pflege der Details<\/strong>, die warmen Kirschholzm\u00f6bel und die sch\u00f6nen Einrichtungsstoffe tragen dazu bei, eine <strong>famili\u00e4re Atmosph\u00e4re<\/strong> zu schaffen, in der sich die G\u00e4ste sofort zu Hause f\u00fchlen. Alle Zimmer dieses <strong>Hotels von Rom<\/strong> wurden k\u00fcrzlich renoviert und wurden mit <strong>hochqualitativem Komfort<\/strong> wie <strong>Klimaanlage<\/strong>, Satelliten-TV, Telefon, Frigobar, Safe und <strong>l\u00e4rmd\u00e4mmende T\u00fcren und Fenster<\/strong> versehen, um seinen G\u00e4sten einen ruhigen Schlaf sichern zu k\u00f6nnen.<\/p>\n<p>Jedes Zimmer verf\u00fcgt \u00fcber ein <strong>eigenes Bad <\/strong>mit Dusche und Haartrockner und einem reichhaltigen Pflegeset. Au\u00dferdem bieten wir unseren G\u00e4sten in den <strong>Doppelzimmern Superior, der Junior Suite und der Family Suite<\/strong> ein bequemes Kombiset f\u00fcr zwei Personen, bestehend aus <a class=\"thickbox\" href=\"https:\/\/www.hotelgoldenrome.com\/wp-content\/uploads\/2013\/08\/pantofole.jpg\"><strong>Pantoffeln und weichen Badem\u00e4nteln<\/strong><\/a>.<\/p>\n<p><strong>Das Hotel Golden hat sich dazu entschlossen, nicht mehr zu rauchen. <\/strong>F\u00fcr ein gesundheitsf\u00f6rderndes Klima in den R\u00e4umen und in der Luft und aus Respekt vor der Gro\u00dfzahl unserer Kunden, gilt in s\u00e4mtlichen Hotelzimmern absolutes Rauchverbot. <\/p>\n<h2>Unsere Zimmer<\/h2>\n<ul id=\"lista-camere\">\n<li>\n<div>\n<a class=\"thickbox\" href=\"https:\/\/www.hotelgoldenrome.com\/wp-content\/uploads\/2013\/08\/singola.jpg\"><img loading=\"lazy\" decoding=\"async\" src=\"https:\/\/www.hotelgoldenrome.com\/wp-content\/uploads\/2013\/08\/singola-150x150.jpg\" alt=\"Einzelzimmer\" width=\"150\" height=\"150\" class=\"alignnone size-thumbnail wp-image-93\" \/><\/a><\/p>\n<h3><a class=\"thickbox\" href=\"https:\/\/www.hotelgoldenrome.com\/wp-content\/uploads\/2013\/08\/singola.jpg\">Einzelzimmer<\/a><\/h3>\n<p>Heimisches und gem\u00fctliches Nichtraucher-Zimmer mit Einzelbett. Auch diese Unterkunft ist mit Wi-Fi-Anschluss und Klimaanlage ausgestattet.<\/p>\n<\/div>\n<\/li>\n<li>\n<div>\n<a class=\"thickbox\" href=\"https:\/\/www.hotelgoldenrome.com\/wp-content\/uploads\/2013\/08\/doppia.jpg\"><img loading=\"lazy\" decoding=\"async\" src=\"https:\/\/www.hotelgoldenrome.com\/wp-content\/uploads\/2013\/08\/doppia-150x150.jpg\" alt=\"Kleines Doppelzimmer\" width=\"150\" height=\"150\" class=\"alignnone size-thumbnail wp-image-96\" \/><\/a><\/p>\n<h3><a class=\"thickbox\" href=\"https:\/\/www.hotelgoldenrome.com\/wp-content\/uploads\/2013\/08\/doppia.jpg\">Kleines Doppelzimmer<\/a><\/h3>\n<p>Mit franz\u00f6sischem Bett (small double bed), eingeschr\u00e4nkt in der Gr\u00f6\u00dfe, nicht jedoch im Komfort: In der Tat verf\u00fcgt es \u00fcber dieselben Dienstleistungen des Doppelzimmer Superior.<\/p>\n<\/div>\n<\/li>\n<li>\n<div>\n<a class=\"thickbox\" href=\"https:\/\/www.hotelgoldenrome.com\/wp-content\/uploads\/2013\/08\/doppia-classic.jpg\" rel=\"doppia_classic\"><img loading=\"lazy\" decoding=\"async\" src=\"https:\/\/www.hotelgoldenrome.com\/wp-content\/uploads\/2013\/08\/doppia-classic-150x150.jpg\" alt=\"Doppelzimmer Classic\" width=\"150\" height=\"150\" class=\"alignnone size-thumbnail wp-image-97\" \/><\/a><\/p>\n<h3><a href=\"https:\/\/www.hotelgoldenrome.com\/wp-content\/uploads\/2014\/01\/doppia_classic-2.jpg\" rel=\"doppia_classic\" class=\"thickbox\">Doppelzimmer Classic<\/a><\/h3>\n<p>Mit Queen- Size Ehebett oder zwei Einzelbetten. Etwas kleiner als das Doppelzimmer Superior, doch ebenso stilvoll und mit jeglichem Komfort.<\/p>\n<\/div>\n<\/li>\n<li>\n<div>\n<a class=\"thickbox\" href=\"https:\/\/www.hotelgoldenrome.com\/wp-content\/uploads\/2013\/08\/doppia-superior.jpg\" rel=\"doppia_superior\"><img loading=\"lazy\" decoding=\"async\" src=\"https:\/\/www.hotelgoldenrome.com\/wp-content\/uploads\/2013\/08\/doppia-superior-150x150.jpg\" alt=\"Doppelzimmer Superior\" width=\"150\" height=\"150\" class=\"alignnone size-thumbnail wp-image-98\" \/><\/a><\/p>\n<h3><a href=\"https:\/\/www.hotelgoldenrome.com\/wp-content\/uploads\/2014\/01\/doppia_superior-2.jpg\" rel=\"doppia_superior\" class=\"thickbox\">Doppelzimmer Superior<\/a><\/h3>\n<p>Das Highlight des Hotel Golden, das sich auf einzigartige Weise in die prachtvolle Lage nahe der Via Veneto, der Piazza di Spagna und der Fontana di Trevi einf\u00fcgt. H\u00f6chster Luxus, Wi-Fi-Anschluss, Nichtraucherzimmer&#8230; Zwei Einzelbetten oder ein King-Size Ehebett. Badem\u00e4ntel und Pantoffeln f\u00fcr zwei Personen.<\/p>\n<\/div>\n<\/li>\n<li>\n<div>\n<a class=\"thickbox\" href=\"https:\/\/www.hotelgoldenrome.com\/wp-content\/uploads\/2013\/08\/tripla.jpg\" rel=\"tripla\"><img loading=\"lazy\" decoding=\"async\" src=\"https:\/\/www.hotelgoldenrome.com\/wp-content\/uploads\/2013\/08\/tripla-150x150.jpg\" alt=\"Dreibettzimmer\" width=\"150\" height=\"150\" class=\"alignnone size-thumbnail wp-image-99\" \/><\/a><\/p>\n<h3><a href=\"https:\/\/www.hotelgoldenrome.com\/wp-content\/uploads\/2014\/01\/tripla-2.jpg\" rel=\"tripla\" class=\"thickbox\">Dreibettzimmer<\/a><\/h3>\n<p>In zwei Typologien verf\u00fcgbar bzw. mit einem King-Size Ehebett + Einzelbett oder mit drei Einzelbetten. Auch hier herrschen die Highlights des Hotel Golden, wie der Wi-Fi-Anschluss und der Nichtraucherbereich.<\/p>\n<\/div>\n<\/li>\n<li>\n<div>\n<a class=\"thickbox\" href=\"https:\/\/www.hotelgoldenrome.com\/wp-content\/uploads\/2013\/08\/family-room.jpg\" rel=\"family_room\"><img loading=\"lazy\" decoding=\"async\" src=\"https:\/\/www.hotelgoldenrome.com\/wp-content\/uploads\/2013\/08\/family-room-150x150.jpg\" alt=\"Family Zimmer\" width=\"150\" height=\"150\" class=\"alignnone size-thumbnail wp-image-100\" \/><\/a><\/p>\n<h3><a href=\"https:\/\/www.hotelgoldenrome.com\/wp-content\/uploads\/2014\/01\/family_room-2.jpg\" rel=\"family_room\" class=\"thickbox\">Family Zimmer<\/a><\/h3>\n<p>Sehr ger\u00e4umig und gepflegt, geeignet sich f\u00fcr zwei Erwachsene mit zwei Kindern. Zwei King-Size Ehebetten oder zwei Einzelbetten + ein Ehebett. Wi-Fi-Anschluss, Klimaanlage, Nichtraucherzimmer.<\/p>\n<\/div>\n<\/li>\n<li>\n<div>\n<a class=\"thickbox\" href=\"https:\/\/www.hotelgoldenrome.com\/wp-content\/uploads\/2013\/08\/junior-suite.jpg\"><img loading=\"lazy\" decoding=\"async\" src=\"https:\/\/www.hotelgoldenrome.com\/wp-content\/uploads\/2013\/08\/junior-suite-150x150.jpg\" alt=\"Junior Suite\" width=\"150\" height=\"150\" class=\"alignnone size-thumbnail wp-image-101\" \/><\/a><\/p>\n<h3><a class=\"thickbox\" href=\"https:\/\/www.hotelgoldenrome.com\/wp-content\/uploads\/2013\/08\/junior-suite.jpg\">Junior Suite<\/a><\/h3>\n<p>Ein hervorragendes und exklusives Hotel f\u00fcr einen romantischen Aufenthalt in Rom. Die Doppelzimmer haben einen Wohnbereich und ein Bad mit Chromotherapie. Au\u00dferdem sind die Zimmer mit Parkettfu\u00dfboden, 32-Zoll-LCD-Fernseher und weiteren Komforts ausgestattet. Badem\u00e4ntel und Pantoffeln f\u00fcr zwei Personen.<\/p>\n<\/div>\n<\/li>\n<li>\n<div>\n<a class=\"thickbox\" href=\"https:\/\/www.hotelgoldenrome.com\/wp-content\/uploads\/2013\/08\/familysuite.jpg\"><img loading=\"lazy\" decoding=\"async\" src=\"https:\/\/www.hotelgoldenrome.com\/wp-content\/uploads\/2013\/08\/familysuite-150x150.jpg\" alt=\"family-suite\" width=\"150\" height=\"150\" class=\"alignnone size-thumbnail wp-image-101\" \/><\/a><\/p>\n<h3><a class=\"thickbox\" href=\"https:\/\/www.hotelgoldenrome.com\/wp-content\/uploads\/2013\/08\/familysuite.jpg\">Family Suite<\/a><\/h3>\n<p>Zus\u00e4tzlich zu komfortablen Familienzimmern bietet das Hotel Golden auch gro\u00dfe Familiensuiten im Zentrum von Rom, die perfekt f\u00fcr einen exklusiven Aufenthalt mit Ihrer Familie geeignet sind. Sie beinhalten zwei Schlafzimmer, ein kleines Wohnzimmer und ein Esszimmer, in dem das vorbestellte Fr\u00fchst\u00fcck eingenommen werden kann&#8230;<a href=\"https:\/\/www.hotelgoldenrome.com\/de\/family-hotel-suites-de\/\" title=\"Family Suite\">Lesen Sie weiter<\/a><\/p>\n<\/div>\n<\/li>\n<\/ul>\n<p><\/div>\n<div id=\"colonna-sx\"><br \/>\n<img loading=\"lazy\" decoding=\"async\" src=\"https:\/\/www.hotelgoldenrome.com\/wp-content\/uploads\/2013\/08\/maria-teresa.jpg\" alt=\"maria-teresa\" width=\"206\" height=\"206\" class=\"aligncenter size-full wp-image-65\" srcset=\"https:\/\/www.hotelgoldenrome.com\/wp-content\/uploads\/2013\/08\/maria-teresa.jpg 206w, https:\/\/www.hotelgoldenrome.com\/wp-content\/uploads\/2013\/08\/maria-teresa-150x150.jpg 150w\" sizes=\"auto, (max-width: 206px) 100vw, 206px\" \/><\/p>\n<p class=\"nome\">Fragen Sie<br \/> <span>Maria Teresa<\/span><\/p>\n<p>Wenn ich eines unserer Zimmer betrete, dann atme ich die Atmosph\u00e4re eines richtigen Heims mit gem\u00fctlicher Ausstrahlung und geschmackvoller Einrichtung. Wenn Sie also mit Ihren Kindern unterwegs sind, dann testen Sie unsere Family Suite!<\/p>\n<p> <\/p>\n<div class=\"lista\">\n<h3>Komfort<\/h3>\n<ul>\n<li>\u00b7 Nichtraucher<\/li>\n<li>\u00b7 Antiallergische Ausstattung<\/li>\n<li>\u00b7 Telefon<\/li>\n<li>\u00b7 Internet<\/li>\n<li>\u00b7 Wi-Fi Anschluss<\/li>\n<li>\u00b7 LCD-Satelliten-TV<\/li>\n<li>\u00b7 Radio<\/li>\n<li>\u00b7 Minibar<\/li>\n<li>\u00b7 Safe<\/li>\n<li>\u00b7 Klimaanlage (regulierbar)<\/li>\n<li>\u00b7 Heizung (regulierbar)<\/li>\n<li>\u00b7 Dusche<\/li>\n<li>\u00b7 Handtuchw\u00e4rmer<\/li>\n<li>\u00b7 Beauty-Set<\/li>\n<li>\u00b7 Haartrockner<\/li>\n<li>\u00b7 B\u00fcgeleisen<\/li>\n<\/ul>\n<\/div>\n<p><\/div>\n<p><br clear=\"all\" \/><\/p>\n","protected":false},"excerpt":{"rendered":"<p class=\"nome\">Fragen Sie<br \/> <span>Maria Teresa<\/span><\/p>\n<p>Wenn ich eines unserer Zimmer betrete, dann atme ich die Atmosph\u00e4re eines richtigen Heims mit gem\u00fctlicher Ausstrahlung und geschmackvoller Einrichtung. Wenn Sie also mit Ihren Kindern unterwegs sind, dann testen Sie unsere Family Suite!<\/p>\n","protected":false},"author":17,"featured_media":65,"parent":0,"menu_order":0,"comment_status":"open","ping_status":"open","template":"page-duecolonne.php","meta":{"ngg_post_thumbnail":0,"footnotes":""},"class_list":["post-294","page","type-page","status-publish","has-post-thumbnail","hentry"],"yoast_head":"<!-- This site is optimized with the Yoast SEO plugin v25.7 - https:\/\/yoast.com\/wordpress\/plugins\/seo\/ -->\n<title>Zimmer | Hotel Golden<\/title>\n<meta name=\"description\" content=\"Zimmer, Hotel Golden: Famili\u00e4r gef\u00fchrte Hotel direkt an der Villa Borghese in Rom.\" \/>\n<meta name=\"robots\" content=\"index, follow, max-snippet:-1, max-image-preview:large, max-video-preview:-1\" \/>\n<link rel=\"canonical\" href=\"https:\/\/www.hotelgoldenrome.com\/de\/zimmer\/\" \/>\n<meta property=\"og:locale\" content=\"de_DE\" \/>\n<meta property=\"og:type\" content=\"article\" \/>\n<meta property=\"og:title\" content=\"Zimmer | Hotel Golden\" \/>\n<meta property=\"og:description\" content=\"Zimmer, Hotel Golden: Famili\u00e4r gef\u00fchrte Hotel direkt an der Villa Borghese in Rom.\" \/>\n<meta property=\"og:url\" content=\"https:\/\/www.hotelgoldenrome.com\/de\/zimmer\/\" \/>\n<meta property=\"og:site_name\" content=\"Hotel Golden\" \/>\n<meta property=\"article:modified_time\" content=\"2014-08-01T08:23:07+00:00\" \/>\n<meta property=\"og:image\" content=\"https:\/\/www.hotelgoldenrome.com\/wp-content\/uploads\/2013\/08\/maria-teresa.jpg\" \/>\n\t<meta property=\"og:image:width\" content=\"206\" \/>\n\t<meta property=\"og:image:height\" content=\"206\" \/>\n\t<meta property=\"og:image:type\" content=\"image\/jpeg\" \/>\n<meta name=\"twitter:label1\" content=\"Gesch\u00e4tzte Lesezeit\" \/>\n\t<meta name=\"twitter:data1\" content=\"3\u00a0Minuten\" \/>\n<script type=\"application\/ld+json\" class=\"yoast-schema-graph\">{\"@context\":\"https:\/\/schema.org\",\"@graph\":[{\"@type\":\"WebPage\",\"@id\":\"https:\/\/www.hotelgoldenrome.com\/de\/zimmer\/\",\"url\":\"https:\/\/www.hotelgoldenrome.com\/de\/zimmer\/\",\"name\":\"Zimmer | Hotel Golden\",\"isPartOf\":{\"@id\":\"https:\/\/www.hotelgoldenrome.com\/de\/#website\"},\"primaryImageOfPage\":{\"@id\":\"https:\/\/www.hotelgoldenrome.com\/de\/zimmer\/#primaryimage\"},\"image\":{\"@id\":\"https:\/\/www.hotelgoldenrome.com\/de\/zimmer\/#primaryimage\"},\"thumbnailUrl\":\"https:\/\/www.hotelgoldenrome.com\/wp-content\/uploads\/2013\/08\/maria-teresa.jpg\",\"datePublished\":\"2013-09-26T15:38:49+00:00\",\"dateModified\":\"2014-08-01T08:23:07+00:00\",\"description\":\"Zimmer, Hotel Golden: Famili\u00e4r gef\u00fchrte Hotel direkt an der Villa Borghese in Rom.\",\"breadcrumb\":{\"@id\":\"https:\/\/www.hotelgoldenrome.com\/de\/zimmer\/#breadcrumb\"},\"inLanguage\":\"de\",\"potentialAction\":[{\"@type\":\"ReadAction\",\"target\":[\"https:\/\/www.hotelgoldenrome.com\/de\/zimmer\/\"]}]},{\"@type\":\"ImageObject\",\"inLanguage\":\"de\",\"@id\":\"https:\/\/www.hotelgoldenrome.com\/de\/zimmer\/#primaryimage\",\"url\":\"https:\/\/www.hotelgoldenrome.com\/wp-content\/uploads\/2013\/08\/maria-teresa.jpg\",\"contentUrl\":\"https:\/\/www.hotelgoldenrome.com\/wp-content\/uploads\/2013\/08\/maria-teresa.jpg\",\"width\":206,\"height\":206},{\"@type\":\"BreadcrumbList\",\"@id\":\"https:\/\/www.hotelgoldenrome.com\/de\/zimmer\/#breadcrumb\",\"itemListElement\":[{\"@type\":\"ListItem\",\"position\":1,\"name\":\"Home\",\"item\":\"https:\/\/www.hotelgoldenrome.com\/de\/\"},{\"@type\":\"ListItem\",\"position\":2,\"name\":\"Zimmer\"}]},{\"@type\":\"WebSite\",\"@id\":\"https:\/\/www.hotelgoldenrome.com\/de\/#website\",\"url\":\"https:\/\/www.hotelgoldenrome.com\/de\/\",\"name\":\"Hotel Golden\",\"description\":\"..your Family run hotel in Rome\",\"potentialAction\":[{\"@type\":\"SearchAction\",\"target\":{\"@type\":\"EntryPoint\",\"urlTemplate\":\"https:\/\/www.hotelgoldenrome.com\/de\/?s={search_term_string}\"},\"query-input\":{\"@type\":\"PropertyValueSpecification\",\"valueRequired\":true,\"valueName\":\"search_term_string\"}}],\"inLanguage\":\"de\"}]}<\/script>\n<!-- \/ Yoast SEO plugin. -->","yoast_head_json":{"title":"Zimmer | Hotel Golden","description":"Zimmer, Hotel Golden: Famili\u00e4r gef\u00fchrte Hotel direkt an der Villa Borghese in Rom.","robots":{"index":"index","follow":"follow","max-snippet":"max-snippet:-1","max-image-preview":"max-image-preview:large","max-video-preview":"max-video-preview:-1"},"canonical":"https:\/\/www.hotelgoldenrome.com\/de\/zimmer\/","og_locale":"de_DE","og_type":"article","og_title":"Zimmer | Hotel Golden","og_description":"Zimmer, Hotel Golden: Famili\u00e4r gef\u00fchrte Hotel direkt an der Villa Borghese in Rom.","og_url":"https:\/\/www.hotelgoldenrome.com\/de\/zimmer\/","og_site_name":"Hotel Golden","article_modified_time":"2014-08-01T08:23:07+00:00","og_image":[{"width":206,"height":206,"url":"https:\/\/www.hotelgoldenrome.com\/wp-content\/uploads\/2013\/08\/maria-teresa.jpg","type":"image\/jpeg"}],"twitter_misc":{"Gesch\u00e4tzte Lesezeit":"3\u00a0Minuten"},"schema":{"@context":"https:\/\/schema.org","@graph":[{"@type":"WebPage","@id":"https:\/\/www.hotelgoldenrome.com\/de\/zimmer\/","url":"https:\/\/www.hotelgoldenrome.com\/de\/zimmer\/","name":"Zimmer | Hotel Golden","isPartOf":{"@id":"https:\/\/www.hotelgoldenrome.com\/de\/#website"},"primaryImageOfPage":{"@id":"https:\/\/www.hotelgoldenrome.com\/de\/zimmer\/#primaryimage"},"image":{"@id":"https:\/\/www.hotelgoldenrome.com\/de\/zimmer\/#primaryimage"},"thumbnailUrl":"https:\/\/www.hotelgoldenrome.com\/wp-content\/uploads\/2013\/08\/maria-teresa.jpg","datePublished":"2013-09-26T15:38:49+00:00","dateModified":"2014-08-01T08:23:07+00:00","description":"Zimmer, Hotel Golden: Famili\u00e4r gef\u00fchrte Hotel direkt an der Villa Borghese in Rom.","breadcrumb":{"@id":"https:\/\/www.hotelgoldenrome.com\/de\/zimmer\/#breadcrumb"},"inLanguage":"de","potentialAction":[{"@type":"ReadAction","target":["https:\/\/www.hotelgoldenrome.com\/de\/zimmer\/"]}]},{"@type":"ImageObject","inLanguage":"de","@id":"https:\/\/www.hotelgoldenrome.com\/de\/zimmer\/#primaryimage","url":"https:\/\/www.hotelgoldenrome.com\/wp-content\/uploads\/2013\/08\/maria-teresa.jpg","contentUrl":"https:\/\/www.hotelgoldenrome.com\/wp-content\/uploads\/2013\/08\/maria-teresa.jpg","width":206,"height":206},{"@type":"BreadcrumbList","@id":"https:\/\/www.hotelgoldenrome.com\/de\/zimmer\/#breadcrumb","itemListElement":[{"@type":"ListItem","position":1,"name":"Home","item":"https:\/\/www.hotelgoldenrome.com\/de\/"},{"@type":"ListItem","position":2,"name":"Zimmer"}]},{"@type":"WebSite","@id":"https:\/\/www.hotelgoldenrome.com\/de\/#website","url":"https:\/\/www.hotelgoldenrome.com\/de\/","name":"Hotel Golden","description":"..your Family run hotel in Rome","potentialAction":[{"@type":"SearchAction","target":{"@type":"EntryPoint","urlTemplate":"https:\/\/www.hotelgoldenrome.com\/de\/?s={search_term_string}"},"query-input":{"@type":"PropertyValueSpecification","valueRequired":true,"valueName":"search_term_string"}}],"inLanguage":"de"}]}},"_links":{"self":[{"href":"https:\/\/www.hotelgoldenrome.com\/de\/wp-json\/wp\/v2\/pages\/294","targetHints":{"allow":["GET"]}}],"collection":[{"href":"https:\/\/www.hotelgoldenrome.com\/de\/wp-json\/wp\/v2\/pages"}],"about":[{"href":"https:\/\/www.hotelgoldenrome.com\/de\/wp-json\/wp\/v2\/types\/page"}],"author":[{"embeddable":true,"href":"https:\/\/www.hotelgoldenrome.com\/de\/wp-json\/wp\/v2\/users\/17"}],"replies":[{"embeddable":true,"href":"https:\/\/www.hotelgoldenrome.com\/de\/wp-json\/wp\/v2\/comments?post=294"}],"version-history":[{"count":9,"href":"https:\/\/www.hotelgoldenrome.com\/de\/wp-json\/wp\/v2\/pages\/294\/revisions"}],"predecessor-version":[{"id":1951,"href":"https:\/\/www.hotelgoldenrome.com\/de\/wp-json\/wp\/v2\/pages\/294\/revisions\/1951"}],"wp:featuredmedia":[{"embeddable":true,"href":"https:\/\/www.hotelgoldenrome.com\/de\/wp-json\/wp\/v2\/media\/65"}],"wp:attachment":[{"href":"https:\/\/www.hotelgoldenrome.com\/de\/wp-json\/wp\/v2\/media?parent=294"}],"curies":[{"name":"wp","href":"https:\/\/api.w.org\/{rel}","templated":true}]}}