{"id":352,"date":"2013-09-27T10:48:44","date_gmt":"2013-09-27T10:48:44","guid":{"rendered":"https:\/\/www.hotelgoldenrome.com\/?page_id=352"},"modified":"2016-08-10T07:19:16","modified_gmt":"2016-08-10T07:19:16","slug":"lage","status":"publish","type":"page","link":"https:\/\/www.hotelgoldenrome.com\/de\/lage\/","title":{"rendered":"Lage"},"content":{"rendered":"<div id=\"colonna-dx\"><\/p>\n<h1>Hotel in Rom, nahe der Villa Borghese<\/h1>\n<p>Das Hotel Golden befindet sich zwischen der wundersch\u00f6nen <strong>Villa Borghese<\/strong> und <strong>Via Veneto<\/strong>, welche in den 60iger Jahren die Kulisse f\u00fcr &#8222;La Dolce Vita&#8220; war. Es hat eine zentrale, aber gleichzeitig sehr <strong>ruhigen<\/strong> Lage und ist nur zwei Schritte vom <strong>Spanischen Platz<\/strong> und dem <strong>Trevibrunnen<\/strong> entfernt.<\/p>\n<p><!-- index.php -->\n<div\n\tclass=\"ngg-galleryoverview ngg-ajax-pagination-none\"\n\tid=\"ngg-gallery-013901b19af03fbd4a581c21b99a80df-1\">\n\n    \t\t<!-- Thumbnails -->\n\t\t\t\t<div id=\"ngg-image-0\" class=\"ngg-gallery-thumbnail-box\" >\n\t\t\t\t        <div class=\"ngg-gallery-thumbnail\">\n            <a href=\"https:\/\/www.hotelgoldenrome.com\/wp-content\/galleries\/posizione\/100.jpg\"\n               title=\"\"\n               data-src=\"https:\/\/www.hotelgoldenrome.com\/wp-content\/galleries\/posizione\/100.jpg\"\n               data-thumbnail=\"https:\/\/www.hotelgoldenrome.com\/wp-content\/galleries\/posizione\/thumbs\/thumbs_100.jpg\"\n               data-image-id=\"100\"\n               data-title=\"100-jpg\"\n               data-description=\"\"\n               data-image-slug=\"100-jpg\"\n               class=\"ngg-fancybox\" rel=\"013901b19af03fbd4a581c21b99a80df\">\n                <img\n                    title=\"100-jpg\"\n                    alt=\"100-jpg\"\n                    src=\"https:\/\/www.hotelgoldenrome.com\/wp-content\/galleries\/posizione\/thumbs\/thumbs_100.jpg\"\n                    width=\"150\"\n                    height=\"150\"\n                    style=\"max-width:100%;\"\n                \/>\n            <\/a>\n        <\/div>\n\t\t\t\t\t\t\t<\/div> \n\t\t\t\n        \n\t\t\t\t<div id=\"ngg-image-1\" class=\"ngg-gallery-thumbnail-box\" >\n\t\t\t\t        <div class=\"ngg-gallery-thumbnail\">\n            <a href=\"https:\/\/www.hotelgoldenrome.com\/wp-content\/galleries\/posizione\/piazza_spagna.jpg\"\n               title=\"\"\n               data-src=\"https:\/\/www.hotelgoldenrome.com\/wp-content\/galleries\/posizione\/piazza_spagna.jpg\"\n               data-thumbnail=\"https:\/\/www.hotelgoldenrome.com\/wp-content\/galleries\/posizione\/thumbs\/thumbs_piazza_spagna.jpg\"\n               data-image-id=\"99\"\n               data-title=\"Primavera a Trinit\u2021 dei Monti, Piazza di Spagna, Roma\"\n               data-description=\"\"\n               data-image-slug=\"piazza_spagna-jpg\"\n               class=\"ngg-fancybox\" rel=\"013901b19af03fbd4a581c21b99a80df\">\n                <img\n                    title=\"Primavera a Trinit\u2021 dei Monti, Piazza di Spagna, Roma\"\n                    alt=\"Primavera a Trinit\u2021 dei Monti, Piazza di Spagna, Roma\"\n                    src=\"https:\/\/www.hotelgoldenrome.com\/wp-content\/galleries\/posizione\/thumbs\/thumbs_piazza_spagna.jpg\"\n                    width=\"150\"\n                    height=\"150\"\n                    style=\"max-width:100%;\"\n                \/>\n            <\/a>\n        <\/div>\n\t\t\t\t\t\t\t<\/div> \n\t\t\t\n        \n\t\t\t\t<div id=\"ngg-image-2\" class=\"ngg-gallery-thumbnail-box\" >\n\t\t\t\t        <div class=\"ngg-gallery-thumbnail\">\n            <a href=\"https:\/\/www.hotelgoldenrome.com\/wp-content\/galleries\/posizione\/roma.jpg\"\n               title=\"A wornderful sundown overlooking the Saint Peter Cathedral\"\n               data-src=\"https:\/\/www.hotelgoldenrome.com\/wp-content\/galleries\/posizione\/roma.jpg\"\n               data-thumbnail=\"https:\/\/www.hotelgoldenrome.com\/wp-content\/galleries\/posizione\/thumbs\/thumbs_roma.jpg\"\n               data-image-id=\"102\"\n               data-title=\"Rome Sundown\"\n               data-description=\"A wornderful sundown overlooking the Saint Peter Cathedral\"\n               data-image-slug=\"rome-sundown\"\n               class=\"ngg-fancybox\" rel=\"013901b19af03fbd4a581c21b99a80df\">\n                <img\n                    title=\"Rome Sundown\"\n                    alt=\"Rome Sundown\"\n                    src=\"https:\/\/www.hotelgoldenrome.com\/wp-content\/galleries\/posizione\/thumbs\/thumbs_roma.jpg\"\n                    width=\"150\"\n                    height=\"150\"\n                    style=\"max-width:100%;\"\n                \/>\n            <\/a>\n        <\/div>\n\t\t\t\t\t\t\t<\/div> \n\t\t\t\n        \n\t\t\t\t<div id=\"ngg-image-3\" class=\"ngg-gallery-thumbnail-box\" >\n\t\t\t\t        <div class=\"ngg-gallery-thumbnail\">\n            <a href=\"https:\/\/www.hotelgoldenrome.com\/wp-content\/galleries\/posizione\/eventi.jpg\"\n               title=\"\"\n               data-src=\"https:\/\/www.hotelgoldenrome.com\/wp-content\/galleries\/posizione\/eventi.jpg\"\n               data-thumbnail=\"https:\/\/www.hotelgoldenrome.com\/wp-content\/galleries\/posizione\/thumbs\/thumbs_eventi.jpg\"\n               data-image-id=\"101\"\n               data-title=\"The Coliseum by Night\"\n               data-description=\"\"\n               data-image-slug=\"the-coliseum-by-night\"\n               class=\"ngg-fancybox\" rel=\"013901b19af03fbd4a581c21b99a80df\">\n                <img\n                    title=\"The Coliseum by Night\"\n                    alt=\"The Coliseum by Night\"\n                    src=\"https:\/\/www.hotelgoldenrome.com\/wp-content\/galleries\/posizione\/thumbs\/thumbs_eventi.jpg\"\n                    width=\"150\"\n                    height=\"150\"\n                    style=\"max-width:100%;\"\n                \/>\n            <\/a>\n        <\/div>\n\t\t\t\t\t\t\t<\/div> \n\t\t\t\n        \n\t\t\n\t\t<!-- Pagination -->\n\t<div class='ngg-clear'><\/div>\t<\/div>\n<\/p>\n<p>Unweit von diesem gem\u00fctlichen <strong>Hotel von Rom<\/strong> breitet sich die gr\u00fcne Lunge der Stadt aus,  der Park<strong> <\/strong> Villa Borghese, wo die R\u00f6mer gerne w\u00e4hrend den Festtagen spazieren gehen und wo sich auch der spektakul\u00e4re Aussichtspunkt <strong>Pincio<\/strong> befindet, von dem Sie einen Ausblick \u00fcber die ganze Stadt haben. In der prunkvollen Villa befindet sich die ber\u00fchmte <strong>Galerie Borghese<\/strong> mit einer der weltweit umfangreichsten Sammlungen mit Werken von Tiziano, Rubens, Caravaggio und Bernini.<\/p>\n<p><iframe loading=\"lazy\" src=\"https:\/\/maps.google.it\/maps?q=Hotel+Golden+Roma+-+MARUMA+Srl+-+Via+Marche+84,+00187+Roma,+Italia&amp;oe=utf-8&amp;client=firefox-a&amp;channel=fflb&amp;ie=UTF8&amp;hl=it&amp;hq=Hotel+Golden+Roma+-+MARUMA+Srl+-+Via+Marche+84,+00187+Roma,+Italia&amp;hnear=&amp;radius=15000&amp;t=m&amp;ll=41.911475,12.490017&amp;spn=0.006387,0.014806&amp;z=16&amp;iwloc=A&amp;output=embed\" height=\"400\" width=\"650\" frameborder=\"0\" marginwidth=\"0\" marginheight=\"0\" scrolling=\"no\"><\/iframe><\/p>\n<h2>WIE SIE UNS ERREICHEN<\/h2>\n<ul id=\"come\">\n<li>\n<div>\n<p><strong>Mit dem Flugzeug<\/strong><br \/>\nDas Hotel Golden bietet einen <strong>Abholservice<\/strong> vom Flughafen an, der bei der Zimmerreservierung anzufordern ist. Das Hotel ist von den <strong>r\u00f6mischen Flugh\u00e4fen<\/strong> auf verschiedene Weisen erreichbar.<br \/>\nVom <strong>Flughafen Rom &#8222;Fiumicino&#8220;<\/strong>:<br \/>\n&#8211; Mit den Autobussen &#8222;Terravision Shuttle&#8220; und &#8222;Schiaffini Travel Shuttle&#8220; gelangen Sie zum Hauptbahnhof Termini. Von dort k\u00f6nnen Sie ein Taxi oder den Autobus 360 (Corso d&#8217;Italia &#8211; 5. Haltestelle) bzw. 910 (Via Piemonte\/Boncompagni &#8211; 4. Haltestelle) nehmen und danach noch 400 Meter zu Fu\u00df bis zur Via Marche gehen.<br \/>\n&#8211; Mit dem Eilzug &#8222;Leonardo Express&#8220; erreichen Sie in zirka 35 Minuten den Bahnhof Termini. Von dort k\u00f6nnen Sie ein Taxi oder den Autobus 360 (Corso d&#8217;Italia &#8211; 5. Haltestelle) bzw. 910 (Via Piemonte\/Boncompagni &#8211; 4. Haltestelle) nehmen und danach noch 400 Meter zu Fu\u00df bis zur Via Marche gehen oder auch mit der U-Bahn A bis Piazza Barberini fahren und von dort die Via Veneto entweder zu Fu\u00df hochgehen oder mit einem der zahlreichen Autobusse hochfahren.<br \/>\nVom <strong>Flughafen Rom &#8222;Ciampino&#8220;<\/strong>:<br \/>\n&#8211; Mit einem privaten Taxi<br \/>\n&#8211; Mit den Autobussen &#8222;Terravision Shuttle&#8220; und &#8222;Schiaffini Travel Shuttle&#8220; gelangen Sie bis zum Hauptbahnhof Termini Von dort k\u00f6nnen Sie ein Taxi oder den Autobus 360 (Corso d&#8217;Italia &#8211; 5. Haltestelle) bzw. 910 (Via Piemonte\/Boncompagni &#8211; 4. Haltestelle) nehmen und danach noch 400 Meter zu Fu\u00df bis zur Via Marche gehen oder auch mit der U-Bahn A bis Piazza Barberini fahren und von dort die Via Veneto entweder zu Fu\u00df hochgehen oder mit einem der zahlreichen Autobusse hochfahren.<\/p>\n<p><strong>Mit dem Auto<\/strong><br \/>\nVon den Autobahnen m\u00fcssen Sie auf die Umfahrungsstrasse Grande Raccordo Anulare fahren und danach an der Abfahrt Salaria abfahren. Fahren Sie dann auf der Via Salaria in Richtung Zentrum bis zur Villa Borghese.   Biegen Sie dort in die Via Pinciana ab und fahren Sie dann gerade bis zum Piazzale Brasile weiter. Nun m\u00fcssen Sie an der Ampel links abbiegen und den Mura Aureliane bis zur Porta Pinciana entlang fahren.  Die ersten Querstrasse auf der linken Seite ist Via Marche, in der Sie an der Hausnummer 84 das Hotel finden. Sie k\u00f6nnen Ihr Auto in einer <strong>Vertragsgarage<\/strong> in der N\u00e4he des Hotels parken, die auch einen Abhol- und Zustellservice anbietet.<\/p>\n<p><strong>Mit dem Zug<\/strong><br \/>\nVom Hauptbahnhof Termini erreichen Sie das Hotel Golden mit einem Taxi oder mit den \u00f6ffentlichen Verkehrsmitteln. Der Autobus 360 bleibt im Corso d&#8217;Italia (5. Haltestelle) stehen, der Autobus 910 hingegen an der Kreuzung Via Piemonte mit Via Boncompagni. In beiden F\u00e4llen m\u00fcssen Sie zirka 400 Meter zu Fu\u00df bis zur Via Marche gehen, wo sich an der Hausnummer 84 das Hotel befindet.<br \/>\nSie k\u00f6nnen aber auch die U-Bahn (Linie A, Richtung Battistini) nehmen und an der 2. Haltestelle (Piazza Barberini) aussteigen. Dort m\u00fcssen Sie Via Veneto entweder zu Fu\u00df hochgehen oder mit einem der zahlreichen Autobusse (116, 119, 95, 63, 80, 52, 53) hochfahren.<\/p>\n<\/div>\n<\/li>\n<\/ul>\n<p><\/div>\n<div id=\"colonna-sx\"><br \/>\n<img loading=\"lazy\" decoding=\"async\" class=\"aligncenter size-full wp-image-65\" alt=\"maria-teresa\" src=\"https:\/\/www.hotelgoldenrome.com\/wp-content\/uploads\/2013\/08\/giuseppe.jpg\" width=\"206\" height=\"206\" \/><\/p>\n<p class=\"nome\">Fragen Sie<br \/><span>Giuseppe<\/span><\/p>\n<p>In unserem Hotel zu wohnen bedeutet, Rom zu Ihren F\u00fc\u00dfen liegen zu haben. Wir befinden uns ganz in der N\u00e4he der Via Veneto und der U-Bahn-Station, aber Sie k\u00f6nnen sich auch ganz bequem zu Fu\u00df fortbewegen!<\/p>\n<p><a href=\"https:\/\/www.hotelgoldenrome.com\/wp-content\/uploads\/2013\/08\/020.jpg\" class=\"thickbox\"><img loading=\"lazy\" decoding=\"async\" src=\"https:\/\/www.hotelgoldenrome.com\/wp-content\/uploads\/2013\/08\/020-206x206.jpg\" alt=\"020\" width=\"206\" height=\"206\" \/><\/a><\/p>\n<p>Durch die Lage des <strong>Hotel Golden Rome<\/strong> k\u00f6nnen Sie auch zu Fu\u00df viele aus kultureller Sicht und f\u00fcr das <strong>Shopping<\/strong> interessante Orte erreichen, wie beispielsweise <strong>Via del Corso<\/strong>&nbsp;und <strong>Piazza Navona<\/strong>. Mit dem effizienten \u00f6ffentlichen Verkehrsnetz erreichen Sie \u00fcberdies die zahlreichen Sehensw\u00fcrdigkeiten aus der Kaiserzeit, wie das <strong>Kolosseum<\/strong>, die Kaiserforen und die Domus Aurea.<\/p>\n<p>Damit Ihr Aufenthalt noch angenehmer wird, haben wir ein Abkommen mit einem Touristenf\u00fchrerservice abgeschlossen, die <strong>Stadttouren<\/strong> und <strong>Ausfl\u00fcge in die Umgebung Roms<\/strong> veranstalten.<\/p>\n<p>Wenn Sie sich wie bei sich Zuhause f\u00fchlen m\u00f6chten, dabei aber in unmittelbarer N\u00e4he der r\u00f6mischen Sehensw\u00fcrdigkeiten wie der <strong>Piazza di Spagna<\/strong>, dem <strong>Trevi- Brunnen<\/strong>, der <strong>Via Veneto<\/strong> und der <strong>Villa Borghese<\/strong> wohnen m\u00f6chten, dann ist das Hotel Golden in <strong>Rom<\/strong> f\u00fcr Sie die ideale Wahl.<\/p>\n<p><\/div>\n<p>&nbsp;<\/p>\n","protected":false},"excerpt":{"rendered":"<p class=\"nome\">Fragen Sie<br \/><span>Giuseppe<\/span><\/p>\n<p>In unserem Hotel zu wohnen bedeutet, Rom zu Ihren F\u00fc\u00dfen liegen zu haben. Wir befinden uns ganz in der N\u00e4he der Via Veneto und der U-Bahn-Station, aber Sie k\u00f6nnen sich auch ganz bequem zu Fu\u00df fortbewegen!<\/p>\n","protected":false},"author":17,"featured_media":2103,"parent":0,"menu_order":0,"comment_status":"open","ping_status":"open","template":"page-duecolonne.php","meta":{"ngg_post_thumbnail":0,"footnotes":""},"class_list":["post-352","page","type-page","status-publish","has-post-thumbnail","hentry"],"yoast_head":"<!-- This site is optimized with the Yoast SEO plugin v25.7 - https:\/\/yoast.com\/wordpress\/plugins\/seo\/ -->\n<title>Hotels Nahe Villa Borghese | Hotel im Zentrum von Rom<\/title>\n<meta name=\"description\" content=\"Unweit von diesem gem\u00fctlichen Hotel von Rom breitet sich die gr\u00fcne Lunge der Stadt aus, der Park Villa Borghese, wo die R\u00f6mer gerne w\u00e4hrend den Festtagen spazieren gehen.\" \/>\n<meta name=\"robots\" content=\"index, follow, max-snippet:-1, max-image-preview:large, max-video-preview:-1\" \/>\n<link rel=\"canonical\" href=\"https:\/\/www.hotelgoldenrome.com\/de\/lage\/\" \/>\n<meta property=\"og:locale\" content=\"de_DE\" \/>\n<meta property=\"og:type\" content=\"article\" \/>\n<meta property=\"og:title\" content=\"Hotels Nahe Villa Borghese | Hotel im Zentrum von Rom\" \/>\n<meta property=\"og:description\" content=\"Unweit von diesem gem\u00fctlichen Hotel von Rom breitet sich die gr\u00fcne Lunge der Stadt aus, der Park Villa Borghese, wo die R\u00f6mer gerne w\u00e4hrend den Festtagen spazieren gehen.\" \/>\n<meta property=\"og:url\" content=\"https:\/\/www.hotelgoldenrome.com\/de\/lage\/\" \/>\n<meta property=\"og:site_name\" content=\"Hotel Golden\" \/>\n<meta property=\"article:modified_time\" content=\"2016-08-10T07:19:16+00:00\" \/>\n<meta property=\"og:image\" content=\"https:\/\/www.hotelgoldenrome.com\/wp-content\/uploads\/2013\/08\/giuseppe.jpg\" \/>\n\t<meta property=\"og:image:width\" content=\"206\" \/>\n\t<meta property=\"og:image:height\" content=\"206\" \/>\n\t<meta property=\"og:image:type\" content=\"image\/jpeg\" \/>\n<meta name=\"twitter:label1\" content=\"Gesch\u00e4tzte Lesezeit\" \/>\n\t<meta name=\"twitter:data1\" content=\"4\u00a0Minuten\" \/>\n<script type=\"application\/ld+json\" class=\"yoast-schema-graph\">{\"@context\":\"https:\/\/schema.org\",\"@graph\":[{\"@type\":\"WebPage\",\"@id\":\"https:\/\/www.hotelgoldenrome.com\/de\/lage\/\",\"url\":\"https:\/\/www.hotelgoldenrome.com\/de\/lage\/\",\"name\":\"Hotels Nahe Villa Borghese | Hotel im Zentrum von Rom\",\"isPartOf\":{\"@id\":\"https:\/\/www.hotelgoldenrome.com\/de\/#website\"},\"primaryImageOfPage\":{\"@id\":\"https:\/\/www.hotelgoldenrome.com\/de\/lage\/#primaryimage\"},\"image\":{\"@id\":\"https:\/\/www.hotelgoldenrome.com\/de\/lage\/#primaryimage\"},\"thumbnailUrl\":\"https:\/\/www.hotelgoldenrome.com\/wp-content\/uploads\/2013\/08\/giuseppe.jpg\",\"datePublished\":\"2013-09-27T10:48:44+00:00\",\"dateModified\":\"2016-08-10T07:19:16+00:00\",\"description\":\"Unweit von diesem gem\u00fctlichen Hotel von Rom breitet sich die gr\u00fcne Lunge der Stadt aus, der Park Villa Borghese, wo die R\u00f6mer gerne w\u00e4hrend den Festtagen spazieren gehen.\",\"breadcrumb\":{\"@id\":\"https:\/\/www.hotelgoldenrome.com\/de\/lage\/#breadcrumb\"},\"inLanguage\":\"de\",\"potentialAction\":[{\"@type\":\"ReadAction\",\"target\":[\"https:\/\/www.hotelgoldenrome.com\/de\/lage\/\"]}]},{\"@type\":\"ImageObject\",\"inLanguage\":\"de\",\"@id\":\"https:\/\/www.hotelgoldenrome.com\/de\/lage\/#primaryimage\",\"url\":\"https:\/\/www.hotelgoldenrome.com\/wp-content\/uploads\/2013\/08\/giuseppe.jpg\",\"contentUrl\":\"https:\/\/www.hotelgoldenrome.com\/wp-content\/uploads\/2013\/08\/giuseppe.jpg\",\"width\":206,\"height\":206},{\"@type\":\"BreadcrumbList\",\"@id\":\"https:\/\/www.hotelgoldenrome.com\/de\/lage\/#breadcrumb\",\"itemListElement\":[{\"@type\":\"ListItem\",\"position\":1,\"name\":\"Home\",\"item\":\"https:\/\/www.hotelgoldenrome.com\/de\/\"},{\"@type\":\"ListItem\",\"position\":2,\"name\":\"Lage\"}]},{\"@type\":\"WebSite\",\"@id\":\"https:\/\/www.hotelgoldenrome.com\/de\/#website\",\"url\":\"https:\/\/www.hotelgoldenrome.com\/de\/\",\"name\":\"Hotel Golden\",\"description\":\"..your Family run hotel in Rome\",\"potentialAction\":[{\"@type\":\"SearchAction\",\"target\":{\"@type\":\"EntryPoint\",\"urlTemplate\":\"https:\/\/www.hotelgoldenrome.com\/de\/?s={search_term_string}\"},\"query-input\":{\"@type\":\"PropertyValueSpecification\",\"valueRequired\":true,\"valueName\":\"search_term_string\"}}],\"inLanguage\":\"de\"}]}<\/script>\n<!-- \/ Yoast SEO plugin. -->","yoast_head_json":{"title":"Hotels Nahe Villa Borghese | Hotel im Zentrum von Rom","description":"Unweit von diesem gem\u00fctlichen Hotel von Rom breitet sich die gr\u00fcne Lunge der Stadt aus, der Park Villa Borghese, wo die R\u00f6mer gerne w\u00e4hrend den Festtagen spazieren gehen.","robots":{"index":"index","follow":"follow","max-snippet":"max-snippet:-1","max-image-preview":"max-image-preview:large","max-video-preview":"max-video-preview:-1"},"canonical":"https:\/\/www.hotelgoldenrome.com\/de\/lage\/","og_locale":"de_DE","og_type":"article","og_title":"Hotels Nahe Villa Borghese | Hotel im Zentrum von Rom","og_description":"Unweit von diesem gem\u00fctlichen Hotel von Rom breitet sich die gr\u00fcne Lunge der Stadt aus, der Park Villa Borghese, wo die R\u00f6mer gerne w\u00e4hrend den Festtagen spazieren gehen.","og_url":"https:\/\/www.hotelgoldenrome.com\/de\/lage\/","og_site_name":"Hotel Golden","article_modified_time":"2016-08-10T07:19:16+00:00","og_image":[{"width":206,"height":206,"url":"https:\/\/www.hotelgoldenrome.com\/wp-content\/uploads\/2013\/08\/giuseppe.jpg","type":"image\/jpeg"}],"twitter_misc":{"Gesch\u00e4tzte Lesezeit":"4\u00a0Minuten"},"schema":{"@context":"https:\/\/schema.org","@graph":[{"@type":"WebPage","@id":"https:\/\/www.hotelgoldenrome.com\/de\/lage\/","url":"https:\/\/www.hotelgoldenrome.com\/de\/lage\/","name":"Hotels Nahe Villa Borghese | Hotel im Zentrum von Rom","isPartOf":{"@id":"https:\/\/www.hotelgoldenrome.com\/de\/#website"},"primaryImageOfPage":{"@id":"https:\/\/www.hotelgoldenrome.com\/de\/lage\/#primaryimage"},"image":{"@id":"https:\/\/www.hotelgoldenrome.com\/de\/lage\/#primaryimage"},"thumbnailUrl":"https:\/\/www.hotelgoldenrome.com\/wp-content\/uploads\/2013\/08\/giuseppe.jpg","datePublished":"2013-09-27T10:48:44+00:00","dateModified":"2016-08-10T07:19:16+00:00","description":"Unweit von diesem gem\u00fctlichen Hotel von Rom breitet sich die gr\u00fcne Lunge der Stadt aus, der Park Villa Borghese, wo die R\u00f6mer gerne w\u00e4hrend den Festtagen spazieren gehen.","breadcrumb":{"@id":"https:\/\/www.hotelgoldenrome.com\/de\/lage\/#breadcrumb"},"inLanguage":"de","potentialAction":[{"@type":"ReadAction","target":["https:\/\/www.hotelgoldenrome.com\/de\/lage\/"]}]},{"@type":"ImageObject","inLanguage":"de","@id":"https:\/\/www.hotelgoldenrome.com\/de\/lage\/#primaryimage","url":"https:\/\/www.hotelgoldenrome.com\/wp-content\/uploads\/2013\/08\/giuseppe.jpg","contentUrl":"https:\/\/www.hotelgoldenrome.com\/wp-content\/uploads\/2013\/08\/giuseppe.jpg","width":206,"height":206},{"@type":"BreadcrumbList","@id":"https:\/\/www.hotelgoldenrome.com\/de\/lage\/#breadcrumb","itemListElement":[{"@type":"ListItem","position":1,"name":"Home","item":"https:\/\/www.hotelgoldenrome.com\/de\/"},{"@type":"ListItem","position":2,"name":"Lage"}]},{"@type":"WebSite","@id":"https:\/\/www.hotelgoldenrome.com\/de\/#website","url":"https:\/\/www.hotelgoldenrome.com\/de\/","name":"Hotel Golden","description":"..your Family run hotel in Rome","potentialAction":[{"@type":"SearchAction","target":{"@type":"EntryPoint","urlTemplate":"https:\/\/www.hotelgoldenrome.com\/de\/?s={search_term_string}"},"query-input":{"@type":"PropertyValueSpecification","valueRequired":true,"valueName":"search_term_string"}}],"inLanguage":"de"}]}},"_links":{"self":[{"href":"https:\/\/www.hotelgoldenrome.com\/de\/wp-json\/wp\/v2\/pages\/352","targetHints":{"allow":["GET"]}}],"collection":[{"href":"https:\/\/www.hotelgoldenrome.com\/de\/wp-json\/wp\/v2\/pages"}],"about":[{"href":"https:\/\/www.hotelgoldenrome.com\/de\/wp-json\/wp\/v2\/types\/page"}],"author":[{"embeddable":true,"href":"https:\/\/www.hotelgoldenrome.com\/de\/wp-json\/wp\/v2\/users\/17"}],"replies":[{"embeddable":true,"href":"https:\/\/www.hotelgoldenrome.com\/de\/wp-json\/wp\/v2\/comments?post=352"}],"version-history":[{"count":12,"href":"https:\/\/www.hotelgoldenrome.com\/de\/wp-json\/wp\/v2\/pages\/352\/revisions"}],"predecessor-version":[{"id":2117,"href":"https:\/\/www.hotelgoldenrome.com\/de\/wp-json\/wp\/v2\/pages\/352\/revisions\/2117"}],"wp:featuredmedia":[{"embeddable":true,"href":"https:\/\/www.hotelgoldenrome.com\/de\/wp-json\/wp\/v2\/media\/2103"}],"wp:attachment":[{"href":"https:\/\/www.hotelgoldenrome.com\/de\/wp-json\/wp\/v2\/media?parent=352"}],"curies":[{"name":"wp","href":"https:\/\/api.w.org\/{rel}","templated":true}]}}