{"id":470,"date":"2013-09-30T10:12:53","date_gmt":"2013-09-30T10:12:53","guid":{"rendered":"https:\/\/www.hotelgoldenrome.com\/?page_id=470"},"modified":"2014-08-01T08:35:45","modified_gmt":"2014-08-01T08:35:45","slug":"family-hotel-suites-de","status":"publish","type":"page","link":"https:\/\/www.hotelgoldenrome.com\/de\/family-hotel-suites-de\/","title":{"rendered":"Family Hotel Suites"},"content":{"rendered":"<div id=\"colonna-dx\"><\/p>\n<h1>Hotel f\u00fcr Familien in der N\u00e4he des Trevibrunnens<\/h1>\n<p>Zus\u00e4tzlich zu komfortablen Familienzimmern bietet das Hotel Golden auch gro\u00dfe Familiensuiten im Zentrum von Rom, die perfekt f\u00fcr einen exklusiven Aufenthalt mit Ihrer Familie geeignet sind. Sie beinhalten zwei Schlafzimmer, ein kleines Wohnzimmer und ein Esszimmer, in dem das vorbestellte Fr\u00fchst\u00fcck eingenommen werden kann. <\/p>\n<p>Die hohen Decken und gro\u00dfen Fenster der Familienzimmer im Hotel Golden in Rom, sorgen f\u00fcr viel Licht und Ger\u00e4umigkeit auf 90 Quadratmetern, die detailgetreu mit s\u00e4mtlichem Komfort und weichen King-Size-Betten ausgestattet sind.<\/p>\n<p><!-- index.php -->\n<div\n\tclass=\"ngg-galleryoverview ngg-ajax-pagination-none\"\n\tid=\"ngg-gallery-92749ae657377e0021ca8b122b34a9a3-1\">\n\n    \t\t<!-- Thumbnails -->\n\t\t\t\t<div id=\"ngg-image-0\" class=\"ngg-gallery-thumbnail-box\" >\n\t\t\t\t        <div class=\"ngg-gallery-thumbnail\">\n            <a href=\"https:\/\/www.hotelgoldenrome.com\/wp-content\/galleries\/suitefamily\/004.jpg\"\n               title=\"\"\n               data-src=\"https:\/\/www.hotelgoldenrome.com\/wp-content\/galleries\/suitefamily\/004.jpg\"\n               data-thumbnail=\"https:\/\/www.hotelgoldenrome.com\/wp-content\/galleries\/suitefamily\/thumbs\/thumbs_004.jpg\"\n               data-image-id=\"103\"\n               data-title=\"004-jpg\"\n               data-description=\"\"\n               data-image-slug=\"004-jpg\"\n               class=\"ngg-fancybox\" rel=\"92749ae657377e0021ca8b122b34a9a3\">\n                <img\n                    title=\"004-jpg\"\n                    alt=\"004-jpg\"\n                    src=\"https:\/\/www.hotelgoldenrome.com\/wp-content\/galleries\/suitefamily\/thumbs\/thumbs_004.jpg\"\n                    width=\"150\"\n                    height=\"150\"\n                    style=\"max-width:100%;\"\n                \/>\n            <\/a>\n        <\/div>\n\t\t\t\t\t\t\t<\/div> \n\t\t\t\n        \n\t\t\t\t<div id=\"ngg-image-1\" class=\"ngg-gallery-thumbnail-box\" >\n\t\t\t\t        <div class=\"ngg-gallery-thumbnail\">\n            <a href=\"https:\/\/www.hotelgoldenrome.com\/wp-content\/galleries\/suitefamily\/005.jpg\"\n               title=\"\"\n               data-src=\"https:\/\/www.hotelgoldenrome.com\/wp-content\/galleries\/suitefamily\/005.jpg\"\n               data-thumbnail=\"https:\/\/www.hotelgoldenrome.com\/wp-content\/galleries\/suitefamily\/thumbs\/thumbs_005.jpg\"\n               data-image-id=\"104\"\n               data-title=\"005-jpg\"\n               data-description=\"\"\n               data-image-slug=\"005-jpg\"\n               class=\"ngg-fancybox\" rel=\"92749ae657377e0021ca8b122b34a9a3\">\n                <img\n                    title=\"005-jpg\"\n                    alt=\"005-jpg\"\n                    src=\"https:\/\/www.hotelgoldenrome.com\/wp-content\/galleries\/suitefamily\/thumbs\/thumbs_005.jpg\"\n                    width=\"150\"\n                    height=\"150\"\n                    style=\"max-width:100%;\"\n                \/>\n            <\/a>\n        <\/div>\n\t\t\t\t\t\t\t<\/div> \n\t\t\t\n        \n\t\t\t\t<div id=\"ngg-image-2\" class=\"ngg-gallery-thumbnail-box\" >\n\t\t\t\t        <div class=\"ngg-gallery-thumbnail\">\n            <a href=\"https:\/\/www.hotelgoldenrome.com\/wp-content\/galleries\/suitefamily\/013.jpg\"\n               title=\"\"\n               data-src=\"https:\/\/www.hotelgoldenrome.com\/wp-content\/galleries\/suitefamily\/013.jpg\"\n               data-thumbnail=\"https:\/\/www.hotelgoldenrome.com\/wp-content\/galleries\/suitefamily\/thumbs\/thumbs_013.jpg\"\n               data-image-id=\"105\"\n               data-title=\"013-jpg\"\n               data-description=\"\"\n               data-image-slug=\"013-jpg\"\n               class=\"ngg-fancybox\" rel=\"92749ae657377e0021ca8b122b34a9a3\">\n                <img\n                    title=\"013-jpg\"\n                    alt=\"013-jpg\"\n                    src=\"https:\/\/www.hotelgoldenrome.com\/wp-content\/galleries\/suitefamily\/thumbs\/thumbs_013.jpg\"\n                    width=\"150\"\n                    height=\"150\"\n                    style=\"max-width:100%;\"\n                \/>\n            <\/a>\n        <\/div>\n\t\t\t\t\t\t\t<\/div> \n\t\t\t\n        \n\t\t\t\t<div id=\"ngg-image-3\" class=\"ngg-gallery-thumbnail-box\" >\n\t\t\t\t        <div class=\"ngg-gallery-thumbnail\">\n            <a href=\"https:\/\/www.hotelgoldenrome.com\/wp-content\/galleries\/suitefamily\/016.jpg\"\n               title=\"\"\n               data-src=\"https:\/\/www.hotelgoldenrome.com\/wp-content\/galleries\/suitefamily\/016.jpg\"\n               data-thumbnail=\"https:\/\/www.hotelgoldenrome.com\/wp-content\/galleries\/suitefamily\/thumbs\/thumbs_016.jpg\"\n               data-image-id=\"106\"\n               data-title=\"016-jpg\"\n               data-description=\"\"\n               data-image-slug=\"016-jpg\"\n               class=\"ngg-fancybox\" rel=\"92749ae657377e0021ca8b122b34a9a3\">\n                <img\n                    title=\"016-jpg\"\n                    alt=\"016-jpg\"\n                    src=\"https:\/\/www.hotelgoldenrome.com\/wp-content\/galleries\/suitefamily\/thumbs\/thumbs_016.jpg\"\n                    width=\"150\"\n                    height=\"150\"\n                    style=\"max-width:100%;\"\n                \/>\n            <\/a>\n        <\/div>\n\t\t\t\t\t\t\t<\/div> \n\t\t\t\n        \n\t\t\t\t<div id=\"ngg-image-4\" class=\"ngg-gallery-thumbnail-box\" >\n\t\t\t\t        <div class=\"ngg-gallery-thumbnail\">\n            <a href=\"https:\/\/www.hotelgoldenrome.com\/wp-content\/galleries\/suitefamily\/017.jpg\"\n               title=\"\"\n               data-src=\"https:\/\/www.hotelgoldenrome.com\/wp-content\/galleries\/suitefamily\/017.jpg\"\n               data-thumbnail=\"https:\/\/www.hotelgoldenrome.com\/wp-content\/galleries\/suitefamily\/thumbs\/thumbs_017.jpg\"\n               data-image-id=\"107\"\n               data-title=\"017-jpg\"\n               data-description=\"\"\n               data-image-slug=\"017-jpg\"\n               class=\"ngg-fancybox\" rel=\"92749ae657377e0021ca8b122b34a9a3\">\n                <img\n                    title=\"017-jpg\"\n                    alt=\"017-jpg\"\n                    src=\"https:\/\/www.hotelgoldenrome.com\/wp-content\/galleries\/suitefamily\/thumbs\/thumbs_017.jpg\"\n                    width=\"150\"\n                    height=\"150\"\n                    style=\"max-width:100%;\"\n                \/>\n            <\/a>\n        <\/div>\n\t\t\t\t\t\t\t<\/div> \n\t\t\t\n        \n\t\t\t\t<div id=\"ngg-image-5\" class=\"ngg-gallery-thumbnail-box\" >\n\t\t\t\t        <div class=\"ngg-gallery-thumbnail\">\n            <a href=\"https:\/\/www.hotelgoldenrome.com\/wp-content\/galleries\/suitefamily\/091.jpg\"\n               title=\"\"\n               data-src=\"https:\/\/www.hotelgoldenrome.com\/wp-content\/galleries\/suitefamily\/091.jpg\"\n               data-thumbnail=\"https:\/\/www.hotelgoldenrome.com\/wp-content\/galleries\/suitefamily\/thumbs\/thumbs_091.jpg\"\n               data-image-id=\"110\"\n               data-title=\"091-jpg\"\n               data-description=\"\"\n               data-image-slug=\"091-jpg\"\n               class=\"ngg-fancybox\" rel=\"92749ae657377e0021ca8b122b34a9a3\">\n                <img\n                    title=\"091-jpg\"\n                    alt=\"091-jpg\"\n                    src=\"https:\/\/www.hotelgoldenrome.com\/wp-content\/galleries\/suitefamily\/thumbs\/thumbs_091.jpg\"\n                    width=\"150\"\n                    height=\"150\"\n                    style=\"max-width:100%;\"\n                \/>\n            <\/a>\n        <\/div>\n\t\t\t\t\t\t\t<\/div> \n\t\t\t\n        \n\t\t\t\t<div id=\"ngg-image-6\" class=\"ngg-gallery-thumbnail-box\" >\n\t\t\t\t        <div class=\"ngg-gallery-thumbnail\">\n            <a href=\"https:\/\/www.hotelgoldenrome.com\/wp-content\/galleries\/suitefamily\/084.jpg\"\n               title=\"\"\n               data-src=\"https:\/\/www.hotelgoldenrome.com\/wp-content\/galleries\/suitefamily\/084.jpg\"\n               data-thumbnail=\"https:\/\/www.hotelgoldenrome.com\/wp-content\/galleries\/suitefamily\/thumbs\/thumbs_084.jpg\"\n               data-image-id=\"108\"\n               data-title=\"084-jpg\"\n               data-description=\"\"\n               data-image-slug=\"084-jpg\"\n               class=\"ngg-fancybox\" rel=\"92749ae657377e0021ca8b122b34a9a3\">\n                <img\n                    title=\"084-jpg\"\n                    alt=\"084-jpg\"\n                    src=\"https:\/\/www.hotelgoldenrome.com\/wp-content\/galleries\/suitefamily\/thumbs\/thumbs_084.jpg\"\n                    width=\"150\"\n                    height=\"150\"\n                    style=\"max-width:100%;\"\n                \/>\n            <\/a>\n        <\/div>\n\t\t\t\t\t\t\t<\/div> \n\t\t\t\n        \n\t\t\t\t<div id=\"ngg-image-7\" class=\"ngg-gallery-thumbnail-box\" >\n\t\t\t\t        <div class=\"ngg-gallery-thumbnail\">\n            <a href=\"https:\/\/www.hotelgoldenrome.com\/wp-content\/galleries\/suitefamily\/089.jpg\"\n               title=\"\"\n               data-src=\"https:\/\/www.hotelgoldenrome.com\/wp-content\/galleries\/suitefamily\/089.jpg\"\n               data-thumbnail=\"https:\/\/www.hotelgoldenrome.com\/wp-content\/galleries\/suitefamily\/thumbs\/thumbs_089.jpg\"\n               data-image-id=\"109\"\n               data-title=\"089-jpg\"\n               data-description=\"\"\n               data-image-slug=\"089-jpg\"\n               class=\"ngg-fancybox\" rel=\"92749ae657377e0021ca8b122b34a9a3\">\n                <img\n                    title=\"089-jpg\"\n                    alt=\"089-jpg\"\n                    src=\"https:\/\/www.hotelgoldenrome.com\/wp-content\/galleries\/suitefamily\/thumbs\/thumbs_089.jpg\"\n                    width=\"150\"\n                    height=\"150\"\n                    style=\"max-width:100%;\"\n                \/>\n            <\/a>\n        <\/div>\n\t\t\t\t\t\t\t<\/div> \n\t\t\t\n        \n\t\t\n\t\t<!-- Pagination -->\n\t<div class='ngg-clear'><\/div>\t<\/div>\n<\/p>\n<p><strong>Komfort  <\/strong>Klimaanlage | WLAN-Anschluss | Flat-TV | Sky-Kan\u00e4le | King Size-Betten (200&#215;200) | Schlafsofa | Sessel | Tisch | Wohnzimmer | Fr\u00fchst\u00fcckszimmer | Lesezimmer | Schreibtisch mit Arbeitsplatte | Minibar | Kofferhalter | Garderobenschrank<\/p>\n<p><\/div>\n<div id=\"colonna-sx\"> <img loading=\"lazy\" decoding=\"async\" class=\"aligncenter size-full wp-image-65\" alt=\"maria-teresa\" src=\"https:\/\/www.hotelgoldenrome.com\/wp-content\/uploads\/2013\/08\/maria-teresa.jpg\" width=\"206\" height=\"206\" srcset=\"https:\/\/www.hotelgoldenrome.com\/wp-content\/uploads\/2013\/08\/maria-teresa.jpg 206w, https:\/\/www.hotelgoldenrome.com\/wp-content\/uploads\/2013\/08\/maria-teresa-150x150.jpg 150w\" sizes=\"auto, (max-width: 206px) 100vw, 206px\" \/><\/p>\n<p class=\"nome\">Fragen Sie <br \/><span>Maria Teresa<\/span><\/p>\n<p>In unseren ger\u00e4umigen Family Suiten schlafen Eltern und Kinder getrennt in \u00e4u\u00dferst behaglichen und mit jedem Komfort ausgestatteten Zimmern. Und zum Fr\u00fchst\u00fcck treffen wir uns alle in unserem kleinen Fr\u00fchst\u00fcckszimmer!<\/p>\n<p><\/div>\n<p>&nbsp;<\/p>\n","protected":false},"excerpt":{"rendered":"<p>&nbsp;<\/p>\n","protected":false},"author":17,"featured_media":0,"parent":0,"menu_order":0,"comment_status":"open","ping_status":"open","template":"page-duecolonne.php","meta":{"ngg_post_thumbnail":0,"footnotes":""},"class_list":["post-470","page","type-page","status-publish","hentry"],"yoast_head":"<!-- This site is optimized with the Yoast SEO plugin v25.7 - https:\/\/yoast.com\/wordpress\/plugins\/seo\/ -->\n<title>Family Hotel Suites | Hotel Golden<\/title>\n<meta name=\"description\" content=\"Familiensuite, Hotel Golden: Famili\u00e4r gef\u00fchrte Hotel direkt an der Villa Borghese in Rom.\" \/>\n<meta name=\"robots\" content=\"index, follow, max-snippet:-1, max-image-preview:large, max-video-preview:-1\" \/>\n<link rel=\"canonical\" href=\"https:\/\/www.hotelgoldenrome.com\/de\/family-hotel-suites-de\/\" \/>\n<meta property=\"og:locale\" content=\"de_DE\" \/>\n<meta property=\"og:type\" content=\"article\" \/>\n<meta property=\"og:title\" content=\"Family Hotel Suites | Hotel Golden\" \/>\n<meta property=\"og:description\" content=\"Familiensuite, Hotel Golden: Famili\u00e4r gef\u00fchrte Hotel direkt an der Villa Borghese in Rom.\" \/>\n<meta property=\"og:url\" content=\"https:\/\/www.hotelgoldenrome.com\/de\/family-hotel-suites-de\/\" \/>\n<meta property=\"og:site_name\" content=\"Hotel Golden\" \/>\n<meta property=\"article:modified_time\" content=\"2014-08-01T08:35:45+00:00\" \/>\n<meta property=\"og:image\" content=\"https:\/\/www.hotelgoldenrome.com\/wp-content\/uploads\/2013\/08\/maria-teresa.jpg\" \/>\n<meta name=\"twitter:label1\" content=\"Gesch\u00e4tzte Lesezeit\" \/>\n\t<meta name=\"twitter:data1\" content=\"1\u00a0Minute\" \/>\n<script type=\"application\/ld+json\" class=\"yoast-schema-graph\">{\"@context\":\"https:\/\/schema.org\",\"@graph\":[{\"@type\":\"WebPage\",\"@id\":\"https:\/\/www.hotelgoldenrome.com\/de\/family-hotel-suites-de\/\",\"url\":\"https:\/\/www.hotelgoldenrome.com\/de\/family-hotel-suites-de\/\",\"name\":\"Family Hotel Suites | Hotel Golden\",\"isPartOf\":{\"@id\":\"https:\/\/www.hotelgoldenrome.com\/de\/#website\"},\"primaryImageOfPage\":{\"@id\":\"https:\/\/www.hotelgoldenrome.com\/de\/family-hotel-suites-de\/#primaryimage\"},\"image\":{\"@id\":\"https:\/\/www.hotelgoldenrome.com\/de\/family-hotel-suites-de\/#primaryimage\"},\"thumbnailUrl\":\"https:\/\/www.hotelgoldenrome.com\/wp-content\/uploads\/2013\/08\/maria-teresa.jpg\",\"datePublished\":\"2013-09-30T10:12:53+00:00\",\"dateModified\":\"2014-08-01T08:35:45+00:00\",\"description\":\"Familiensuite, Hotel Golden: Famili\u00e4r gef\u00fchrte Hotel direkt an der Villa Borghese in Rom.\",\"breadcrumb\":{\"@id\":\"https:\/\/www.hotelgoldenrome.com\/de\/family-hotel-suites-de\/#breadcrumb\"},\"inLanguage\":\"de\",\"potentialAction\":[{\"@type\":\"ReadAction\",\"target\":[\"https:\/\/www.hotelgoldenrome.com\/de\/family-hotel-suites-de\/\"]}]},{\"@type\":\"ImageObject\",\"inLanguage\":\"de\",\"@id\":\"https:\/\/www.hotelgoldenrome.com\/de\/family-hotel-suites-de\/#primaryimage\",\"url\":\"https:\/\/www.hotelgoldenrome.com\/wp-content\/uploads\/2013\/08\/maria-teresa.jpg\",\"contentUrl\":\"https:\/\/www.hotelgoldenrome.com\/wp-content\/uploads\/2013\/08\/maria-teresa.jpg\"},{\"@type\":\"BreadcrumbList\",\"@id\":\"https:\/\/www.hotelgoldenrome.com\/de\/family-hotel-suites-de\/#breadcrumb\",\"itemListElement\":[{\"@type\":\"ListItem\",\"position\":1,\"name\":\"Home\",\"item\":\"https:\/\/www.hotelgoldenrome.com\/de\/\"},{\"@type\":\"ListItem\",\"position\":2,\"name\":\"Family Hotel Suites\"}]},{\"@type\":\"WebSite\",\"@id\":\"https:\/\/www.hotelgoldenrome.com\/de\/#website\",\"url\":\"https:\/\/www.hotelgoldenrome.com\/de\/\",\"name\":\"Hotel Golden\",\"description\":\"..your Family run hotel in Rome\",\"potentialAction\":[{\"@type\":\"SearchAction\",\"target\":{\"@type\":\"EntryPoint\",\"urlTemplate\":\"https:\/\/www.hotelgoldenrome.com\/de\/?s={search_term_string}\"},\"query-input\":{\"@type\":\"PropertyValueSpecification\",\"valueRequired\":true,\"valueName\":\"search_term_string\"}}],\"inLanguage\":\"de\"}]}<\/script>\n<!-- \/ Yoast SEO plugin. -->","yoast_head_json":{"title":"Family Hotel Suites | Hotel Golden","description":"Familiensuite, Hotel Golden: Famili\u00e4r gef\u00fchrte Hotel direkt an der Villa Borghese in Rom.","robots":{"index":"index","follow":"follow","max-snippet":"max-snippet:-1","max-image-preview":"max-image-preview:large","max-video-preview":"max-video-preview:-1"},"canonical":"https:\/\/www.hotelgoldenrome.com\/de\/family-hotel-suites-de\/","og_locale":"de_DE","og_type":"article","og_title":"Family Hotel Suites | Hotel Golden","og_description":"Familiensuite, Hotel Golden: Famili\u00e4r gef\u00fchrte Hotel direkt an der Villa Borghese in Rom.","og_url":"https:\/\/www.hotelgoldenrome.com\/de\/family-hotel-suites-de\/","og_site_name":"Hotel Golden","article_modified_time":"2014-08-01T08:35:45+00:00","og_image":[{"url":"https:\/\/www.hotelgoldenrome.com\/wp-content\/uploads\/2013\/08\/maria-teresa.jpg","type":"","width":"","height":""}],"twitter_misc":{"Gesch\u00e4tzte Lesezeit":"1\u00a0Minute"},"schema":{"@context":"https:\/\/schema.org","@graph":[{"@type":"WebPage","@id":"https:\/\/www.hotelgoldenrome.com\/de\/family-hotel-suites-de\/","url":"https:\/\/www.hotelgoldenrome.com\/de\/family-hotel-suites-de\/","name":"Family Hotel Suites | Hotel Golden","isPartOf":{"@id":"https:\/\/www.hotelgoldenrome.com\/de\/#website"},"primaryImageOfPage":{"@id":"https:\/\/www.hotelgoldenrome.com\/de\/family-hotel-suites-de\/#primaryimage"},"image":{"@id":"https:\/\/www.hotelgoldenrome.com\/de\/family-hotel-suites-de\/#primaryimage"},"thumbnailUrl":"https:\/\/www.hotelgoldenrome.com\/wp-content\/uploads\/2013\/08\/maria-teresa.jpg","datePublished":"2013-09-30T10:12:53+00:00","dateModified":"2014-08-01T08:35:45+00:00","description":"Familiensuite, Hotel Golden: Famili\u00e4r gef\u00fchrte Hotel direkt an der Villa Borghese in Rom.","breadcrumb":{"@id":"https:\/\/www.hotelgoldenrome.com\/de\/family-hotel-suites-de\/#breadcrumb"},"inLanguage":"de","potentialAction":[{"@type":"ReadAction","target":["https:\/\/www.hotelgoldenrome.com\/de\/family-hotel-suites-de\/"]}]},{"@type":"ImageObject","inLanguage":"de","@id":"https:\/\/www.hotelgoldenrome.com\/de\/family-hotel-suites-de\/#primaryimage","url":"https:\/\/www.hotelgoldenrome.com\/wp-content\/uploads\/2013\/08\/maria-teresa.jpg","contentUrl":"https:\/\/www.hotelgoldenrome.com\/wp-content\/uploads\/2013\/08\/maria-teresa.jpg"},{"@type":"BreadcrumbList","@id":"https:\/\/www.hotelgoldenrome.com\/de\/family-hotel-suites-de\/#breadcrumb","itemListElement":[{"@type":"ListItem","position":1,"name":"Home","item":"https:\/\/www.hotelgoldenrome.com\/de\/"},{"@type":"ListItem","position":2,"name":"Family Hotel Suites"}]},{"@type":"WebSite","@id":"https:\/\/www.hotelgoldenrome.com\/de\/#website","url":"https:\/\/www.hotelgoldenrome.com\/de\/","name":"Hotel Golden","description":"..your Family run hotel in Rome","potentialAction":[{"@type":"SearchAction","target":{"@type":"EntryPoint","urlTemplate":"https:\/\/www.hotelgoldenrome.com\/de\/?s={search_term_string}"},"query-input":{"@type":"PropertyValueSpecification","valueRequired":true,"valueName":"search_term_string"}}],"inLanguage":"de"}]}},"_links":{"self":[{"href":"https:\/\/www.hotelgoldenrome.com\/de\/wp-json\/wp\/v2\/pages\/470","targetHints":{"allow":["GET"]}}],"collection":[{"href":"https:\/\/www.hotelgoldenrome.com\/de\/wp-json\/wp\/v2\/pages"}],"about":[{"href":"https:\/\/www.hotelgoldenrome.com\/de\/wp-json\/wp\/v2\/types\/page"}],"author":[{"embeddable":true,"href":"https:\/\/www.hotelgoldenrome.com\/de\/wp-json\/wp\/v2\/users\/17"}],"replies":[{"embeddable":true,"href":"https:\/\/www.hotelgoldenrome.com\/de\/wp-json\/wp\/v2\/comments?post=470"}],"version-history":[{"count":6,"href":"https:\/\/www.hotelgoldenrome.com\/de\/wp-json\/wp\/v2\/pages\/470\/revisions"}],"predecessor-version":[{"id":1964,"href":"https:\/\/www.hotelgoldenrome.com\/de\/wp-json\/wp\/v2\/pages\/470\/revisions\/1964"}],"wp:attachment":[{"href":"https:\/\/www.hotelgoldenrome.com\/de\/wp-json\/wp\/v2\/media?parent=470"}],"curies":[{"name":"wp","href":"https:\/\/api.w.org\/{rel}","templated":true}]}}