{"id":687,"date":"2013-10-02T08:01:35","date_gmt":"2013-10-02T08:01:35","guid":{"rendered":"https:\/\/www.hotelgoldenrome.com\/?page_id=687"},"modified":"2016-08-10T07:50:42","modified_gmt":"2016-08-10T07:50:42","slug":"reservierungen","status":"publish","type":"page","link":"https:\/\/www.hotelgoldenrome.com\/de\/reservierungen\/","title":{"rendered":"Reservierungen"},"content":{"rendered":"<h2><a rel=\"nofollow\" href=\"https:\/\/book.hotelgoldenrome.com\/accommodation\/list?channelId=91d48f3c-def2-43d6-b956-90fd699c0fd7&#038;culture=de\">\u00dcberpr\u00fcfen Sie online Preise und Verf\u00fcgbarkeit <\/a><\/h2>\n<div class=\"bookonline_viewtabella\">\n<p class=\"booktesto\">M&ouml;chten Sie die <b>Preise<\/b> und die <b>Verf&uuml;gbarkeit<\/b> kontrollieren oder Ihr Zimmer <b>direkt reservieren<\/b>? Verwenden Sie unser einfaches und sicheres Online-Reservierungsystem! Falls das System nicht Ihren Anforderungen entspricht, setzen Sie sich bitte durch das Anfrageformulars mit uns in Verbindung.<\/p>\n<h2><a  rel=\"nofollow\" href=\"https:\/\/www.hotelgoldenrome.com\/de\/anfrage-nach-informationen\/\">Anfrage nach Informationen <\/a><\/h2>\n<p>M&ouml;chten Sie uns eine unverbindliche <b>Anfrage <\/b> per E-Mail schicken? Haben Sie <b>besondere W&uuml;nsche<\/b>, die unser Online-Reservierungssystem nicht erf&uuml;llen kann? Sie werden auf alle Fragen eine direkte E-Mail-Antworerhalten!<\/p>\n<h2>Sichere Transaktionen<\/h2>\n<p>Diese Internetseite verwendet f&uuml;r die Reservierungsbest&auml;tigung mit Kreditkarte einen <b>sicheren Server<\/b> gem&auml;&szlig; dem weltweiten Verschl&uuml;sselungsstandard <b>Secure Socket Layer<\/b> <b>(SSL) mit 128 Bit<\/b>.<\/p>\n","protected":false},"excerpt":{"rendered":"<p>\u00dcberpr\u00fcfen Sie online Preise und Verf\u00fcgbarkeit M&ouml;chten Sie die Preise und die Verf&uuml;gbarkeit kontrollieren oder Ihr Zimmer direkt reservieren? Verwenden Sie unser einfaches und sicheres Online-Reservierungsystem! Falls das System nicht Ihren Anforderungen entspricht, setzen Sie sich bitte durch das Anfrageformulars mit uns in Verbindung. Anfrage nach Informationen M&ouml;chten Sie uns eine unverbindliche Anfrage per E-Mail&#8230; <a  href=\"https:\/\/www.hotelgoldenrome.com\/de\/reservierungen\/\"><img decoding=\"async\" class=\"moretag\" src=\"https:\/\/www.hotelgoldenrome.com\/wp-content\/themes\/hotelgoldenrome\/img\/continua.gif\" border=0\/><\/a><\/p>\n","protected":false},"author":17,"featured_media":0,"parent":0,"menu_order":0,"comment_status":"open","ping_status":"open","template":"page-monocolonna.php","meta":{"ngg_post_thumbnail":0,"footnotes":""},"class_list":["post-687","page","type-page","status-publish","hentry"],"yoast_head":"<!-- This site is optimized with the Yoast SEO plugin v25.7 - https:\/\/yoast.com\/wordpress\/plugins\/seo\/ -->\n<title>Reservierungen | Hotel Golden<\/title>\n<meta name=\"description\" content=\"Reservierungen, Hotel Golden:\" \/>\n<meta name=\"robots\" content=\"noindex, nofollow\" \/>\n<meta property=\"og:locale\" content=\"de_DE\" \/>\n<meta property=\"og:type\" content=\"article\" \/>\n<meta property=\"og:title\" content=\"Reservierungen | Hotel Golden\" \/>\n<meta property=\"og:description\" content=\"Reservierungen, Hotel Golden:\" \/>\n<meta property=\"og:url\" content=\"https:\/\/www.hotelgoldenrome.com\/de\/reservierungen\/\" \/>\n<meta property=\"og:site_name\" content=\"Hotel Golden\" \/>\n<meta property=\"article:modified_time\" content=\"2016-08-10T07:50:42+00:00\" \/>\n<meta name=\"twitter:label1\" content=\"Gesch\u00e4tzte Lesezeit\" \/>\n\t<meta name=\"twitter:data1\" content=\"1\u00a0Minute\" \/>\n<script type=\"application\/ld+json\" class=\"yoast-schema-graph\">{\"@context\":\"https:\/\/schema.org\",\"@graph\":[{\"@type\":\"WebPage\",\"@id\":\"https:\/\/www.hotelgoldenrome.com\/de\/reservierungen\/\",\"url\":\"https:\/\/www.hotelgoldenrome.com\/de\/reservierungen\/\",\"name\":\"Reservierungen | Hotel Golden\",\"isPartOf\":{\"@id\":\"https:\/\/www.hotelgoldenrome.com\/de\/#website\"},\"datePublished\":\"2013-10-02T08:01:35+00:00\",\"dateModified\":\"2016-08-10T07:50:42+00:00\",\"description\":\"Reservierungen, Hotel Golden:\",\"breadcrumb\":{\"@id\":\"https:\/\/www.hotelgoldenrome.com\/de\/reservierungen\/#breadcrumb\"},\"inLanguage\":\"de\",\"potentialAction\":[{\"@type\":\"ReadAction\",\"target\":[\"https:\/\/www.hotelgoldenrome.com\/de\/reservierungen\/\"]}]},{\"@type\":\"BreadcrumbList\",\"@id\":\"https:\/\/www.hotelgoldenrome.com\/de\/reservierungen\/#breadcrumb\",\"itemListElement\":[{\"@type\":\"ListItem\",\"position\":1,\"name\":\"Home\",\"item\":\"https:\/\/www.hotelgoldenrome.com\/de\/\"},{\"@type\":\"ListItem\",\"position\":2,\"name\":\"Reservierungen\"}]},{\"@type\":\"WebSite\",\"@id\":\"https:\/\/www.hotelgoldenrome.com\/de\/#website\",\"url\":\"https:\/\/www.hotelgoldenrome.com\/de\/\",\"name\":\"Hotel Golden\",\"description\":\"..your Family run hotel in Rome\",\"potentialAction\":[{\"@type\":\"SearchAction\",\"target\":{\"@type\":\"EntryPoint\",\"urlTemplate\":\"https:\/\/www.hotelgoldenrome.com\/de\/?s={search_term_string}\"},\"query-input\":{\"@type\":\"PropertyValueSpecification\",\"valueRequired\":true,\"valueName\":\"search_term_string\"}}],\"inLanguage\":\"de\"}]}<\/script>\n<!-- \/ Yoast SEO plugin. -->","yoast_head_json":{"title":"Reservierungen | Hotel Golden","description":"Reservierungen, Hotel Golden:","robots":{"index":"noindex","follow":"nofollow"},"og_locale":"de_DE","og_type":"article","og_title":"Reservierungen | Hotel Golden","og_description":"Reservierungen, Hotel Golden:","og_url":"https:\/\/www.hotelgoldenrome.com\/de\/reservierungen\/","og_site_name":"Hotel Golden","article_modified_time":"2016-08-10T07:50:42+00:00","twitter_misc":{"Gesch\u00e4tzte Lesezeit":"1\u00a0Minute"},"schema":{"@context":"https:\/\/schema.org","@graph":[{"@type":"WebPage","@id":"https:\/\/www.hotelgoldenrome.com\/de\/reservierungen\/","url":"https:\/\/www.hotelgoldenrome.com\/de\/reservierungen\/","name":"Reservierungen | Hotel Golden","isPartOf":{"@id":"https:\/\/www.hotelgoldenrome.com\/de\/#website"},"datePublished":"2013-10-02T08:01:35+00:00","dateModified":"2016-08-10T07:50:42+00:00","description":"Reservierungen, Hotel Golden:","breadcrumb":{"@id":"https:\/\/www.hotelgoldenrome.com\/de\/reservierungen\/#breadcrumb"},"inLanguage":"de","potentialAction":[{"@type":"ReadAction","target":["https:\/\/www.hotelgoldenrome.com\/de\/reservierungen\/"]}]},{"@type":"BreadcrumbList","@id":"https:\/\/www.hotelgoldenrome.com\/de\/reservierungen\/#breadcrumb","itemListElement":[{"@type":"ListItem","position":1,"name":"Home","item":"https:\/\/www.hotelgoldenrome.com\/de\/"},{"@type":"ListItem","position":2,"name":"Reservierungen"}]},{"@type":"WebSite","@id":"https:\/\/www.hotelgoldenrome.com\/de\/#website","url":"https:\/\/www.hotelgoldenrome.com\/de\/","name":"Hotel Golden","description":"..your Family run hotel in Rome","potentialAction":[{"@type":"SearchAction","target":{"@type":"EntryPoint","urlTemplate":"https:\/\/www.hotelgoldenrome.com\/de\/?s={search_term_string}"},"query-input":{"@type":"PropertyValueSpecification","valueRequired":true,"valueName":"search_term_string"}}],"inLanguage":"de"}]}},"_links":{"self":[{"href":"https:\/\/www.hotelgoldenrome.com\/de\/wp-json\/wp\/v2\/pages\/687","targetHints":{"allow":["GET"]}}],"collection":[{"href":"https:\/\/www.hotelgoldenrome.com\/de\/wp-json\/wp\/v2\/pages"}],"about":[{"href":"https:\/\/www.hotelgoldenrome.com\/de\/wp-json\/wp\/v2\/types\/page"}],"author":[{"embeddable":true,"href":"https:\/\/www.hotelgoldenrome.com\/de\/wp-json\/wp\/v2\/users\/17"}],"replies":[{"embeddable":true,"href":"https:\/\/www.hotelgoldenrome.com\/de\/wp-json\/wp\/v2\/comments?post=687"}],"version-history":[{"count":4,"href":"https:\/\/www.hotelgoldenrome.com\/de\/wp-json\/wp\/v2\/pages\/687\/revisions"}],"predecessor-version":[{"id":2129,"href":"https:\/\/www.hotelgoldenrome.com\/de\/wp-json\/wp\/v2\/pages\/687\/revisions\/2129"}],"wp:attachment":[{"href":"https:\/\/www.hotelgoldenrome.com\/de\/wp-json\/wp\/v2\/media?parent=687"}],"curies":[{"name":"wp","href":"https:\/\/api.w.org\/{rel}","templated":true}]}}