{"id":851,"date":"2013-10-04T10:51:21","date_gmt":"2013-10-04T10:51:21","guid":{"rendered":"https:\/\/www.hotelgoldenrome.com\/?page_id=851"},"modified":"2014-08-13T07:43:43","modified_gmt":"2014-08-13T07:43:43","slug":"home-de","status":"publish","type":"page","link":"https:\/\/www.hotelgoldenrome.com\/de\/","title":{"rendered":"Home"},"content":{"rendered":"<div style=\"display:block\"><div class=\"colonna\"><img loading=\"lazy\" decoding=\"async\" width=\"206\" height=\"206\" src=\"https:\/\/www.hotelgoldenrome.com\/wp-content\/uploads\/2013\/08\/maria-teresa.jpg\" class=\"attachment-post-thumbnail size-post-thumbnail wp-post-image\" alt=\"\" srcset=\"https:\/\/www.hotelgoldenrome.com\/wp-content\/uploads\/2013\/08\/maria-teresa.jpg 206w, https:\/\/www.hotelgoldenrome.com\/wp-content\/uploads\/2013\/08\/maria-teresa-150x150.jpg 150w\" sizes=\"auto, (max-width: 206px) 100vw, 206px\" \/>\n<div><p class=\"nome\">Fragen Sie<br \/> <span>Maria Teresa<\/span><\/p>\r\n<p>Wenn ich eines unserer Zimmer betrete, dann atme ich die Atmosph\u00e4re eines richtigen Heims mit gem\u00fctlicher Ausstrahlung und geschmackvoller Einrichtung. Wenn Sie also mit Ihren Kindern unterwegs sind, dann testen Sie unsere Family Suite!<\/p> <p><a href=\"https:\/\/www.hotelgoldenrome.com\/de\/zimmer\/\">Gehe zu Seite \u00bb<\/a><\/p><\/div>\n<\/div><div class=\"colonna\"><img loading=\"lazy\" decoding=\"async\" width=\"206\" height=\"206\" src=\"https:\/\/www.hotelgoldenrome.com\/wp-content\/uploads\/2013\/08\/giuseppe.jpg\" class=\"attachment-post-thumbnail size-post-thumbnail wp-post-image\" alt=\"\" srcset=\"https:\/\/www.hotelgoldenrome.com\/wp-content\/uploads\/2013\/08\/giuseppe.jpg 206w, https:\/\/www.hotelgoldenrome.com\/wp-content\/uploads\/2013\/08\/giuseppe-150x150.jpg 150w\" sizes=\"auto, (max-width: 206px) 100vw, 206px\" \/>\n<div><p class=\"nome\">Fragen Sie<br \/><span>Giuseppe<\/span><\/p>\r\n<p>In unserem Hotel zu wohnen bedeutet, Rom zu Ihren F\u00fc\u00dfen liegen zu haben. Wir befinden uns ganz in der N\u00e4he der Via Veneto und der U-Bahn-Station, aber Sie k\u00f6nnen sich auch ganz bequem zu Fu\u00df fortbewegen!<\/p> <p><a href=\"https:\/\/www.hotelgoldenrome.com\/de\/lage\/\">Gehe zu Seite \u00bb<\/a><\/p><\/div>\n<\/div><div class=\"colonna\"><img loading=\"lazy\" decoding=\"async\" width=\"206\" height=\"206\" src=\"https:\/\/www.hotelgoldenrome.com\/wp-content\/uploads\/2013\/08\/marco.jpg\" class=\"attachment-post-thumbnail size-post-thumbnail wp-post-image\" alt=\"\" srcset=\"https:\/\/www.hotelgoldenrome.com\/wp-content\/uploads\/2013\/08\/marco.jpg 206w, https:\/\/www.hotelgoldenrome.com\/wp-content\/uploads\/2013\/08\/marco-150x150.jpg 150w\" sizes=\"auto, (max-width: 206px) 100vw, 206px\" \/>\n<div><p class=\"nome\">Fragen Sie<br \/> <span>Marco<\/span><\/p><img loading=\"lazy\" decoding=\"async\" src=\"https:\/\/www.hotelgoldenrome.com\/wp-content\/uploads\/2013\/08\/tripadvisor-reviews.gif\" alt=\"tripadvisor-reviews\" width=\"113\" height=\"80\" class=\"aligncenter size-full wp-image-76 trip\" \/><p> Unsere beste Visitenkarte ist die Meinung unserer G\u00e4ste!<\/p> <p><a href=\"https:\/\/www.hotelgoldenrome.com\/de\/bewertungen\/\">Gehe zu Seite \u00bb<\/a><\/p><\/div>\n<\/div><\/div>\n<p><br clear=\"all\" \/><\/p>\n<div id=\"bianco\">\n<h1>Familiengef\u00fchrtes Hotel in der N\u00e4he der Piazza di Spagna<\/h1>\n<p>Im Hotel Golden werden Sie in die Familie aufgenommen!<br \/>\n<strong>Das Hotel Golden Rom Familienbetrieb<\/strong> in der N\u00e4he der <strong>Piazza di Spagna<\/strong> bietet eine angenehme und gem\u00fctliche Atmosph\u00e4re wie im eigenen Zuhause. Die Familie Loria, die das Hotel seit \u00fcber 20 Jahren mit viel Engagement und Leidenschaft f\u00fchrt, empf\u00e4ngt Sie mit viel Herzlichkeit in einem unvergesslichen Urlaub mitten in der Ewigen Stadt.<\/p>\n<p>Das <strong>Hotel Golden<\/strong> liegt nur unweit der<strong> Villa Borghese<\/strong> und der herrlichen Galleria Borghese. Auch die wichtigsten Sehensw\u00fcrdigkeiten Roms wie die Via Veneto, der <strong>Trevibrunnen<\/strong> und die Piazza del Popolo sind schnell erreicht.<\/p>\n<p>Von den <strong>familiengef\u00fchrten Hotels in Rom<\/strong>, hebt sich das Hotel Golden aufgrund seiner Serviceleistungen und einem Komfort auf hohem Niveau hervor.<\/p>\n<\/div>\n<div id=\"garanzia\">\n<h1>Online reservieren und im Hotel zahlen<\/h1>\n<p>Direkt \u00fcber die offizielle Webseite zu reservieren ist einfach, preiswert und sicher: Die Kreditkarte dient ausschlie\u00dflich zur Sicherung Ihrer Reservierung und die Bezahlung wird von Ihnen am Abreisetag im Hotel geleistet. <strong>Best rate guarantee!\n<\/div>\n","protected":false},"excerpt":{"rendered":"<p>Familiengef\u00fchrtes Hotel in der N\u00e4he der Piazza di Spagna Im Hotel Golden werden Sie in die Familie aufgenommen! Das Hotel Golden Rom Familienbetrieb in der N\u00e4he der Piazza di Spagna bietet eine angenehme und gem\u00fctliche Atmosph\u00e4re wie im eigenen Zuhause. Die Familie Loria, die das Hotel seit \u00fcber 20 Jahren mit viel Engagement und Leidenschaft&#8230; <a  href=\"https:\/\/www.hotelgoldenrome.com\/de\/\"><img decoding=\"async\" class=\"moretag\" src=\"https:\/\/www.hotelgoldenrome.com\/wp-content\/themes\/hotelgoldenrome\/img\/continua.gif\" border=0\/><\/a><\/p>\n","protected":false},"author":17,"featured_media":0,"parent":0,"menu_order":0,"comment_status":"open","ping_status":"open","template":"index.php","meta":{"ngg_post_thumbnail":0,"footnotes":""},"class_list":["post-851","page","type-page","status-publish","hentry"],"yoast_head":"<!-- This site is optimized with the Yoast SEO plugin v25.7 - https:\/\/yoast.com\/wordpress\/plugins\/seo\/ -->\n<title>Hotel in der N\u00e4he der Spanischen Treppe | Hotel Golden Offizielle Seite<\/title>\n<meta name=\"description\" content=\"Familienbetriebenes Hotel im Zentrum Roms nahe der Piazza di Spagna. Der Aufenthalt in unserem Hotel bedeutet die Atmosph\u00e4re eines wahres Zuhauses mit einer echten Familie einzuatmen.\" \/>\n<meta name=\"robots\" content=\"index, follow, max-snippet:-1, max-image-preview:large, max-video-preview:-1\" \/>\n<link rel=\"canonical\" href=\"https:\/\/www.hotelgoldenrome.com\/de\/\" \/>\n<meta property=\"og:locale\" content=\"de_DE\" \/>\n<meta property=\"og:type\" content=\"article\" \/>\n<meta property=\"og:title\" content=\"Hotel in der N\u00e4he der Spanischen Treppe | Hotel Golden Offizielle Seite\" \/>\n<meta property=\"og:description\" content=\"Familienbetriebenes Hotel im Zentrum Roms nahe der Piazza di Spagna. Der Aufenthalt in unserem Hotel bedeutet die Atmosph\u00e4re eines wahres Zuhauses mit einer echten Familie einzuatmen.\" \/>\n<meta property=\"og:url\" content=\"https:\/\/www.hotelgoldenrome.com\/de\/\" \/>\n<meta property=\"og:site_name\" content=\"Hotel Golden\" \/>\n<meta property=\"article:modified_time\" content=\"2014-08-13T07:43:43+00:00\" \/>\n<meta name=\"twitter:label1\" content=\"Gesch\u00e4tzte Lesezeit\" \/>\n\t<meta name=\"twitter:data1\" content=\"1\u00a0Minute\" \/>\n<script type=\"application\/ld+json\" class=\"yoast-schema-graph\">{\"@context\":\"https:\/\/schema.org\",\"@graph\":[{\"@type\":\"WebPage\",\"@id\":\"https:\/\/www.hotelgoldenrome.com\/de\/\",\"url\":\"https:\/\/www.hotelgoldenrome.com\/de\/\",\"name\":\"Hotel in der N\u00e4he der Spanischen Treppe | Hotel Golden Offizielle Seite\",\"isPartOf\":{\"@id\":\"https:\/\/www.hotelgoldenrome.com\/de\/#website\"},\"datePublished\":\"2013-10-04T10:51:21+00:00\",\"dateModified\":\"2014-08-13T07:43:43+00:00\",\"description\":\"Familienbetriebenes Hotel im Zentrum Roms nahe der Piazza di Spagna. Der Aufenthalt in unserem Hotel bedeutet die Atmosph\u00e4re eines wahres Zuhauses mit einer echten Familie einzuatmen.\",\"breadcrumb\":{\"@id\":\"https:\/\/www.hotelgoldenrome.com\/de\/#breadcrumb\"},\"inLanguage\":\"de\",\"potentialAction\":[{\"@type\":\"ReadAction\",\"target\":[\"https:\/\/www.hotelgoldenrome.com\/de\/\"]}]},{\"@type\":\"BreadcrumbList\",\"@id\":\"https:\/\/www.hotelgoldenrome.com\/de\/#breadcrumb\",\"itemListElement\":[{\"@type\":\"ListItem\",\"position\":1,\"name\":\"Home\",\"item\":\"https:\/\/www.hotelgoldenrome.com\/de\/\"},{\"@type\":\"ListItem\",\"position\":2,\"name\":\"Home\"}]},{\"@type\":\"WebSite\",\"@id\":\"https:\/\/www.hotelgoldenrome.com\/de\/#website\",\"url\":\"https:\/\/www.hotelgoldenrome.com\/de\/\",\"name\":\"Hotel Golden\",\"description\":\"..your Family run hotel in Rome\",\"potentialAction\":[{\"@type\":\"SearchAction\",\"target\":{\"@type\":\"EntryPoint\",\"urlTemplate\":\"https:\/\/www.hotelgoldenrome.com\/de\/?s={search_term_string}\"},\"query-input\":{\"@type\":\"PropertyValueSpecification\",\"valueRequired\":true,\"valueName\":\"search_term_string\"}}],\"inLanguage\":\"de\"}]}<\/script>\n<!-- \/ Yoast SEO plugin. -->","yoast_head_json":{"title":"Hotel in der N\u00e4he der Spanischen Treppe | Hotel Golden Offizielle Seite","description":"Familienbetriebenes Hotel im Zentrum Roms nahe der Piazza di Spagna. Der Aufenthalt in unserem Hotel bedeutet die Atmosph\u00e4re eines wahres Zuhauses mit einer echten Familie einzuatmen.","robots":{"index":"index","follow":"follow","max-snippet":"max-snippet:-1","max-image-preview":"max-image-preview:large","max-video-preview":"max-video-preview:-1"},"canonical":"https:\/\/www.hotelgoldenrome.com\/de\/","og_locale":"de_DE","og_type":"article","og_title":"Hotel in der N\u00e4he der Spanischen Treppe | Hotel Golden Offizielle Seite","og_description":"Familienbetriebenes Hotel im Zentrum Roms nahe der Piazza di Spagna. Der Aufenthalt in unserem Hotel bedeutet die Atmosph\u00e4re eines wahres Zuhauses mit einer echten Familie einzuatmen.","og_url":"https:\/\/www.hotelgoldenrome.com\/de\/","og_site_name":"Hotel Golden","article_modified_time":"2014-08-13T07:43:43+00:00","twitter_misc":{"Gesch\u00e4tzte Lesezeit":"1\u00a0Minute"},"schema":{"@context":"https:\/\/schema.org","@graph":[{"@type":"WebPage","@id":"https:\/\/www.hotelgoldenrome.com\/de\/","url":"https:\/\/www.hotelgoldenrome.com\/de\/","name":"Hotel in der N\u00e4he der Spanischen Treppe | Hotel Golden Offizielle Seite","isPartOf":{"@id":"https:\/\/www.hotelgoldenrome.com\/de\/#website"},"datePublished":"2013-10-04T10:51:21+00:00","dateModified":"2014-08-13T07:43:43+00:00","description":"Familienbetriebenes Hotel im Zentrum Roms nahe der Piazza di Spagna. Der Aufenthalt in unserem Hotel bedeutet die Atmosph\u00e4re eines wahres Zuhauses mit einer echten Familie einzuatmen.","breadcrumb":{"@id":"https:\/\/www.hotelgoldenrome.com\/de\/#breadcrumb"},"inLanguage":"de","potentialAction":[{"@type":"ReadAction","target":["https:\/\/www.hotelgoldenrome.com\/de\/"]}]},{"@type":"BreadcrumbList","@id":"https:\/\/www.hotelgoldenrome.com\/de\/#breadcrumb","itemListElement":[{"@type":"ListItem","position":1,"name":"Home","item":"https:\/\/www.hotelgoldenrome.com\/de\/"},{"@type":"ListItem","position":2,"name":"Home"}]},{"@type":"WebSite","@id":"https:\/\/www.hotelgoldenrome.com\/de\/#website","url":"https:\/\/www.hotelgoldenrome.com\/de\/","name":"Hotel Golden","description":"..your Family run hotel in Rome","potentialAction":[{"@type":"SearchAction","target":{"@type":"EntryPoint","urlTemplate":"https:\/\/www.hotelgoldenrome.com\/de\/?s={search_term_string}"},"query-input":{"@type":"PropertyValueSpecification","valueRequired":true,"valueName":"search_term_string"}}],"inLanguage":"de"}]}},"_links":{"self":[{"href":"https:\/\/www.hotelgoldenrome.com\/de\/wp-json\/wp\/v2\/pages\/851","targetHints":{"allow":["GET"]}}],"collection":[{"href":"https:\/\/www.hotelgoldenrome.com\/de\/wp-json\/wp\/v2\/pages"}],"about":[{"href":"https:\/\/www.hotelgoldenrome.com\/de\/wp-json\/wp\/v2\/types\/page"}],"author":[{"embeddable":true,"href":"https:\/\/www.hotelgoldenrome.com\/de\/wp-json\/wp\/v2\/users\/17"}],"replies":[{"embeddable":true,"href":"https:\/\/www.hotelgoldenrome.com\/de\/wp-json\/wp\/v2\/comments?post=851"}],"version-history":[{"count":11,"href":"https:\/\/www.hotelgoldenrome.com\/de\/wp-json\/wp\/v2\/pages\/851\/revisions"}],"predecessor-version":[{"id":2059,"href":"https:\/\/www.hotelgoldenrome.com\/de\/wp-json\/wp\/v2\/pages\/851\/revisions\/2059"}],"wp:attachment":[{"href":"https:\/\/www.hotelgoldenrome.com\/de\/wp-json\/wp\/v2\/media?parent=851"}],"curies":[{"name":"wp","href":"https:\/\/api.w.org\/{rel}","templated":true}]}}