{"id":2211,"date":"2022-08-09T15:54:46","date_gmt":"2022-08-09T15:54:46","guid":{"rendered":"https:\/\/www.hotelgoldenrome.com\/cookie-policy\/"},"modified":"2024-07-15T13:44:12","modified_gmt":"2024-07-15T13:44:12","slug":"cookie-policy","status":"publish","type":"page","link":"https:\/\/www.hotelgoldenrome.com\/es\/cookie-policy\/","title":{"rendered":"Cookie Policy"},"content":{"rendered":"\n<h2 class=\"wp-block-heading\">Cookie Policy &#8211; Maruma s.r.l.<\/h2>\n\n\n\n<p>\u00daltima actualizaci\u00f3n: 16\/08\/2022 &#8211; V. 1.0<\/p>\n\n\n\n<p><strong>\u00bfPara qu\u00e9 sirve este documento?<\/strong><br \/>\nEsta pol\u00edtica de cookies contiene informaci\u00f3n sobre los diferentes tipos de cookies que pueden instalarse en sus dispositivos cuando visita <a href=\"http:\/\/www.hotelgoldenrome.com\">www.hotelgoldenrome.com<\/a><\/p>\n\n\n\n<h3 class=\"wp-block-heading\"><strong>Responsable y datos de contacto<\/strong><\/h3>\n\n\n\n<p>Maruma s.r.l., con domicilio social en Via Marche 84 &#8211; 00187 Roma<\/p>\n\n\n\n<p>Detalles de contacto: <a href=\"mailto:info@hotelgoldenrome.com\">info@hotelgoldenrome.com<\/a><\/p>\n\n\n\n<h3 class=\"wp-block-heading\"><strong>Lista de cookies<\/strong><\/h3>\n<script id=\"CookieDeclaration\" src=\"https:\/\/consent.cookiebot.com\/18c70ddf-fae8-45ec-96d8-2ce2300e8b5a\/cd.js\" type=\"text\/javascript\" async><\/script>\n\n\n\n<h3 class=\"wp-block-heading\"><strong>\u00bfC\u00f3mo puedo desactivarlos?<\/strong><\/h3>\n\n\n\n<figure class=\"wp-block-table\"><table><tbody><tr><td><strong>Name<\/strong><\/td><td><strong>Link<\/strong><\/td><\/tr><tr><td>Google Chrome<\/td><td><a href=\"https:\/\/support.google.com\/chrome\/answer\/95647\">https:\/\/support.google.com\/chrome\/answer\/95647<\/a><\/td><\/tr><tr><td>Safari<\/td><td><a href=\"https:\/\/support.apple.com\/it-ie\/guide\/safari\/sfri11471\/mac\">https:\/\/support.apple.com\/it-ie\/guide\/safari\/sfri11471\/mac<\/a><\/td><\/tr><tr><td>Firefox<\/td><td><a href=\"https:\/\/support.mozilla.org\/it\/kb\/Gestione%20dei%20cookie\">https:\/\/support.mozilla.org\/it\/kb\/Gestione%20dei%20cookie<\/a><\/td><\/tr><tr><td>Internet Explorer<\/td><td><a href=\"https:\/\/support.microsoft.com\/en-us\/topic\/delete-and-manage-cookies-168dab11-0753-043d-7c16-ede5947fc64d\">https:\/\/support.microsoft.com\/en-us\/topic\/delete-and-manage-cookies-168dab11-0753-043d-7c16-ede5947fc64d<\/a><\/td><\/tr><\/tbody><\/table><\/figure>\n\n\n\n<h3 class=\"wp-block-heading\"><strong>Cambios en la pol\u00edtica de cookies<\/strong><\/h3>\n\n\n\n<p>Esta pol\u00edtica de cookies puede estar sujeta a cambios con el tiempo, incluidas aquellas relacionadas con la posible entrada en vigor de nuevas normativas legales, actualizaci\u00f3n o prestaci\u00f3n de nuevos servicios o innovaciones tecnol\u00f3gicas, por favor consulte esta p\u00e1gina peri\u00f3dicamente.<\/p>\n","protected":false},"excerpt":{"rendered":"<p>Cookie Policy &#8211; Maruma s.r.l. \u00daltima actualizaci\u00f3n: 16\/08\/2022 &#8211; V. 1.0 \u00bfPara qu\u00e9 sirve este documento? Esta pol\u00edtica de cookies contiene informaci\u00f3n sobre los diferentes tipos de cookies que pueden instalarse en sus dispositivos cuando visita www.hotelgoldenrome.com Responsable y datos de contacto Maruma s.r.l., con domicilio social en Via Marche 84 &#8211; 00187 Roma Detalles&#8230; <a  href=\"https:\/\/www.hotelgoldenrome.com\/es\/cookie-policy\/\"><img decoding=\"async\" class=\"moretag\" src=\"https:\/\/www.hotelgoldenrome.com\/wp-content\/themes\/hotelgoldenrome\/img\/continua.gif\" border=0\/><\/a><\/p>\n","protected":false},"author":17,"featured_media":0,"parent":0,"menu_order":0,"comment_status":"closed","ping_status":"closed","template":"","meta":{"ngg_post_thumbnail":0,"footnotes":""},"class_list":["post-2211","page","type-page","status-publish","hentry"],"yoast_head":"<!-- This site is optimized with the Yoast SEO plugin v25.7 - https:\/\/yoast.com\/wordpress\/plugins\/seo\/ -->\n<title>Cookie Policy | Hotel Golden<\/title>\n<meta name=\"description\" content=\"Cookie Policy, Hotel Golden:\" \/>\n<meta name=\"robots\" content=\"index, follow, max-snippet:-1, max-image-preview:large, max-video-preview:-1\" \/>\n<link rel=\"canonical\" href=\"https:\/\/www.hotelgoldenrome.com\/es\/cookie-policy\/\" \/>\n<meta property=\"og:locale\" content=\"es_ES\" \/>\n<meta property=\"og:type\" content=\"article\" \/>\n<meta property=\"og:title\" content=\"Cookie Policy | Hotel Golden\" \/>\n<meta property=\"og:description\" content=\"Cookie Policy, Hotel Golden:\" \/>\n<meta property=\"og:url\" content=\"https:\/\/www.hotelgoldenrome.com\/es\/cookie-policy\/\" \/>\n<meta property=\"og:site_name\" content=\"Hotel Golden\" \/>\n<meta property=\"article:modified_time\" content=\"2024-07-15T13:44:12+00:00\" \/>\n<meta name=\"twitter:label1\" content=\"Tiempo de lectura\" \/>\n\t<meta name=\"twitter:data1\" content=\"1 minuto\" \/>\n<script type=\"application\/ld+json\" class=\"yoast-schema-graph\">{\"@context\":\"https:\/\/schema.org\",\"@graph\":[{\"@type\":\"WebPage\",\"@id\":\"https:\/\/www.hotelgoldenrome.com\/es\/cookie-policy\/\",\"url\":\"https:\/\/www.hotelgoldenrome.com\/es\/cookie-policy\/\",\"name\":\"Cookie Policy | Hotel Golden\",\"isPartOf\":{\"@id\":\"https:\/\/www.hotelgoldenrome.com\/es\/#website\"},\"datePublished\":\"2022-08-09T15:54:46+00:00\",\"dateModified\":\"2024-07-15T13:44:12+00:00\",\"description\":\"Cookie Policy, Hotel Golden:\",\"breadcrumb\":{\"@id\":\"https:\/\/www.hotelgoldenrome.com\/es\/cookie-policy\/#breadcrumb\"},\"inLanguage\":\"es\",\"potentialAction\":[{\"@type\":\"ReadAction\",\"target\":[\"https:\/\/www.hotelgoldenrome.com\/es\/cookie-policy\/\"]}]},{\"@type\":\"BreadcrumbList\",\"@id\":\"https:\/\/www.hotelgoldenrome.com\/es\/cookie-policy\/#breadcrumb\",\"itemListElement\":[{\"@type\":\"ListItem\",\"position\":1,\"name\":\"Home\",\"item\":\"https:\/\/www.hotelgoldenrome.com\/es\/\"},{\"@type\":\"ListItem\",\"position\":2,\"name\":\"Cookie Policy\"}]},{\"@type\":\"WebSite\",\"@id\":\"https:\/\/www.hotelgoldenrome.com\/es\/#website\",\"url\":\"https:\/\/www.hotelgoldenrome.com\/es\/\",\"name\":\"Hotel Golden\",\"description\":\"..your Family run hotel in Rome\",\"potentialAction\":[{\"@type\":\"SearchAction\",\"target\":{\"@type\":\"EntryPoint\",\"urlTemplate\":\"https:\/\/www.hotelgoldenrome.com\/es\/?s={search_term_string}\"},\"query-input\":{\"@type\":\"PropertyValueSpecification\",\"valueRequired\":true,\"valueName\":\"search_term_string\"}}],\"inLanguage\":\"es\"}]}<\/script>\n<!-- \/ Yoast SEO plugin. -->","yoast_head_json":{"title":"Cookie Policy | Hotel Golden","description":"Cookie Policy, Hotel Golden:","robots":{"index":"index","follow":"follow","max-snippet":"max-snippet:-1","max-image-preview":"max-image-preview:large","max-video-preview":"max-video-preview:-1"},"canonical":"https:\/\/www.hotelgoldenrome.com\/es\/cookie-policy\/","og_locale":"es_ES","og_type":"article","og_title":"Cookie Policy | Hotel Golden","og_description":"Cookie Policy, Hotel Golden:","og_url":"https:\/\/www.hotelgoldenrome.com\/es\/cookie-policy\/","og_site_name":"Hotel Golden","article_modified_time":"2024-07-15T13:44:12+00:00","twitter_misc":{"Tiempo de lectura":"1 minuto"},"schema":{"@context":"https:\/\/schema.org","@graph":[{"@type":"WebPage","@id":"https:\/\/www.hotelgoldenrome.com\/es\/cookie-policy\/","url":"https:\/\/www.hotelgoldenrome.com\/es\/cookie-policy\/","name":"Cookie Policy | Hotel Golden","isPartOf":{"@id":"https:\/\/www.hotelgoldenrome.com\/es\/#website"},"datePublished":"2022-08-09T15:54:46+00:00","dateModified":"2024-07-15T13:44:12+00:00","description":"Cookie Policy, Hotel Golden:","breadcrumb":{"@id":"https:\/\/www.hotelgoldenrome.com\/es\/cookie-policy\/#breadcrumb"},"inLanguage":"es","potentialAction":[{"@type":"ReadAction","target":["https:\/\/www.hotelgoldenrome.com\/es\/cookie-policy\/"]}]},{"@type":"BreadcrumbList","@id":"https:\/\/www.hotelgoldenrome.com\/es\/cookie-policy\/#breadcrumb","itemListElement":[{"@type":"ListItem","position":1,"name":"Home","item":"https:\/\/www.hotelgoldenrome.com\/es\/"},{"@type":"ListItem","position":2,"name":"Cookie Policy"}]},{"@type":"WebSite","@id":"https:\/\/www.hotelgoldenrome.com\/es\/#website","url":"https:\/\/www.hotelgoldenrome.com\/es\/","name":"Hotel Golden","description":"..your Family run hotel in Rome","potentialAction":[{"@type":"SearchAction","target":{"@type":"EntryPoint","urlTemplate":"https:\/\/www.hotelgoldenrome.com\/es\/?s={search_term_string}"},"query-input":{"@type":"PropertyValueSpecification","valueRequired":true,"valueName":"search_term_string"}}],"inLanguage":"es"}]}},"_links":{"self":[{"href":"https:\/\/www.hotelgoldenrome.com\/es\/wp-json\/wp\/v2\/pages\/2211","targetHints":{"allow":["GET"]}}],"collection":[{"href":"https:\/\/www.hotelgoldenrome.com\/es\/wp-json\/wp\/v2\/pages"}],"about":[{"href":"https:\/\/www.hotelgoldenrome.com\/es\/wp-json\/wp\/v2\/types\/page"}],"author":[{"embeddable":true,"href":"https:\/\/www.hotelgoldenrome.com\/es\/wp-json\/wp\/v2\/users\/17"}],"replies":[{"embeddable":true,"href":"https:\/\/www.hotelgoldenrome.com\/es\/wp-json\/wp\/v2\/comments?post=2211"}],"version-history":[{"count":2,"href":"https:\/\/www.hotelgoldenrome.com\/es\/wp-json\/wp\/v2\/pages\/2211\/revisions"}],"predecessor-version":[{"id":2248,"href":"https:\/\/www.hotelgoldenrome.com\/es\/wp-json\/wp\/v2\/pages\/2211\/revisions\/2248"}],"wp:attachment":[{"href":"https:\/\/www.hotelgoldenrome.com\/es\/wp-json\/wp\/v2\/media?parent=2211"}],"curies":[{"name":"wp","href":"https:\/\/api.w.org\/{rel}","templated":true}]}}