{"id":362,"date":"2013-09-27T12:22:44","date_gmt":"2013-09-27T12:22:44","guid":{"rendered":"https:\/\/www.hotelgoldenrome.com\/?page_id=362"},"modified":"2016-08-10T07:19:06","modified_gmt":"2016-08-10T07:19:06","slug":"ubicacion","status":"publish","type":"page","link":"https:\/\/www.hotelgoldenrome.com\/es\/ubicacion\/","title":{"rendered":"Ubicaci\u00f3n"},"content":{"rendered":"<div id=\"colonna-dx\"><\/p>\n<h1>Hotel en el centro de Roma pr\u00f3ximo a Villa Borghese<\/h1>\n<p>El Hotel Golden se encuentra entre la espl\u00e9ndida <strong>Villa Borghese<\/strong> y <strong>Via Veneto<\/strong>, teatro de la \u00abDolce Vita\u00bb de los a\u00f1os Sesenta, en una posici\u00f3n central pero, a la vez, muy <strong>tranquila<\/strong>, a dos pasos de <strong>Piazza di Spagna<\/strong> y <strong>Fontana di Trevi<\/strong>.<\/p>\n<p><!-- index.php -->\n<div\n\tclass=\"ngg-galleryoverview ngg-ajax-pagination-none\"\n\tid=\"ngg-gallery-013901b19af03fbd4a581c21b99a80df-1\">\n\n    \t\t<!-- Thumbnails -->\n\t\t\t\t<div id=\"ngg-image-0\" class=\"ngg-gallery-thumbnail-box\" >\n\t\t\t\t        <div class=\"ngg-gallery-thumbnail\">\n            <a href=\"https:\/\/www.hotelgoldenrome.com\/wp-content\/galleries\/posizione\/100.jpg\"\n               title=\"\"\n               data-src=\"https:\/\/www.hotelgoldenrome.com\/wp-content\/galleries\/posizione\/100.jpg\"\n               data-thumbnail=\"https:\/\/www.hotelgoldenrome.com\/wp-content\/galleries\/posizione\/thumbs\/thumbs_100.jpg\"\n               data-image-id=\"100\"\n               data-title=\"100-jpg\"\n               data-description=\"\"\n               data-image-slug=\"100-jpg\"\n               class=\"ngg-fancybox\" rel=\"013901b19af03fbd4a581c21b99a80df\">\n                <img\n                    title=\"100-jpg\"\n                    alt=\"100-jpg\"\n                    src=\"https:\/\/www.hotelgoldenrome.com\/wp-content\/galleries\/posizione\/thumbs\/thumbs_100.jpg\"\n                    width=\"150\"\n                    height=\"150\"\n                    style=\"max-width:100%;\"\n                \/>\n            <\/a>\n        <\/div>\n\t\t\t\t\t\t\t<\/div> \n\t\t\t\n        \n\t\t\t\t<div id=\"ngg-image-1\" class=\"ngg-gallery-thumbnail-box\" >\n\t\t\t\t        <div class=\"ngg-gallery-thumbnail\">\n            <a href=\"https:\/\/www.hotelgoldenrome.com\/wp-content\/galleries\/posizione\/piazza_spagna.jpg\"\n               title=\"\"\n               data-src=\"https:\/\/www.hotelgoldenrome.com\/wp-content\/galleries\/posizione\/piazza_spagna.jpg\"\n               data-thumbnail=\"https:\/\/www.hotelgoldenrome.com\/wp-content\/galleries\/posizione\/thumbs\/thumbs_piazza_spagna.jpg\"\n               data-image-id=\"99\"\n               data-title=\"Primavera a Trinit\u2021 dei Monti, Piazza di Spagna, Roma\"\n               data-description=\"\"\n               data-image-slug=\"piazza_spagna-jpg\"\n               class=\"ngg-fancybox\" rel=\"013901b19af03fbd4a581c21b99a80df\">\n                <img\n                    title=\"Primavera a Trinit\u2021 dei Monti, Piazza di Spagna, Roma\"\n                    alt=\"Primavera a Trinit\u2021 dei Monti, Piazza di Spagna, Roma\"\n                    src=\"https:\/\/www.hotelgoldenrome.com\/wp-content\/galleries\/posizione\/thumbs\/thumbs_piazza_spagna.jpg\"\n                    width=\"150\"\n                    height=\"150\"\n                    style=\"max-width:100%;\"\n                \/>\n            <\/a>\n        <\/div>\n\t\t\t\t\t\t\t<\/div> \n\t\t\t\n        \n\t\t\t\t<div id=\"ngg-image-2\" class=\"ngg-gallery-thumbnail-box\" >\n\t\t\t\t        <div class=\"ngg-gallery-thumbnail\">\n            <a href=\"https:\/\/www.hotelgoldenrome.com\/wp-content\/galleries\/posizione\/roma.jpg\"\n               title=\"A wornderful sundown overlooking the Saint Peter Cathedral\"\n               data-src=\"https:\/\/www.hotelgoldenrome.com\/wp-content\/galleries\/posizione\/roma.jpg\"\n               data-thumbnail=\"https:\/\/www.hotelgoldenrome.com\/wp-content\/galleries\/posizione\/thumbs\/thumbs_roma.jpg\"\n               data-image-id=\"102\"\n               data-title=\"Rome Sundown\"\n               data-description=\"A wornderful sundown overlooking the Saint Peter Cathedral\"\n               data-image-slug=\"rome-sundown\"\n               class=\"ngg-fancybox\" rel=\"013901b19af03fbd4a581c21b99a80df\">\n                <img\n                    title=\"Rome Sundown\"\n                    alt=\"Rome Sundown\"\n                    src=\"https:\/\/www.hotelgoldenrome.com\/wp-content\/galleries\/posizione\/thumbs\/thumbs_roma.jpg\"\n                    width=\"150\"\n                    height=\"150\"\n                    style=\"max-width:100%;\"\n                \/>\n            <\/a>\n        <\/div>\n\t\t\t\t\t\t\t<\/div> \n\t\t\t\n        \n\t\t\t\t<div id=\"ngg-image-3\" class=\"ngg-gallery-thumbnail-box\" >\n\t\t\t\t        <div class=\"ngg-gallery-thumbnail\">\n            <a href=\"https:\/\/www.hotelgoldenrome.com\/wp-content\/galleries\/posizione\/eventi.jpg\"\n               title=\"\"\n               data-src=\"https:\/\/www.hotelgoldenrome.com\/wp-content\/galleries\/posizione\/eventi.jpg\"\n               data-thumbnail=\"https:\/\/www.hotelgoldenrome.com\/wp-content\/galleries\/posizione\/thumbs\/thumbs_eventi.jpg\"\n               data-image-id=\"101\"\n               data-title=\"The Coliseum by Night\"\n               data-description=\"\"\n               data-image-slug=\"the-coliseum-by-night\"\n               class=\"ngg-fancybox\" rel=\"013901b19af03fbd4a581c21b99a80df\">\n                <img\n                    title=\"The Coliseum by Night\"\n                    alt=\"The Coliseum by Night\"\n                    src=\"https:\/\/www.hotelgoldenrome.com\/wp-content\/galleries\/posizione\/thumbs\/thumbs_eventi.jpg\"\n                    width=\"150\"\n                    height=\"150\"\n                    style=\"max-width:100%;\"\n                \/>\n            <\/a>\n        <\/div>\n\t\t\t\t\t\t\t<\/div> \n\t\t\t\n        \n\t\t\n\t\t<!-- Pagination -->\n\t<div class='ngg-clear'><\/div>\t<\/div>\n<\/p>\n<p>Muy cerca de este acogedor <strong>hotel de Roma<\/strong> se extiende uno de los pulmones verdes de la ciudad: el Parque<strong> <\/strong>de Villa Borghese, por donde los romanos aman pasear los d\u00edas feriados y donde se encuentra el <strong>Pincio<\/strong>, espectacular punto panor\u00e1mico desde el que, con una mirada, se domina toda la ciudad. La suntuosa Villa alberga la c\u00e9lebre <strong>Galer\u00eda Borghese<\/strong>, una de las colecciones m\u00e1s vastas del mundo, que acoge obras de artistas como Tiziano, Rubens, Caravaggio, y Bernini.<\/p>\n<p><iframe loading=\"lazy\" src=\"https:\/\/maps.google.it\/maps?q=Hotel+Golden+Roma+-+MARUMA+Srl+-+Via+Marche+84,+00187+Roma,+Italia&amp;oe=utf-8&amp;client=firefox-a&amp;channel=fflb&amp;ie=UTF8&amp;hl=it&amp;hq=Hotel+Golden+Roma+-+MARUMA+Srl+-+Via+Marche+84,+00187+Roma,+Italia&amp;hnear=&amp;radius=15000&amp;t=m&amp;ll=41.911475,12.490017&amp;spn=0.006387,0.014806&amp;z=16&amp;iwloc=A&amp;output=embed\" height=\"400\" width=\"650\" frameborder=\"0\" marginwidth=\"0\" marginheight=\"0\" scrolling=\"no\"><\/iframe><\/p>\n<h2>C\u00d3MO LLEGAR<\/h2>\n<ul id=\"come\">\n<li>\n<div>\n<p><strong>En avi\u00f3n<\/strong><br \/>\nEl Hotel Golden pone a disposici\u00f3n de sus hu\u00e9spedes un <strong>servicio de recogida<\/strong> en el aeropuerto, que hay que solicitar al reservar la habitaci\u00f3n. Pero tambi\u00e9n hay otras posibilidades para llegar al hotel desde los <strong>aeropuertos de Roma<\/strong>.<br \/>\nDesde el <strong>aeropuerto de Roma \u00abFiumicino\u00bb<\/strong>:<br \/>\n&#8211; con los autobuses \u00abTerravision Shuttle\u00bb y \u00abSchiaffini Travel Shuttle\u00bb llegar\u00e1 a la estaci\u00f3n central de Termini. Desde all\u00ed se puede coger un taxi o los autobuses n\u00b0 360 (Corso d&#8217;Italia &#8211; 5\u00b0 parada) o n\u00b0 910 (Via Piemonte\/Boncompagni &#8211; 4\u00b0 parada) y luego caminar 400 metros hasta llegar a Via Marche;<br \/>\n&#8211; con el tren directo \u00abLeonardo Express\u00bb llegar\u00e1 en unos 35 minutos a la estaci\u00f3n de Termini. Desde aqu\u00ed puede coger un taxi o los autobuses n\u00b0 360 (Corso d&#8217;Italia &#8211; 5\u00b0 parada) o n\u00b0 910 (Via Piemonte\/Boncompagni &#8211; 4\u00b0 parada) y luego caminar 400 metros hasta llegar a Via Marche, o la l\u00ednea A del metro hasta  Piazza Barberini, y desde all\u00ed recorrer Via Veneto a pie o con uno de los numerosos autobuses.<br \/>\nDesde el <strong>aeropuerto de Roma \u00abCiampino\u00bb<\/strong>:<br \/>\n&#8211; con un taxi privado;<br \/>\n&#8211; con los autobuses \u00abTerravision Shuttle\u00bb y \u00abSchiaffini Travel Shuttle\u00bb llegar\u00e1 a la estaci\u00f3n central de Termini. Desde all\u00ed se puede coger un taxi, los autobuses n\u00b0 360 (Corso d&#8217;Italia &#8211; 5\u00b0 parada) o n\u00b0 910 (Via Piemonte\/Boncompagni &#8211; 4\u00b0 parada) y luego caminar 400 metros hasta llegar a Via Marche, o la l\u00ednea A del metro hasta Piazza Barberini, y desde all\u00ed recorrer Via Veneto a pie o con uno de los numerosos autobuses.<\/p>\n<p><strong>En coche<\/strong><br \/>\nDesde la autopista entrar en la carretera de circunvalaci\u00f3n y seguir hasta encontrar la salida Salaria. Proseguir por via Salaria con direcci\u00f3n hacia el centro hasta llegar a Villa Borghese. Girar en  Via Pinciana y continuar hasta llegar a Piazzale Brasile. Al llegar al sem\u00e1foro, girar a la izquierda bordeando los Muros Aurelianos hasta llegar a Porta Pinciana. La primera calle transversal a la izquierda es Via Marche, donde en el n\u00famero 84 encontrar\u00e1 el hotel. Puede aparcar su coche en un <strong>garaje concertado<\/strong> muy pr\u00f3ximo al hotel, con servicio de recogida y entrega.<\/p>\n<p><strong>En tren<\/strong><br \/>\nDesde la Estaci\u00f3n Central Termini puede llegar al Hotel Golden con un taxi o usando el transporte p\u00fablico. El autob\u00fas n\u00b0 360 se detiene en Corso d&#8217;Italia (5 paradas) y el autob\u00fas n\u00b0 910 se detiene en el cruce de Via Piemonte y Via Boncompagni. En ambos casos hay que caminar 400 metros para llegar a Via Marche, donde en el n\u00famero 84 se encuentra el hotel.<br \/>\nOtra posibilidad es coger el metro (l\u00ednea A, direcci\u00f3n Battistini); bajar despu\u00e9s de 2 paradas, en Piazza Barberini, y desde all\u00ed recorrer Via Veneto a pie o con uno de los numerosos autobuses que tienen sus paradas all\u00ed (n\u00b0116, 119, 95, 63, 80, 52, 53).<\/p>\n<\/div>\n<\/li>\n<\/ul>\n<p><\/div>\n<div id=\"colonna-sx\"><br \/>\n<img loading=\"lazy\" decoding=\"async\" class=\"aligncenter size-full wp-image-65\" alt=\"maria-teresa\" src=\"https:\/\/www.hotelgoldenrome.com\/wp-content\/uploads\/2013\/08\/giuseppe.jpg\" width=\"206\" height=\"206\" \/><\/p>\n<p class=\"nome\">Preg\u00fantaselo a<br \/><span>Giuseppe<\/span><\/p>\n<p>Alojarse en nuestro hotel significa tener Roma al alcance de la mano. Estamos cerca de Via Veneto y de la parada del metro, \u00a1pero tambi\u00e9n puedes desplazarte a pie!<\/p>\n<p><a href=\"https:\/\/www.hotelgoldenrome.com\/wp-content\/uploads\/2013\/08\/020.jpg\" class=\"thickbox\"><img loading=\"lazy\" decoding=\"async\" src=\"https:\/\/www.hotelgoldenrome.com\/wp-content\/uploads\/2013\/08\/020-206x206.jpg\" alt=\"020\" width=\"206\" height=\"206\" \/><\/a><\/p>\n<p>La ubicaci\u00f3n del <strong>Hotel Golden de Roma<\/strong> permite llegar andando a muchos otros lugares de inter\u00e9s cultural y <strong>shopping<\/strong> como por ejemplo <strong>Via del Corso<\/strong>&nbsp;y <strong>Piazza Navona<\/strong>. Utilizando la eficiente red de transporte p\u00fablico, se pueden visitar los numerosos monumentos de la \u00e9poca imperial como el <strong>Coliseo<\/strong>, los Foros Imperiales y la Domus Aurea.<\/p>\n<p>Para que su estad\u00eda sea a\u00fan m\u00e1s placentera, hemos estipulado un acuerdo con un servicio de gu\u00edas que organizan <strong>visitas guiadas por la ciudad<\/strong> y <strong>excursiones por la zona<\/strong>.<\/p>\n<p>Si desean sentirse acogidos \u00abcomo en casa\u00bb y, al mismo tiempo, encontrarse a pocos minutos a pie de los lugares m\u00e1s famosos de Roma, como <strong>Piazza di Spagna<\/strong>, la <strong>Fontana di Trevi<\/strong>, <strong>via Veneto<\/strong> y <strong>Villa Borghese<\/strong>, en el Hotel Golden de <strong>Roma<\/strong> estaremos siempre a su disposici\u00f3n.<\/p>\n<p><\/div>\n<p>&nbsp;<\/p>\n","protected":false},"excerpt":{"rendered":"<p class=\"nome\">Preg\u00fantaselo a<br \/><span>Giuseppe<\/span><\/p>\n<p>Alojarse en nuestro hotel significa tener Roma al alcance de la mano. Estamos cerca de Via Veneto y de la parada del metro, \u00a1pero tambi\u00e9n puedes desplazarte a pie!<\/p>\n","protected":false},"author":17,"featured_media":2104,"parent":0,"menu_order":0,"comment_status":"open","ping_status":"open","template":"page-duecolonne.php","meta":{"ngg_post_thumbnail":0,"footnotes":""},"class_list":["post-362","page","type-page","status-publish","has-post-thumbnail","hentry"],"yoast_head":"<!-- This site is optimized with the Yoast SEO plugin v25.7 - https:\/\/yoast.com\/wordpress\/plugins\/seo\/ -->\n<title>Hotel cerca de Villa Borghese | Hotel en el centro de Roma<\/title>\n<meta name=\"description\" content=\"Muy cerca de este acogedor hotel de Roma se extiende uno de los pulmones verdes de la ciudad: el Parque de Villa Borghese, por donde los romanos aman pasear los d\u00edas feriados.\" \/>\n<meta name=\"robots\" content=\"index, follow, max-snippet:-1, max-image-preview:large, max-video-preview:-1\" \/>\n<link rel=\"canonical\" href=\"https:\/\/www.hotelgoldenrome.com\/es\/ubicacion\/\" \/>\n<meta property=\"og:locale\" content=\"es_ES\" \/>\n<meta property=\"og:type\" content=\"article\" \/>\n<meta property=\"og:title\" content=\"Hotel cerca de Villa Borghese | Hotel en el centro de Roma\" \/>\n<meta property=\"og:description\" content=\"Muy cerca de este acogedor hotel de Roma se extiende uno de los pulmones verdes de la ciudad: el Parque de Villa Borghese, por donde los romanos aman pasear los d\u00edas feriados.\" \/>\n<meta property=\"og:url\" content=\"https:\/\/www.hotelgoldenrome.com\/es\/ubicacion\/\" \/>\n<meta property=\"og:site_name\" content=\"Hotel Golden\" \/>\n<meta property=\"article:modified_time\" content=\"2016-08-10T07:19:06+00:00\" \/>\n<meta property=\"og:image\" content=\"https:\/\/www.hotelgoldenrome.com\/wp-content\/uploads\/2013\/08\/giuseppe.jpg\" \/>\n\t<meta property=\"og:image:width\" content=\"206\" \/>\n\t<meta property=\"og:image:height\" content=\"206\" \/>\n\t<meta property=\"og:image:type\" content=\"image\/jpeg\" \/>\n<meta name=\"twitter:label1\" content=\"Tiempo de lectura\" \/>\n\t<meta name=\"twitter:data1\" content=\"4 minutos\" \/>\n<script type=\"application\/ld+json\" class=\"yoast-schema-graph\">{\"@context\":\"https:\/\/schema.org\",\"@graph\":[{\"@type\":\"WebPage\",\"@id\":\"https:\/\/www.hotelgoldenrome.com\/es\/ubicacion\/\",\"url\":\"https:\/\/www.hotelgoldenrome.com\/es\/ubicacion\/\",\"name\":\"Hotel cerca de Villa Borghese | Hotel en el centro de Roma\",\"isPartOf\":{\"@id\":\"https:\/\/www.hotelgoldenrome.com\/es\/#website\"},\"primaryImageOfPage\":{\"@id\":\"https:\/\/www.hotelgoldenrome.com\/es\/ubicacion\/#primaryimage\"},\"image\":{\"@id\":\"https:\/\/www.hotelgoldenrome.com\/es\/ubicacion\/#primaryimage\"},\"thumbnailUrl\":\"https:\/\/www.hotelgoldenrome.com\/wp-content\/uploads\/2013\/08\/giuseppe.jpg\",\"datePublished\":\"2013-09-27T12:22:44+00:00\",\"dateModified\":\"2016-08-10T07:19:06+00:00\",\"description\":\"Muy cerca de este acogedor hotel de Roma se extiende uno de los pulmones verdes de la ciudad: el Parque de Villa Borghese, por donde los romanos aman pasear los d\u00edas feriados.\",\"breadcrumb\":{\"@id\":\"https:\/\/www.hotelgoldenrome.com\/es\/ubicacion\/#breadcrumb\"},\"inLanguage\":\"es\",\"potentialAction\":[{\"@type\":\"ReadAction\",\"target\":[\"https:\/\/www.hotelgoldenrome.com\/es\/ubicacion\/\"]}]},{\"@type\":\"ImageObject\",\"inLanguage\":\"es\",\"@id\":\"https:\/\/www.hotelgoldenrome.com\/es\/ubicacion\/#primaryimage\",\"url\":\"https:\/\/www.hotelgoldenrome.com\/wp-content\/uploads\/2013\/08\/giuseppe.jpg\",\"contentUrl\":\"https:\/\/www.hotelgoldenrome.com\/wp-content\/uploads\/2013\/08\/giuseppe.jpg\",\"width\":206,\"height\":206},{\"@type\":\"BreadcrumbList\",\"@id\":\"https:\/\/www.hotelgoldenrome.com\/es\/ubicacion\/#breadcrumb\",\"itemListElement\":[{\"@type\":\"ListItem\",\"position\":1,\"name\":\"Home\",\"item\":\"https:\/\/www.hotelgoldenrome.com\/es\/\"},{\"@type\":\"ListItem\",\"position\":2,\"name\":\"Ubicaci\u00f3n\"}]},{\"@type\":\"WebSite\",\"@id\":\"https:\/\/www.hotelgoldenrome.com\/es\/#website\",\"url\":\"https:\/\/www.hotelgoldenrome.com\/es\/\",\"name\":\"Hotel Golden\",\"description\":\"..your Family run hotel in Rome\",\"potentialAction\":[{\"@type\":\"SearchAction\",\"target\":{\"@type\":\"EntryPoint\",\"urlTemplate\":\"https:\/\/www.hotelgoldenrome.com\/es\/?s={search_term_string}\"},\"query-input\":{\"@type\":\"PropertyValueSpecification\",\"valueRequired\":true,\"valueName\":\"search_term_string\"}}],\"inLanguage\":\"es\"}]}<\/script>\n<!-- \/ Yoast SEO plugin. -->","yoast_head_json":{"title":"Hotel cerca de Villa Borghese | Hotel en el centro de Roma","description":"Muy cerca de este acogedor hotel de Roma se extiende uno de los pulmones verdes de la ciudad: el Parque de Villa Borghese, por donde los romanos aman pasear los d\u00edas feriados.","robots":{"index":"index","follow":"follow","max-snippet":"max-snippet:-1","max-image-preview":"max-image-preview:large","max-video-preview":"max-video-preview:-1"},"canonical":"https:\/\/www.hotelgoldenrome.com\/es\/ubicacion\/","og_locale":"es_ES","og_type":"article","og_title":"Hotel cerca de Villa Borghese | Hotel en el centro de Roma","og_description":"Muy cerca de este acogedor hotel de Roma se extiende uno de los pulmones verdes de la ciudad: el Parque de Villa Borghese, por donde los romanos aman pasear los d\u00edas feriados.","og_url":"https:\/\/www.hotelgoldenrome.com\/es\/ubicacion\/","og_site_name":"Hotel Golden","article_modified_time":"2016-08-10T07:19:06+00:00","og_image":[{"width":206,"height":206,"url":"https:\/\/www.hotelgoldenrome.com\/wp-content\/uploads\/2013\/08\/giuseppe.jpg","type":"image\/jpeg"}],"twitter_misc":{"Tiempo de lectura":"4 minutos"},"schema":{"@context":"https:\/\/schema.org","@graph":[{"@type":"WebPage","@id":"https:\/\/www.hotelgoldenrome.com\/es\/ubicacion\/","url":"https:\/\/www.hotelgoldenrome.com\/es\/ubicacion\/","name":"Hotel cerca de Villa Borghese | Hotel en el centro de Roma","isPartOf":{"@id":"https:\/\/www.hotelgoldenrome.com\/es\/#website"},"primaryImageOfPage":{"@id":"https:\/\/www.hotelgoldenrome.com\/es\/ubicacion\/#primaryimage"},"image":{"@id":"https:\/\/www.hotelgoldenrome.com\/es\/ubicacion\/#primaryimage"},"thumbnailUrl":"https:\/\/www.hotelgoldenrome.com\/wp-content\/uploads\/2013\/08\/giuseppe.jpg","datePublished":"2013-09-27T12:22:44+00:00","dateModified":"2016-08-10T07:19:06+00:00","description":"Muy cerca de este acogedor hotel de Roma se extiende uno de los pulmones verdes de la ciudad: el Parque de Villa Borghese, por donde los romanos aman pasear los d\u00edas feriados.","breadcrumb":{"@id":"https:\/\/www.hotelgoldenrome.com\/es\/ubicacion\/#breadcrumb"},"inLanguage":"es","potentialAction":[{"@type":"ReadAction","target":["https:\/\/www.hotelgoldenrome.com\/es\/ubicacion\/"]}]},{"@type":"ImageObject","inLanguage":"es","@id":"https:\/\/www.hotelgoldenrome.com\/es\/ubicacion\/#primaryimage","url":"https:\/\/www.hotelgoldenrome.com\/wp-content\/uploads\/2013\/08\/giuseppe.jpg","contentUrl":"https:\/\/www.hotelgoldenrome.com\/wp-content\/uploads\/2013\/08\/giuseppe.jpg","width":206,"height":206},{"@type":"BreadcrumbList","@id":"https:\/\/www.hotelgoldenrome.com\/es\/ubicacion\/#breadcrumb","itemListElement":[{"@type":"ListItem","position":1,"name":"Home","item":"https:\/\/www.hotelgoldenrome.com\/es\/"},{"@type":"ListItem","position":2,"name":"Ubicaci\u00f3n"}]},{"@type":"WebSite","@id":"https:\/\/www.hotelgoldenrome.com\/es\/#website","url":"https:\/\/www.hotelgoldenrome.com\/es\/","name":"Hotel Golden","description":"..your Family run hotel in Rome","potentialAction":[{"@type":"SearchAction","target":{"@type":"EntryPoint","urlTemplate":"https:\/\/www.hotelgoldenrome.com\/es\/?s={search_term_string}"},"query-input":{"@type":"PropertyValueSpecification","valueRequired":true,"valueName":"search_term_string"}}],"inLanguage":"es"}]}},"_links":{"self":[{"href":"https:\/\/www.hotelgoldenrome.com\/es\/wp-json\/wp\/v2\/pages\/362","targetHints":{"allow":["GET"]}}],"collection":[{"href":"https:\/\/www.hotelgoldenrome.com\/es\/wp-json\/wp\/v2\/pages"}],"about":[{"href":"https:\/\/www.hotelgoldenrome.com\/es\/wp-json\/wp\/v2\/types\/page"}],"author":[{"embeddable":true,"href":"https:\/\/www.hotelgoldenrome.com\/es\/wp-json\/wp\/v2\/users\/17"}],"replies":[{"embeddable":true,"href":"https:\/\/www.hotelgoldenrome.com\/es\/wp-json\/wp\/v2\/comments?post=362"}],"version-history":[{"count":13,"href":"https:\/\/www.hotelgoldenrome.com\/es\/wp-json\/wp\/v2\/pages\/362\/revisions"}],"predecessor-version":[{"id":2120,"href":"https:\/\/www.hotelgoldenrome.com\/es\/wp-json\/wp\/v2\/pages\/362\/revisions\/2120"}],"wp:featuredmedia":[{"embeddable":true,"href":"https:\/\/www.hotelgoldenrome.com\/es\/wp-json\/wp\/v2\/media\/2104"}],"wp:attachment":[{"href":"https:\/\/www.hotelgoldenrome.com\/es\/wp-json\/wp\/v2\/media?parent=362"}],"curies":[{"name":"wp","href":"https:\/\/api.w.org\/{rel}","templated":true}]}}