{"id":434,"date":"2013-09-30T08:20:51","date_gmt":"2013-09-30T08:20:51","guid":{"rendered":"https:\/\/www.hotelgoldenrome.com\/?page_id=434"},"modified":"2014-08-01T10:54:47","modified_gmt":"2014-08-01T10:54:47","slug":"descripcion","status":"publish","type":"page","link":"https:\/\/www.hotelgoldenrome.com\/es\/descripcion\/","title":{"rendered":"Descripci\u00f3n"},"content":{"rendered":"<div id=\"colonna-dx\"><\/p>\n<h1>Hotel econ\u00f3mico con magn\u00edficos desayunos y wi-fi gratuito<\/h1>\n<p>Hotel econ\u00f3mico con  wi-fi gratis, el Hotel Golden de Roma se encuentra en el centro hist\u00f3rico de la ciudad , pr\u00f3ximo al espl\u00e9ndido parque de Villa Borghese, ubicado en el interior de un elegante edificio de finales del siglo XIX, ha sido restaurado manteniendo intacta la estructura original.   <\/p>\n<p>Los ambientes del edificio se han ideado para garantizar el m\u00e1ximo relax a sus hu\u00e9spedes, gracias a unos espacios comunes decorados con muebles de madera de cerezo  y con acabados de estucos venecianos, realizados en delicadas tonalidades de amarillo.   <\/p>\n<p>Acogedor hotel para no fumadores en Roma, el Hotel Golden se enorgullece de la experta gesti\u00f3n de una direcci\u00f3n familiar apreciada desde siempre por su cordialidad y disponibilidad. <\/p>\n<p>Todos los detalles han sido pensados para hacer que su estad\u00eda sea <strong>placentera<\/strong> y <strong>divertida<\/strong>, como la atm\u00f3sfera que se respira en nuestro hotel. Todas las ma\u00f1anas servimos el <strong><a title=\"Hotel Golden Roma\" target=\"_blank\" href=\"https:\/\/www.hotelgoldenrome.com\/wp-content\/uploads\/2013\/08\/colazione.jpg\" class=\"thickbox\" rel=\"hotelgoldenrome\">desayuno<\/a><\/strong> en la bonita sala tipo terraza, iluminada por una gran vidriera: los hu\u00e9spedes podr\u00e1n comenzar el d\u00eda de la mejor manera con <B>dulces y medialunas caseras<\/B>, cereales y yogures de todo tipo, una gran selecci\u00f3n de zumos y bebidas calientes, e incluso algunas especialidades saladas como quesos y embutidos, o una macedonia, las tortillas que prepara mam\u00e1 al instante (tambi\u00e9n por encargo), pan fresco, tostadas, tostadas francesas y deliciosas tortitas&#8230; En resumen, un sabroso desayuno como en casa.<\/p>\n<p>Para ofrecer un ulterior servicio a nuestros hu\u00e9spedes, hemos estipulado un <strong>acuerdo<\/strong> con un <strong>grupo de gu\u00edas<\/strong> que le acompa\u00f1ar\u00e1n para que pueda descubrir Roma y sus espl\u00e9ndidos alrededores.<br \/>\n<!-- index.php -->\n<div\n\tclass=\"ngg-galleryoverview ngg-ajax-pagination-none\"\n\tid=\"ngg-gallery-3e5f3620680cf1f0632dce7624b5559f-1\">\n\n    \t\t<!-- Thumbnails -->\n\t\t\t\t<div id=\"ngg-image-0\" class=\"ngg-gallery-thumbnail-box\" >\n\t\t\t\t        <div class=\"ngg-gallery-thumbnail\">\n            <a href=\"https:\/\/www.hotelgoldenrome.com\/wp-content\/galleries\/servizi\/002.jpg\"\n               title=\"\"\n               data-src=\"https:\/\/www.hotelgoldenrome.com\/wp-content\/galleries\/servizi\/002.jpg\"\n               data-thumbnail=\"https:\/\/www.hotelgoldenrome.com\/wp-content\/galleries\/servizi\/thumbs\/thumbs_002.jpg\"\n               data-image-id=\"92\"\n               data-title=\"002-jpg\"\n               data-description=\"\"\n               data-image-slug=\"002-jpg\"\n               class=\"ngg-fancybox\" rel=\"3e5f3620680cf1f0632dce7624b5559f\">\n                <img\n                    title=\"002-jpg\"\n                    alt=\"002-jpg\"\n                    src=\"https:\/\/www.hotelgoldenrome.com\/wp-content\/galleries\/servizi\/thumbs\/thumbs_002.jpg\"\n                    width=\"150\"\n                    height=\"150\"\n                    style=\"max-width:100%;\"\n                \/>\n            <\/a>\n        <\/div>\n\t\t\t\t\t\t\t<\/div> \n\t\t\t\n        \n\t\t\t\t<div id=\"ngg-image-1\" class=\"ngg-gallery-thumbnail-box\" >\n\t\t\t\t        <div class=\"ngg-gallery-thumbnail\">\n            <a href=\"https:\/\/www.hotelgoldenrome.com\/wp-content\/galleries\/servizi\/053.jpg\"\n               title=\"\"\n               data-src=\"https:\/\/www.hotelgoldenrome.com\/wp-content\/galleries\/servizi\/053.jpg\"\n               data-thumbnail=\"https:\/\/www.hotelgoldenrome.com\/wp-content\/galleries\/servizi\/thumbs\/thumbs_053.jpg\"\n               data-image-id=\"93\"\n               data-title=\"053-jpg\"\n               data-description=\"\"\n               data-image-slug=\"053-jpg\"\n               class=\"ngg-fancybox\" rel=\"3e5f3620680cf1f0632dce7624b5559f\">\n                <img\n                    title=\"053-jpg\"\n                    alt=\"053-jpg\"\n                    src=\"https:\/\/www.hotelgoldenrome.com\/wp-content\/galleries\/servizi\/thumbs\/thumbs_053.jpg\"\n                    width=\"150\"\n                    height=\"150\"\n                    style=\"max-width:100%;\"\n                \/>\n            <\/a>\n        <\/div>\n\t\t\t\t\t\t\t<\/div> \n\t\t\t\n        \n\t\t\t\t<div id=\"ngg-image-2\" class=\"ngg-gallery-thumbnail-box\" >\n\t\t\t\t        <div class=\"ngg-gallery-thumbnail\">\n            <a href=\"https:\/\/www.hotelgoldenrome.com\/wp-content\/galleries\/servizi\/066.jpg\"\n               title=\"\"\n               data-src=\"https:\/\/www.hotelgoldenrome.com\/wp-content\/galleries\/servizi\/066.jpg\"\n               data-thumbnail=\"https:\/\/www.hotelgoldenrome.com\/wp-content\/galleries\/servizi\/thumbs\/thumbs_066.jpg\"\n               data-image-id=\"94\"\n               data-title=\"066-jpg\"\n               data-description=\"\"\n               data-image-slug=\"066-jpg\"\n               class=\"ngg-fancybox\" rel=\"3e5f3620680cf1f0632dce7624b5559f\">\n                <img\n                    title=\"066-jpg\"\n                    alt=\"066-jpg\"\n                    src=\"https:\/\/www.hotelgoldenrome.com\/wp-content\/galleries\/servizi\/thumbs\/thumbs_066.jpg\"\n                    width=\"150\"\n                    height=\"150\"\n                    style=\"max-width:100%;\"\n                \/>\n            <\/a>\n        <\/div>\n\t\t\t\t\t\t\t<\/div> \n\t\t\t\n        \n\t\t\t\t<div id=\"ngg-image-3\" class=\"ngg-gallery-thumbnail-box\" >\n\t\t\t\t        <div class=\"ngg-gallery-thumbnail\">\n            <a href=\"https:\/\/www.hotelgoldenrome.com\/wp-content\/galleries\/servizi\/g12_b.jpg\"\n               title=\"\"\n               data-src=\"https:\/\/www.hotelgoldenrome.com\/wp-content\/galleries\/servizi\/g12_b.jpg\"\n               data-thumbnail=\"https:\/\/www.hotelgoldenrome.com\/wp-content\/galleries\/servizi\/thumbs\/thumbs_g12_b.jpg\"\n               data-image-id=\"51\"\n               data-title=\"g12_b-jpg\"\n               data-description=\"\"\n               data-image-slug=\"g12_b-jpg-1\"\n               class=\"ngg-fancybox\" rel=\"3e5f3620680cf1f0632dce7624b5559f\">\n                <img\n                    title=\"g12_b-jpg\"\n                    alt=\"g12_b-jpg\"\n                    src=\"https:\/\/www.hotelgoldenrome.com\/wp-content\/galleries\/servizi\/thumbs\/thumbs_g12_b.jpg\"\n                    width=\"150\"\n                    height=\"150\"\n                    style=\"max-width:100%;\"\n                \/>\n            <\/a>\n        <\/div>\n\t\t\t\t\t\t\t<\/div> \n\t\t\t\n        \n\t\t\n\t\t<!-- Pagination -->\n\t<div class='ngg-clear'><\/div>\t<\/div>\n<\/p>\n<h2>Servicios<\/h2>\n<p>Entre los numerosos <strong>servicios <\/strong>que ponemos a disposici\u00f3n de nuestros clientes, cabe citar:<\/p>\n<ul>\n<li>&#8211; traslado desde el aeropuerto; solicitarlo en el momento de reservar la habitaci\u00f3n<\/li>\n<li>&#8211; garaje concertado situado cerca del hotel, que efect\u00faa  servicio de recogida y entrega<\/li>\n<li>&#8211; punto de acceso a Internet<\/li>\n<li>&#8211; acceso wi-fi en todo el hotel<\/li>\n<li>&#8211; room service;<\/li>\n<li>&#8211; Tv con servicio Pay per View \/ Sky<\/li>\n<li>&#8211; Servicio de prensa<\/li>\n<li>&#8211; Dep\u00f3sito de equipajes<\/li>\n<li>&#8211; Early check-in<\/li>\n<li>&#8211; Ascensor<\/li>\n<li>&#8211; Lavander\u00eda con fichas<\/li>\n<\/ul>\n<p>A su llegada le proporcionaremos un <strong>mapa detallado<\/strong> con la posici\u00f3n del hotel y de las principales atracciones, mientras en nuestra <strong>recepci\u00f3n abierta 24 horas<\/strong> encontrar\u00e1 un util\u00edsimo <strong>centro de informaci\u00f3n<\/strong>que le brindar\u00e1 tambi\u00e9n la posibilidad de reservar entradas para todas las exhibiciones organizadas en la ciudad. Adem\u00e1s, estamos a su completa disposici\u00f3n para recomendarle los mejores y m\u00e1s famosos restaurantes y \u00abtrattorie\u00bb, donde degustar la gastronom\u00eda t\u00edpica romana.<\/p>\n<p><\/div>\n<div id=\"colonna-sx\"><br \/>\n<img loading=\"lazy\" decoding=\"async\" src=\"https:\/\/www.hotelgoldenrome.com\/wp-content\/uploads\/2013\/08\/alina.jpg\" alt=\"alina\" width=\"206\" height=\"206\" class=\"alignnone size-full wp-image-167\" \/><\/p>\n<p class=\"nome\">Preg\u00fantaselo a<br \/><span>Alina<\/span><\/p>\n<p>Estamos a dos pasos de Villa Borghese, en un hermoso edificio de finales del siglo XIX de atm\u00f3sfera c\u00e1lida y acogedora. \u00a1Nuestro desayuno preparado en casa es \u00fanico! <\/p>\n<div class=\"box\">\n<p>\u00a1Descanse sin cables y sin humo! En el saludable ambiente del Hotel Golden de Roma <strong>para no fumadores<\/strong>, el aire huele a <strong>Wi-fi<\/strong>: esta conexi\u00f3n a Internet es un servicio <strong>gratuito<\/strong> que nuestro <strong>hotel <\/strong>para<strong> no fumadores <\/strong>del<strong> centro <\/strong>de<strong> Roma<\/strong> pone a disposici\u00f3n en sus c\u00f3modas y acogedoras habitaciones y zonas comunes.<\/p>\n<\/div>\n<p><\/div>\n<p>&nbsp;<\/p>\n","protected":false},"excerpt":{"rendered":"<p>&nbsp;<\/p>\n","protected":false},"author":17,"featured_media":0,"parent":0,"menu_order":0,"comment_status":"open","ping_status":"open","template":"page-duecolonne.php","meta":{"ngg_post_thumbnail":0,"footnotes":""},"class_list":["post-434","page","type-page","status-publish","hentry"],"yoast_head":"<!-- This site is optimized with the Yoast SEO plugin v25.7 - https:\/\/yoast.com\/wordpress\/plugins\/seo\/ -->\n<title>Hotel econ\u00f3mico en el centro de Roma | Hotel para no fumadores Roma<\/title>\n<meta name=\"description\" content=\"El hotel Golden, adem\u00e1s de ofrecer alojamiento a precios accesibles y wi-fi gratis, se enorgullece de su delicioso desayuno preparado al instante por mamma Teresa, con productos siempre frescos.\" \/>\n<meta name=\"robots\" content=\"index, follow, max-snippet:-1, max-image-preview:large, max-video-preview:-1\" \/>\n<link rel=\"canonical\" href=\"https:\/\/www.hotelgoldenrome.com\/es\/descripcion\/\" \/>\n<meta property=\"og:locale\" content=\"es_ES\" \/>\n<meta property=\"og:type\" content=\"article\" \/>\n<meta property=\"og:title\" content=\"Hotel econ\u00f3mico en el centro de Roma | Hotel para no fumadores Roma\" \/>\n<meta property=\"og:description\" content=\"El hotel Golden, adem\u00e1s de ofrecer alojamiento a precios accesibles y wi-fi gratis, se enorgullece de su delicioso desayuno preparado al instante por mamma Teresa, con productos siempre frescos.\" \/>\n<meta property=\"og:url\" content=\"https:\/\/www.hotelgoldenrome.com\/es\/descripcion\/\" \/>\n<meta property=\"og:site_name\" content=\"Hotel Golden\" \/>\n<meta property=\"article:modified_time\" content=\"2014-08-01T10:54:47+00:00\" \/>\n<meta property=\"og:image\" content=\"https:\/\/www.hotelgoldenrome.com\/wp-content\/uploads\/2013\/08\/alina.jpg\" \/>\n<meta name=\"twitter:label1\" content=\"Tiempo de lectura\" \/>\n\t<meta name=\"twitter:data1\" content=\"3 minutos\" \/>\n<script type=\"application\/ld+json\" class=\"yoast-schema-graph\">{\"@context\":\"https:\/\/schema.org\",\"@graph\":[{\"@type\":\"WebPage\",\"@id\":\"https:\/\/www.hotelgoldenrome.com\/es\/descripcion\/\",\"url\":\"https:\/\/www.hotelgoldenrome.com\/es\/descripcion\/\",\"name\":\"Hotel econ\u00f3mico en el centro de Roma | Hotel para no fumadores Roma\",\"isPartOf\":{\"@id\":\"https:\/\/www.hotelgoldenrome.com\/es\/#website\"},\"primaryImageOfPage\":{\"@id\":\"https:\/\/www.hotelgoldenrome.com\/es\/descripcion\/#primaryimage\"},\"image\":{\"@id\":\"https:\/\/www.hotelgoldenrome.com\/es\/descripcion\/#primaryimage\"},\"thumbnailUrl\":\"https:\/\/www.hotelgoldenrome.com\/wp-content\/uploads\/2013\/08\/alina.jpg\",\"datePublished\":\"2013-09-30T08:20:51+00:00\",\"dateModified\":\"2014-08-01T10:54:47+00:00\",\"description\":\"El hotel Golden, adem\u00e1s de ofrecer alojamiento a precios accesibles y wi-fi gratis, se enorgullece de su delicioso desayuno preparado al instante por mamma Teresa, con productos siempre frescos.\",\"breadcrumb\":{\"@id\":\"https:\/\/www.hotelgoldenrome.com\/es\/descripcion\/#breadcrumb\"},\"inLanguage\":\"es\",\"potentialAction\":[{\"@type\":\"ReadAction\",\"target\":[\"https:\/\/www.hotelgoldenrome.com\/es\/descripcion\/\"]}]},{\"@type\":\"ImageObject\",\"inLanguage\":\"es\",\"@id\":\"https:\/\/www.hotelgoldenrome.com\/es\/descripcion\/#primaryimage\",\"url\":\"https:\/\/www.hotelgoldenrome.com\/wp-content\/uploads\/2013\/08\/alina.jpg\",\"contentUrl\":\"https:\/\/www.hotelgoldenrome.com\/wp-content\/uploads\/2013\/08\/alina.jpg\"},{\"@type\":\"BreadcrumbList\",\"@id\":\"https:\/\/www.hotelgoldenrome.com\/es\/descripcion\/#breadcrumb\",\"itemListElement\":[{\"@type\":\"ListItem\",\"position\":1,\"name\":\"Home\",\"item\":\"https:\/\/www.hotelgoldenrome.com\/es\/\"},{\"@type\":\"ListItem\",\"position\":2,\"name\":\"Descripci\u00f3n\"}]},{\"@type\":\"WebSite\",\"@id\":\"https:\/\/www.hotelgoldenrome.com\/es\/#website\",\"url\":\"https:\/\/www.hotelgoldenrome.com\/es\/\",\"name\":\"Hotel Golden\",\"description\":\"..your Family run hotel in Rome\",\"potentialAction\":[{\"@type\":\"SearchAction\",\"target\":{\"@type\":\"EntryPoint\",\"urlTemplate\":\"https:\/\/www.hotelgoldenrome.com\/es\/?s={search_term_string}\"},\"query-input\":{\"@type\":\"PropertyValueSpecification\",\"valueRequired\":true,\"valueName\":\"search_term_string\"}}],\"inLanguage\":\"es\"}]}<\/script>\n<!-- \/ Yoast SEO plugin. -->","yoast_head_json":{"title":"Hotel econ\u00f3mico en el centro de Roma | Hotel para no fumadores Roma","description":"El hotel Golden, adem\u00e1s de ofrecer alojamiento a precios accesibles y wi-fi gratis, se enorgullece de su delicioso desayuno preparado al instante por mamma Teresa, con productos siempre frescos.","robots":{"index":"index","follow":"follow","max-snippet":"max-snippet:-1","max-image-preview":"max-image-preview:large","max-video-preview":"max-video-preview:-1"},"canonical":"https:\/\/www.hotelgoldenrome.com\/es\/descripcion\/","og_locale":"es_ES","og_type":"article","og_title":"Hotel econ\u00f3mico en el centro de Roma | Hotel para no fumadores Roma","og_description":"El hotel Golden, adem\u00e1s de ofrecer alojamiento a precios accesibles y wi-fi gratis, se enorgullece de su delicioso desayuno preparado al instante por mamma Teresa, con productos siempre frescos.","og_url":"https:\/\/www.hotelgoldenrome.com\/es\/descripcion\/","og_site_name":"Hotel Golden","article_modified_time":"2014-08-01T10:54:47+00:00","og_image":[{"url":"https:\/\/www.hotelgoldenrome.com\/wp-content\/uploads\/2013\/08\/alina.jpg","type":"","width":"","height":""}],"twitter_misc":{"Tiempo de lectura":"3 minutos"},"schema":{"@context":"https:\/\/schema.org","@graph":[{"@type":"WebPage","@id":"https:\/\/www.hotelgoldenrome.com\/es\/descripcion\/","url":"https:\/\/www.hotelgoldenrome.com\/es\/descripcion\/","name":"Hotel econ\u00f3mico en el centro de Roma | Hotel para no fumadores Roma","isPartOf":{"@id":"https:\/\/www.hotelgoldenrome.com\/es\/#website"},"primaryImageOfPage":{"@id":"https:\/\/www.hotelgoldenrome.com\/es\/descripcion\/#primaryimage"},"image":{"@id":"https:\/\/www.hotelgoldenrome.com\/es\/descripcion\/#primaryimage"},"thumbnailUrl":"https:\/\/www.hotelgoldenrome.com\/wp-content\/uploads\/2013\/08\/alina.jpg","datePublished":"2013-09-30T08:20:51+00:00","dateModified":"2014-08-01T10:54:47+00:00","description":"El hotel Golden, adem\u00e1s de ofrecer alojamiento a precios accesibles y wi-fi gratis, se enorgullece de su delicioso desayuno preparado al instante por mamma Teresa, con productos siempre frescos.","breadcrumb":{"@id":"https:\/\/www.hotelgoldenrome.com\/es\/descripcion\/#breadcrumb"},"inLanguage":"es","potentialAction":[{"@type":"ReadAction","target":["https:\/\/www.hotelgoldenrome.com\/es\/descripcion\/"]}]},{"@type":"ImageObject","inLanguage":"es","@id":"https:\/\/www.hotelgoldenrome.com\/es\/descripcion\/#primaryimage","url":"https:\/\/www.hotelgoldenrome.com\/wp-content\/uploads\/2013\/08\/alina.jpg","contentUrl":"https:\/\/www.hotelgoldenrome.com\/wp-content\/uploads\/2013\/08\/alina.jpg"},{"@type":"BreadcrumbList","@id":"https:\/\/www.hotelgoldenrome.com\/es\/descripcion\/#breadcrumb","itemListElement":[{"@type":"ListItem","position":1,"name":"Home","item":"https:\/\/www.hotelgoldenrome.com\/es\/"},{"@type":"ListItem","position":2,"name":"Descripci\u00f3n"}]},{"@type":"WebSite","@id":"https:\/\/www.hotelgoldenrome.com\/es\/#website","url":"https:\/\/www.hotelgoldenrome.com\/es\/","name":"Hotel Golden","description":"..your Family run hotel in Rome","potentialAction":[{"@type":"SearchAction","target":{"@type":"EntryPoint","urlTemplate":"https:\/\/www.hotelgoldenrome.com\/es\/?s={search_term_string}"},"query-input":{"@type":"PropertyValueSpecification","valueRequired":true,"valueName":"search_term_string"}}],"inLanguage":"es"}]}},"_links":{"self":[{"href":"https:\/\/www.hotelgoldenrome.com\/es\/wp-json\/wp\/v2\/pages\/434","targetHints":{"allow":["GET"]}}],"collection":[{"href":"https:\/\/www.hotelgoldenrome.com\/es\/wp-json\/wp\/v2\/pages"}],"about":[{"href":"https:\/\/www.hotelgoldenrome.com\/es\/wp-json\/wp\/v2\/types\/page"}],"author":[{"embeddable":true,"href":"https:\/\/www.hotelgoldenrome.com\/es\/wp-json\/wp\/v2\/users\/17"}],"replies":[{"embeddable":true,"href":"https:\/\/www.hotelgoldenrome.com\/es\/wp-json\/wp\/v2\/comments?post=434"}],"version-history":[{"count":4,"href":"https:\/\/www.hotelgoldenrome.com\/es\/wp-json\/wp\/v2\/pages\/434\/revisions"}],"predecessor-version":[{"id":1979,"href":"https:\/\/www.hotelgoldenrome.com\/es\/wp-json\/wp\/v2\/pages\/434\/revisions\/1979"}],"wp:attachment":[{"href":"https:\/\/www.hotelgoldenrome.com\/es\/wp-json\/wp\/v2\/media?parent=434"}],"curies":[{"name":"wp","href":"https:\/\/api.w.org\/{rel}","templated":true}]}}