{"id":830,"date":"2013-10-04T10:18:04","date_gmt":"2013-10-04T10:18:04","guid":{"rendered":"https:\/\/www.hotelgoldenrome.com\/?page_id=830"},"modified":"2016-08-10T10:08:52","modified_gmt":"2016-08-10T10:08:52","slug":"opiniones","status":"publish","type":"page","link":"https:\/\/www.hotelgoldenrome.com\/es\/opiniones\/","title":{"rendered":"Opiniones"},"content":{"rendered":"<div id=\"colonna-sx\"><br \/>\n<img loading=\"lazy\" decoding=\"async\" alt=\"Marco\" src=\"https:\/\/www.hotelgoldenrome.com\/wp-content\/uploads\/2013\/08\/marco.jpg\" width=\"206\" height=\"206\" \/> <\/p>\n<p class=\"nome\">Preg\u00fantaselo a<br \/> <span>Marco<\/span><\/p>\n<p> \u00a1Nuestra mejor tarjeta de visita es lo que escriben de nosotros! Lee las opiniones de nuestros hu\u00e9spedes: \u00a1a veces nos sorprenden incluso a nosotros! Ellas representan el incentivo ideal para ofrecerte a\u00fan m\u00e1s.<\/p>\n<div class=\"box_ta\">\n<p>A nuestros estimados hu\u00e9spedes<\/p>\n<p><em>Estimados hu\u00e9spedes:<br \/>\nLes damos las gracias de coraz\u00f3n por sus palabras de aprecio, que este a\u00f1o han permitido a nuestro hotel ganar el premio <b>Travellers Choice 2012 de Tripadvisor<\/b>.<\/p>\n<p>Cordialmente,<br \/>\npap\u00e0 Mario, mamma Teresa e i figli, Giuseppe, Marco &amp; Maria Teresa<\/em><\/p>\n<p><a class=\"thickbox\" href=\"https:\/\/www.hotelgoldenrome.com\/wp-content\/uploads\/2013\/08\/lettera.jpg\"><img decoding=\"async\" src=\"https:\/\/www.hotelgoldenrome.com\/wp-content\/uploads\/2013\/08\/tc2012.jpg\" alt=\"tripadvisor\" \/><\/a>\n<\/div>\n<p><br clear=\"all\" \/><\/p>\n<div id=\"TA_certificateOfExcellence455\" class=\"TA_certificateOfExcellence\">\n<ul id=\"xV4xxmpc4\" class=\"TA_links nEyt54oDm\">\n<li id=\"VZNCjOeZJ\" class=\"9Fsvvf\">\n<a target=\"_blank\" href=\"https:\/\/www.tripadvisor.es\/Hotel_Review-g187791-d557956-Reviews-Hotel_Golden-Rome_Lazio.html\"><img decoding=\"async\" src=\"https:\/\/www.tripadvisor.es\/img\/cdsi\/img2\/awards\/CoE2016_WidgetAsset-14348-2.png\" alt=\"TripAdvisor\" class=\"widCOEImg\" id=\"CDSWIDCOELOGO\"\/><\/a>\n<\/li>\n<\/ul>\n<\/div>\n<p><script src=\"https:\/\/www.jscache.com\/wejs?wtype=certificateOfExcellence&amp;uniq=455&amp;locationId=557956&amp;lang=es&amp;year=2016&amp;display_version=2\"><\/script><\/p>\n<p><\/div>\n<div id=\"colonna-dx\"><\/p>\n<h1>Opiniones<\/h1>\n<p>\u00a1Consulta las <strong>opiniones que nuestros hu\u00e9spedes han<\/strong> publicado en los m\u00e1s importantes portales de rese\u00f1as online! Te recordamos que solo <strong>reservando directamente en nuestro Sitio Oficial ser\u00e1s un viajero privilegiado<\/strong>: \u00a1ser\u00e1s atendido personalmente por nuestro equipo desde el principio hasta el final y podr\u00e1s beneficiarte de tarifas especiales, ofertas y promociones reservadas exclusivamente para ti!<br \/>\nAdem\u00e1s, si reservas a trav\u00e9s de nuestro Sitio Oficial, <strong>se te solicitar\u00e1 que escribas una \u00abrese\u00f1a oficial\u00bb, garantizada porque est\u00e1 vinculada a una reserva efectiva<\/strong>. \u00a1De esta forma, contribuir\u00e1s a mejorar la calidad del servicio que te ofrecemos a ti y a todos los viajeros!<\/p>\n<p><link rel=\"stylesheet\" href=\"https:\/\/include.nozio.com\/dynamic\/css\/nozioreviewscss.css\" type=\"text\/css\" media=\"all\" \/>\n<div id=\"nozioreviewswidget\"><a href=\"https:\/\/www.nozio.com\/europe\/italy\/lazio\/rome\/rome\/lodging\/hotels\/2_two_stars_hotels\/hotel_golden.htm\">Hotel Golden<\/a><\/div>\n<script type=\"text\/javascript\" src=\"https:\/\/include.nozio.com\/dynamic\/js\/jquery_tooltip.js\"><\/script>\n<script type=\"text\/javascript\" src=\"https:\/\/include.nozio.com\/dynamic\/js\/nozio_reviews.php?idsk=58492&amp;lang=en&amp;widgetwidth=603\"><\/script><\/div><br \/>\n<br clear=\"all\" \/><\/p>\n<div id=\"TA_selfserveprop524\" class=\"TA_selfserveprop\">\n<ul id=\"kDGDEUr4B1Cx\" class=\"TA_links WNwSM3h7gO\">\n<li id=\"VTI616SBQQte\" class=\"1tD2rvnf04wC\"><a target=\"_blank\" href=\"http:\/\/www.tripadvisor.it\/Hotel_Review-g187791-d557956-Reviews-Hotel_Golden-Rome_Lazio.html\">Hotel Golden<\/a> a Roma: 1103 recensioni<\/li>\n<\/ul>\n<\/div>\n<p><script src=\"http:\/\/www.jscache.com\/wejs?wtype=selfserveprop&amp;uniq=524&amp;locationId=557956&amp;lang=it&amp;rating=true&amp;nreviews=4&amp;writereviewlink=false&amp;popIdx=true&amp;iswide=true&amp;border=true\"><\/script><\/p>\n<p><br clear=\"all\" \/><br \/>\n<\/div>\n","protected":false},"excerpt":{"rendered":"\n<p class=\"nome\">Preg\u00fantaselo a<br \/> <span>Marco<\/span><\/p>\n<p><img loading=\"lazy\" decoding=\"async\" src=\"https:\/\/www.hotelgoldenrome.com\/wp-content\/uploads\/2013\/08\/tripadvisor-reviews.gif\" alt=\"tripadvisor-reviews\" width=\"113\" height=\"80\" class=\"aligncenter size-full wp-image-76 trip\" \/><\/p>\n<p> \u00a1Nuestra mejor tarjeta de visita es lo que escriben de nosotros! <\/p>\n","protected":false},"author":17,"featured_media":2145,"parent":0,"menu_order":0,"comment_status":"open","ping_status":"open","template":"page-duecolonne.php","meta":{"ngg_post_thumbnail":0,"footnotes":""},"class_list":["post-830","page","type-page","status-publish","has-post-thumbnail","hentry"],"yoast_head":"<!-- This site is optimized with the Yoast SEO plugin v25.7 - https:\/\/yoast.com\/wordpress\/plugins\/seo\/ -->\n<title>Opiniones | Hotel Golden<\/title>\n<meta name=\"description\" content=\"Opiniones, Hotel Golden: Hotel ubicado cerca en Villa Borghese en Roma.\" \/>\n<meta name=\"robots\" content=\"index, follow, max-snippet:-1, max-image-preview:large, max-video-preview:-1\" \/>\n<link rel=\"canonical\" href=\"https:\/\/www.hotelgoldenrome.com\/es\/opiniones\/\" \/>\n<meta property=\"og:locale\" content=\"es_ES\" \/>\n<meta property=\"og:type\" content=\"article\" \/>\n<meta property=\"og:title\" content=\"Opiniones | Hotel Golden\" \/>\n<meta property=\"og:description\" content=\"Opiniones, Hotel Golden: Hotel ubicado cerca en Villa Borghese en Roma.\" \/>\n<meta property=\"og:url\" content=\"https:\/\/www.hotelgoldenrome.com\/es\/opiniones\/\" \/>\n<meta property=\"og:site_name\" content=\"Hotel Golden\" \/>\n<meta property=\"article:modified_time\" content=\"2016-08-10T10:08:52+00:00\" \/>\n<meta property=\"og:image\" content=\"https:\/\/www.hotelgoldenrome.com\/wp-content\/uploads\/2013\/08\/marco.jpg\" \/>\n\t<meta property=\"og:image:width\" content=\"206\" \/>\n\t<meta property=\"og:image:height\" content=\"206\" \/>\n\t<meta property=\"og:image:type\" content=\"image\/jpeg\" \/>\n<meta name=\"twitter:label1\" content=\"Tiempo de lectura\" \/>\n\t<meta name=\"twitter:data1\" content=\"1 minuto\" \/>\n<script type=\"application\/ld+json\" class=\"yoast-schema-graph\">{\"@context\":\"https:\/\/schema.org\",\"@graph\":[{\"@type\":\"WebPage\",\"@id\":\"https:\/\/www.hotelgoldenrome.com\/es\/opiniones\/\",\"url\":\"https:\/\/www.hotelgoldenrome.com\/es\/opiniones\/\",\"name\":\"Opiniones | Hotel Golden\",\"isPartOf\":{\"@id\":\"https:\/\/www.hotelgoldenrome.com\/es\/#website\"},\"primaryImageOfPage\":{\"@id\":\"https:\/\/www.hotelgoldenrome.com\/es\/opiniones\/#primaryimage\"},\"image\":{\"@id\":\"https:\/\/www.hotelgoldenrome.com\/es\/opiniones\/#primaryimage\"},\"thumbnailUrl\":\"https:\/\/www.hotelgoldenrome.com\/wp-content\/uploads\/2013\/08\/marco.jpg\",\"datePublished\":\"2013-10-04T10:18:04+00:00\",\"dateModified\":\"2016-08-10T10:08:52+00:00\",\"description\":\"Opiniones, Hotel Golden: Hotel ubicado cerca en Villa Borghese en Roma.\",\"breadcrumb\":{\"@id\":\"https:\/\/www.hotelgoldenrome.com\/es\/opiniones\/#breadcrumb\"},\"inLanguage\":\"es\",\"potentialAction\":[{\"@type\":\"ReadAction\",\"target\":[\"https:\/\/www.hotelgoldenrome.com\/es\/opiniones\/\"]}]},{\"@type\":\"ImageObject\",\"inLanguage\":\"es\",\"@id\":\"https:\/\/www.hotelgoldenrome.com\/es\/opiniones\/#primaryimage\",\"url\":\"https:\/\/www.hotelgoldenrome.com\/wp-content\/uploads\/2013\/08\/marco.jpg\",\"contentUrl\":\"https:\/\/www.hotelgoldenrome.com\/wp-content\/uploads\/2013\/08\/marco.jpg\",\"width\":206,\"height\":206},{\"@type\":\"BreadcrumbList\",\"@id\":\"https:\/\/www.hotelgoldenrome.com\/es\/opiniones\/#breadcrumb\",\"itemListElement\":[{\"@type\":\"ListItem\",\"position\":1,\"name\":\"Home\",\"item\":\"https:\/\/www.hotelgoldenrome.com\/es\/\"},{\"@type\":\"ListItem\",\"position\":2,\"name\":\"Opiniones\"}]},{\"@type\":\"WebSite\",\"@id\":\"https:\/\/www.hotelgoldenrome.com\/es\/#website\",\"url\":\"https:\/\/www.hotelgoldenrome.com\/es\/\",\"name\":\"Hotel Golden\",\"description\":\"..your Family run hotel in Rome\",\"potentialAction\":[{\"@type\":\"SearchAction\",\"target\":{\"@type\":\"EntryPoint\",\"urlTemplate\":\"https:\/\/www.hotelgoldenrome.com\/es\/?s={search_term_string}\"},\"query-input\":{\"@type\":\"PropertyValueSpecification\",\"valueRequired\":true,\"valueName\":\"search_term_string\"}}],\"inLanguage\":\"es\"}]}<\/script>\n<!-- \/ Yoast SEO plugin. -->","yoast_head_json":{"title":"Opiniones | Hotel Golden","description":"Opiniones, Hotel Golden: Hotel ubicado cerca en Villa Borghese en Roma.","robots":{"index":"index","follow":"follow","max-snippet":"max-snippet:-1","max-image-preview":"max-image-preview:large","max-video-preview":"max-video-preview:-1"},"canonical":"https:\/\/www.hotelgoldenrome.com\/es\/opiniones\/","og_locale":"es_ES","og_type":"article","og_title":"Opiniones | Hotel Golden","og_description":"Opiniones, Hotel Golden: Hotel ubicado cerca en Villa Borghese en Roma.","og_url":"https:\/\/www.hotelgoldenrome.com\/es\/opiniones\/","og_site_name":"Hotel Golden","article_modified_time":"2016-08-10T10:08:52+00:00","og_image":[{"width":206,"height":206,"url":"https:\/\/www.hotelgoldenrome.com\/wp-content\/uploads\/2013\/08\/marco.jpg","type":"image\/jpeg"}],"twitter_misc":{"Tiempo de lectura":"1 minuto"},"schema":{"@context":"https:\/\/schema.org","@graph":[{"@type":"WebPage","@id":"https:\/\/www.hotelgoldenrome.com\/es\/opiniones\/","url":"https:\/\/www.hotelgoldenrome.com\/es\/opiniones\/","name":"Opiniones | Hotel Golden","isPartOf":{"@id":"https:\/\/www.hotelgoldenrome.com\/es\/#website"},"primaryImageOfPage":{"@id":"https:\/\/www.hotelgoldenrome.com\/es\/opiniones\/#primaryimage"},"image":{"@id":"https:\/\/www.hotelgoldenrome.com\/es\/opiniones\/#primaryimage"},"thumbnailUrl":"https:\/\/www.hotelgoldenrome.com\/wp-content\/uploads\/2013\/08\/marco.jpg","datePublished":"2013-10-04T10:18:04+00:00","dateModified":"2016-08-10T10:08:52+00:00","description":"Opiniones, Hotel Golden: Hotel ubicado cerca en Villa Borghese en Roma.","breadcrumb":{"@id":"https:\/\/www.hotelgoldenrome.com\/es\/opiniones\/#breadcrumb"},"inLanguage":"es","potentialAction":[{"@type":"ReadAction","target":["https:\/\/www.hotelgoldenrome.com\/es\/opiniones\/"]}]},{"@type":"ImageObject","inLanguage":"es","@id":"https:\/\/www.hotelgoldenrome.com\/es\/opiniones\/#primaryimage","url":"https:\/\/www.hotelgoldenrome.com\/wp-content\/uploads\/2013\/08\/marco.jpg","contentUrl":"https:\/\/www.hotelgoldenrome.com\/wp-content\/uploads\/2013\/08\/marco.jpg","width":206,"height":206},{"@type":"BreadcrumbList","@id":"https:\/\/www.hotelgoldenrome.com\/es\/opiniones\/#breadcrumb","itemListElement":[{"@type":"ListItem","position":1,"name":"Home","item":"https:\/\/www.hotelgoldenrome.com\/es\/"},{"@type":"ListItem","position":2,"name":"Opiniones"}]},{"@type":"WebSite","@id":"https:\/\/www.hotelgoldenrome.com\/es\/#website","url":"https:\/\/www.hotelgoldenrome.com\/es\/","name":"Hotel Golden","description":"..your Family run hotel in Rome","potentialAction":[{"@type":"SearchAction","target":{"@type":"EntryPoint","urlTemplate":"https:\/\/www.hotelgoldenrome.com\/es\/?s={search_term_string}"},"query-input":{"@type":"PropertyValueSpecification","valueRequired":true,"valueName":"search_term_string"}}],"inLanguage":"es"}]}},"_links":{"self":[{"href":"https:\/\/www.hotelgoldenrome.com\/es\/wp-json\/wp\/v2\/pages\/830","targetHints":{"allow":["GET"]}}],"collection":[{"href":"https:\/\/www.hotelgoldenrome.com\/es\/wp-json\/wp\/v2\/pages"}],"about":[{"href":"https:\/\/www.hotelgoldenrome.com\/es\/wp-json\/wp\/v2\/types\/page"}],"author":[{"embeddable":true,"href":"https:\/\/www.hotelgoldenrome.com\/es\/wp-json\/wp\/v2\/users\/17"}],"replies":[{"embeddable":true,"href":"https:\/\/www.hotelgoldenrome.com\/es\/wp-json\/wp\/v2\/comments?post=830"}],"version-history":[{"count":10,"href":"https:\/\/www.hotelgoldenrome.com\/es\/wp-json\/wp\/v2\/pages\/830\/revisions"}],"predecessor-version":[{"id":2158,"href":"https:\/\/www.hotelgoldenrome.com\/es\/wp-json\/wp\/v2\/pages\/830\/revisions\/2158"}],"wp:featuredmedia":[{"embeddable":true,"href":"https:\/\/www.hotelgoldenrome.com\/es\/wp-json\/wp\/v2\/media\/2145"}],"wp:attachment":[{"href":"https:\/\/www.hotelgoldenrome.com\/es\/wp-json\/wp\/v2\/media?parent=830"}],"curies":[{"name":"wp","href":"https:\/\/api.w.org\/{rel}","templated":true}]}}