{"id":859,"date":"2013-10-04T12:20:53","date_gmt":"2013-10-04T12:20:53","guid":{"rendered":"https:\/\/www.hotelgoldenrome.com\/?page_id=859"},"modified":"2015-02-02T17:08:04","modified_gmt":"2015-02-02T17:08:04","slug":"home-es-2","status":"publish","type":"page","link":"https:\/\/www.hotelgoldenrome.com\/es\/","title":{"rendered":"Home"},"content":{"rendered":"<div style=\"display:block\"><div class=\"colonna\"><img loading=\"lazy\" decoding=\"async\" width=\"206\" height=\"206\" src=\"https:\/\/www.hotelgoldenrome.com\/wp-content\/uploads\/2013\/08\/maria-teresa.jpg\" class=\"attachment-post-thumbnail size-post-thumbnail wp-post-image\" alt=\"\" srcset=\"https:\/\/www.hotelgoldenrome.com\/wp-content\/uploads\/2013\/08\/maria-teresa.jpg 206w, https:\/\/www.hotelgoldenrome.com\/wp-content\/uploads\/2013\/08\/maria-teresa-150x150.jpg 150w\" sizes=\"auto, (max-width: 206px) 100vw, 206px\" \/>\n<div><p class=\"nome\">Preg\u00fantaselo a<br \/> <span>Maria Teresa<\/span><\/p>\r\n<p>Cuando entro en una de nuestras habitaciones, respiro la atm\u00f3sfera de un aut\u00e9ntico hogar, acogedor y decorado con esmero. Y si viajas con tus hijos, \u00a1prueba la Family Suite!<\/p> <p><a href=\"https:\/\/www.hotelgoldenrome.com\/es\/habitaciones\/\">Ir a la p\u00e1gina \u00bb<\/a><\/p><\/div>\n<\/div><div class=\"colonna\"><img loading=\"lazy\" decoding=\"async\" width=\"206\" height=\"206\" src=\"https:\/\/www.hotelgoldenrome.com\/wp-content\/uploads\/2013\/08\/giuseppe.jpg\" class=\"attachment-post-thumbnail size-post-thumbnail wp-post-image\" alt=\"\" srcset=\"https:\/\/www.hotelgoldenrome.com\/wp-content\/uploads\/2013\/08\/giuseppe.jpg 206w, https:\/\/www.hotelgoldenrome.com\/wp-content\/uploads\/2013\/08\/giuseppe-150x150.jpg 150w\" sizes=\"auto, (max-width: 206px) 100vw, 206px\" \/>\n<div><p class=\"nome\">Preg\u00fantaselo a<br \/><span>Giuseppe<\/span><\/p>\r\n<p>Alojarse en nuestro hotel significa tener Roma al alcance de la mano. Estamos cerca de Via Veneto y de la parada del metro, \u00a1pero tambi\u00e9n puedes desplazarte a pie!<\/p> <p><a href=\"https:\/\/www.hotelgoldenrome.com\/es\/ubicacion\/\">Ir a la p\u00e1gina \u00bb<\/a><\/p><\/div>\n<\/div><div class=\"colonna\"><img loading=\"lazy\" decoding=\"async\" width=\"206\" height=\"206\" src=\"https:\/\/www.hotelgoldenrome.com\/wp-content\/uploads\/2013\/08\/marco.jpg\" class=\"attachment-post-thumbnail size-post-thumbnail wp-post-image\" alt=\"\" srcset=\"https:\/\/www.hotelgoldenrome.com\/wp-content\/uploads\/2013\/08\/marco.jpg 206w, https:\/\/www.hotelgoldenrome.com\/wp-content\/uploads\/2013\/08\/marco-150x150.jpg 150w\" sizes=\"auto, (max-width: 206px) 100vw, 206px\" \/>\n<div> \r\n<p class=\"nome\">Preg\u00fantaselo a<br \/> <span>Marco<\/span><\/p><img loading=\"lazy\" decoding=\"async\" src=\"https:\/\/www.hotelgoldenrome.com\/wp-content\/uploads\/2013\/08\/tripadvisor-reviews.gif\" alt=\"tripadvisor-reviews\" width=\"113\" height=\"80\" class=\"aligncenter size-full wp-image-76 trip\" \/><p> \u00a1Nuestra mejor tarjeta de visita es lo que escriben de nosotros! <\/p>\r\n <p><a href=\"https:\/\/www.hotelgoldenrome.com\/es\/opiniones\/\">Ir a la p\u00e1gina \u00bb<\/a><\/p><\/div>\n<\/div><\/div>\n<p><br clear=\"all\" \/><\/p>\n<div id=\"bianco\">\n<h1>Hotel de gesti\u00f3n familiar pr\u00f3ximo a la Piazza di Spagna<\/h1\n\n\n\n<p>\u00a1El Hotel Golden les acoge en familia!<br \/>\n<strong>Hotel dirigido de manera familiar pr\u00f3ximo<\/strong> a la <strong>Piazza di Spagna<\/strong>, el <strong>Hotel Golden de Roma<\/strong>,  est\u00e1 envuelto de una atm\u00f3sfera agradable y acogedora, como la de una verdadera casa.  La familia Loria, que gestiona con pasi\u00f3n el hotel desde hace m\u00e1s de veinte a\u00f1os, les espera con la m\u00e1xima cordialidad para ofrecerles unas vacaciones inolvidables en el coraz\u00f3n de la Ciudad Eterna.  <\/p>\n<p>El <strong>Hotel Golden<\/strong> disfruta de una<strong> magn\u00edfica situaci\u00f3n<\/strong>, a dos pasos de <strong>Villa Borghese<\/strong> y de su museo, la espl\u00e9ndida Galleria Borghese, siendo ideal para visitar los lugares m\u00e1s significativos de la ciudad de <strong>Roma<\/strong>, como via Veneto, la <strong>Fontana di Trevi<\/strong> y la Piazza del Popolo. <\/p>\n<p>Entre los <strong>hoteles dirigidos de manera familiar de Roma<\/strong>, el Hotel Golden se distingue por unos servicios y un confort de nivel superior.<\/p>\n<\/div>\n<div id=\"garanzia\">\n<h1>Reserva on-line y paga en el hotel<\/h1>\n<p>Reservar directamente en el sitio oficial es f\u00e1cil, c\u00f3modo y seguro: los datos de la tarjeta de cr\u00e9dito sirven exclusivamente para garantizar la reserva; el pago lo realizar\u00e1 usted mismo en el hotel a la salida. <strong>Mejor Tarifa Garantizada!<\/strong><\/p>\n<\/div>\n","protected":false},"excerpt":{"rendered":"<p>Hotel de gesti\u00f3n familiar pr\u00f3ximo a la Piazza di Spagna<\/p>\n","protected":false},"author":17,"featured_media":0,"parent":0,"menu_order":0,"comment_status":"open","ping_status":"open","template":"index.php","meta":{"ngg_post_thumbnail":0,"footnotes":""},"class_list":["post-859","page","type-page","status-publish","hentry"],"yoast_head":"<!-- This site is optimized with the Yoast SEO plugin v25.7 - https:\/\/yoast.com\/wordpress\/plugins\/seo\/ -->\n<title>Hotel en Roma Plaza de Espa\u00f1a | Hotel Golden Sitio Oficial<\/title>\n<meta name=\"description\" content=\"Hotel familiar en el centro de Roma, cerca de Plaza de Espa\u00f1a. Alojarse en nuestro hotel es respirar la atm\u00f3sfera de una aut\u00e9ntica casa con una aut\u00e9ntica familia.\" \/>\n<meta name=\"robots\" content=\"index, follow, max-snippet:-1, max-image-preview:large, max-video-preview:-1\" \/>\n<link rel=\"canonical\" href=\"https:\/\/www.hotelgoldenrome.com\/es\/\" \/>\n<meta property=\"og:locale\" content=\"es_ES\" \/>\n<meta property=\"og:type\" content=\"article\" \/>\n<meta property=\"og:title\" content=\"Hotel en Roma Plaza de Espa\u00f1a | Hotel Golden Sitio Oficial\" \/>\n<meta property=\"og:description\" content=\"Hotel familiar en el centro de Roma, cerca de Plaza de Espa\u00f1a. Alojarse en nuestro hotel es respirar la atm\u00f3sfera de una aut\u00e9ntica casa con una aut\u00e9ntica familia.\" \/>\n<meta property=\"og:url\" content=\"https:\/\/www.hotelgoldenrome.com\/es\/\" \/>\n<meta property=\"og:site_name\" content=\"Hotel Golden\" \/>\n<meta property=\"article:modified_time\" content=\"2015-02-02T17:08:04+00:00\" \/>\n<script type=\"application\/ld+json\" class=\"yoast-schema-graph\">{\"@context\":\"https:\/\/schema.org\",\"@graph\":[{\"@type\":\"WebPage\",\"@id\":\"https:\/\/www.hotelgoldenrome.com\/es\/\",\"url\":\"https:\/\/www.hotelgoldenrome.com\/es\/\",\"name\":\"Hotel en Roma Plaza de Espa\u00f1a | Hotel Golden Sitio Oficial\",\"isPartOf\":{\"@id\":\"https:\/\/www.hotelgoldenrome.com\/es\/#website\"},\"datePublished\":\"2013-10-04T12:20:53+00:00\",\"dateModified\":\"2015-02-02T17:08:04+00:00\",\"description\":\"Hotel familiar en el centro de Roma, cerca de Plaza de Espa\u00f1a. Alojarse en nuestro hotel es respirar la atm\u00f3sfera de una aut\u00e9ntica casa con una aut\u00e9ntica familia.\",\"breadcrumb\":{\"@id\":\"https:\/\/www.hotelgoldenrome.com\/es\/#breadcrumb\"},\"inLanguage\":\"es\",\"potentialAction\":[{\"@type\":\"ReadAction\",\"target\":[\"https:\/\/www.hotelgoldenrome.com\/es\/\"]}]},{\"@type\":\"BreadcrumbList\",\"@id\":\"https:\/\/www.hotelgoldenrome.com\/es\/#breadcrumb\",\"itemListElement\":[{\"@type\":\"ListItem\",\"position\":1,\"name\":\"Home\",\"item\":\"https:\/\/www.hotelgoldenrome.com\/es\/\"},{\"@type\":\"ListItem\",\"position\":2,\"name\":\"Home\"}]},{\"@type\":\"WebSite\",\"@id\":\"https:\/\/www.hotelgoldenrome.com\/es\/#website\",\"url\":\"https:\/\/www.hotelgoldenrome.com\/es\/\",\"name\":\"Hotel Golden\",\"description\":\"..your Family run hotel in Rome\",\"potentialAction\":[{\"@type\":\"SearchAction\",\"target\":{\"@type\":\"EntryPoint\",\"urlTemplate\":\"https:\/\/www.hotelgoldenrome.com\/es\/?s={search_term_string}\"},\"query-input\":{\"@type\":\"PropertyValueSpecification\",\"valueRequired\":true,\"valueName\":\"search_term_string\"}}],\"inLanguage\":\"es\"}]}<\/script>\n<!-- \/ Yoast SEO plugin. -->","yoast_head_json":{"title":"Hotel en Roma Plaza de Espa\u00f1a | Hotel Golden Sitio Oficial","description":"Hotel familiar en el centro de Roma, cerca de Plaza de Espa\u00f1a. Alojarse en nuestro hotel es respirar la atm\u00f3sfera de una aut\u00e9ntica casa con una aut\u00e9ntica familia.","robots":{"index":"index","follow":"follow","max-snippet":"max-snippet:-1","max-image-preview":"max-image-preview:large","max-video-preview":"max-video-preview:-1"},"canonical":"https:\/\/www.hotelgoldenrome.com\/es\/","og_locale":"es_ES","og_type":"article","og_title":"Hotel en Roma Plaza de Espa\u00f1a | Hotel Golden Sitio Oficial","og_description":"Hotel familiar en el centro de Roma, cerca de Plaza de Espa\u00f1a. Alojarse en nuestro hotel es respirar la atm\u00f3sfera de una aut\u00e9ntica casa con una aut\u00e9ntica familia.","og_url":"https:\/\/www.hotelgoldenrome.com\/es\/","og_site_name":"Hotel Golden","article_modified_time":"2015-02-02T17:08:04+00:00","schema":{"@context":"https:\/\/schema.org","@graph":[{"@type":"WebPage","@id":"https:\/\/www.hotelgoldenrome.com\/es\/","url":"https:\/\/www.hotelgoldenrome.com\/es\/","name":"Hotel en Roma Plaza de Espa\u00f1a | Hotel Golden Sitio Oficial","isPartOf":{"@id":"https:\/\/www.hotelgoldenrome.com\/es\/#website"},"datePublished":"2013-10-04T12:20:53+00:00","dateModified":"2015-02-02T17:08:04+00:00","description":"Hotel familiar en el centro de Roma, cerca de Plaza de Espa\u00f1a. Alojarse en nuestro hotel es respirar la atm\u00f3sfera de una aut\u00e9ntica casa con una aut\u00e9ntica familia.","breadcrumb":{"@id":"https:\/\/www.hotelgoldenrome.com\/es\/#breadcrumb"},"inLanguage":"es","potentialAction":[{"@type":"ReadAction","target":["https:\/\/www.hotelgoldenrome.com\/es\/"]}]},{"@type":"BreadcrumbList","@id":"https:\/\/www.hotelgoldenrome.com\/es\/#breadcrumb","itemListElement":[{"@type":"ListItem","position":1,"name":"Home","item":"https:\/\/www.hotelgoldenrome.com\/es\/"},{"@type":"ListItem","position":2,"name":"Home"}]},{"@type":"WebSite","@id":"https:\/\/www.hotelgoldenrome.com\/es\/#website","url":"https:\/\/www.hotelgoldenrome.com\/es\/","name":"Hotel Golden","description":"..your Family run hotel in Rome","potentialAction":[{"@type":"SearchAction","target":{"@type":"EntryPoint","urlTemplate":"https:\/\/www.hotelgoldenrome.com\/es\/?s={search_term_string}"},"query-input":{"@type":"PropertyValueSpecification","valueRequired":true,"valueName":"search_term_string"}}],"inLanguage":"es"}]}},"_links":{"self":[{"href":"https:\/\/www.hotelgoldenrome.com\/es\/wp-json\/wp\/v2\/pages\/859","targetHints":{"allow":["GET"]}}],"collection":[{"href":"https:\/\/www.hotelgoldenrome.com\/es\/wp-json\/wp\/v2\/pages"}],"about":[{"href":"https:\/\/www.hotelgoldenrome.com\/es\/wp-json\/wp\/v2\/types\/page"}],"author":[{"embeddable":true,"href":"https:\/\/www.hotelgoldenrome.com\/es\/wp-json\/wp\/v2\/users\/17"}],"replies":[{"embeddable":true,"href":"https:\/\/www.hotelgoldenrome.com\/es\/wp-json\/wp\/v2\/comments?post=859"}],"version-history":[{"count":9,"href":"https:\/\/www.hotelgoldenrome.com\/es\/wp-json\/wp\/v2\/pages\/859\/revisions"}],"predecessor-version":[{"id":2053,"href":"https:\/\/www.hotelgoldenrome.com\/es\/wp-json\/wp\/v2\/pages\/859\/revisions\/2053"}],"wp:attachment":[{"href":"https:\/\/www.hotelgoldenrome.com\/es\/wp-json\/wp\/v2\/media?parent=859"}],"curies":[{"name":"wp","href":"https:\/\/api.w.org\/{rel}","templated":true}]}}