{"id":298,"date":"2013-09-26T15:41:28","date_gmt":"2013-09-26T15:41:28","guid":{"rendered":"https:\/\/www.hotelgoldenrome.com\/?page_id=298"},"modified":"2014-08-01T08:29:17","modified_gmt":"2014-08-01T08:29:17","slug":"huoneet","status":"publish","type":"page","link":"https:\/\/www.hotelgoldenrome.com\/fi\/huoneet\/","title":{"rendered":"Huoneet"},"content":{"rendered":"<div id=\"colonna-dx\"><\/p>\n<h1>Huoneet<\/h1>\n<p>Hotel Goldenin huoneet on kalustettu <strong>yksinkertaisella<\/strong>, <strong>tyylikk\u00e4\u00e4ll\u00e4<\/strong> ja <strong>toimivalla<\/strong> tavalla, miellytt\u00e4v\u00e4n ja vastaanottavaisen ilmapiirin luomiseksi. Erityinen <strong>huomio yksityiskohtiin<\/strong>, kirsikkapuusta tehdyt huonekalut ja kauniit sisustuskankaat auttavat luomaan <strong>tuttavallisen ilmapiirin<\/strong>, joka tekee vieraiden olon heti miellytt\u00e4v\u00e4ksi. Kaikki t\u00e4m\u00e4n <strong>Roomassa sijaitsevan hotellin<\/strong> huoneet on uudistettu hiljattain ja ne on varustettu <strong>korkealuokkaisilla varustuksilla<\/strong> kuten <strong>ilmastoinnilla<\/strong>, satelliitti-TV:ll\u00e4, puhelimella, minibaarilla, turvalokerolla ja <strong>\u00e4\u00e4nt\u00e4 erist\u00e4vill\u00e4 ovilla ja ikkunoilla <\/strong>rauhallisten unien takaamiseksi vieraille.<\/p>\n<p>Kaikissa huoneissa on <strong>oma kylpyhuone<\/strong>, jossa on suihku ja hiustenkuivain sek\u00e4 henkil\u00f6kohtainen suihkutarvikepakkaus. Lis\u00e4ksi <strong>kahden hengen Superior-huoneissa, Junior-sviiteiss\u00e4 ja perhesviiteiss\u00e4<\/strong> on kahdelle hengelle mukavat <a class=\"thickbox\" href=\"https:\/\/www.hotelgoldenrome.com\/wp-content\/uploads\/2013\/08\/pantofole.jpg\"><strong>-aamutossut ja pehme\u00e4t kylpytakit<\/strong><\/a>.<\/p>\n<p><strong>Hotel Golden on valinnut savuttomuuden<\/strong>. Ymp\u00e4rist\u00f6n ja ilman terveellisyyden vuoksi ja useimpien asiakkaiden tapojen kunnioittamiseksi, kaikki hotellin huoneet ovat savuttomat.<\/p>\n<h2>Huoneemme<\/h2>\n<ul id=\"lista-camere\">\n<li>\n<div>\n<a class=\"thickbox\" href=\"https:\/\/www.hotelgoldenrome.com\/wp-content\/uploads\/2013\/08\/singola.jpg\"><img loading=\"lazy\" decoding=\"async\" src=\"https:\/\/www.hotelgoldenrome.com\/wp-content\/uploads\/2013\/08\/singola-150x150.jpg\" alt=\"1 hengen huone\" width=\"150\" height=\"150\" class=\"alignnone size-thumbnail wp-image-93\" \/><\/a><\/p>\n<h3><a class=\"thickbox\" href=\"https:\/\/www.hotelgoldenrome.com\/wp-content\/uploads\/2013\/08\/singola.jpg\">1 hengen huone<\/a><\/h3>\n<p>Kodikas ja vieh\u00e4tt\u00e4v\u00e4 huone yhdell\u00e4 vuoteella tupakoimattomille. My\u00f6s n\u00e4iss\u00e4 perushuoneissa on wi-fi-verkko ja ilmastointi.<\/p>\n<\/div>\n<\/li>\n<li>\n<div>\n<a class=\"thickbox\" href=\"https:\/\/www.hotelgoldenrome.com\/wp-content\/uploads\/2013\/08\/doppia.jpg\"><img loading=\"lazy\" decoding=\"async\" src=\"https:\/\/www.hotelgoldenrome.com\/wp-content\/uploads\/2013\/08\/doppia-150x150.jpg\" alt=\"Pieni 2 hengen huone\" width=\"150\" height=\"150\" class=\"alignnone size-thumbnail wp-image-96\" \/><\/a><\/p>\n<h3><a class=\"thickbox\" href=\"https:\/\/www.hotelgoldenrome.com\/wp-content\/uploads\/2013\/08\/doppia.jpg\">Pieni 2 hengen huone<\/a><\/h3>\n<p>Puolentoista hengen levyisell\u00e4 (small double bed) vuoteella varustettu huone on kompakti mutta mukava: palvelut ja varusteet ovat samat kuin 2 hengen superior-huoneessa.<\/p>\n<\/div>\n<\/li>\n<li>\n<div>\n<a class=\"thickbox\" href=\"https:\/\/www.hotelgoldenrome.com\/wp-content\/uploads\/2013\/08\/doppia-classic.jpg\" rel=\"doppia_classic\"><img loading=\"lazy\" decoding=\"async\" src=\"https:\/\/www.hotelgoldenrome.com\/wp-content\/uploads\/2013\/08\/doppia-classic-150x150.jpg\" alt=\"2 hengen Classic\" width=\"150\" height=\"150\" class=\"alignnone size-thumbnail wp-image-97\" \/><\/a><\/p>\n<h3><a href=\"https:\/\/www.hotelgoldenrome.com\/wp-content\/uploads\/2014\/01\/doppia_classic-2.jpg\" rel=\"doppia_classic\" class=\"thickbox\">2 hengen Classic<\/a><\/h3>\n<p>Kahden hengen king size -vuode tai kaksi erillist\u00e4 vuodetta. Superior-huonetta pienempi mutta yht\u00e4 tyylik\u00e4s ja varusteltu.<\/p>\n<\/div>\n<\/li>\n<li>\n<div>\n<a class=\"thickbox\" href=\"https:\/\/www.hotelgoldenrome.com\/wp-content\/uploads\/2013\/08\/doppia-superior.jpg\" rel=\"doppia_superior\"><img loading=\"lazy\" decoding=\"async\" src=\"https:\/\/www.hotelgoldenrome.com\/wp-content\/uploads\/2013\/08\/doppia-superior-150x150.jpg\" alt=\"2 hengen Superior\" width=\"150\" height=\"150\" class=\"alignnone size-thumbnail wp-image-98\" \/><\/a><\/p>\n<h3><a href=\"https:\/\/www.hotelgoldenrome.com\/wp-content\/uploads\/2014\/01\/doppia_superior-2.jpg\" rel=\"doppia_superior\" class=\"thickbox\">2 hengen Superior<\/a><\/h3>\n<p>Hotel Goldenin huipputasoa. Vastaa l\u00e4heist\u00e4 sijaintia via Veneton, piazza di Spagnan ja Fontana di Trevin kulmilla. Ehdotonta luksusta, wi-fi, tupakoimaton huone&#8230; Kaksi erillist\u00e4 vuodetta tai king size -parivuode. Kylpytakki ja aamutossut kahdelle.<\/p>\n<\/div>\n<\/li>\n<li>\n<div>\n<a class=\"thickbox\" href=\"https:\/\/www.hotelgoldenrome.com\/wp-content\/uploads\/2013\/08\/tripla.jpg\" rel=\"tripla\"><img loading=\"lazy\" decoding=\"async\" src=\"https:\/\/www.hotelgoldenrome.com\/wp-content\/uploads\/2013\/08\/tripla-150x150.jpg\" alt=\"3 hengen huone\" width=\"150\" height=\"150\" class=\"alignnone size-thumbnail wp-image-99\" \/><\/a><\/p>\n<h3><a href=\"https:\/\/www.hotelgoldenrome.com\/wp-content\/uploads\/2014\/01\/tripla-2.jpg\" rel=\"tripla\" class=\"thickbox\">3 hengen huone<\/a><\/h3>\n<p>Kaksi versiota: king size -parivuode ja erillisvuode tai kolme erillisvuodetta. Hintaan sis\u00e4ltyv\u00e4t tietenkin Hotel Goldenin ekstrat, kuten Wi-Fi ja tupakoimattomuus.<\/p>\n<\/div>\n<\/li>\n<li>\n<div>\n<a class=\"thickbox\" href=\"https:\/\/www.hotelgoldenrome.com\/wp-content\/uploads\/2013\/08\/family-room.jpg\" rel=\"family_room\"><img loading=\"lazy\" decoding=\"async\" src=\"https:\/\/www.hotelgoldenrome.com\/wp-content\/uploads\/2013\/08\/family-room-150x150.jpg\" alt=\"Perhehuone\" width=\"150\" height=\"150\" class=\"alignnone size-thumbnail wp-image-100\" \/><\/a><\/p>\n<h3><a href=\"https:\/\/www.hotelgoldenrome.com\/wp-content\/uploads\/2014\/01\/family_room-2.jpg\" rel=\"family_room\" class=\"thickbox\">Perhehuone<\/a><\/h3>\n<p>Eritt\u00e4in tilava ja k\u00e4tev\u00e4 kahdelle aikuiselle ja kahdelle lapselle. Kaksi king size -parivuodetta tai kaksi erillisvuodetta ja parivuode. Wi-Fi, ilmastointi, tupakoimaton huone.<\/p>\n<\/div>\n<\/li>\n<li>\n<div>\n<a class=\"thickbox\" href=\"https:\/\/www.hotelgoldenrome.com\/wp-content\/uploads\/2013\/08\/junior-suite.jpg\"><img loading=\"lazy\" decoding=\"async\" src=\"https:\/\/www.hotelgoldenrome.com\/wp-content\/uploads\/2013\/08\/junior-suite-150x150.jpg\" alt=\"Junior Suite\" width=\"150\" height=\"150\" class=\"alignnone size-thumbnail wp-image-101\" \/><\/a><\/p>\n<h3><a class=\"thickbox\" href=\"https:\/\/www.hotelgoldenrome.com\/wp-content\/uploads\/2013\/08\/junior-suite.jpg\">Junior Suite<\/a><\/h3>\n<p>Kaunis ja ylellinen residenssi Roomassa, romanttinen majoitusvaihtoehto, jossa on makuuhuone ja v\u00e4riterapialla varustettu kylpyhuone. Lis\u00e4ksi parkettilattiat, 32&#8243; LCD TV ja kaikki modernit mukavuudet. Kylpytakki ja aamutossut kahdelle.<\/p>\n<\/div>\n<\/li>\n<li>\n<div>\n<a class=\"thickbox\" href=\"https:\/\/www.hotelgoldenrome.com\/wp-content\/uploads\/2013\/08\/familysuite.jpg\"><img loading=\"lazy\" decoding=\"async\" src=\"https:\/\/www.hotelgoldenrome.com\/wp-content\/uploads\/2013\/08\/familysuite-150x150.jpg\" alt=\"Perhesviitti\" width=\"150\" height=\"150\" class=\"alignnone size-thumbnail wp-image-101\" \/><\/a><\/p>\n<h3><a class=\"thickbox\" href=\"https:\/\/www.hotelgoldenrome.com\/wp-content\/uploads\/2013\/08\/familysuite.jpg\">Perhesviitti<\/a><\/h3>\n<p>Sen lis\u00e4ksi ett\u00e4 hotellissa on viihtyisi\u00e4 perhehuoneita, \u2019 Hotelli Goldenilla on tarjolla tilavia perhesviittej\u00e4 Rooman keskustassa, t\u00e4ydellisi\u00e4 ylellist\u00e4 lomaa varten perheen kanssa tiloissa, joihin sis\u00e4ltyy kaksi makuuhuonetta, oleskelutila ja yksityinen aamiaissali&#8230;<a href=\"https:\/\/www.hotelgoldenrome.com\/fi\/family-hotel-suites-fi\/\" title=\"Perhesviitti\">Jatka lukemista<\/a><\/p>\n<\/div>\n<\/li>\n<\/ul>\n<p><\/div>\n<div id=\"colonna-sx\"><br \/>\n<img loading=\"lazy\" decoding=\"async\" src=\"https:\/\/www.hotelgoldenrome.com\/wp-content\/uploads\/2013\/08\/maria-teresa.jpg\" alt=\"maria-teresa\" width=\"206\" height=\"206\" class=\"aligncenter size-full wp-image-65\" srcset=\"https:\/\/www.hotelgoldenrome.com\/wp-content\/uploads\/2013\/08\/maria-teresa.jpg 206w, https:\/\/www.hotelgoldenrome.com\/wp-content\/uploads\/2013\/08\/maria-teresa-150x150.jpg 150w\" sizes=\"auto, (max-width: 206px) 100vw, 206px\" \/><\/p>\n<p class=\"nome\">Kysy sit\u00e4<br \/> <span>Maria Teresalta<\/span><\/p>\n<p>Kun menen yhteen huoneistamme aistin aidon kodin tunnelman, joka on viihtyis\u00e4 ja huolellisesti sisustettu. Ja jos matkustatte koko perheen voimin, kokeilkaa Family Suite-sviitti\u00e4!<\/p>\n<p> <\/p>\n<div class=\"lista\">\n<h3>Mukavuudet<\/h3>\n<ul>\n<li>\u00b7 Tupakoimaton hotelli<\/li>\n<li>\u00b7 Allergiahuoneet<\/li>\n<li>\u00b7 Puhelin<\/li>\n<li>\u00b7 Internet<\/li>\n<li>\u00b7 Wi-fi <\/li>\n<li>\u00b7 Satelliitti-taulu-tv <\/li>\n<li>\u00b7 Radio <\/li>\n<li>\u00b7 Minibaari <\/li>\n<li>\u00b7 Tallelokero <\/li>\n<li>\u00b7 Ilmastointi (s\u00e4\u00e4dett\u00e4v\u00e4) <\/li>\n<li>\u00b7 L\u00e4mmitys (s\u00e4\u00e4dett\u00e4v\u00e4) <\/li>\n<li>\u00b7 Suihku <\/li>\n<li>\u00b7 L\u00e4mmitetty pyyhkeidenkuivausteline <\/li>\n<li>\u00b7 Tarvikepakkaus <\/li>\n<li>\u00b7 Hiustenkuivain <\/li>\n<li>\u00b7 Silitysrauta <\/li>\n<\/ul>\n<\/div>\n<p><\/div>\n<p><br clear=\"all\" \/><\/p>\n","protected":false},"excerpt":{"rendered":"<p class=\"nome\">Kysy sit\u00e4<br \/> <span>Maria Teresalta<\/span><\/p>\n<p>Kun menen yhteen huoneistamme aistin aidon kodin tunnelman, joka on viihtyis\u00e4 ja huolellisesti sisustettu. Ja jos matkustatte koko perheen voimin, kokeilkaa Family Suite-sviitti\u00e4!<\/p>\n","protected":false},"author":17,"featured_media":65,"parent":0,"menu_order":0,"comment_status":"open","ping_status":"open","template":"page-duecolonne.php","meta":{"ngg_post_thumbnail":0,"footnotes":""},"class_list":["post-298","page","type-page","status-publish","has-post-thumbnail","hentry"],"yoast_head":"<!-- This site is optimized with the Yoast SEO plugin v25.7 - https:\/\/yoast.com\/wordpress\/plugins\/seo\/ -->\n<title>Huoneet | Hotel Golden<\/title>\n<meta name=\"description\" content=\"Huoneet, Hotel Golden: Perheomisteinen hotelli suoraan Villa Borghese Roomassa.\" \/>\n<meta name=\"robots\" content=\"index, follow, max-snippet:-1, max-image-preview:large, max-video-preview:-1\" \/>\n<link rel=\"canonical\" href=\"https:\/\/www.hotelgoldenrome.com\/fi\/huoneet\/\" \/>\n<meta property=\"og:locale\" content=\"fi_FI\" \/>\n<meta property=\"og:type\" content=\"article\" \/>\n<meta property=\"og:title\" content=\"Huoneet | Hotel Golden\" \/>\n<meta property=\"og:description\" content=\"Huoneet, Hotel Golden: Perheomisteinen hotelli suoraan Villa Borghese Roomassa.\" \/>\n<meta property=\"og:url\" content=\"https:\/\/www.hotelgoldenrome.com\/fi\/huoneet\/\" \/>\n<meta property=\"og:site_name\" content=\"Hotel Golden\" \/>\n<meta property=\"article:modified_time\" content=\"2014-08-01T08:29:17+00:00\" \/>\n<meta property=\"og:image\" content=\"https:\/\/www.hotelgoldenrome.com\/wp-content\/uploads\/2013\/08\/maria-teresa.jpg\" \/>\n\t<meta property=\"og:image:width\" content=\"206\" \/>\n\t<meta property=\"og:image:height\" content=\"206\" \/>\n\t<meta property=\"og:image:type\" content=\"image\/jpeg\" \/>\n<meta name=\"twitter:label1\" content=\"Arvioitu lukuaika\" \/>\n\t<meta name=\"twitter:data1\" content=\"2 minuuttia\" \/>\n<script type=\"application\/ld+json\" class=\"yoast-schema-graph\">{\"@context\":\"https:\/\/schema.org\",\"@graph\":[{\"@type\":\"WebPage\",\"@id\":\"https:\/\/www.hotelgoldenrome.com\/fi\/huoneet\/\",\"url\":\"https:\/\/www.hotelgoldenrome.com\/fi\/huoneet\/\",\"name\":\"Huoneet | Hotel Golden\",\"isPartOf\":{\"@id\":\"https:\/\/www.hotelgoldenrome.com\/fi\/#website\"},\"primaryImageOfPage\":{\"@id\":\"https:\/\/www.hotelgoldenrome.com\/fi\/huoneet\/#primaryimage\"},\"image\":{\"@id\":\"https:\/\/www.hotelgoldenrome.com\/fi\/huoneet\/#primaryimage\"},\"thumbnailUrl\":\"https:\/\/www.hotelgoldenrome.com\/wp-content\/uploads\/2013\/08\/maria-teresa.jpg\",\"datePublished\":\"2013-09-26T15:41:28+00:00\",\"dateModified\":\"2014-08-01T08:29:17+00:00\",\"description\":\"Huoneet, Hotel Golden: Perheomisteinen hotelli suoraan Villa Borghese Roomassa.\",\"breadcrumb\":{\"@id\":\"https:\/\/www.hotelgoldenrome.com\/fi\/huoneet\/#breadcrumb\"},\"inLanguage\":\"fi\",\"potentialAction\":[{\"@type\":\"ReadAction\",\"target\":[\"https:\/\/www.hotelgoldenrome.com\/fi\/huoneet\/\"]}]},{\"@type\":\"ImageObject\",\"inLanguage\":\"fi\",\"@id\":\"https:\/\/www.hotelgoldenrome.com\/fi\/huoneet\/#primaryimage\",\"url\":\"https:\/\/www.hotelgoldenrome.com\/wp-content\/uploads\/2013\/08\/maria-teresa.jpg\",\"contentUrl\":\"https:\/\/www.hotelgoldenrome.com\/wp-content\/uploads\/2013\/08\/maria-teresa.jpg\",\"width\":206,\"height\":206},{\"@type\":\"BreadcrumbList\",\"@id\":\"https:\/\/www.hotelgoldenrome.com\/fi\/huoneet\/#breadcrumb\",\"itemListElement\":[{\"@type\":\"ListItem\",\"position\":1,\"name\":\"Home\",\"item\":\"https:\/\/www.hotelgoldenrome.com\/fi\/\"},{\"@type\":\"ListItem\",\"position\":2,\"name\":\"Huoneet\"}]},{\"@type\":\"WebSite\",\"@id\":\"https:\/\/www.hotelgoldenrome.com\/fi\/#website\",\"url\":\"https:\/\/www.hotelgoldenrome.com\/fi\/\",\"name\":\"Hotel Golden\",\"description\":\"..your Family run hotel in Rome\",\"potentialAction\":[{\"@type\":\"SearchAction\",\"target\":{\"@type\":\"EntryPoint\",\"urlTemplate\":\"https:\/\/www.hotelgoldenrome.com\/fi\/?s={search_term_string}\"},\"query-input\":{\"@type\":\"PropertyValueSpecification\",\"valueRequired\":true,\"valueName\":\"search_term_string\"}}],\"inLanguage\":\"fi\"}]}<\/script>\n<!-- \/ Yoast SEO plugin. -->","yoast_head_json":{"title":"Huoneet | Hotel Golden","description":"Huoneet, Hotel Golden: Perheomisteinen hotelli suoraan Villa Borghese Roomassa.","robots":{"index":"index","follow":"follow","max-snippet":"max-snippet:-1","max-image-preview":"max-image-preview:large","max-video-preview":"max-video-preview:-1"},"canonical":"https:\/\/www.hotelgoldenrome.com\/fi\/huoneet\/","og_locale":"fi_FI","og_type":"article","og_title":"Huoneet | Hotel Golden","og_description":"Huoneet, Hotel Golden: Perheomisteinen hotelli suoraan Villa Borghese Roomassa.","og_url":"https:\/\/www.hotelgoldenrome.com\/fi\/huoneet\/","og_site_name":"Hotel Golden","article_modified_time":"2014-08-01T08:29:17+00:00","og_image":[{"width":206,"height":206,"url":"https:\/\/www.hotelgoldenrome.com\/wp-content\/uploads\/2013\/08\/maria-teresa.jpg","type":"image\/jpeg"}],"twitter_misc":{"Arvioitu lukuaika":"2 minuuttia"},"schema":{"@context":"https:\/\/schema.org","@graph":[{"@type":"WebPage","@id":"https:\/\/www.hotelgoldenrome.com\/fi\/huoneet\/","url":"https:\/\/www.hotelgoldenrome.com\/fi\/huoneet\/","name":"Huoneet | Hotel Golden","isPartOf":{"@id":"https:\/\/www.hotelgoldenrome.com\/fi\/#website"},"primaryImageOfPage":{"@id":"https:\/\/www.hotelgoldenrome.com\/fi\/huoneet\/#primaryimage"},"image":{"@id":"https:\/\/www.hotelgoldenrome.com\/fi\/huoneet\/#primaryimage"},"thumbnailUrl":"https:\/\/www.hotelgoldenrome.com\/wp-content\/uploads\/2013\/08\/maria-teresa.jpg","datePublished":"2013-09-26T15:41:28+00:00","dateModified":"2014-08-01T08:29:17+00:00","description":"Huoneet, Hotel Golden: Perheomisteinen hotelli suoraan Villa Borghese Roomassa.","breadcrumb":{"@id":"https:\/\/www.hotelgoldenrome.com\/fi\/huoneet\/#breadcrumb"},"inLanguage":"fi","potentialAction":[{"@type":"ReadAction","target":["https:\/\/www.hotelgoldenrome.com\/fi\/huoneet\/"]}]},{"@type":"ImageObject","inLanguage":"fi","@id":"https:\/\/www.hotelgoldenrome.com\/fi\/huoneet\/#primaryimage","url":"https:\/\/www.hotelgoldenrome.com\/wp-content\/uploads\/2013\/08\/maria-teresa.jpg","contentUrl":"https:\/\/www.hotelgoldenrome.com\/wp-content\/uploads\/2013\/08\/maria-teresa.jpg","width":206,"height":206},{"@type":"BreadcrumbList","@id":"https:\/\/www.hotelgoldenrome.com\/fi\/huoneet\/#breadcrumb","itemListElement":[{"@type":"ListItem","position":1,"name":"Home","item":"https:\/\/www.hotelgoldenrome.com\/fi\/"},{"@type":"ListItem","position":2,"name":"Huoneet"}]},{"@type":"WebSite","@id":"https:\/\/www.hotelgoldenrome.com\/fi\/#website","url":"https:\/\/www.hotelgoldenrome.com\/fi\/","name":"Hotel Golden","description":"..your Family run hotel in Rome","potentialAction":[{"@type":"SearchAction","target":{"@type":"EntryPoint","urlTemplate":"https:\/\/www.hotelgoldenrome.com\/fi\/?s={search_term_string}"},"query-input":{"@type":"PropertyValueSpecification","valueRequired":true,"valueName":"search_term_string"}}],"inLanguage":"fi"}]}},"_links":{"self":[{"href":"https:\/\/www.hotelgoldenrome.com\/fi\/wp-json\/wp\/v2\/pages\/298","targetHints":{"allow":["GET"]}}],"collection":[{"href":"https:\/\/www.hotelgoldenrome.com\/fi\/wp-json\/wp\/v2\/pages"}],"about":[{"href":"https:\/\/www.hotelgoldenrome.com\/fi\/wp-json\/wp\/v2\/types\/page"}],"author":[{"embeddable":true,"href":"https:\/\/www.hotelgoldenrome.com\/fi\/wp-json\/wp\/v2\/users\/17"}],"replies":[{"embeddable":true,"href":"https:\/\/www.hotelgoldenrome.com\/fi\/wp-json\/wp\/v2\/comments?post=298"}],"version-history":[{"count":13,"href":"https:\/\/www.hotelgoldenrome.com\/fi\/wp-json\/wp\/v2\/pages\/298\/revisions"}],"predecessor-version":[{"id":1957,"href":"https:\/\/www.hotelgoldenrome.com\/fi\/wp-json\/wp\/v2\/pages\/298\/revisions\/1957"}],"wp:featuredmedia":[{"embeddable":true,"href":"https:\/\/www.hotelgoldenrome.com\/fi\/wp-json\/wp\/v2\/media\/65"}],"wp:attachment":[{"href":"https:\/\/www.hotelgoldenrome.com\/fi\/wp-json\/wp\/v2\/media?parent=298"}],"curies":[{"name":"wp","href":"https:\/\/api.w.org\/{rel}","templated":true}]}}