{"id":381,"date":"2013-09-27T13:13:27","date_gmt":"2013-09-27T13:13:27","guid":{"rendered":"https:\/\/www.hotelgoldenrome.com\/?page_id=381"},"modified":"2016-08-10T07:19:04","modified_gmt":"2016-08-10T07:19:04","slug":"sijainti","status":"publish","type":"page","link":"https:\/\/www.hotelgoldenrome.com\/fi\/sijainti\/","title":{"rendered":"Sijainti"},"content":{"rendered":"<div id=\"colonna-dx\"><\/p>\n<h1>Hotelli Rooman keskustassa l\u00e4hell\u00e4 Villa Borghesea <\/h1>\n<p>Hotel Golden sijaitsee upean <strong>Villa Borghesen<\/strong> ja <strong>Via Veneton<\/strong>, 1960-luvun Dolce Vitan n\u00e4ytt\u00e4m\u00f6, v\u00e4lill\u00e4. Sijainti on keskeinen, mutta samalla hyvin <strong>rauhallinen<\/strong>, l\u00e4hell\u00e4 <strong>Espanjalaista aukiota<\/strong> ja <strong>Trevin l\u00e4hdett\u00e4<\/strong>.<\/p>\n<p><!-- index.php -->\n<div\n\tclass=\"ngg-galleryoverview ngg-ajax-pagination-none\"\n\tid=\"ngg-gallery-013901b19af03fbd4a581c21b99a80df-1\">\n\n    \t\t<!-- Thumbnails -->\n\t\t\t\t<div id=\"ngg-image-0\" class=\"ngg-gallery-thumbnail-box\" >\n\t\t\t\t        <div class=\"ngg-gallery-thumbnail\">\n            <a href=\"https:\/\/www.hotelgoldenrome.com\/wp-content\/galleries\/posizione\/100.jpg\"\n               title=\"\"\n               data-src=\"https:\/\/www.hotelgoldenrome.com\/wp-content\/galleries\/posizione\/100.jpg\"\n               data-thumbnail=\"https:\/\/www.hotelgoldenrome.com\/wp-content\/galleries\/posizione\/thumbs\/thumbs_100.jpg\"\n               data-image-id=\"100\"\n               data-title=\"100-jpg\"\n               data-description=\"\"\n               data-image-slug=\"100-jpg\"\n               class=\"ngg-fancybox\" rel=\"013901b19af03fbd4a581c21b99a80df\">\n                <img\n                    title=\"100-jpg\"\n                    alt=\"100-jpg\"\n                    src=\"https:\/\/www.hotelgoldenrome.com\/wp-content\/galleries\/posizione\/thumbs\/thumbs_100.jpg\"\n                    width=\"150\"\n                    height=\"150\"\n                    style=\"max-width:100%;\"\n                \/>\n            <\/a>\n        <\/div>\n\t\t\t\t\t\t\t<\/div> \n\t\t\t\n        \n\t\t\t\t<div id=\"ngg-image-1\" class=\"ngg-gallery-thumbnail-box\" >\n\t\t\t\t        <div class=\"ngg-gallery-thumbnail\">\n            <a href=\"https:\/\/www.hotelgoldenrome.com\/wp-content\/galleries\/posizione\/piazza_spagna.jpg\"\n               title=\"\"\n               data-src=\"https:\/\/www.hotelgoldenrome.com\/wp-content\/galleries\/posizione\/piazza_spagna.jpg\"\n               data-thumbnail=\"https:\/\/www.hotelgoldenrome.com\/wp-content\/galleries\/posizione\/thumbs\/thumbs_piazza_spagna.jpg\"\n               data-image-id=\"99\"\n               data-title=\"Primavera a Trinit\u2021 dei Monti, Piazza di Spagna, Roma\"\n               data-description=\"\"\n               data-image-slug=\"piazza_spagna-jpg\"\n               class=\"ngg-fancybox\" rel=\"013901b19af03fbd4a581c21b99a80df\">\n                <img\n                    title=\"Primavera a Trinit\u2021 dei Monti, Piazza di Spagna, Roma\"\n                    alt=\"Primavera a Trinit\u2021 dei Monti, Piazza di Spagna, Roma\"\n                    src=\"https:\/\/www.hotelgoldenrome.com\/wp-content\/galleries\/posizione\/thumbs\/thumbs_piazza_spagna.jpg\"\n                    width=\"150\"\n                    height=\"150\"\n                    style=\"max-width:100%;\"\n                \/>\n            <\/a>\n        <\/div>\n\t\t\t\t\t\t\t<\/div> \n\t\t\t\n        \n\t\t\t\t<div id=\"ngg-image-2\" class=\"ngg-gallery-thumbnail-box\" >\n\t\t\t\t        <div class=\"ngg-gallery-thumbnail\">\n            <a href=\"https:\/\/www.hotelgoldenrome.com\/wp-content\/galleries\/posizione\/roma.jpg\"\n               title=\"A wornderful sundown overlooking the Saint Peter Cathedral\"\n               data-src=\"https:\/\/www.hotelgoldenrome.com\/wp-content\/galleries\/posizione\/roma.jpg\"\n               data-thumbnail=\"https:\/\/www.hotelgoldenrome.com\/wp-content\/galleries\/posizione\/thumbs\/thumbs_roma.jpg\"\n               data-image-id=\"102\"\n               data-title=\"Rome Sundown\"\n               data-description=\"A wornderful sundown overlooking the Saint Peter Cathedral\"\n               data-image-slug=\"rome-sundown\"\n               class=\"ngg-fancybox\" rel=\"013901b19af03fbd4a581c21b99a80df\">\n                <img\n                    title=\"Rome Sundown\"\n                    alt=\"Rome Sundown\"\n                    src=\"https:\/\/www.hotelgoldenrome.com\/wp-content\/galleries\/posizione\/thumbs\/thumbs_roma.jpg\"\n                    width=\"150\"\n                    height=\"150\"\n                    style=\"max-width:100%;\"\n                \/>\n            <\/a>\n        <\/div>\n\t\t\t\t\t\t\t<\/div> \n\t\t\t\n        \n\t\t\t\t<div id=\"ngg-image-3\" class=\"ngg-gallery-thumbnail-box\" >\n\t\t\t\t        <div class=\"ngg-gallery-thumbnail\">\n            <a href=\"https:\/\/www.hotelgoldenrome.com\/wp-content\/galleries\/posizione\/eventi.jpg\"\n               title=\"\"\n               data-src=\"https:\/\/www.hotelgoldenrome.com\/wp-content\/galleries\/posizione\/eventi.jpg\"\n               data-thumbnail=\"https:\/\/www.hotelgoldenrome.com\/wp-content\/galleries\/posizione\/thumbs\/thumbs_eventi.jpg\"\n               data-image-id=\"101\"\n               data-title=\"The Coliseum by Night\"\n               data-description=\"\"\n               data-image-slug=\"the-coliseum-by-night\"\n               class=\"ngg-fancybox\" rel=\"013901b19af03fbd4a581c21b99a80df\">\n                <img\n                    title=\"The Coliseum by Night\"\n                    alt=\"The Coliseum by Night\"\n                    src=\"https:\/\/www.hotelgoldenrome.com\/wp-content\/galleries\/posizione\/thumbs\/thumbs_eventi.jpg\"\n                    width=\"150\"\n                    height=\"150\"\n                    style=\"max-width:100%;\"\n                \/>\n            <\/a>\n        <\/div>\n\t\t\t\t\t\t\t<\/div> \n\t\t\t\n        \n\t\t\n\t\t<!-- Pagination -->\n\t<div class='ngg-clear'><\/div>\t<\/div>\n<\/p>\n<p>L\u00e4helt\u00e4 t\u00e4t\u00e4 viihtyis\u00e4\u00e4<strong> Rooman hotellia<\/strong> l\u00f6ytyv\u00e4t kaupungin vihre\u00e4t keuhkot: Parco<strong> <\/strong>di Villa Borghese (puisto), jossa roomalaiset mielell\u00e4\u00e4n k\u00e4velev\u00e4t pyh\u00e4p\u00e4ivin\u00e4 ja jossa sijaitsee <strong>Pincio<\/strong>, upea n\u00e4k\u00f6alapaikka, josta n\u00e4kee yhdell\u00e4 silm\u00e4yksell\u00e4 koko kaupungin. Loistokkaassa Villassa sijaitsee kuuluisa <strong>Galleria Borghese<\/strong>, yksi maailman laajimmista taidekokoelmista, joka s\u00e4ilytt\u00e4\u00e4 mm. seuraavien taiteilijoiden t\u00f6it\u00e4: Tiziano, Rubens, Caravaggio ja Bernini.<\/p>\n<p><iframe loading=\"lazy\" src=\"https:\/\/maps.google.it\/maps?q=Hotel+Golden+Roma+-+MARUMA+Srl+-+Via+Marche+84,+00187+Roma,+Italia&amp;oe=utf-8&amp;client=firefox-a&amp;channel=fflb&amp;ie=UTF8&amp;hl=it&amp;hq=Hotel+Golden+Roma+-+MARUMA+Srl+-+Via+Marche+84,+00187+Roma,+Italia&amp;hnear=&amp;radius=15000&amp;t=m&amp;ll=41.911475,12.490017&amp;spn=0.006387,0.014806&amp;z=16&amp;iwloc=A&amp;output=embed\" height=\"400\" width=\"650\" frameborder=\"0\" marginwidth=\"0\" marginheight=\"0\" scrolling=\"no\"><\/iframe><\/p>\n<h2>MITEN MEILLE L\u00d6YT\u00c4\u00c4<\/h2>\n<ul id=\"come\">\n<li>\n<div>\n<p><strong>Lentokoneella<\/strong><br \/>\nHotel Golden j\u00e4rjest\u00e4\u00e4 <strong>noutopalvelun<\/strong> lentokent\u00e4lt\u00e4, pyydett\u00e4v\u00e4 varattaessa huonetta. Vaihtoehtoisesti on olemassa eri vaihtoehtoja p\u00e4\u00e4st\u00e4 hotelliin <strong>Rooman lentokentilt\u00e4<\/strong>.<br \/>\n<strong>Rooman &#8221;Fiumicino&#8221; -lentokent\u00e4lt\u00e4<\/strong>:<br \/>\n&#8211; linja-autoilla &#8221;Terravision Shuttle&#8221; ja &#8221;Schiaffini Travel Shuttle&#8221; saavut Terminin rautatieasemalle. Sielt\u00e4 voit ottaa taksin tai linja-auton nro 360 (Corso d&#8217;Italia &#8211; 5. pys\u00e4kki) tai nro 910 (Via Piemonte\/Boncompagni &#8211; 4. pys\u00e4kki) ja jatkaa 400 metri\u00e4 k\u00e4vellen kunnes saavut Via Marchelle;<br \/>\n&#8211; suoralla junalla &#8221;Leonardo Express&#8221; saavut noin 35 minuutissa Terminin asemalle. Sielt\u00e4 voit ottaa taksin tai linja-auton nro 360 (Corso d&#8217;Italia &#8211; 5. pys\u00e4kki) tai nro 910 (Via Piemonte\/Boncompagni &#8211; 4. pys\u00e4kki) ja jatkaa 400 metri\u00e4 k\u00e4vellen kunnes saavut Via Marchelle tai ota metrolinja A Piazza Barberinille ja sielt\u00e4 menet Via Venetolle joko k\u00e4vellen tai jollakin lukuisista linja-autoista.<br \/>\n<strong>Rooman &#8221;Ciampino&#8221; -lentokent\u00e4lt\u00e4<\/strong>:<br \/>\n&#8211; taksilla;<br \/>\n&#8211; linja-autoilla &#8221;Terravision Shuttle&#8221; ja &#8221;Schiaffini Travel Shuttle&#8221; saavut Terminin rautatieasemalle. Sielt\u00e4 voit ottaa taksin tai linja-auton nro 360 (Corso d&#8217;Italia &#8211; 5. pys\u00e4kki) tai nro 910 (Via Piemonte\/Boncompagni &#8211; 4. pys\u00e4kki) ja jatkaa 400 metri\u00e4 k\u00e4vellen kunnes saavut Via Marchelle tai ota metrolinja A Piazza Barberinille ja sielt\u00e4 menet Via Venetolle joko k\u00e4vellen tai jollakin lukuisista linja-autoista.<\/p>\n<p><strong>Autolla<\/strong><br \/>\nMoottoriteilt\u00e4 mene keh\u00e4tielle (Grande Raccordo Anulare) ja ota ulosmeno Salaria. Jatka Salaria pitkin keskustan suuntaan Villa Borgheseen saakka. K\u00e4\u00e4nny sitten Via Pincianalle ja jatka sit\u00e4 pitkin kunnes saavut Piazzale Brasilelle. Liikennevaloissa k\u00e4\u00e4nny vasemmalle ja jatka Mura Aurelianen viert\u00e4, kunnes saavut Porta Pincianalle. Ensimm\u00e4inen poikkikatu vasemmalle on Via Marche, jossa numerossa 84 sijaitsee hotelli. Voit pys\u00e4k\u00f6id\u00e4 autosi sovittuja hintoja noudattavaan autotalliin hotellin l\u00e4hell\u00e4. He tarjoavat vienti- ja noutopalvelun.<\/p>\n<p><strong>Junalla<\/strong><br \/>\nTerminin keskusrautatieasemalta p\u00e4\u00e4set Hotel Goldeniin taksilla tai julkisilla kulkuneuvoilla. Linja-auto nro 360 pys\u00e4htyy Corso d&#8217;Italialla (5 pys\u00e4kki\u00e4) kun taas linja-auto nro 910 pys\u00e4htyy Via Piemonten ja Via Boncompagnin risteyksess\u00e4. Molemmissa tapauksissa joudut kulkemaan noin 400 metri\u00e4 k\u00e4vellen p\u00e4\u00e4st\u00e4ksesi Via Marche, jossa numerossa 84 sijaitsee hotelli.<br \/>\nVaihtoehtoisesti voit ottaa metron (linja A, suuntaan Battistini); j\u00e4\u00e4 pois 2 aseman j\u00e4lkeen Piazza Barberinilla ja sielt\u00e4 menet Via Venetolle k\u00e4vellen tai yhdell\u00e4 lukuisista linja-autoista, jotka pys\u00e4htyv\u00e4t siell\u00e4 (nro 116, 119, 95, 63, 80, 52, 53).<\/p>\n<\/div>\n<\/li>\n<\/ul>\n<p><\/div>\n<div id=\"colonna-sx\"><br \/>\n<img loading=\"lazy\" decoding=\"async\" class=\"aligncenter size-full wp-image-65\" alt=\"maria-teresa\" src=\"https:\/\/www.hotelgoldenrome.com\/wp-content\/uploads\/2013\/08\/giuseppe.jpg\" width=\"206\" height=\"206\" \/><\/p>\n<p class=\"nome\">Kysy sit\u00e4<br \/><span>Giuseppelta<\/span><\/p>\n<p>Hotellissamme lomailu merkitsee sit\u00e4, ett\u00e4 koko Rooma on k\u00e4tesi ulottuvilla.   Hotelli sijaitsee l\u00e4hell\u00e4 via Venetoa ja metropys\u00e4kki\u00e4, mutta voitte liikkua my\u00f6s jalan!<\/p>\n<p><a href=\"https:\/\/www.hotelgoldenrome.com\/wp-content\/uploads\/2013\/08\/020.jpg\" class=\"thickbox\"><img loading=\"lazy\" decoding=\"async\" src=\"https:\/\/www.hotelgoldenrome.com\/wp-content\/uploads\/2013\/08\/020-206x206.jpg\" alt=\"020\" width=\"206\" height=\"206\" \/><\/a><\/p>\n<p><strong>Hotel Golden di Roman<\/strong> sijainti antaa mahdollisuuden menn\u00e4 k\u00e4vellen useisiin kulttuurin kannalta ja <strong>ostosmahdollisuuksien<\/strong> kannalta mielenkiintoisiin paikkoihin kuten <strong>Via del Corso<\/strong>&nbsp; ja <strong>Piazza Navona<\/strong>. Julkisilla kulkuneuvoilla p\u00e4\u00e4see moniin keisarillisen ajan n\u00e4ht\u00e4vyyksiin kuten <strong>Colosseo<\/strong>,  Fori Imperiali ja Domus Aurea.<\/p>\n<p>Tehd\u00e4ksemme oleskelustasi viel\u00e4kin miellytt\u00e4v\u00e4mm\u00e4n, olemme tehneet sopimuksen hinnoista turistioppaiden kanssa, jotka j\u00e4rjest\u00e4v\u00e4t <strong>kaupungin kiertoajeluja<\/strong> ja <strong>retki\u00e4 kaupungin ulkopuolelle<\/strong>.<\/p>\n<p>Jos haluatte tuntea olonne kodikkaaksi ja samalla asua muutaman minuutin k\u00e4velymatkan p\u00e4\u00e4ss\u00e4 kuuluisista roomalaiskohteista, kuten <strong>Piazza di Spagna<\/strong>, <strong>Trevin suihkul\u00e4hde<\/strong>, <strong>via Veneto<\/strong> ja <strong>Villa Borghese<\/strong>, Hotel Golden <strong>Roomassa<\/strong> on aina valmiina palvelukseenne.<\/p>\n<p><\/div>\n<p>&nbsp;<\/p>\n","protected":false},"excerpt":{"rendered":"<p class=\"nome\">Kysy sit\u00e4<br \/><span>Giuseppelta<\/span><\/p>\n<p>Hotellissamme lomailu merkitsee sit\u00e4, ett\u00e4 koko Rooma on k\u00e4tesi ulottuvilla.  Hotelli sijaitsee l\u00e4hell\u00e4 via Venetoa ja metropys\u00e4kki\u00e4, mutta voitte liikkua my\u00f6s jalan!<\/p>\n","protected":false},"author":17,"featured_media":2105,"parent":0,"menu_order":0,"comment_status":"open","ping_status":"open","template":"page-duecolonne.php","meta":{"ngg_post_thumbnail":0,"footnotes":""},"class_list":["post-381","page","type-page","status-publish","has-post-thumbnail","hentry"],"yoast_head":"<!-- This site is optimized with the Yoast SEO plugin v25.7 - https:\/\/yoast.com\/wordpress\/plugins\/seo\/ -->\n<title>Hotelli l\u00e4hell\u00e4 Villa Borghese | Rooman keskustassa sijaitseva Hotelli<\/title>\n<meta name=\"description\" content=\"L\u00e4helt\u00e4 t\u00e4t\u00e4 viihtyis\u00e4\u00e4 Rooman hotellia l\u00f6ytyv\u00e4t kaupungin vihre\u00e4t keuhkot: Parco di Villa Borghese, puisto, jossa roomalaiset mielell\u00e4\u00e4n k\u00e4velev\u00e4t pyh\u00e4p\u00e4ivin\u00e4.\" \/>\n<meta name=\"robots\" content=\"index, follow, max-snippet:-1, max-image-preview:large, max-video-preview:-1\" \/>\n<link rel=\"canonical\" href=\"https:\/\/www.hotelgoldenrome.com\/fi\/sijainti\/\" \/>\n<meta property=\"og:locale\" content=\"fi_FI\" \/>\n<meta property=\"og:type\" content=\"article\" \/>\n<meta property=\"og:title\" content=\"Hotelli l\u00e4hell\u00e4 Villa Borghese | Rooman keskustassa sijaitseva Hotelli\" \/>\n<meta property=\"og:description\" content=\"L\u00e4helt\u00e4 t\u00e4t\u00e4 viihtyis\u00e4\u00e4 Rooman hotellia l\u00f6ytyv\u00e4t kaupungin vihre\u00e4t keuhkot: Parco di Villa Borghese, puisto, jossa roomalaiset mielell\u00e4\u00e4n k\u00e4velev\u00e4t pyh\u00e4p\u00e4ivin\u00e4.\" \/>\n<meta property=\"og:url\" content=\"https:\/\/www.hotelgoldenrome.com\/fi\/sijainti\/\" \/>\n<meta property=\"og:site_name\" content=\"Hotel Golden\" \/>\n<meta property=\"article:modified_time\" content=\"2016-08-10T07:19:04+00:00\" \/>\n<meta property=\"og:image\" content=\"https:\/\/www.hotelgoldenrome.com\/wp-content\/uploads\/2013\/08\/giuseppe.jpg\" \/>\n\t<meta property=\"og:image:width\" content=\"206\" \/>\n\t<meta property=\"og:image:height\" content=\"206\" \/>\n\t<meta property=\"og:image:type\" content=\"image\/jpeg\" \/>\n<meta name=\"twitter:label1\" content=\"Arvioitu lukuaika\" \/>\n\t<meta name=\"twitter:data1\" content=\"3 minuuttia\" \/>\n<script type=\"application\/ld+json\" class=\"yoast-schema-graph\">{\"@context\":\"https:\/\/schema.org\",\"@graph\":[{\"@type\":\"WebPage\",\"@id\":\"https:\/\/www.hotelgoldenrome.com\/fi\/sijainti\/\",\"url\":\"https:\/\/www.hotelgoldenrome.com\/fi\/sijainti\/\",\"name\":\"Hotelli l\u00e4hell\u00e4 Villa Borghese | Rooman keskustassa sijaitseva Hotelli\",\"isPartOf\":{\"@id\":\"https:\/\/www.hotelgoldenrome.com\/fi\/#website\"},\"primaryImageOfPage\":{\"@id\":\"https:\/\/www.hotelgoldenrome.com\/fi\/sijainti\/#primaryimage\"},\"image\":{\"@id\":\"https:\/\/www.hotelgoldenrome.com\/fi\/sijainti\/#primaryimage\"},\"thumbnailUrl\":\"https:\/\/www.hotelgoldenrome.com\/wp-content\/uploads\/2013\/08\/giuseppe.jpg\",\"datePublished\":\"2013-09-27T13:13:27+00:00\",\"dateModified\":\"2016-08-10T07:19:04+00:00\",\"description\":\"L\u00e4helt\u00e4 t\u00e4t\u00e4 viihtyis\u00e4\u00e4 Rooman hotellia l\u00f6ytyv\u00e4t kaupungin vihre\u00e4t keuhkot: Parco di Villa Borghese, puisto, jossa roomalaiset mielell\u00e4\u00e4n k\u00e4velev\u00e4t pyh\u00e4p\u00e4ivin\u00e4.\",\"breadcrumb\":{\"@id\":\"https:\/\/www.hotelgoldenrome.com\/fi\/sijainti\/#breadcrumb\"},\"inLanguage\":\"fi\",\"potentialAction\":[{\"@type\":\"ReadAction\",\"target\":[\"https:\/\/www.hotelgoldenrome.com\/fi\/sijainti\/\"]}]},{\"@type\":\"ImageObject\",\"inLanguage\":\"fi\",\"@id\":\"https:\/\/www.hotelgoldenrome.com\/fi\/sijainti\/#primaryimage\",\"url\":\"https:\/\/www.hotelgoldenrome.com\/wp-content\/uploads\/2013\/08\/giuseppe.jpg\",\"contentUrl\":\"https:\/\/www.hotelgoldenrome.com\/wp-content\/uploads\/2013\/08\/giuseppe.jpg\",\"width\":206,\"height\":206},{\"@type\":\"BreadcrumbList\",\"@id\":\"https:\/\/www.hotelgoldenrome.com\/fi\/sijainti\/#breadcrumb\",\"itemListElement\":[{\"@type\":\"ListItem\",\"position\":1,\"name\":\"Home\",\"item\":\"https:\/\/www.hotelgoldenrome.com\/fi\/\"},{\"@type\":\"ListItem\",\"position\":2,\"name\":\"Sijainti\"}]},{\"@type\":\"WebSite\",\"@id\":\"https:\/\/www.hotelgoldenrome.com\/fi\/#website\",\"url\":\"https:\/\/www.hotelgoldenrome.com\/fi\/\",\"name\":\"Hotel Golden\",\"description\":\"..your Family run hotel in Rome\",\"potentialAction\":[{\"@type\":\"SearchAction\",\"target\":{\"@type\":\"EntryPoint\",\"urlTemplate\":\"https:\/\/www.hotelgoldenrome.com\/fi\/?s={search_term_string}\"},\"query-input\":{\"@type\":\"PropertyValueSpecification\",\"valueRequired\":true,\"valueName\":\"search_term_string\"}}],\"inLanguage\":\"fi\"}]}<\/script>\n<!-- \/ Yoast SEO plugin. -->","yoast_head_json":{"title":"Hotelli l\u00e4hell\u00e4 Villa Borghese | Rooman keskustassa sijaitseva Hotelli","description":"L\u00e4helt\u00e4 t\u00e4t\u00e4 viihtyis\u00e4\u00e4 Rooman hotellia l\u00f6ytyv\u00e4t kaupungin vihre\u00e4t keuhkot: Parco di Villa Borghese, puisto, jossa roomalaiset mielell\u00e4\u00e4n k\u00e4velev\u00e4t pyh\u00e4p\u00e4ivin\u00e4.","robots":{"index":"index","follow":"follow","max-snippet":"max-snippet:-1","max-image-preview":"max-image-preview:large","max-video-preview":"max-video-preview:-1"},"canonical":"https:\/\/www.hotelgoldenrome.com\/fi\/sijainti\/","og_locale":"fi_FI","og_type":"article","og_title":"Hotelli l\u00e4hell\u00e4 Villa Borghese | Rooman keskustassa sijaitseva Hotelli","og_description":"L\u00e4helt\u00e4 t\u00e4t\u00e4 viihtyis\u00e4\u00e4 Rooman hotellia l\u00f6ytyv\u00e4t kaupungin vihre\u00e4t keuhkot: Parco di Villa Borghese, puisto, jossa roomalaiset mielell\u00e4\u00e4n k\u00e4velev\u00e4t pyh\u00e4p\u00e4ivin\u00e4.","og_url":"https:\/\/www.hotelgoldenrome.com\/fi\/sijainti\/","og_site_name":"Hotel Golden","article_modified_time":"2016-08-10T07:19:04+00:00","og_image":[{"width":206,"height":206,"url":"https:\/\/www.hotelgoldenrome.com\/wp-content\/uploads\/2013\/08\/giuseppe.jpg","type":"image\/jpeg"}],"twitter_misc":{"Arvioitu lukuaika":"3 minuuttia"},"schema":{"@context":"https:\/\/schema.org","@graph":[{"@type":"WebPage","@id":"https:\/\/www.hotelgoldenrome.com\/fi\/sijainti\/","url":"https:\/\/www.hotelgoldenrome.com\/fi\/sijainti\/","name":"Hotelli l\u00e4hell\u00e4 Villa Borghese | Rooman keskustassa sijaitseva Hotelli","isPartOf":{"@id":"https:\/\/www.hotelgoldenrome.com\/fi\/#website"},"primaryImageOfPage":{"@id":"https:\/\/www.hotelgoldenrome.com\/fi\/sijainti\/#primaryimage"},"image":{"@id":"https:\/\/www.hotelgoldenrome.com\/fi\/sijainti\/#primaryimage"},"thumbnailUrl":"https:\/\/www.hotelgoldenrome.com\/wp-content\/uploads\/2013\/08\/giuseppe.jpg","datePublished":"2013-09-27T13:13:27+00:00","dateModified":"2016-08-10T07:19:04+00:00","description":"L\u00e4helt\u00e4 t\u00e4t\u00e4 viihtyis\u00e4\u00e4 Rooman hotellia l\u00f6ytyv\u00e4t kaupungin vihre\u00e4t keuhkot: Parco di Villa Borghese, puisto, jossa roomalaiset mielell\u00e4\u00e4n k\u00e4velev\u00e4t pyh\u00e4p\u00e4ivin\u00e4.","breadcrumb":{"@id":"https:\/\/www.hotelgoldenrome.com\/fi\/sijainti\/#breadcrumb"},"inLanguage":"fi","potentialAction":[{"@type":"ReadAction","target":["https:\/\/www.hotelgoldenrome.com\/fi\/sijainti\/"]}]},{"@type":"ImageObject","inLanguage":"fi","@id":"https:\/\/www.hotelgoldenrome.com\/fi\/sijainti\/#primaryimage","url":"https:\/\/www.hotelgoldenrome.com\/wp-content\/uploads\/2013\/08\/giuseppe.jpg","contentUrl":"https:\/\/www.hotelgoldenrome.com\/wp-content\/uploads\/2013\/08\/giuseppe.jpg","width":206,"height":206},{"@type":"BreadcrumbList","@id":"https:\/\/www.hotelgoldenrome.com\/fi\/sijainti\/#breadcrumb","itemListElement":[{"@type":"ListItem","position":1,"name":"Home","item":"https:\/\/www.hotelgoldenrome.com\/fi\/"},{"@type":"ListItem","position":2,"name":"Sijainti"}]},{"@type":"WebSite","@id":"https:\/\/www.hotelgoldenrome.com\/fi\/#website","url":"https:\/\/www.hotelgoldenrome.com\/fi\/","name":"Hotel Golden","description":"..your Family run hotel in Rome","potentialAction":[{"@type":"SearchAction","target":{"@type":"EntryPoint","urlTemplate":"https:\/\/www.hotelgoldenrome.com\/fi\/?s={search_term_string}"},"query-input":{"@type":"PropertyValueSpecification","valueRequired":true,"valueName":"search_term_string"}}],"inLanguage":"fi"}]}},"_links":{"self":[{"href":"https:\/\/www.hotelgoldenrome.com\/fi\/wp-json\/wp\/v2\/pages\/381","targetHints":{"allow":["GET"]}}],"collection":[{"href":"https:\/\/www.hotelgoldenrome.com\/fi\/wp-json\/wp\/v2\/pages"}],"about":[{"href":"https:\/\/www.hotelgoldenrome.com\/fi\/wp-json\/wp\/v2\/types\/page"}],"author":[{"embeddable":true,"href":"https:\/\/www.hotelgoldenrome.com\/fi\/wp-json\/wp\/v2\/users\/17"}],"replies":[{"embeddable":true,"href":"https:\/\/www.hotelgoldenrome.com\/fi\/wp-json\/wp\/v2\/comments?post=381"}],"version-history":[{"count":14,"href":"https:\/\/www.hotelgoldenrome.com\/fi\/wp-json\/wp\/v2\/pages\/381\/revisions"}],"predecessor-version":[{"id":2121,"href":"https:\/\/www.hotelgoldenrome.com\/fi\/wp-json\/wp\/v2\/pages\/381\/revisions\/2121"}],"wp:featuredmedia":[{"embeddable":true,"href":"https:\/\/www.hotelgoldenrome.com\/fi\/wp-json\/wp\/v2\/media\/2105"}],"wp:attachment":[{"href":"https:\/\/www.hotelgoldenrome.com\/fi\/wp-json\/wp\/v2\/media?parent=381"}],"curies":[{"name":"wp","href":"https:\/\/api.w.org\/{rel}","templated":true}]}}