{"id":442,"date":"2013-09-30T08:57:27","date_gmt":"2013-09-30T08:57:27","guid":{"rendered":"https:\/\/www.hotelgoldenrome.com\/?page_id=442"},"modified":"2014-08-01T10:57:25","modified_gmt":"2014-08-01T10:57:25","slug":"kuvaus","status":"publish","type":"page","link":"https:\/\/www.hotelgoldenrome.com\/fi\/kuvaus\/","title":{"rendered":"Kuvaus"},"content":{"rendered":"<div id=\"colonna-dx\"><\/p>\n<h1>Edullinen hotelli ja runsas aamiainen, lis\u00e4ksi ilmainen wi-fi<\/h1>\n<p>Edullinen hotelli ja ilmainen wi-fi, \u2019Hotelli Golden sijaitsee keskell\u00e4 Rooman historiallista kaupunginosaa\u00e0, loistavan kauniin Villa Borghesen puiston l\u00e4heisyydess\u00e4, \u20191800-luvun lopulta per\u00e4isin olevan tyylikk\u00e4\u00e4n rakennuksen sis\u00e4ll\u00e4, joka on kunnostettu s\u00e4ilytt\u00e4en sen alkuper\u00e4isen rakenteen.  <\/p>\n<p>Palatsin tilat on suunniteltu siten ett\u00e4 voimme tarjota vieraillemme parhaimman mahdollisen rentoutumisen. Yhteiset tilat on sisustettu kirsikkapuusta valmistetuilla huonekaluilla ja viimeistelty kipsilastalla, kevyin keltaisin s\u00e4vyin.\u00e0   <\/p>\n<p>Viihtyis\u00e4 hotelli Roomassa (tupakointi ei sallittua). Hotelli Goldenia johtaa perheyritys, joka on aina ollut arvostettu sen yst\u00e4v\u00e4llisyyden ja avulaisuuden johdosta. <\/p>\n<p>Jokainen yksityiskohta on harkittu, jotta oleskelusi olisi <strong>miellytt\u00e4v\u00e4 <\/strong>ja<strong> hauska<\/strong>, kuten hotellimme ilmapiiri. Joka aamu tarjoamme <strong><a title=\"Hotel Golden Roma\" target=\"_blank\" href=\"https:\/\/www.hotelgoldenrome.com\/wp-content\/uploads\/2013\/08\/colazione.jpg\" class=\"thickbox\" rel=\"hotelgoldenrome\">aamiaisen<\/a><\/strong> kauniissa salissa kuistilla, joka saa valon isoista ikkunoista:   vieraamme voivat aloittaa p\u00e4iv\u00e4ns\u00e4 parhaimmalla tavalla nauttien <strong>kotona leivottuja leivonnaisia ja voisarvia<\/strong>, raksuja ja kaiken tyyppisi\u00e4 jogurtteja. Tarjolla on laaja valikoima mehuja ja kuumia juomia sek\u00e4 my\u00f6s joitakin suolaisia erikoisuuksia, kuten juustoja ja leikkeleit\u00e4. Valikoimaan kuuluvat my\u00f6s hedelm\u00e4salaatti ja mamman valmistama munakokkeli (my\u00f6s pyynn\u00f6st\u00e4), tuore leip\u00e4, paahtoleip\u00e4, k\u00f6yh\u00e4t ritarit ja herkulliset pannukakut&#8230;.eli monipuolinen aamiainen kotoisen aamiaisen tapaan.<\/p>\n<p>Tarjotaksemme viel\u00e4 lis\u00e4palvelun asiakkaillemme, olemme solmineet <strong>sopimuksen turistioppaiden<\/strong> kanssa, jotka voivat vied\u00e4 sinut tutustumaan Rooman salaisuuksiin ja sen upeaan ymp\u00e4rist\u00f6\u00f6n.<\/p>\n<p><!-- index.php -->\n<div\n\tclass=\"ngg-galleryoverview ngg-ajax-pagination-none\"\n\tid=\"ngg-gallery-3e5f3620680cf1f0632dce7624b5559f-1\">\n\n    \t\t<!-- Thumbnails -->\n\t\t\t\t<div id=\"ngg-image-0\" class=\"ngg-gallery-thumbnail-box\" >\n\t\t\t\t        <div class=\"ngg-gallery-thumbnail\">\n            <a href=\"https:\/\/www.hotelgoldenrome.com\/wp-content\/galleries\/servizi\/002.jpg\"\n               title=\"\"\n               data-src=\"https:\/\/www.hotelgoldenrome.com\/wp-content\/galleries\/servizi\/002.jpg\"\n               data-thumbnail=\"https:\/\/www.hotelgoldenrome.com\/wp-content\/galleries\/servizi\/thumbs\/thumbs_002.jpg\"\n               data-image-id=\"92\"\n               data-title=\"002-jpg\"\n               data-description=\"\"\n               data-image-slug=\"002-jpg\"\n               class=\"ngg-fancybox\" rel=\"3e5f3620680cf1f0632dce7624b5559f\">\n                <img\n                    title=\"002-jpg\"\n                    alt=\"002-jpg\"\n                    src=\"https:\/\/www.hotelgoldenrome.com\/wp-content\/galleries\/servizi\/thumbs\/thumbs_002.jpg\"\n                    width=\"150\"\n                    height=\"150\"\n                    style=\"max-width:100%;\"\n                \/>\n            <\/a>\n        <\/div>\n\t\t\t\t\t\t\t<\/div> \n\t\t\t\n        \n\t\t\t\t<div id=\"ngg-image-1\" class=\"ngg-gallery-thumbnail-box\" >\n\t\t\t\t        <div class=\"ngg-gallery-thumbnail\">\n            <a href=\"https:\/\/www.hotelgoldenrome.com\/wp-content\/galleries\/servizi\/053.jpg\"\n               title=\"\"\n               data-src=\"https:\/\/www.hotelgoldenrome.com\/wp-content\/galleries\/servizi\/053.jpg\"\n               data-thumbnail=\"https:\/\/www.hotelgoldenrome.com\/wp-content\/galleries\/servizi\/thumbs\/thumbs_053.jpg\"\n               data-image-id=\"93\"\n               data-title=\"053-jpg\"\n               data-description=\"\"\n               data-image-slug=\"053-jpg\"\n               class=\"ngg-fancybox\" rel=\"3e5f3620680cf1f0632dce7624b5559f\">\n                <img\n                    title=\"053-jpg\"\n                    alt=\"053-jpg\"\n                    src=\"https:\/\/www.hotelgoldenrome.com\/wp-content\/galleries\/servizi\/thumbs\/thumbs_053.jpg\"\n                    width=\"150\"\n                    height=\"150\"\n                    style=\"max-width:100%;\"\n                \/>\n            <\/a>\n        <\/div>\n\t\t\t\t\t\t\t<\/div> \n\t\t\t\n        \n\t\t\t\t<div id=\"ngg-image-2\" class=\"ngg-gallery-thumbnail-box\" >\n\t\t\t\t        <div class=\"ngg-gallery-thumbnail\">\n            <a href=\"https:\/\/www.hotelgoldenrome.com\/wp-content\/galleries\/servizi\/066.jpg\"\n               title=\"\"\n               data-src=\"https:\/\/www.hotelgoldenrome.com\/wp-content\/galleries\/servizi\/066.jpg\"\n               data-thumbnail=\"https:\/\/www.hotelgoldenrome.com\/wp-content\/galleries\/servizi\/thumbs\/thumbs_066.jpg\"\n               data-image-id=\"94\"\n               data-title=\"066-jpg\"\n               data-description=\"\"\n               data-image-slug=\"066-jpg\"\n               class=\"ngg-fancybox\" rel=\"3e5f3620680cf1f0632dce7624b5559f\">\n                <img\n                    title=\"066-jpg\"\n                    alt=\"066-jpg\"\n                    src=\"https:\/\/www.hotelgoldenrome.com\/wp-content\/galleries\/servizi\/thumbs\/thumbs_066.jpg\"\n                    width=\"150\"\n                    height=\"150\"\n                    style=\"max-width:100%;\"\n                \/>\n            <\/a>\n        <\/div>\n\t\t\t\t\t\t\t<\/div> \n\t\t\t\n        \n\t\t\t\t<div id=\"ngg-image-3\" class=\"ngg-gallery-thumbnail-box\" >\n\t\t\t\t        <div class=\"ngg-gallery-thumbnail\">\n            <a href=\"https:\/\/www.hotelgoldenrome.com\/wp-content\/galleries\/servizi\/g12_b.jpg\"\n               title=\"\"\n               data-src=\"https:\/\/www.hotelgoldenrome.com\/wp-content\/galleries\/servizi\/g12_b.jpg\"\n               data-thumbnail=\"https:\/\/www.hotelgoldenrome.com\/wp-content\/galleries\/servizi\/thumbs\/thumbs_g12_b.jpg\"\n               data-image-id=\"51\"\n               data-title=\"g12_b-jpg\"\n               data-description=\"\"\n               data-image-slug=\"g12_b-jpg-1\"\n               class=\"ngg-fancybox\" rel=\"3e5f3620680cf1f0632dce7624b5559f\">\n                <img\n                    title=\"g12_b-jpg\"\n                    alt=\"g12_b-jpg\"\n                    src=\"https:\/\/www.hotelgoldenrome.com\/wp-content\/galleries\/servizi\/thumbs\/thumbs_g12_b.jpg\"\n                    width=\"150\"\n                    height=\"150\"\n                    style=\"max-width:100%;\"\n                \/>\n            <\/a>\n        <\/div>\n\t\t\t\t\t\t\t<\/div> \n\t\t\t\n        \n\t\t\n\t\t<!-- Pagination -->\n\t<div class='ngg-clear'><\/div>\t<\/div>\n<\/p>\n<h2>Palveluista<\/h2>\n<p>Lukuisista palveluista, jotka tarjoamme asiakkailemme haluamme mainita:<\/p>\n<ul>\n<li>&#8211; nouto lentokent\u00e4lt\u00e4, pyydett\u00e4v\u00e4 varattaessa huonetta<\/li>\n<li>&#8211; sopimushinnoilla toimiva autotalli, joka sijaitsee hotellin l\u00e4hell\u00e4 ja joka tarjoaa vienti- ja noutopalvelun<\/li>\n<li>&#8211; internetpiste<\/li>\n<li>&#8211; wi-fi kaikkialla hotellissa<\/li>\n<li>&#8211; huonepalvelu<\/li>\n<li>&#8211; Tv ja maksukanavat Pay per View \/ Sky<\/li>\n<li>&#8211; P\u00e4iv\u00e4lehdet<\/li>\n<li>&#8211; Matkatavaras\u00e4ilytys<\/li>\n<li>&#8211; Aikainen kirjautuminen<\/li>\n<li>&#8211; Hissi<\/li>\n<li>&#8211; Automaattipesula<\/li>\n<\/ul>\n<p>Saapueassasi hotelliin annamme sinulle <strong>yksityiskohtaisen kartan<\/strong>, johon on merkitty hotellin sijainti ja p\u00e4\u00e4n\u00e4ht\u00e4vyydet, kun taas <strong>ymp\u00e4ri vuorokauden aukiolevasta vastaanotosta <\/strong> l\u00f6yd\u00e4t hy\u00f6dyllisen <strong>info-pisteen<\/strong>, josta voit varata liput mihin tahansa kaupungissa j\u00e4rjestett\u00e4v\u00e4\u00e4n n\u00e4yttelyyn. Olemme my\u00f6s k\u00e4ytett\u00e4viss\u00e4si, kun haluat ehdotuksia ravintoloista ja trattorioista, jotka on &#8221;testattu&#8221; tyypillist\u00e4 roomalaista keitti\u00f6t\u00e4 ajatellen.<\/p>\n<p><\/div>\n<div id=\"colonna-sx\"><br \/>\n<img loading=\"lazy\" decoding=\"async\" src=\"https:\/\/www.hotelgoldenrome.com\/wp-content\/uploads\/2013\/08\/alina.jpg\" alt=\"alina\" width=\"206\" height=\"206\" class=\"alignnone size-full wp-image-167\" \/><\/p>\n<p class=\"nome\">Kysy sit\u00e4<br \/><span>Alinalta<\/span><\/p>\n<p>Olemme kivenheiton p\u00e4\u00e4ss\u00e4 Villa Borghesesta, ihastuttavassa 1800-luvun lopulta per\u00e4isin olevassa rakennuksessa, jonka ilmapiiri on l\u00e4mmin ja vieraanvarainen. Valmistamme itse tarjoamme aamupalan, kyseess\u00e4 on ainutlaatuinen kokemus! <\/p>\n<div class=\"box\">\n<p>Lomaoleilua ilman johtoja ja passiivista tupakointia! Hotel Golden di Romassa ilma on puhdasta, koska <strong>tupakointi on kielletty<\/strong>, ja oleskelua helpottaa my\u00f6s <strong>Wi-fi<\/strong>: langaton Internet on <strong>ilmainen<\/strong> palvelu, jonka <strong>tupakoimaton <\/strong><strong>hotellimme<\/strong><strong> Rooman <\/strong><strong>keskustassa<\/strong> antaa asiakkaidensa k\u00e4ytt\u00f6\u00f6n mukavissa ja kodikkaissa huoneissa ja yleisiss\u00e4 tiloissa.<\/p>\n<\/div>\n<p><\/div>\n<p>&nbsp;<\/p>\n","protected":false},"excerpt":{"rendered":"<p>&nbsp;<\/p>\n","protected":false},"author":17,"featured_media":0,"parent":0,"menu_order":0,"comment_status":"open","ping_status":"open","template":"page-duecolonne.php","meta":{"ngg_post_thumbnail":0,"footnotes":""},"class_list":["post-442","page","type-page","status-publish","hentry"],"yoast_head":"<!-- This site is optimized with the Yoast SEO plugin v25.7 - https:\/\/yoast.com\/wordpress\/plugins\/seo\/ -->\n<title>Talousarvio-hotelli Rooma Keskustassa | Savuton Hotelli Rooma<\/title>\n<meta name=\"description\" content=\"Hotelli Golden tarjoaa paitsi y\u00f6pymist\u00e4 edulliseen hintaan ja ilmaisen langattoman verkon my\u00f6s Mamma Teresan tuoreista elintarvikkeista paikan p\u00e4\u00e4ll\u00e4 valmistaman runsaan aamiaisen.\" \/>\n<meta name=\"robots\" content=\"index, follow, max-snippet:-1, max-image-preview:large, max-video-preview:-1\" \/>\n<link rel=\"canonical\" href=\"https:\/\/www.hotelgoldenrome.com\/fi\/kuvaus\/\" \/>\n<meta property=\"og:locale\" content=\"fi_FI\" \/>\n<meta property=\"og:type\" content=\"article\" \/>\n<meta property=\"og:title\" content=\"Talousarvio-hotelli Rooma Keskustassa | Savuton Hotelli Rooma\" \/>\n<meta property=\"og:description\" content=\"Hotelli Golden tarjoaa paitsi y\u00f6pymist\u00e4 edulliseen hintaan ja ilmaisen langattoman verkon my\u00f6s Mamma Teresan tuoreista elintarvikkeista paikan p\u00e4\u00e4ll\u00e4 valmistaman runsaan aamiaisen.\" \/>\n<meta property=\"og:url\" content=\"https:\/\/www.hotelgoldenrome.com\/fi\/kuvaus\/\" \/>\n<meta property=\"og:site_name\" content=\"Hotel Golden\" \/>\n<meta property=\"article:modified_time\" content=\"2014-08-01T10:57:25+00:00\" \/>\n<meta property=\"og:image\" content=\"https:\/\/www.hotelgoldenrome.com\/wp-content\/uploads\/2013\/08\/alina.jpg\" \/>\n<meta name=\"twitter:label1\" content=\"Arvioitu lukuaika\" \/>\n\t<meta name=\"twitter:data1\" content=\"2 minuuttia\" \/>\n<script type=\"application\/ld+json\" class=\"yoast-schema-graph\">{\"@context\":\"https:\/\/schema.org\",\"@graph\":[{\"@type\":\"WebPage\",\"@id\":\"https:\/\/www.hotelgoldenrome.com\/fi\/kuvaus\/\",\"url\":\"https:\/\/www.hotelgoldenrome.com\/fi\/kuvaus\/\",\"name\":\"Talousarvio-hotelli Rooma Keskustassa | Savuton Hotelli Rooma\",\"isPartOf\":{\"@id\":\"https:\/\/www.hotelgoldenrome.com\/fi\/#website\"},\"primaryImageOfPage\":{\"@id\":\"https:\/\/www.hotelgoldenrome.com\/fi\/kuvaus\/#primaryimage\"},\"image\":{\"@id\":\"https:\/\/www.hotelgoldenrome.com\/fi\/kuvaus\/#primaryimage\"},\"thumbnailUrl\":\"https:\/\/www.hotelgoldenrome.com\/wp-content\/uploads\/2013\/08\/alina.jpg\",\"datePublished\":\"2013-09-30T08:57:27+00:00\",\"dateModified\":\"2014-08-01T10:57:25+00:00\",\"description\":\"Hotelli Golden tarjoaa paitsi y\u00f6pymist\u00e4 edulliseen hintaan ja ilmaisen langattoman verkon my\u00f6s Mamma Teresan tuoreista elintarvikkeista paikan p\u00e4\u00e4ll\u00e4 valmistaman runsaan aamiaisen.\",\"breadcrumb\":{\"@id\":\"https:\/\/www.hotelgoldenrome.com\/fi\/kuvaus\/#breadcrumb\"},\"inLanguage\":\"fi\",\"potentialAction\":[{\"@type\":\"ReadAction\",\"target\":[\"https:\/\/www.hotelgoldenrome.com\/fi\/kuvaus\/\"]}]},{\"@type\":\"ImageObject\",\"inLanguage\":\"fi\",\"@id\":\"https:\/\/www.hotelgoldenrome.com\/fi\/kuvaus\/#primaryimage\",\"url\":\"https:\/\/www.hotelgoldenrome.com\/wp-content\/uploads\/2013\/08\/alina.jpg\",\"contentUrl\":\"https:\/\/www.hotelgoldenrome.com\/wp-content\/uploads\/2013\/08\/alina.jpg\"},{\"@type\":\"BreadcrumbList\",\"@id\":\"https:\/\/www.hotelgoldenrome.com\/fi\/kuvaus\/#breadcrumb\",\"itemListElement\":[{\"@type\":\"ListItem\",\"position\":1,\"name\":\"Home\",\"item\":\"https:\/\/www.hotelgoldenrome.com\/fi\/\"},{\"@type\":\"ListItem\",\"position\":2,\"name\":\"Kuvaus\"}]},{\"@type\":\"WebSite\",\"@id\":\"https:\/\/www.hotelgoldenrome.com\/fi\/#website\",\"url\":\"https:\/\/www.hotelgoldenrome.com\/fi\/\",\"name\":\"Hotel Golden\",\"description\":\"..your Family run hotel in Rome\",\"potentialAction\":[{\"@type\":\"SearchAction\",\"target\":{\"@type\":\"EntryPoint\",\"urlTemplate\":\"https:\/\/www.hotelgoldenrome.com\/fi\/?s={search_term_string}\"},\"query-input\":{\"@type\":\"PropertyValueSpecification\",\"valueRequired\":true,\"valueName\":\"search_term_string\"}}],\"inLanguage\":\"fi\"}]}<\/script>\n<!-- \/ Yoast SEO plugin. -->","yoast_head_json":{"title":"Talousarvio-hotelli Rooma Keskustassa | Savuton Hotelli Rooma","description":"Hotelli Golden tarjoaa paitsi y\u00f6pymist\u00e4 edulliseen hintaan ja ilmaisen langattoman verkon my\u00f6s Mamma Teresan tuoreista elintarvikkeista paikan p\u00e4\u00e4ll\u00e4 valmistaman runsaan aamiaisen.","robots":{"index":"index","follow":"follow","max-snippet":"max-snippet:-1","max-image-preview":"max-image-preview:large","max-video-preview":"max-video-preview:-1"},"canonical":"https:\/\/www.hotelgoldenrome.com\/fi\/kuvaus\/","og_locale":"fi_FI","og_type":"article","og_title":"Talousarvio-hotelli Rooma Keskustassa | Savuton Hotelli Rooma","og_description":"Hotelli Golden tarjoaa paitsi y\u00f6pymist\u00e4 edulliseen hintaan ja ilmaisen langattoman verkon my\u00f6s Mamma Teresan tuoreista elintarvikkeista paikan p\u00e4\u00e4ll\u00e4 valmistaman runsaan aamiaisen.","og_url":"https:\/\/www.hotelgoldenrome.com\/fi\/kuvaus\/","og_site_name":"Hotel Golden","article_modified_time":"2014-08-01T10:57:25+00:00","og_image":[{"url":"https:\/\/www.hotelgoldenrome.com\/wp-content\/uploads\/2013\/08\/alina.jpg","type":"","width":"","height":""}],"twitter_misc":{"Arvioitu lukuaika":"2 minuuttia"},"schema":{"@context":"https:\/\/schema.org","@graph":[{"@type":"WebPage","@id":"https:\/\/www.hotelgoldenrome.com\/fi\/kuvaus\/","url":"https:\/\/www.hotelgoldenrome.com\/fi\/kuvaus\/","name":"Talousarvio-hotelli Rooma Keskustassa | Savuton Hotelli Rooma","isPartOf":{"@id":"https:\/\/www.hotelgoldenrome.com\/fi\/#website"},"primaryImageOfPage":{"@id":"https:\/\/www.hotelgoldenrome.com\/fi\/kuvaus\/#primaryimage"},"image":{"@id":"https:\/\/www.hotelgoldenrome.com\/fi\/kuvaus\/#primaryimage"},"thumbnailUrl":"https:\/\/www.hotelgoldenrome.com\/wp-content\/uploads\/2013\/08\/alina.jpg","datePublished":"2013-09-30T08:57:27+00:00","dateModified":"2014-08-01T10:57:25+00:00","description":"Hotelli Golden tarjoaa paitsi y\u00f6pymist\u00e4 edulliseen hintaan ja ilmaisen langattoman verkon my\u00f6s Mamma Teresan tuoreista elintarvikkeista paikan p\u00e4\u00e4ll\u00e4 valmistaman runsaan aamiaisen.","breadcrumb":{"@id":"https:\/\/www.hotelgoldenrome.com\/fi\/kuvaus\/#breadcrumb"},"inLanguage":"fi","potentialAction":[{"@type":"ReadAction","target":["https:\/\/www.hotelgoldenrome.com\/fi\/kuvaus\/"]}]},{"@type":"ImageObject","inLanguage":"fi","@id":"https:\/\/www.hotelgoldenrome.com\/fi\/kuvaus\/#primaryimage","url":"https:\/\/www.hotelgoldenrome.com\/wp-content\/uploads\/2013\/08\/alina.jpg","contentUrl":"https:\/\/www.hotelgoldenrome.com\/wp-content\/uploads\/2013\/08\/alina.jpg"},{"@type":"BreadcrumbList","@id":"https:\/\/www.hotelgoldenrome.com\/fi\/kuvaus\/#breadcrumb","itemListElement":[{"@type":"ListItem","position":1,"name":"Home","item":"https:\/\/www.hotelgoldenrome.com\/fi\/"},{"@type":"ListItem","position":2,"name":"Kuvaus"}]},{"@type":"WebSite","@id":"https:\/\/www.hotelgoldenrome.com\/fi\/#website","url":"https:\/\/www.hotelgoldenrome.com\/fi\/","name":"Hotel Golden","description":"..your Family run hotel in Rome","potentialAction":[{"@type":"SearchAction","target":{"@type":"EntryPoint","urlTemplate":"https:\/\/www.hotelgoldenrome.com\/fi\/?s={search_term_string}"},"query-input":{"@type":"PropertyValueSpecification","valueRequired":true,"valueName":"search_term_string"}}],"inLanguage":"fi"}]}},"_links":{"self":[{"href":"https:\/\/www.hotelgoldenrome.com\/fi\/wp-json\/wp\/v2\/pages\/442","targetHints":{"allow":["GET"]}}],"collection":[{"href":"https:\/\/www.hotelgoldenrome.com\/fi\/wp-json\/wp\/v2\/pages"}],"about":[{"href":"https:\/\/www.hotelgoldenrome.com\/fi\/wp-json\/wp\/v2\/types\/page"}],"author":[{"embeddable":true,"href":"https:\/\/www.hotelgoldenrome.com\/fi\/wp-json\/wp\/v2\/users\/17"}],"replies":[{"embeddable":true,"href":"https:\/\/www.hotelgoldenrome.com\/fi\/wp-json\/wp\/v2\/comments?post=442"}],"version-history":[{"count":4,"href":"https:\/\/www.hotelgoldenrome.com\/fi\/wp-json\/wp\/v2\/pages\/442\/revisions"}],"predecessor-version":[{"id":1983,"href":"https:\/\/www.hotelgoldenrome.com\/fi\/wp-json\/wp\/v2\/pages\/442\/revisions\/1983"}],"wp:attachment":[{"href":"https:\/\/www.hotelgoldenrome.com\/fi\/wp-json\/wp\/v2\/media?parent=442"}],"curies":[{"name":"wp","href":"https:\/\/api.w.org\/{rel}","templated":true}]}}