{"id":478,"date":"2013-09-30T10:18:12","date_gmt":"2013-09-30T10:18:12","guid":{"rendered":"https:\/\/www.hotelgoldenrome.com\/?page_id=478"},"modified":"2014-08-01T08:43:22","modified_gmt":"2014-08-01T08:43:22","slug":"family-hotel-suites-fi","status":"publish","type":"page","link":"https:\/\/www.hotelgoldenrome.com\/fi\/family-hotel-suites-fi\/","title":{"rendered":"Family Hotel Suites"},"content":{"rendered":"<div id=\"colonna-dx\"><\/p>\n<h1>Perhehotelli l\u00e4hell\u00e4 Fontana di Trevin suihkul\u00e4hdett\u00e4<\/h1>\n<p>Sen lis\u00e4ksi ett\u00e4 hotellissa on viihtyisi\u00e4 perhehuoneita, \u2019 Hotelli Goldenilla on tarjolla tilavia perhesviittej\u00e4 Rooman keskustassa, t\u00e4ydellisi\u00e4 ylellist\u00e4 lomaa varten perheen kanssa tiloissa, joihin sis\u00e4ltyy kaksi makuuhuonetta, oleskelutila ja yksityinen aamiaissali. <\/p>\n<p>Rooman Hotelli Goldenin perhehuoneita luonnehtivat korkeat katot ja suuret ikkunat, jotka antavat valoa ja ilmavuutta kaikille 90 neli\u00f6metrille, ja joissa on kiinnitetty huomiota jokaiseen yksityiskohtaan. Huoneissa on kaikki mukavuudet ja pehme\u00e4t suurikokoiset vuoteet.<\/p>\n<p><!-- index.php -->\n<div\n\tclass=\"ngg-galleryoverview ngg-ajax-pagination-none\"\n\tid=\"ngg-gallery-92749ae657377e0021ca8b122b34a9a3-1\">\n\n    \t\t<!-- Thumbnails -->\n\t\t\t\t<div id=\"ngg-image-0\" class=\"ngg-gallery-thumbnail-box\" >\n\t\t\t\t        <div class=\"ngg-gallery-thumbnail\">\n            <a href=\"https:\/\/www.hotelgoldenrome.com\/wp-content\/galleries\/suitefamily\/004.jpg\"\n               title=\"\"\n               data-src=\"https:\/\/www.hotelgoldenrome.com\/wp-content\/galleries\/suitefamily\/004.jpg\"\n               data-thumbnail=\"https:\/\/www.hotelgoldenrome.com\/wp-content\/galleries\/suitefamily\/thumbs\/thumbs_004.jpg\"\n               data-image-id=\"103\"\n               data-title=\"004-jpg\"\n               data-description=\"\"\n               data-image-slug=\"004-jpg\"\n               class=\"ngg-fancybox\" rel=\"92749ae657377e0021ca8b122b34a9a3\">\n                <img\n                    title=\"004-jpg\"\n                    alt=\"004-jpg\"\n                    src=\"https:\/\/www.hotelgoldenrome.com\/wp-content\/galleries\/suitefamily\/thumbs\/thumbs_004.jpg\"\n                    width=\"150\"\n                    height=\"150\"\n                    style=\"max-width:100%;\"\n                \/>\n            <\/a>\n        <\/div>\n\t\t\t\t\t\t\t<\/div> \n\t\t\t\n        \n\t\t\t\t<div id=\"ngg-image-1\" class=\"ngg-gallery-thumbnail-box\" >\n\t\t\t\t        <div class=\"ngg-gallery-thumbnail\">\n            <a href=\"https:\/\/www.hotelgoldenrome.com\/wp-content\/galleries\/suitefamily\/005.jpg\"\n               title=\"\"\n               data-src=\"https:\/\/www.hotelgoldenrome.com\/wp-content\/galleries\/suitefamily\/005.jpg\"\n               data-thumbnail=\"https:\/\/www.hotelgoldenrome.com\/wp-content\/galleries\/suitefamily\/thumbs\/thumbs_005.jpg\"\n               data-image-id=\"104\"\n               data-title=\"005-jpg\"\n               data-description=\"\"\n               data-image-slug=\"005-jpg\"\n               class=\"ngg-fancybox\" rel=\"92749ae657377e0021ca8b122b34a9a3\">\n                <img\n                    title=\"005-jpg\"\n                    alt=\"005-jpg\"\n                    src=\"https:\/\/www.hotelgoldenrome.com\/wp-content\/galleries\/suitefamily\/thumbs\/thumbs_005.jpg\"\n                    width=\"150\"\n                    height=\"150\"\n                    style=\"max-width:100%;\"\n                \/>\n            <\/a>\n        <\/div>\n\t\t\t\t\t\t\t<\/div> \n\t\t\t\n        \n\t\t\t\t<div id=\"ngg-image-2\" class=\"ngg-gallery-thumbnail-box\" >\n\t\t\t\t        <div class=\"ngg-gallery-thumbnail\">\n            <a href=\"https:\/\/www.hotelgoldenrome.com\/wp-content\/galleries\/suitefamily\/013.jpg\"\n               title=\"\"\n               data-src=\"https:\/\/www.hotelgoldenrome.com\/wp-content\/galleries\/suitefamily\/013.jpg\"\n               data-thumbnail=\"https:\/\/www.hotelgoldenrome.com\/wp-content\/galleries\/suitefamily\/thumbs\/thumbs_013.jpg\"\n               data-image-id=\"105\"\n               data-title=\"013-jpg\"\n               data-description=\"\"\n               data-image-slug=\"013-jpg\"\n               class=\"ngg-fancybox\" rel=\"92749ae657377e0021ca8b122b34a9a3\">\n                <img\n                    title=\"013-jpg\"\n                    alt=\"013-jpg\"\n                    src=\"https:\/\/www.hotelgoldenrome.com\/wp-content\/galleries\/suitefamily\/thumbs\/thumbs_013.jpg\"\n                    width=\"150\"\n                    height=\"150\"\n                    style=\"max-width:100%;\"\n                \/>\n            <\/a>\n        <\/div>\n\t\t\t\t\t\t\t<\/div> \n\t\t\t\n        \n\t\t\t\t<div id=\"ngg-image-3\" class=\"ngg-gallery-thumbnail-box\" >\n\t\t\t\t        <div class=\"ngg-gallery-thumbnail\">\n            <a href=\"https:\/\/www.hotelgoldenrome.com\/wp-content\/galleries\/suitefamily\/016.jpg\"\n               title=\"\"\n               data-src=\"https:\/\/www.hotelgoldenrome.com\/wp-content\/galleries\/suitefamily\/016.jpg\"\n               data-thumbnail=\"https:\/\/www.hotelgoldenrome.com\/wp-content\/galleries\/suitefamily\/thumbs\/thumbs_016.jpg\"\n               data-image-id=\"106\"\n               data-title=\"016-jpg\"\n               data-description=\"\"\n               data-image-slug=\"016-jpg\"\n               class=\"ngg-fancybox\" rel=\"92749ae657377e0021ca8b122b34a9a3\">\n                <img\n                    title=\"016-jpg\"\n                    alt=\"016-jpg\"\n                    src=\"https:\/\/www.hotelgoldenrome.com\/wp-content\/galleries\/suitefamily\/thumbs\/thumbs_016.jpg\"\n                    width=\"150\"\n                    height=\"150\"\n                    style=\"max-width:100%;\"\n                \/>\n            <\/a>\n        <\/div>\n\t\t\t\t\t\t\t<\/div> \n\t\t\t\n        \n\t\t\t\t<div id=\"ngg-image-4\" class=\"ngg-gallery-thumbnail-box\" >\n\t\t\t\t        <div class=\"ngg-gallery-thumbnail\">\n            <a href=\"https:\/\/www.hotelgoldenrome.com\/wp-content\/galleries\/suitefamily\/017.jpg\"\n               title=\"\"\n               data-src=\"https:\/\/www.hotelgoldenrome.com\/wp-content\/galleries\/suitefamily\/017.jpg\"\n               data-thumbnail=\"https:\/\/www.hotelgoldenrome.com\/wp-content\/galleries\/suitefamily\/thumbs\/thumbs_017.jpg\"\n               data-image-id=\"107\"\n               data-title=\"017-jpg\"\n               data-description=\"\"\n               data-image-slug=\"017-jpg\"\n               class=\"ngg-fancybox\" rel=\"92749ae657377e0021ca8b122b34a9a3\">\n                <img\n                    title=\"017-jpg\"\n                    alt=\"017-jpg\"\n                    src=\"https:\/\/www.hotelgoldenrome.com\/wp-content\/galleries\/suitefamily\/thumbs\/thumbs_017.jpg\"\n                    width=\"150\"\n                    height=\"150\"\n                    style=\"max-width:100%;\"\n                \/>\n            <\/a>\n        <\/div>\n\t\t\t\t\t\t\t<\/div> \n\t\t\t\n        \n\t\t\t\t<div id=\"ngg-image-5\" class=\"ngg-gallery-thumbnail-box\" >\n\t\t\t\t        <div class=\"ngg-gallery-thumbnail\">\n            <a href=\"https:\/\/www.hotelgoldenrome.com\/wp-content\/galleries\/suitefamily\/091.jpg\"\n               title=\"\"\n               data-src=\"https:\/\/www.hotelgoldenrome.com\/wp-content\/galleries\/suitefamily\/091.jpg\"\n               data-thumbnail=\"https:\/\/www.hotelgoldenrome.com\/wp-content\/galleries\/suitefamily\/thumbs\/thumbs_091.jpg\"\n               data-image-id=\"110\"\n               data-title=\"091-jpg\"\n               data-description=\"\"\n               data-image-slug=\"091-jpg\"\n               class=\"ngg-fancybox\" rel=\"92749ae657377e0021ca8b122b34a9a3\">\n                <img\n                    title=\"091-jpg\"\n                    alt=\"091-jpg\"\n                    src=\"https:\/\/www.hotelgoldenrome.com\/wp-content\/galleries\/suitefamily\/thumbs\/thumbs_091.jpg\"\n                    width=\"150\"\n                    height=\"150\"\n                    style=\"max-width:100%;\"\n                \/>\n            <\/a>\n        <\/div>\n\t\t\t\t\t\t\t<\/div> \n\t\t\t\n        \n\t\t\t\t<div id=\"ngg-image-6\" class=\"ngg-gallery-thumbnail-box\" >\n\t\t\t\t        <div class=\"ngg-gallery-thumbnail\">\n            <a href=\"https:\/\/www.hotelgoldenrome.com\/wp-content\/galleries\/suitefamily\/084.jpg\"\n               title=\"\"\n               data-src=\"https:\/\/www.hotelgoldenrome.com\/wp-content\/galleries\/suitefamily\/084.jpg\"\n               data-thumbnail=\"https:\/\/www.hotelgoldenrome.com\/wp-content\/galleries\/suitefamily\/thumbs\/thumbs_084.jpg\"\n               data-image-id=\"108\"\n               data-title=\"084-jpg\"\n               data-description=\"\"\n               data-image-slug=\"084-jpg\"\n               class=\"ngg-fancybox\" rel=\"92749ae657377e0021ca8b122b34a9a3\">\n                <img\n                    title=\"084-jpg\"\n                    alt=\"084-jpg\"\n                    src=\"https:\/\/www.hotelgoldenrome.com\/wp-content\/galleries\/suitefamily\/thumbs\/thumbs_084.jpg\"\n                    width=\"150\"\n                    height=\"150\"\n                    style=\"max-width:100%;\"\n                \/>\n            <\/a>\n        <\/div>\n\t\t\t\t\t\t\t<\/div> \n\t\t\t\n        \n\t\t\t\t<div id=\"ngg-image-7\" class=\"ngg-gallery-thumbnail-box\" >\n\t\t\t\t        <div class=\"ngg-gallery-thumbnail\">\n            <a href=\"https:\/\/www.hotelgoldenrome.com\/wp-content\/galleries\/suitefamily\/089.jpg\"\n               title=\"\"\n               data-src=\"https:\/\/www.hotelgoldenrome.com\/wp-content\/galleries\/suitefamily\/089.jpg\"\n               data-thumbnail=\"https:\/\/www.hotelgoldenrome.com\/wp-content\/galleries\/suitefamily\/thumbs\/thumbs_089.jpg\"\n               data-image-id=\"109\"\n               data-title=\"089-jpg\"\n               data-description=\"\"\n               data-image-slug=\"089-jpg\"\n               class=\"ngg-fancybox\" rel=\"92749ae657377e0021ca8b122b34a9a3\">\n                <img\n                    title=\"089-jpg\"\n                    alt=\"089-jpg\"\n                    src=\"https:\/\/www.hotelgoldenrome.com\/wp-content\/galleries\/suitefamily\/thumbs\/thumbs_089.jpg\"\n                    width=\"150\"\n                    height=\"150\"\n                    style=\"max-width:100%;\"\n                \/>\n            <\/a>\n        <\/div>\n\t\t\t\t\t\t\t<\/div> \n\t\t\t\n        \n\t\t\n\t\t<!-- Pagination -->\n\t<div class='ngg-clear'><\/div>\t<\/div>\n<\/p>\n<p><strong>Mukavuudet  <\/strong>ilmastointi | wi-fi | flat TV | Sky | king size -s\u00e4ngyt (200&#215;200) | sohvas\u00e4nky | nojatuolit | p\u00f6yt\u00e4 | sohva | aamiaissali | lukusali | kirjoitusp\u00f6yt\u00e4 ty\u00f6tasolla | minibaari | matkalaukkuteline | vaatekaappi<\/p>\n<p><\/div>\n<div id=\"colonna-sx\"> <img loading=\"lazy\" decoding=\"async\" class=\"aligncenter size-full wp-image-65\" alt=\"maria-teresa\" src=\"https:\/\/www.hotelgoldenrome.com\/wp-content\/uploads\/2013\/08\/maria-teresa.jpg\" width=\"206\" height=\"206\" srcset=\"https:\/\/www.hotelgoldenrome.com\/wp-content\/uploads\/2013\/08\/maria-teresa.jpg 206w, https:\/\/www.hotelgoldenrome.com\/wp-content\/uploads\/2013\/08\/maria-teresa-150x150.jpg 150w\" sizes=\"auto, (max-width: 206px) 100vw, 206px\" \/><\/p>\n<p class=\"nome\">Kysy sit\u00e4 <br \/><span>Maria Teresalta<\/span><\/p>\n<p>Tilavissa Family Suite -sviiteiss\u00e4 aikuiset ja lapset nukkuvat eri huoneissa, jotka ovat l\u00e4mminhenkisi\u00e4 ja kaikilla mukavuuksilla varustettuja. Aamupala nautitaan taas koko perheen kesken yksityisess\u00e4 ja kauniissa aamiaissalissa! <\/p>\n<p><\/div>\n<p>&nbsp;<\/p>\n","protected":false},"excerpt":{"rendered":"<p>&nbsp;<\/p>\n","protected":false},"author":17,"featured_media":0,"parent":0,"menu_order":0,"comment_status":"open","ping_status":"open","template":"page-duecolonne.php","meta":{"ngg_post_thumbnail":0,"footnotes":""},"class_list":["post-478","page","type-page","status-publish","hentry"],"yoast_head":"<!-- This site is optimized with the Yoast SEO plugin v25.7 - https:\/\/yoast.com\/wordpress\/plugins\/seo\/ -->\n<title>Family Hotel Suites | Hotel Golden<\/title>\n<meta name=\"description\" content=\"Perhesviitti Hotel Golden: Perheomisteinen hotelli suoraan Villa Borghese Roomassa.\" \/>\n<meta name=\"robots\" content=\"index, follow, max-snippet:-1, max-image-preview:large, max-video-preview:-1\" \/>\n<link rel=\"canonical\" href=\"https:\/\/www.hotelgoldenrome.com\/fi\/family-hotel-suites-fi\/\" \/>\n<meta property=\"og:locale\" content=\"fi_FI\" \/>\n<meta property=\"og:type\" content=\"article\" \/>\n<meta property=\"og:title\" content=\"Family Hotel Suites | Hotel Golden\" \/>\n<meta property=\"og:description\" content=\"Perhesviitti Hotel Golden: Perheomisteinen hotelli suoraan Villa Borghese Roomassa.\" \/>\n<meta property=\"og:url\" content=\"https:\/\/www.hotelgoldenrome.com\/fi\/family-hotel-suites-fi\/\" \/>\n<meta property=\"og:site_name\" content=\"Hotel Golden\" \/>\n<meta property=\"article:modified_time\" content=\"2014-08-01T08:43:22+00:00\" \/>\n<meta property=\"og:image\" content=\"https:\/\/www.hotelgoldenrome.com\/wp-content\/uploads\/2013\/08\/maria-teresa.jpg\" \/>\n<meta name=\"twitter:label1\" content=\"Arvioitu lukuaika\" \/>\n\t<meta name=\"twitter:data1\" content=\"1 minuutti\" \/>\n<script type=\"application\/ld+json\" class=\"yoast-schema-graph\">{\"@context\":\"https:\/\/schema.org\",\"@graph\":[{\"@type\":\"WebPage\",\"@id\":\"https:\/\/www.hotelgoldenrome.com\/fi\/family-hotel-suites-fi\/\",\"url\":\"https:\/\/www.hotelgoldenrome.com\/fi\/family-hotel-suites-fi\/\",\"name\":\"Family Hotel Suites | Hotel Golden\",\"isPartOf\":{\"@id\":\"https:\/\/www.hotelgoldenrome.com\/fi\/#website\"},\"primaryImageOfPage\":{\"@id\":\"https:\/\/www.hotelgoldenrome.com\/fi\/family-hotel-suites-fi\/#primaryimage\"},\"image\":{\"@id\":\"https:\/\/www.hotelgoldenrome.com\/fi\/family-hotel-suites-fi\/#primaryimage\"},\"thumbnailUrl\":\"https:\/\/www.hotelgoldenrome.com\/wp-content\/uploads\/2013\/08\/maria-teresa.jpg\",\"datePublished\":\"2013-09-30T10:18:12+00:00\",\"dateModified\":\"2014-08-01T08:43:22+00:00\",\"description\":\"Perhesviitti Hotel Golden: Perheomisteinen hotelli suoraan Villa Borghese Roomassa.\",\"breadcrumb\":{\"@id\":\"https:\/\/www.hotelgoldenrome.com\/fi\/family-hotel-suites-fi\/#breadcrumb\"},\"inLanguage\":\"fi\",\"potentialAction\":[{\"@type\":\"ReadAction\",\"target\":[\"https:\/\/www.hotelgoldenrome.com\/fi\/family-hotel-suites-fi\/\"]}]},{\"@type\":\"ImageObject\",\"inLanguage\":\"fi\",\"@id\":\"https:\/\/www.hotelgoldenrome.com\/fi\/family-hotel-suites-fi\/#primaryimage\",\"url\":\"https:\/\/www.hotelgoldenrome.com\/wp-content\/uploads\/2013\/08\/maria-teresa.jpg\",\"contentUrl\":\"https:\/\/www.hotelgoldenrome.com\/wp-content\/uploads\/2013\/08\/maria-teresa.jpg\"},{\"@type\":\"BreadcrumbList\",\"@id\":\"https:\/\/www.hotelgoldenrome.com\/fi\/family-hotel-suites-fi\/#breadcrumb\",\"itemListElement\":[{\"@type\":\"ListItem\",\"position\":1,\"name\":\"Home\",\"item\":\"https:\/\/www.hotelgoldenrome.com\/fi\/\"},{\"@type\":\"ListItem\",\"position\":2,\"name\":\"Family Hotel Suites\"}]},{\"@type\":\"WebSite\",\"@id\":\"https:\/\/www.hotelgoldenrome.com\/fi\/#website\",\"url\":\"https:\/\/www.hotelgoldenrome.com\/fi\/\",\"name\":\"Hotel Golden\",\"description\":\"..your Family run hotel in Rome\",\"potentialAction\":[{\"@type\":\"SearchAction\",\"target\":{\"@type\":\"EntryPoint\",\"urlTemplate\":\"https:\/\/www.hotelgoldenrome.com\/fi\/?s={search_term_string}\"},\"query-input\":{\"@type\":\"PropertyValueSpecification\",\"valueRequired\":true,\"valueName\":\"search_term_string\"}}],\"inLanguage\":\"fi\"}]}<\/script>\n<!-- \/ Yoast SEO plugin. -->","yoast_head_json":{"title":"Family Hotel Suites | Hotel Golden","description":"Perhesviitti Hotel Golden: Perheomisteinen hotelli suoraan Villa Borghese Roomassa.","robots":{"index":"index","follow":"follow","max-snippet":"max-snippet:-1","max-image-preview":"max-image-preview:large","max-video-preview":"max-video-preview:-1"},"canonical":"https:\/\/www.hotelgoldenrome.com\/fi\/family-hotel-suites-fi\/","og_locale":"fi_FI","og_type":"article","og_title":"Family Hotel Suites | Hotel Golden","og_description":"Perhesviitti Hotel Golden: Perheomisteinen hotelli suoraan Villa Borghese Roomassa.","og_url":"https:\/\/www.hotelgoldenrome.com\/fi\/family-hotel-suites-fi\/","og_site_name":"Hotel Golden","article_modified_time":"2014-08-01T08:43:22+00:00","og_image":[{"url":"https:\/\/www.hotelgoldenrome.com\/wp-content\/uploads\/2013\/08\/maria-teresa.jpg","type":"","width":"","height":""}],"twitter_misc":{"Arvioitu lukuaika":"1 minuutti"},"schema":{"@context":"https:\/\/schema.org","@graph":[{"@type":"WebPage","@id":"https:\/\/www.hotelgoldenrome.com\/fi\/family-hotel-suites-fi\/","url":"https:\/\/www.hotelgoldenrome.com\/fi\/family-hotel-suites-fi\/","name":"Family Hotel Suites | Hotel Golden","isPartOf":{"@id":"https:\/\/www.hotelgoldenrome.com\/fi\/#website"},"primaryImageOfPage":{"@id":"https:\/\/www.hotelgoldenrome.com\/fi\/family-hotel-suites-fi\/#primaryimage"},"image":{"@id":"https:\/\/www.hotelgoldenrome.com\/fi\/family-hotel-suites-fi\/#primaryimage"},"thumbnailUrl":"https:\/\/www.hotelgoldenrome.com\/wp-content\/uploads\/2013\/08\/maria-teresa.jpg","datePublished":"2013-09-30T10:18:12+00:00","dateModified":"2014-08-01T08:43:22+00:00","description":"Perhesviitti Hotel Golden: Perheomisteinen hotelli suoraan Villa Borghese Roomassa.","breadcrumb":{"@id":"https:\/\/www.hotelgoldenrome.com\/fi\/family-hotel-suites-fi\/#breadcrumb"},"inLanguage":"fi","potentialAction":[{"@type":"ReadAction","target":["https:\/\/www.hotelgoldenrome.com\/fi\/family-hotel-suites-fi\/"]}]},{"@type":"ImageObject","inLanguage":"fi","@id":"https:\/\/www.hotelgoldenrome.com\/fi\/family-hotel-suites-fi\/#primaryimage","url":"https:\/\/www.hotelgoldenrome.com\/wp-content\/uploads\/2013\/08\/maria-teresa.jpg","contentUrl":"https:\/\/www.hotelgoldenrome.com\/wp-content\/uploads\/2013\/08\/maria-teresa.jpg"},{"@type":"BreadcrumbList","@id":"https:\/\/www.hotelgoldenrome.com\/fi\/family-hotel-suites-fi\/#breadcrumb","itemListElement":[{"@type":"ListItem","position":1,"name":"Home","item":"https:\/\/www.hotelgoldenrome.com\/fi\/"},{"@type":"ListItem","position":2,"name":"Family Hotel Suites"}]},{"@type":"WebSite","@id":"https:\/\/www.hotelgoldenrome.com\/fi\/#website","url":"https:\/\/www.hotelgoldenrome.com\/fi\/","name":"Hotel Golden","description":"..your Family run hotel in Rome","potentialAction":[{"@type":"SearchAction","target":{"@type":"EntryPoint","urlTemplate":"https:\/\/www.hotelgoldenrome.com\/fi\/?s={search_term_string}"},"query-input":{"@type":"PropertyValueSpecification","valueRequired":true,"valueName":"search_term_string"}}],"inLanguage":"fi"}]}},"_links":{"self":[{"href":"https:\/\/www.hotelgoldenrome.com\/fi\/wp-json\/wp\/v2\/pages\/478","targetHints":{"allow":["GET"]}}],"collection":[{"href":"https:\/\/www.hotelgoldenrome.com\/fi\/wp-json\/wp\/v2\/pages"}],"about":[{"href":"https:\/\/www.hotelgoldenrome.com\/fi\/wp-json\/wp\/v2\/types\/page"}],"author":[{"embeddable":true,"href":"https:\/\/www.hotelgoldenrome.com\/fi\/wp-json\/wp\/v2\/users\/17"}],"replies":[{"embeddable":true,"href":"https:\/\/www.hotelgoldenrome.com\/fi\/wp-json\/wp\/v2\/comments?post=478"}],"version-history":[{"count":4,"href":"https:\/\/www.hotelgoldenrome.com\/fi\/wp-json\/wp\/v2\/pages\/478\/revisions"}],"predecessor-version":[{"id":1970,"href":"https:\/\/www.hotelgoldenrome.com\/fi\/wp-json\/wp\/v2\/pages\/478\/revisions\/1970"}],"wp:attachment":[{"href":"https:\/\/www.hotelgoldenrome.com\/fi\/wp-json\/wp\/v2\/media?parent=478"}],"curies":[{"name":"wp","href":"https:\/\/api.w.org\/{rel}","templated":true}]}}