{"id":538,"date":"2013-09-30T11:01:17","date_gmt":"2013-09-30T11:01:17","guid":{"rendered":"https:\/\/www.hotelgoldenrome.com\/?page_id=538"},"modified":"2013-11-12T16:17:38","modified_gmt":"2013-11-12T16:17:38","slug":"perheemme","status":"publish","type":"page","link":"https:\/\/www.hotelgoldenrome.com\/fi\/perheemme\/","title":{"rendered":"Perheemme"},"content":{"rendered":"<div id=\"colonna-dx\"><\/p>\n<h1>\u041d\u0430\u0448\u0430 \u0441\u0435\u043c\u044c\u044f<\/h1>\n<p>Rakastamme kaupunkiamme ja olemme omistautuneet ammatillemme ja perheyritt\u00e4miselle: on ilo majoittaa teid\u00e4t Roomassa Hotel Goldeniin, ja vieraanamme my\u00f6s aistitte sen. Vilpit\u00f6n empatia ja luotettava ammattitaito takaavat sen.<\/p>\n<p>N\u00e4m\u00e4 eiv\u00e4t ole pelkki\u00e4 sanoja vaan kouriintuntuvia tosiasioita: lupauksemme n\u00e4kyy ihastuttavissa aamiaisissa, jotka mamma Teresa valmistaa, monikielisiss\u00e4 matkailuvinkeiss\u00e4, joita Giuseppen veljekset, Marco ja Maria Teresa tarjoavat, ja is\u00e4 Marion luotettavassa yleisjohdossa.<\/p>\n<p>Lapsiperheiden hyvinvointiin kiinnit\u00e4mme erityist\u00e4 huomiota tuomalla huoneeseen kehdon, sy\u00f6tt\u00f6tuolin ja tuttipullon l\u00e4mmittimen. Lis\u00e4ksi aamiaishuoneessa on mikroaaltouuni lastenruokien l\u00e4mmitt\u00e4mist\u00e4 varten.<\/p>\n<p>Iloisiin tapaamisiin Roomassa ja Hotel Goldenissa!<\/p>\n<p><!-- index.php -->\n<div\n\tclass=\"ngg-galleryoverview ngg-ajax-pagination-none\"\n\tid=\"ngg-gallery-51f610ef37a31f38755e2ebcb0724f3f-1\">\n\n    \t\t<!-- Thumbnails -->\n\t\t\t\t<div id=\"ngg-image-0\" class=\"ngg-gallery-thumbnail-box\" >\n\t\t\t\t        <div class=\"ngg-gallery-thumbnail\">\n            <a href=\"https:\/\/www.hotelgoldenrome.com\/wp-content\/galleries\/famiglia\/025.jpg\"\n               title=\"\"\n               data-src=\"https:\/\/www.hotelgoldenrome.com\/wp-content\/galleries\/famiglia\/025.jpg\"\n               data-thumbnail=\"https:\/\/www.hotelgoldenrome.com\/wp-content\/galleries\/famiglia\/thumbs\/thumbs_025.jpg\"\n               data-image-id=\"97\"\n               data-title=\"025-jpg\"\n               data-description=\"\"\n               data-image-slug=\"025-jpg\"\n               class=\"ngg-fancybox\" rel=\"51f610ef37a31f38755e2ebcb0724f3f\">\n                <img\n                    title=\"025-jpg\"\n                    alt=\"025-jpg\"\n                    src=\"https:\/\/www.hotelgoldenrome.com\/wp-content\/galleries\/famiglia\/thumbs\/thumbs_025.jpg\"\n                    width=\"150\"\n                    height=\"150\"\n                    style=\"max-width:100%;\"\n                \/>\n            <\/a>\n        <\/div>\n\t\t\t\t\t\t\t<\/div> \n\t\t\t\n        \n\t\t\t\t<div id=\"ngg-image-1\" class=\"ngg-gallery-thumbnail-box\" >\n\t\t\t\t        <div class=\"ngg-gallery-thumbnail\">\n            <a href=\"https:\/\/www.hotelgoldenrome.com\/wp-content\/galleries\/famiglia\/034.jpg\"\n               title=\"\"\n               data-src=\"https:\/\/www.hotelgoldenrome.com\/wp-content\/galleries\/famiglia\/034.jpg\"\n               data-thumbnail=\"https:\/\/www.hotelgoldenrome.com\/wp-content\/galleries\/famiglia\/thumbs\/thumbs_034.jpg\"\n               data-image-id=\"98\"\n               data-title=\"034-jpg\"\n               data-description=\"\"\n               data-image-slug=\"034-jpg\"\n               class=\"ngg-fancybox\" rel=\"51f610ef37a31f38755e2ebcb0724f3f\">\n                <img\n                    title=\"034-jpg\"\n                    alt=\"034-jpg\"\n                    src=\"https:\/\/www.hotelgoldenrome.com\/wp-content\/galleries\/famiglia\/thumbs\/thumbs_034.jpg\"\n                    width=\"150\"\n                    height=\"150\"\n                    style=\"max-width:100%;\"\n                \/>\n            <\/a>\n        <\/div>\n\t\t\t\t\t\t\t<\/div> \n\t\t\t\n        \n\t\t\t\t<div id=\"ngg-image-2\" class=\"ngg-gallery-thumbnail-box\" >\n\t\t\t\t        <div class=\"ngg-gallery-thumbnail\">\n            <a href=\"https:\/\/www.hotelgoldenrome.com\/wp-content\/galleries\/famiglia\/photogallery1.jpg\"\n               title=\"\"\n               data-src=\"https:\/\/www.hotelgoldenrome.com\/wp-content\/galleries\/famiglia\/photogallery1.jpg\"\n               data-thumbnail=\"https:\/\/www.hotelgoldenrome.com\/wp-content\/galleries\/famiglia\/thumbs\/thumbs_photogallery1.jpg\"\n               data-image-id=\"96\"\n               data-title=\"photogallery1-jpg\"\n               data-description=\"\"\n               data-image-slug=\"photogallery1-jpg\"\n               class=\"ngg-fancybox\" rel=\"51f610ef37a31f38755e2ebcb0724f3f\">\n                <img\n                    title=\"photogallery1-jpg\"\n                    alt=\"photogallery1-jpg\"\n                    src=\"https:\/\/www.hotelgoldenrome.com\/wp-content\/galleries\/famiglia\/thumbs\/thumbs_photogallery1.jpg\"\n                    width=\"150\"\n                    height=\"150\"\n                    style=\"max-width:100%;\"\n                \/>\n            <\/a>\n        <\/div>\n\t\t\t\t\t\t\t<\/div> \n\t\t\t\n        \n\t\t\t\t<div id=\"ngg-image-3\" class=\"ngg-gallery-thumbnail-box\" >\n\t\t\t\t        <div class=\"ngg-gallery-thumbnail\">\n            <a href=\"https:\/\/www.hotelgoldenrome.com\/wp-content\/galleries\/famiglia\/g8_b.jpg\"\n               title=\"\"\n               data-src=\"https:\/\/www.hotelgoldenrome.com\/wp-content\/galleries\/famiglia\/g8_b.jpg\"\n               data-thumbnail=\"https:\/\/www.hotelgoldenrome.com\/wp-content\/galleries\/famiglia\/thumbs\/thumbs_g8_b.jpg\"\n               data-image-id=\"95\"\n               data-title=\"Giuseppe and Marco at the Reception Desk\"\n               data-description=\"\"\n               data-image-slug=\"giuseppe-and-marco-at-the-reception-desk\"\n               class=\"ngg-fancybox\" rel=\"51f610ef37a31f38755e2ebcb0724f3f\">\n                <img\n                    title=\"Giuseppe and Marco at the Reception Desk\"\n                    alt=\"Giuseppe and Marco at the Reception Desk\"\n                    src=\"https:\/\/www.hotelgoldenrome.com\/wp-content\/galleries\/famiglia\/thumbs\/thumbs_g8_b.jpg\"\n                    width=\"150\"\n                    height=\"150\"\n                    style=\"max-width:100%;\"\n                \/>\n            <\/a>\n        <\/div>\n\t\t\t\t\t\t\t<\/div> \n\t\t\t\n        \n\t\t\n\t\t<!-- Pagination -->\n\t<div class='ngg-clear'><\/div>\t<\/div>\n<\/p>\n<p><\/div>\n<div id=\"colonna-sx\"><br \/>\n<img loading=\"lazy\" decoding=\"async\" src=\"https:\/\/www.hotelgoldenrome.com\/wp-content\/uploads\/2013\/08\/papa.jpg\" alt=\"pap\u00e0\" width=\"206\" height=\"206\" class=\"aligncenter size-full wp-image-65\" \/><\/p>\n<p class=\"nome\">Pergunte a<br \/> <span>Pap\u00e0<\/span><\/p>\n<p>Tal como todos os membros da minha fam\u00edlia, adoro a minha cidade e o meu trabalho. \u00c8 isto faz realmente a diferen\u00e7a. Venha ao nosso encontro e perceber\u00e1 do que \u00e9 que estou a falar&#8230;<\/p>\n<p><\/div>\n<p><br clear=\"all\" \/><\/p>\n","protected":false},"excerpt":{"rendered":"","protected":false},"author":17,"featured_media":0,"parent":0,"menu_order":0,"comment_status":"open","ping_status":"open","template":"page-duecolonne.php","meta":{"ngg_post_thumbnail":0,"footnotes":""},"class_list":["post-538","page","type-page","status-publish","hentry"],"yoast_head":"<!-- This site is optimized with the Yoast SEO plugin v25.7 - https:\/\/yoast.com\/wordpress\/plugins\/seo\/ -->\n<title>Perheemme | Hotel Golden<\/title>\n<meta name=\"description\" content=\"Perheemme, Hotel Golden: Perheomisteinen hotelli suoraan Villa Borghese Roomassa.\" \/>\n<meta name=\"robots\" content=\"index, follow, max-snippet:-1, max-image-preview:large, max-video-preview:-1\" \/>\n<link rel=\"canonical\" href=\"https:\/\/www.hotelgoldenrome.com\/fi\/perheemme\/\" \/>\n<meta property=\"og:locale\" content=\"fi_FI\" \/>\n<meta property=\"og:type\" content=\"article\" \/>\n<meta property=\"og:title\" content=\"Perheemme | Hotel Golden\" \/>\n<meta property=\"og:description\" content=\"Perheemme, Hotel Golden: Perheomisteinen hotelli suoraan Villa Borghese Roomassa.\" \/>\n<meta property=\"og:url\" content=\"https:\/\/www.hotelgoldenrome.com\/fi\/perheemme\/\" \/>\n<meta property=\"og:site_name\" content=\"Hotel Golden\" \/>\n<meta property=\"article:modified_time\" content=\"2013-11-12T16:17:38+00:00\" \/>\n<meta property=\"og:image\" content=\"https:\/\/www.hotelgoldenrome.com\/wp-content\/uploads\/2013\/08\/papa.jpg\" \/>\n<meta name=\"twitter:label1\" content=\"Arvioitu lukuaika\" \/>\n\t<meta name=\"twitter:data1\" content=\"1 minuutti\" \/>\n<script type=\"application\/ld+json\" class=\"yoast-schema-graph\">{\"@context\":\"https:\/\/schema.org\",\"@graph\":[{\"@type\":\"WebPage\",\"@id\":\"https:\/\/www.hotelgoldenrome.com\/fi\/perheemme\/\",\"url\":\"https:\/\/www.hotelgoldenrome.com\/fi\/perheemme\/\",\"name\":\"Perheemme | Hotel Golden\",\"isPartOf\":{\"@id\":\"https:\/\/www.hotelgoldenrome.com\/fi\/#website\"},\"primaryImageOfPage\":{\"@id\":\"https:\/\/www.hotelgoldenrome.com\/fi\/perheemme\/#primaryimage\"},\"image\":{\"@id\":\"https:\/\/www.hotelgoldenrome.com\/fi\/perheemme\/#primaryimage\"},\"thumbnailUrl\":\"https:\/\/www.hotelgoldenrome.com\/wp-content\/uploads\/2013\/08\/papa.jpg\",\"datePublished\":\"2013-09-30T11:01:17+00:00\",\"dateModified\":\"2013-11-12T16:17:38+00:00\",\"description\":\"Perheemme, Hotel Golden: Perheomisteinen hotelli suoraan Villa Borghese Roomassa.\",\"breadcrumb\":{\"@id\":\"https:\/\/www.hotelgoldenrome.com\/fi\/perheemme\/#breadcrumb\"},\"inLanguage\":\"fi\",\"potentialAction\":[{\"@type\":\"ReadAction\",\"target\":[\"https:\/\/www.hotelgoldenrome.com\/fi\/perheemme\/\"]}]},{\"@type\":\"ImageObject\",\"inLanguage\":\"fi\",\"@id\":\"https:\/\/www.hotelgoldenrome.com\/fi\/perheemme\/#primaryimage\",\"url\":\"https:\/\/www.hotelgoldenrome.com\/wp-content\/uploads\/2013\/08\/papa.jpg\",\"contentUrl\":\"https:\/\/www.hotelgoldenrome.com\/wp-content\/uploads\/2013\/08\/papa.jpg\"},{\"@type\":\"BreadcrumbList\",\"@id\":\"https:\/\/www.hotelgoldenrome.com\/fi\/perheemme\/#breadcrumb\",\"itemListElement\":[{\"@type\":\"ListItem\",\"position\":1,\"name\":\"Home\",\"item\":\"https:\/\/www.hotelgoldenrome.com\/fi\/\"},{\"@type\":\"ListItem\",\"position\":2,\"name\":\"Perheemme\"}]},{\"@type\":\"WebSite\",\"@id\":\"https:\/\/www.hotelgoldenrome.com\/fi\/#website\",\"url\":\"https:\/\/www.hotelgoldenrome.com\/fi\/\",\"name\":\"Hotel Golden\",\"description\":\"..your Family run hotel in Rome\",\"potentialAction\":[{\"@type\":\"SearchAction\",\"target\":{\"@type\":\"EntryPoint\",\"urlTemplate\":\"https:\/\/www.hotelgoldenrome.com\/fi\/?s={search_term_string}\"},\"query-input\":{\"@type\":\"PropertyValueSpecification\",\"valueRequired\":true,\"valueName\":\"search_term_string\"}}],\"inLanguage\":\"fi\"}]}<\/script>\n<!-- \/ Yoast SEO plugin. -->","yoast_head_json":{"title":"Perheemme | Hotel Golden","description":"Perheemme, Hotel Golden: Perheomisteinen hotelli suoraan Villa Borghese Roomassa.","robots":{"index":"index","follow":"follow","max-snippet":"max-snippet:-1","max-image-preview":"max-image-preview:large","max-video-preview":"max-video-preview:-1"},"canonical":"https:\/\/www.hotelgoldenrome.com\/fi\/perheemme\/","og_locale":"fi_FI","og_type":"article","og_title":"Perheemme | Hotel Golden","og_description":"Perheemme, Hotel Golden: Perheomisteinen hotelli suoraan Villa Borghese Roomassa.","og_url":"https:\/\/www.hotelgoldenrome.com\/fi\/perheemme\/","og_site_name":"Hotel Golden","article_modified_time":"2013-11-12T16:17:38+00:00","og_image":[{"url":"https:\/\/www.hotelgoldenrome.com\/wp-content\/uploads\/2013\/08\/papa.jpg","type":"","width":"","height":""}],"twitter_misc":{"Arvioitu lukuaika":"1 minuutti"},"schema":{"@context":"https:\/\/schema.org","@graph":[{"@type":"WebPage","@id":"https:\/\/www.hotelgoldenrome.com\/fi\/perheemme\/","url":"https:\/\/www.hotelgoldenrome.com\/fi\/perheemme\/","name":"Perheemme | Hotel Golden","isPartOf":{"@id":"https:\/\/www.hotelgoldenrome.com\/fi\/#website"},"primaryImageOfPage":{"@id":"https:\/\/www.hotelgoldenrome.com\/fi\/perheemme\/#primaryimage"},"image":{"@id":"https:\/\/www.hotelgoldenrome.com\/fi\/perheemme\/#primaryimage"},"thumbnailUrl":"https:\/\/www.hotelgoldenrome.com\/wp-content\/uploads\/2013\/08\/papa.jpg","datePublished":"2013-09-30T11:01:17+00:00","dateModified":"2013-11-12T16:17:38+00:00","description":"Perheemme, Hotel Golden: Perheomisteinen hotelli suoraan Villa Borghese Roomassa.","breadcrumb":{"@id":"https:\/\/www.hotelgoldenrome.com\/fi\/perheemme\/#breadcrumb"},"inLanguage":"fi","potentialAction":[{"@type":"ReadAction","target":["https:\/\/www.hotelgoldenrome.com\/fi\/perheemme\/"]}]},{"@type":"ImageObject","inLanguage":"fi","@id":"https:\/\/www.hotelgoldenrome.com\/fi\/perheemme\/#primaryimage","url":"https:\/\/www.hotelgoldenrome.com\/wp-content\/uploads\/2013\/08\/papa.jpg","contentUrl":"https:\/\/www.hotelgoldenrome.com\/wp-content\/uploads\/2013\/08\/papa.jpg"},{"@type":"BreadcrumbList","@id":"https:\/\/www.hotelgoldenrome.com\/fi\/perheemme\/#breadcrumb","itemListElement":[{"@type":"ListItem","position":1,"name":"Home","item":"https:\/\/www.hotelgoldenrome.com\/fi\/"},{"@type":"ListItem","position":2,"name":"Perheemme"}]},{"@type":"WebSite","@id":"https:\/\/www.hotelgoldenrome.com\/fi\/#website","url":"https:\/\/www.hotelgoldenrome.com\/fi\/","name":"Hotel Golden","description":"..your Family run hotel in Rome","potentialAction":[{"@type":"SearchAction","target":{"@type":"EntryPoint","urlTemplate":"https:\/\/www.hotelgoldenrome.com\/fi\/?s={search_term_string}"},"query-input":{"@type":"PropertyValueSpecification","valueRequired":true,"valueName":"search_term_string"}}],"inLanguage":"fi"}]}},"_links":{"self":[{"href":"https:\/\/www.hotelgoldenrome.com\/fi\/wp-json\/wp\/v2\/pages\/538","targetHints":{"allow":["GET"]}}],"collection":[{"href":"https:\/\/www.hotelgoldenrome.com\/fi\/wp-json\/wp\/v2\/pages"}],"about":[{"href":"https:\/\/www.hotelgoldenrome.com\/fi\/wp-json\/wp\/v2\/types\/page"}],"author":[{"embeddable":true,"href":"https:\/\/www.hotelgoldenrome.com\/fi\/wp-json\/wp\/v2\/users\/17"}],"replies":[{"embeddable":true,"href":"https:\/\/www.hotelgoldenrome.com\/fi\/wp-json\/wp\/v2\/comments?post=538"}],"version-history":[{"count":3,"href":"https:\/\/www.hotelgoldenrome.com\/fi\/wp-json\/wp\/v2\/pages\/538\/revisions"}],"predecessor-version":[{"id":1314,"href":"https:\/\/www.hotelgoldenrome.com\/fi\/wp-json\/wp\/v2\/pages\/538\/revisions\/1314"}],"wp:attachment":[{"href":"https:\/\/www.hotelgoldenrome.com\/fi\/wp-json\/wp\/v2\/media?parent=538"}],"curies":[{"name":"wp","href":"https:\/\/api.w.org\/{rel}","templated":true}]}}