{"id":697,"date":"2013-10-02T08:20:14","date_gmt":"2013-10-02T08:20:14","guid":{"rendered":"https:\/\/www.hotelgoldenrome.com\/?page_id=697"},"modified":"2016-08-10T07:58:02","modified_gmt":"2016-08-10T07:58:02","slug":"varaukset","status":"publish","type":"page","link":"https:\/\/www.hotelgoldenrome.com\/fi\/varaukset\/","title":{"rendered":"Varaukset"},"content":{"rendered":"<h2><a href=\"https:\/\/book.hotelgoldenrome.com\/accommodation\/list?channelId=91d48f3c-def2-43d6-b956-90fd699c0fd7&#038;culture=fi\" rel=\"nofollow\">Tarkista hinnat ja huoneiden saatavuus on line <\/a><\/h2>\n<p>Haluatko tarkistaa heti <b>hinnan<\/b> ja huoneen <b>saatavuuden<\/b> tai tahdotko <b>varata huoneen v\u00e4litt\u00f6m\u00e4sti<\/b>, jotta voit olla varma varauksestasi? Varaamalla Internetin avulla kaikki k\u00e4y helposti ja turvallisesti! Ellet halua k\u00e4ytt\u00e4\u00e4 verkkoj\u00e4rjestelm\u00e4\u00e4, ota meihin yhteys huoneen saatavuutta koskevan kyselylomakkeen avulla, niin saat tiet\u00e4\u00e4 onko tullut viime hetken peruutuksia.<\/p>\n<h2><a href=\"https:\/\/www.hotelgoldenrome.com\/fi\/huoneen-saatavuutta-koskeva-kysely\/\" rel=\"nofollow\">Huoneen saatavuutta koskeva kysely <\/a><\/h2>\n<p>Haluatko <b>saada tietoja <\/b>henkil\u00f6kunnaltamme s\u00e4hk\u00f6postitse? Onko sinulla <b>erityistoiveita,<\/b> joita et voi kirjoittaa verkkovarauslomakkeeseemme? T\u00e4yt\u00e4 huoneen saatavuutta koskeva kyselylomake , niin saat kaikki tarvitsemasi vastaukset suoraan s\u00e4hk\u00f6postikeskukseesi!<\/p>\n<h2>Turvalliset transaktiot<\/h2>\n<p>T\u00e4m\u00e4sivusto k\u00e4ytt\u00e4\u00e4 luottokortilla teht\u00e4v\u00e4\u00e4nvarauksen vahvistukseen <b>turvallista palvelinta,<\/b> joka vastaa <b>Secure Socket Layer (SSL)<\/b>.<\/p>\n","protected":false},"excerpt":{"rendered":"<p>Tarkista hinnat ja huoneiden saatavuus on line Haluatko tarkistaa heti hinnan ja huoneen saatavuuden tai tahdotko varata huoneen v\u00e4litt\u00f6m\u00e4sti, jotta voit olla varma varauksestasi? Varaamalla Internetin avulla kaikki k\u00e4y helposti ja turvallisesti! Ellet halua k\u00e4ytt\u00e4\u00e4 verkkoj\u00e4rjestelm\u00e4\u00e4, ota meihin yhteys huoneen saatavuutta koskevan kyselylomakkeen avulla, niin saat tiet\u00e4\u00e4 onko tullut viime hetken peruutuksia. Huoneen saatavuutta koskeva&#8230; <a  href=\"https:\/\/www.hotelgoldenrome.com\/fi\/varaukset\/\"><img decoding=\"async\" class=\"moretag\" src=\"https:\/\/www.hotelgoldenrome.com\/wp-content\/themes\/hotelgoldenrome\/img\/continua.gif\" border=0\/><\/a><\/p>\n","protected":false},"author":17,"featured_media":0,"parent":0,"menu_order":0,"comment_status":"open","ping_status":"open","template":"page-monocolonna.php","meta":{"ngg_post_thumbnail":0,"footnotes":""},"class_list":["post-697","page","type-page","status-publish","hentry"],"yoast_head":"<!-- This site is optimized with the Yoast SEO plugin v25.7 - https:\/\/yoast.com\/wordpress\/plugins\/seo\/ -->\n<title>Varaukset | Hotel Golden<\/title>\n<meta name=\"description\" content=\"Varaukset, Hotel Golden:\" \/>\n<meta name=\"robots\" content=\"noindex, nofollow\" \/>\n<meta property=\"og:locale\" content=\"fi_FI\" \/>\n<meta property=\"og:type\" content=\"article\" \/>\n<meta property=\"og:title\" content=\"Varaukset | Hotel Golden\" \/>\n<meta property=\"og:description\" content=\"Varaukset, Hotel Golden:\" \/>\n<meta property=\"og:url\" content=\"https:\/\/www.hotelgoldenrome.com\/fi\/varaukset\/\" \/>\n<meta property=\"og:site_name\" content=\"Hotel Golden\" \/>\n<meta property=\"article:modified_time\" content=\"2016-08-10T07:58:02+00:00\" \/>\n<meta name=\"twitter:label1\" content=\"Arvioitu lukuaika\" \/>\n\t<meta name=\"twitter:data1\" content=\"1 minuutti\" \/>\n<script type=\"application\/ld+json\" class=\"yoast-schema-graph\">{\"@context\":\"https:\/\/schema.org\",\"@graph\":[{\"@type\":\"WebPage\",\"@id\":\"https:\/\/www.hotelgoldenrome.com\/fi\/varaukset\/\",\"url\":\"https:\/\/www.hotelgoldenrome.com\/fi\/varaukset\/\",\"name\":\"Varaukset | Hotel Golden\",\"isPartOf\":{\"@id\":\"https:\/\/www.hotelgoldenrome.com\/fi\/#website\"},\"datePublished\":\"2013-10-02T08:20:14+00:00\",\"dateModified\":\"2016-08-10T07:58:02+00:00\",\"description\":\"Varaukset, Hotel Golden:\",\"breadcrumb\":{\"@id\":\"https:\/\/www.hotelgoldenrome.com\/fi\/varaukset\/#breadcrumb\"},\"inLanguage\":\"fi\",\"potentialAction\":[{\"@type\":\"ReadAction\",\"target\":[\"https:\/\/www.hotelgoldenrome.com\/fi\/varaukset\/\"]}]},{\"@type\":\"BreadcrumbList\",\"@id\":\"https:\/\/www.hotelgoldenrome.com\/fi\/varaukset\/#breadcrumb\",\"itemListElement\":[{\"@type\":\"ListItem\",\"position\":1,\"name\":\"Home\",\"item\":\"https:\/\/www.hotelgoldenrome.com\/fi\/\"},{\"@type\":\"ListItem\",\"position\":2,\"name\":\"Varaukset\"}]},{\"@type\":\"WebSite\",\"@id\":\"https:\/\/www.hotelgoldenrome.com\/fi\/#website\",\"url\":\"https:\/\/www.hotelgoldenrome.com\/fi\/\",\"name\":\"Hotel Golden\",\"description\":\"..your Family run hotel in Rome\",\"potentialAction\":[{\"@type\":\"SearchAction\",\"target\":{\"@type\":\"EntryPoint\",\"urlTemplate\":\"https:\/\/www.hotelgoldenrome.com\/fi\/?s={search_term_string}\"},\"query-input\":{\"@type\":\"PropertyValueSpecification\",\"valueRequired\":true,\"valueName\":\"search_term_string\"}}],\"inLanguage\":\"fi\"}]}<\/script>\n<!-- \/ Yoast SEO plugin. -->","yoast_head_json":{"title":"Varaukset | Hotel Golden","description":"Varaukset, Hotel Golden:","robots":{"index":"noindex","follow":"nofollow"},"og_locale":"fi_FI","og_type":"article","og_title":"Varaukset | Hotel Golden","og_description":"Varaukset, Hotel Golden:","og_url":"https:\/\/www.hotelgoldenrome.com\/fi\/varaukset\/","og_site_name":"Hotel Golden","article_modified_time":"2016-08-10T07:58:02+00:00","twitter_misc":{"Arvioitu lukuaika":"1 minuutti"},"schema":{"@context":"https:\/\/schema.org","@graph":[{"@type":"WebPage","@id":"https:\/\/www.hotelgoldenrome.com\/fi\/varaukset\/","url":"https:\/\/www.hotelgoldenrome.com\/fi\/varaukset\/","name":"Varaukset | Hotel Golden","isPartOf":{"@id":"https:\/\/www.hotelgoldenrome.com\/fi\/#website"},"datePublished":"2013-10-02T08:20:14+00:00","dateModified":"2016-08-10T07:58:02+00:00","description":"Varaukset, Hotel Golden:","breadcrumb":{"@id":"https:\/\/www.hotelgoldenrome.com\/fi\/varaukset\/#breadcrumb"},"inLanguage":"fi","potentialAction":[{"@type":"ReadAction","target":["https:\/\/www.hotelgoldenrome.com\/fi\/varaukset\/"]}]},{"@type":"BreadcrumbList","@id":"https:\/\/www.hotelgoldenrome.com\/fi\/varaukset\/#breadcrumb","itemListElement":[{"@type":"ListItem","position":1,"name":"Home","item":"https:\/\/www.hotelgoldenrome.com\/fi\/"},{"@type":"ListItem","position":2,"name":"Varaukset"}]},{"@type":"WebSite","@id":"https:\/\/www.hotelgoldenrome.com\/fi\/#website","url":"https:\/\/www.hotelgoldenrome.com\/fi\/","name":"Hotel Golden","description":"..your Family run hotel in Rome","potentialAction":[{"@type":"SearchAction","target":{"@type":"EntryPoint","urlTemplate":"https:\/\/www.hotelgoldenrome.com\/fi\/?s={search_term_string}"},"query-input":{"@type":"PropertyValueSpecification","valueRequired":true,"valueName":"search_term_string"}}],"inLanguage":"fi"}]}},"_links":{"self":[{"href":"https:\/\/www.hotelgoldenrome.com\/fi\/wp-json\/wp\/v2\/pages\/697","targetHints":{"allow":["GET"]}}],"collection":[{"href":"https:\/\/www.hotelgoldenrome.com\/fi\/wp-json\/wp\/v2\/pages"}],"about":[{"href":"https:\/\/www.hotelgoldenrome.com\/fi\/wp-json\/wp\/v2\/types\/page"}],"author":[{"embeddable":true,"href":"https:\/\/www.hotelgoldenrome.com\/fi\/wp-json\/wp\/v2\/users\/17"}],"replies":[{"embeddable":true,"href":"https:\/\/www.hotelgoldenrome.com\/fi\/wp-json\/wp\/v2\/comments?post=697"}],"version-history":[{"count":6,"href":"https:\/\/www.hotelgoldenrome.com\/fi\/wp-json\/wp\/v2\/pages\/697\/revisions"}],"predecessor-version":[{"id":2136,"href":"https:\/\/www.hotelgoldenrome.com\/fi\/wp-json\/wp\/v2\/pages\/697\/revisions\/2136"}],"wp:attachment":[{"href":"https:\/\/www.hotelgoldenrome.com\/fi\/wp-json\/wp\/v2\/media?parent=697"}],"curies":[{"name":"wp","href":"https:\/\/api.w.org\/{rel}","templated":true}]}}