{"id":833,"date":"2013-10-04T10:22:29","date_gmt":"2013-10-04T10:22:29","guid":{"rendered":"https:\/\/www.hotelgoldenrome.com\/?page_id=833"},"modified":"2016-08-10T10:08:39","modified_gmt":"2016-08-10T10:08:39","slug":"arviot","status":"publish","type":"page","link":"https:\/\/www.hotelgoldenrome.com\/fi\/arviot\/","title":{"rendered":"Arviot"},"content":{"rendered":"<div id=\"colonna-sx\"><img loading=\"lazy\" decoding=\"async\" alt=\"Marco\" src=\"https:\/\/www.hotelgoldenrome.com\/wp-content\/uploads\/2013\/08\/marco.jpg\" width=\"206\" height=\"206\" \/><\/p>\n<p class=\"nome\">Kysy sit\u00e4<br \/>\n  <span>Marcolta<\/span><\/p>\n<p> Paras k\u00e4yntikorttimme on se, mit\u00e4 vieraat kirjoittavat meist\u00e4! Lukekaa vieraamme antamat arvostelut, jotka toisinaan yll\u00e4tt\u00e4v\u00e4t jopa meid\u00e4t! Paras kannustin, jonka perusteella pyrimme tarjoamaan entist\u00e4 paremman palvelun.<\/p>\n<div class=\"box_ta\">\n<p><strong>Asiakkaillemme<\/strong><\/p>\n<p><em><strong>Hyv\u00e4t Asiakkaat<\/strong>,<br \/>\nkiit\u00e4mme teit\u00e4 syd\u00e4mellisesti kiitett\u00e4vien arviointien saamisen johdosta, joiden ansiosta hotellimme on voittanut <b>TripAdvisoryn jakaman Travellers Choice 2012<\/b> -palkinnon.<\/p>\n<p>Kunnioittaen,<br \/>\npap\u00e0 Mario, mamma Teresa e i figli, Giuseppe, Marco &amp; Maria Teresa<\/em><\/p>\n<p><a class=\"thickbox\" href=\"https:\/\/www.hotelgoldenrome.com\/wp-content\/uploads\/2013\/08\/lettera.jpg\"><img decoding=\"async\" src=\"https:\/\/www.hotelgoldenrome.com\/wp-content\/uploads\/2013\/08\/tc2012.jpg\" alt=\"tripadvisor\" \/><\/a>\n<\/div>\n<p><br clear=\"all\" \/><\/p>\n<div id=\"TA_certificateOfExcellence677\" class=\"TA_certificateOfExcellence\">\n<ul id=\"KNvdS4TPH\" class=\"TA_links jT6SLMgO\">\n<li id=\"b0yz8UkgMPsr\" class=\"vpevHQVPI5\">\n<a target=\"_blank\" href=\"https:\/\/www.tripadvisor.fi\/Hotel_Review-g187791-d557956-Reviews-Hotel_Golden-Rome_Lazio.html\"><img decoding=\"async\" src=\"https:\/\/www.tripadvisor.fi\/img\/cdsi\/img2\/awards\/CoE2016_WidgetAsset-14348-2.png\" alt=\"TripAdvisor\" class=\"widCOEImg\" id=\"CDSWIDCOELOGO\"\/><\/a>\n<\/li>\n<\/ul>\n<\/div>\n<p><script src=\"https:\/\/www.jscache.com\/wejs?wtype=certificateOfExcellence&amp;uniq=677&amp;locationId=557956&amp;lang=fi&amp;year=2016&amp;display_version=2\"><\/script><\/p>\n<p><\/div>\n<div id=\"colonna-dx\"><\/p>\n<h1>Arviot<\/h1>\n<p>Tutustu <strong>asiakkaamme antamiin meit\u00e4 koskeviin mielipiteisiin<\/strong>, jotka on julkaistu t\u00e4rkeimmiss\u00e4 arvosteluja sis\u00e4lt\u00e4viss\u00e4 online-portaaleissa! Muistutamme sinua, ett\u00e4 vain <strong>varaamalla suoraan sivustomme kautta sinusta tulee etuoikeutettu matkustaja<\/strong>: henkil\u00f6kuntamme ohjaa sinua henkil\u00f6kohtaisesti matkan alusta sen loppuun asti ja p\u00e4\u00e4set nauttimaan erityisist\u00e4 hinnoista, erikoistarjouksista ja yksinomaan sinulle varatuista tarjouksista!<br \/>\nLis\u00e4ksi, jos varaat virallisen sivustomme kautta, <strong>sinua pyydet\u00e4\u00e4n kirjoittamaan &quot;virallinen arvostelu&quot;, joka on taattu, sill\u00e4 se liittyy todelliseen varaukseen<\/strong>. T\u00e4ll\u00e4 tavoin parannat sinulle ja kaikille matkustajille tarjoamaamme palvelun laatua!<br \/>\n<link rel=\"stylesheet\" href=\"https:\/\/include.nozio.com\/dynamic\/css\/nozioreviewscss.css\" type=\"text\/css\" media=\"all\" \/>\n<div id=\"nozioreviewswidget\"><a href=\"https:\/\/www.nozio.com\/europe\/italy\/lazio\/rome\/rome\/lodging\/hotels\/2_two_stars_hotels\/hotel_golden.htm\">Hotel Golden<\/a><\/div>\n<script type=\"text\/javascript\" src=\"https:\/\/include.nozio.com\/dynamic\/js\/jquery_tooltip.js\"><\/script>\n<script type=\"text\/javascript\" src=\"https:\/\/include.nozio.com\/dynamic\/js\/nozio_reviews.php?idsk=58492&amp;lang=en&amp;widgetwidth=603\"><\/script><\/div> <br clear=\"all\" \/><\/p>\n<div id=\"TA_selfserveprop524\" class=\"TA_selfserveprop\">\n<ul id=\"kDGDEUr4B1Cx\" class=\"TA_links WNwSM3h7gO\">\n<li id=\"VTI616SBQQte\" class=\"1tD2rvnf04wC\"><a target=\"_blank\" href=\"http:\/\/www.tripadvisor.it\/Hotel_Review-g187791-d557956-Reviews-Hotel_Golden-Rome_Lazio.html\">Hotel Golden<\/a> a Roma: 1103 recensioni<\/li>\n<\/ul>\n<\/div>\n<p><script src=\"http:\/\/www.jscache.com\/wejs?wtype=selfserveprop&amp;uniq=524&amp;locationId=557956&amp;lang=it&amp;rating=true&amp;nreviews=4&amp;writereviewlink=false&amp;popIdx=true&amp;iswide=true&amp;border=true\"><\/script><br \/>\n<br clear=\"all\" \/><br \/>\n<\/div>\n","protected":false},"excerpt":{"rendered":"\n<p class=\"nome\">Kysy sit\u00e4<br \/> <span>Marcolta<\/span><\/p>\n<p><img loading=\"lazy\" decoding=\"async\" src=\"https:\/\/www.hotelgoldenrome.com\/wp-content\/uploads\/2013\/08\/tripadvisor-reviews.gif\" alt=\"tripadvisor-reviews\" width=\"113\" height=\"80\" class=\"aligncenter size-full wp-image-76 trip\" \/><\/p>\n<p> Paras k\u00e4yntikorttimme on se, mit\u00e4 vieraat kirjoittavat meist\u00e4! <\/p>\n","protected":false},"author":17,"featured_media":2146,"parent":0,"menu_order":0,"comment_status":"open","ping_status":"open","template":"page-duecolonne.php","meta":{"ngg_post_thumbnail":0,"footnotes":""},"class_list":["post-833","page","type-page","status-publish","has-post-thumbnail","hentry"],"yoast_head":"<!-- This site is optimized with the Yoast SEO plugin v25.7 - https:\/\/yoast.com\/wordpress\/plugins\/seo\/ -->\n<title>Arviot | Hotel Golden<\/title>\n<meta name=\"description\" content=\"Arviot, Hotel Golden: Perheomisteinen hotelli suoraan Villa Borghese Roomassa.\" \/>\n<meta name=\"robots\" content=\"index, follow, max-snippet:-1, max-image-preview:large, max-video-preview:-1\" \/>\n<link rel=\"canonical\" href=\"https:\/\/www.hotelgoldenrome.com\/fi\/arviot\/\" \/>\n<meta property=\"og:locale\" content=\"fi_FI\" \/>\n<meta property=\"og:type\" content=\"article\" \/>\n<meta property=\"og:title\" content=\"Arviot | Hotel Golden\" \/>\n<meta property=\"og:description\" content=\"Arviot, Hotel Golden: Perheomisteinen hotelli suoraan Villa Borghese Roomassa.\" \/>\n<meta property=\"og:url\" content=\"https:\/\/www.hotelgoldenrome.com\/fi\/arviot\/\" \/>\n<meta property=\"og:site_name\" content=\"Hotel Golden\" \/>\n<meta property=\"article:modified_time\" content=\"2016-08-10T10:08:39+00:00\" \/>\n<meta property=\"og:image\" content=\"https:\/\/www.hotelgoldenrome.com\/wp-content\/uploads\/2013\/08\/marco.jpg\" \/>\n\t<meta property=\"og:image:width\" content=\"206\" \/>\n\t<meta property=\"og:image:height\" content=\"206\" \/>\n\t<meta property=\"og:image:type\" content=\"image\/jpeg\" \/>\n<meta name=\"twitter:label1\" content=\"Arvioitu lukuaika\" \/>\n\t<meta name=\"twitter:data1\" content=\"1 minuutti\" \/>\n<script type=\"application\/ld+json\" class=\"yoast-schema-graph\">{\"@context\":\"https:\/\/schema.org\",\"@graph\":[{\"@type\":\"WebPage\",\"@id\":\"https:\/\/www.hotelgoldenrome.com\/fi\/arviot\/\",\"url\":\"https:\/\/www.hotelgoldenrome.com\/fi\/arviot\/\",\"name\":\"Arviot | Hotel Golden\",\"isPartOf\":{\"@id\":\"https:\/\/www.hotelgoldenrome.com\/fi\/#website\"},\"primaryImageOfPage\":{\"@id\":\"https:\/\/www.hotelgoldenrome.com\/fi\/arviot\/#primaryimage\"},\"image\":{\"@id\":\"https:\/\/www.hotelgoldenrome.com\/fi\/arviot\/#primaryimage\"},\"thumbnailUrl\":\"https:\/\/www.hotelgoldenrome.com\/wp-content\/uploads\/2013\/08\/marco.jpg\",\"datePublished\":\"2013-10-04T10:22:29+00:00\",\"dateModified\":\"2016-08-10T10:08:39+00:00\",\"description\":\"Arviot, Hotel Golden: Perheomisteinen hotelli suoraan Villa Borghese Roomassa.\",\"breadcrumb\":{\"@id\":\"https:\/\/www.hotelgoldenrome.com\/fi\/arviot\/#breadcrumb\"},\"inLanguage\":\"fi\",\"potentialAction\":[{\"@type\":\"ReadAction\",\"target\":[\"https:\/\/www.hotelgoldenrome.com\/fi\/arviot\/\"]}]},{\"@type\":\"ImageObject\",\"inLanguage\":\"fi\",\"@id\":\"https:\/\/www.hotelgoldenrome.com\/fi\/arviot\/#primaryimage\",\"url\":\"https:\/\/www.hotelgoldenrome.com\/wp-content\/uploads\/2013\/08\/marco.jpg\",\"contentUrl\":\"https:\/\/www.hotelgoldenrome.com\/wp-content\/uploads\/2013\/08\/marco.jpg\",\"width\":206,\"height\":206},{\"@type\":\"BreadcrumbList\",\"@id\":\"https:\/\/www.hotelgoldenrome.com\/fi\/arviot\/#breadcrumb\",\"itemListElement\":[{\"@type\":\"ListItem\",\"position\":1,\"name\":\"Home\",\"item\":\"https:\/\/www.hotelgoldenrome.com\/fi\/\"},{\"@type\":\"ListItem\",\"position\":2,\"name\":\"Arviot\"}]},{\"@type\":\"WebSite\",\"@id\":\"https:\/\/www.hotelgoldenrome.com\/fi\/#website\",\"url\":\"https:\/\/www.hotelgoldenrome.com\/fi\/\",\"name\":\"Hotel Golden\",\"description\":\"..your Family run hotel in Rome\",\"potentialAction\":[{\"@type\":\"SearchAction\",\"target\":{\"@type\":\"EntryPoint\",\"urlTemplate\":\"https:\/\/www.hotelgoldenrome.com\/fi\/?s={search_term_string}\"},\"query-input\":{\"@type\":\"PropertyValueSpecification\",\"valueRequired\":true,\"valueName\":\"search_term_string\"}}],\"inLanguage\":\"fi\"}]}<\/script>\n<!-- \/ Yoast SEO plugin. -->","yoast_head_json":{"title":"Arviot | Hotel Golden","description":"Arviot, Hotel Golden: Perheomisteinen hotelli suoraan Villa Borghese Roomassa.","robots":{"index":"index","follow":"follow","max-snippet":"max-snippet:-1","max-image-preview":"max-image-preview:large","max-video-preview":"max-video-preview:-1"},"canonical":"https:\/\/www.hotelgoldenrome.com\/fi\/arviot\/","og_locale":"fi_FI","og_type":"article","og_title":"Arviot | Hotel Golden","og_description":"Arviot, Hotel Golden: Perheomisteinen hotelli suoraan Villa Borghese Roomassa.","og_url":"https:\/\/www.hotelgoldenrome.com\/fi\/arviot\/","og_site_name":"Hotel Golden","article_modified_time":"2016-08-10T10:08:39+00:00","og_image":[{"width":206,"height":206,"url":"https:\/\/www.hotelgoldenrome.com\/wp-content\/uploads\/2013\/08\/marco.jpg","type":"image\/jpeg"}],"twitter_misc":{"Arvioitu lukuaika":"1 minuutti"},"schema":{"@context":"https:\/\/schema.org","@graph":[{"@type":"WebPage","@id":"https:\/\/www.hotelgoldenrome.com\/fi\/arviot\/","url":"https:\/\/www.hotelgoldenrome.com\/fi\/arviot\/","name":"Arviot | Hotel Golden","isPartOf":{"@id":"https:\/\/www.hotelgoldenrome.com\/fi\/#website"},"primaryImageOfPage":{"@id":"https:\/\/www.hotelgoldenrome.com\/fi\/arviot\/#primaryimage"},"image":{"@id":"https:\/\/www.hotelgoldenrome.com\/fi\/arviot\/#primaryimage"},"thumbnailUrl":"https:\/\/www.hotelgoldenrome.com\/wp-content\/uploads\/2013\/08\/marco.jpg","datePublished":"2013-10-04T10:22:29+00:00","dateModified":"2016-08-10T10:08:39+00:00","description":"Arviot, Hotel Golden: Perheomisteinen hotelli suoraan Villa Borghese Roomassa.","breadcrumb":{"@id":"https:\/\/www.hotelgoldenrome.com\/fi\/arviot\/#breadcrumb"},"inLanguage":"fi","potentialAction":[{"@type":"ReadAction","target":["https:\/\/www.hotelgoldenrome.com\/fi\/arviot\/"]}]},{"@type":"ImageObject","inLanguage":"fi","@id":"https:\/\/www.hotelgoldenrome.com\/fi\/arviot\/#primaryimage","url":"https:\/\/www.hotelgoldenrome.com\/wp-content\/uploads\/2013\/08\/marco.jpg","contentUrl":"https:\/\/www.hotelgoldenrome.com\/wp-content\/uploads\/2013\/08\/marco.jpg","width":206,"height":206},{"@type":"BreadcrumbList","@id":"https:\/\/www.hotelgoldenrome.com\/fi\/arviot\/#breadcrumb","itemListElement":[{"@type":"ListItem","position":1,"name":"Home","item":"https:\/\/www.hotelgoldenrome.com\/fi\/"},{"@type":"ListItem","position":2,"name":"Arviot"}]},{"@type":"WebSite","@id":"https:\/\/www.hotelgoldenrome.com\/fi\/#website","url":"https:\/\/www.hotelgoldenrome.com\/fi\/","name":"Hotel Golden","description":"..your Family run hotel in Rome","potentialAction":[{"@type":"SearchAction","target":{"@type":"EntryPoint","urlTemplate":"https:\/\/www.hotelgoldenrome.com\/fi\/?s={search_term_string}"},"query-input":{"@type":"PropertyValueSpecification","valueRequired":true,"valueName":"search_term_string"}}],"inLanguage":"fi"}]}},"_links":{"self":[{"href":"https:\/\/www.hotelgoldenrome.com\/fi\/wp-json\/wp\/v2\/pages\/833","targetHints":{"allow":["GET"]}}],"collection":[{"href":"https:\/\/www.hotelgoldenrome.com\/fi\/wp-json\/wp\/v2\/pages"}],"about":[{"href":"https:\/\/www.hotelgoldenrome.com\/fi\/wp-json\/wp\/v2\/types\/page"}],"author":[{"embeddable":true,"href":"https:\/\/www.hotelgoldenrome.com\/fi\/wp-json\/wp\/v2\/users\/17"}],"replies":[{"embeddable":true,"href":"https:\/\/www.hotelgoldenrome.com\/fi\/wp-json\/wp\/v2\/comments?post=833"}],"version-history":[{"count":10,"href":"https:\/\/www.hotelgoldenrome.com\/fi\/wp-json\/wp\/v2\/pages\/833\/revisions"}],"predecessor-version":[{"id":2157,"href":"https:\/\/www.hotelgoldenrome.com\/fi\/wp-json\/wp\/v2\/pages\/833\/revisions\/2157"}],"wp:featuredmedia":[{"embeddable":true,"href":"https:\/\/www.hotelgoldenrome.com\/fi\/wp-json\/wp\/v2\/media\/2146"}],"wp:attachment":[{"href":"https:\/\/www.hotelgoldenrome.com\/fi\/wp-json\/wp\/v2\/media?parent=833"}],"curies":[{"name":"wp","href":"https:\/\/api.w.org\/{rel}","templated":true}]}}