{"id":2204,"date":"2022-08-09T15:54:46","date_gmt":"2022-08-09T15:54:46","guid":{"rendered":"https:\/\/www.hotelgoldenrome.com\/cookie-policy\/"},"modified":"2024-07-15T13:37:58","modified_gmt":"2024-07-15T13:37:58","slug":"cookie-policy","status":"publish","type":"page","link":"https:\/\/www.hotelgoldenrome.com\/fr\/cookie-policy\/","title":{"rendered":"Cookie Policy"},"content":{"rendered":"\n<h2 class=\"wp-block-heading\">Cookie Policy &#8211; Maruma s.r.l.<\/h2>\n\n\n\n<p>Derni\u00e8re mise \u00e0 jour : 16\/08\/2022 &#8211; V. 1.0<\/p>\n\n\n\n<p><strong><strong>A quoi sert ce document ?<\/strong><\/strong><br>Cette politique de cookies contient des informations sur les diff\u00e9rents types de cookies qui peuvent \u00eatre install\u00e9s sur vos appareils lors de votre visite <a href=\"http:\/\/www.hotelgoldenrome.com\">www.hotelgoldenrome.com<\/a><\/p>\n\n\n\n<h3 class=\"wp-block-heading\"><strong><strong>Responsable du traitement et coordonn\u00e9es<\/strong><\/strong><\/h3>\n\n\n\n<p>Maruma s.r.l., dont le si\u00e8ge social est \u00e0 Via Marche 84 &#8211; 00187 Rome<\/p>\n\n\n\n<p>D\u00e9tails du contact : <a href=\"mailto:info@hotelgoldenrome.com\">info@hotelgoldenrome.com<\/a><\/p>\n\n\n\n<h3><strong>Liste des cookies<\/strong><\/h3>\n<script id=\"CookieDeclaration\" src=\"https:\/\/consent.cookiebot.com\/18c70ddf-fae8-45ec-96d8-2ce2300e8b5a\/cd.js\" type=\"text\/javascript\" async><\/script>\n\n\n\n<h3 class=\"wp-block-heading\"><strong><strong>Comment puis-je les d\u00e9sactiver ?<\/strong><\/strong><\/h3>\n\n\n\n<figure class=\"wp-block-table\"><table><tbody><tr><td><strong>Name<\/strong><\/td><td><strong>Link<\/strong><\/td><\/tr><tr><td>Google Chrome<\/td><td><a href=\"https:\/\/support.google.com\/chrome\/answer\/95647\">https:\/\/support.google.com\/chrome\/answer\/95647<\/a><\/td><\/tr><tr><td>Safari<\/td><td><a href=\"https:\/\/support.apple.com\/it-ie\/guide\/safari\/sfri11471\/mac\">https:\/\/support.apple.com\/it-ie\/guide\/safari\/sfri11471\/mac<\/a><\/td><\/tr><tr><td>Firefox<\/td><td><a href=\"https:\/\/support.mozilla.org\/it\/kb\/Gestione%20dei%20cookie\">https:\/\/support.mozilla.org\/it\/kb\/Gestione%20dei%20cookie<\/a><\/td><\/tr><tr><td>Internet Explorer<\/td><td><a href=\"https:\/\/support.microsoft.com\/en-us\/topic\/delete-and-manage-cookies-168dab11-0753-043d-7c16-ede5947fc64d\">https:\/\/support.microsoft.com\/en-us\/topic\/delete-and-manage-cookies-168dab11-0753-043d-7c16-ede5947fc64d<\/a><\/td><\/tr><\/tbody><\/table><\/figure>\n\n\n\n<h3 class=\"wp-block-heading\"><strong><strong>Modifications de la politique en mati\u00e8re de cookies<\/strong><\/strong><\/h3>\n\n\n\n<p>Cette politique en mati\u00e8re de cookies peut \u00eatre sujette \u00e0 des changements dans le temps, y compris ceux li\u00e9s \u00e0 l\u2019\u00e9ventuelle entr\u00e9e en vigueur de nouvelles r\u00e9glementations l\u00e9gales, \u00e0 la mise \u00e0 jour ou \u00e0 la fourniture de nouveaux services ou d\u2019innovations technologiques, veuillez donc consulter cette page p\u00e9riodiquement.<\/p>\n","protected":false},"excerpt":{"rendered":"<p>Cookie Policy &#8211; Maruma s.r.l. Derni\u00e8re mise \u00e0 jour : 16\/08\/2022 &#8211; V. 1.0 A quoi sert ce document ?Cette politique de cookies contient des informations sur les diff\u00e9rents types de cookies qui peuvent \u00eatre install\u00e9s sur vos appareils lors de votre visite www.hotelgoldenrome.com Responsable du traitement et coordonn\u00e9es Maruma s.r.l., dont le si\u00e8ge social&#8230; <a  href=\"https:\/\/www.hotelgoldenrome.com\/fr\/cookie-policy\/\"><img decoding=\"async\" class=\"moretag\" src=\"https:\/\/www.hotelgoldenrome.com\/wp-content\/themes\/hotelgoldenrome\/img\/continua.gif\" border=0\/><\/a><\/p>\n","protected":false},"author":17,"featured_media":0,"parent":0,"menu_order":0,"comment_status":"closed","ping_status":"closed","template":"","meta":{"ngg_post_thumbnail":0,"footnotes":""},"class_list":["post-2204","page","type-page","status-publish","hentry"],"yoast_head":"<!-- This site is optimized with the Yoast SEO plugin v25.7 - https:\/\/yoast.com\/wordpress\/plugins\/seo\/ -->\n<title>Cookie Policy | Hotel Golden<\/title>\n<meta name=\"description\" content=\"Cookie Policy, Hotel Golden:\" \/>\n<meta name=\"robots\" content=\"index, follow, max-snippet:-1, max-image-preview:large, max-video-preview:-1\" \/>\n<link rel=\"canonical\" href=\"https:\/\/www.hotelgoldenrome.com\/fr\/cookie-policy\/\" \/>\n<meta property=\"og:locale\" content=\"fr_FR\" \/>\n<meta property=\"og:type\" content=\"article\" \/>\n<meta property=\"og:title\" content=\"Cookie Policy | Hotel Golden\" \/>\n<meta property=\"og:description\" content=\"Cookie Policy, Hotel Golden:\" \/>\n<meta property=\"og:url\" content=\"https:\/\/www.hotelgoldenrome.com\/fr\/cookie-policy\/\" \/>\n<meta property=\"og:site_name\" content=\"Hotel Golden\" \/>\n<meta property=\"article:modified_time\" content=\"2024-07-15T13:37:58+00:00\" \/>\n<meta name=\"twitter:label1\" content=\"Dur\u00e9e de lecture estim\u00e9e\" \/>\n\t<meta name=\"twitter:data1\" content=\"1 minute\" \/>\n<script type=\"application\/ld+json\" class=\"yoast-schema-graph\">{\"@context\":\"https:\/\/schema.org\",\"@graph\":[{\"@type\":\"WebPage\",\"@id\":\"https:\/\/www.hotelgoldenrome.com\/fr\/cookie-policy\/\",\"url\":\"https:\/\/www.hotelgoldenrome.com\/fr\/cookie-policy\/\",\"name\":\"Cookie Policy | Hotel Golden\",\"isPartOf\":{\"@id\":\"https:\/\/www.hotelgoldenrome.com\/fr\/#website\"},\"datePublished\":\"2022-08-09T15:54:46+00:00\",\"dateModified\":\"2024-07-15T13:37:58+00:00\",\"description\":\"Cookie Policy, Hotel Golden:\",\"breadcrumb\":{\"@id\":\"https:\/\/www.hotelgoldenrome.com\/fr\/cookie-policy\/#breadcrumb\"},\"inLanguage\":\"fr-FR\",\"potentialAction\":[{\"@type\":\"ReadAction\",\"target\":[\"https:\/\/www.hotelgoldenrome.com\/fr\/cookie-policy\/\"]}]},{\"@type\":\"BreadcrumbList\",\"@id\":\"https:\/\/www.hotelgoldenrome.com\/fr\/cookie-policy\/#breadcrumb\",\"itemListElement\":[{\"@type\":\"ListItem\",\"position\":1,\"name\":\"Home\",\"item\":\"https:\/\/www.hotelgoldenrome.com\/fr\/\"},{\"@type\":\"ListItem\",\"position\":2,\"name\":\"Cookie Policy\"}]},{\"@type\":\"WebSite\",\"@id\":\"https:\/\/www.hotelgoldenrome.com\/fr\/#website\",\"url\":\"https:\/\/www.hotelgoldenrome.com\/fr\/\",\"name\":\"Hotel Golden\",\"description\":\"..your Family run hotel in Rome\",\"potentialAction\":[{\"@type\":\"SearchAction\",\"target\":{\"@type\":\"EntryPoint\",\"urlTemplate\":\"https:\/\/www.hotelgoldenrome.com\/fr\/?s={search_term_string}\"},\"query-input\":{\"@type\":\"PropertyValueSpecification\",\"valueRequired\":true,\"valueName\":\"search_term_string\"}}],\"inLanguage\":\"fr-FR\"}]}<\/script>\n<!-- \/ Yoast SEO plugin. -->","yoast_head_json":{"title":"Cookie Policy | Hotel Golden","description":"Cookie Policy, Hotel Golden:","robots":{"index":"index","follow":"follow","max-snippet":"max-snippet:-1","max-image-preview":"max-image-preview:large","max-video-preview":"max-video-preview:-1"},"canonical":"https:\/\/www.hotelgoldenrome.com\/fr\/cookie-policy\/","og_locale":"fr_FR","og_type":"article","og_title":"Cookie Policy | Hotel Golden","og_description":"Cookie Policy, Hotel Golden:","og_url":"https:\/\/www.hotelgoldenrome.com\/fr\/cookie-policy\/","og_site_name":"Hotel Golden","article_modified_time":"2024-07-15T13:37:58+00:00","twitter_misc":{"Dur\u00e9e de lecture estim\u00e9e":"1 minute"},"schema":{"@context":"https:\/\/schema.org","@graph":[{"@type":"WebPage","@id":"https:\/\/www.hotelgoldenrome.com\/fr\/cookie-policy\/","url":"https:\/\/www.hotelgoldenrome.com\/fr\/cookie-policy\/","name":"Cookie Policy | Hotel Golden","isPartOf":{"@id":"https:\/\/www.hotelgoldenrome.com\/fr\/#website"},"datePublished":"2022-08-09T15:54:46+00:00","dateModified":"2024-07-15T13:37:58+00:00","description":"Cookie Policy, Hotel Golden:","breadcrumb":{"@id":"https:\/\/www.hotelgoldenrome.com\/fr\/cookie-policy\/#breadcrumb"},"inLanguage":"fr-FR","potentialAction":[{"@type":"ReadAction","target":["https:\/\/www.hotelgoldenrome.com\/fr\/cookie-policy\/"]}]},{"@type":"BreadcrumbList","@id":"https:\/\/www.hotelgoldenrome.com\/fr\/cookie-policy\/#breadcrumb","itemListElement":[{"@type":"ListItem","position":1,"name":"Home","item":"https:\/\/www.hotelgoldenrome.com\/fr\/"},{"@type":"ListItem","position":2,"name":"Cookie Policy"}]},{"@type":"WebSite","@id":"https:\/\/www.hotelgoldenrome.com\/fr\/#website","url":"https:\/\/www.hotelgoldenrome.com\/fr\/","name":"Hotel Golden","description":"..your Family run hotel in Rome","potentialAction":[{"@type":"SearchAction","target":{"@type":"EntryPoint","urlTemplate":"https:\/\/www.hotelgoldenrome.com\/fr\/?s={search_term_string}"},"query-input":{"@type":"PropertyValueSpecification","valueRequired":true,"valueName":"search_term_string"}}],"inLanguage":"fr-FR"}]}},"_links":{"self":[{"href":"https:\/\/www.hotelgoldenrome.com\/fr\/wp-json\/wp\/v2\/pages\/2204","targetHints":{"allow":["GET"]}}],"collection":[{"href":"https:\/\/www.hotelgoldenrome.com\/fr\/wp-json\/wp\/v2\/pages"}],"about":[{"href":"https:\/\/www.hotelgoldenrome.com\/fr\/wp-json\/wp\/v2\/types\/page"}],"author":[{"embeddable":true,"href":"https:\/\/www.hotelgoldenrome.com\/fr\/wp-json\/wp\/v2\/users\/17"}],"replies":[{"embeddable":true,"href":"https:\/\/www.hotelgoldenrome.com\/fr\/wp-json\/wp\/v2\/comments?post=2204"}],"version-history":[{"count":2,"href":"https:\/\/www.hotelgoldenrome.com\/fr\/wp-json\/wp\/v2\/pages\/2204\/revisions"}],"predecessor-version":[{"id":2244,"href":"https:\/\/www.hotelgoldenrome.com\/fr\/wp-json\/wp\/v2\/pages\/2204\/revisions\/2244"}],"wp:attachment":[{"href":"https:\/\/www.hotelgoldenrome.com\/fr\/wp-json\/wp\/v2\/media?parent=2204"}],"curies":[{"name":"wp","href":"https:\/\/api.w.org\/{rel}","templated":true}]}}