{"id":293,"date":"2013-09-26T14:56:51","date_gmt":"2013-09-26T14:56:51","guid":{"rendered":"https:\/\/www.hotelgoldenrome.com\/?page_id=293"},"modified":"2014-08-01T08:24:43","modified_gmt":"2014-08-01T08:24:43","slug":"chambres","status":"publish","type":"page","link":"https:\/\/www.hotelgoldenrome.com\/fr\/chambres\/","title":{"rendered":"Chambres"},"content":{"rendered":"<div id=\"colonna-dx\"><\/p>\n<h1>Chambres<\/h1>\n<p>Les chambres de l&rsquo;h\u00f4tel Golden sont meubl\u00e9es dans un style <strong>simple<\/strong>, <strong>\u00e9l\u00e9gant<\/strong> et <strong>fonctionnel<\/strong> qui en font un cadre agr\u00e9able et accueillant. Le <strong>soin particulier apport\u00e9 aux d\u00e9tails<\/strong>, les meubles en merisier et les beaux tissus d&rsquo;ameublement cr\u00e9ent un <strong>cadre familier<\/strong> dans lequel tous les clients se sentiront imm\u00e9diatement \u00e0 l&rsquo;aise. Toutes les chambres de cet <strong>h\u00f4tel de Rome<\/strong> ont fait l&rsquo;objet d&rsquo;une r\u00e9novation r\u00e9cente et poss\u00e8dent un <strong>excellent confort<\/strong> : <strong>air conditionn\u00e9<\/strong>, Tv satellite, t\u00e9l\u00e9phone, minibar, coffre-fort et <strong>portes anti-bruit et fen\u00eatres \u00e0 double vitrage <\/strong>pour garantir des nuits paisibles \u00e0 nos clients.<\/p>\n<p>Chaque chambre dispose d&rsquo;une <strong>salle de bains priv\u00e9e<\/strong> avec douche, s\u00e8che-cheveux et un kit de courtoisie complet. De plus, dans les chambres <strong>Double sup\u00e9rieure, Junior suite et Family suite<\/strong>, nous avons pr\u00e9vu un ensemble pratique pour deux personnes avec <a class=\"thickbox\" href=\"https:\/\/www.hotelgoldenrome.com\/wp-content\/uploads\/2013\/08\/pantofole.jpg\"><strong>chaussons et peignoirs doux<\/strong><\/a>.<\/p>\n<p><strong>L&rsquo;h\u00f4tel Golden est enti\u00e8rement non fumeur<\/strong>. Pour une plus grande salubrit\u00e9 dans les parties communes et pour respecter les habitudes de la majorit\u00e9 de nos clients, les chambres de l&rsquo;h\u00f4tel sont toutes non fumeur.<\/p>\n<h2>Nos chambres<\/h2>\n<ul id=\"lista-camere\">\n<li>\n<div>\n<a class=\"thickbox\" href=\"https:\/\/www.hotelgoldenrome.com\/wp-content\/uploads\/2013\/08\/singola.jpg\"><img loading=\"lazy\" decoding=\"async\" src=\"https:\/\/www.hotelgoldenrome.com\/wp-content\/uploads\/2013\/08\/singola-150x150.jpg\" alt=\"Simple\" width=\"150\" height=\"150\" class=\"alignnone size-thumbnail wp-image-93\" \/><\/a><\/p>\n<h3><a class=\"thickbox\" href=\"https:\/\/www.hotelgoldenrome.com\/wp-content\/uploads\/2013\/08\/singola.jpg\">Simple<\/a><\/h3>\n<p>Atmosph\u00e8re familiale pour cette chambre chaleureuse avec un lit simple, r\u00e9serv\u00e9e aux non-fumeurs. M\u00eame cette chambre basique b\u00e9n\u00e9ficie d&rsquo;une connexion wi-fi et de l&rsquo;air conditionn\u00e9.<\/p>\n<\/div>\n<\/li>\n<li>\n<div>\n<a class=\"thickbox\" href=\"https:\/\/www.hotelgoldenrome.com\/wp-content\/uploads\/2013\/08\/doppia.jpg\"><img loading=\"lazy\" decoding=\"async\" src=\"https:\/\/www.hotelgoldenrome.com\/wp-content\/uploads\/2013\/08\/doppia-150x150.jpg\" alt=\"Petite Chambre Double\" width=\"150\" height=\"150\" class=\"alignnone size-thumbnail wp-image-96\" \/><\/a><\/p>\n<h3><a class=\"thickbox\" href=\"https:\/\/www.hotelgoldenrome.com\/wp-content\/uploads\/2013\/08\/doppia.jpg\">Petite Chambre Double<\/a><\/h3>\n<p>Dot\u00e9e d&rsquo;un lit d&rsquo;une place et demi (small double bed), de petite surface mais de grand confort: c&rsquo;est en fait la seule qui soit \u00e9quip\u00e9e des m\u00eames caract\u00e9ristiques que la double superior.<\/p>\n<\/div>\n<\/li>\n<li>\n<div>\n<a class=\"thickbox\" href=\"https:\/\/www.hotelgoldenrome.com\/wp-content\/uploads\/2013\/08\/doppia-classic.jpg\" rel=\"doppia_classic\"><img loading=\"lazy\" decoding=\"async\" src=\"https:\/\/www.hotelgoldenrome.com\/wp-content\/uploads\/2013\/08\/doppia-classic-150x150.jpg\" alt=\"Double Classic\" width=\"150\" height=\"150\" class=\"alignnone size-thumbnail wp-image-97\" \/><\/a><\/p>\n<h3><a href=\"https:\/\/www.hotelgoldenrome.com\/wp-content\/uploads\/2014\/01\/doppia_classic-2.jpg\" rel=\"doppia_classic\" class=\"thickbox\">Double Classic<\/a><\/h3>\n<p>Avec lit matrimonial de type \u00abqueen-size\u00bb ou deux lits simples. Plus petite que la chambre double sup\u00e9rieure, mais aussi \u00e9l\u00e9gante et \u00e9quip\u00e9e.<\/p>\n<\/div>\n<\/li>\n<li>\n<div>\n<a class=\"thickbox\" href=\"https:\/\/www.hotelgoldenrome.com\/wp-content\/uploads\/2013\/08\/doppia-superior.jpg\" rel=\"doppia_superior\"><img loading=\"lazy\" decoding=\"async\" src=\"https:\/\/www.hotelgoldenrome.com\/wp-content\/uploads\/2013\/08\/doppia-superior-150x150.jpg\" alt=\"Double Superior\" width=\"150\" height=\"150\" class=\"alignnone size-thumbnail wp-image-98\" \/><\/a><\/p>\n<h3><a href=\"https:\/\/www.hotelgoldenrome.com\/wp-content\/uploads\/2014\/01\/doppia_superior-2.jpg\" rel=\"doppia_superior\" class=\"thickbox\">Double Superior<\/a><\/h3>\n<p>C&rsquo;est le top de l&rsquo;H\u00f4tel Golden, tout comme l&rsquo;est sa situation, \u00e0 proximit\u00e9 de la rue \u00ab\u00a0Via Veneto\u00a0\u00bb, de la place \u00ab\u00a0Piazza di Spagna\u00a0\u00bb et de la Fontaine de Trevi. Luxe maximum, wi-fi, non-fumeurs &#8230; Deux lits simples ou un grand lit \u00e0 deux places \u00ab\u00a0king-size\u00a0\u00bb. Peignoirs et chaussons pour deux personnes.<\/p>\n<\/div>\n<\/li>\n<li>\n<div>\n<a class=\"thickbox\" href=\"https:\/\/www.hotelgoldenrome.com\/wp-content\/uploads\/2013\/08\/tripla.jpg\" rel=\"tripla\"><img loading=\"lazy\" decoding=\"async\" src=\"https:\/\/www.hotelgoldenrome.com\/wp-content\/uploads\/2013\/08\/tripla-150x150.jpg\" alt=\"Triple\" width=\"150\" height=\"150\" class=\"alignnone size-thumbnail wp-image-99\" \/><\/a><\/p>\n<h3><a href=\"https:\/\/www.hotelgoldenrome.com\/wp-content\/uploads\/2014\/01\/tripla-2.jpg\" rel=\"tripla\" class=\"thickbox\">Triple<\/a><\/h3>\n<p>Disponible en deux versions, soit avec un grand lit \u00e0 deux places \u00ab\u00a0king-size\u00a0\u00bb + un lit simple, soit trois lits simples. Les services r\u00e9put\u00e9s de l&rsquo;H\u00f4tel Golden tels que la connexion Wi-Fi et les espaces non-fumeurs sont compris dans le prix.<\/p>\n<\/div>\n<\/li>\n<li>\n<div>\n<a class=\"thickbox\" href=\"https:\/\/www.hotelgoldenrome.com\/wp-content\/uploads\/2013\/08\/family-room.jpg\" rel=\"family_room\"><img loading=\"lazy\" decoding=\"async\" src=\"https:\/\/www.hotelgoldenrome.com\/wp-content\/uploads\/2013\/08\/family-room-150x150.jpg\" alt=\"Family Chambres\" width=\"150\" height=\"150\" class=\"alignnone size-thumbnail wp-image-100\" \/><\/a><\/p>\n<h3><a href=\"https:\/\/www.hotelgoldenrome.com\/wp-content\/uploads\/2014\/01\/family_room-2.jpg\" rel=\"family_room\" class=\"thickbox\">Family Chambres<\/a><\/h3>\n<p>Tr\u00e8s spacieuses et soign\u00e9es, elles sont id\u00e9ales pour deux adultes et deux enfants. Deux grands lits \u00e0 deux places \u00ab\u00a0king-size\u00a0\u00bb ou bien deux lits simples + un grand lit \u00e0 deux places. Wi-Fi, climatisation, non-fumeurs.<\/p>\n<\/div>\n<\/li>\n<li>\n<div>\n<a class=\"thickbox\" href=\"https:\/\/www.hotelgoldenrome.com\/wp-content\/uploads\/2013\/08\/junior-suite.jpg\"><img loading=\"lazy\" decoding=\"async\" src=\"https:\/\/www.hotelgoldenrome.com\/wp-content\/uploads\/2013\/08\/junior-suite-150x150.jpg\" alt=\"Junior Suite\" width=\"150\" height=\"150\" class=\"alignnone size-thumbnail wp-image-101\" \/><\/a><\/p>\n<h3><a class=\"thickbox\" href=\"https:\/\/www.hotelgoldenrome.com\/wp-content\/uploads\/2013\/08\/junior-suite.jpg\">Junior Suite<\/a><\/h3>\n<p>Une demeure splendide et exclusive pour un s\u00e9jour romantique \u00e0 Rome, dot\u00e9e d\u2019une chambre \u00e0 grand lit, d\u2018un salon et d\u2019une salle de bains avec chromoth\u00e9rapie. Autres \u00e9quipements : sol en parquet, \u00e9cran LCD 32\u2019\u2019 et tout le confort moderne. Peignoirs et chaussons pour deux personnes.<\/p>\n<\/div>\n<\/li>\n<li>\n<div>\n<a class=\"thickbox\" href=\"https:\/\/www.hotelgoldenrome.com\/wp-content\/uploads\/2013\/08\/familysuite.jpg\"><img loading=\"lazy\" decoding=\"async\" src=\"https:\/\/www.hotelgoldenrome.com\/wp-content\/uploads\/2013\/08\/familysuite-150x150.jpg\" alt=\"family-suite\" width=\"150\" height=\"150\" class=\"alignnone size-thumbnail wp-image-101\" \/><\/a><\/p>\n<h3><a class=\"thickbox\" href=\"https:\/\/www.hotelgoldenrome.com\/wp-content\/uploads\/2013\/08\/familysuite.jpg\">Family Suite<\/a><\/h3>\n<p>Outre ses chambres familiales confortables, l\u2019H\u00f4tel Golden propose de vastes suites familiales dans le centre de Rome, parfaites pour passer un s\u00e9jour unique en famille dans des espaces avec 2 chambres, un salon et une petite salle pour prendre un petit d\u00e9jeuner en toute intimit\u00e9&#8230;<a href=\"https:\/\/www.hotelgoldenrome.com\/fr\/family-hotel-suites-fr\/\" title=\"Family Suite\">Continuer la lecture<\/a><\/p>\n<\/div>\n<\/li>\n<\/ul>\n<p><\/div>\n<div id=\"colonna-sx\"><br \/>\n<img loading=\"lazy\" decoding=\"async\" src=\"https:\/\/www.hotelgoldenrome.com\/wp-content\/uploads\/2013\/08\/maria-teresa.jpg\" alt=\"maria-teresa\" width=\"206\" height=\"206\" class=\"aligncenter size-full wp-image-65\" srcset=\"https:\/\/www.hotelgoldenrome.com\/wp-content\/uploads\/2013\/08\/maria-teresa.jpg 206w, https:\/\/www.hotelgoldenrome.com\/wp-content\/uploads\/2013\/08\/maria-teresa-150x150.jpg 150w\" sizes=\"auto, (max-width: 206px) 100vw, 206px\" \/><\/p>\n<p class=\"nome\">Demandez-le \u00e0<br \/> <span>Maria Teresa<\/span><\/p>\n<p>Lorsque j&rsquo;entre dans l&rsquo;une de nos chambres, je retrouve l&rsquo;atmosph\u00e8re d&rsquo;un vrai chez-moi, \u00e0 la fois accueillant et meubl\u00e9 avec soin. Et si vous voyagez avec vos enfants, demandez la Family Suite!<\/p>\n<p> <\/p>\n<div class=\"lista\">\n<h3>Confort<\/h3>\n<ul>\n<li>\u00b7 Non-fumeurs<\/li>\n<li>\u00b7 Anallergiques<\/li>\n<li>\u00b7 T\u00e9l\u00e9phone<\/li>\n<li>\u00b7 Internet<\/li>\n<li>\u00b7 Wi-fi<\/li>\n<li>\u00b7 Tv par satellite LCD<\/li>\n<li>\u00b7 Radio<\/li>\n<li>\u00b7 Frigo-bar<\/li>\n<li>\u00b7 Coffre-fort<\/li>\n<li>\u00b7 Air conditionn\u00e9 (r\u00e9glable)<\/li>\n<li>\u00b7 Chauffage (r\u00e9glable)<\/li>\n<li>\u00b7 Douche<\/li>\n<li>\u00b7 S\u00e8che-serviettes<\/li>\n<li>\u00b7 Kit de courtoisie<\/li>\n<li>\u00b7 S\u00e8che-cheveux<\/li>\n<li>\u00b7 Fer \u00e0 repasser<\/li>\n<\/ul>\n<\/div>\n<p><\/div>\n<p><br clear=\"all\" \/><\/p>\n","protected":false},"excerpt":{"rendered":"<p class=\"nome\">Demandez-le \u00e0<br \/> <span>Maria Teresa<\/span><\/p>\n<p>Lorsque j&rsquo;entre dans l&rsquo;une de nos chambres, je retrouve l&rsquo;atmosph\u00e8re d&rsquo;un vrai chez-moi, \u00e0 la fois accueillant et meubl\u00e9 avec soin. Et si vous voyagez avec vos enfants, demandez la Family Suite !<\/p>\n","protected":false},"author":17,"featured_media":65,"parent":0,"menu_order":0,"comment_status":"open","ping_status":"open","template":"page-duecolonne.php","meta":{"ngg_post_thumbnail":0,"footnotes":""},"class_list":["post-293","page","type-page","status-publish","has-post-thumbnail","hentry"],"yoast_head":"<!-- This site is optimized with the Yoast SEO plugin v25.7 - https:\/\/yoast.com\/wordpress\/plugins\/seo\/ -->\n<title>Chambres | Hotel Golden<\/title>\n<meta name=\"description\" content=\"Chambres, Hotel Golden: H\u00f4tel situ\u00e9 pr\u00e8s Villa Borghese \u00e0 Rome.\" \/>\n<meta name=\"robots\" content=\"index, follow, max-snippet:-1, max-image-preview:large, max-video-preview:-1\" \/>\n<link rel=\"canonical\" href=\"https:\/\/www.hotelgoldenrome.com\/fr\/chambres\/\" \/>\n<meta property=\"og:locale\" content=\"fr_FR\" \/>\n<meta property=\"og:type\" content=\"article\" \/>\n<meta property=\"og:title\" content=\"Chambres | Hotel Golden\" \/>\n<meta property=\"og:description\" content=\"Chambres, Hotel Golden: H\u00f4tel situ\u00e9 pr\u00e8s Villa Borghese \u00e0 Rome.\" \/>\n<meta property=\"og:url\" content=\"https:\/\/www.hotelgoldenrome.com\/fr\/chambres\/\" \/>\n<meta property=\"og:site_name\" content=\"Hotel Golden\" \/>\n<meta property=\"article:modified_time\" content=\"2014-08-01T08:24:43+00:00\" \/>\n<meta property=\"og:image\" content=\"https:\/\/www.hotelgoldenrome.com\/wp-content\/uploads\/2013\/08\/maria-teresa.jpg\" \/>\n\t<meta property=\"og:image:width\" content=\"206\" \/>\n\t<meta property=\"og:image:height\" content=\"206\" \/>\n\t<meta property=\"og:image:type\" content=\"image\/jpeg\" \/>\n<meta name=\"twitter:label1\" content=\"Dur\u00e9e de lecture estim\u00e9e\" \/>\n\t<meta name=\"twitter:data1\" content=\"3 minutes\" \/>\n<script type=\"application\/ld+json\" class=\"yoast-schema-graph\">{\"@context\":\"https:\/\/schema.org\",\"@graph\":[{\"@type\":\"WebPage\",\"@id\":\"https:\/\/www.hotelgoldenrome.com\/fr\/chambres\/\",\"url\":\"https:\/\/www.hotelgoldenrome.com\/fr\/chambres\/\",\"name\":\"Chambres | Hotel Golden\",\"isPartOf\":{\"@id\":\"https:\/\/www.hotelgoldenrome.com\/fr\/#website\"},\"primaryImageOfPage\":{\"@id\":\"https:\/\/www.hotelgoldenrome.com\/fr\/chambres\/#primaryimage\"},\"image\":{\"@id\":\"https:\/\/www.hotelgoldenrome.com\/fr\/chambres\/#primaryimage\"},\"thumbnailUrl\":\"https:\/\/www.hotelgoldenrome.com\/wp-content\/uploads\/2013\/08\/maria-teresa.jpg\",\"datePublished\":\"2013-09-26T14:56:51+00:00\",\"dateModified\":\"2014-08-01T08:24:43+00:00\",\"description\":\"Chambres, Hotel Golden: H\u00f4tel situ\u00e9 pr\u00e8s Villa Borghese \u00e0 Rome.\",\"breadcrumb\":{\"@id\":\"https:\/\/www.hotelgoldenrome.com\/fr\/chambres\/#breadcrumb\"},\"inLanguage\":\"fr-FR\",\"potentialAction\":[{\"@type\":\"ReadAction\",\"target\":[\"https:\/\/www.hotelgoldenrome.com\/fr\/chambres\/\"]}]},{\"@type\":\"ImageObject\",\"inLanguage\":\"fr-FR\",\"@id\":\"https:\/\/www.hotelgoldenrome.com\/fr\/chambres\/#primaryimage\",\"url\":\"https:\/\/www.hotelgoldenrome.com\/wp-content\/uploads\/2013\/08\/maria-teresa.jpg\",\"contentUrl\":\"https:\/\/www.hotelgoldenrome.com\/wp-content\/uploads\/2013\/08\/maria-teresa.jpg\",\"width\":206,\"height\":206},{\"@type\":\"BreadcrumbList\",\"@id\":\"https:\/\/www.hotelgoldenrome.com\/fr\/chambres\/#breadcrumb\",\"itemListElement\":[{\"@type\":\"ListItem\",\"position\":1,\"name\":\"Home\",\"item\":\"https:\/\/www.hotelgoldenrome.com\/fr\/\"},{\"@type\":\"ListItem\",\"position\":2,\"name\":\"Chambres\"}]},{\"@type\":\"WebSite\",\"@id\":\"https:\/\/www.hotelgoldenrome.com\/fr\/#website\",\"url\":\"https:\/\/www.hotelgoldenrome.com\/fr\/\",\"name\":\"Hotel Golden\",\"description\":\"..your Family run hotel in Rome\",\"potentialAction\":[{\"@type\":\"SearchAction\",\"target\":{\"@type\":\"EntryPoint\",\"urlTemplate\":\"https:\/\/www.hotelgoldenrome.com\/fr\/?s={search_term_string}\"},\"query-input\":{\"@type\":\"PropertyValueSpecification\",\"valueRequired\":true,\"valueName\":\"search_term_string\"}}],\"inLanguage\":\"fr-FR\"}]}<\/script>\n<!-- \/ Yoast SEO plugin. -->","yoast_head_json":{"title":"Chambres | Hotel Golden","description":"Chambres, Hotel Golden: H\u00f4tel situ\u00e9 pr\u00e8s Villa Borghese \u00e0 Rome.","robots":{"index":"index","follow":"follow","max-snippet":"max-snippet:-1","max-image-preview":"max-image-preview:large","max-video-preview":"max-video-preview:-1"},"canonical":"https:\/\/www.hotelgoldenrome.com\/fr\/chambres\/","og_locale":"fr_FR","og_type":"article","og_title":"Chambres | Hotel Golden","og_description":"Chambres, Hotel Golden: H\u00f4tel situ\u00e9 pr\u00e8s Villa Borghese \u00e0 Rome.","og_url":"https:\/\/www.hotelgoldenrome.com\/fr\/chambres\/","og_site_name":"Hotel Golden","article_modified_time":"2014-08-01T08:24:43+00:00","og_image":[{"width":206,"height":206,"url":"https:\/\/www.hotelgoldenrome.com\/wp-content\/uploads\/2013\/08\/maria-teresa.jpg","type":"image\/jpeg"}],"twitter_misc":{"Dur\u00e9e de lecture estim\u00e9e":"3 minutes"},"schema":{"@context":"https:\/\/schema.org","@graph":[{"@type":"WebPage","@id":"https:\/\/www.hotelgoldenrome.com\/fr\/chambres\/","url":"https:\/\/www.hotelgoldenrome.com\/fr\/chambres\/","name":"Chambres | Hotel Golden","isPartOf":{"@id":"https:\/\/www.hotelgoldenrome.com\/fr\/#website"},"primaryImageOfPage":{"@id":"https:\/\/www.hotelgoldenrome.com\/fr\/chambres\/#primaryimage"},"image":{"@id":"https:\/\/www.hotelgoldenrome.com\/fr\/chambres\/#primaryimage"},"thumbnailUrl":"https:\/\/www.hotelgoldenrome.com\/wp-content\/uploads\/2013\/08\/maria-teresa.jpg","datePublished":"2013-09-26T14:56:51+00:00","dateModified":"2014-08-01T08:24:43+00:00","description":"Chambres, Hotel Golden: H\u00f4tel situ\u00e9 pr\u00e8s Villa Borghese \u00e0 Rome.","breadcrumb":{"@id":"https:\/\/www.hotelgoldenrome.com\/fr\/chambres\/#breadcrumb"},"inLanguage":"fr-FR","potentialAction":[{"@type":"ReadAction","target":["https:\/\/www.hotelgoldenrome.com\/fr\/chambres\/"]}]},{"@type":"ImageObject","inLanguage":"fr-FR","@id":"https:\/\/www.hotelgoldenrome.com\/fr\/chambres\/#primaryimage","url":"https:\/\/www.hotelgoldenrome.com\/wp-content\/uploads\/2013\/08\/maria-teresa.jpg","contentUrl":"https:\/\/www.hotelgoldenrome.com\/wp-content\/uploads\/2013\/08\/maria-teresa.jpg","width":206,"height":206},{"@type":"BreadcrumbList","@id":"https:\/\/www.hotelgoldenrome.com\/fr\/chambres\/#breadcrumb","itemListElement":[{"@type":"ListItem","position":1,"name":"Home","item":"https:\/\/www.hotelgoldenrome.com\/fr\/"},{"@type":"ListItem","position":2,"name":"Chambres"}]},{"@type":"WebSite","@id":"https:\/\/www.hotelgoldenrome.com\/fr\/#website","url":"https:\/\/www.hotelgoldenrome.com\/fr\/","name":"Hotel Golden","description":"..your Family run hotel in Rome","potentialAction":[{"@type":"SearchAction","target":{"@type":"EntryPoint","urlTemplate":"https:\/\/www.hotelgoldenrome.com\/fr\/?s={search_term_string}"},"query-input":{"@type":"PropertyValueSpecification","valueRequired":true,"valueName":"search_term_string"}}],"inLanguage":"fr-FR"}]}},"_links":{"self":[{"href":"https:\/\/www.hotelgoldenrome.com\/fr\/wp-json\/wp\/v2\/pages\/293","targetHints":{"allow":["GET"]}}],"collection":[{"href":"https:\/\/www.hotelgoldenrome.com\/fr\/wp-json\/wp\/v2\/pages"}],"about":[{"href":"https:\/\/www.hotelgoldenrome.com\/fr\/wp-json\/wp\/v2\/types\/page"}],"author":[{"embeddable":true,"href":"https:\/\/www.hotelgoldenrome.com\/fr\/wp-json\/wp\/v2\/users\/17"}],"replies":[{"embeddable":true,"href":"https:\/\/www.hotelgoldenrome.com\/fr\/wp-json\/wp\/v2\/comments?post=293"}],"version-history":[{"count":11,"href":"https:\/\/www.hotelgoldenrome.com\/fr\/wp-json\/wp\/v2\/pages\/293\/revisions"}],"predecessor-version":[{"id":1952,"href":"https:\/\/www.hotelgoldenrome.com\/fr\/wp-json\/wp\/v2\/pages\/293\/revisions\/1952"}],"wp:featuredmedia":[{"embeddable":true,"href":"https:\/\/www.hotelgoldenrome.com\/fr\/wp-json\/wp\/v2\/media\/65"}],"wp:attachment":[{"href":"https:\/\/www.hotelgoldenrome.com\/fr\/wp-json\/wp\/v2\/media?parent=293"}],"curies":[{"name":"wp","href":"https:\/\/api.w.org\/{rel}","templated":true}]}}