{"id":428,"date":"2013-09-30T08:10:09","date_gmt":"2013-09-30T08:10:09","guid":{"rendered":"https:\/\/www.hotelgoldenrome.com\/?page_id=428"},"modified":"2014-08-01T10:48:30","modified_gmt":"2014-08-01T10:48:30","slug":"hotel-description","status":"publish","type":"page","link":"https:\/\/www.hotelgoldenrome.com\/fr\/hotel-description\/","title":{"rendered":"Description"},"content":{"rendered":"<div id=\"colonna-dx\"><\/p>\n<h1>H\u00f4tel \u00e9conomique avec petit d\u00e9jeuner copieux et  Wi-Fi gratuit<\/h1>\n<p>H\u00f4tel \u00e9conomique offrant le Wi-Fi gratuit, l\u2019H\u00f4tel Golden de Rome se situe dans le centre historique de la ville, \u00e0 proximit\u00e9 du magnifique parc de la Villa Borghese, dans un \u00e9l\u00e9gant b\u00e2timent datant de la fin du 19e si\u00e8cle, restaur\u00e9 dans le respect de la structure d&rsquo;origine.  <\/p>\n<p>Les cadres de l&rsquo;h\u00f4tel ont \u00e9t\u00e9 con\u00e7us pour offrir une d\u00e9tente absolue aux clients. Les espaces communs sont ainsi d\u00e9cor\u00e9s de meubles en ch\u00eane et leurs murs pr\u00e9sentent des enduits \u00e0 la taloche, r\u00e9alis\u00e9s dans des tonalit\u00e9s de jaune d\u00e9licates.  <\/p>\n<p>H\u00f4tel romain chaleureux, l\u2019H\u00f4tel Golden est dirig\u00e9 avec exp\u00e9rience par une famille appr\u00e9ci\u00e9e depuis toujours pour sa cordialit\u00e9 et sa disponibilit\u00e9. <\/p>\n<p>Tout a \u00e9t\u00e9 pens\u00e9 pour rendre votre s\u00e9jour<strong> agr\u00e9able <\/strong>et<strong> divertissant<\/strong>, \u00e0 l&rsquo;image de l&rsquo;atmosph\u00e8re de notre h\u00f4tel.  Chaque matin, votre <strong><a title=\"Hotel Golden Roma\" target=\"_blank\" href=\"https:\/\/www.hotelgoldenrome.com\/wp-content\/uploads\/2013\/08\/colazione.jpg\" class=\"thickbox\" rel=\"hotelgoldenrome\">petit-d\u00e9jeuner<\/a><\/strong> vous sera servi dans la belle salle vitr\u00e9e :   nos clients pourront commencer leur journ\u00e9e de la meilleure des fa\u00e7ons avec des <strong>g\u00e2teaux et des croissants faits maison<\/strong>, des c\u00e9r\u00e9ales et des yaourts vari\u00e9s, un vaste choix de jus de fruits et de boissons chaudes ainsi que des sp\u00e9cialit\u00e9s sal\u00e9es telles que des fromages et de la charcuterie, de la salade de fruits, des omelettes pr\u00e9par\u00e9es sp\u00e9cialement pour vous par la m\u00e8re de famille (y compris sur demande), du pain frais, des toasts, des tartines \u00e0 la fran\u00e7aise et de d\u00e9licieuses cr\u00eapes&#8230;en bref, un copieux petit d\u00e9jeuner comme \u00e0 la maison.<\/p>\n<p>Pour proposer un service de plus \u00e0 nos clients, nous avons sign\u00e9 un <strong>accord<\/strong> avec des <strong>guides touristiques<\/strong> avec qui vous partirez \u00e0 la d\u00e9couverte de Rome et de ses environs.<br \/>\n<!-- index.php -->\n<div\n\tclass=\"ngg-galleryoverview ngg-ajax-pagination-none\"\n\tid=\"ngg-gallery-3e5f3620680cf1f0632dce7624b5559f-1\">\n\n    \t\t<!-- Thumbnails -->\n\t\t\t\t<div id=\"ngg-image-0\" class=\"ngg-gallery-thumbnail-box\" >\n\t\t\t\t        <div class=\"ngg-gallery-thumbnail\">\n            <a href=\"https:\/\/www.hotelgoldenrome.com\/wp-content\/galleries\/servizi\/002.jpg\"\n               title=\"\"\n               data-src=\"https:\/\/www.hotelgoldenrome.com\/wp-content\/galleries\/servizi\/002.jpg\"\n               data-thumbnail=\"https:\/\/www.hotelgoldenrome.com\/wp-content\/galleries\/servizi\/thumbs\/thumbs_002.jpg\"\n               data-image-id=\"92\"\n               data-title=\"002-jpg\"\n               data-description=\"\"\n               data-image-slug=\"002-jpg\"\n               class=\"ngg-fancybox\" rel=\"3e5f3620680cf1f0632dce7624b5559f\">\n                <img\n                    title=\"002-jpg\"\n                    alt=\"002-jpg\"\n                    src=\"https:\/\/www.hotelgoldenrome.com\/wp-content\/galleries\/servizi\/thumbs\/thumbs_002.jpg\"\n                    width=\"150\"\n                    height=\"150\"\n                    style=\"max-width:100%;\"\n                \/>\n            <\/a>\n        <\/div>\n\t\t\t\t\t\t\t<\/div> \n\t\t\t\n        \n\t\t\t\t<div id=\"ngg-image-1\" class=\"ngg-gallery-thumbnail-box\" >\n\t\t\t\t        <div class=\"ngg-gallery-thumbnail\">\n            <a href=\"https:\/\/www.hotelgoldenrome.com\/wp-content\/galleries\/servizi\/053.jpg\"\n               title=\"\"\n               data-src=\"https:\/\/www.hotelgoldenrome.com\/wp-content\/galleries\/servizi\/053.jpg\"\n               data-thumbnail=\"https:\/\/www.hotelgoldenrome.com\/wp-content\/galleries\/servizi\/thumbs\/thumbs_053.jpg\"\n               data-image-id=\"93\"\n               data-title=\"053-jpg\"\n               data-description=\"\"\n               data-image-slug=\"053-jpg\"\n               class=\"ngg-fancybox\" rel=\"3e5f3620680cf1f0632dce7624b5559f\">\n                <img\n                    title=\"053-jpg\"\n                    alt=\"053-jpg\"\n                    src=\"https:\/\/www.hotelgoldenrome.com\/wp-content\/galleries\/servizi\/thumbs\/thumbs_053.jpg\"\n                    width=\"150\"\n                    height=\"150\"\n                    style=\"max-width:100%;\"\n                \/>\n            <\/a>\n        <\/div>\n\t\t\t\t\t\t\t<\/div> \n\t\t\t\n        \n\t\t\t\t<div id=\"ngg-image-2\" class=\"ngg-gallery-thumbnail-box\" >\n\t\t\t\t        <div class=\"ngg-gallery-thumbnail\">\n            <a href=\"https:\/\/www.hotelgoldenrome.com\/wp-content\/galleries\/servizi\/066.jpg\"\n               title=\"\"\n               data-src=\"https:\/\/www.hotelgoldenrome.com\/wp-content\/galleries\/servizi\/066.jpg\"\n               data-thumbnail=\"https:\/\/www.hotelgoldenrome.com\/wp-content\/galleries\/servizi\/thumbs\/thumbs_066.jpg\"\n               data-image-id=\"94\"\n               data-title=\"066-jpg\"\n               data-description=\"\"\n               data-image-slug=\"066-jpg\"\n               class=\"ngg-fancybox\" rel=\"3e5f3620680cf1f0632dce7624b5559f\">\n                <img\n                    title=\"066-jpg\"\n                    alt=\"066-jpg\"\n                    src=\"https:\/\/www.hotelgoldenrome.com\/wp-content\/galleries\/servizi\/thumbs\/thumbs_066.jpg\"\n                    width=\"150\"\n                    height=\"150\"\n                    style=\"max-width:100%;\"\n                \/>\n            <\/a>\n        <\/div>\n\t\t\t\t\t\t\t<\/div> \n\t\t\t\n        \n\t\t\t\t<div id=\"ngg-image-3\" class=\"ngg-gallery-thumbnail-box\" >\n\t\t\t\t        <div class=\"ngg-gallery-thumbnail\">\n            <a href=\"https:\/\/www.hotelgoldenrome.com\/wp-content\/galleries\/servizi\/g12_b.jpg\"\n               title=\"\"\n               data-src=\"https:\/\/www.hotelgoldenrome.com\/wp-content\/galleries\/servizi\/g12_b.jpg\"\n               data-thumbnail=\"https:\/\/www.hotelgoldenrome.com\/wp-content\/galleries\/servizi\/thumbs\/thumbs_g12_b.jpg\"\n               data-image-id=\"51\"\n               data-title=\"g12_b-jpg\"\n               data-description=\"\"\n               data-image-slug=\"g12_b-jpg-1\"\n               class=\"ngg-fancybox\" rel=\"3e5f3620680cf1f0632dce7624b5559f\">\n                <img\n                    title=\"g12_b-jpg\"\n                    alt=\"g12_b-jpg\"\n                    src=\"https:\/\/www.hotelgoldenrome.com\/wp-content\/galleries\/servizi\/thumbs\/thumbs_g12_b.jpg\"\n                    width=\"150\"\n                    height=\"150\"\n                    style=\"max-width:100%;\"\n                \/>\n            <\/a>\n        <\/div>\n\t\t\t\t\t\t\t<\/div> \n\t\t\t\n        \n\t\t\n\t\t<!-- Pagination -->\n\t<div class='ngg-clear'><\/div>\t<\/div>\n<\/p>\n<h2>Services<\/h2>\n<p>Parmi les nombreux <strong>services <\/strong>que nous proposons \u00e0 nos clients, citons notamment:<\/p>\n<ul>\n<li>&#8211; la navette de l&rsquo;a\u00e9roport ; \u00e0 demander lors de la r\u00e9servation de la chambre<\/li>\n<li>&#8211; le garage priv\u00e9 qui se trouve \u00e0 proximit\u00e9 de l&rsquo;h\u00f4tel et qui propose un service de d\u00e9pose et de livraison<\/li>\n<li>&#8211; un point Internet<\/li>\n<li>&#8211; l&rsquo;acc\u00e8s Wi-fi dans l&rsquo;ensemble de l&rsquo;h\u00f4tel<\/li>\n<li>&#8211; le service en chambre<\/li>\n<li>&#8211; T\u00e9l\u00e9vision avec service Pay per View \/ Sky<\/li>\n<li>&#8211; Service de quotidiens<\/li>\n<li>&#8211; D\u00e9p\u00f4t de bagages <\/li>\n<li>&#8211; Early check-in<\/li>\n<li>&#8211; Ascenseur<\/li>\n<li>&#8211; Laverie automatique<\/li>\n<\/ul>\n<p>\u00c0 votre arriv\u00e9e, nous vous remettrons un <strong>plan d\u00e9taill\u00e9<\/strong> indiquant l&rsquo;h\u00f4tel et les principaux centres d&rsquo;int\u00e9r\u00eats. Notre <strong>r\u00e9ception ouverte 24 heures sur 24<\/strong> poss\u00e8de un <strong>point d&rsquo;informations <\/strong> tr\u00e8s pratique o\u00f9 vous pourrez r\u00e9server des entr\u00e9es pour les expositions qui se tiennent en ville. Nous nous tenons \u00e0 votre enti\u00e8re disposition pour vous conseiller des restaurants et les meilleures trattorie de la ville o\u00f9 vous d\u00e9guster la cuisine romaine typique.<br \/>\n<\/div>\n<div id=\"colonna-sx\"><br \/>\n<img loading=\"lazy\" decoding=\"async\" src=\"https:\/\/www.hotelgoldenrome.com\/wp-content\/uploads\/2013\/08\/alina.jpg\" alt=\"alina\" width=\"206\" height=\"206\" class=\"alignnone size-full wp-image-167\" \/><\/p>\n<p class=\"nome\">Demandez-le \u00e0 <br \/><span>Alina<\/span><\/p>\n<p>Nous nous trouvons \u00e0 deux pas de la Villa Borghese, dans un superbe palais datant de la fin du 19e si\u00e8cle, aux atmosph\u00e8res chaudes et accueillantes. Notre petit d\u00e9jeuner fait maison est quelque chose d&rsquo;unique ! <\/p>\n<div class=\"box\">\n<p>S\u00e9journez librement, sans fil et sans tabac ! \u00c0 l\u2019H\u00f4tel Golden de Rome, dans la puret\u00e9 d&rsquo;une atmosph\u00e8re <strong>non-fumeurs<\/strong> il y a un air de <strong>Wi-fi<\/strong> : cette connexion \u00e0 internet est un service <strong>gratuit<\/strong> que notre <strong>h\u00f4tel<\/strong> met \u00e0 la disposition des <strong> non-fumeurs <\/strong> dans ses chambres confortables et chaleureuses ainsi que dans les aires communes, au<strong> centre ville <\/strong>de<strong> Rome<\/strong>.<\/p>\n<\/div>\n<p><\/div>\n<p>&nbsp;<\/p>\n","protected":false},"excerpt":{"rendered":"<p>&nbsp;<\/p>\n","protected":false},"author":17,"featured_media":0,"parent":0,"menu_order":0,"comment_status":"open","ping_status":"open","template":"page-duecolonne.php","meta":{"ngg_post_thumbnail":0,"footnotes":""},"class_list":["post-428","page","type-page","status-publish","hentry"],"yoast_head":"<!-- This site is optimized with the Yoast SEO plugin v25.7 - https:\/\/yoast.com\/wordpress\/plugins\/seo\/ -->\n<title>H\u00f4tel pas cher \u00e0 Rome Centre-ville | Non-fumeurs H\u00f4tel Rome<\/title>\n<meta name=\"description\" content=\"Outre ses propositions d&#039;h\u00e9bergement \u00e0 des tarifs raisonnables et son Wi-Fi gratuit, l\u2019h\u00f4tel Golden vous sert un copieux petit-d\u00e9jeuner pr\u00e9par\u00e9 le matin m\u00eame par Teresa, la ma\u00eetresse de maison, avec des produits d&#039;une grande fra\u00eecheur.\" \/>\n<meta name=\"robots\" content=\"index, follow, max-snippet:-1, max-image-preview:large, max-video-preview:-1\" \/>\n<link rel=\"canonical\" href=\"https:\/\/www.hotelgoldenrome.com\/fr\/hotel-description\/\" \/>\n<meta property=\"og:locale\" content=\"fr_FR\" \/>\n<meta property=\"og:type\" content=\"article\" \/>\n<meta property=\"og:title\" content=\"H\u00f4tel pas cher \u00e0 Rome Centre-ville | Non-fumeurs H\u00f4tel Rome\" \/>\n<meta property=\"og:description\" content=\"Outre ses propositions d&#039;h\u00e9bergement \u00e0 des tarifs raisonnables et son Wi-Fi gratuit, l\u2019h\u00f4tel Golden vous sert un copieux petit-d\u00e9jeuner pr\u00e9par\u00e9 le matin m\u00eame par Teresa, la ma\u00eetresse de maison, avec des produits d&#039;une grande fra\u00eecheur.\" \/>\n<meta property=\"og:url\" content=\"https:\/\/www.hotelgoldenrome.com\/fr\/hotel-description\/\" \/>\n<meta property=\"og:site_name\" content=\"Hotel Golden\" \/>\n<meta property=\"article:modified_time\" content=\"2014-08-01T10:48:30+00:00\" \/>\n<meta property=\"og:image\" content=\"https:\/\/www.hotelgoldenrome.com\/wp-content\/uploads\/2013\/08\/alina.jpg\" \/>\n<meta name=\"twitter:label1\" content=\"Dur\u00e9e de lecture estim\u00e9e\" \/>\n\t<meta name=\"twitter:data1\" content=\"3 minutes\" \/>\n<script type=\"application\/ld+json\" class=\"yoast-schema-graph\">{\"@context\":\"https:\/\/schema.org\",\"@graph\":[{\"@type\":\"WebPage\",\"@id\":\"https:\/\/www.hotelgoldenrome.com\/fr\/hotel-description\/\",\"url\":\"https:\/\/www.hotelgoldenrome.com\/fr\/hotel-description\/\",\"name\":\"H\u00f4tel pas cher \u00e0 Rome Centre-ville | Non-fumeurs H\u00f4tel Rome\",\"isPartOf\":{\"@id\":\"https:\/\/www.hotelgoldenrome.com\/fr\/#website\"},\"primaryImageOfPage\":{\"@id\":\"https:\/\/www.hotelgoldenrome.com\/fr\/hotel-description\/#primaryimage\"},\"image\":{\"@id\":\"https:\/\/www.hotelgoldenrome.com\/fr\/hotel-description\/#primaryimage\"},\"thumbnailUrl\":\"https:\/\/www.hotelgoldenrome.com\/wp-content\/uploads\/2013\/08\/alina.jpg\",\"datePublished\":\"2013-09-30T08:10:09+00:00\",\"dateModified\":\"2014-08-01T10:48:30+00:00\",\"description\":\"Outre ses propositions d'h\u00e9bergement \u00e0 des tarifs raisonnables et son Wi-Fi gratuit, l\u2019h\u00f4tel Golden vous sert un copieux petit-d\u00e9jeuner pr\u00e9par\u00e9 le matin m\u00eame par Teresa, la ma\u00eetresse de maison, avec des produits d'une grande fra\u00eecheur.\",\"breadcrumb\":{\"@id\":\"https:\/\/www.hotelgoldenrome.com\/fr\/hotel-description\/#breadcrumb\"},\"inLanguage\":\"fr-FR\",\"potentialAction\":[{\"@type\":\"ReadAction\",\"target\":[\"https:\/\/www.hotelgoldenrome.com\/fr\/hotel-description\/\"]}]},{\"@type\":\"ImageObject\",\"inLanguage\":\"fr-FR\",\"@id\":\"https:\/\/www.hotelgoldenrome.com\/fr\/hotel-description\/#primaryimage\",\"url\":\"https:\/\/www.hotelgoldenrome.com\/wp-content\/uploads\/2013\/08\/alina.jpg\",\"contentUrl\":\"https:\/\/www.hotelgoldenrome.com\/wp-content\/uploads\/2013\/08\/alina.jpg\"},{\"@type\":\"BreadcrumbList\",\"@id\":\"https:\/\/www.hotelgoldenrome.com\/fr\/hotel-description\/#breadcrumb\",\"itemListElement\":[{\"@type\":\"ListItem\",\"position\":1,\"name\":\"Home\",\"item\":\"https:\/\/www.hotelgoldenrome.com\/fr\/\"},{\"@type\":\"ListItem\",\"position\":2,\"name\":\"Description\"}]},{\"@type\":\"WebSite\",\"@id\":\"https:\/\/www.hotelgoldenrome.com\/fr\/#website\",\"url\":\"https:\/\/www.hotelgoldenrome.com\/fr\/\",\"name\":\"Hotel Golden\",\"description\":\"..your Family run hotel in Rome\",\"potentialAction\":[{\"@type\":\"SearchAction\",\"target\":{\"@type\":\"EntryPoint\",\"urlTemplate\":\"https:\/\/www.hotelgoldenrome.com\/fr\/?s={search_term_string}\"},\"query-input\":{\"@type\":\"PropertyValueSpecification\",\"valueRequired\":true,\"valueName\":\"search_term_string\"}}],\"inLanguage\":\"fr-FR\"}]}<\/script>\n<!-- \/ Yoast SEO plugin. -->","yoast_head_json":{"title":"H\u00f4tel pas cher \u00e0 Rome Centre-ville | Non-fumeurs H\u00f4tel Rome","description":"Outre ses propositions d'h\u00e9bergement \u00e0 des tarifs raisonnables et son Wi-Fi gratuit, l\u2019h\u00f4tel Golden vous sert un copieux petit-d\u00e9jeuner pr\u00e9par\u00e9 le matin m\u00eame par Teresa, la ma\u00eetresse de maison, avec des produits d'une grande fra\u00eecheur.","robots":{"index":"index","follow":"follow","max-snippet":"max-snippet:-1","max-image-preview":"max-image-preview:large","max-video-preview":"max-video-preview:-1"},"canonical":"https:\/\/www.hotelgoldenrome.com\/fr\/hotel-description\/","og_locale":"fr_FR","og_type":"article","og_title":"H\u00f4tel pas cher \u00e0 Rome Centre-ville | Non-fumeurs H\u00f4tel Rome","og_description":"Outre ses propositions d'h\u00e9bergement \u00e0 des tarifs raisonnables et son Wi-Fi gratuit, l\u2019h\u00f4tel Golden vous sert un copieux petit-d\u00e9jeuner pr\u00e9par\u00e9 le matin m\u00eame par Teresa, la ma\u00eetresse de maison, avec des produits d'une grande fra\u00eecheur.","og_url":"https:\/\/www.hotelgoldenrome.com\/fr\/hotel-description\/","og_site_name":"Hotel Golden","article_modified_time":"2014-08-01T10:48:30+00:00","og_image":[{"url":"https:\/\/www.hotelgoldenrome.com\/wp-content\/uploads\/2013\/08\/alina.jpg","type":"","width":"","height":""}],"twitter_misc":{"Dur\u00e9e de lecture estim\u00e9e":"3 minutes"},"schema":{"@context":"https:\/\/schema.org","@graph":[{"@type":"WebPage","@id":"https:\/\/www.hotelgoldenrome.com\/fr\/hotel-description\/","url":"https:\/\/www.hotelgoldenrome.com\/fr\/hotel-description\/","name":"H\u00f4tel pas cher \u00e0 Rome Centre-ville | Non-fumeurs H\u00f4tel Rome","isPartOf":{"@id":"https:\/\/www.hotelgoldenrome.com\/fr\/#website"},"primaryImageOfPage":{"@id":"https:\/\/www.hotelgoldenrome.com\/fr\/hotel-description\/#primaryimage"},"image":{"@id":"https:\/\/www.hotelgoldenrome.com\/fr\/hotel-description\/#primaryimage"},"thumbnailUrl":"https:\/\/www.hotelgoldenrome.com\/wp-content\/uploads\/2013\/08\/alina.jpg","datePublished":"2013-09-30T08:10:09+00:00","dateModified":"2014-08-01T10:48:30+00:00","description":"Outre ses propositions d'h\u00e9bergement \u00e0 des tarifs raisonnables et son Wi-Fi gratuit, l\u2019h\u00f4tel Golden vous sert un copieux petit-d\u00e9jeuner pr\u00e9par\u00e9 le matin m\u00eame par Teresa, la ma\u00eetresse de maison, avec des produits d'une grande fra\u00eecheur.","breadcrumb":{"@id":"https:\/\/www.hotelgoldenrome.com\/fr\/hotel-description\/#breadcrumb"},"inLanguage":"fr-FR","potentialAction":[{"@type":"ReadAction","target":["https:\/\/www.hotelgoldenrome.com\/fr\/hotel-description\/"]}]},{"@type":"ImageObject","inLanguage":"fr-FR","@id":"https:\/\/www.hotelgoldenrome.com\/fr\/hotel-description\/#primaryimage","url":"https:\/\/www.hotelgoldenrome.com\/wp-content\/uploads\/2013\/08\/alina.jpg","contentUrl":"https:\/\/www.hotelgoldenrome.com\/wp-content\/uploads\/2013\/08\/alina.jpg"},{"@type":"BreadcrumbList","@id":"https:\/\/www.hotelgoldenrome.com\/fr\/hotel-description\/#breadcrumb","itemListElement":[{"@type":"ListItem","position":1,"name":"Home","item":"https:\/\/www.hotelgoldenrome.com\/fr\/"},{"@type":"ListItem","position":2,"name":"Description"}]},{"@type":"WebSite","@id":"https:\/\/www.hotelgoldenrome.com\/fr\/#website","url":"https:\/\/www.hotelgoldenrome.com\/fr\/","name":"Hotel Golden","description":"..your Family run hotel in Rome","potentialAction":[{"@type":"SearchAction","target":{"@type":"EntryPoint","urlTemplate":"https:\/\/www.hotelgoldenrome.com\/fr\/?s={search_term_string}"},"query-input":{"@type":"PropertyValueSpecification","valueRequired":true,"valueName":"search_term_string"}}],"inLanguage":"fr-FR"}]}},"_links":{"self":[{"href":"https:\/\/www.hotelgoldenrome.com\/fr\/wp-json\/wp\/v2\/pages\/428","targetHints":{"allow":["GET"]}}],"collection":[{"href":"https:\/\/www.hotelgoldenrome.com\/fr\/wp-json\/wp\/v2\/pages"}],"about":[{"href":"https:\/\/www.hotelgoldenrome.com\/fr\/wp-json\/wp\/v2\/types\/page"}],"author":[{"embeddable":true,"href":"https:\/\/www.hotelgoldenrome.com\/fr\/wp-json\/wp\/v2\/users\/17"}],"replies":[{"embeddable":true,"href":"https:\/\/www.hotelgoldenrome.com\/fr\/wp-json\/wp\/v2\/comments?post=428"}],"version-history":[{"count":5,"href":"https:\/\/www.hotelgoldenrome.com\/fr\/wp-json\/wp\/v2\/pages\/428\/revisions"}],"predecessor-version":[{"id":1978,"href":"https:\/\/www.hotelgoldenrome.com\/fr\/wp-json\/wp\/v2\/pages\/428\/revisions\/1978"}],"wp:attachment":[{"href":"https:\/\/www.hotelgoldenrome.com\/fr\/wp-json\/wp\/v2\/media?parent=428"}],"curies":[{"name":"wp","href":"https:\/\/api.w.org\/{rel}","templated":true}]}}