{"id":525,"date":"2013-09-30T10:53:52","date_gmt":"2013-09-30T10:53:52","guid":{"rendered":"https:\/\/www.hotelgoldenrome.com\/?page_id=525"},"modified":"2013-11-12T16:22:00","modified_gmt":"2013-11-12T16:22:00","slug":"notre-famille","status":"publish","type":"page","link":"https:\/\/www.hotelgoldenrome.com\/fr\/notre-famille\/","title":{"rendered":"Notre famille"},"content":{"rendered":"<div id=\"colonna-dx\"><\/p>\n<h1>Notre famille<\/h1>\n<p>L&rsquo;amour de notre ville, la passion pour notre m\u00e9tier et une gestion familiale heureuse : vous d\u00e9couvrirez notre v\u00e9ritable plaisir de vos accueillir \u00e0 Rome \u00e0 l&rsquo;h\u00f4tel Golden, guid\u00e9 par une empathie sinc\u00e8re et un <strong>professionnalisme<\/strong> absolu.<\/p>\n<p>Ce ne sont pas seulement des mots, mais des faits concrets: nous nous exprimons au travers des fantastiques <strong>petits d\u00e9jeuners<\/strong> pr\u00e9par\u00e9s<strong> <\/strong>par la Mamma <strong>Teresa<\/strong>, des <strong>conseils touristiques<\/strong> en plusieurs langues offerts par les fr\u00e8res <strong>Giuseppe<\/strong>, <strong>Marco<\/strong> et la s\u0153ur <strong>Maria Teresa<\/strong>, ainsi que de la pr\u00e9sence de Papa <strong>Mario<\/strong>, sur qui vous pourrez toujours compter. <\/p>\n<p>Nous portons une attention sp\u00e9ciale au bien-\u00eatre des <strong>familles<\/strong> avec des <strong>enfants<\/strong>, en leur fournissant un berceau dans la chambre, une chaise haute, un chauffe-biberon, ainsi qu&rsquo;un four \u00e0 micro-ondes dans la salle \u00e0 manger afin de r\u00e9chauffer les bouillies.<\/p>\n<p>\u00c0 tr\u00e8s bient\u00f4t \u00e0 <strong>Rome<\/strong>, \u00e0 l&rsquo;<strong>h\u00f4tel Golden<\/strong> !<\/p>\n<p><!-- index.php -->\n<div\n\tclass=\"ngg-galleryoverview ngg-ajax-pagination-none\"\n\tid=\"ngg-gallery-51f610ef37a31f38755e2ebcb0724f3f-1\">\n\n    \t\t<!-- Thumbnails -->\n\t\t\t\t<div id=\"ngg-image-0\" class=\"ngg-gallery-thumbnail-box\" >\n\t\t\t\t        <div class=\"ngg-gallery-thumbnail\">\n            <a href=\"https:\/\/www.hotelgoldenrome.com\/wp-content\/galleries\/famiglia\/025.jpg\"\n               title=\"\"\n               data-src=\"https:\/\/www.hotelgoldenrome.com\/wp-content\/galleries\/famiglia\/025.jpg\"\n               data-thumbnail=\"https:\/\/www.hotelgoldenrome.com\/wp-content\/galleries\/famiglia\/thumbs\/thumbs_025.jpg\"\n               data-image-id=\"97\"\n               data-title=\"025-jpg\"\n               data-description=\"\"\n               data-image-slug=\"025-jpg\"\n               class=\"ngg-fancybox\" rel=\"51f610ef37a31f38755e2ebcb0724f3f\">\n                <img\n                    title=\"025-jpg\"\n                    alt=\"025-jpg\"\n                    src=\"https:\/\/www.hotelgoldenrome.com\/wp-content\/galleries\/famiglia\/thumbs\/thumbs_025.jpg\"\n                    width=\"150\"\n                    height=\"150\"\n                    style=\"max-width:100%;\"\n                \/>\n            <\/a>\n        <\/div>\n\t\t\t\t\t\t\t<\/div> \n\t\t\t\n        \n\t\t\t\t<div id=\"ngg-image-1\" class=\"ngg-gallery-thumbnail-box\" >\n\t\t\t\t        <div class=\"ngg-gallery-thumbnail\">\n            <a href=\"https:\/\/www.hotelgoldenrome.com\/wp-content\/galleries\/famiglia\/034.jpg\"\n               title=\"\"\n               data-src=\"https:\/\/www.hotelgoldenrome.com\/wp-content\/galleries\/famiglia\/034.jpg\"\n               data-thumbnail=\"https:\/\/www.hotelgoldenrome.com\/wp-content\/galleries\/famiglia\/thumbs\/thumbs_034.jpg\"\n               data-image-id=\"98\"\n               data-title=\"034-jpg\"\n               data-description=\"\"\n               data-image-slug=\"034-jpg\"\n               class=\"ngg-fancybox\" rel=\"51f610ef37a31f38755e2ebcb0724f3f\">\n                <img\n                    title=\"034-jpg\"\n                    alt=\"034-jpg\"\n                    src=\"https:\/\/www.hotelgoldenrome.com\/wp-content\/galleries\/famiglia\/thumbs\/thumbs_034.jpg\"\n                    width=\"150\"\n                    height=\"150\"\n                    style=\"max-width:100%;\"\n                \/>\n            <\/a>\n        <\/div>\n\t\t\t\t\t\t\t<\/div> \n\t\t\t\n        \n\t\t\t\t<div id=\"ngg-image-2\" class=\"ngg-gallery-thumbnail-box\" >\n\t\t\t\t        <div class=\"ngg-gallery-thumbnail\">\n            <a href=\"https:\/\/www.hotelgoldenrome.com\/wp-content\/galleries\/famiglia\/photogallery1.jpg\"\n               title=\"\"\n               data-src=\"https:\/\/www.hotelgoldenrome.com\/wp-content\/galleries\/famiglia\/photogallery1.jpg\"\n               data-thumbnail=\"https:\/\/www.hotelgoldenrome.com\/wp-content\/galleries\/famiglia\/thumbs\/thumbs_photogallery1.jpg\"\n               data-image-id=\"96\"\n               data-title=\"photogallery1-jpg\"\n               data-description=\"\"\n               data-image-slug=\"photogallery1-jpg\"\n               class=\"ngg-fancybox\" rel=\"51f610ef37a31f38755e2ebcb0724f3f\">\n                <img\n                    title=\"photogallery1-jpg\"\n                    alt=\"photogallery1-jpg\"\n                    src=\"https:\/\/www.hotelgoldenrome.com\/wp-content\/galleries\/famiglia\/thumbs\/thumbs_photogallery1.jpg\"\n                    width=\"150\"\n                    height=\"150\"\n                    style=\"max-width:100%;\"\n                \/>\n            <\/a>\n        <\/div>\n\t\t\t\t\t\t\t<\/div> \n\t\t\t\n        \n\t\t\t\t<div id=\"ngg-image-3\" class=\"ngg-gallery-thumbnail-box\" >\n\t\t\t\t        <div class=\"ngg-gallery-thumbnail\">\n            <a href=\"https:\/\/www.hotelgoldenrome.com\/wp-content\/galleries\/famiglia\/g8_b.jpg\"\n               title=\"\"\n               data-src=\"https:\/\/www.hotelgoldenrome.com\/wp-content\/galleries\/famiglia\/g8_b.jpg\"\n               data-thumbnail=\"https:\/\/www.hotelgoldenrome.com\/wp-content\/galleries\/famiglia\/thumbs\/thumbs_g8_b.jpg\"\n               data-image-id=\"95\"\n               data-title=\"Giuseppe and Marco at the Reception Desk\"\n               data-description=\"\"\n               data-image-slug=\"giuseppe-and-marco-at-the-reception-desk\"\n               class=\"ngg-fancybox\" rel=\"51f610ef37a31f38755e2ebcb0724f3f\">\n                <img\n                    title=\"Giuseppe and Marco at the Reception Desk\"\n                    alt=\"Giuseppe and Marco at the Reception Desk\"\n                    src=\"https:\/\/www.hotelgoldenrome.com\/wp-content\/galleries\/famiglia\/thumbs\/thumbs_g8_b.jpg\"\n                    width=\"150\"\n                    height=\"150\"\n                    style=\"max-width:100%;\"\n                \/>\n            <\/a>\n        <\/div>\n\t\t\t\t\t\t\t<\/div> \n\t\t\t\n        \n\t\t\n\t\t<!-- Pagination -->\n\t<div class='ngg-clear'><\/div>\t<\/div>\n<\/p>\n<p><\/div>\n<div id=\"colonna-sx\"><br \/>\n<img loading=\"lazy\" decoding=\"async\" src=\"https:\/\/www.hotelgoldenrome.com\/wp-content\/uploads\/2013\/08\/papa.jpg\" alt=\"pap\u00e0\" width=\"206\" height=\"206\" class=\"aligncenter size-full wp-image-65\" \/><\/p>\n<p class=\"nome\">Demandez-le au<br \/> <span>Papa<\/span><\/p>\n<p>Comme tous les membres de ma famille, j&rsquo;aime ma ville et mon travail. Et c&rsquo;est ce qui fait toute la diff\u00e9rence. Venez dans notre h\u00f4tel et vous comprendrez de quoi je parle&#8230;<\/p>\n<p><\/div>\n<p><br clear=\"all\" \/><\/p>\n","protected":false},"excerpt":{"rendered":"","protected":false},"author":17,"featured_media":0,"parent":0,"menu_order":0,"comment_status":"open","ping_status":"open","template":"page-duecolonne.php","meta":{"ngg_post_thumbnail":0,"footnotes":""},"class_list":["post-525","page","type-page","status-publish","hentry"],"yoast_head":"<!-- This site is optimized with the Yoast SEO plugin v25.7 - https:\/\/yoast.com\/wordpress\/plugins\/seo\/ -->\n<title>Notre famille | Hotel Golden<\/title>\n<meta name=\"description\" content=\"Notre famille, Hotel Golden: H\u00f4tel situ\u00e9 pr\u00e8s Villa Borghese \u00e0 Rome.\" \/>\n<meta name=\"robots\" content=\"index, follow, max-snippet:-1, max-image-preview:large, max-video-preview:-1\" \/>\n<link rel=\"canonical\" href=\"https:\/\/www.hotelgoldenrome.com\/fr\/notre-famille\/\" \/>\n<meta property=\"og:locale\" content=\"fr_FR\" \/>\n<meta property=\"og:type\" content=\"article\" \/>\n<meta property=\"og:title\" content=\"Notre famille | Hotel Golden\" \/>\n<meta property=\"og:description\" content=\"Notre famille, Hotel Golden: H\u00f4tel situ\u00e9 pr\u00e8s Villa Borghese \u00e0 Rome.\" \/>\n<meta property=\"og:url\" content=\"https:\/\/www.hotelgoldenrome.com\/fr\/notre-famille\/\" \/>\n<meta property=\"og:site_name\" content=\"Hotel Golden\" \/>\n<meta property=\"article:modified_time\" content=\"2013-11-12T16:22:00+00:00\" \/>\n<meta property=\"og:image\" content=\"https:\/\/www.hotelgoldenrome.com\/wp-content\/uploads\/2013\/08\/papa.jpg\" \/>\n<meta name=\"twitter:label1\" content=\"Dur\u00e9e de lecture estim\u00e9e\" \/>\n\t<meta name=\"twitter:data1\" content=\"1 minute\" \/>\n<script type=\"application\/ld+json\" class=\"yoast-schema-graph\">{\"@context\":\"https:\/\/schema.org\",\"@graph\":[{\"@type\":\"WebPage\",\"@id\":\"https:\/\/www.hotelgoldenrome.com\/fr\/notre-famille\/\",\"url\":\"https:\/\/www.hotelgoldenrome.com\/fr\/notre-famille\/\",\"name\":\"Notre famille | Hotel Golden\",\"isPartOf\":{\"@id\":\"https:\/\/www.hotelgoldenrome.com\/fr\/#website\"},\"primaryImageOfPage\":{\"@id\":\"https:\/\/www.hotelgoldenrome.com\/fr\/notre-famille\/#primaryimage\"},\"image\":{\"@id\":\"https:\/\/www.hotelgoldenrome.com\/fr\/notre-famille\/#primaryimage\"},\"thumbnailUrl\":\"https:\/\/www.hotelgoldenrome.com\/wp-content\/uploads\/2013\/08\/papa.jpg\",\"datePublished\":\"2013-09-30T10:53:52+00:00\",\"dateModified\":\"2013-11-12T16:22:00+00:00\",\"description\":\"Notre famille, Hotel Golden: H\u00f4tel situ\u00e9 pr\u00e8s Villa Borghese \u00e0 Rome.\",\"breadcrumb\":{\"@id\":\"https:\/\/www.hotelgoldenrome.com\/fr\/notre-famille\/#breadcrumb\"},\"inLanguage\":\"fr-FR\",\"potentialAction\":[{\"@type\":\"ReadAction\",\"target\":[\"https:\/\/www.hotelgoldenrome.com\/fr\/notre-famille\/\"]}]},{\"@type\":\"ImageObject\",\"inLanguage\":\"fr-FR\",\"@id\":\"https:\/\/www.hotelgoldenrome.com\/fr\/notre-famille\/#primaryimage\",\"url\":\"https:\/\/www.hotelgoldenrome.com\/wp-content\/uploads\/2013\/08\/papa.jpg\",\"contentUrl\":\"https:\/\/www.hotelgoldenrome.com\/wp-content\/uploads\/2013\/08\/papa.jpg\"},{\"@type\":\"BreadcrumbList\",\"@id\":\"https:\/\/www.hotelgoldenrome.com\/fr\/notre-famille\/#breadcrumb\",\"itemListElement\":[{\"@type\":\"ListItem\",\"position\":1,\"name\":\"Home\",\"item\":\"https:\/\/www.hotelgoldenrome.com\/fr\/\"},{\"@type\":\"ListItem\",\"position\":2,\"name\":\"Notre famille\"}]},{\"@type\":\"WebSite\",\"@id\":\"https:\/\/www.hotelgoldenrome.com\/fr\/#website\",\"url\":\"https:\/\/www.hotelgoldenrome.com\/fr\/\",\"name\":\"Hotel Golden\",\"description\":\"..your Family run hotel in Rome\",\"potentialAction\":[{\"@type\":\"SearchAction\",\"target\":{\"@type\":\"EntryPoint\",\"urlTemplate\":\"https:\/\/www.hotelgoldenrome.com\/fr\/?s={search_term_string}\"},\"query-input\":{\"@type\":\"PropertyValueSpecification\",\"valueRequired\":true,\"valueName\":\"search_term_string\"}}],\"inLanguage\":\"fr-FR\"}]}<\/script>\n<!-- \/ Yoast SEO plugin. -->","yoast_head_json":{"title":"Notre famille | Hotel Golden","description":"Notre famille, Hotel Golden: H\u00f4tel situ\u00e9 pr\u00e8s Villa Borghese \u00e0 Rome.","robots":{"index":"index","follow":"follow","max-snippet":"max-snippet:-1","max-image-preview":"max-image-preview:large","max-video-preview":"max-video-preview:-1"},"canonical":"https:\/\/www.hotelgoldenrome.com\/fr\/notre-famille\/","og_locale":"fr_FR","og_type":"article","og_title":"Notre famille | Hotel Golden","og_description":"Notre famille, Hotel Golden: H\u00f4tel situ\u00e9 pr\u00e8s Villa Borghese \u00e0 Rome.","og_url":"https:\/\/www.hotelgoldenrome.com\/fr\/notre-famille\/","og_site_name":"Hotel Golden","article_modified_time":"2013-11-12T16:22:00+00:00","og_image":[{"url":"https:\/\/www.hotelgoldenrome.com\/wp-content\/uploads\/2013\/08\/papa.jpg","type":"","width":"","height":""}],"twitter_misc":{"Dur\u00e9e de lecture estim\u00e9e":"1 minute"},"schema":{"@context":"https:\/\/schema.org","@graph":[{"@type":"WebPage","@id":"https:\/\/www.hotelgoldenrome.com\/fr\/notre-famille\/","url":"https:\/\/www.hotelgoldenrome.com\/fr\/notre-famille\/","name":"Notre famille | Hotel Golden","isPartOf":{"@id":"https:\/\/www.hotelgoldenrome.com\/fr\/#website"},"primaryImageOfPage":{"@id":"https:\/\/www.hotelgoldenrome.com\/fr\/notre-famille\/#primaryimage"},"image":{"@id":"https:\/\/www.hotelgoldenrome.com\/fr\/notre-famille\/#primaryimage"},"thumbnailUrl":"https:\/\/www.hotelgoldenrome.com\/wp-content\/uploads\/2013\/08\/papa.jpg","datePublished":"2013-09-30T10:53:52+00:00","dateModified":"2013-11-12T16:22:00+00:00","description":"Notre famille, Hotel Golden: H\u00f4tel situ\u00e9 pr\u00e8s Villa Borghese \u00e0 Rome.","breadcrumb":{"@id":"https:\/\/www.hotelgoldenrome.com\/fr\/notre-famille\/#breadcrumb"},"inLanguage":"fr-FR","potentialAction":[{"@type":"ReadAction","target":["https:\/\/www.hotelgoldenrome.com\/fr\/notre-famille\/"]}]},{"@type":"ImageObject","inLanguage":"fr-FR","@id":"https:\/\/www.hotelgoldenrome.com\/fr\/notre-famille\/#primaryimage","url":"https:\/\/www.hotelgoldenrome.com\/wp-content\/uploads\/2013\/08\/papa.jpg","contentUrl":"https:\/\/www.hotelgoldenrome.com\/wp-content\/uploads\/2013\/08\/papa.jpg"},{"@type":"BreadcrumbList","@id":"https:\/\/www.hotelgoldenrome.com\/fr\/notre-famille\/#breadcrumb","itemListElement":[{"@type":"ListItem","position":1,"name":"Home","item":"https:\/\/www.hotelgoldenrome.com\/fr\/"},{"@type":"ListItem","position":2,"name":"Notre famille"}]},{"@type":"WebSite","@id":"https:\/\/www.hotelgoldenrome.com\/fr\/#website","url":"https:\/\/www.hotelgoldenrome.com\/fr\/","name":"Hotel Golden","description":"..your Family run hotel in Rome","potentialAction":[{"@type":"SearchAction","target":{"@type":"EntryPoint","urlTemplate":"https:\/\/www.hotelgoldenrome.com\/fr\/?s={search_term_string}"},"query-input":{"@type":"PropertyValueSpecification","valueRequired":true,"valueName":"search_term_string"}}],"inLanguage":"fr-FR"}]}},"_links":{"self":[{"href":"https:\/\/www.hotelgoldenrome.com\/fr\/wp-json\/wp\/v2\/pages\/525","targetHints":{"allow":["GET"]}}],"collection":[{"href":"https:\/\/www.hotelgoldenrome.com\/fr\/wp-json\/wp\/v2\/pages"}],"about":[{"href":"https:\/\/www.hotelgoldenrome.com\/fr\/wp-json\/wp\/v2\/types\/page"}],"author":[{"embeddable":true,"href":"https:\/\/www.hotelgoldenrome.com\/fr\/wp-json\/wp\/v2\/users\/17"}],"replies":[{"embeddable":true,"href":"https:\/\/www.hotelgoldenrome.com\/fr\/wp-json\/wp\/v2\/comments?post=525"}],"version-history":[{"count":3,"href":"https:\/\/www.hotelgoldenrome.com\/fr\/wp-json\/wp\/v2\/pages\/525\/revisions"}],"predecessor-version":[{"id":1321,"href":"https:\/\/www.hotelgoldenrome.com\/fr\/wp-json\/wp\/v2\/pages\/525\/revisions\/1321"}],"wp:attachment":[{"href":"https:\/\/www.hotelgoldenrome.com\/fr\/wp-json\/wp\/v2\/media?parent=525"}],"curies":[{"name":"wp","href":"https:\/\/api.w.org\/{rel}","templated":true}]}}