{"id":685,"date":"2013-10-02T07:59:04","date_gmt":"2013-10-02T07:59:04","guid":{"rendered":"https:\/\/www.hotelgoldenrome.com\/?page_id=685"},"modified":"2016-08-10T07:48:22","modified_gmt":"2016-08-10T07:48:22","slug":"reservations-fr","status":"publish","type":"page","link":"https:\/\/www.hotelgoldenrome.com\/fr\/reservations-fr\/","title":{"rendered":"R\u00e9servations"},"content":{"rendered":"<h2><a rel=\"nofollow\" href=\"https:\/\/book.hotelgoldenrome.com\/accommodation\/list?channelId=91d48f3c-def2-43d6-b956-90fd699c0fd7&#038;culture=fr\">V\u00e9rifiez les prix et la disponibilit\u00e9 en ligne <\/a><\/h2>\n<p>Vous d\u00e9sirez v\u00e9rifier maintenant les <b>prix<\/b>, la <b>disponibilit\u00e9<\/b> ou vous voulez <b>r\u00e9server imm\u00e9diatement<\/b> en choisissant directement votre chambre? Utilisez notre syst\u00e8me de r\u00e9servation en ligne simple et s\u00fbr. Si le syst\u00e8me ne r\u00e9pond pas \u00e0 vos exigences, nous vous prions de nous contacter en utilisant le formulaire de demande de disponibilit\u00e9.<\/p>\n<h3 class=\"pulsantebox\"><a rel=\"nofollow\" href=\"https:\/\/www.hotelgoldenrome.com\/fr\/demande-dinformations\/\">Demande d&rsquo;informations <\/a><\/h2>\n<p>Pr\u00e9f\u00e9rez-vous plut\u00f4t <b>demander des informations<\/b> par courrier \u00e9lectronique \u00e0 notre personnel? Avez-vous certaines <b>exigences particuli\u00e8res<\/b> que notre syst\u00e8me de r\u00e9servation en ligne ne r\u00e9ussit pas \u00e0 satisfaire? Remplissez le formulaire de demande de disponibilit\u00e9, et vous recevrez toutes les r\u00e9ponses que vous attendez directement dans votre messagerie \u00e9lectronique.<\/p>\n<h2>Transactions s\u00fbres<\/h2>\n<p>Cet site utilise, pour confirmer la r\u00e9servation par carte de cr\u00e9dit, un <b>serveur s\u00e9curis\u00e9<\/b> selon la r\u00e9glementation mondiale de chiffrage <b>Secure Socket Layer<\/b> <b>(SSL) \u00e0 128 bits<\/b>.<\/p>\n","protected":false},"excerpt":{"rendered":"<p>V\u00e9rifiez les prix et la disponibilit\u00e9 en ligne Vous d\u00e9sirez v\u00e9rifier maintenant les prix, la disponibilit\u00e9 ou vous voulez r\u00e9server imm\u00e9diatement en choisissant directement votre chambre? Utilisez notre syst\u00e8me de r\u00e9servation en ligne simple et s\u00fbr. Si le syst\u00e8me ne r\u00e9pond pas \u00e0 vos exigences, nous vous prions de nous contacter en utilisant le formulaire&#8230; <a  href=\"https:\/\/www.hotelgoldenrome.com\/fr\/reservations-fr\/\"><img decoding=\"async\" class=\"moretag\" src=\"https:\/\/www.hotelgoldenrome.com\/wp-content\/themes\/hotelgoldenrome\/img\/continua.gif\" border=0\/><\/a><\/p>\n","protected":false},"author":17,"featured_media":0,"parent":0,"menu_order":0,"comment_status":"open","ping_status":"open","template":"page-monocolonna.php","meta":{"ngg_post_thumbnail":0,"footnotes":""},"class_list":["post-685","page","type-page","status-publish","hentry"],"yoast_head":"<!-- This site is optimized with the Yoast SEO plugin v25.7 - https:\/\/yoast.com\/wordpress\/plugins\/seo\/ -->\n<title>R\u00e9servations | Hotel Golden<\/title>\n<meta name=\"description\" content=\"R\u00e9servations, Hotel Golden:\" \/>\n<meta name=\"robots\" content=\"noindex, nofollow\" \/>\n<meta property=\"og:locale\" content=\"fr_FR\" \/>\n<meta property=\"og:type\" content=\"article\" \/>\n<meta property=\"og:title\" content=\"R\u00e9servations | Hotel Golden\" \/>\n<meta property=\"og:description\" content=\"R\u00e9servations, Hotel Golden:\" \/>\n<meta property=\"og:url\" content=\"https:\/\/www.hotelgoldenrome.com\/fr\/reservations-fr\/\" \/>\n<meta property=\"og:site_name\" content=\"Hotel Golden\" \/>\n<meta property=\"article:modified_time\" content=\"2016-08-10T07:48:22+00:00\" \/>\n<meta name=\"twitter:label1\" content=\"Dur\u00e9e de lecture estim\u00e9e\" \/>\n\t<meta name=\"twitter:data1\" content=\"1 minute\" \/>\n<script type=\"application\/ld+json\" class=\"yoast-schema-graph\">{\"@context\":\"https:\/\/schema.org\",\"@graph\":[{\"@type\":\"WebPage\",\"@id\":\"https:\/\/www.hotelgoldenrome.com\/fr\/reservations-fr\/\",\"url\":\"https:\/\/www.hotelgoldenrome.com\/fr\/reservations-fr\/\",\"name\":\"R\u00e9servations | Hotel Golden\",\"isPartOf\":{\"@id\":\"https:\/\/www.hotelgoldenrome.com\/fr\/#website\"},\"datePublished\":\"2013-10-02T07:59:04+00:00\",\"dateModified\":\"2016-08-10T07:48:22+00:00\",\"description\":\"R\u00e9servations, Hotel Golden:\",\"breadcrumb\":{\"@id\":\"https:\/\/www.hotelgoldenrome.com\/fr\/reservations-fr\/#breadcrumb\"},\"inLanguage\":\"fr-FR\",\"potentialAction\":[{\"@type\":\"ReadAction\",\"target\":[\"https:\/\/www.hotelgoldenrome.com\/fr\/reservations-fr\/\"]}]},{\"@type\":\"BreadcrumbList\",\"@id\":\"https:\/\/www.hotelgoldenrome.com\/fr\/reservations-fr\/#breadcrumb\",\"itemListElement\":[{\"@type\":\"ListItem\",\"position\":1,\"name\":\"Home\",\"item\":\"https:\/\/www.hotelgoldenrome.com\/fr\/\"},{\"@type\":\"ListItem\",\"position\":2,\"name\":\"R\u00e9servations\"}]},{\"@type\":\"WebSite\",\"@id\":\"https:\/\/www.hotelgoldenrome.com\/fr\/#website\",\"url\":\"https:\/\/www.hotelgoldenrome.com\/fr\/\",\"name\":\"Hotel Golden\",\"description\":\"..your Family run hotel in Rome\",\"potentialAction\":[{\"@type\":\"SearchAction\",\"target\":{\"@type\":\"EntryPoint\",\"urlTemplate\":\"https:\/\/www.hotelgoldenrome.com\/fr\/?s={search_term_string}\"},\"query-input\":{\"@type\":\"PropertyValueSpecification\",\"valueRequired\":true,\"valueName\":\"search_term_string\"}}],\"inLanguage\":\"fr-FR\"}]}<\/script>\n<!-- \/ Yoast SEO plugin. -->","yoast_head_json":{"title":"R\u00e9servations | Hotel Golden","description":"R\u00e9servations, Hotel Golden:","robots":{"index":"noindex","follow":"nofollow"},"og_locale":"fr_FR","og_type":"article","og_title":"R\u00e9servations | Hotel Golden","og_description":"R\u00e9servations, Hotel Golden:","og_url":"https:\/\/www.hotelgoldenrome.com\/fr\/reservations-fr\/","og_site_name":"Hotel Golden","article_modified_time":"2016-08-10T07:48:22+00:00","twitter_misc":{"Dur\u00e9e de lecture estim\u00e9e":"1 minute"},"schema":{"@context":"https:\/\/schema.org","@graph":[{"@type":"WebPage","@id":"https:\/\/www.hotelgoldenrome.com\/fr\/reservations-fr\/","url":"https:\/\/www.hotelgoldenrome.com\/fr\/reservations-fr\/","name":"R\u00e9servations | Hotel Golden","isPartOf":{"@id":"https:\/\/www.hotelgoldenrome.com\/fr\/#website"},"datePublished":"2013-10-02T07:59:04+00:00","dateModified":"2016-08-10T07:48:22+00:00","description":"R\u00e9servations, Hotel Golden:","breadcrumb":{"@id":"https:\/\/www.hotelgoldenrome.com\/fr\/reservations-fr\/#breadcrumb"},"inLanguage":"fr-FR","potentialAction":[{"@type":"ReadAction","target":["https:\/\/www.hotelgoldenrome.com\/fr\/reservations-fr\/"]}]},{"@type":"BreadcrumbList","@id":"https:\/\/www.hotelgoldenrome.com\/fr\/reservations-fr\/#breadcrumb","itemListElement":[{"@type":"ListItem","position":1,"name":"Home","item":"https:\/\/www.hotelgoldenrome.com\/fr\/"},{"@type":"ListItem","position":2,"name":"R\u00e9servations"}]},{"@type":"WebSite","@id":"https:\/\/www.hotelgoldenrome.com\/fr\/#website","url":"https:\/\/www.hotelgoldenrome.com\/fr\/","name":"Hotel Golden","description":"..your Family run hotel in Rome","potentialAction":[{"@type":"SearchAction","target":{"@type":"EntryPoint","urlTemplate":"https:\/\/www.hotelgoldenrome.com\/fr\/?s={search_term_string}"},"query-input":{"@type":"PropertyValueSpecification","valueRequired":true,"valueName":"search_term_string"}}],"inLanguage":"fr-FR"}]}},"_links":{"self":[{"href":"https:\/\/www.hotelgoldenrome.com\/fr\/wp-json\/wp\/v2\/pages\/685","targetHints":{"allow":["GET"]}}],"collection":[{"href":"https:\/\/www.hotelgoldenrome.com\/fr\/wp-json\/wp\/v2\/pages"}],"about":[{"href":"https:\/\/www.hotelgoldenrome.com\/fr\/wp-json\/wp\/v2\/types\/page"}],"author":[{"embeddable":true,"href":"https:\/\/www.hotelgoldenrome.com\/fr\/wp-json\/wp\/v2\/users\/17"}],"replies":[{"embeddable":true,"href":"https:\/\/www.hotelgoldenrome.com\/fr\/wp-json\/wp\/v2\/comments?post=685"}],"version-history":[{"count":4,"href":"https:\/\/www.hotelgoldenrome.com\/fr\/wp-json\/wp\/v2\/pages\/685\/revisions"}],"predecessor-version":[{"id":2128,"href":"https:\/\/www.hotelgoldenrome.com\/fr\/wp-json\/wp\/v2\/pages\/685\/revisions\/2128"}],"wp:attachment":[{"href":"https:\/\/www.hotelgoldenrome.com\/fr\/wp-json\/wp\/v2\/media?parent=685"}],"curies":[{"name":"wp","href":"https:\/\/api.w.org\/{rel}","templated":true}]}}