{"id":818,"date":"2013-10-04T09:59:14","date_gmt":"2013-10-04T09:59:14","guid":{"rendered":"https:\/\/www.hotelgoldenrome.com\/?page_id=818"},"modified":"2016-08-10T10:09:53","modified_gmt":"2016-08-10T10:09:53","slug":"avis","status":"publish","type":"page","link":"https:\/\/www.hotelgoldenrome.com\/fr\/avis\/","title":{"rendered":"Avis"},"content":{"rendered":"<div id=\"colonna-sx\"><br \/>\n<img loading=\"lazy\" decoding=\"async\" alt=\"Marco\" src=\"https:\/\/www.hotelgoldenrome.com\/wp-content\/uploads\/2013\/08\/marco.jpg\" width=\"206\" height=\"206\" \/><\/p>\n<p class=\"nome\">Demandez-le \u00e0<br \/> <span>Marco<\/span><\/p>\n<p> Notre meilleure carte de visite, c&rsquo;est celle que nos clients \u00e9crivent sur nous ! Lisez les avis de nos clients, parfois ils nous surprennent nous aussi i! Ils vous inciteront \u00e0 vous offrir encore plus de choses.<\/p>\n<div class=\"box_ta\">\n<p>\u00c0 nos chers clients<\/p>\n<p><em>Ch\u00e8rs clients,<br \/>\nNous vous remercions de tout coeur pour vos appr\u00e9ciations qui ont permis \u00e0 notre h\u00f4tel d&rsquo;obtenir cette ann\u00e9e le prix <b>Travellers Choice 2012 de Tripadvisor<\/b>.<br \/>\nNous vous en sommes tr\u00e8s reconnaissants. <\/p>\n<p>Cordialement,<br \/>\npap\u00e0 Mario, mamma Teresa e i figli, Giuseppe, Marco &amp; Maria Teresa<\/em><\/p>\n<p><a class=\"thickbox\" href=\"https:\/\/www.hotelgoldenrome.com\/wp-content\/uploads\/2013\/08\/lettera.jpg\"><img decoding=\"async\" src=\"https:\/\/www.hotelgoldenrome.com\/wp-content\/uploads\/2013\/08\/tc2012.jpg\" alt=\"tripadvisor\" \/><\/a>\n<\/div>\n<p><br clear=\"all\" \/><\/p>\n<div id=\"TA_certificateOfExcellence976\" class=\"TA_certificateOfExcellence\">\n<ul id=\"xziY7nw39Fa\" class=\"TA_links UtJcRiM58X0\">\n<li id=\"aBq01Mpfi4\" class=\"2nl66q1Nza6\">\n<a target=\"_blank\" href=\"https:\/\/www.tripadvisor.fr\/Hotel_Review-g187791-d557956-Reviews-Hotel_Golden-Rome_Lazio.html\"><img decoding=\"async\" src=\"https:\/\/www.tripadvisor.fr\/img\/cdsi\/img2\/awards\/CoE2016_WidgetAsset-14348-2.png\" alt=\"TripAdvisor\" class=\"widCOEImg\" id=\"CDSWIDCOELOGO\"\/><\/a>\n<\/li>\n<\/ul>\n<\/div>\n<p><script src=\"https:\/\/www.jscache.com\/wejs?wtype=certificateOfExcellence&amp;uniq=976&amp;locationId=557956&amp;lang=fr&amp;year=2016&amp;display_version=2\"><\/script><\/p>\n<p><\/div>\n<div id=\"colonna-dx\"><\/p>\n<h1>Avis<\/h1>\n<p>Consultez les <strong>avis que nos clients ont<\/strong> publi\u00e9s sur les plus importants portails d&rsquo;opinions en ligne ! Nous vous rappelons que seulement <strong>en r\u00e9servant directement depuis notre site officiel vous deviendrez un voyageur privil\u00e9gi\u00e9 <\/strong>: vous serez suivi personnellement par notre \u00e9quipe du d\u00e9but \u00e0 la fin et vous pourrez b\u00e9n\u00e9ficier de tarifs sp\u00e9ciaux, offres et promotions qui vous seront exclusivement r\u00e9serv\u00e9s !<br \/>\nDe plus, si vous r\u00e9servez sur notre site officiel, <strong>il vous sera demand\u00e9 d&rsquo;\u00e9crire un \u00ab\u00a0avis officiel\u00a0\u00bb, garanti car li\u00e9 \u00e0 une r\u00e9servation effective<\/strong>. De cette fa\u00e7on, vous pourrez contribuer \u00e0 am\u00e9liorer la qualit\u00e9 du service que nous offrons, \u00e0 vous et \u00e0 tous les voyageurs !<\/p>\n<p><link rel=\"stylesheet\" href=\"https:\/\/include.nozio.com\/dynamic\/css\/nozioreviewscss.css\" type=\"text\/css\" media=\"all\" \/>\n<div id=\"nozioreviewswidget\"><a href=\"https:\/\/www.nozio.com\/europe\/italy\/lazio\/rome\/rome\/lodging\/hotels\/2_two_stars_hotels\/hotel_golden.htm\">Hotel Golden<\/a><\/div>\n<script type=\"text\/javascript\" src=\"https:\/\/include.nozio.com\/dynamic\/js\/jquery_tooltip.js\"><\/script>\n<script type=\"text\/javascript\" src=\"https:\/\/include.nozio.com\/dynamic\/js\/nozio_reviews.php?idsk=58492&amp;lang=en&amp;widgetwidth=603\"><\/script><\/div><br \/>\n<br clear=\"all\" \/><\/p>\n<div id=\"TA_selfserveprop524\" class=\"TA_selfserveprop\">\n<ul id=\"kDGDEUr4B1Cx\" class=\"TA_links WNwSM3h7gO\">\n<li id=\"VTI616SBQQte\" class=\"1tD2rvnf04wC\"><a target=\"_blank\" href=\"http:\/\/www.tripadvisor.it\/Hotel_Review-g187791-d557956-Reviews-Hotel_Golden-Rome_Lazio.html\">Hotel Golden<\/a> a Roma: 1103 recensioni<\/li>\n<\/ul>\n<\/div>\n<p><script src=\"http:\/\/www.jscache.com\/wejs?wtype=selfserveprop&amp;uniq=524&amp;locationId=557956&amp;lang=it&amp;rating=true&amp;nreviews=4&amp;writereviewlink=false&amp;popIdx=true&amp;iswide=true&amp;border=true\"><\/script><\/p>\n<p><br clear=\"all\" \/><br \/>\n<\/div>\n","protected":false},"excerpt":{"rendered":"<p class=\"nome\">Demandez-le \u00e0<br \/> <span>Marco<\/span><\/p>\n<p><img loading=\"lazy\" decoding=\"async\" src=\"https:\/\/www.hotelgoldenrome.com\/wp-content\/uploads\/2013\/08\/tripadvisor-reviews.gif\" alt=\"tripadvisor-reviews\" width=\"113\" height=\"80\" class=\"aligncenter size-full wp-image-76 trip\" \/><\/p>\n<p> Notre meilleure carte de visite, c&rsquo;est celle que nos clients \u00e9crivent sur nous ! <\/p>\n","protected":false},"author":17,"featured_media":2147,"parent":0,"menu_order":0,"comment_status":"open","ping_status":"open","template":"page-duecolonne.php","meta":{"ngg_post_thumbnail":0,"footnotes":""},"class_list":["post-818","page","type-page","status-publish","has-post-thumbnail","hentry"],"yoast_head":"<!-- This site is optimized with the Yoast SEO plugin v25.7 - https:\/\/yoast.com\/wordpress\/plugins\/seo\/ -->\n<title>Avis | Hotel Golden<\/title>\n<meta name=\"description\" content=\"Avis, Hotel Golden: H\u00f4tel situ\u00e9 pr\u00e8s Villa Borghese \u00e0 Rome.\" \/>\n<meta name=\"robots\" content=\"index, follow, max-snippet:-1, max-image-preview:large, max-video-preview:-1\" \/>\n<link rel=\"canonical\" href=\"https:\/\/www.hotelgoldenrome.com\/fr\/avis\/\" \/>\n<meta property=\"og:locale\" content=\"fr_FR\" \/>\n<meta property=\"og:type\" content=\"article\" \/>\n<meta property=\"og:title\" content=\"Avis | Hotel Golden\" \/>\n<meta property=\"og:description\" content=\"Avis, Hotel Golden: H\u00f4tel situ\u00e9 pr\u00e8s Villa Borghese \u00e0 Rome.\" \/>\n<meta property=\"og:url\" content=\"https:\/\/www.hotelgoldenrome.com\/fr\/avis\/\" \/>\n<meta property=\"og:site_name\" content=\"Hotel Golden\" \/>\n<meta property=\"article:modified_time\" content=\"2016-08-10T10:09:53+00:00\" \/>\n<meta property=\"og:image\" content=\"https:\/\/www.hotelgoldenrome.com\/wp-content\/uploads\/2013\/08\/marco.jpg\" \/>\n\t<meta property=\"og:image:width\" content=\"206\" \/>\n\t<meta property=\"og:image:height\" content=\"206\" \/>\n\t<meta property=\"og:image:type\" content=\"image\/jpeg\" \/>\n<meta name=\"twitter:label1\" content=\"Dur\u00e9e de lecture estim\u00e9e\" \/>\n\t<meta name=\"twitter:data1\" content=\"1 minute\" \/>\n<script type=\"application\/ld+json\" class=\"yoast-schema-graph\">{\"@context\":\"https:\/\/schema.org\",\"@graph\":[{\"@type\":\"WebPage\",\"@id\":\"https:\/\/www.hotelgoldenrome.com\/fr\/avis\/\",\"url\":\"https:\/\/www.hotelgoldenrome.com\/fr\/avis\/\",\"name\":\"Avis | Hotel Golden\",\"isPartOf\":{\"@id\":\"https:\/\/www.hotelgoldenrome.com\/fr\/#website\"},\"primaryImageOfPage\":{\"@id\":\"https:\/\/www.hotelgoldenrome.com\/fr\/avis\/#primaryimage\"},\"image\":{\"@id\":\"https:\/\/www.hotelgoldenrome.com\/fr\/avis\/#primaryimage\"},\"thumbnailUrl\":\"https:\/\/www.hotelgoldenrome.com\/wp-content\/uploads\/2013\/08\/marco.jpg\",\"datePublished\":\"2013-10-04T09:59:14+00:00\",\"dateModified\":\"2016-08-10T10:09:53+00:00\",\"description\":\"Avis, Hotel Golden: H\u00f4tel situ\u00e9 pr\u00e8s Villa Borghese \u00e0 Rome.\",\"breadcrumb\":{\"@id\":\"https:\/\/www.hotelgoldenrome.com\/fr\/avis\/#breadcrumb\"},\"inLanguage\":\"fr-FR\",\"potentialAction\":[{\"@type\":\"ReadAction\",\"target\":[\"https:\/\/www.hotelgoldenrome.com\/fr\/avis\/\"]}]},{\"@type\":\"ImageObject\",\"inLanguage\":\"fr-FR\",\"@id\":\"https:\/\/www.hotelgoldenrome.com\/fr\/avis\/#primaryimage\",\"url\":\"https:\/\/www.hotelgoldenrome.com\/wp-content\/uploads\/2013\/08\/marco.jpg\",\"contentUrl\":\"https:\/\/www.hotelgoldenrome.com\/wp-content\/uploads\/2013\/08\/marco.jpg\",\"width\":206,\"height\":206},{\"@type\":\"BreadcrumbList\",\"@id\":\"https:\/\/www.hotelgoldenrome.com\/fr\/avis\/#breadcrumb\",\"itemListElement\":[{\"@type\":\"ListItem\",\"position\":1,\"name\":\"Home\",\"item\":\"https:\/\/www.hotelgoldenrome.com\/fr\/\"},{\"@type\":\"ListItem\",\"position\":2,\"name\":\"Avis\"}]},{\"@type\":\"WebSite\",\"@id\":\"https:\/\/www.hotelgoldenrome.com\/fr\/#website\",\"url\":\"https:\/\/www.hotelgoldenrome.com\/fr\/\",\"name\":\"Hotel Golden\",\"description\":\"..your Family run hotel in Rome\",\"potentialAction\":[{\"@type\":\"SearchAction\",\"target\":{\"@type\":\"EntryPoint\",\"urlTemplate\":\"https:\/\/www.hotelgoldenrome.com\/fr\/?s={search_term_string}\"},\"query-input\":{\"@type\":\"PropertyValueSpecification\",\"valueRequired\":true,\"valueName\":\"search_term_string\"}}],\"inLanguage\":\"fr-FR\"}]}<\/script>\n<!-- \/ Yoast SEO plugin. -->","yoast_head_json":{"title":"Avis | Hotel Golden","description":"Avis, Hotel Golden: H\u00f4tel situ\u00e9 pr\u00e8s Villa Borghese \u00e0 Rome.","robots":{"index":"index","follow":"follow","max-snippet":"max-snippet:-1","max-image-preview":"max-image-preview:large","max-video-preview":"max-video-preview:-1"},"canonical":"https:\/\/www.hotelgoldenrome.com\/fr\/avis\/","og_locale":"fr_FR","og_type":"article","og_title":"Avis | Hotel Golden","og_description":"Avis, Hotel Golden: H\u00f4tel situ\u00e9 pr\u00e8s Villa Borghese \u00e0 Rome.","og_url":"https:\/\/www.hotelgoldenrome.com\/fr\/avis\/","og_site_name":"Hotel Golden","article_modified_time":"2016-08-10T10:09:53+00:00","og_image":[{"width":206,"height":206,"url":"https:\/\/www.hotelgoldenrome.com\/wp-content\/uploads\/2013\/08\/marco.jpg","type":"image\/jpeg"}],"twitter_misc":{"Dur\u00e9e de lecture estim\u00e9e":"1 minute"},"schema":{"@context":"https:\/\/schema.org","@graph":[{"@type":"WebPage","@id":"https:\/\/www.hotelgoldenrome.com\/fr\/avis\/","url":"https:\/\/www.hotelgoldenrome.com\/fr\/avis\/","name":"Avis | Hotel Golden","isPartOf":{"@id":"https:\/\/www.hotelgoldenrome.com\/fr\/#website"},"primaryImageOfPage":{"@id":"https:\/\/www.hotelgoldenrome.com\/fr\/avis\/#primaryimage"},"image":{"@id":"https:\/\/www.hotelgoldenrome.com\/fr\/avis\/#primaryimage"},"thumbnailUrl":"https:\/\/www.hotelgoldenrome.com\/wp-content\/uploads\/2013\/08\/marco.jpg","datePublished":"2013-10-04T09:59:14+00:00","dateModified":"2016-08-10T10:09:53+00:00","description":"Avis, Hotel Golden: H\u00f4tel situ\u00e9 pr\u00e8s Villa Borghese \u00e0 Rome.","breadcrumb":{"@id":"https:\/\/www.hotelgoldenrome.com\/fr\/avis\/#breadcrumb"},"inLanguage":"fr-FR","potentialAction":[{"@type":"ReadAction","target":["https:\/\/www.hotelgoldenrome.com\/fr\/avis\/"]}]},{"@type":"ImageObject","inLanguage":"fr-FR","@id":"https:\/\/www.hotelgoldenrome.com\/fr\/avis\/#primaryimage","url":"https:\/\/www.hotelgoldenrome.com\/wp-content\/uploads\/2013\/08\/marco.jpg","contentUrl":"https:\/\/www.hotelgoldenrome.com\/wp-content\/uploads\/2013\/08\/marco.jpg","width":206,"height":206},{"@type":"BreadcrumbList","@id":"https:\/\/www.hotelgoldenrome.com\/fr\/avis\/#breadcrumb","itemListElement":[{"@type":"ListItem","position":1,"name":"Home","item":"https:\/\/www.hotelgoldenrome.com\/fr\/"},{"@type":"ListItem","position":2,"name":"Avis"}]},{"@type":"WebSite","@id":"https:\/\/www.hotelgoldenrome.com\/fr\/#website","url":"https:\/\/www.hotelgoldenrome.com\/fr\/","name":"Hotel Golden","description":"..your Family run hotel in Rome","potentialAction":[{"@type":"SearchAction","target":{"@type":"EntryPoint","urlTemplate":"https:\/\/www.hotelgoldenrome.com\/fr\/?s={search_term_string}"},"query-input":{"@type":"PropertyValueSpecification","valueRequired":true,"valueName":"search_term_string"}}],"inLanguage":"fr-FR"}]}},"_links":{"self":[{"href":"https:\/\/www.hotelgoldenrome.com\/fr\/wp-json\/wp\/v2\/pages\/818","targetHints":{"allow":["GET"]}}],"collection":[{"href":"https:\/\/www.hotelgoldenrome.com\/fr\/wp-json\/wp\/v2\/pages"}],"about":[{"href":"https:\/\/www.hotelgoldenrome.com\/fr\/wp-json\/wp\/v2\/types\/page"}],"author":[{"embeddable":true,"href":"https:\/\/www.hotelgoldenrome.com\/fr\/wp-json\/wp\/v2\/users\/17"}],"replies":[{"embeddable":true,"href":"https:\/\/www.hotelgoldenrome.com\/fr\/wp-json\/wp\/v2\/comments?post=818"}],"version-history":[{"count":10,"href":"https:\/\/www.hotelgoldenrome.com\/fr\/wp-json\/wp\/v2\/pages\/818\/revisions"}],"predecessor-version":[{"id":2162,"href":"https:\/\/www.hotelgoldenrome.com\/fr\/wp-json\/wp\/v2\/pages\/818\/revisions\/2162"}],"wp:featuredmedia":[{"embeddable":true,"href":"https:\/\/www.hotelgoldenrome.com\/fr\/wp-json\/wp\/v2\/media\/2147"}],"wp:attachment":[{"href":"https:\/\/www.hotelgoldenrome.com\/fr\/wp-json\/wp\/v2\/media?parent=818"}],"curies":[{"name":"wp","href":"https:\/\/api.w.org\/{rel}","templated":true}]}}