{"id":849,"date":"2013-10-04T10:48:36","date_gmt":"2013-10-04T10:48:36","guid":{"rendered":"https:\/\/www.hotelgoldenrome.com\/?page_id=849"},"modified":"2014-08-13T07:30:25","modified_gmt":"2014-08-13T07:30:25","slug":"home-fr","status":"publish","type":"page","link":"https:\/\/www.hotelgoldenrome.com\/fr\/","title":{"rendered":"Home"},"content":{"rendered":"<div style=\"display:block\"><div class=\"colonna\"><img loading=\"lazy\" decoding=\"async\" width=\"206\" height=\"206\" src=\"https:\/\/www.hotelgoldenrome.com\/wp-content\/uploads\/2013\/08\/maria-teresa.jpg\" class=\"attachment-post-thumbnail size-post-thumbnail wp-post-image\" alt=\"\" srcset=\"https:\/\/www.hotelgoldenrome.com\/wp-content\/uploads\/2013\/08\/maria-teresa.jpg 206w, https:\/\/www.hotelgoldenrome.com\/wp-content\/uploads\/2013\/08\/maria-teresa-150x150.jpg 150w\" sizes=\"auto, (max-width: 206px) 100vw, 206px\" \/>\n<div><p class=\"nome\">Demandez-le \u00e0<br \/> <span>Maria Teresa<\/span><\/p>\r\n<p>Lorsque j'entre dans l'une de nos chambres, je retrouve l'atmosph\u00e8re d'un vrai chez-moi, \u00e0 la fois accueillant et meubl\u00e9 avec soin. Et si vous voyagez avec vos enfants, demandez la Family Suite !<\/p> <p><a href=\"https:\/\/www.hotelgoldenrome.com\/fr\/chambres\/\">Aller \u00e0 la page \u00bb<\/a><\/p><\/div>\n<\/div><div class=\"colonna\"><img loading=\"lazy\" decoding=\"async\" width=\"206\" height=\"206\" src=\"https:\/\/www.hotelgoldenrome.com\/wp-content\/uploads\/2013\/08\/giuseppe.jpg\" class=\"attachment-post-thumbnail size-post-thumbnail wp-post-image\" alt=\"\" srcset=\"https:\/\/www.hotelgoldenrome.com\/wp-content\/uploads\/2013\/08\/giuseppe.jpg 206w, https:\/\/www.hotelgoldenrome.com\/wp-content\/uploads\/2013\/08\/giuseppe-150x150.jpg 150w\" sizes=\"auto, (max-width: 206px) 100vw, 206px\" \/>\n<div><p class=\"nome\">Demandez-le \u00e0 <br \/><span>Giuseppe<\/span><\/p>\r\n<p>S\u00e9journer dans notre h\u00f4tel, c'est avoir Rome \u00e0 port\u00e9e de main. Nous sommes tout pr\u00e8s de la Veneto et de l'arr\u00eat du m\u00e9tro, mais vous pouvez \u00e9galement vous d\u00e9placer \u00e0 pied !<\/p> <p><a href=\"https:\/\/www.hotelgoldenrome.com\/fr\/situation\/\">Aller \u00e0 la page \u00bb<\/a><\/p><\/div>\n<\/div><div class=\"colonna\"><img loading=\"lazy\" decoding=\"async\" width=\"206\" height=\"206\" src=\"https:\/\/www.hotelgoldenrome.com\/wp-content\/uploads\/2013\/08\/marco.jpg\" class=\"attachment-post-thumbnail size-post-thumbnail wp-post-image\" alt=\"\" srcset=\"https:\/\/www.hotelgoldenrome.com\/wp-content\/uploads\/2013\/08\/marco.jpg 206w, https:\/\/www.hotelgoldenrome.com\/wp-content\/uploads\/2013\/08\/marco-150x150.jpg 150w\" sizes=\"auto, (max-width: 206px) 100vw, 206px\" \/>\n<div><p class=\"nome\">Demandez-le \u00e0<br \/> <span>Marco<\/span><\/p><img loading=\"lazy\" decoding=\"async\" src=\"https:\/\/www.hotelgoldenrome.com\/wp-content\/uploads\/2013\/08\/tripadvisor-reviews.gif\" alt=\"tripadvisor-reviews\" width=\"113\" height=\"80\" class=\"aligncenter size-full wp-image-76 trip\" \/><p> Notre meilleure carte de visite, c'est celle que nos clients \u00e9crivent sur nous ! <\/p> <p><a href=\"https:\/\/www.hotelgoldenrome.com\/fr\/avis\/\">Aller \u00e0 la page \u00bb<\/a><\/p><\/div>\n<\/div><\/div>\n<p><br clear=\"all\" \/><\/p>\n<div id=\"bianco\">\n<h1>H\u00f4tel de gestion familiale pr\u00e8s de la Piazza di Spagna<\/h1\n\n\n\n<p>L\u2019H\u00f4tel Golden vous accueille en famille!<br \/>\n<strong>\u00c9tablissement de gestion familiale<\/strong> \u00e0 proximit\u00e9 de la <strong>Piazza di Spagna<\/strong>, l\u2019<strong>H\u00f4tel Golden de Rome<\/strong> est envelopp\u00e9 dans une atmosph\u00e8re plaisante et accueillante, comme si vous \u00e9tiez chez vous.<br \/>\nLa famille Loria, qui g\u00e8re avec passion cet h\u00f4tel depuis plus de 20 ans, vous attend avec son accueil l\u00e9gendaire afin de vous offrir un s\u00e9jour inoubliable au c\u0153ur de la Cit\u00e9 \u00e9ternelle. <\/p>\n<p>L\u2019<strong>H\u00f4tel Golden<\/strong> b\u00e9n\u00e9ficie d&rsquo;un\u2019<strong>emplacement privil\u00e9gi\u00e9<\/strong>, \u00e0 deux pas de la <strong>Villa Borghese<\/strong> et de son superbe mus\u00e9e, la Galerie Borghese, ce qui est pratique pour visiter les sites les plus importants de <strong>Rome<\/strong>, comme la via Veneto, la <strong>fontaine de Tr\u00e9vi<\/strong> et la Piazza del Popolo. <\/p>\n<p>Parmi les <strong>h\u00f4tels de Rome de gestion familiale<\/strong>, l\u2019H\u00f4tel Golden se distingue par ses services et son confort de qualit\u00e9 sup\u00e9rieure.<\/p>\n<\/div>\n<div id=\"garanzia\">\n<h1>R&eacute;servez en-ligne et payez &agrave; l&rsquo;h&ocirc;tel<\/h1>\n<p>R&eacute;server directement depuis le site officiel c&rsquo;est facile, avantageux et s&ucirc;r : alors que les informations de la carte de cr&eacute;dit servent uniquement &agrave; garantir votre r&eacute;servation, le paiement sera effectu&eacute; par vous-m&ecirc;me &agrave; l&rsquo;h&ocirc;tel, au moment de votre d&eacute;part. <strong>Meilleur tarif garanti!<\/strong><\/p>\n<\/div>\n","protected":false},"excerpt":{"rendered":"<p>H\u00f4tel de gestion familiale pr\u00e8s de la Piazza di Spagna<\/p>\n","protected":false},"author":17,"featured_media":0,"parent":0,"menu_order":0,"comment_status":"open","ping_status":"open","template":"index.php","meta":{"ngg_post_thumbnail":0,"footnotes":""},"class_list":["post-849","page","type-page","status-publish","hentry"],"yoast_head":"<!-- This site is optimized with the Yoast SEO plugin v25.7 - https:\/\/yoast.com\/wordpress\/plugins\/seo\/ -->\n<title>H\u00f4tel pr\u00e8s de Place d&#039;Espagne | H\u00f4tel Golden Site officiel<\/title>\n<meta name=\"description\" content=\"H\u00f4tel \u00e0 gestion familiale dans le centre de Rome, \u00e0 proximit\u00e9 de la Place d&#039;Espagne. En s\u00e9journant dans notre \u00e9tablissement, vous respirerez l&#039;atmosph\u00e8re d&#039;une vraie maison habit\u00e9e par une v\u00e9ritable famille.\" \/>\n<meta name=\"robots\" content=\"index, follow, max-snippet:-1, max-image-preview:large, max-video-preview:-1\" \/>\n<link rel=\"canonical\" href=\"https:\/\/www.hotelgoldenrome.com\/fr\/\" \/>\n<meta property=\"og:locale\" content=\"fr_FR\" \/>\n<meta property=\"og:type\" content=\"article\" \/>\n<meta property=\"og:title\" content=\"H\u00f4tel pr\u00e8s de Place d&#039;Espagne | H\u00f4tel Golden Site officiel\" \/>\n<meta property=\"og:description\" content=\"H\u00f4tel \u00e0 gestion familiale dans le centre de Rome, \u00e0 proximit\u00e9 de la Place d&#039;Espagne. En s\u00e9journant dans notre \u00e9tablissement, vous respirerez l&#039;atmosph\u00e8re d&#039;une vraie maison habit\u00e9e par une v\u00e9ritable famille.\" \/>\n<meta property=\"og:url\" content=\"https:\/\/www.hotelgoldenrome.com\/fr\/\" \/>\n<meta property=\"og:site_name\" content=\"Hotel Golden\" \/>\n<meta property=\"article:modified_time\" content=\"2014-08-13T07:30:25+00:00\" \/>\n<script type=\"application\/ld+json\" class=\"yoast-schema-graph\">{\"@context\":\"https:\/\/schema.org\",\"@graph\":[{\"@type\":\"WebPage\",\"@id\":\"https:\/\/www.hotelgoldenrome.com\/fr\/\",\"url\":\"https:\/\/www.hotelgoldenrome.com\/fr\/\",\"name\":\"H\u00f4tel pr\u00e8s de Place d'Espagne | H\u00f4tel Golden Site officiel\",\"isPartOf\":{\"@id\":\"https:\/\/www.hotelgoldenrome.com\/fr\/#website\"},\"datePublished\":\"2013-10-04T10:48:36+00:00\",\"dateModified\":\"2014-08-13T07:30:25+00:00\",\"description\":\"H\u00f4tel \u00e0 gestion familiale dans le centre de Rome, \u00e0 proximit\u00e9 de la Place d'Espagne. En s\u00e9journant dans notre \u00e9tablissement, vous respirerez l'atmosph\u00e8re d'une vraie maison habit\u00e9e par une v\u00e9ritable famille.\",\"breadcrumb\":{\"@id\":\"https:\/\/www.hotelgoldenrome.com\/fr\/#breadcrumb\"},\"inLanguage\":\"fr-FR\",\"potentialAction\":[{\"@type\":\"ReadAction\",\"target\":[\"https:\/\/www.hotelgoldenrome.com\/fr\/\"]}]},{\"@type\":\"BreadcrumbList\",\"@id\":\"https:\/\/www.hotelgoldenrome.com\/fr\/#breadcrumb\",\"itemListElement\":[{\"@type\":\"ListItem\",\"position\":1,\"name\":\"Home\",\"item\":\"https:\/\/www.hotelgoldenrome.com\/fr\/\"},{\"@type\":\"ListItem\",\"position\":2,\"name\":\"Home\"}]},{\"@type\":\"WebSite\",\"@id\":\"https:\/\/www.hotelgoldenrome.com\/fr\/#website\",\"url\":\"https:\/\/www.hotelgoldenrome.com\/fr\/\",\"name\":\"Hotel Golden\",\"description\":\"..your Family run hotel in Rome\",\"potentialAction\":[{\"@type\":\"SearchAction\",\"target\":{\"@type\":\"EntryPoint\",\"urlTemplate\":\"https:\/\/www.hotelgoldenrome.com\/fr\/?s={search_term_string}\"},\"query-input\":{\"@type\":\"PropertyValueSpecification\",\"valueRequired\":true,\"valueName\":\"search_term_string\"}}],\"inLanguage\":\"fr-FR\"}]}<\/script>\n<!-- \/ Yoast SEO plugin. -->","yoast_head_json":{"title":"H\u00f4tel pr\u00e8s de Place d'Espagne | H\u00f4tel Golden Site officiel","description":"H\u00f4tel \u00e0 gestion familiale dans le centre de Rome, \u00e0 proximit\u00e9 de la Place d'Espagne. En s\u00e9journant dans notre \u00e9tablissement, vous respirerez l'atmosph\u00e8re d'une vraie maison habit\u00e9e par une v\u00e9ritable famille.","robots":{"index":"index","follow":"follow","max-snippet":"max-snippet:-1","max-image-preview":"max-image-preview:large","max-video-preview":"max-video-preview:-1"},"canonical":"https:\/\/www.hotelgoldenrome.com\/fr\/","og_locale":"fr_FR","og_type":"article","og_title":"H\u00f4tel pr\u00e8s de Place d'Espagne | H\u00f4tel Golden Site officiel","og_description":"H\u00f4tel \u00e0 gestion familiale dans le centre de Rome, \u00e0 proximit\u00e9 de la Place d'Espagne. En s\u00e9journant dans notre \u00e9tablissement, vous respirerez l'atmosph\u00e8re d'une vraie maison habit\u00e9e par une v\u00e9ritable famille.","og_url":"https:\/\/www.hotelgoldenrome.com\/fr\/","og_site_name":"Hotel Golden","article_modified_time":"2014-08-13T07:30:25+00:00","schema":{"@context":"https:\/\/schema.org","@graph":[{"@type":"WebPage","@id":"https:\/\/www.hotelgoldenrome.com\/fr\/","url":"https:\/\/www.hotelgoldenrome.com\/fr\/","name":"H\u00f4tel pr\u00e8s de Place d'Espagne | H\u00f4tel Golden Site officiel","isPartOf":{"@id":"https:\/\/www.hotelgoldenrome.com\/fr\/#website"},"datePublished":"2013-10-04T10:48:36+00:00","dateModified":"2014-08-13T07:30:25+00:00","description":"H\u00f4tel \u00e0 gestion familiale dans le centre de Rome, \u00e0 proximit\u00e9 de la Place d'Espagne. En s\u00e9journant dans notre \u00e9tablissement, vous respirerez l'atmosph\u00e8re d'une vraie maison habit\u00e9e par une v\u00e9ritable famille.","breadcrumb":{"@id":"https:\/\/www.hotelgoldenrome.com\/fr\/#breadcrumb"},"inLanguage":"fr-FR","potentialAction":[{"@type":"ReadAction","target":["https:\/\/www.hotelgoldenrome.com\/fr\/"]}]},{"@type":"BreadcrumbList","@id":"https:\/\/www.hotelgoldenrome.com\/fr\/#breadcrumb","itemListElement":[{"@type":"ListItem","position":1,"name":"Home","item":"https:\/\/www.hotelgoldenrome.com\/fr\/"},{"@type":"ListItem","position":2,"name":"Home"}]},{"@type":"WebSite","@id":"https:\/\/www.hotelgoldenrome.com\/fr\/#website","url":"https:\/\/www.hotelgoldenrome.com\/fr\/","name":"Hotel Golden","description":"..your Family run hotel in Rome","potentialAction":[{"@type":"SearchAction","target":{"@type":"EntryPoint","urlTemplate":"https:\/\/www.hotelgoldenrome.com\/fr\/?s={search_term_string}"},"query-input":{"@type":"PropertyValueSpecification","valueRequired":true,"valueName":"search_term_string"}}],"inLanguage":"fr-FR"}]}},"_links":{"self":[{"href":"https:\/\/www.hotelgoldenrome.com\/fr\/wp-json\/wp\/v2\/pages\/849","targetHints":{"allow":["GET"]}}],"collection":[{"href":"https:\/\/www.hotelgoldenrome.com\/fr\/wp-json\/wp\/v2\/pages"}],"about":[{"href":"https:\/\/www.hotelgoldenrome.com\/fr\/wp-json\/wp\/v2\/types\/page"}],"author":[{"embeddable":true,"href":"https:\/\/www.hotelgoldenrome.com\/fr\/wp-json\/wp\/v2\/users\/17"}],"replies":[{"embeddable":true,"href":"https:\/\/www.hotelgoldenrome.com\/fr\/wp-json\/wp\/v2\/comments?post=849"}],"version-history":[{"count":8,"href":"https:\/\/www.hotelgoldenrome.com\/fr\/wp-json\/wp\/v2\/pages\/849\/revisions"}],"predecessor-version":[{"id":2052,"href":"https:\/\/www.hotelgoldenrome.com\/fr\/wp-json\/wp\/v2\/pages\/849\/revisions\/2052"}],"wp:attachment":[{"href":"https:\/\/www.hotelgoldenrome.com\/fr\/wp-json\/wp\/v2\/media?parent=849"}],"curies":[{"name":"wp","href":"https:\/\/api.w.org\/{rel}","templated":true}]}}