{"id":34,"date":"2013-08-28T07:30:33","date_gmt":"2013-08-28T07:30:33","guid":{"rendered":"https:\/\/www.hotelgoldenrome.com\/?page_id=34"},"modified":"2016-08-10T10:11:11","modified_gmt":"2016-08-10T10:11:11","slug":"recensioni","status":"publish","type":"page","link":"https:\/\/www.hotelgoldenrome.com\/it\/recensioni\/","title":{"rendered":"Recensioni"},"content":{"rendered":"<div id=\"colonna-sx\"><br \/>\n<img loading=\"lazy\" decoding=\"async\" alt=\"Marco\" src=\"https:\/\/www.hotelgoldenrome.com\/wp-content\/uploads\/2013\/08\/marco.jpg\" width=\"206\" height=\"206\" \/><\/p>\n<p class=\"nome\">Chiedilo a<br \/> <span>Marco<\/span><\/p>\n<p> Il nostro miglior biglietto da visita \u00e8 quello che scrivono di noi! Leggetevi le recensioni dei nostri ospiti, a volte sorprendono anche noi! \u00c8 il giusto incentivo per offrirvi ancora di pi\u00f9.<\/p>\n<div class=\"box_ta\">\n<p><em><strong>Ai nostri gentili ospiti<\/strong><\/em><\/p>\n<p><em>Gentili ospiti, a tutti un sincero grazie di cuore per le vostre parole di apprezzamento che hanno permesso di veder riconosciuto al nostro Hotel il prestigioso premio <strong>Travellers Choice 2012<\/strong> di Tripadvisor.<\/em><\/p>\n<p><em>Con riconoscenza,<br \/>\npap\u00e0 Mario, mamma Teresa e i figli, Giuseppe, Marco &#038; Maria Teresa.<\/em><\/p>\n<p><a class=\"thickbox\" href=\"https:\/\/www.hotelgoldenrome.com\/wp-content\/uploads\/2013\/08\/lettera.jpg\"><img decoding=\"async\" src=\"https:\/\/www.hotelgoldenrome.com\/wp-content\/uploads\/2013\/08\/tc2012.jpg\" alt=\"tripadvisor\" \/><\/a>\n<\/div>\n<p><br clear=\"all\" \/><\/p>\n<div id=\"TA_certificateOfExcellence540\" class=\"TA_certificateOfExcellence\">\n<ul id=\"SyOCtX56a2\" class=\"TA_links t9J0CKaw\">\n<li id=\"KkYoFMer\" class=\"Yt39WVT1Xk\">\n<a target=\"_blank\" href=\"https:\/\/www.tripadvisor.it\/Hotel_Review-g187791-d557956-Reviews-Hotel_Golden-Rome_Lazio.html\"><img decoding=\"async\" src=\"https:\/\/www.tripadvisor.it\/img\/cdsi\/img2\/awards\/CoE2016_WidgetAsset-14348-2.png\" alt=\"TripAdvisor\" class=\"widCOEImg\" id=\"CDSWIDCOELOGO\"\/><\/a>\n<\/li>\n<\/ul>\n<\/div>\n<p><script src=\"https:\/\/www.jscache.com\/wejs?wtype=certificateOfExcellence&amp;uniq=540&amp;locationId=557956&amp;lang=it&amp;year=2016&amp;display_version=2\"><\/script><br \/>\n<\/div>\n<div id=\"colonna-dx\"><\/p>\n<h1>Recensioni<\/h1>\n<p>Ecco le <strong>opinioni che i nostri ospiti hanno<\/strong> pubblicato sui pi\u00f9 importanti portali di recensioni online! Ti ricordiamo che solo <strong>prenotando direttamente dal nostro Sito Ufficiale sarai un viaggiatore privilegiato<\/strong>: sarai seguito personalmente dal nostro staff dall&#8217;inizio alla fine e potrai beneficiare di tariffe speciali, offerte e promozioni riservate esclusivamente a te! Inoltre, se prenoti attraverso il nostro Sito Ufficiale, <strong>ti verr\u00e0 richiesto di scrivere una &#8220;recensione ufficiale&#8221;, garantita perch\u00e8 collegata ad una prenotazione effettiva<\/strong>. In questo modo contribuirai a migliorare la qualit\u00e0 del servizio che offriamo a te e a tutti i viaggiatori!<br \/>\n<link rel=\"stylesheet\" href=\"https:\/\/include.nozio.com\/dynamic\/css\/nozioreviewscss.css\" type=\"text\/css\" media=\"all\" \/>\n<div id=\"nozioreviewswidget\"><a href=\"https:\/\/www.nozio.com\/europe\/italy\/lazio\/rome\/rome\/lodging\/hotels\/2_two_stars_hotels\/hotel_golden.htm\">Hotel Golden<\/a><\/div>\n<script type=\"text\/javascript\" src=\"https:\/\/include.nozio.com\/dynamic\/js\/jquery_tooltip.js\"><\/script>\n<script type=\"text\/javascript\" src=\"https:\/\/include.nozio.com\/dynamic\/js\/nozio_reviews.php?idsk=58492&amp;lang=en&amp;widgetwidth=603\"><\/script><\/div><br \/>\n<br clear=\"all\" \/><\/p>\n<div id=\"TA_selfserveprop524\" class=\"TA_selfserveprop\">\n<ul id=\"kDGDEUr4B1Cx\" class=\"TA_links WNwSM3h7gO\">\n<li id=\"VTI616SBQQte\" class=\"1tD2rvnf04wC\"><a target=\"_blank\" href=\"http:\/\/www.tripadvisor.it\/Hotel_Review-g187791-d557956-Reviews-Hotel_Golden-Rome_Lazio.html\">Hotel Golden<\/a> a Roma: 1103 recensioni<\/li>\n<\/ul>\n<\/div>\n<p><script src=\"http:\/\/www.jscache.com\/wejs?wtype=selfserveprop&amp;uniq=524&amp;locationId=557956&amp;lang=it&amp;rating=true&amp;nreviews=4&amp;writereviewlink=false&amp;popIdx=true&amp;iswide=true&amp;border=true\"><\/script><\/p>\n<p><br clear=\"all\" \/><br \/>\n<\/div>\n","protected":false},"excerpt":{"rendered":"<p class=\"nome\">Chiedilo a<br \/> <span>Marco<\/span><\/p>\n<p><img loading=\"lazy\" decoding=\"async\" src=\"https:\/\/www.hotelgoldenrome.com\/wp-content\/uploads\/2013\/08\/tripadvisor-reviews.gif\" alt=\"tripadvisor-reviews\" width=\"113\" height=\"80\" class=\"aligncenter size-full wp-image-76 trip\" \/><\/p>\n<p> Il nostro miglior biglietto da visita \u00e8 quello che scrivono di noi!<\/p>\n","protected":false},"author":17,"featured_media":73,"parent":0,"menu_order":0,"comment_status":"open","ping_status":"open","template":"page-duecolonne.php","meta":{"ngg_post_thumbnail":0,"footnotes":""},"class_list":["post-34","page","type-page","status-publish","has-post-thumbnail","hentry"],"yoast_head":"<!-- This site is optimized with the Yoast SEO plugin v25.7 - https:\/\/yoast.com\/wordpress\/plugins\/seo\/ -->\n<title>Recensioni - Hotel Golden<\/title>\n<meta name=\"description\" content=\"Recensioni, Hotel Golden: hotel 2 stelle a conduzione familiare a Roma centro vicino Piazza di Spagna.\" \/>\n<meta name=\"robots\" content=\"index, follow, max-snippet:-1, max-image-preview:large, max-video-preview:-1\" \/>\n<link rel=\"canonical\" href=\"https:\/\/www.hotelgoldenrome.com\/it\/recensioni\/\" \/>\n<meta property=\"og:locale\" content=\"it_IT\" \/>\n<meta property=\"og:type\" content=\"article\" \/>\n<meta property=\"og:title\" content=\"Recensioni - Hotel Golden\" \/>\n<meta property=\"og:description\" content=\"Recensioni, Hotel Golden: hotel 2 stelle a conduzione familiare a Roma centro vicino Piazza di Spagna.\" \/>\n<meta property=\"og:url\" content=\"https:\/\/www.hotelgoldenrome.com\/it\/recensioni\/\" \/>\n<meta property=\"og:site_name\" content=\"Hotel Golden\" \/>\n<meta property=\"article:modified_time\" content=\"2016-08-10T10:11:11+00:00\" \/>\n<meta property=\"og:image\" content=\"https:\/\/www.hotelgoldenrome.com\/wp-content\/uploads\/2013\/08\/marco.jpg\" \/>\n\t<meta property=\"og:image:width\" content=\"206\" \/>\n\t<meta property=\"og:image:height\" content=\"206\" \/>\n\t<meta property=\"og:image:type\" content=\"image\/jpeg\" \/>\n<meta name=\"twitter:label1\" content=\"Tempo di lettura stimato\" \/>\n\t<meta name=\"twitter:data1\" content=\"1 minuto\" \/>\n<script type=\"application\/ld+json\" class=\"yoast-schema-graph\">{\"@context\":\"https:\/\/schema.org\",\"@graph\":[{\"@type\":\"WebPage\",\"@id\":\"https:\/\/www.hotelgoldenrome.com\/it\/recensioni\/\",\"url\":\"https:\/\/www.hotelgoldenrome.com\/it\/recensioni\/\",\"name\":\"Recensioni - Hotel Golden\",\"isPartOf\":{\"@id\":\"https:\/\/www.hotelgoldenrome.com\/it\/#website\"},\"primaryImageOfPage\":{\"@id\":\"https:\/\/www.hotelgoldenrome.com\/it\/recensioni\/#primaryimage\"},\"image\":{\"@id\":\"https:\/\/www.hotelgoldenrome.com\/it\/recensioni\/#primaryimage\"},\"thumbnailUrl\":\"https:\/\/www.hotelgoldenrome.com\/wp-content\/uploads\/2013\/08\/marco.jpg\",\"datePublished\":\"2013-08-28T07:30:33+00:00\",\"dateModified\":\"2016-08-10T10:11:11+00:00\",\"description\":\"Recensioni, Hotel Golden: hotel 2 stelle a conduzione familiare a Roma centro vicino Piazza di Spagna.\",\"breadcrumb\":{\"@id\":\"https:\/\/www.hotelgoldenrome.com\/it\/recensioni\/#breadcrumb\"},\"inLanguage\":\"it-IT\",\"potentialAction\":[{\"@type\":\"ReadAction\",\"target\":[\"https:\/\/www.hotelgoldenrome.com\/it\/recensioni\/\"]}]},{\"@type\":\"ImageObject\",\"inLanguage\":\"it-IT\",\"@id\":\"https:\/\/www.hotelgoldenrome.com\/it\/recensioni\/#primaryimage\",\"url\":\"https:\/\/www.hotelgoldenrome.com\/wp-content\/uploads\/2013\/08\/marco.jpg\",\"contentUrl\":\"https:\/\/www.hotelgoldenrome.com\/wp-content\/uploads\/2013\/08\/marco.jpg\",\"width\":206,\"height\":206},{\"@type\":\"BreadcrumbList\",\"@id\":\"https:\/\/www.hotelgoldenrome.com\/it\/recensioni\/#breadcrumb\",\"itemListElement\":[{\"@type\":\"ListItem\",\"position\":1,\"name\":\"Home\",\"item\":\"https:\/\/www.hotelgoldenrome.com\/it\/\"},{\"@type\":\"ListItem\",\"position\":2,\"name\":\"Recensioni\"}]},{\"@type\":\"WebSite\",\"@id\":\"https:\/\/www.hotelgoldenrome.com\/it\/#website\",\"url\":\"https:\/\/www.hotelgoldenrome.com\/it\/\",\"name\":\"Hotel Golden\",\"description\":\"..your Family run hotel in Rome\",\"potentialAction\":[{\"@type\":\"SearchAction\",\"target\":{\"@type\":\"EntryPoint\",\"urlTemplate\":\"https:\/\/www.hotelgoldenrome.com\/it\/?s={search_term_string}\"},\"query-input\":{\"@type\":\"PropertyValueSpecification\",\"valueRequired\":true,\"valueName\":\"search_term_string\"}}],\"inLanguage\":\"it-IT\"}]}<\/script>\n<!-- \/ Yoast SEO plugin. -->","yoast_head_json":{"title":"Recensioni - Hotel Golden","description":"Recensioni, Hotel Golden: hotel 2 stelle a conduzione familiare a Roma centro vicino Piazza di Spagna.","robots":{"index":"index","follow":"follow","max-snippet":"max-snippet:-1","max-image-preview":"max-image-preview:large","max-video-preview":"max-video-preview:-1"},"canonical":"https:\/\/www.hotelgoldenrome.com\/it\/recensioni\/","og_locale":"it_IT","og_type":"article","og_title":"Recensioni - Hotel Golden","og_description":"Recensioni, Hotel Golden: hotel 2 stelle a conduzione familiare a Roma centro vicino Piazza di Spagna.","og_url":"https:\/\/www.hotelgoldenrome.com\/it\/recensioni\/","og_site_name":"Hotel Golden","article_modified_time":"2016-08-10T10:11:11+00:00","og_image":[{"width":206,"height":206,"url":"https:\/\/www.hotelgoldenrome.com\/wp-content\/uploads\/2013\/08\/marco.jpg","type":"image\/jpeg"}],"twitter_misc":{"Tempo di lettura stimato":"1 minuto"},"schema":{"@context":"https:\/\/schema.org","@graph":[{"@type":"WebPage","@id":"https:\/\/www.hotelgoldenrome.com\/it\/recensioni\/","url":"https:\/\/www.hotelgoldenrome.com\/it\/recensioni\/","name":"Recensioni - Hotel Golden","isPartOf":{"@id":"https:\/\/www.hotelgoldenrome.com\/it\/#website"},"primaryImageOfPage":{"@id":"https:\/\/www.hotelgoldenrome.com\/it\/recensioni\/#primaryimage"},"image":{"@id":"https:\/\/www.hotelgoldenrome.com\/it\/recensioni\/#primaryimage"},"thumbnailUrl":"https:\/\/www.hotelgoldenrome.com\/wp-content\/uploads\/2013\/08\/marco.jpg","datePublished":"2013-08-28T07:30:33+00:00","dateModified":"2016-08-10T10:11:11+00:00","description":"Recensioni, Hotel Golden: hotel 2 stelle a conduzione familiare a Roma centro vicino Piazza di Spagna.","breadcrumb":{"@id":"https:\/\/www.hotelgoldenrome.com\/it\/recensioni\/#breadcrumb"},"inLanguage":"it-IT","potentialAction":[{"@type":"ReadAction","target":["https:\/\/www.hotelgoldenrome.com\/it\/recensioni\/"]}]},{"@type":"ImageObject","inLanguage":"it-IT","@id":"https:\/\/www.hotelgoldenrome.com\/it\/recensioni\/#primaryimage","url":"https:\/\/www.hotelgoldenrome.com\/wp-content\/uploads\/2013\/08\/marco.jpg","contentUrl":"https:\/\/www.hotelgoldenrome.com\/wp-content\/uploads\/2013\/08\/marco.jpg","width":206,"height":206},{"@type":"BreadcrumbList","@id":"https:\/\/www.hotelgoldenrome.com\/it\/recensioni\/#breadcrumb","itemListElement":[{"@type":"ListItem","position":1,"name":"Home","item":"https:\/\/www.hotelgoldenrome.com\/it\/"},{"@type":"ListItem","position":2,"name":"Recensioni"}]},{"@type":"WebSite","@id":"https:\/\/www.hotelgoldenrome.com\/it\/#website","url":"https:\/\/www.hotelgoldenrome.com\/it\/","name":"Hotel Golden","description":"..your Family run hotel in Rome","potentialAction":[{"@type":"SearchAction","target":{"@type":"EntryPoint","urlTemplate":"https:\/\/www.hotelgoldenrome.com\/it\/?s={search_term_string}"},"query-input":{"@type":"PropertyValueSpecification","valueRequired":true,"valueName":"search_term_string"}}],"inLanguage":"it-IT"}]}},"_links":{"self":[{"href":"https:\/\/www.hotelgoldenrome.com\/it\/wp-json\/wp\/v2\/pages\/34","targetHints":{"allow":["GET"]}}],"collection":[{"href":"https:\/\/www.hotelgoldenrome.com\/it\/wp-json\/wp\/v2\/pages"}],"about":[{"href":"https:\/\/www.hotelgoldenrome.com\/it\/wp-json\/wp\/v2\/types\/page"}],"author":[{"embeddable":true,"href":"https:\/\/www.hotelgoldenrome.com\/it\/wp-json\/wp\/v2\/users\/17"}],"replies":[{"embeddable":true,"href":"https:\/\/www.hotelgoldenrome.com\/it\/wp-json\/wp\/v2\/comments?post=34"}],"version-history":[{"count":65,"href":"https:\/\/www.hotelgoldenrome.com\/it\/wp-json\/wp\/v2\/pages\/34\/revisions"}],"predecessor-version":[{"id":2166,"href":"https:\/\/www.hotelgoldenrome.com\/it\/wp-json\/wp\/v2\/pages\/34\/revisions\/2166"}],"wp:featuredmedia":[{"embeddable":true,"href":"https:\/\/www.hotelgoldenrome.com\/it\/wp-json\/wp\/v2\/media\/73"}],"wp:attachment":[{"href":"https:\/\/www.hotelgoldenrome.com\/it\/wp-json\/wp\/v2\/media?parent=34"}],"curies":[{"name":"wp","href":"https:\/\/api.w.org\/{rel}","templated":true}]}}