{"id":1023,"date":"2013-10-04T10:27:08","date_gmt":"2013-10-04T10:27:08","guid":{"rendered":"https:\/\/www.hotelgoldenrome.com\/anmeldelser-nb-2\/"},"modified":"2016-08-10T10:08:23","modified_gmt":"2016-08-10T10:08:23","slug":"anmeldelser","status":"publish","type":"page","link":"https:\/\/www.hotelgoldenrome.com\/no\/anmeldelser\/","title":{"rendered":"Anmeldelser"},"content":{"rendered":"<div id=\"colonna-sx\"><br \/>\n<img loading=\"lazy\" decoding=\"async\" alt=\"Marco\" src=\"https:\/\/www.hotelgoldenrome.com\/wp-content\/uploads\/2013\/08\/marco.jpg\" width=\"206\" height=\"206\" \/>  <\/p>\n<p class=\"nome\">Sp\u00f8r<br \/> <span>Marco<\/span><\/p>\n<p> V\u00e5r beste reklame er det som skrives om oss! Les omtalene fra gjestene v\u00e5re, i blant overrasker de ogs\u00e5 oss! Det inspirerer oss til \u00e5 tilby dere enda mer.<\/p>\n<div class=\"box_ta\">\n<p><em><strong>Til v\u00e5re kj\u00e6re gjester<\/strong><br \/>\nKj\u00e6re gjester,<br \/>\nen hjertelig takk til dere alle for de positive anmeldelsene som i \u00e5r har f\u00f8rt til at hotellet v\u00e5rt har blitt tildelt prisen <b>Travellers Choice 2012<\/b> av Tripadvisor.<\/p>\n<p>En takknemlig hilsen fra<br \/>\npap\u00e0 Mario, mamma Teresa e i figli, Giuseppe, Marco &amp; Maria Teresa<\/em><\/p>\n<p><a class=\"thickbox\" href=\"https:\/\/www.hotelgoldenrome.com\/wp-content\/uploads\/2013\/08\/lettera.jpg\"><img decoding=\"async\" src=\"https:\/\/www.hotelgoldenrome.com\/wp-content\/uploads\/2013\/08\/tc2012.jpg\" alt=\"tripadvisor\" \/><\/a>\n<\/div>\n<p><br clear=\"all\" \/><\/p>\n<div id=\"TA_certificateOfExcellence875\" class=\"TA_certificateOfExcellence\">\n<ul id=\"jcjjEoqfLKBe\" class=\"TA_links umzlRITp\">\n<li id=\"jZrTROybilnX\" class=\"Jf95NYhj6yX\">\n<a target=\"_blank\" href=\"https:\/\/no.tripadvisor.com\/Hotel_Review-g187791-d557956-Reviews-Hotel_Golden-Rome_Lazio.html\"><img decoding=\"async\" src=\"https:\/\/no.tripadvisor.com\/img\/cdsi\/img2\/awards\/CoE2016_WidgetAsset-14348-2.png\" alt=\"TripAdvisor\" class=\"widCOEImg\" id=\"CDSWIDCOELOGO\"\/><\/a>\n<\/li>\n<\/ul>\n<\/div>\n<p><script src=\"https:\/\/www.jscache.com\/wejs?wtype=certificateOfExcellence&amp;uniq=875&amp;locationId=557956&amp;lang=no&amp;year=2016&amp;display_version=2\"><\/script><\/p>\n<p><\/div>\n<div id=\"colonna-dx\"><\/p>\n<h1>Anmeldelser<\/h1>\n<p>Les <strong>omtalene som gjestene v\u00e5re har<\/strong> lagt ut p\u00e5 de viktigste nettstedene online! Vi minner omat bare <strong>ved \u00e5 bestille direkte fra v\u00e5r offisielle nettsted blir du en priviligert gjest<\/strong>: Du f\u00f8lges personlig av staben v\u00e5r, fra start til slutt og kan nyte godt av spesialpriser, tilbud og kampanjer bare for deg!<br \/>\nI tillegg, hvis du bestiller gjennom det offisielle nettstedet v\u00e5rt <strong>vil du bli bedt om \u00e5 skrive en &#8220;offisiell omtale&#8221;, garantert, fordi den er direkte knyttet til en faktisk bestilling<\/strong>. P\u00e5 den m\u00e5ten bidrar du til \u00e5 bedre kvaliteten p\u00e5 tjenestene vi tilbyr deg og alle dine medreisende!<\/p>\n<p><link rel=\"stylesheet\" href=\"https:\/\/include.nozio.com\/dynamic\/css\/nozioreviewscss.css\" type=\"text\/css\" media=\"all\" \/>\n<div id=\"nozioreviewswidget\"><a href=\"https:\/\/www.nozio.com\/europe\/italy\/lazio\/rome\/rome\/lodging\/hotels\/2_two_stars_hotels\/hotel_golden.htm\">Hotel Golden<\/a><\/div>\n<script type=\"text\/javascript\" src=\"https:\/\/include.nozio.com\/dynamic\/js\/jquery_tooltip.js\"><\/script>\n<script type=\"text\/javascript\" src=\"https:\/\/include.nozio.com\/dynamic\/js\/nozio_reviews.php?idsk=58492&amp;lang=en&amp;widgetwidth=603\"><\/script><\/div><br \/>\n<br clear=\"all\" \/><\/p>\n<div id=\"TA_selfserveprop524\" class=\"TA_selfserveprop\">\n<ul id=\"kDGDEUr4B1Cx\" class=\"TA_links WNwSM3h7gO\">\n<li id=\"VTI616SBQQte\" class=\"1tD2rvnf04wC\"><a target=\"_blank\" href=\"http:\/\/www.tripadvisor.it\/Hotel_Review-g187791-d557956-Reviews-Hotel_Golden-Rome_Lazio.html\">Hotel Golden<\/a> a Roma: 1103 recensioni<\/li>\n<\/ul>\n<\/div>\n<p><script src=\"http:\/\/www.jscache.com\/wejs?wtype=selfserveprop&amp;uniq=524&amp;locationId=557956&amp;lang=it&amp;rating=true&amp;nreviews=4&amp;writereviewlink=false&amp;popIdx=true&amp;iswide=true&amp;border=true\"><\/script><\/p>\n<p><br clear=\"all\" \/><br \/>\n<\/div>\n","protected":false},"excerpt":{"rendered":"\n<p class=\"nome\">Sp\u00f8r<br \/> <span>Marco<\/span><\/p>\n<p><img loading=\"lazy\" decoding=\"async\" src=\"https:\/\/www.hotelgoldenrome.com\/wp-content\/uploads\/2013\/08\/tripadvisor-reviews.gif\" alt=\"tripadvisor-reviews\" class=\"aligncenter size-full wp-image-76 trip\" height=\"80\" width=\"113\"><\/p>\n<p> V\u00e5r beste reklame er det som skrives om oss!<\/p>\n","protected":false},"author":17,"featured_media":2150,"parent":0,"menu_order":0,"comment_status":"open","ping_status":"open","template":"page-duecolonne.php","meta":{"ngg_post_thumbnail":0,"footnotes":""},"class_list":["post-1023","page","type-page","status-publish","has-post-thumbnail","hentry"],"yoast_head":"<!-- This site is optimized with the Yoast SEO plugin v25.7 - https:\/\/yoast.com\/wordpress\/plugins\/seo\/ -->\n<title>Anmeldelser | Hotel Golden<\/title>\n<meta name=\"description\" content=\"Anmeldelser, Hotel Golden: Familiedrevet 2 stjerners hotellet direkte p\u00e5 Villa Borghese i Roma.\" \/>\n<meta name=\"robots\" content=\"index, follow, max-snippet:-1, max-image-preview:large, max-video-preview:-1\" \/>\n<link rel=\"canonical\" href=\"https:\/\/www.hotelgoldenrome.com\/no\/anmeldelser\/\" \/>\n<meta property=\"og:locale\" content=\"en_US\" \/>\n<meta property=\"og:type\" content=\"article\" \/>\n<meta property=\"og:title\" content=\"Anmeldelser | Hotel Golden\" \/>\n<meta property=\"og:description\" content=\"Anmeldelser, Hotel Golden: Familiedrevet 2 stjerners hotellet direkte p\u00e5 Villa Borghese i Roma.\" \/>\n<meta property=\"og:url\" content=\"https:\/\/www.hotelgoldenrome.com\/no\/anmeldelser\/\" \/>\n<meta property=\"og:site_name\" content=\"Hotel Golden\" \/>\n<meta property=\"article:modified_time\" content=\"2016-08-10T10:08:23+00:00\" \/>\n<meta property=\"og:image\" content=\"https:\/\/www.hotelgoldenrome.com\/wp-content\/uploads\/2013\/08\/marco.jpg\" \/>\n\t<meta property=\"og:image:width\" content=\"206\" \/>\n\t<meta property=\"og:image:height\" content=\"206\" \/>\n\t<meta property=\"og:image:type\" content=\"image\/jpeg\" \/>\n<meta name=\"twitter:label1\" content=\"Est. reading time\" \/>\n\t<meta name=\"twitter:data1\" content=\"1 minute\" \/>\n<script type=\"application\/ld+json\" class=\"yoast-schema-graph\">{\"@context\":\"https:\/\/schema.org\",\"@graph\":[{\"@type\":\"WebPage\",\"@id\":\"https:\/\/www.hotelgoldenrome.com\/no\/anmeldelser\/\",\"url\":\"https:\/\/www.hotelgoldenrome.com\/no\/anmeldelser\/\",\"name\":\"Anmeldelser | Hotel Golden\",\"isPartOf\":{\"@id\":\"https:\/\/www.hotelgoldenrome.com\/no\/#website\"},\"primaryImageOfPage\":{\"@id\":\"https:\/\/www.hotelgoldenrome.com\/no\/anmeldelser\/#primaryimage\"},\"image\":{\"@id\":\"https:\/\/www.hotelgoldenrome.com\/no\/anmeldelser\/#primaryimage\"},\"thumbnailUrl\":\"https:\/\/www.hotelgoldenrome.com\/wp-content\/uploads\/2013\/08\/marco.jpg\",\"datePublished\":\"2013-10-04T10:27:08+00:00\",\"dateModified\":\"2016-08-10T10:08:23+00:00\",\"description\":\"Anmeldelser, Hotel Golden: Familiedrevet 2 stjerners hotellet direkte p\u00e5 Villa Borghese i Roma.\",\"breadcrumb\":{\"@id\":\"https:\/\/www.hotelgoldenrome.com\/no\/anmeldelser\/#breadcrumb\"},\"inLanguage\":\"no\",\"potentialAction\":[{\"@type\":\"ReadAction\",\"target\":[\"https:\/\/www.hotelgoldenrome.com\/no\/anmeldelser\/\"]}]},{\"@type\":\"ImageObject\",\"inLanguage\":\"no\",\"@id\":\"https:\/\/www.hotelgoldenrome.com\/no\/anmeldelser\/#primaryimage\",\"url\":\"https:\/\/www.hotelgoldenrome.com\/wp-content\/uploads\/2013\/08\/marco.jpg\",\"contentUrl\":\"https:\/\/www.hotelgoldenrome.com\/wp-content\/uploads\/2013\/08\/marco.jpg\",\"width\":206,\"height\":206},{\"@type\":\"BreadcrumbList\",\"@id\":\"https:\/\/www.hotelgoldenrome.com\/no\/anmeldelser\/#breadcrumb\",\"itemListElement\":[{\"@type\":\"ListItem\",\"position\":1,\"name\":\"Home\",\"item\":\"https:\/\/www.hotelgoldenrome.com\/no\/\"},{\"@type\":\"ListItem\",\"position\":2,\"name\":\"Anmeldelser\"}]},{\"@type\":\"WebSite\",\"@id\":\"https:\/\/www.hotelgoldenrome.com\/no\/#website\",\"url\":\"https:\/\/www.hotelgoldenrome.com\/no\/\",\"name\":\"Hotel Golden\",\"description\":\"..your Family run hotel in Rome\",\"potentialAction\":[{\"@type\":\"SearchAction\",\"target\":{\"@type\":\"EntryPoint\",\"urlTemplate\":\"https:\/\/www.hotelgoldenrome.com\/no\/?s={search_term_string}\"},\"query-input\":{\"@type\":\"PropertyValueSpecification\",\"valueRequired\":true,\"valueName\":\"search_term_string\"}}],\"inLanguage\":\"no\"}]}<\/script>\n<!-- \/ Yoast SEO plugin. -->","yoast_head_json":{"title":"Anmeldelser | Hotel Golden","description":"Anmeldelser, Hotel Golden: Familiedrevet 2 stjerners hotellet direkte p\u00e5 Villa Borghese i Roma.","robots":{"index":"index","follow":"follow","max-snippet":"max-snippet:-1","max-image-preview":"max-image-preview:large","max-video-preview":"max-video-preview:-1"},"canonical":"https:\/\/www.hotelgoldenrome.com\/no\/anmeldelser\/","og_locale":"en_US","og_type":"article","og_title":"Anmeldelser | Hotel Golden","og_description":"Anmeldelser, Hotel Golden: Familiedrevet 2 stjerners hotellet direkte p\u00e5 Villa Borghese i Roma.","og_url":"https:\/\/www.hotelgoldenrome.com\/no\/anmeldelser\/","og_site_name":"Hotel Golden","article_modified_time":"2016-08-10T10:08:23+00:00","og_image":[{"width":206,"height":206,"url":"https:\/\/www.hotelgoldenrome.com\/wp-content\/uploads\/2013\/08\/marco.jpg","type":"image\/jpeg"}],"twitter_misc":{"Est. reading time":"1 minute"},"schema":{"@context":"https:\/\/schema.org","@graph":[{"@type":"WebPage","@id":"https:\/\/www.hotelgoldenrome.com\/no\/anmeldelser\/","url":"https:\/\/www.hotelgoldenrome.com\/no\/anmeldelser\/","name":"Anmeldelser | Hotel Golden","isPartOf":{"@id":"https:\/\/www.hotelgoldenrome.com\/no\/#website"},"primaryImageOfPage":{"@id":"https:\/\/www.hotelgoldenrome.com\/no\/anmeldelser\/#primaryimage"},"image":{"@id":"https:\/\/www.hotelgoldenrome.com\/no\/anmeldelser\/#primaryimage"},"thumbnailUrl":"https:\/\/www.hotelgoldenrome.com\/wp-content\/uploads\/2013\/08\/marco.jpg","datePublished":"2013-10-04T10:27:08+00:00","dateModified":"2016-08-10T10:08:23+00:00","description":"Anmeldelser, Hotel Golden: Familiedrevet 2 stjerners hotellet direkte p\u00e5 Villa Borghese i Roma.","breadcrumb":{"@id":"https:\/\/www.hotelgoldenrome.com\/no\/anmeldelser\/#breadcrumb"},"inLanguage":"no","potentialAction":[{"@type":"ReadAction","target":["https:\/\/www.hotelgoldenrome.com\/no\/anmeldelser\/"]}]},{"@type":"ImageObject","inLanguage":"no","@id":"https:\/\/www.hotelgoldenrome.com\/no\/anmeldelser\/#primaryimage","url":"https:\/\/www.hotelgoldenrome.com\/wp-content\/uploads\/2013\/08\/marco.jpg","contentUrl":"https:\/\/www.hotelgoldenrome.com\/wp-content\/uploads\/2013\/08\/marco.jpg","width":206,"height":206},{"@type":"BreadcrumbList","@id":"https:\/\/www.hotelgoldenrome.com\/no\/anmeldelser\/#breadcrumb","itemListElement":[{"@type":"ListItem","position":1,"name":"Home","item":"https:\/\/www.hotelgoldenrome.com\/no\/"},{"@type":"ListItem","position":2,"name":"Anmeldelser"}]},{"@type":"WebSite","@id":"https:\/\/www.hotelgoldenrome.com\/no\/#website","url":"https:\/\/www.hotelgoldenrome.com\/no\/","name":"Hotel Golden","description":"..your Family run hotel in Rome","potentialAction":[{"@type":"SearchAction","target":{"@type":"EntryPoint","urlTemplate":"https:\/\/www.hotelgoldenrome.com\/no\/?s={search_term_string}"},"query-input":{"@type":"PropertyValueSpecification","valueRequired":true,"valueName":"search_term_string"}}],"inLanguage":"no"}]}},"_links":{"self":[{"href":"https:\/\/www.hotelgoldenrome.com\/no\/wp-json\/wp\/v2\/pages\/1023","targetHints":{"allow":["GET"]}}],"collection":[{"href":"https:\/\/www.hotelgoldenrome.com\/no\/wp-json\/wp\/v2\/pages"}],"about":[{"href":"https:\/\/www.hotelgoldenrome.com\/no\/wp-json\/wp\/v2\/types\/page"}],"author":[{"embeddable":true,"href":"https:\/\/www.hotelgoldenrome.com\/no\/wp-json\/wp\/v2\/users\/17"}],"replies":[{"embeddable":true,"href":"https:\/\/www.hotelgoldenrome.com\/no\/wp-json\/wp\/v2\/comments?post=1023"}],"version-history":[{"count":13,"href":"https:\/\/www.hotelgoldenrome.com\/no\/wp-json\/wp\/v2\/pages\/1023\/revisions"}],"predecessor-version":[{"id":2156,"href":"https:\/\/www.hotelgoldenrome.com\/no\/wp-json\/wp\/v2\/pages\/1023\/revisions\/2156"}],"wp:featuredmedia":[{"embeddable":true,"href":"https:\/\/www.hotelgoldenrome.com\/no\/wp-json\/wp\/v2\/media\/2150"}],"wp:attachment":[{"href":"https:\/\/www.hotelgoldenrome.com\/no\/wp-json\/wp\/v2\/media?parent=1023"}],"curies":[{"name":"wp","href":"https:\/\/api.w.org\/{rel}","templated":true}]}}