{"id":1025,"date":"2013-09-27T13:17:30","date_gmt":"2013-09-27T13:17:30","guid":{"rendered":"https:\/\/www.hotelgoldenrome.com\/beliggenhet-2\/"},"modified":"2016-08-10T07:19:01","modified_gmt":"2016-08-10T07:19:01","slug":"beliggenhet","status":"publish","type":"page","link":"https:\/\/www.hotelgoldenrome.com\/no\/beliggenhet\/","title":{"rendered":"Beliggenhet"},"content":{"rendered":"<div id=\"colonna-dx\"><\/p>\n<h1>Hotell i sentrum av Roma n\u00e6r Villa Borghese <\/h1>\n<p>Hotel Golden ligger mellom den fatastiske <strong>Villa Borghese<\/strong> og <strong>Via Veneto<\/strong>, stedet for sekstitallets Dolce Vita, med en sentral, men likevel sv\u00e6rt <strong>rolig<\/strong> beliggenhet, like ved <strong>Spansketrappen<\/strong> og <strong>Trevifontenen<\/strong>.<\/p>\n<p><!-- index.php -->\n<div\n\tclass=\"ngg-galleryoverview ngg-ajax-pagination-none\"\n\tid=\"ngg-gallery-013901b19af03fbd4a581c21b99a80df-1\">\n\n    \t\t<!-- Thumbnails -->\n\t\t\t\t<div id=\"ngg-image-0\" class=\"ngg-gallery-thumbnail-box\" >\n\t\t\t\t        <div class=\"ngg-gallery-thumbnail\">\n            <a href=\"https:\/\/www.hotelgoldenrome.com\/wp-content\/galleries\/posizione\/100.jpg\"\n               title=\"\"\n               data-src=\"https:\/\/www.hotelgoldenrome.com\/wp-content\/galleries\/posizione\/100.jpg\"\n               data-thumbnail=\"https:\/\/www.hotelgoldenrome.com\/wp-content\/galleries\/posizione\/thumbs\/thumbs_100.jpg\"\n               data-image-id=\"100\"\n               data-title=\"100-jpg\"\n               data-description=\"\"\n               data-image-slug=\"100-jpg\"\n               class=\"ngg-fancybox\" rel=\"013901b19af03fbd4a581c21b99a80df\">\n                <img\n                    title=\"100-jpg\"\n                    alt=\"100-jpg\"\n                    src=\"https:\/\/www.hotelgoldenrome.com\/wp-content\/galleries\/posizione\/thumbs\/thumbs_100.jpg\"\n                    width=\"150\"\n                    height=\"150\"\n                    style=\"max-width:100%;\"\n                \/>\n            <\/a>\n        <\/div>\n\t\t\t\t\t\t\t<\/div> \n\t\t\t\n        \n\t\t\t\t<div id=\"ngg-image-1\" class=\"ngg-gallery-thumbnail-box\" >\n\t\t\t\t        <div class=\"ngg-gallery-thumbnail\">\n            <a href=\"https:\/\/www.hotelgoldenrome.com\/wp-content\/galleries\/posizione\/piazza_spagna.jpg\"\n               title=\"\"\n               data-src=\"https:\/\/www.hotelgoldenrome.com\/wp-content\/galleries\/posizione\/piazza_spagna.jpg\"\n               data-thumbnail=\"https:\/\/www.hotelgoldenrome.com\/wp-content\/galleries\/posizione\/thumbs\/thumbs_piazza_spagna.jpg\"\n               data-image-id=\"99\"\n               data-title=\"Primavera a Trinit\u2021 dei Monti, Piazza di Spagna, Roma\"\n               data-description=\"\"\n               data-image-slug=\"piazza_spagna-jpg\"\n               class=\"ngg-fancybox\" rel=\"013901b19af03fbd4a581c21b99a80df\">\n                <img\n                    title=\"Primavera a Trinit\u2021 dei Monti, Piazza di Spagna, Roma\"\n                    alt=\"Primavera a Trinit\u2021 dei Monti, Piazza di Spagna, Roma\"\n                    src=\"https:\/\/www.hotelgoldenrome.com\/wp-content\/galleries\/posizione\/thumbs\/thumbs_piazza_spagna.jpg\"\n                    width=\"150\"\n                    height=\"150\"\n                    style=\"max-width:100%;\"\n                \/>\n            <\/a>\n        <\/div>\n\t\t\t\t\t\t\t<\/div> \n\t\t\t\n        \n\t\t\t\t<div id=\"ngg-image-2\" class=\"ngg-gallery-thumbnail-box\" >\n\t\t\t\t        <div class=\"ngg-gallery-thumbnail\">\n            <a href=\"https:\/\/www.hotelgoldenrome.com\/wp-content\/galleries\/posizione\/roma.jpg\"\n               title=\"A wornderful sundown overlooking the Saint Peter Cathedral\"\n               data-src=\"https:\/\/www.hotelgoldenrome.com\/wp-content\/galleries\/posizione\/roma.jpg\"\n               data-thumbnail=\"https:\/\/www.hotelgoldenrome.com\/wp-content\/galleries\/posizione\/thumbs\/thumbs_roma.jpg\"\n               data-image-id=\"102\"\n               data-title=\"Rome Sundown\"\n               data-description=\"A wornderful sundown overlooking the Saint Peter Cathedral\"\n               data-image-slug=\"rome-sundown\"\n               class=\"ngg-fancybox\" rel=\"013901b19af03fbd4a581c21b99a80df\">\n                <img\n                    title=\"Rome Sundown\"\n                    alt=\"Rome Sundown\"\n                    src=\"https:\/\/www.hotelgoldenrome.com\/wp-content\/galleries\/posizione\/thumbs\/thumbs_roma.jpg\"\n                    width=\"150\"\n                    height=\"150\"\n                    style=\"max-width:100%;\"\n                \/>\n            <\/a>\n        <\/div>\n\t\t\t\t\t\t\t<\/div> \n\t\t\t\n        \n\t\t\t\t<div id=\"ngg-image-3\" class=\"ngg-gallery-thumbnail-box\" >\n\t\t\t\t        <div class=\"ngg-gallery-thumbnail\">\n            <a href=\"https:\/\/www.hotelgoldenrome.com\/wp-content\/galleries\/posizione\/eventi.jpg\"\n               title=\"\"\n               data-src=\"https:\/\/www.hotelgoldenrome.com\/wp-content\/galleries\/posizione\/eventi.jpg\"\n               data-thumbnail=\"https:\/\/www.hotelgoldenrome.com\/wp-content\/galleries\/posizione\/thumbs\/thumbs_eventi.jpg\"\n               data-image-id=\"101\"\n               data-title=\"The Coliseum by Night\"\n               data-description=\"\"\n               data-image-slug=\"the-coliseum-by-night\"\n               class=\"ngg-fancybox\" rel=\"013901b19af03fbd4a581c21b99a80df\">\n                <img\n                    title=\"The Coliseum by Night\"\n                    alt=\"The Coliseum by Night\"\n                    src=\"https:\/\/www.hotelgoldenrome.com\/wp-content\/galleries\/posizione\/thumbs\/thumbs_eventi.jpg\"\n                    width=\"150\"\n                    height=\"150\"\n                    style=\"max-width:100%;\"\n                \/>\n            <\/a>\n        <\/div>\n\t\t\t\t\t\t\t<\/div> \n\t\t\t\n        \n\t\t\n\t\t<!-- Pagination -->\n\t<div class='ngg-clear'><\/div>\t<\/div>\n<\/p>\n<p>Rett ved dette im\u00f8tekommende <strong>hotellet i Roma<\/strong> strekker to av byens gr\u00f8nne lunger seg ut: Parken<strong> <\/strong>Villa Borghese, hvor romerne liker \u00e5 spasere p\u00e5 fridagene og hvor du finner <strong>Pincio<\/strong>, et spektakul\u00e6rt utsiktspunkt hvor du ser utover hele byen. I den praktfulle Villaen ligger det ber\u00f8mte <strong>Galleria Borghese<\/strong>, en av verdens st\u00f8rste samlinger som huser verker av kunstnere som Tiziano, Rubens, Caravaggio og Bernini.<\/p>\n<p><iframe loading=\"lazy\" src=\"https:\/\/maps.google.it\/maps?q=Hotel+Golden+Roma+-+MARUMA+Srl+-+Via+Marche+84,+00187+Roma,+Italia&amp;oe=utf-8&amp;client=firefox-a&amp;channel=fflb&amp;ie=UTF8&amp;hl=it&amp;hq=Hotel+Golden+Roma+-+MARUMA+Srl+-+Via+Marche+84,+00187+Roma,+Italia&amp;hnear=&amp;radius=15000&amp;t=m&amp;ll=41.911475,12.490017&amp;spn=0.006387,0.014806&amp;z=16&amp;iwloc=A&amp;output=embed\" height=\"400\" width=\"650\" frameborder=\"0\" marginwidth=\"0\" marginheight=\"0\" scrolling=\"no\"><\/iframe><\/p>\n<h2>SLIK FINNER DU OSS<\/h2>\n<ul id=\"come\">\n<li>\n<div>\n<p><strong>Med fly<\/strong><br \/>\nHotel Golden tilbyr sine gjester en <strong>henteservice<\/strong> fra flyplassen, m\u00e5 bestilles i det du bestiller rommet. Alternativt finnes det en rekke muligheter for \u00e5 finne fram til hotellet fra <strong>flyplassene i Roma<\/strong>.<br \/>\nFra <strong>flyplassen i Roma &#8220;Fiumicino&#8221;<\/strong>:<br \/>\n&#8211; med bussene &#8220;Terravision Shuttle&#8221; og &#8220;Schiaffini Travel Shuttle&#8221; kommer du til sentralstasjonen Termini. Derfra kan du ta en taxi eller buss nr. 360 (Corso d&#8217;Italia &#8211; 5. holdeplass) eller nr. 910 (Via Piemonte\/Boncompagni &#8211; 4. holdeplass) og deretter g\u00e5 400 meter til fots for \u00e5 komme fram til Via Marche;<br \/>\n&#8211; med direktetoget &#8220;Leonardo Express&#8221; kommer du p\u00e5 cirka 35 minutter fram til jernbanestasjonen Termini. Derfra kan du ta en taxi eller buss nr. 360 (Corso d&#8217;Italia &#8211; 5. holdeplass) eller nr. 910 (Via Piemonte\/Boncompagni &#8211; 4. holdeplass) og deretter g\u00e5 400 meter til fots for \u00e5 komme fram til Via Marche, eller ta undergrunnens linje A fram til Piazza Barberini, og derfra ta Via Veneto til fots eller med en av de mange bussene.<br \/>\nFra <strong>flyplassen i Roma &#8220;Ciampino&#8221;<\/strong>:<br \/>\n&#8211; med en privat taxi;<br \/>\n&#8211; med bussene &#8220;Terravision Shuttle&#8221; og &#8220;Schiaffini Travel Shuttle&#8221; kommer du til sentralstasjonen Termini. Derfra kan du ta en taxi eller buss nr. 360 (Corso d&#8217;Italia &#8211; 5. holdeplass) eller nr. 910 (Via Piemonte\/Boncompagni &#8211; 4. holdeplass) og deretter g\u00e5 400 meter til fots for \u00e5 komme fram til Via Marche, eller ta undergrunnen linje A fram til Piazza Barberini, og derfra ta Via Veneto til fots eller med en av de mange bussene.<\/p>\n<p><strong>Med bil<\/strong><br \/>\nFra autostradaene tar du Grande Raccordo Anulare og deretter avkj\u00f8rselen Salaria. Fortsett langs Salaria i retning sentrum fram til Villa Borghese. S\u00e5 svinger du inn i Via Pinciana og fortsetter til du kommer fram til Piazzale Brasile. I lyskrysset tar du til venstre og kj\u00f8rer langs Mura Aureliane helt til du kommer fram til Porta Pinciana. Den f\u00f8rste veien til venstre er Via Marche, hvor hotellet ligger i nummer 84. Du kan parkere bilen i en garasje hotellet har avtale med like i n\u00e6rheten, og som inkluderer hente- og bringeservice.<\/p>\n<p><strong>Med tog<\/strong><br \/>\nFra sentralstasjonen Termini kan du komme fram til Hotel Golden med en taxi, eller du kan ta offentlige transportmidler. Buss nr. 360 stanser i Corso d&#8217;Italia (5 holdeplasser) mens buss nr. 910 stanser i krysset mellom Via Piemonte og Via Boncompagni. I begge tilfeller m\u00e5 du g\u00e5 cirka 400 meter til fots for \u00e5 komme fram til Via Marche, dhvor du finner hotellet i nummer 84.<br \/>\nAlternativt kan du ta undergrunnen (linje A, retning Battistini); g\u00e5 av etter 2 holdeplasser, p\u00e5 Piazza Barberini, og derfra g\u00e5 opp Via Veneto til fots eller med en av de mange bussene som stanser der i n\u00e6rheten (nr. 116, 119, 95, 63, 80, 52, 53).<\/p>\n<\/div>\n<\/li>\n<\/ul>\n<p><\/div>\n<div id=\"colonna-sx\"><br \/>\n<img loading=\"lazy\" decoding=\"async\" class=\"aligncenter size-full wp-image-65\" alt=\"maria-teresa\" src=\"https:\/\/www.hotelgoldenrome.com\/wp-content\/uploads\/2013\/08\/giuseppe.jpg\" width=\"206\" height=\"206\" \/><\/p>\n<p class=\"nome\">Sp\u00f8r<br \/><span>Giuseppe<\/span><\/p>\n<p>\u00c5 bo p\u00e5 hotellet v\u00e5rt betyr \u00e5 ha Roma innenfor rekkevidde. Vi ligger i n\u00e6rheten av Via Veneto og undergrunnsstasjonen, men du kan like gjerne g\u00e5 til fots!<\/p>\n<p><a href=\"https:\/\/www.hotelgoldenrome.com\/wp-content\/uploads\/2013\/08\/020.jpg\" class=\"thickbox\"><img loading=\"lazy\" decoding=\"async\" src=\"https:\/\/www.hotelgoldenrome.com\/wp-content\/uploads\/2013\/08\/020-206x206.jpg\" alt=\"020\" width=\"206\" height=\"206\" \/><\/a><\/p>\n<p>Beliggenheten til <strong>Hotel Golden di Roma<\/strong> gj\u00f8r det mulig for deg \u00e5 p\u00e5 f\u00e5 minutter n\u00e5 en hel rekke interessante steder for kultur eller <strong>shopping<\/strong>, som for eksempel <strong>Via del Corso<\/strong>&nbsp; og <strong>Piazza Navona<\/strong>. Hvis du bruker det effektive nettet av offentlige transportmidler kan du dessuten vie deg til de mange monumentene fra keisertiden, som <strong>Colosseum<\/strong>, Fori Imperiali og Domus Aurea.<\/p>\n<p>For \u00e5 gj\u00f8re oppholdet ditt enda hyggeligere har vi en avtale med en guideservice som arrangerer <strong>rundturer i byen<\/strong> og <strong>ekskursjoner utenfor byen<\/strong>.<\/p>\n<p>Hvis du \u00f8nsker \u00e5 f\u00f8le deg som hjemme og samtidig befinne deg f\u00e5 minutter til fots fra ber\u00f8mte romerske steder som <strong>Piazza di Spagna<\/strong>, <strong>Fontana di Trevi<\/strong>, <strong>Via Veneto<\/strong> og <strong>Villa Borghese<\/strong>, st\u00e5r vi alltid til tjeneste p\u00e5 Hotel Golden i <strong>Roma<\/strong>.<\/p>\n<p><\/div>\n<p>&nbsp;<\/p>\n","protected":false},"excerpt":{"rendered":"<p class=\"nome\">Sp\u00f8r<br \/><span>Giuseppe<\/span><\/p>\n<p>\u00c5 bo p\u00e5 hotellet v\u00e5rt betyr \u00e5 ha Roma innenfor rekkevidde. Vi ligger i n\u00e6rheten av Via Veneto og undergrunnsstasjonen, men du kan like gjerne g\u00e5 til fots!<\/p>\n","protected":false},"author":17,"featured_media":2109,"parent":0,"menu_order":0,"comment_status":"open","ping_status":"open","template":"page-duecolonne.php","meta":{"ngg_post_thumbnail":0,"footnotes":""},"class_list":["post-1025","page","type-page","status-publish","has-post-thumbnail","hentry"],"yoast_head":"<!-- This site is optimized with the Yoast SEO plugin v25.7 - https:\/\/yoast.com\/wordpress\/plugins\/seo\/ -->\n<title>Hotell i n\u00e6rheten av Villa Borghese | Hotell i Roma sentrum<\/title>\n<meta name=\"description\" content=\"Rett ved dette im\u00f8tekommende hotellet i Roma strekker to av byens gr\u00f8nne lunger seg ut: Parken Villa Borghese, hvor romerne liker \u00e5 spasere p\u00e5 fridagene.\" \/>\n<meta name=\"robots\" content=\"index, follow, max-snippet:-1, max-image-preview:large, max-video-preview:-1\" \/>\n<link rel=\"canonical\" href=\"https:\/\/www.hotelgoldenrome.com\/no\/beliggenhet\/\" \/>\n<meta property=\"og:locale\" content=\"en_US\" \/>\n<meta property=\"og:type\" content=\"article\" \/>\n<meta property=\"og:title\" content=\"Hotell i n\u00e6rheten av Villa Borghese | Hotell i Roma sentrum\" \/>\n<meta property=\"og:description\" content=\"Rett ved dette im\u00f8tekommende hotellet i Roma strekker to av byens gr\u00f8nne lunger seg ut: Parken Villa Borghese, hvor romerne liker \u00e5 spasere p\u00e5 fridagene.\" \/>\n<meta property=\"og:url\" content=\"https:\/\/www.hotelgoldenrome.com\/no\/beliggenhet\/\" \/>\n<meta property=\"og:site_name\" content=\"Hotel Golden\" \/>\n<meta property=\"article:modified_time\" content=\"2016-08-10T07:19:01+00:00\" \/>\n<meta property=\"og:image\" content=\"https:\/\/www.hotelgoldenrome.com\/wp-content\/uploads\/2013\/08\/giuseppe.jpg\" \/>\n\t<meta property=\"og:image:width\" content=\"206\" \/>\n\t<meta property=\"og:image:height\" content=\"206\" \/>\n\t<meta property=\"og:image:type\" content=\"image\/jpeg\" \/>\n<meta name=\"twitter:label1\" content=\"Est. reading time\" \/>\n\t<meta name=\"twitter:data1\" content=\"4 minutes\" \/>\n<script type=\"application\/ld+json\" class=\"yoast-schema-graph\">{\"@context\":\"https:\/\/schema.org\",\"@graph\":[{\"@type\":\"WebPage\",\"@id\":\"https:\/\/www.hotelgoldenrome.com\/no\/beliggenhet\/\",\"url\":\"https:\/\/www.hotelgoldenrome.com\/no\/beliggenhet\/\",\"name\":\"Hotell i n\u00e6rheten av Villa Borghese | Hotell i Roma sentrum\",\"isPartOf\":{\"@id\":\"https:\/\/www.hotelgoldenrome.com\/no\/#website\"},\"primaryImageOfPage\":{\"@id\":\"https:\/\/www.hotelgoldenrome.com\/no\/beliggenhet\/#primaryimage\"},\"image\":{\"@id\":\"https:\/\/www.hotelgoldenrome.com\/no\/beliggenhet\/#primaryimage\"},\"thumbnailUrl\":\"https:\/\/www.hotelgoldenrome.com\/wp-content\/uploads\/2013\/08\/giuseppe.jpg\",\"datePublished\":\"2013-09-27T13:17:30+00:00\",\"dateModified\":\"2016-08-10T07:19:01+00:00\",\"description\":\"Rett ved dette im\u00f8tekommende hotellet i Roma strekker to av byens gr\u00f8nne lunger seg ut: Parken Villa Borghese, hvor romerne liker \u00e5 spasere p\u00e5 fridagene.\",\"breadcrumb\":{\"@id\":\"https:\/\/www.hotelgoldenrome.com\/no\/beliggenhet\/#breadcrumb\"},\"inLanguage\":\"no\",\"potentialAction\":[{\"@type\":\"ReadAction\",\"target\":[\"https:\/\/www.hotelgoldenrome.com\/no\/beliggenhet\/\"]}]},{\"@type\":\"ImageObject\",\"inLanguage\":\"no\",\"@id\":\"https:\/\/www.hotelgoldenrome.com\/no\/beliggenhet\/#primaryimage\",\"url\":\"https:\/\/www.hotelgoldenrome.com\/wp-content\/uploads\/2013\/08\/giuseppe.jpg\",\"contentUrl\":\"https:\/\/www.hotelgoldenrome.com\/wp-content\/uploads\/2013\/08\/giuseppe.jpg\",\"width\":206,\"height\":206},{\"@type\":\"BreadcrumbList\",\"@id\":\"https:\/\/www.hotelgoldenrome.com\/no\/beliggenhet\/#breadcrumb\",\"itemListElement\":[{\"@type\":\"ListItem\",\"position\":1,\"name\":\"Home\",\"item\":\"https:\/\/www.hotelgoldenrome.com\/no\/\"},{\"@type\":\"ListItem\",\"position\":2,\"name\":\"Beliggenhet\"}]},{\"@type\":\"WebSite\",\"@id\":\"https:\/\/www.hotelgoldenrome.com\/no\/#website\",\"url\":\"https:\/\/www.hotelgoldenrome.com\/no\/\",\"name\":\"Hotel Golden\",\"description\":\"..your Family run hotel in Rome\",\"potentialAction\":[{\"@type\":\"SearchAction\",\"target\":{\"@type\":\"EntryPoint\",\"urlTemplate\":\"https:\/\/www.hotelgoldenrome.com\/no\/?s={search_term_string}\"},\"query-input\":{\"@type\":\"PropertyValueSpecification\",\"valueRequired\":true,\"valueName\":\"search_term_string\"}}],\"inLanguage\":\"no\"}]}<\/script>\n<!-- \/ Yoast SEO plugin. -->","yoast_head_json":{"title":"Hotell i n\u00e6rheten av Villa Borghese | Hotell i Roma sentrum","description":"Rett ved dette im\u00f8tekommende hotellet i Roma strekker to av byens gr\u00f8nne lunger seg ut: Parken Villa Borghese, hvor romerne liker \u00e5 spasere p\u00e5 fridagene.","robots":{"index":"index","follow":"follow","max-snippet":"max-snippet:-1","max-image-preview":"max-image-preview:large","max-video-preview":"max-video-preview:-1"},"canonical":"https:\/\/www.hotelgoldenrome.com\/no\/beliggenhet\/","og_locale":"en_US","og_type":"article","og_title":"Hotell i n\u00e6rheten av Villa Borghese | Hotell i Roma sentrum","og_description":"Rett ved dette im\u00f8tekommende hotellet i Roma strekker to av byens gr\u00f8nne lunger seg ut: Parken Villa Borghese, hvor romerne liker \u00e5 spasere p\u00e5 fridagene.","og_url":"https:\/\/www.hotelgoldenrome.com\/no\/beliggenhet\/","og_site_name":"Hotel Golden","article_modified_time":"2016-08-10T07:19:01+00:00","og_image":[{"width":206,"height":206,"url":"https:\/\/www.hotelgoldenrome.com\/wp-content\/uploads\/2013\/08\/giuseppe.jpg","type":"image\/jpeg"}],"twitter_misc":{"Est. reading time":"4 minutes"},"schema":{"@context":"https:\/\/schema.org","@graph":[{"@type":"WebPage","@id":"https:\/\/www.hotelgoldenrome.com\/no\/beliggenhet\/","url":"https:\/\/www.hotelgoldenrome.com\/no\/beliggenhet\/","name":"Hotell i n\u00e6rheten av Villa Borghese | Hotell i Roma sentrum","isPartOf":{"@id":"https:\/\/www.hotelgoldenrome.com\/no\/#website"},"primaryImageOfPage":{"@id":"https:\/\/www.hotelgoldenrome.com\/no\/beliggenhet\/#primaryimage"},"image":{"@id":"https:\/\/www.hotelgoldenrome.com\/no\/beliggenhet\/#primaryimage"},"thumbnailUrl":"https:\/\/www.hotelgoldenrome.com\/wp-content\/uploads\/2013\/08\/giuseppe.jpg","datePublished":"2013-09-27T13:17:30+00:00","dateModified":"2016-08-10T07:19:01+00:00","description":"Rett ved dette im\u00f8tekommende hotellet i Roma strekker to av byens gr\u00f8nne lunger seg ut: Parken Villa Borghese, hvor romerne liker \u00e5 spasere p\u00e5 fridagene.","breadcrumb":{"@id":"https:\/\/www.hotelgoldenrome.com\/no\/beliggenhet\/#breadcrumb"},"inLanguage":"no","potentialAction":[{"@type":"ReadAction","target":["https:\/\/www.hotelgoldenrome.com\/no\/beliggenhet\/"]}]},{"@type":"ImageObject","inLanguage":"no","@id":"https:\/\/www.hotelgoldenrome.com\/no\/beliggenhet\/#primaryimage","url":"https:\/\/www.hotelgoldenrome.com\/wp-content\/uploads\/2013\/08\/giuseppe.jpg","contentUrl":"https:\/\/www.hotelgoldenrome.com\/wp-content\/uploads\/2013\/08\/giuseppe.jpg","width":206,"height":206},{"@type":"BreadcrumbList","@id":"https:\/\/www.hotelgoldenrome.com\/no\/beliggenhet\/#breadcrumb","itemListElement":[{"@type":"ListItem","position":1,"name":"Home","item":"https:\/\/www.hotelgoldenrome.com\/no\/"},{"@type":"ListItem","position":2,"name":"Beliggenhet"}]},{"@type":"WebSite","@id":"https:\/\/www.hotelgoldenrome.com\/no\/#website","url":"https:\/\/www.hotelgoldenrome.com\/no\/","name":"Hotel Golden","description":"..your Family run hotel in Rome","potentialAction":[{"@type":"SearchAction","target":{"@type":"EntryPoint","urlTemplate":"https:\/\/www.hotelgoldenrome.com\/no\/?s={search_term_string}"},"query-input":{"@type":"PropertyValueSpecification","valueRequired":true,"valueName":"search_term_string"}}],"inLanguage":"no"}]}},"_links":{"self":[{"href":"https:\/\/www.hotelgoldenrome.com\/no\/wp-json\/wp\/v2\/pages\/1025","targetHints":{"allow":["GET"]}}],"collection":[{"href":"https:\/\/www.hotelgoldenrome.com\/no\/wp-json\/wp\/v2\/pages"}],"about":[{"href":"https:\/\/www.hotelgoldenrome.com\/no\/wp-json\/wp\/v2\/types\/page"}],"author":[{"embeddable":true,"href":"https:\/\/www.hotelgoldenrome.com\/no\/wp-json\/wp\/v2\/users\/17"}],"replies":[{"embeddable":true,"href":"https:\/\/www.hotelgoldenrome.com\/no\/wp-json\/wp\/v2\/comments?post=1025"}],"version-history":[{"count":14,"href":"https:\/\/www.hotelgoldenrome.com\/no\/wp-json\/wp\/v2\/pages\/1025\/revisions"}],"predecessor-version":[{"id":2122,"href":"https:\/\/www.hotelgoldenrome.com\/no\/wp-json\/wp\/v2\/pages\/1025\/revisions\/2122"}],"wp:featuredmedia":[{"embeddable":true,"href":"https:\/\/www.hotelgoldenrome.com\/no\/wp-json\/wp\/v2\/media\/2109"}],"wp:attachment":[{"href":"https:\/\/www.hotelgoldenrome.com\/no\/wp-json\/wp\/v2\/media?parent=1025"}],"curies":[{"name":"wp","href":"https:\/\/api.w.org\/{rel}","templated":true}]}}