{"id":1027,"date":"2013-10-02T08:23:39","date_gmt":"2013-10-02T08:23:39","guid":{"rendered":"https:\/\/www.hotelgoldenrome.com\/bestillinger-nb-2\/"},"modified":"2016-08-10T07:58:19","modified_gmt":"2016-08-10T07:58:19","slug":"bestillinger-nb","status":"publish","type":"page","link":"https:\/\/www.hotelgoldenrome.com\/no\/bestillinger-nb\/","title":{"rendered":"Bestillinger"},"content":{"rendered":"<h2 class=\"pulsantebox\"><a href=\"https:\/\/book.hotelgoldenrome.com\/accommodation\/list?channelId=91d48f3c-def2-43d6-b956-90fd699c0fd7&#038;culture=no\" rel=\"nofollow\">Kontrollere priser og disponibilitet online <\/a><\/h2>\n<p>Vil du straks bekrefte <b>priser<\/b> og <b>tilgjengelighet<\/b> eller \u00f8nsker du <b>\u00e5 bestille straks<\/b> ved \u00e5 betale direkte for rommet ditt? Bruk v\u00e5rt skjema for online bestilling, enkelt og sikkert! Hvis systemet ikke tilfredsstiller dine behov, ber vi deg om \u00e5 ta kontakt med oss ved hjelp av skjemaet for foresp\u00f8rsel om tilgjengelighet for \u00e5 kontrollere om det skulle v\u00e6re avbestillinger i siste \u00f8yeblikk.<\/p>\n<p><2><a href=\"https:\/\/www.hotelgoldenrome.com\/nb\/foresporsel-om-tilgjengelighet\/\" rel=\"nofollow\">Foresp\u00f8rsel om tilgjengelighet <\/a><\/h2>\n<p>Foretrekker du derimot <b>\u00e5 be om informasjon<\/b> via en e-post til v\u00e5rt personale? Har du noen <b>spesielle behov<\/b> som v\u00e5rt online bestillingssystem ikke klarer \u00e5 tilfredsstille? Fyll ut skjemaet for foresp\u00f8rsel om tilgjengelighet, og du vil motta alle de svarene du \u00f8nsker direkte til din e-postkasse!<\/p>\n<h2>Sikre transaksjoner<\/h2>\n<p>For bekreftelse av bestilling ved bruk av kredittkort, benytter dette nettstedet en <b>sikker server<\/b> i samsvar med internasjonal kodifiseringsstandard <b>Secure Socket Layer (SSL) p\u00e5 128 bit.<\/b><\/p>\n","protected":false},"excerpt":{"rendered":"<p>Kontrollere priser og disponibilitet online Vil du straks bekrefte priser og tilgjengelighet eller \u00f8nsker du \u00e5 bestille straks ved \u00e5 betale direkte for rommet ditt? Bruk v\u00e5rt skjema for online bestilling, enkelt og sikkert! Hvis systemet ikke tilfredsstiller dine behov, ber vi deg om \u00e5 ta kontakt med oss ved hjelp av skjemaet for foresp\u00f8rsel&#8230; <a  href=\"https:\/\/www.hotelgoldenrome.com\/no\/bestillinger-nb\/\"><img decoding=\"async\" class=\"moretag\" src=\"https:\/\/www.hotelgoldenrome.com\/wp-content\/themes\/hotelgoldenrome\/img\/continua.gif\" border=0\/><\/a><\/p>\n","protected":false},"author":17,"featured_media":0,"parent":0,"menu_order":0,"comment_status":"open","ping_status":"open","template":"page-monocolonna.php","meta":{"ngg_post_thumbnail":0,"footnotes":""},"class_list":["post-1027","page","type-page","status-publish","hentry"],"yoast_head":"<!-- This site is optimized with the Yoast SEO plugin v25.7 - https:\/\/yoast.com\/wordpress\/plugins\/seo\/ -->\n<title>Bestillinger | Hotel Golden<\/title>\n<meta name=\"description\" content=\"Bestillinger, Hotel Golden:\" \/>\n<meta name=\"robots\" content=\"noindex, nofollow\" \/>\n<meta property=\"og:locale\" content=\"en_US\" \/>\n<meta property=\"og:type\" content=\"article\" \/>\n<meta property=\"og:title\" content=\"Bestillinger | Hotel Golden\" \/>\n<meta property=\"og:description\" content=\"Bestillinger, Hotel Golden:\" \/>\n<meta property=\"og:url\" content=\"https:\/\/www.hotelgoldenrome.com\/no\/bestillinger-nb\/\" \/>\n<meta property=\"og:site_name\" content=\"Hotel Golden\" \/>\n<meta property=\"article:modified_time\" content=\"2016-08-10T07:58:19+00:00\" \/>\n<meta name=\"twitter:label1\" content=\"Est. reading time\" \/>\n\t<meta name=\"twitter:data1\" content=\"1 minute\" \/>\n<script type=\"application\/ld+json\" class=\"yoast-schema-graph\">{\"@context\":\"https:\/\/schema.org\",\"@graph\":[{\"@type\":\"WebPage\",\"@id\":\"https:\/\/www.hotelgoldenrome.com\/no\/bestillinger-nb\/\",\"url\":\"https:\/\/www.hotelgoldenrome.com\/no\/bestillinger-nb\/\",\"name\":\"Bestillinger | Hotel Golden\",\"isPartOf\":{\"@id\":\"https:\/\/www.hotelgoldenrome.com\/no\/#website\"},\"datePublished\":\"2013-10-02T08:23:39+00:00\",\"dateModified\":\"2016-08-10T07:58:19+00:00\",\"description\":\"Bestillinger, Hotel Golden:\",\"breadcrumb\":{\"@id\":\"https:\/\/www.hotelgoldenrome.com\/no\/bestillinger-nb\/#breadcrumb\"},\"inLanguage\":\"no\",\"potentialAction\":[{\"@type\":\"ReadAction\",\"target\":[\"https:\/\/www.hotelgoldenrome.com\/no\/bestillinger-nb\/\"]}]},{\"@type\":\"BreadcrumbList\",\"@id\":\"https:\/\/www.hotelgoldenrome.com\/no\/bestillinger-nb\/#breadcrumb\",\"itemListElement\":[{\"@type\":\"ListItem\",\"position\":1,\"name\":\"Home\",\"item\":\"https:\/\/www.hotelgoldenrome.com\/no\/\"},{\"@type\":\"ListItem\",\"position\":2,\"name\":\"Bestillinger\"}]},{\"@type\":\"WebSite\",\"@id\":\"https:\/\/www.hotelgoldenrome.com\/no\/#website\",\"url\":\"https:\/\/www.hotelgoldenrome.com\/no\/\",\"name\":\"Hotel Golden\",\"description\":\"..your Family run hotel in Rome\",\"potentialAction\":[{\"@type\":\"SearchAction\",\"target\":{\"@type\":\"EntryPoint\",\"urlTemplate\":\"https:\/\/www.hotelgoldenrome.com\/no\/?s={search_term_string}\"},\"query-input\":{\"@type\":\"PropertyValueSpecification\",\"valueRequired\":true,\"valueName\":\"search_term_string\"}}],\"inLanguage\":\"no\"}]}<\/script>\n<!-- \/ Yoast SEO plugin. -->","yoast_head_json":{"title":"Bestillinger | Hotel Golden","description":"Bestillinger, Hotel Golden:","robots":{"index":"noindex","follow":"nofollow"},"og_locale":"en_US","og_type":"article","og_title":"Bestillinger | Hotel Golden","og_description":"Bestillinger, Hotel Golden:","og_url":"https:\/\/www.hotelgoldenrome.com\/no\/bestillinger-nb\/","og_site_name":"Hotel Golden","article_modified_time":"2016-08-10T07:58:19+00:00","twitter_misc":{"Est. reading time":"1 minute"},"schema":{"@context":"https:\/\/schema.org","@graph":[{"@type":"WebPage","@id":"https:\/\/www.hotelgoldenrome.com\/no\/bestillinger-nb\/","url":"https:\/\/www.hotelgoldenrome.com\/no\/bestillinger-nb\/","name":"Bestillinger | Hotel Golden","isPartOf":{"@id":"https:\/\/www.hotelgoldenrome.com\/no\/#website"},"datePublished":"2013-10-02T08:23:39+00:00","dateModified":"2016-08-10T07:58:19+00:00","description":"Bestillinger, Hotel Golden:","breadcrumb":{"@id":"https:\/\/www.hotelgoldenrome.com\/no\/bestillinger-nb\/#breadcrumb"},"inLanguage":"no","potentialAction":[{"@type":"ReadAction","target":["https:\/\/www.hotelgoldenrome.com\/no\/bestillinger-nb\/"]}]},{"@type":"BreadcrumbList","@id":"https:\/\/www.hotelgoldenrome.com\/no\/bestillinger-nb\/#breadcrumb","itemListElement":[{"@type":"ListItem","position":1,"name":"Home","item":"https:\/\/www.hotelgoldenrome.com\/no\/"},{"@type":"ListItem","position":2,"name":"Bestillinger"}]},{"@type":"WebSite","@id":"https:\/\/www.hotelgoldenrome.com\/no\/#website","url":"https:\/\/www.hotelgoldenrome.com\/no\/","name":"Hotel Golden","description":"..your Family run hotel in Rome","potentialAction":[{"@type":"SearchAction","target":{"@type":"EntryPoint","urlTemplate":"https:\/\/www.hotelgoldenrome.com\/no\/?s={search_term_string}"},"query-input":{"@type":"PropertyValueSpecification","valueRequired":true,"valueName":"search_term_string"}}],"inLanguage":"no"}]}},"_links":{"self":[{"href":"https:\/\/www.hotelgoldenrome.com\/no\/wp-json\/wp\/v2\/pages\/1027","targetHints":{"allow":["GET"]}}],"collection":[{"href":"https:\/\/www.hotelgoldenrome.com\/no\/wp-json\/wp\/v2\/pages"}],"about":[{"href":"https:\/\/www.hotelgoldenrome.com\/no\/wp-json\/wp\/v2\/types\/page"}],"author":[{"embeddable":true,"href":"https:\/\/www.hotelgoldenrome.com\/no\/wp-json\/wp\/v2\/users\/17"}],"replies":[{"embeddable":true,"href":"https:\/\/www.hotelgoldenrome.com\/no\/wp-json\/wp\/v2\/comments?post=1027"}],"version-history":[{"count":10,"href":"https:\/\/www.hotelgoldenrome.com\/no\/wp-json\/wp\/v2\/pages\/1027\/revisions"}],"predecessor-version":[{"id":2137,"href":"https:\/\/www.hotelgoldenrome.com\/no\/wp-json\/wp\/v2\/pages\/1027\/revisions\/2137"}],"wp:attachment":[{"href":"https:\/\/www.hotelgoldenrome.com\/no\/wp-json\/wp\/v2\/media?parent=1027"}],"curies":[{"name":"wp","href":"https:\/\/api.w.org\/{rel}","templated":true}]}}