{"id":1031,"date":"2013-10-04T12:31:32","date_gmt":"2013-10-04T12:31:32","guid":{"rendered":"https:\/\/www.hotelgoldenrome.com\/home-nb-2\/"},"modified":"2014-08-13T07:50:08","modified_gmt":"2014-08-13T07:50:08","slug":"home-nb","status":"publish","type":"page","link":"https:\/\/www.hotelgoldenrome.com\/no\/","title":{"rendered":"Home"},"content":{"rendered":"<div style=\"display:block\"><div class=\"colonna\"><img loading=\"lazy\" decoding=\"async\" width=\"206\" height=\"206\" src=\"https:\/\/www.hotelgoldenrome.com\/wp-content\/uploads\/2013\/08\/maria-teresa.jpg\" class=\"attachment-post-thumbnail size-post-thumbnail wp-post-image\" alt=\"\" srcset=\"https:\/\/www.hotelgoldenrome.com\/wp-content\/uploads\/2013\/08\/maria-teresa.jpg 206w, https:\/\/www.hotelgoldenrome.com\/wp-content\/uploads\/2013\/08\/maria-teresa-150x150.jpg 150w\" sizes=\"auto, (max-width: 206px) 100vw, 206px\" \/>\n<div><p class=\"nome\">Sp\u00f8r<br \/> <span>Maria Teresa<\/span><\/p>\r\n<p>N\u00e5r du kommer inn p\u00e5 et av rommene v\u00e5re puster du inn atmosf\u00e6ren til et ekte hjem, im\u00f8tekommende og omsorgsfullt innredet. Og hvis du reiser med barn, pr\u00f8v v\u00e5r Family Suite!<\/p> <p><a href=\"https:\/\/www.hotelgoldenrome.com\/no\/rom\/\">G\u00e5 til side \u00bb<\/a><\/p><\/div>\n<\/div><div class=\"colonna\"><img loading=\"lazy\" decoding=\"async\" width=\"206\" height=\"206\" src=\"https:\/\/www.hotelgoldenrome.com\/wp-content\/uploads\/2013\/08\/giuseppe.jpg\" class=\"attachment-post-thumbnail size-post-thumbnail wp-post-image\" alt=\"\" srcset=\"https:\/\/www.hotelgoldenrome.com\/wp-content\/uploads\/2013\/08\/giuseppe.jpg 206w, https:\/\/www.hotelgoldenrome.com\/wp-content\/uploads\/2013\/08\/giuseppe-150x150.jpg 150w\" sizes=\"auto, (max-width: 206px) 100vw, 206px\" \/>\n<div><p class=\"nome\">Sp\u00f8r<br \/><span>Giuseppe<\/span><\/p>\r\n<p>\u00c5 bo p\u00e5 hotellet v\u00e5rt betyr \u00e5 ha Roma innenfor rekkevidde. Vi ligger i n\u00e6rheten av Via Veneto og undergrunnsstasjonen, men du kan like gjerne g\u00e5 til fots!<\/p> <p><a href=\"https:\/\/www.hotelgoldenrome.com\/no\/beliggenhet\/\">G\u00e5 til side \u00bb<\/a><\/p><\/div>\n<\/div><div class=\"colonna\"><img loading=\"lazy\" decoding=\"async\" width=\"206\" height=\"206\" src=\"https:\/\/www.hotelgoldenrome.com\/wp-content\/uploads\/2013\/08\/marco.jpg\" class=\"attachment-post-thumbnail size-post-thumbnail wp-post-image\" alt=\"\" srcset=\"https:\/\/www.hotelgoldenrome.com\/wp-content\/uploads\/2013\/08\/marco.jpg 206w, https:\/\/www.hotelgoldenrome.com\/wp-content\/uploads\/2013\/08\/marco-150x150.jpg 150w\" sizes=\"auto, (max-width: 206px) 100vw, 206px\" \/>\n<div><p class=\"nome\">Sp\u00f8rg<br \/> <span>Marco<\/span><\/p><img loading=\"lazy\" decoding=\"async\" src=\"https:\/\/www.hotelgoldenrome.com\/wp-content\/uploads\/2013\/08\/tripadvisor-reviews.gif\" alt=\"tripadvisor-reviews\" width=\"113\" height=\"80\" class=\"aligncenter size-full wp-image-76 trip\" \/><p> Vores bedste visitkort, er de ord vores g\u00e6ster skriver om os!<\/p> <p><a href=\"https:\/\/www.hotelgoldenrome.com\/da\/anmeldelser\/\">G\u00e5 til side \u00bb<\/a><\/p><\/div>\n<\/div><\/div>\n<p><br clear=\"all\" \/><\/p>\n<div id=\"bianco\">\n<h1>Familiehotell n\u00e6r Spansketrappen<\/h1\n\n\n\n<p>Hotel Golden \u00f8nsker deg velkommen til familien!<br \/>\nEt familiedrevet hotell n\u00e6r Spansketrappen som tilbyr en behagelig og hjemmekoselig stemning. Loria-familien har i over 20 \u00e5r drevet hotellet med stor lidenskap. De venter p\u00e5 deg med \u00e5pne hjerter for \u00e5 gi deg en uforglemmelig ferie midt i Den evige byen.<\/p>\n<p><strong>Hotel Golden befinner seg i behagelig avstand<\/strong>, fra <strong>Villa Borghese<\/strong> med sitt museum Galleria Borghese og <strong>Romas <\/strong>mest betydningsfulle steder som Via Veneto, <strong>Trevi Fountain<\/strong> og Piazza del Popolo.<\/p>\n<p><strong>Som et familiedrevet hotell i Roma<\/strong> skiller Hotel Golden seg ut for sin service og overlegne komfort.<\/p>\n<\/div>\n<div id=\"garanzia\">\n<h1>Bestill online og betal p\u00e5 hotellet<\/h1>\n<p>Det er enkelt, praktisk og sikkert \u00e5 bestille direkte fra det offisielle nettstedet: Kredittkortinformasjonen benyttes kun til \u00e5 garantere bestillingen, utf\u00f8res betalingen av dere p\u00e5 hotellet ved utsjekking. <strong>Beste Prisgaranti!<\/strong><\/p>\n<\/div>\n","protected":false},"excerpt":{"rendered":"<p>Familiehotell n\u00e6r Spansketrappen<\/p>\n","protected":false},"author":17,"featured_media":0,"parent":0,"menu_order":0,"comment_status":"open","ping_status":"open","template":"index.php","meta":{"ngg_post_thumbnail":0,"footnotes":""},"class_list":["post-1031","page","type-page","status-publish","hentry"],"yoast_head":"<!-- This site is optimized with the Yoast SEO plugin v25.7 - https:\/\/yoast.com\/wordpress\/plugins\/seo\/ -->\n<title>Hotell i n\u00e6rheten av Spansketrappen | Hotel Golden Offisielle Nettstedet<\/title>\n<meta name=\"description\" content=\"Familiedrevet hotell i sentrum av Roma like ved Spansketrappen. Ved et opphold p\u00e5 hotellet v\u00e5rt opplever du atmosf\u00e6ren i et virkelig hjem med en virkelig familie.\" \/>\n<meta name=\"robots\" content=\"index, follow, max-snippet:-1, max-image-preview:large, max-video-preview:-1\" \/>\n<link rel=\"canonical\" href=\"https:\/\/www.hotelgoldenrome.com\/no\/\" \/>\n<meta property=\"og:locale\" content=\"en_US\" \/>\n<meta property=\"og:type\" content=\"article\" \/>\n<meta property=\"og:title\" content=\"Hotell i n\u00e6rheten av Spansketrappen | Hotel Golden Offisielle Nettstedet\" \/>\n<meta property=\"og:description\" content=\"Familiedrevet hotell i sentrum av Roma like ved Spansketrappen. Ved et opphold p\u00e5 hotellet v\u00e5rt opplever du atmosf\u00e6ren i et virkelig hjem med en virkelig familie.\" \/>\n<meta property=\"og:url\" content=\"https:\/\/www.hotelgoldenrome.com\/no\/\" \/>\n<meta property=\"og:site_name\" content=\"Hotel Golden\" \/>\n<meta property=\"article:modified_time\" content=\"2014-08-13T07:50:08+00:00\" \/>\n<script type=\"application\/ld+json\" class=\"yoast-schema-graph\">{\"@context\":\"https:\/\/schema.org\",\"@graph\":[{\"@type\":\"WebPage\",\"@id\":\"https:\/\/www.hotelgoldenrome.com\/no\/\",\"url\":\"https:\/\/www.hotelgoldenrome.com\/no\/\",\"name\":\"Hotell i n\u00e6rheten av Spansketrappen | Hotel Golden Offisielle Nettstedet\",\"isPartOf\":{\"@id\":\"https:\/\/www.hotelgoldenrome.com\/no\/#website\"},\"datePublished\":\"2013-10-04T12:31:32+00:00\",\"dateModified\":\"2014-08-13T07:50:08+00:00\",\"description\":\"Familiedrevet hotell i sentrum av Roma like ved Spansketrappen. Ved et opphold p\u00e5 hotellet v\u00e5rt opplever du atmosf\u00e6ren i et virkelig hjem med en virkelig familie.\",\"breadcrumb\":{\"@id\":\"https:\/\/www.hotelgoldenrome.com\/no\/#breadcrumb\"},\"inLanguage\":\"no\",\"potentialAction\":[{\"@type\":\"ReadAction\",\"target\":[\"https:\/\/www.hotelgoldenrome.com\/no\/\"]}]},{\"@type\":\"BreadcrumbList\",\"@id\":\"https:\/\/www.hotelgoldenrome.com\/no\/#breadcrumb\",\"itemListElement\":[{\"@type\":\"ListItem\",\"position\":1,\"name\":\"Home\",\"item\":\"https:\/\/www.hotelgoldenrome.com\/no\/\"},{\"@type\":\"ListItem\",\"position\":2,\"name\":\"Home\"}]},{\"@type\":\"WebSite\",\"@id\":\"https:\/\/www.hotelgoldenrome.com\/no\/#website\",\"url\":\"https:\/\/www.hotelgoldenrome.com\/no\/\",\"name\":\"Hotel Golden\",\"description\":\"..your Family run hotel in Rome\",\"potentialAction\":[{\"@type\":\"SearchAction\",\"target\":{\"@type\":\"EntryPoint\",\"urlTemplate\":\"https:\/\/www.hotelgoldenrome.com\/no\/?s={search_term_string}\"},\"query-input\":{\"@type\":\"PropertyValueSpecification\",\"valueRequired\":true,\"valueName\":\"search_term_string\"}}],\"inLanguage\":\"no\"}]}<\/script>\n<!-- \/ Yoast SEO plugin. -->","yoast_head_json":{"title":"Hotell i n\u00e6rheten av Spansketrappen | Hotel Golden Offisielle Nettstedet","description":"Familiedrevet hotell i sentrum av Roma like ved Spansketrappen. Ved et opphold p\u00e5 hotellet v\u00e5rt opplever du atmosf\u00e6ren i et virkelig hjem med en virkelig familie.","robots":{"index":"index","follow":"follow","max-snippet":"max-snippet:-1","max-image-preview":"max-image-preview:large","max-video-preview":"max-video-preview:-1"},"canonical":"https:\/\/www.hotelgoldenrome.com\/no\/","og_locale":"en_US","og_type":"article","og_title":"Hotell i n\u00e6rheten av Spansketrappen | Hotel Golden Offisielle Nettstedet","og_description":"Familiedrevet hotell i sentrum av Roma like ved Spansketrappen. Ved et opphold p\u00e5 hotellet v\u00e5rt opplever du atmosf\u00e6ren i et virkelig hjem med en virkelig familie.","og_url":"https:\/\/www.hotelgoldenrome.com\/no\/","og_site_name":"Hotel Golden","article_modified_time":"2014-08-13T07:50:08+00:00","schema":{"@context":"https:\/\/schema.org","@graph":[{"@type":"WebPage","@id":"https:\/\/www.hotelgoldenrome.com\/no\/","url":"https:\/\/www.hotelgoldenrome.com\/no\/","name":"Hotell i n\u00e6rheten av Spansketrappen | Hotel Golden Offisielle Nettstedet","isPartOf":{"@id":"https:\/\/www.hotelgoldenrome.com\/no\/#website"},"datePublished":"2013-10-04T12:31:32+00:00","dateModified":"2014-08-13T07:50:08+00:00","description":"Familiedrevet hotell i sentrum av Roma like ved Spansketrappen. Ved et opphold p\u00e5 hotellet v\u00e5rt opplever du atmosf\u00e6ren i et virkelig hjem med en virkelig familie.","breadcrumb":{"@id":"https:\/\/www.hotelgoldenrome.com\/no\/#breadcrumb"},"inLanguage":"no","potentialAction":[{"@type":"ReadAction","target":["https:\/\/www.hotelgoldenrome.com\/no\/"]}]},{"@type":"BreadcrumbList","@id":"https:\/\/www.hotelgoldenrome.com\/no\/#breadcrumb","itemListElement":[{"@type":"ListItem","position":1,"name":"Home","item":"https:\/\/www.hotelgoldenrome.com\/no\/"},{"@type":"ListItem","position":2,"name":"Home"}]},{"@type":"WebSite","@id":"https:\/\/www.hotelgoldenrome.com\/no\/#website","url":"https:\/\/www.hotelgoldenrome.com\/no\/","name":"Hotel Golden","description":"..your Family run hotel in Rome","potentialAction":[{"@type":"SearchAction","target":{"@type":"EntryPoint","urlTemplate":"https:\/\/www.hotelgoldenrome.com\/no\/?s={search_term_string}"},"query-input":{"@type":"PropertyValueSpecification","valueRequired":true,"valueName":"search_term_string"}}],"inLanguage":"no"}]}},"_links":{"self":[{"href":"https:\/\/www.hotelgoldenrome.com\/no\/wp-json\/wp\/v2\/pages\/1031","targetHints":{"allow":["GET"]}}],"collection":[{"href":"https:\/\/www.hotelgoldenrome.com\/no\/wp-json\/wp\/v2\/pages"}],"about":[{"href":"https:\/\/www.hotelgoldenrome.com\/no\/wp-json\/wp\/v2\/types\/page"}],"author":[{"embeddable":true,"href":"https:\/\/www.hotelgoldenrome.com\/no\/wp-json\/wp\/v2\/users\/17"}],"replies":[{"embeddable":true,"href":"https:\/\/www.hotelgoldenrome.com\/no\/wp-json\/wp\/v2\/comments?post=1031"}],"version-history":[{"count":15,"href":"https:\/\/www.hotelgoldenrome.com\/no\/wp-json\/wp\/v2\/pages\/1031\/revisions"}],"predecessor-version":[{"id":2064,"href":"https:\/\/www.hotelgoldenrome.com\/no\/wp-json\/wp\/v2\/pages\/1031\/revisions\/2064"}],"wp:attachment":[{"href":"https:\/\/www.hotelgoldenrome.com\/no\/wp-json\/wp\/v2\/media?parent=1031"}],"curies":[{"name":"wp","href":"https:\/\/api.w.org\/{rel}","templated":true}]}}