{"id":1034,"date":"2013-09-26T15:43:02","date_gmt":"2013-09-26T15:43:02","guid":{"rendered":"https:\/\/www.hotelgoldenrome.com\/rom-2\/"},"modified":"2014-08-01T08:30:20","modified_gmt":"2014-08-01T08:30:20","slug":"rom","status":"publish","type":"page","link":"https:\/\/www.hotelgoldenrome.com\/no\/rom\/","title":{"rendered":"Rom"},"content":{"rendered":"<div id=\"colonna-dx\"><\/p>\n<h1>Rom<\/h1>\n<p>Rommene p\u00e5 Hotel Golden er innredet i en <strong>enkel<\/strong>, <strong>elegant<\/strong> og <strong>funksjonell<\/strong> stil, ideell for \u00e5 skape en hyggelig og gjestfri atmosf\u00e6re. Den s\u00e6regne <strong>omsorgen for detaljer<\/strong>, m\u00f8blene i varmt kirseb\u00e6rtre og de vakre stoffene i innredningen bidrar til \u00e5 skape en <strong>famili\u00e6r atmosf\u00e6re<\/strong> som umiddelbart f\u00e5r gjestene til f\u00f8le seg vel. Alle rommene p\u00e5 dette <strong>hotellet i Roma<\/strong> har nylig blitt restaurert og utstyrt med <strong>komfort av h\u00f8y kvalitet<\/strong> som <strong>air condition<\/strong>, satelitt-tv, telefon, minibar, safe og <strong>lydisolerte d\u00f8rer og vinduer <\/strong>for \u00e5 garantere v\u00e5re gjester en god natts s\u00f8vn.<\/p>\n<p>Alle rommene har <strong>eget bad <\/strong>med dusj og h\u00e5rf\u00f8ner, inkludert et rikholdig sett med hotellets velv\u00e6reprpodukter. Dessuten, for overnatting p\u00e5 rommene <strong>Superior dobbeltrom, Junior Suite og Family Suite<\/strong>, gir vi et sett med <a class=\"thickbox\" href=\"https:\/\/www.hotelgoldenrome.com\/wp-content\/uploads\/2013\/08\/pantofole.jpg\"><strong>t\u00f8fler og myke badek\u00e5per<\/strong><\/a> for to personer.<\/p>\n<p><strong>Hotel Golden har valgt \u00e5 v\u00e6re r\u00f8ykfritt<\/strong>. For et sunnere milj\u00f8 og luft og med respekt for st\u00f8rstedelen av v\u00e5re gjesters vaner er alle rommene p\u00e5 hotellet r\u00f8ykfrie.<\/p>\n<h2>Rommene v\u00e5re<\/h2>\n<ul id=\"lista-camere\">\n<li>\n<div>\n<a class=\"thickbox\" href=\"https:\/\/www.hotelgoldenrome.com\/wp-content\/uploads\/2013\/08\/singola.jpg\"><img loading=\"lazy\" decoding=\"async\" src=\"https:\/\/www.hotelgoldenrome.com\/wp-content\/uploads\/2013\/08\/singola-150x150.jpg\" alt=\"Enkeltrom\" width=\"150\" height=\"150\" class=\"alignnone size-thumbnail wp-image-93\" \/><\/a><\/p>\n<h3><a class=\"thickbox\" href=\"https:\/\/www.hotelgoldenrome.com\/wp-content\/uploads\/2013\/08\/singola.jpg\">Enkeltrom<\/a><\/h3>\n<p>Hjemmekoselig og gjestmildt med enkeltseng, for ikke-r\u00f8ykere. Ogs\u00e5 for dette rommet har vi tr\u00e5dl\u00f8st internet og air condition.<\/p>\n<\/div>\n<\/li>\n<li>\n<div>\n<a class=\"thickbox\" href=\"https:\/\/www.hotelgoldenrome.com\/wp-content\/uploads\/2013\/08\/doppia.jpg\"><img loading=\"lazy\" decoding=\"async\" src=\"https:\/\/www.hotelgoldenrome.com\/wp-content\/uploads\/2013\/08\/doppia-150x150.jpg\" alt=\"\nLite dobbeltrom\" width=\"150\" height=\"150\" class=\"alignnone size-thumbnail wp-image-96\" \/><\/a><\/p>\n<h3><a class=\"thickbox\" href=\"https:\/\/www.hotelgoldenrome.com\/wp-content\/uploads\/2013\/08\/doppia.jpg\"><br \/>\nLite dobbeltrom<\/a><\/h3>\n<p>Med halvannen seng (small double bed), kompakt i st\u00f8rrelse, men ikke i komfort: Rommet har nemlig de samme fascilitetene som superior dobbeltrommene.<\/p>\n<\/div>\n<\/li>\n<li>\n<div>\n<a class=\"thickbox\" href=\"https:\/\/www.hotelgoldenrome.com\/wp-content\/uploads\/2013\/08\/doppia-classic.jpg\" rel=\"doppia_classic\"><img loading=\"lazy\" decoding=\"async\" src=\"https:\/\/www.hotelgoldenrome.com\/wp-content\/uploads\/2013\/08\/doppia-classic-150x150.jpg\" alt=\"Classic dobbeltrom\" width=\"150\" height=\"150\" class=\"alignnone size-thumbnail wp-image-97\" \/><\/a><\/p>\n<h3><a href=\"https:\/\/www.hotelgoldenrome.com\/wp-content\/uploads\/2014\/01\/doppia_classic-2.jpg\" rel=\"doppia_classic\" class=\"thickbox\">Classic dobbeltrom<\/a><\/h3>\n<p>Med queen-size dobbeltseng eller to enkeltsenger. Mindre enn superior dobbeltrommet, men like elegant og velutstyrt.<\/p>\n<\/div>\n<\/li>\n<li>\n<div>\n<a class=\"thickbox\" href=\"https:\/\/www.hotelgoldenrome.com\/wp-content\/uploads\/2013\/08\/doppia-superior.jpg\" rel=\"doppia_superior\"><img loading=\"lazy\" decoding=\"async\" src=\"https:\/\/www.hotelgoldenrome.com\/wp-content\/uploads\/2013\/08\/doppia-superior-150x150.jpg\" alt=\"Superior dobbeltrom\" width=\"150\" height=\"150\" class=\"alignnone size-thumbnail wp-image-98\" \/><\/a><\/p>\n<h3><a href=\"https:\/\/www.hotelgoldenrome.com\/wp-content\/uploads\/2014\/01\/doppia_superior-2.jpg\" rel=\"doppia_superior\" class=\"thickbox\">Superior dobbeltrom<\/a><\/h3>\n<p>Det beste p\u00e5 Hotel Golden, p\u00e5 samme niv\u00e5 som den fantastiske beliggenheten i n\u00e6rheten av Via Veneto, Spansketrappen og Trevi-fontenen. Maksimal luksus, tr\u00e5dl\u00f8st internett, ikke-r\u00f8yk&#8230; To enkeltsenger eller king-size dobbeltseng. Badek\u00e5per og t\u00f8fler for to personer.<\/p>\n<\/div>\n<\/li>\n<li>\n<div>\n<a class=\"thickbox\" href=\"https:\/\/www.hotelgoldenrome.com\/wp-content\/uploads\/2013\/08\/tripla.jpg\" rel=\"tripla\"><img loading=\"lazy\" decoding=\"async\" src=\"https:\/\/www.hotelgoldenrome.com\/wp-content\/uploads\/2013\/08\/tripla-150x150.jpg\" alt=\"Tremannsrom\" width=\"150\" height=\"150\" class=\"alignnone size-thumbnail wp-image-99\" \/><\/a><\/p>\n<h3><a href=\"https:\/\/www.hotelgoldenrome.com\/wp-content\/uploads\/2014\/01\/tripla-2.jpg\" rel=\"tripla\" class=\"thickbox\">Tremannsrom<\/a><\/h3>\n<p>I to versjoner, enten med king-size dobbeltseng + enkeltseng, eller med tre enkeltsenger. Inkludert fordelene til Hotel Golden, som er tr\u00e5dl\u00f8st internett og et r\u00f8ykfritt milj\u00f8.<\/p>\n<\/div>\n<\/li>\n<li>\n<div>\n<a class=\"thickbox\" href=\"https:\/\/www.hotelgoldenrome.com\/wp-content\/uploads\/2013\/08\/family-room.jpg\" rel=\"family_room\"><img loading=\"lazy\" decoding=\"async\" src=\"https:\/\/www.hotelgoldenrome.com\/wp-content\/uploads\/2013\/08\/family-room-150x150.jpg\" alt=\"Family Room\" width=\"150\" height=\"150\" class=\"alignnone size-thumbnail wp-image-100\" \/><\/a><\/p>\n<h3><a href=\"https:\/\/www.hotelgoldenrome.com\/wp-content\/uploads\/2014\/01\/family_room-2.jpg\" rel=\"family_room\" class=\"thickbox\">Family Room<\/a><\/h3>\n<p>Sv\u00e6rt romslige og flotte, for to voksne og to barn. To king-size dobbeltsenger eller to enkeltsenger + en dobbeltseng. Tr\u00e5dl\u00f8st internett, klimaanlegg, ikke-r\u00f8yk.<\/p>\n<\/div>\n<\/li>\n<li>\n<div>\n<a class=\"thickbox\" href=\"https:\/\/www.hotelgoldenrome.com\/wp-content\/uploads\/2013\/08\/junior-suite.jpg\"><img loading=\"lazy\" decoding=\"async\" src=\"https:\/\/www.hotelgoldenrome.com\/wp-content\/uploads\/2013\/08\/junior-suite-150x150.jpg\" alt=\"junior-suite\" width=\"150\" height=\"150\" class=\"alignnone size-thumbnail wp-image-101\" \/><\/a><\/p>\n<h3><a class=\"thickbox\" href=\"https:\/\/www.hotelgoldenrome.com\/wp-content\/uploads\/2013\/08\/junior-suite.jpg\">Junior Suite<\/a><\/h3>\n<p>Flott og eksklusivt overnattingssted foret romantisk opphold i Roma, med soverom med dobbeltseng, salong og bad med kromoterapi. Dessuten parkettgulv, 32\u201d lcd-fjernsyn og all moderne komfort. Badek\u00e5per og t\u00f8fler for to personer.<\/p>\n<\/div>\n<\/li>\n<li>\n<div>\n<a class=\"thickbox\" href=\"https:\/\/www.hotelgoldenrome.com\/wp-content\/uploads\/2013\/08\/familysuite.jpg\"><img loading=\"lazy\" decoding=\"async\" src=\"https:\/\/www.hotelgoldenrome.com\/wp-content\/uploads\/2013\/08\/familysuite-150x150.jpg\" alt=\"Family Suitene\" width=\"150\" height=\"150\" class=\"alignnone size-thumbnail wp-image-101\" \/><\/a><\/p>\n<h3><a class=\"thickbox\" href=\"https:\/\/www.hotelgoldenrome.com\/wp-content\/uploads\/2013\/08\/familysuite.jpg\">Family Suitene<\/a><\/h3>\n<p>I tillegg til de komfortable familierommene tilbyr Hotel Golden store familiesuiter midt i sentrum av Roma, perfekt for et eksklusivt opphold for deg og din familie. Suitene inneholder to soverom, stue og et privat frokostrom&#8230;<a href=\"https:\/\/www.hotelgoldenrome.com\/no\/family-hotel-suites-no\/\" title=\"Family Suitene\">Fortsett \u00e5 lese<\/a><\/p>\n<\/div>\n<\/li>\n<\/ul>\n<p><\/div>\n<div id=\"colonna-sx\"><br \/>\n<img loading=\"lazy\" decoding=\"async\" src=\"https:\/\/www.hotelgoldenrome.com\/wp-content\/uploads\/2013\/08\/maria-teresa.jpg\" alt=\"maria-teresa\" width=\"206\" height=\"206\" class=\"aligncenter size-full wp-image-65\" srcset=\"https:\/\/www.hotelgoldenrome.com\/wp-content\/uploads\/2013\/08\/maria-teresa.jpg 206w, https:\/\/www.hotelgoldenrome.com\/wp-content\/uploads\/2013\/08\/maria-teresa-150x150.jpg 150w\" sizes=\"auto, (max-width: 206px) 100vw, 206px\" \/><\/p>\n<p class=\"nome\">Sp\u00f8r<br \/> <span>Maria Teresa<\/span><\/p>\n<p>N\u00e5r du kommer inn p\u00e5 et av rommene v\u00e5re puster du inn atmosf\u00e6ren til et ekte hjem, im\u00f8tekommende og omsorgsfullt innredet. Og hvis du reiser med barn, pr\u00f8v v\u00e5r Family Suite!<\/p>\n<p> <\/p>\n<div class=\"lista\">\n<h3>Komfort<\/h3>\n<ul>\n<li>\u00b7 Ikke-r\u00f8yk<\/li>\n<li>\u00b7 Anallergiske<\/li>\n<li>\u00b7 Telefon<\/li>\n<li>\u00b7 Internett<\/li>\n<li>\u00b7 Wi-fi<\/li>\n<li>\u00b7 LCD satelitt-TV<\/li>\n<li>\u00b7 Radio<\/li>\n<li>\u00b7 Minibar<\/li>\n<li>\u00b7 Safe<\/li>\n<li>\u00b7 Air condition (regulerbar)<\/li>\n<li>\u00b7 Oppvarming (regulerbar)<\/li>\n<li>\u00b7 Dusj <\/li>\n<li>\u00b7 H\u00e5ndklevarmer<\/li>\n<li>\u00b7 Courtesy kit<\/li>\n<li>\u00b7 H\u00e5rf\u00f8ner<\/li>\n<li>\u00b7 Strykejern<\/li>\n<\/ul>\n<\/div>\n<p><\/div>\n<p><br clear=\"all\" \/><\/p>\n","protected":false},"excerpt":{"rendered":"<p class=\"nome\">Sp\u00f8r<br \/> <span>Maria Teresa<\/span><\/p>\n<p>N\u00e5r du kommer inn p\u00e5 et av rommene v\u00e5re puster du inn atmosf\u00e6ren til et ekte hjem, im\u00f8tekommende og omsorgsfullt innredet. Og hvis du reiser med barn, pr\u00f8v v\u00e5r Family Suite!<\/p>\n","protected":false},"author":17,"featured_media":65,"parent":0,"menu_order":0,"comment_status":"open","ping_status":"open","template":"page-duecolonne.php","meta":{"ngg_post_thumbnail":0,"footnotes":""},"class_list":["post-1034","page","type-page","status-publish","has-post-thumbnail","hentry"],"yoast_head":"<!-- This site is optimized with the Yoast SEO plugin v25.7 - https:\/\/yoast.com\/wordpress\/plugins\/seo\/ -->\n<title>Rom | Hotel Golden<\/title>\n<meta name=\"description\" content=\"Rom, Hotel Golden: Familiedrevet 2 stjerners hotellet direkte p\u00e5 Villa Borghese i Roma.\" \/>\n<meta name=\"robots\" content=\"index, follow, max-snippet:-1, max-image-preview:large, max-video-preview:-1\" \/>\n<link rel=\"canonical\" href=\"https:\/\/www.hotelgoldenrome.com\/no\/rom\/\" \/>\n<meta property=\"og:locale\" content=\"en_US\" \/>\n<meta property=\"og:type\" content=\"article\" \/>\n<meta property=\"og:title\" content=\"Rom | Hotel Golden\" \/>\n<meta property=\"og:description\" content=\"Rom, Hotel Golden: Familiedrevet 2 stjerners hotellet direkte p\u00e5 Villa Borghese i Roma.\" \/>\n<meta property=\"og:url\" content=\"https:\/\/www.hotelgoldenrome.com\/no\/rom\/\" \/>\n<meta property=\"og:site_name\" content=\"Hotel Golden\" \/>\n<meta property=\"article:modified_time\" content=\"2014-08-01T08:30:20+00:00\" \/>\n<meta property=\"og:image\" content=\"https:\/\/www.hotelgoldenrome.com\/wp-content\/uploads\/2013\/08\/maria-teresa.jpg\" \/>\n\t<meta property=\"og:image:width\" content=\"206\" \/>\n\t<meta property=\"og:image:height\" content=\"206\" \/>\n\t<meta property=\"og:image:type\" content=\"image\/jpeg\" \/>\n<meta name=\"twitter:label1\" content=\"Est. reading time\" \/>\n\t<meta name=\"twitter:data1\" content=\"2 minutes\" \/>\n<script type=\"application\/ld+json\" class=\"yoast-schema-graph\">{\"@context\":\"https:\/\/schema.org\",\"@graph\":[{\"@type\":\"WebPage\",\"@id\":\"https:\/\/www.hotelgoldenrome.com\/no\/rom\/\",\"url\":\"https:\/\/www.hotelgoldenrome.com\/no\/rom\/\",\"name\":\"Rom | Hotel Golden\",\"isPartOf\":{\"@id\":\"https:\/\/www.hotelgoldenrome.com\/no\/#website\"},\"primaryImageOfPage\":{\"@id\":\"https:\/\/www.hotelgoldenrome.com\/no\/rom\/#primaryimage\"},\"image\":{\"@id\":\"https:\/\/www.hotelgoldenrome.com\/no\/rom\/#primaryimage\"},\"thumbnailUrl\":\"https:\/\/www.hotelgoldenrome.com\/wp-content\/uploads\/2013\/08\/maria-teresa.jpg\",\"datePublished\":\"2013-09-26T15:43:02+00:00\",\"dateModified\":\"2014-08-01T08:30:20+00:00\",\"description\":\"Rom, Hotel Golden: Familiedrevet 2 stjerners hotellet direkte p\u00e5 Villa Borghese i Roma.\",\"breadcrumb\":{\"@id\":\"https:\/\/www.hotelgoldenrome.com\/no\/rom\/#breadcrumb\"},\"inLanguage\":\"no\",\"potentialAction\":[{\"@type\":\"ReadAction\",\"target\":[\"https:\/\/www.hotelgoldenrome.com\/no\/rom\/\"]}]},{\"@type\":\"ImageObject\",\"inLanguage\":\"no\",\"@id\":\"https:\/\/www.hotelgoldenrome.com\/no\/rom\/#primaryimage\",\"url\":\"https:\/\/www.hotelgoldenrome.com\/wp-content\/uploads\/2013\/08\/maria-teresa.jpg\",\"contentUrl\":\"https:\/\/www.hotelgoldenrome.com\/wp-content\/uploads\/2013\/08\/maria-teresa.jpg\",\"width\":206,\"height\":206},{\"@type\":\"BreadcrumbList\",\"@id\":\"https:\/\/www.hotelgoldenrome.com\/no\/rom\/#breadcrumb\",\"itemListElement\":[{\"@type\":\"ListItem\",\"position\":1,\"name\":\"Home\",\"item\":\"https:\/\/www.hotelgoldenrome.com\/no\/\"},{\"@type\":\"ListItem\",\"position\":2,\"name\":\"Rom\"}]},{\"@type\":\"WebSite\",\"@id\":\"https:\/\/www.hotelgoldenrome.com\/no\/#website\",\"url\":\"https:\/\/www.hotelgoldenrome.com\/no\/\",\"name\":\"Hotel Golden\",\"description\":\"..your Family run hotel in Rome\",\"potentialAction\":[{\"@type\":\"SearchAction\",\"target\":{\"@type\":\"EntryPoint\",\"urlTemplate\":\"https:\/\/www.hotelgoldenrome.com\/no\/?s={search_term_string}\"},\"query-input\":{\"@type\":\"PropertyValueSpecification\",\"valueRequired\":true,\"valueName\":\"search_term_string\"}}],\"inLanguage\":\"no\"}]}<\/script>\n<!-- \/ Yoast SEO plugin. -->","yoast_head_json":{"title":"Rom | Hotel Golden","description":"Rom, Hotel Golden: Familiedrevet 2 stjerners hotellet direkte p\u00e5 Villa Borghese i Roma.","robots":{"index":"index","follow":"follow","max-snippet":"max-snippet:-1","max-image-preview":"max-image-preview:large","max-video-preview":"max-video-preview:-1"},"canonical":"https:\/\/www.hotelgoldenrome.com\/no\/rom\/","og_locale":"en_US","og_type":"article","og_title":"Rom | Hotel Golden","og_description":"Rom, Hotel Golden: Familiedrevet 2 stjerners hotellet direkte p\u00e5 Villa Borghese i Roma.","og_url":"https:\/\/www.hotelgoldenrome.com\/no\/rom\/","og_site_name":"Hotel Golden","article_modified_time":"2014-08-01T08:30:20+00:00","og_image":[{"width":206,"height":206,"url":"https:\/\/www.hotelgoldenrome.com\/wp-content\/uploads\/2013\/08\/maria-teresa.jpg","type":"image\/jpeg"}],"twitter_misc":{"Est. reading time":"2 minutes"},"schema":{"@context":"https:\/\/schema.org","@graph":[{"@type":"WebPage","@id":"https:\/\/www.hotelgoldenrome.com\/no\/rom\/","url":"https:\/\/www.hotelgoldenrome.com\/no\/rom\/","name":"Rom | Hotel Golden","isPartOf":{"@id":"https:\/\/www.hotelgoldenrome.com\/no\/#website"},"primaryImageOfPage":{"@id":"https:\/\/www.hotelgoldenrome.com\/no\/rom\/#primaryimage"},"image":{"@id":"https:\/\/www.hotelgoldenrome.com\/no\/rom\/#primaryimage"},"thumbnailUrl":"https:\/\/www.hotelgoldenrome.com\/wp-content\/uploads\/2013\/08\/maria-teresa.jpg","datePublished":"2013-09-26T15:43:02+00:00","dateModified":"2014-08-01T08:30:20+00:00","description":"Rom, Hotel Golden: Familiedrevet 2 stjerners hotellet direkte p\u00e5 Villa Borghese i Roma.","breadcrumb":{"@id":"https:\/\/www.hotelgoldenrome.com\/no\/rom\/#breadcrumb"},"inLanguage":"no","potentialAction":[{"@type":"ReadAction","target":["https:\/\/www.hotelgoldenrome.com\/no\/rom\/"]}]},{"@type":"ImageObject","inLanguage":"no","@id":"https:\/\/www.hotelgoldenrome.com\/no\/rom\/#primaryimage","url":"https:\/\/www.hotelgoldenrome.com\/wp-content\/uploads\/2013\/08\/maria-teresa.jpg","contentUrl":"https:\/\/www.hotelgoldenrome.com\/wp-content\/uploads\/2013\/08\/maria-teresa.jpg","width":206,"height":206},{"@type":"BreadcrumbList","@id":"https:\/\/www.hotelgoldenrome.com\/no\/rom\/#breadcrumb","itemListElement":[{"@type":"ListItem","position":1,"name":"Home","item":"https:\/\/www.hotelgoldenrome.com\/no\/"},{"@type":"ListItem","position":2,"name":"Rom"}]},{"@type":"WebSite","@id":"https:\/\/www.hotelgoldenrome.com\/no\/#website","url":"https:\/\/www.hotelgoldenrome.com\/no\/","name":"Hotel Golden","description":"..your Family run hotel in Rome","potentialAction":[{"@type":"SearchAction","target":{"@type":"EntryPoint","urlTemplate":"https:\/\/www.hotelgoldenrome.com\/no\/?s={search_term_string}"},"query-input":{"@type":"PropertyValueSpecification","valueRequired":true,"valueName":"search_term_string"}}],"inLanguage":"no"}]}},"_links":{"self":[{"href":"https:\/\/www.hotelgoldenrome.com\/no\/wp-json\/wp\/v2\/pages\/1034","targetHints":{"allow":["GET"]}}],"collection":[{"href":"https:\/\/www.hotelgoldenrome.com\/no\/wp-json\/wp\/v2\/pages"}],"about":[{"href":"https:\/\/www.hotelgoldenrome.com\/no\/wp-json\/wp\/v2\/types\/page"}],"author":[{"embeddable":true,"href":"https:\/\/www.hotelgoldenrome.com\/no\/wp-json\/wp\/v2\/users\/17"}],"replies":[{"embeddable":true,"href":"https:\/\/www.hotelgoldenrome.com\/no\/wp-json\/wp\/v2\/comments?post=1034"}],"version-history":[{"count":10,"href":"https:\/\/www.hotelgoldenrome.com\/no\/wp-json\/wp\/v2\/pages\/1034\/revisions"}],"predecessor-version":[{"id":1958,"href":"https:\/\/www.hotelgoldenrome.com\/no\/wp-json\/wp\/v2\/pages\/1034\/revisions\/1958"}],"wp:featuredmedia":[{"embeddable":true,"href":"https:\/\/www.hotelgoldenrome.com\/no\/wp-json\/wp\/v2\/media\/65"}],"wp:attachment":[{"href":"https:\/\/www.hotelgoldenrome.com\/no\/wp-json\/wp\/v2\/media?parent=1034"}],"curies":[{"name":"wp","href":"https:\/\/api.w.org\/{rel}","templated":true}]}}