{"id":1179,"date":"2013-11-04T11:54:25","date_gmt":"2013-11-04T11:54:25","guid":{"rendered":"https:\/\/www.hotelgoldenrome.com\/?page_id=1179"},"modified":"2014-08-01T10:56:45","modified_gmt":"2014-08-01T10:56:45","slug":"beskrivelse","status":"publish","type":"page","link":"https:\/\/www.hotelgoldenrome.com\/no\/beskrivelse\/","title":{"rendered":"Beskrivelse"},"content":{"rendered":"<div id=\"colonna-dx\"><\/p>\n<h1>\u00d8konomiklassehotell med full frokost og gratis tr\u00e5dl\u00f8st nettverk<\/h1>\n<p>Hotell Golden i Roma er et \u00f8konomiklassehotell med gratis tr\u00e5dl\u00f8st nettverk. Det befinner seg midt i byens historiske senter, n\u00e6r den fantastiske parken Villa Borghese. Bygningen er et sent 1900-talls palass som er restaurert til sin opprinnelige arkitektur.<\/p>\n<p>Hotellet er designet for \u00e5 sikre fullstendig avslapning for gjestene med fellesomr\u00e5der best\u00e5ende av kirseb\u00e6rtrem\u00f8bler og fint dekorerte vegger i myke gulfarger.<\/p>\n<p>Hotell Golden er et behagelig ikke-r\u00f8ker familiehotell i Roma som ledes av et sv\u00e6rt anerkjent og vennlig personale.  <\/p>\n<p>Hver detalj er studert for \u00e5 gj\u00f8re oppholdet ditt <strong>behagelig <\/strong>og<strong> morsomt<\/strong>, som atmosf\u00e6ren som preger hotellet v\u00e5rt. Hver morgen serverer vi <strong><a class=\"thickbox\" href=\"https:\/\/www.hotelgoldenrome.com\/wp-content\/uploads\/2013\/08\/colazione.jpg\">frokosten<\/a><\/strong> i den vakre verandasalen, opplyst av store vinduer: Gjestene v\u00e5re kan starte dagen p\u00e5 aller beste m\u00e5te med <strong>med hjemmelagde kaker og croissanter<\/strong>, kornblandinger og yoghurt av alle slag, et stort utvalg av fruktjuicer og varme drikker og ogs\u00e5 noen salte spesialiteter som ost og kj\u00f8ttp\u00e5legg.<\/p>\n<p>For at yde endnu en service til vores g\u00e6ster har vi lavet en <strong>aftale<\/strong> med nogle <strong>turistguider<\/strong>, der kan ledsage jer p\u00e5 opdagelse i Rom og i dens storsl\u00e5ede omegn.<br \/>\n<!-- index.php -->\n<div\n\tclass=\"ngg-galleryoverview ngg-ajax-pagination-none\"\n\tid=\"ngg-gallery-3e5f3620680cf1f0632dce7624b5559f-1\">\n\n    \t\t<!-- Thumbnails -->\n\t\t\t\t<div id=\"ngg-image-0\" class=\"ngg-gallery-thumbnail-box\" >\n\t\t\t\t        <div class=\"ngg-gallery-thumbnail\">\n            <a href=\"https:\/\/www.hotelgoldenrome.com\/wp-content\/galleries\/servizi\/002.jpg\"\n               title=\"\"\n               data-src=\"https:\/\/www.hotelgoldenrome.com\/wp-content\/galleries\/servizi\/002.jpg\"\n               data-thumbnail=\"https:\/\/www.hotelgoldenrome.com\/wp-content\/galleries\/servizi\/thumbs\/thumbs_002.jpg\"\n               data-image-id=\"92\"\n               data-title=\"002-jpg\"\n               data-description=\"\"\n               data-image-slug=\"002-jpg\"\n               class=\"ngg-fancybox\" rel=\"3e5f3620680cf1f0632dce7624b5559f\">\n                <img\n                    title=\"002-jpg\"\n                    alt=\"002-jpg\"\n                    src=\"https:\/\/www.hotelgoldenrome.com\/wp-content\/galleries\/servizi\/thumbs\/thumbs_002.jpg\"\n                    width=\"150\"\n                    height=\"150\"\n                    style=\"max-width:100%;\"\n                \/>\n            <\/a>\n        <\/div>\n\t\t\t\t\t\t\t<\/div> \n\t\t\t\n        \n\t\t\t\t<div id=\"ngg-image-1\" class=\"ngg-gallery-thumbnail-box\" >\n\t\t\t\t        <div class=\"ngg-gallery-thumbnail\">\n            <a href=\"https:\/\/www.hotelgoldenrome.com\/wp-content\/galleries\/servizi\/053.jpg\"\n               title=\"\"\n               data-src=\"https:\/\/www.hotelgoldenrome.com\/wp-content\/galleries\/servizi\/053.jpg\"\n               data-thumbnail=\"https:\/\/www.hotelgoldenrome.com\/wp-content\/galleries\/servizi\/thumbs\/thumbs_053.jpg\"\n               data-image-id=\"93\"\n               data-title=\"053-jpg\"\n               data-description=\"\"\n               data-image-slug=\"053-jpg\"\n               class=\"ngg-fancybox\" rel=\"3e5f3620680cf1f0632dce7624b5559f\">\n                <img\n                    title=\"053-jpg\"\n                    alt=\"053-jpg\"\n                    src=\"https:\/\/www.hotelgoldenrome.com\/wp-content\/galleries\/servizi\/thumbs\/thumbs_053.jpg\"\n                    width=\"150\"\n                    height=\"150\"\n                    style=\"max-width:100%;\"\n                \/>\n            <\/a>\n        <\/div>\n\t\t\t\t\t\t\t<\/div> \n\t\t\t\n        \n\t\t\t\t<div id=\"ngg-image-2\" class=\"ngg-gallery-thumbnail-box\" >\n\t\t\t\t        <div class=\"ngg-gallery-thumbnail\">\n            <a href=\"https:\/\/www.hotelgoldenrome.com\/wp-content\/galleries\/servizi\/066.jpg\"\n               title=\"\"\n               data-src=\"https:\/\/www.hotelgoldenrome.com\/wp-content\/galleries\/servizi\/066.jpg\"\n               data-thumbnail=\"https:\/\/www.hotelgoldenrome.com\/wp-content\/galleries\/servizi\/thumbs\/thumbs_066.jpg\"\n               data-image-id=\"94\"\n               data-title=\"066-jpg\"\n               data-description=\"\"\n               data-image-slug=\"066-jpg\"\n               class=\"ngg-fancybox\" rel=\"3e5f3620680cf1f0632dce7624b5559f\">\n                <img\n                    title=\"066-jpg\"\n                    alt=\"066-jpg\"\n                    src=\"https:\/\/www.hotelgoldenrome.com\/wp-content\/galleries\/servizi\/thumbs\/thumbs_066.jpg\"\n                    width=\"150\"\n                    height=\"150\"\n                    style=\"max-width:100%;\"\n                \/>\n            <\/a>\n        <\/div>\n\t\t\t\t\t\t\t<\/div> \n\t\t\t\n        \n\t\t\t\t<div id=\"ngg-image-3\" class=\"ngg-gallery-thumbnail-box\" >\n\t\t\t\t        <div class=\"ngg-gallery-thumbnail\">\n            <a href=\"https:\/\/www.hotelgoldenrome.com\/wp-content\/galleries\/servizi\/g12_b.jpg\"\n               title=\"\"\n               data-src=\"https:\/\/www.hotelgoldenrome.com\/wp-content\/galleries\/servizi\/g12_b.jpg\"\n               data-thumbnail=\"https:\/\/www.hotelgoldenrome.com\/wp-content\/galleries\/servizi\/thumbs\/thumbs_g12_b.jpg\"\n               data-image-id=\"51\"\n               data-title=\"g12_b-jpg\"\n               data-description=\"\"\n               data-image-slug=\"g12_b-jpg-1\"\n               class=\"ngg-fancybox\" rel=\"3e5f3620680cf1f0632dce7624b5559f\">\n                <img\n                    title=\"g12_b-jpg\"\n                    alt=\"g12_b-jpg\"\n                    src=\"https:\/\/www.hotelgoldenrome.com\/wp-content\/galleries\/servizi\/thumbs\/thumbs_g12_b.jpg\"\n                    width=\"150\"\n                    height=\"150\"\n                    style=\"max-width:100%;\"\n                \/>\n            <\/a>\n        <\/div>\n\t\t\t\t\t\t\t<\/div> \n\t\t\t\n        \n\t\t\n\t\t<!-- Pagination -->\n\t<div class='ngg-clear'><\/div>\t<\/div>\n<\/p>\n<h2>Tjenestene<\/h2>\n<p>Blant de mange <strong>tjenestene<\/strong> vi stiller til v\u00e5re gjesters disposisjon vil vi minne om::<\/p>\n<ul>\n<li>\u00b7 henting p\u00e5 flyplassen, m\u00e5 bestilles i det du bestiller rommet<\/li>\n<li>\u00b7 samarbeidende garasje som ligger like ved hotellet og som utf\u00f8rer hente- og bringeservice<\/li>\n<li>\u00b7 internet point<\/li>\n<li>\u00b7 wi-fi-tilgang i hele hotellet<\/li>\n<li>\u00b7 romservice<\/li>\n<li>\u00b7 Tv med Pay per View \/ Sky<\/li>\n<li>\u00b7 Dagsaviser<\/li>\n<li>\u00b7 Bagasjeoppbevaring<\/li>\n<li>\u00b7 tidlig check-in<\/li>\n<li>\u00b7 Heis<\/li>\n<li>\u00b7 Myntvaskeri<\/li>\n<\/ul>\n<p>Ved ankomst gir vi deg et <strong>detaljert kart<\/strong> hvor hotellet og de viktigste attraksjonene er tegnet inn, mens du i v\u00e5r <strong>resepsjon som er \u00e5pen 24 timer i d\u00f8gnet<\/strong> finner et nyttig <strong>info point <\/strong>med mulighet til \u00e5 bestille billetter til alle utstillingene som holdes i byen. Vi st\u00e5r i tillegg til din disposisjon for \u00e5 anbefale de beste og &#8220;godkjente&#8221; restaurantene og trattoriaene i byen hvor du kan smake det ekte romerske kj\u00f8kken.<br \/>\n<\/div>\n<div id=\"colonna-sx\"><br \/>\n<img loading=\"lazy\" decoding=\"async\" src=\"https:\/\/www.hotelgoldenrome.com\/wp-content\/uploads\/2013\/08\/alina.jpg\" alt=\"alina\" width=\"206\" height=\"206\" class=\"alignnone size-full wp-image-167\" \/><\/p>\n<p class=\"nome\">Sp\u00f8r<br \/> <span>Alina<\/span><\/p>\n<p>Vi ligger et steinkast fra Villa Borghese, i en vakker bygning fra slutten av 1800-tallet, med en varm og gjestfri atmosf\u00e6re. V\u00e5r hjemmelagde frokost er noe helt unikt! <\/p>\n<div class=\"box\">\n<p>Nyt et opphold langt fra kabler og passiv r\u00f8yking! P\u00e5 Hotel Golden i Roma, i det rene <strong>r\u00f8ykfrie milj\u00f8et<\/strong> med <strong>tr\u00e5dl\u00f8st internett<\/strong>: dette er en <strong>gratis<\/strong> tjeneste som <strong>hotellet <\/strong>v\u00e5rt, for<strong> ikke-r\u00f8ykere <\/strong>i<strong> sentrum <\/strong>av<strong> Roma<\/strong> tilbyr i v\u00e5re behagelige og gjestmilde rom og fellesarealer.<\/p>\n<\/div>\n<p><\/div>\n<p>&nbsp;<\/p>\n","protected":false},"excerpt":{"rendered":"<p>&nbsp;<\/p>\n","protected":false},"author":17,"featured_media":0,"parent":0,"menu_order":0,"comment_status":"open","ping_status":"open","template":"page-duecolonne.php","meta":{"ngg_post_thumbnail":0,"footnotes":""},"class_list":["post-1179","page","type-page","status-publish","hentry"],"yoast_head":"<!-- This site is optimized with the Yoast SEO plugin v25.7 - https:\/\/yoast.com\/wordpress\/plugins\/seo\/ -->\n<title>Rimelige Hotellet i Roma Sentrum | R\u00f8ykfrie Hotellet Roma<\/title>\n<meta name=\"description\" content=\"I tillegg til et opphold til en rimelig pris og gratis wi-fi, kan Hotell Golden tilby en rikholdig og nylaget frokost tilberedt av mamma Teresa, og alltid med ferske produkter.\" \/>\n<meta name=\"robots\" content=\"index, follow, max-snippet:-1, max-image-preview:large, max-video-preview:-1\" \/>\n<link rel=\"canonical\" href=\"https:\/\/www.hotelgoldenrome.com\/no\/beskrivelse\/\" \/>\n<meta property=\"og:locale\" content=\"en_US\" \/>\n<meta property=\"og:type\" content=\"article\" \/>\n<meta property=\"og:title\" content=\"Rimelige Hotellet i Roma Sentrum | R\u00f8ykfrie Hotellet Roma\" \/>\n<meta property=\"og:description\" content=\"I tillegg til et opphold til en rimelig pris og gratis wi-fi, kan Hotell Golden tilby en rikholdig og nylaget frokost tilberedt av mamma Teresa, og alltid med ferske produkter.\" \/>\n<meta property=\"og:url\" content=\"https:\/\/www.hotelgoldenrome.com\/no\/beskrivelse\/\" \/>\n<meta property=\"og:site_name\" content=\"Hotel Golden\" \/>\n<meta property=\"article:modified_time\" content=\"2014-08-01T10:56:45+00:00\" \/>\n<meta property=\"og:image\" content=\"https:\/\/www.hotelgoldenrome.com\/wp-content\/uploads\/2013\/08\/alina.jpg\" \/>\n<meta name=\"twitter:label1\" content=\"Est. reading time\" \/>\n\t<meta name=\"twitter:data1\" content=\"2 minutes\" \/>\n<script type=\"application\/ld+json\" class=\"yoast-schema-graph\">{\"@context\":\"https:\/\/schema.org\",\"@graph\":[{\"@type\":\"WebPage\",\"@id\":\"https:\/\/www.hotelgoldenrome.com\/no\/beskrivelse\/\",\"url\":\"https:\/\/www.hotelgoldenrome.com\/no\/beskrivelse\/\",\"name\":\"Rimelige Hotellet i Roma Sentrum | R\u00f8ykfrie Hotellet Roma\",\"isPartOf\":{\"@id\":\"https:\/\/www.hotelgoldenrome.com\/no\/#website\"},\"primaryImageOfPage\":{\"@id\":\"https:\/\/www.hotelgoldenrome.com\/no\/beskrivelse\/#primaryimage\"},\"image\":{\"@id\":\"https:\/\/www.hotelgoldenrome.com\/no\/beskrivelse\/#primaryimage\"},\"thumbnailUrl\":\"https:\/\/www.hotelgoldenrome.com\/wp-content\/uploads\/2013\/08\/alina.jpg\",\"datePublished\":\"2013-11-04T11:54:25+00:00\",\"dateModified\":\"2014-08-01T10:56:45+00:00\",\"description\":\"I tillegg til et opphold til en rimelig pris og gratis wi-fi, kan Hotell Golden tilby en rikholdig og nylaget frokost tilberedt av mamma Teresa, og alltid med ferske produkter.\",\"breadcrumb\":{\"@id\":\"https:\/\/www.hotelgoldenrome.com\/no\/beskrivelse\/#breadcrumb\"},\"inLanguage\":\"no\",\"potentialAction\":[{\"@type\":\"ReadAction\",\"target\":[\"https:\/\/www.hotelgoldenrome.com\/no\/beskrivelse\/\"]}]},{\"@type\":\"ImageObject\",\"inLanguage\":\"no\",\"@id\":\"https:\/\/www.hotelgoldenrome.com\/no\/beskrivelse\/#primaryimage\",\"url\":\"https:\/\/www.hotelgoldenrome.com\/wp-content\/uploads\/2013\/08\/alina.jpg\",\"contentUrl\":\"https:\/\/www.hotelgoldenrome.com\/wp-content\/uploads\/2013\/08\/alina.jpg\"},{\"@type\":\"BreadcrumbList\",\"@id\":\"https:\/\/www.hotelgoldenrome.com\/no\/beskrivelse\/#breadcrumb\",\"itemListElement\":[{\"@type\":\"ListItem\",\"position\":1,\"name\":\"Home\",\"item\":\"https:\/\/www.hotelgoldenrome.com\/no\/\"},{\"@type\":\"ListItem\",\"position\":2,\"name\":\"Beskrivelse\"}]},{\"@type\":\"WebSite\",\"@id\":\"https:\/\/www.hotelgoldenrome.com\/no\/#website\",\"url\":\"https:\/\/www.hotelgoldenrome.com\/no\/\",\"name\":\"Hotel Golden\",\"description\":\"..your Family run hotel in Rome\",\"potentialAction\":[{\"@type\":\"SearchAction\",\"target\":{\"@type\":\"EntryPoint\",\"urlTemplate\":\"https:\/\/www.hotelgoldenrome.com\/no\/?s={search_term_string}\"},\"query-input\":{\"@type\":\"PropertyValueSpecification\",\"valueRequired\":true,\"valueName\":\"search_term_string\"}}],\"inLanguage\":\"no\"}]}<\/script>\n<!-- \/ Yoast SEO plugin. -->","yoast_head_json":{"title":"Rimelige Hotellet i Roma Sentrum | R\u00f8ykfrie Hotellet Roma","description":"I tillegg til et opphold til en rimelig pris og gratis wi-fi, kan Hotell Golden tilby en rikholdig og nylaget frokost tilberedt av mamma Teresa, og alltid med ferske produkter.","robots":{"index":"index","follow":"follow","max-snippet":"max-snippet:-1","max-image-preview":"max-image-preview:large","max-video-preview":"max-video-preview:-1"},"canonical":"https:\/\/www.hotelgoldenrome.com\/no\/beskrivelse\/","og_locale":"en_US","og_type":"article","og_title":"Rimelige Hotellet i Roma Sentrum | R\u00f8ykfrie Hotellet Roma","og_description":"I tillegg til et opphold til en rimelig pris og gratis wi-fi, kan Hotell Golden tilby en rikholdig og nylaget frokost tilberedt av mamma Teresa, og alltid med ferske produkter.","og_url":"https:\/\/www.hotelgoldenrome.com\/no\/beskrivelse\/","og_site_name":"Hotel Golden","article_modified_time":"2014-08-01T10:56:45+00:00","og_image":[{"url":"https:\/\/www.hotelgoldenrome.com\/wp-content\/uploads\/2013\/08\/alina.jpg","type":"","width":"","height":""}],"twitter_misc":{"Est. reading time":"2 minutes"},"schema":{"@context":"https:\/\/schema.org","@graph":[{"@type":"WebPage","@id":"https:\/\/www.hotelgoldenrome.com\/no\/beskrivelse\/","url":"https:\/\/www.hotelgoldenrome.com\/no\/beskrivelse\/","name":"Rimelige Hotellet i Roma Sentrum | R\u00f8ykfrie Hotellet Roma","isPartOf":{"@id":"https:\/\/www.hotelgoldenrome.com\/no\/#website"},"primaryImageOfPage":{"@id":"https:\/\/www.hotelgoldenrome.com\/no\/beskrivelse\/#primaryimage"},"image":{"@id":"https:\/\/www.hotelgoldenrome.com\/no\/beskrivelse\/#primaryimage"},"thumbnailUrl":"https:\/\/www.hotelgoldenrome.com\/wp-content\/uploads\/2013\/08\/alina.jpg","datePublished":"2013-11-04T11:54:25+00:00","dateModified":"2014-08-01T10:56:45+00:00","description":"I tillegg til et opphold til en rimelig pris og gratis wi-fi, kan Hotell Golden tilby en rikholdig og nylaget frokost tilberedt av mamma Teresa, og alltid med ferske produkter.","breadcrumb":{"@id":"https:\/\/www.hotelgoldenrome.com\/no\/beskrivelse\/#breadcrumb"},"inLanguage":"no","potentialAction":[{"@type":"ReadAction","target":["https:\/\/www.hotelgoldenrome.com\/no\/beskrivelse\/"]}]},{"@type":"ImageObject","inLanguage":"no","@id":"https:\/\/www.hotelgoldenrome.com\/no\/beskrivelse\/#primaryimage","url":"https:\/\/www.hotelgoldenrome.com\/wp-content\/uploads\/2013\/08\/alina.jpg","contentUrl":"https:\/\/www.hotelgoldenrome.com\/wp-content\/uploads\/2013\/08\/alina.jpg"},{"@type":"BreadcrumbList","@id":"https:\/\/www.hotelgoldenrome.com\/no\/beskrivelse\/#breadcrumb","itemListElement":[{"@type":"ListItem","position":1,"name":"Home","item":"https:\/\/www.hotelgoldenrome.com\/no\/"},{"@type":"ListItem","position":2,"name":"Beskrivelse"}]},{"@type":"WebSite","@id":"https:\/\/www.hotelgoldenrome.com\/no\/#website","url":"https:\/\/www.hotelgoldenrome.com\/no\/","name":"Hotel Golden","description":"..your Family run hotel in Rome","potentialAction":[{"@type":"SearchAction","target":{"@type":"EntryPoint","urlTemplate":"https:\/\/www.hotelgoldenrome.com\/no\/?s={search_term_string}"},"query-input":{"@type":"PropertyValueSpecification","valueRequired":true,"valueName":"search_term_string"}}],"inLanguage":"no"}]}},"_links":{"self":[{"href":"https:\/\/www.hotelgoldenrome.com\/no\/wp-json\/wp\/v2\/pages\/1179","targetHints":{"allow":["GET"]}}],"collection":[{"href":"https:\/\/www.hotelgoldenrome.com\/no\/wp-json\/wp\/v2\/pages"}],"about":[{"href":"https:\/\/www.hotelgoldenrome.com\/no\/wp-json\/wp\/v2\/types\/page"}],"author":[{"embeddable":true,"href":"https:\/\/www.hotelgoldenrome.com\/no\/wp-json\/wp\/v2\/users\/17"}],"replies":[{"embeddable":true,"href":"https:\/\/www.hotelgoldenrome.com\/no\/wp-json\/wp\/v2\/comments?post=1179"}],"version-history":[{"count":5,"href":"https:\/\/www.hotelgoldenrome.com\/no\/wp-json\/wp\/v2\/pages\/1179\/revisions"}],"predecessor-version":[{"id":1984,"href":"https:\/\/www.hotelgoldenrome.com\/no\/wp-json\/wp\/v2\/pages\/1179\/revisions\/1984"}],"wp:attachment":[{"href":"https:\/\/www.hotelgoldenrome.com\/no\/wp-json\/wp\/v2\/media?parent=1179"}],"curies":[{"name":"wp","href":"https:\/\/api.w.org\/{rel}","templated":true}]}}