{"id":302,"date":"2013-09-26T15:43:38","date_gmt":"2013-09-26T15:43:38","guid":{"rendered":"https:\/\/www.hotelgoldenrome.com\/?page_id=302"},"modified":"2014-08-01T08:25:57","modified_gmt":"2014-08-01T08:25:57","slug":"quartos","status":"publish","type":"page","link":"https:\/\/www.hotelgoldenrome.com\/pt-pt\/quartos\/","title":{"rendered":"Quartos"},"content":{"rendered":"<div id=\"colonna-dx\"><\/p>\n<h1>Quartos<\/h1>\n<p>Os quartos do Hotel Golden foram decorados num estilo <strong>simples<\/strong>, <strong>elegante<\/strong> e <strong>pr\u00e1tico<\/strong>, ideal para a cria\u00e7\u00e3o de um ambiente agrad\u00e1vel e hospitaleiro. A aten\u00e7\u00e3o especial <strong>aos detalhes<\/strong>, mob\u00edlia em madeira de cerejeira e tecidos apraz\u00edveis ajudam a criar uma <strong>atmosfera familiar<\/strong> que faz com que os h\u00f3spedes se sintam \u00e0 vontade. Todos os quartos do <strong>hotel de Roma<\/strong> foram recentemente renovados e possuem <strong>conforto de elevada qualidade<\/strong> como <strong>ar condicionado<\/strong>, TV com sat\u00e9lite, telefone, frigor\u00edfico bar, cofre e <strong>portas e janelas isoladas acusticamente <\/strong>para garantir um sono tranquilo aos nossos h\u00f3spedes.<\/p>\n<p>Todos os quartos possuem uma <strong>casa-de-banho privada <\/strong>com duche e secador de cabelo, com um rico kit  de cortesia inclu\u00eddo. Al\u00e9m disso, para os alojamentos em tipologia <strong>Dupla Superior, Junior Suite e Family Suite<\/strong>, encontra-se previsto um conjunto para duas pessoas de c\u00f3modas <a class=\"thickbox\" href=\"https:\/\/www.hotelgoldenrome.com\/wp-content\/uploads\/2013\/08\/pantofole.jpg\"><strong>pantufas e roup\u00f5es macios<\/strong><\/a>.<\/p>\n<p><strong>O Hotel Golden \u00e9 um espa\u00e7o onde n\u00e3o se pode fumar<\/strong>. Para uma melhor salubridade do ambiente e do ar e para respeitar os h\u00e1bitos da maior parte dos nossos h\u00f3spedes, n\u00e3o se pode fumar em todos os quartos.<\/p>\n<h2>Os nossos quartos<\/h2>\n<ul id=\"lista-camere\">\n<li>\n<div>\n<a class=\"thickbox\" href=\"https:\/\/www.hotelgoldenrome.com\/wp-content\/uploads\/2013\/08\/singola.jpg\"><img loading=\"lazy\" decoding=\"async\" src=\"https:\/\/www.hotelgoldenrome.com\/wp-content\/uploads\/2013\/08\/singola-150x150.jpg\" alt=\"Individual\" width=\"150\" height=\"150\" class=\"alignnone size-thumbnail wp-image-93\" \/><\/a><\/p>\n<h3><a class=\"thickbox\" href=\"https:\/\/www.hotelgoldenrome.com\/wp-content\/uploads\/2013\/08\/singola.jpg\">Individual<\/a><\/h3>\n<p>Alojamento familiar e acolhedor com cama de solteiro, para n\u00e3o fumadores. Tamb\u00e9m neste alojamento de base existe wi-fi e ar condicionado.<\/p>\n<\/div>\n<\/li>\n<li>\n<div>\n<a class=\"thickbox\" href=\"https:\/\/www.hotelgoldenrome.com\/wp-content\/uploads\/2013\/08\/doppia.jpg\"><img loading=\"lazy\" decoding=\"async\" src=\"https:\/\/www.hotelgoldenrome.com\/wp-content\/uploads\/2013\/08\/doppia-150x150.jpg\" alt=\"Pequeno Quarto Duplo\" width=\"150\" height=\"150\" class=\"alignnone size-thumbnail wp-image-96\" \/><\/a><\/p>\n<h3><a class=\"thickbox\" href=\"https:\/\/www.hotelgoldenrome.com\/wp-content\/uploads\/2013\/08\/doppia.jpg\">Pequeno Quarto Duplo<\/a><\/h3>\n<p>Com cama de corpo e meio (tipo small double bed), compacto no que concerne \u00e0s dimens\u00f5es, mas n\u00e3o nos confortos: encontra-se, com efeito, dotado das mesmas prerrogativas do duplo superior.<\/p>\n<\/div>\n<\/li>\n<li>\n<div>\n<a class=\"thickbox\" href=\"https:\/\/www.hotelgoldenrome.com\/wp-content\/uploads\/2013\/08\/doppia-classic.jpg\" rel=\"doppia_classic\"><img loading=\"lazy\" decoding=\"async\" src=\"https:\/\/www.hotelgoldenrome.com\/wp-content\/uploads\/2013\/08\/doppia-classic-150x150.jpg\" alt=\"Duplo Classic\" width=\"150\" height=\"150\" class=\"alignnone size-thumbnail wp-image-97\" \/><\/a><\/p>\n<h3><a href=\"https:\/\/www.hotelgoldenrome.com\/wp-content\/uploads\/2014\/01\/doppia_classic-2.jpg\" rel=\"doppia_classic\" class=\"thickbox\">Duplo Classic<\/a><\/h3>\n<p>Com cama de casal do tipo queen-size ou com duas camas de solteiro. Mais pequeno que o quarto duplo superior, mas igualmente elegante e equipado.<\/p>\n<\/div>\n<\/li>\n<li>\n<div>\n<a class=\"thickbox\" href=\"https:\/\/www.hotelgoldenrome.com\/wp-content\/uploads\/2013\/08\/doppia-superior.jpg\" rel=\"doppia_superior\"><img loading=\"lazy\" decoding=\"async\" src=\"https:\/\/www.hotelgoldenrome.com\/wp-content\/uploads\/2013\/08\/doppia-superior-150x150.jpg\" alt=\"Duplo Superior\" width=\"150\" height=\"150\" class=\"alignnone size-thumbnail wp-image-98\" \/><\/a><\/p>\n<h3><a href=\"https:\/\/www.hotelgoldenrome.com\/wp-content\/uploads\/2014\/01\/doppia_superior-2.jpg\" rel=\"doppia_superior\" class=\"thickbox\">Duplo Superior<\/a><\/h3>\n<p>O topo de gama do Hotel Golden, a par da magn\u00edfica localiza\u00e7\u00e3o pr\u00f3ximo da via Veneto, piazza di Spagna e Fontana di Trevi. Luxo m\u00e1ximo, wi-fi, n\u00e3o fumadores&#8230; Duas camas de solteiro ou cama de casal tipo king-size. Roup\u00f5es e pantufas para duas pessoas.<\/p>\n<\/div>\n<\/li>\n<li>\n<div>\n<a class=\"thickbox\" href=\"https:\/\/www.hotelgoldenrome.com\/wp-content\/uploads\/2013\/08\/tripla.jpg\" rel=\"tripla\"><img loading=\"lazy\" decoding=\"async\" src=\"https:\/\/www.hotelgoldenrome.com\/wp-content\/uploads\/2013\/08\/tripla-150x150.jpg\" alt=\"Triplo\" width=\"150\" height=\"150\" class=\"alignnone size-thumbnail wp-image-99\" \/><\/a><\/p>\n<h3><a href=\"https:\/\/www.hotelgoldenrome.com\/wp-content\/uploads\/2014\/01\/tripla-2.jpg\" rel=\"tripla\" class=\"thickbox\">Triplo<\/a><\/h3>\n<p>Em duas configura\u00e7\u00f5es ou cama de casal tipo king-size + cama de solteiro ou tr\u00eas camas de solteiro. Encontram-se inclu\u00eddas as proverbiais mais-valias do Hotel Golden como o Wi-Fi e o ambiente de n\u00e3o fumadores.<\/p>\n<\/div>\n<\/li>\n<li>\n<div>\n<a class=\"thickbox\" href=\"https:\/\/www.hotelgoldenrome.com\/wp-content\/uploads\/2013\/08\/family-room.jpg\" rel=\"family_room\"><img loading=\"lazy\" decoding=\"async\" src=\"https:\/\/www.hotelgoldenrome.com\/wp-content\/uploads\/2013\/08\/family-room-150x150.jpg\" alt=\"Family Quarto\" width=\"150\" height=\"150\" class=\"alignnone size-thumbnail wp-image-100\" \/><\/a><\/p>\n<h3><a href=\"https:\/\/www.hotelgoldenrome.com\/wp-content\/uploads\/2014\/01\/family_room-2.jpg\" rel=\"family_room\" class=\"thickbox\">Family Quarto<\/a><\/h3>\n<p>Muito espa\u00e7osos e cuidados nos m\u00ednimos pormenores, para dois adultos e duas crian\u00e7as. Duas camas de casal tipo king-size ou duas camas de solteiro + uma cama de casal. Wi-Fi, climatiza\u00e7\u00e3o, n\u00e3o fumadores.<\/p>\n<\/div>\n<\/li>\n<li>\n<div>\n<a class=\"thickbox\" href=\"https:\/\/www.hotelgoldenrome.com\/wp-content\/uploads\/2013\/08\/junior-suite.jpg\"><img loading=\"lazy\" decoding=\"async\" src=\"https:\/\/www.hotelgoldenrome.com\/wp-content\/uploads\/2013\/08\/junior-suite-150x150.jpg\" alt=\"Junior Suite\" width=\"150\" height=\"150\" class=\"alignnone size-thumbnail wp-image-101\" \/><\/a><\/p>\n<h3><a class=\"thickbox\" href=\"https:\/\/www.hotelgoldenrome.com\/wp-content\/uploads\/2013\/08\/junior-suite.jpg\">Junior Suite<\/a><\/h3>\n<p>Caracterizado por uma arquitectura e beleza \u00edmpares, \u00e9 o local ideal para uma estadia rom\u00e2ntica em Roma. Disp\u00f5e de quartos de casal, modernos e confort\u00e1veis, com pavimento em parquet e equipados com quarto de banho privativo, sala de estar, banho de cromoterapia e televis\u00e3o LCD 32&#8221;. Roup\u00f5es e pantufas para duas pessoas.<\/p>\n<\/div>\n<\/li>\n<li>\n<div>\n<a class=\"thickbox\" href=\"https:\/\/www.hotelgoldenrome.com\/wp-content\/uploads\/2013\/08\/familysuite.jpg\"><img loading=\"lazy\" decoding=\"async\" src=\"https:\/\/www.hotelgoldenrome.com\/wp-content\/uploads\/2013\/08\/familysuite-150x150.jpg\" alt=\"Family Suite\" width=\"150\" height=\"150\" class=\"alignnone size-thumbnail wp-image-101\" \/><\/a><\/p>\n<h3><a class=\"thickbox\" href=\"https:\/\/www.hotelgoldenrome.com\/wp-content\/uploads\/2013\/08\/familysuite.jpg\">Family Suite<\/a><\/h3>\n<p>Al\u00e9m de confort\u00e1veis family rooms, o Hotel Golden disp\u00f5e de amplas family suites no centro de Roma, ideais para uma estada exclusiva com a sua fam\u00edlia, em ambientes com dois quartos, sala de estar e saleta privada para o pequeno-almo\u00e7o&#8230;<a href=\"https:\/\/www.hotelgoldenrome.com\/pt-pt\/family-hotel-suites-pt\/\" title=\"Family Suite\">Continue lendo<\/a><\/p>\n<\/div>\n<\/li>\n<\/ul>\n<p><\/div>\n<div id=\"colonna-sx\"><br \/>\n<img loading=\"lazy\" decoding=\"async\" src=\"https:\/\/www.hotelgoldenrome.com\/wp-content\/uploads\/2013\/08\/maria-teresa.jpg\" alt=\"maria-teresa\" width=\"206\" height=\"206\" class=\"aligncenter size-full wp-image-65\" srcset=\"https:\/\/www.hotelgoldenrome.com\/wp-content\/uploads\/2013\/08\/maria-teresa.jpg 206w, https:\/\/www.hotelgoldenrome.com\/wp-content\/uploads\/2013\/08\/maria-teresa-150x150.jpg 150w\" sizes=\"auto, (max-width: 206px) 100vw, 206px\" \/><\/p>\n<p class=\"nome\">Pergunte a<br \/> <span>Maria Teresa<\/span><\/p>\n<p>Quando entro num dos nossos quartos respiro a atmosfera de uma verdadeira casa, acolhedora e decorada com aten\u00e7\u00e3o. E se viaja com os seus filhos, experimente a Family Suite!<\/p>\n<p> <\/p>\n<div class=\"lista\">\n<h3>Confortos<\/h3>\n<ul>\n<li>\u00b7 N\u00e3o fumadores<\/li>\n<li>\u00b7 Antial\u00e9rgicos<\/li>\n<li>\u00b7 Telefone<\/li>\n<li>\u00b7 Internet<\/li>\n<li>\u00b7 Wi-fi<\/li>\n<li>\u00b7 Televis\u00e3o LCD via sat\u00e9lite<\/li>\n<li>\u00b7 R\u00e1dio<\/li>\n<li>\u00b7 Bar-frigor\u00edfico<\/li>\n<li>\u00b7 Cofre<\/li>\n<li>\u00b7 Ar condicionado (regul\u00e1vel)<\/li>\n<li>\u00b7 Aquecimento (regul\u00e1vel)<\/li>\n<li>\u00b7 Duche<\/li>\n<li>\u00b7 Aquecedor de toalhas<\/li>\n<li>\u00b7 Kit de cortesia<\/li>\n<li>\u00b7 Secador de cabelo<\/li>\n<li>\u00b7 Ferro de engomar<\/li>\n<\/ul>\n<\/div>\n<p><\/div>\n<p><br clear=\"all\" \/><\/p>\n","protected":false},"excerpt":{"rendered":"<p class=\"nome\">Pergunte a<br \/> <span>Maria Teresa<\/span><\/p>\n<p>Quando entro num dos nossos quartos respiro a atmosfera de uma verdadeira casa, acolhedora e decorada com aten\u00e7\u00e3o. E se viaja com os seus filhos, experimente a Family Suite!<\/p>\n","protected":false},"author":17,"featured_media":65,"parent":0,"menu_order":0,"comment_status":"open","ping_status":"open","template":"page-duecolonne.php","meta":{"ngg_post_thumbnail":0,"footnotes":""},"class_list":["post-302","page","type-page","status-publish","has-post-thumbnail","hentry"],"yoast_head":"<!-- This site is optimized with the Yoast SEO plugin v25.7 - https:\/\/yoast.com\/wordpress\/plugins\/seo\/ -->\n<title>Quartos | Hotel Golden<\/title>\n<meta name=\"description\" content=\"Quartos, Hotel Golden: Hotel de 2 estrelas numa posi\u00e7\u00e3o central, mas ao mesmo tempo muito tranquila.\" \/>\n<meta name=\"robots\" content=\"index, follow, max-snippet:-1, max-image-preview:large, max-video-preview:-1\" \/>\n<link rel=\"canonical\" href=\"https:\/\/www.hotelgoldenrome.com\/pt-pt\/quartos\/\" \/>\n<meta property=\"og:locale\" content=\"pt_PT\" \/>\n<meta property=\"og:type\" content=\"article\" \/>\n<meta property=\"og:title\" content=\"Quartos | Hotel Golden\" \/>\n<meta property=\"og:description\" content=\"Quartos, Hotel Golden: Hotel de 2 estrelas numa posi\u00e7\u00e3o central, mas ao mesmo tempo muito tranquila.\" \/>\n<meta property=\"og:url\" content=\"https:\/\/www.hotelgoldenrome.com\/pt-pt\/quartos\/\" \/>\n<meta property=\"og:site_name\" content=\"Hotel Golden\" \/>\n<meta property=\"article:modified_time\" content=\"2014-08-01T08:25:57+00:00\" \/>\n<meta property=\"og:image\" content=\"https:\/\/www.hotelgoldenrome.com\/wp-content\/uploads\/2013\/08\/maria-teresa.jpg\" \/>\n\t<meta property=\"og:image:width\" content=\"206\" \/>\n\t<meta property=\"og:image:height\" content=\"206\" \/>\n\t<meta property=\"og:image:type\" content=\"image\/jpeg\" \/>\n<meta name=\"twitter:label1\" content=\"Tempo estimado de leitura\" \/>\n\t<meta name=\"twitter:data1\" content=\"3 minutos\" \/>\n<script type=\"application\/ld+json\" class=\"yoast-schema-graph\">{\"@context\":\"https:\/\/schema.org\",\"@graph\":[{\"@type\":\"WebPage\",\"@id\":\"https:\/\/www.hotelgoldenrome.com\/pt-pt\/quartos\/\",\"url\":\"https:\/\/www.hotelgoldenrome.com\/pt-pt\/quartos\/\",\"name\":\"Quartos | Hotel Golden\",\"isPartOf\":{\"@id\":\"https:\/\/www.hotelgoldenrome.com\/pt-pt\/#website\"},\"primaryImageOfPage\":{\"@id\":\"https:\/\/www.hotelgoldenrome.com\/pt-pt\/quartos\/#primaryimage\"},\"image\":{\"@id\":\"https:\/\/www.hotelgoldenrome.com\/pt-pt\/quartos\/#primaryimage\"},\"thumbnailUrl\":\"https:\/\/www.hotelgoldenrome.com\/wp-content\/uploads\/2013\/08\/maria-teresa.jpg\",\"datePublished\":\"2013-09-26T15:43:38+00:00\",\"dateModified\":\"2014-08-01T08:25:57+00:00\",\"description\":\"Quartos, Hotel Golden: Hotel de 2 estrelas numa posi\u00e7\u00e3o central, mas ao mesmo tempo muito tranquila.\",\"breadcrumb\":{\"@id\":\"https:\/\/www.hotelgoldenrome.com\/pt-pt\/quartos\/#breadcrumb\"},\"inLanguage\":\"pt-PT\",\"potentialAction\":[{\"@type\":\"ReadAction\",\"target\":[\"https:\/\/www.hotelgoldenrome.com\/pt-pt\/quartos\/\"]}]},{\"@type\":\"ImageObject\",\"inLanguage\":\"pt-PT\",\"@id\":\"https:\/\/www.hotelgoldenrome.com\/pt-pt\/quartos\/#primaryimage\",\"url\":\"https:\/\/www.hotelgoldenrome.com\/wp-content\/uploads\/2013\/08\/maria-teresa.jpg\",\"contentUrl\":\"https:\/\/www.hotelgoldenrome.com\/wp-content\/uploads\/2013\/08\/maria-teresa.jpg\",\"width\":206,\"height\":206},{\"@type\":\"BreadcrumbList\",\"@id\":\"https:\/\/www.hotelgoldenrome.com\/pt-pt\/quartos\/#breadcrumb\",\"itemListElement\":[{\"@type\":\"ListItem\",\"position\":1,\"name\":\"Home\",\"item\":\"https:\/\/www.hotelgoldenrome.com\/pt-pt\/\"},{\"@type\":\"ListItem\",\"position\":2,\"name\":\"Quartos\"}]},{\"@type\":\"WebSite\",\"@id\":\"https:\/\/www.hotelgoldenrome.com\/pt-pt\/#website\",\"url\":\"https:\/\/www.hotelgoldenrome.com\/pt-pt\/\",\"name\":\"Hotel Golden\",\"description\":\"..your Family run hotel in Rome\",\"potentialAction\":[{\"@type\":\"SearchAction\",\"target\":{\"@type\":\"EntryPoint\",\"urlTemplate\":\"https:\/\/www.hotelgoldenrome.com\/pt-pt\/?s={search_term_string}\"},\"query-input\":{\"@type\":\"PropertyValueSpecification\",\"valueRequired\":true,\"valueName\":\"search_term_string\"}}],\"inLanguage\":\"pt-PT\"}]}<\/script>\n<!-- \/ Yoast SEO plugin. -->","yoast_head_json":{"title":"Quartos | Hotel Golden","description":"Quartos, Hotel Golden: Hotel de 2 estrelas numa posi\u00e7\u00e3o central, mas ao mesmo tempo muito tranquila.","robots":{"index":"index","follow":"follow","max-snippet":"max-snippet:-1","max-image-preview":"max-image-preview:large","max-video-preview":"max-video-preview:-1"},"canonical":"https:\/\/www.hotelgoldenrome.com\/pt-pt\/quartos\/","og_locale":"pt_PT","og_type":"article","og_title":"Quartos | Hotel Golden","og_description":"Quartos, Hotel Golden: Hotel de 2 estrelas numa posi\u00e7\u00e3o central, mas ao mesmo tempo muito tranquila.","og_url":"https:\/\/www.hotelgoldenrome.com\/pt-pt\/quartos\/","og_site_name":"Hotel Golden","article_modified_time":"2014-08-01T08:25:57+00:00","og_image":[{"width":206,"height":206,"url":"https:\/\/www.hotelgoldenrome.com\/wp-content\/uploads\/2013\/08\/maria-teresa.jpg","type":"image\/jpeg"}],"twitter_misc":{"Tempo estimado de leitura":"3 minutos"},"schema":{"@context":"https:\/\/schema.org","@graph":[{"@type":"WebPage","@id":"https:\/\/www.hotelgoldenrome.com\/pt-pt\/quartos\/","url":"https:\/\/www.hotelgoldenrome.com\/pt-pt\/quartos\/","name":"Quartos | Hotel Golden","isPartOf":{"@id":"https:\/\/www.hotelgoldenrome.com\/pt-pt\/#website"},"primaryImageOfPage":{"@id":"https:\/\/www.hotelgoldenrome.com\/pt-pt\/quartos\/#primaryimage"},"image":{"@id":"https:\/\/www.hotelgoldenrome.com\/pt-pt\/quartos\/#primaryimage"},"thumbnailUrl":"https:\/\/www.hotelgoldenrome.com\/wp-content\/uploads\/2013\/08\/maria-teresa.jpg","datePublished":"2013-09-26T15:43:38+00:00","dateModified":"2014-08-01T08:25:57+00:00","description":"Quartos, Hotel Golden: Hotel de 2 estrelas numa posi\u00e7\u00e3o central, mas ao mesmo tempo muito tranquila.","breadcrumb":{"@id":"https:\/\/www.hotelgoldenrome.com\/pt-pt\/quartos\/#breadcrumb"},"inLanguage":"pt-PT","potentialAction":[{"@type":"ReadAction","target":["https:\/\/www.hotelgoldenrome.com\/pt-pt\/quartos\/"]}]},{"@type":"ImageObject","inLanguage":"pt-PT","@id":"https:\/\/www.hotelgoldenrome.com\/pt-pt\/quartos\/#primaryimage","url":"https:\/\/www.hotelgoldenrome.com\/wp-content\/uploads\/2013\/08\/maria-teresa.jpg","contentUrl":"https:\/\/www.hotelgoldenrome.com\/wp-content\/uploads\/2013\/08\/maria-teresa.jpg","width":206,"height":206},{"@type":"BreadcrumbList","@id":"https:\/\/www.hotelgoldenrome.com\/pt-pt\/quartos\/#breadcrumb","itemListElement":[{"@type":"ListItem","position":1,"name":"Home","item":"https:\/\/www.hotelgoldenrome.com\/pt-pt\/"},{"@type":"ListItem","position":2,"name":"Quartos"}]},{"@type":"WebSite","@id":"https:\/\/www.hotelgoldenrome.com\/pt-pt\/#website","url":"https:\/\/www.hotelgoldenrome.com\/pt-pt\/","name":"Hotel Golden","description":"..your Family run hotel in Rome","potentialAction":[{"@type":"SearchAction","target":{"@type":"EntryPoint","urlTemplate":"https:\/\/www.hotelgoldenrome.com\/pt-pt\/?s={search_term_string}"},"query-input":{"@type":"PropertyValueSpecification","valueRequired":true,"valueName":"search_term_string"}}],"inLanguage":"pt-PT"}]}},"_links":{"self":[{"href":"https:\/\/www.hotelgoldenrome.com\/pt-pt\/wp-json\/wp\/v2\/pages\/302","targetHints":{"allow":["GET"]}}],"collection":[{"href":"https:\/\/www.hotelgoldenrome.com\/pt-pt\/wp-json\/wp\/v2\/pages"}],"about":[{"href":"https:\/\/www.hotelgoldenrome.com\/pt-pt\/wp-json\/wp\/v2\/types\/page"}],"author":[{"embeddable":true,"href":"https:\/\/www.hotelgoldenrome.com\/pt-pt\/wp-json\/wp\/v2\/users\/17"}],"replies":[{"embeddable":true,"href":"https:\/\/www.hotelgoldenrome.com\/pt-pt\/wp-json\/wp\/v2\/comments?post=302"}],"version-history":[{"count":10,"href":"https:\/\/www.hotelgoldenrome.com\/pt-pt\/wp-json\/wp\/v2\/pages\/302\/revisions"}],"predecessor-version":[{"id":1954,"href":"https:\/\/www.hotelgoldenrome.com\/pt-pt\/wp-json\/wp\/v2\/pages\/302\/revisions\/1954"}],"wp:featuredmedia":[{"embeddable":true,"href":"https:\/\/www.hotelgoldenrome.com\/pt-pt\/wp-json\/wp\/v2\/media\/65"}],"wp:attachment":[{"href":"https:\/\/www.hotelgoldenrome.com\/pt-pt\/wp-json\/wp\/v2\/media?parent=302"}],"curies":[{"name":"wp","href":"https:\/\/api.w.org\/{rel}","templated":true}]}}