{"id":368,"date":"2013-09-27T12:35:09","date_gmt":"2013-09-27T12:35:09","guid":{"rendered":"https:\/\/www.hotelgoldenrome.com\/?page_id=368"},"modified":"2016-08-10T07:18:58","modified_gmt":"2016-08-10T07:18:58","slug":"localizacao","status":"publish","type":"page","link":"https:\/\/www.hotelgoldenrome.com\/pt-pt\/localizacao\/","title":{"rendered":"Localiza\u00e7\u00e3o"},"content":{"rendered":"<div id=\"colonna-dx\"><\/p>\n<h1>Hotel no centro de Roma perto da Villa Borghese <\/h1>\n<p>O Hotel Golden encontra-se entre a espl\u00eandida <strong>Villa Borghese<\/strong> e a <strong>Via Veneto<\/strong>, teatro da Dolce Vita dos anos Sessenta, numa posi\u00e7\u00e3o central, mas ao mesmo tempo muito <strong>tranquila<\/strong>, a dois passos da <strong>Piazza di Spagna<\/strong> e da <strong>Fontana di Trevi<\/strong>.<\/p>\n<p><!-- index.php -->\n<div\n\tclass=\"ngg-galleryoverview ngg-ajax-pagination-none\"\n\tid=\"ngg-gallery-013901b19af03fbd4a581c21b99a80df-1\">\n\n    \t\t<!-- Thumbnails -->\n\t\t\t\t<div id=\"ngg-image-0\" class=\"ngg-gallery-thumbnail-box\" >\n\t\t\t\t        <div class=\"ngg-gallery-thumbnail\">\n            <a href=\"https:\/\/www.hotelgoldenrome.com\/wp-content\/galleries\/posizione\/100.jpg\"\n               title=\"\"\n               data-src=\"https:\/\/www.hotelgoldenrome.com\/wp-content\/galleries\/posizione\/100.jpg\"\n               data-thumbnail=\"https:\/\/www.hotelgoldenrome.com\/wp-content\/galleries\/posizione\/thumbs\/thumbs_100.jpg\"\n               data-image-id=\"100\"\n               data-title=\"100-jpg\"\n               data-description=\"\"\n               data-image-slug=\"100-jpg\"\n               class=\"ngg-fancybox\" rel=\"013901b19af03fbd4a581c21b99a80df\">\n                <img\n                    title=\"100-jpg\"\n                    alt=\"100-jpg\"\n                    src=\"https:\/\/www.hotelgoldenrome.com\/wp-content\/galleries\/posizione\/thumbs\/thumbs_100.jpg\"\n                    width=\"150\"\n                    height=\"150\"\n                    style=\"max-width:100%;\"\n                \/>\n            <\/a>\n        <\/div>\n\t\t\t\t\t\t\t<\/div> \n\t\t\t\n        \n\t\t\t\t<div id=\"ngg-image-1\" class=\"ngg-gallery-thumbnail-box\" >\n\t\t\t\t        <div class=\"ngg-gallery-thumbnail\">\n            <a href=\"https:\/\/www.hotelgoldenrome.com\/wp-content\/galleries\/posizione\/piazza_spagna.jpg\"\n               title=\"\"\n               data-src=\"https:\/\/www.hotelgoldenrome.com\/wp-content\/galleries\/posizione\/piazza_spagna.jpg\"\n               data-thumbnail=\"https:\/\/www.hotelgoldenrome.com\/wp-content\/galleries\/posizione\/thumbs\/thumbs_piazza_spagna.jpg\"\n               data-image-id=\"99\"\n               data-title=\"Primavera a Trinit\u2021 dei Monti, Piazza di Spagna, Roma\"\n               data-description=\"\"\n               data-image-slug=\"piazza_spagna-jpg\"\n               class=\"ngg-fancybox\" rel=\"013901b19af03fbd4a581c21b99a80df\">\n                <img\n                    title=\"Primavera a Trinit\u2021 dei Monti, Piazza di Spagna, Roma\"\n                    alt=\"Primavera a Trinit\u2021 dei Monti, Piazza di Spagna, Roma\"\n                    src=\"https:\/\/www.hotelgoldenrome.com\/wp-content\/galleries\/posizione\/thumbs\/thumbs_piazza_spagna.jpg\"\n                    width=\"150\"\n                    height=\"150\"\n                    style=\"max-width:100%;\"\n                \/>\n            <\/a>\n        <\/div>\n\t\t\t\t\t\t\t<\/div> \n\t\t\t\n        \n\t\t\t\t<div id=\"ngg-image-2\" class=\"ngg-gallery-thumbnail-box\" >\n\t\t\t\t        <div class=\"ngg-gallery-thumbnail\">\n            <a href=\"https:\/\/www.hotelgoldenrome.com\/wp-content\/galleries\/posizione\/roma.jpg\"\n               title=\"A wornderful sundown overlooking the Saint Peter Cathedral\"\n               data-src=\"https:\/\/www.hotelgoldenrome.com\/wp-content\/galleries\/posizione\/roma.jpg\"\n               data-thumbnail=\"https:\/\/www.hotelgoldenrome.com\/wp-content\/galleries\/posizione\/thumbs\/thumbs_roma.jpg\"\n               data-image-id=\"102\"\n               data-title=\"Rome Sundown\"\n               data-description=\"A wornderful sundown overlooking the Saint Peter Cathedral\"\n               data-image-slug=\"rome-sundown\"\n               class=\"ngg-fancybox\" rel=\"013901b19af03fbd4a581c21b99a80df\">\n                <img\n                    title=\"Rome Sundown\"\n                    alt=\"Rome Sundown\"\n                    src=\"https:\/\/www.hotelgoldenrome.com\/wp-content\/galleries\/posizione\/thumbs\/thumbs_roma.jpg\"\n                    width=\"150\"\n                    height=\"150\"\n                    style=\"max-width:100%;\"\n                \/>\n            <\/a>\n        <\/div>\n\t\t\t\t\t\t\t<\/div> \n\t\t\t\n        \n\t\t\t\t<div id=\"ngg-image-3\" class=\"ngg-gallery-thumbnail-box\" >\n\t\t\t\t        <div class=\"ngg-gallery-thumbnail\">\n            <a href=\"https:\/\/www.hotelgoldenrome.com\/wp-content\/galleries\/posizione\/eventi.jpg\"\n               title=\"\"\n               data-src=\"https:\/\/www.hotelgoldenrome.com\/wp-content\/galleries\/posizione\/eventi.jpg\"\n               data-thumbnail=\"https:\/\/www.hotelgoldenrome.com\/wp-content\/galleries\/posizione\/thumbs\/thumbs_eventi.jpg\"\n               data-image-id=\"101\"\n               data-title=\"The Coliseum by Night\"\n               data-description=\"\"\n               data-image-slug=\"the-coliseum-by-night\"\n               class=\"ngg-fancybox\" rel=\"013901b19af03fbd4a581c21b99a80df\">\n                <img\n                    title=\"The Coliseum by Night\"\n                    alt=\"The Coliseum by Night\"\n                    src=\"https:\/\/www.hotelgoldenrome.com\/wp-content\/galleries\/posizione\/thumbs\/thumbs_eventi.jpg\"\n                    width=\"150\"\n                    height=\"150\"\n                    style=\"max-width:100%;\"\n                \/>\n            <\/a>\n        <\/div>\n\t\t\t\t\t\t\t<\/div> \n\t\t\t\n        \n\t\t\n\t\t<!-- Pagination -->\n\t<div class='ngg-clear'><\/div>\t<\/div>\n<\/p>\n<p>A poucos passos deste acolhedor <strong>hotel de Roma<\/strong> estende-se um dos pulm\u00f5es verdes da cidade: o Parque<strong> <\/strong>de Villa Borghese, onde os romanos adoram passear no dias de Ver\u00e3o e onde se encontra o <strong>Pincio<\/strong>, ponto panor\u00e2mico espectacular de onde com um s\u00f3 olhar se abra\u00e7a toda a cidade. Na sumptuosa Mans\u00e3o encontra-se hospedada a c\u00e9lebre <strong>Galleria Borghese<\/strong>, uma das colec\u00e7\u00f5es mais vastas do mundo que guarda obras de artistas como Tiziano, Rubens, Caravaggio e Bernini.<\/p>\n<p><iframe loading=\"lazy\" src=\"https:\/\/maps.google.it\/maps?q=Hotel+Golden+Roma+-+MARUMA+Srl+-+Via+Marche+84,+00187+Roma,+Italia&amp;oe=utf-8&amp;client=firefox-a&amp;channel=fflb&amp;ie=UTF8&amp;hl=it&amp;hq=Hotel+Golden+Roma+-+MARUMA+Srl+-+Via+Marche+84,+00187+Roma,+Italia&amp;hnear=&amp;radius=15000&amp;t=m&amp;ll=41.911475,12.490017&amp;spn=0.006387,0.014806&amp;z=16&amp;iwloc=A&amp;output=embed\" height=\"400\" width=\"650\" frameborder=\"0\" marginwidth=\"0\" marginheight=\"0\" scrolling=\"no\"><\/iframe><\/p>\n<h2>COMO CHEGAR AT\u00c9 N\u00d3S<\/h2>\n<ul id=\"come\">\n<li>\n<div>\n<p><strong>En avi\u00f3n<\/strong><br \/>\nO Hotel Golden coloca \u00e0 disposi\u00e7\u00e3o um <strong>servi\u00e7o de recolha<\/strong> a partir do aeroporto que dever\u00e1 ser solicitado aquando da reserva do quarto. Em alternativa, existem v\u00e1rias maneiras de chegar ao hotel a partir dos <strong>aeroportos de Roma<\/strong>.<br \/>\nA partir do <strong>aeroporto de Roma &#8220;Fiumicino&#8221;<\/strong>:<br \/>\n&#8211; com os autocarros &#8220;Terravision Shuttle&#8221; e &#8220;Schiaffini Travel Shuttle&#8221; chega-se \u00e0 esta\u00e7\u00e3o central Termini (terminal). A partir daqui poder\u00e1 optar por seguir de t\u00e1xi ou com os autocarros n.\u00ba 360 (Corso d\u2019Italia \u2013 5\u00aa paragem), ou n.\u00ba 910 (Via Piemonte\/Boncompagni \u2013 4\u00aa paragem) e caminhar 400 metros at\u00e9 chegar a Via Marche;- O comboio directo &#8220;Leonardo Express\u201d lev\u00e1-lo-\u00e1 at\u00e9 \u00e0 esta\u00e7\u00e3o Termini (terminal) em aproximadamente 35 minutos.  A partir daqui poder\u00e1 optar por seguir de t\u00e1xi ou com os autocarros n.\u00ba 360 (Corso d\u2019Italia \u2013 5\u00aa paragem), ou n.\u00ba 910 (Via Piemonte\/Boncompagni \u2013 4\u00aa paragem) e caminhar 400 metros a p\u00e9 at\u00e9 chegar a Via Marche; tamb\u00e9m poder\u00e1 utilizar o metropolitano, Linha A, at\u00e9 a Piazza Barberini e a partir daqui seguir at\u00e9 a Via Veneto a p\u00e9 ou com um dos v\u00e1rios autocarros.<br \/>\nA partir do <strong>aeroporto de Roma &#8220;Ciampino&#8221;<\/strong>:<br \/>\n&#8211; com um t\u00e1xi privado;<br \/>\n&#8211; com os autocarros &#8220;Terravision Shuttle&#8221; e &#8220;Schiaffini Travel Shuttle&#8221; chega-se \u00e0 esta\u00e7\u00e3o central Termini (terminal). A partir daqui poder\u00e1 optar por seguir de t\u00e1xi ou com os autocarros n.\u00ba 360 (Corso d\u2019Italia \u2013 5\u00aa paragem), ou n.\u00ba 910 (Via Piemonte\/Boncompagni \u2013 4\u00aa paragem) e caminhar 400 metros at\u00e9 chegar a Via Marche; tamb\u00e9m poder\u00e1 utilizar o metropolitano, Linha A, at\u00e9 a Piazza Barberini e, a partir daqui, seguir at\u00e9 a Via Veneto a p\u00e9 ou com um dos v\u00e1rios autocarros.<\/p>\n<p><strong>De carro<\/strong><br \/>\nA partir de qualquer auto-estrada, entre na circular Grande Raccordo Anulare e saia na Salaria. Siga pela Salaria em direc\u00e7\u00e3o ao centro at\u00e9 chegar \u00e0 Villa Borghese. Vire na Via Pinciana e siga at\u00e9 chegar a Piazzale Brasile. Vire \u00e0 esquerda nos sem\u00e1foros, seguindo ao longo dos Muros Aurelianos at\u00e9 chegar a Porta Pinciana. A primeira rua \u00e0 esquerda \u00e9 a Via Marche, e encontrar\u00e1 o hotel no n\u00famero 84. Poder\u00e1 estacionar o seu carro no estacionamento privativo pr\u00f3ximo ao hotel, que possui servi\u00e7o de valet.<\/p>\n<p><strong>De comboio<\/strong><br \/>\nA partir da esta\u00e7\u00e3o Termini poder\u00e1 chegar at\u00e9 ao Hotel Golden de t\u00e1xi ou transportes p\u00fablicos. O autocarro n.\u00ba 360 p\u00e1ra em Corso d&#8217;Italia (5\u00aa paragem), enquanto que o autocarro n.\u00ba 910 p\u00e1ra no cruzamento entre a Via Piemonte e Via Boncompagni. Em ambos os casos, dever\u00e1 caminhar cerca de 400 metros at\u00e9 chegar a Via Marche, onde encontrar\u00e1 o hotel no n\u00famero 84.<br \/>\nEm alternativa, poder\u00e1 utilizar o metropolitano (linha A, sentido Battistini); descer 2 paragens depois na Piazza Barberini e posteriormente seguir a p\u00e9 at\u00e9 a Via Veneto ou com um dos v\u00e1rios autocarros que por l\u00e1 passam (n\u00b0116, 119, 95, 63, 80, 52, 53).<\/p>\n<\/div>\n<\/li>\n<\/ul>\n<p><\/div>\n<div id=\"colonna-sx\"><br \/>\n<img loading=\"lazy\" decoding=\"async\" class=\"aligncenter size-full wp-image-65\" alt=\"maria-teresa\" src=\"https:\/\/www.hotelgoldenrome.com\/wp-content\/uploads\/2013\/08\/giuseppe.jpg\" width=\"206\" height=\"206\" \/><\/p>\n<p class=\"nome\">Pergunte a<br \/><span>Giuseppe<\/span><\/p>\n<p>Fazer estada no nosso hotel significa ter Roma mesmo \u00e0 m\u00e3o. Estamos situados perto da via Veneto e da paragem do metro, mas tamb\u00e9m pode deslocar-se a p\u00e9!<\/p>\n<p><a href=\"https:\/\/www.hotelgoldenrome.com\/wp-content\/uploads\/2013\/08\/020.jpg\" class=\"thickbox\"><img loading=\"lazy\" decoding=\"async\" src=\"https:\/\/www.hotelgoldenrome.com\/wp-content\/uploads\/2013\/08\/020-206x206.jpg\" alt=\"020\" width=\"206\" height=\"206\" \/><\/a><\/p>\n<p>A posi\u00e7\u00e3o onde se encontra o <strong>Hotel Golden de Roma<\/strong> permite chegar a p\u00e9 a muit\u00edssimos outros lugares interessantes, quer ao n\u00edvel cultural, quer para o <strong>shopping<\/strong> como, por exemplo, a <strong>Via del Corso<\/strong>&nbsp;e a <strong>Piazza Navona<\/strong>. Para al\u00e9m disso, utilizando a eficiente rede de meios p\u00fablicos, poder\u00e3o dedicar-se aos in\u00fameros monumentos da \u00e9poca imperial como o <strong>Coliseu<\/strong>, os F\u00f3runs Imperiais e a Domus Aurea.<\/p>\n<p>Para tornar a vossa estadia ainda mais agrad\u00e1vel, acordamos um servi\u00e7o de guia tur\u00edstica que organiza <strong>tours na cidade<\/strong> e <strong>passeios pelos arredores<\/strong>.<\/p>\n<p>Se deseja sentir-se recebido &#8220;como em casa&#8221; e, ao mesmo tempo, encontrar-se a poucos minutos a p\u00e9 de lugares romanos c\u00e9lebres tais como a <strong>Piazza di Spagna<\/strong>, a <strong>Fontana di Trevi<\/strong>, a <strong>via Veneto<\/strong> e a <strong>Villa Borghese<\/strong>, no Hotel Golden de <strong>Roma<\/strong> estaremos sempre \u00e0 sua disposi\u00e7\u00e3o.<\/p>\n<p><\/div>\n<p>&nbsp;<\/p>\n","protected":false},"excerpt":{"rendered":"<p class=\"nome\">Pergunte a<br \/><span>Giuseppe<\/span><\/p>\n<p>Fazer estada no nosso hotel significa ter Roma mesmo \u00e0 m\u00e3o. Estamos situados perto da via Veneto e da paragem do metro, mas tamb\u00e9m pode deslocar-se a p\u00e9!<\/p>\n","protected":false},"author":17,"featured_media":2111,"parent":0,"menu_order":0,"comment_status":"open","ping_status":"open","template":"page-duecolonne.php","meta":{"ngg_post_thumbnail":0,"footnotes":""},"class_list":["post-368","page","type-page","status-publish","has-post-thumbnail","hentry"],"yoast_head":"<!-- This site is optimized with the Yoast SEO plugin v25.7 - https:\/\/yoast.com\/wordpress\/plugins\/seo\/ -->\n<title>Hotel perto de Villa Borghese | Hotel no centro de Roma<\/title>\n<meta name=\"description\" content=\"A poucos passos deste acolhedor hotel de Roma estende-se um dos pulm\u00f5es verdes da cidade: o Parque de Villa Borghese, onde os romanos adoram passear no dias de Ver\u00e3o.\" \/>\n<meta name=\"robots\" content=\"index, follow, max-snippet:-1, max-image-preview:large, max-video-preview:-1\" \/>\n<link rel=\"canonical\" href=\"https:\/\/www.hotelgoldenrome.com\/pt-pt\/localizacao\/\" \/>\n<meta property=\"og:locale\" content=\"pt_PT\" \/>\n<meta property=\"og:type\" content=\"article\" \/>\n<meta property=\"og:title\" content=\"Hotel perto de Villa Borghese | Hotel no centro de Roma\" \/>\n<meta property=\"og:description\" content=\"A poucos passos deste acolhedor hotel de Roma estende-se um dos pulm\u00f5es verdes da cidade: o Parque de Villa Borghese, onde os romanos adoram passear no dias de Ver\u00e3o.\" \/>\n<meta property=\"og:url\" content=\"https:\/\/www.hotelgoldenrome.com\/pt-pt\/localizacao\/\" \/>\n<meta property=\"og:site_name\" content=\"Hotel Golden\" \/>\n<meta property=\"article:modified_time\" content=\"2016-08-10T07:18:58+00:00\" \/>\n<meta property=\"og:image\" content=\"https:\/\/www.hotelgoldenrome.com\/wp-content\/uploads\/2013\/08\/giuseppe.jpg\" \/>\n\t<meta property=\"og:image:width\" content=\"206\" \/>\n\t<meta property=\"og:image:height\" content=\"206\" \/>\n\t<meta property=\"og:image:type\" content=\"image\/jpeg\" \/>\n<meta name=\"twitter:label1\" content=\"Tempo estimado de leitura\" \/>\n\t<meta name=\"twitter:data1\" content=\"4 minutos\" \/>\n<script type=\"application\/ld+json\" class=\"yoast-schema-graph\">{\"@context\":\"https:\/\/schema.org\",\"@graph\":[{\"@type\":\"WebPage\",\"@id\":\"https:\/\/www.hotelgoldenrome.com\/pt-pt\/localizacao\/\",\"url\":\"https:\/\/www.hotelgoldenrome.com\/pt-pt\/localizacao\/\",\"name\":\"Hotel perto de Villa Borghese | Hotel no centro de Roma\",\"isPartOf\":{\"@id\":\"https:\/\/www.hotelgoldenrome.com\/pt-pt\/#website\"},\"primaryImageOfPage\":{\"@id\":\"https:\/\/www.hotelgoldenrome.com\/pt-pt\/localizacao\/#primaryimage\"},\"image\":{\"@id\":\"https:\/\/www.hotelgoldenrome.com\/pt-pt\/localizacao\/#primaryimage\"},\"thumbnailUrl\":\"https:\/\/www.hotelgoldenrome.com\/wp-content\/uploads\/2013\/08\/giuseppe.jpg\",\"datePublished\":\"2013-09-27T12:35:09+00:00\",\"dateModified\":\"2016-08-10T07:18:58+00:00\",\"description\":\"A poucos passos deste acolhedor hotel de Roma estende-se um dos pulm\u00f5es verdes da cidade: o Parque de Villa Borghese, onde os romanos adoram passear no dias de Ver\u00e3o.\",\"breadcrumb\":{\"@id\":\"https:\/\/www.hotelgoldenrome.com\/pt-pt\/localizacao\/#breadcrumb\"},\"inLanguage\":\"pt-PT\",\"potentialAction\":[{\"@type\":\"ReadAction\",\"target\":[\"https:\/\/www.hotelgoldenrome.com\/pt-pt\/localizacao\/\"]}]},{\"@type\":\"ImageObject\",\"inLanguage\":\"pt-PT\",\"@id\":\"https:\/\/www.hotelgoldenrome.com\/pt-pt\/localizacao\/#primaryimage\",\"url\":\"https:\/\/www.hotelgoldenrome.com\/wp-content\/uploads\/2013\/08\/giuseppe.jpg\",\"contentUrl\":\"https:\/\/www.hotelgoldenrome.com\/wp-content\/uploads\/2013\/08\/giuseppe.jpg\",\"width\":206,\"height\":206},{\"@type\":\"BreadcrumbList\",\"@id\":\"https:\/\/www.hotelgoldenrome.com\/pt-pt\/localizacao\/#breadcrumb\",\"itemListElement\":[{\"@type\":\"ListItem\",\"position\":1,\"name\":\"Home\",\"item\":\"https:\/\/www.hotelgoldenrome.com\/pt-pt\/\"},{\"@type\":\"ListItem\",\"position\":2,\"name\":\"Localiza\u00e7\u00e3o\"}]},{\"@type\":\"WebSite\",\"@id\":\"https:\/\/www.hotelgoldenrome.com\/pt-pt\/#website\",\"url\":\"https:\/\/www.hotelgoldenrome.com\/pt-pt\/\",\"name\":\"Hotel Golden\",\"description\":\"..your Family run hotel in Rome\",\"potentialAction\":[{\"@type\":\"SearchAction\",\"target\":{\"@type\":\"EntryPoint\",\"urlTemplate\":\"https:\/\/www.hotelgoldenrome.com\/pt-pt\/?s={search_term_string}\"},\"query-input\":{\"@type\":\"PropertyValueSpecification\",\"valueRequired\":true,\"valueName\":\"search_term_string\"}}],\"inLanguage\":\"pt-PT\"}]}<\/script>\n<!-- \/ Yoast SEO plugin. -->","yoast_head_json":{"title":"Hotel perto de Villa Borghese | Hotel no centro de Roma","description":"A poucos passos deste acolhedor hotel de Roma estende-se um dos pulm\u00f5es verdes da cidade: o Parque de Villa Borghese, onde os romanos adoram passear no dias de Ver\u00e3o.","robots":{"index":"index","follow":"follow","max-snippet":"max-snippet:-1","max-image-preview":"max-image-preview:large","max-video-preview":"max-video-preview:-1"},"canonical":"https:\/\/www.hotelgoldenrome.com\/pt-pt\/localizacao\/","og_locale":"pt_PT","og_type":"article","og_title":"Hotel perto de Villa Borghese | Hotel no centro de Roma","og_description":"A poucos passos deste acolhedor hotel de Roma estende-se um dos pulm\u00f5es verdes da cidade: o Parque de Villa Borghese, onde os romanos adoram passear no dias de Ver\u00e3o.","og_url":"https:\/\/www.hotelgoldenrome.com\/pt-pt\/localizacao\/","og_site_name":"Hotel Golden","article_modified_time":"2016-08-10T07:18:58+00:00","og_image":[{"width":206,"height":206,"url":"https:\/\/www.hotelgoldenrome.com\/wp-content\/uploads\/2013\/08\/giuseppe.jpg","type":"image\/jpeg"}],"twitter_misc":{"Tempo estimado de leitura":"4 minutos"},"schema":{"@context":"https:\/\/schema.org","@graph":[{"@type":"WebPage","@id":"https:\/\/www.hotelgoldenrome.com\/pt-pt\/localizacao\/","url":"https:\/\/www.hotelgoldenrome.com\/pt-pt\/localizacao\/","name":"Hotel perto de Villa Borghese | Hotel no centro de Roma","isPartOf":{"@id":"https:\/\/www.hotelgoldenrome.com\/pt-pt\/#website"},"primaryImageOfPage":{"@id":"https:\/\/www.hotelgoldenrome.com\/pt-pt\/localizacao\/#primaryimage"},"image":{"@id":"https:\/\/www.hotelgoldenrome.com\/pt-pt\/localizacao\/#primaryimage"},"thumbnailUrl":"https:\/\/www.hotelgoldenrome.com\/wp-content\/uploads\/2013\/08\/giuseppe.jpg","datePublished":"2013-09-27T12:35:09+00:00","dateModified":"2016-08-10T07:18:58+00:00","description":"A poucos passos deste acolhedor hotel de Roma estende-se um dos pulm\u00f5es verdes da cidade: o Parque de Villa Borghese, onde os romanos adoram passear no dias de Ver\u00e3o.","breadcrumb":{"@id":"https:\/\/www.hotelgoldenrome.com\/pt-pt\/localizacao\/#breadcrumb"},"inLanguage":"pt-PT","potentialAction":[{"@type":"ReadAction","target":["https:\/\/www.hotelgoldenrome.com\/pt-pt\/localizacao\/"]}]},{"@type":"ImageObject","inLanguage":"pt-PT","@id":"https:\/\/www.hotelgoldenrome.com\/pt-pt\/localizacao\/#primaryimage","url":"https:\/\/www.hotelgoldenrome.com\/wp-content\/uploads\/2013\/08\/giuseppe.jpg","contentUrl":"https:\/\/www.hotelgoldenrome.com\/wp-content\/uploads\/2013\/08\/giuseppe.jpg","width":206,"height":206},{"@type":"BreadcrumbList","@id":"https:\/\/www.hotelgoldenrome.com\/pt-pt\/localizacao\/#breadcrumb","itemListElement":[{"@type":"ListItem","position":1,"name":"Home","item":"https:\/\/www.hotelgoldenrome.com\/pt-pt\/"},{"@type":"ListItem","position":2,"name":"Localiza\u00e7\u00e3o"}]},{"@type":"WebSite","@id":"https:\/\/www.hotelgoldenrome.com\/pt-pt\/#website","url":"https:\/\/www.hotelgoldenrome.com\/pt-pt\/","name":"Hotel Golden","description":"..your Family run hotel in Rome","potentialAction":[{"@type":"SearchAction","target":{"@type":"EntryPoint","urlTemplate":"https:\/\/www.hotelgoldenrome.com\/pt-pt\/?s={search_term_string}"},"query-input":{"@type":"PropertyValueSpecification","valueRequired":true,"valueName":"search_term_string"}}],"inLanguage":"pt-PT"}]}},"_links":{"self":[{"href":"https:\/\/www.hotelgoldenrome.com\/pt-pt\/wp-json\/wp\/v2\/pages\/368","targetHints":{"allow":["GET"]}}],"collection":[{"href":"https:\/\/www.hotelgoldenrome.com\/pt-pt\/wp-json\/wp\/v2\/pages"}],"about":[{"href":"https:\/\/www.hotelgoldenrome.com\/pt-pt\/wp-json\/wp\/v2\/types\/page"}],"author":[{"embeddable":true,"href":"https:\/\/www.hotelgoldenrome.com\/pt-pt\/wp-json\/wp\/v2\/users\/17"}],"replies":[{"embeddable":true,"href":"https:\/\/www.hotelgoldenrome.com\/pt-pt\/wp-json\/wp\/v2\/comments?post=368"}],"version-history":[{"count":12,"href":"https:\/\/www.hotelgoldenrome.com\/pt-pt\/wp-json\/wp\/v2\/pages\/368\/revisions"}],"predecessor-version":[{"id":2123,"href":"https:\/\/www.hotelgoldenrome.com\/pt-pt\/wp-json\/wp\/v2\/pages\/368\/revisions\/2123"}],"wp:featuredmedia":[{"embeddable":true,"href":"https:\/\/www.hotelgoldenrome.com\/pt-pt\/wp-json\/wp\/v2\/media\/2111"}],"wp:attachment":[{"href":"https:\/\/www.hotelgoldenrome.com\/pt-pt\/wp-json\/wp\/v2\/media?parent=368"}],"curies":[{"name":"wp","href":"https:\/\/api.w.org\/{rel}","templated":true}]}}