{"id":436,"date":"2013-09-30T08:29:52","date_gmt":"2013-09-30T08:29:52","guid":{"rendered":"https:\/\/www.hotelgoldenrome.com\/?page_id=436"},"modified":"2014-08-01T10:58:04","modified_gmt":"2014-08-01T10:58:04","slug":"descricao","status":"publish","type":"page","link":"https:\/\/www.hotelgoldenrome.com\/pt-pt\/descricao\/","title":{"rendered":"Descri\u00e7\u00e3o"},"content":{"rendered":"<div id=\"colonna-dx\"><\/p>\n<h1>Hotel econ\u00f3mico, com farto pequeno-almo\u00e7o e wi-fi gratuita<\/h1>\n<p>Hotel econ\u00f3mico com wi-fi gratuita, o Hotel Golden de Roma encontra-se situado no centro hist\u00f3rico da cidade, perto do esplendoroso parque da Villa Borghese, no interior de um elegante edif\u00edcio dos finais do per\u00edodo oitocentista, restaurado mantendo intacta a estrutura original.  <\/p>\n<p>Os quartos do pal\u00e1cio foram idealizados com vista a garantir o m\u00e1ximo descanso aos seus h\u00f3spedes, gra\u00e7as a \u00e1reas comuns decoradas com mobili\u00e1rio em madeira de cerejeira e acabamentos com revestimentos em gesso espatulados, criados em delicadas tonalidades de amarelo.  <\/p>\n<p>Hotel acolhedor para n\u00e3o fumadores em Roma, o Hotel Golden conta com a administra\u00e7\u00e3o especializada proporcionada por uma gest\u00e3o familiar apreciada desde sempre pela sua cordialidade e disponibilidade. <\/p>\n<p>Cada detalhe foi pensado para tornar a vossa estadia <strong>agrad\u00e1vel <\/strong>e<strong> divertida<\/strong>, como a atmosfera que se respira no hotel.  Todas as manh\u00e3s, o <strong><a title=\"Hotel Golden Roma\" target=\"_blank\" href=\"https:\/\/www.hotelgoldenrome.com\/wp-content\/uploads\/2013\/08\/colazione.jpg\" class=\"thickbox\" rel=\"hotelgoldenrome\">pequeno-almo\u00e7o<\/a><\/strong> \u00e9 servido numa bela sala de refei\u00e7\u00f5es com varanda iluminada pelo sol que atravessa as enormes janelas:   os nossos h\u00f3spedes poder\u00e3o come\u00e7ar o seu dia da melhor forma com <strong>doces e croissants caseiros<\/strong>, cereais e iogurtes de todo o tipo, uma vasta escolha de sumos de fruta e bebidas quentes e tamb\u00e9m algumas especialidades salgadas como os queijos e enchidos fatiados, a salada de frutas, as frittate que a m\u00e3e prepara na altura para si (tamb\u00e9m a pedido), o p\u00e3o fresco, as torradas, as rabanadas e saboros\u00edssimas panquecas&#8230; em resumo, um farto pequeno-almo\u00e7o tal como em casa.<\/p>\n<p>Fornecemos, ainda, mais um servi\u00e7o aos nossos h\u00f3spedes, atrav\u00e9s do estabelecimento de<strong> acordos <\/strong> com <strong>gu\u00edas turisticas<\/strong> que vos poder\u00e3o acompanhar \u00e0 descoberta de Roma e dos seus espl\u00eandidos arredores.<br \/>\n<!-- index.php -->\n<div\n\tclass=\"ngg-galleryoverview ngg-ajax-pagination-none\"\n\tid=\"ngg-gallery-3e5f3620680cf1f0632dce7624b5559f-1\">\n\n    \t\t<!-- Thumbnails -->\n\t\t\t\t<div id=\"ngg-image-0\" class=\"ngg-gallery-thumbnail-box\" >\n\t\t\t\t        <div class=\"ngg-gallery-thumbnail\">\n            <a href=\"https:\/\/www.hotelgoldenrome.com\/wp-content\/galleries\/servizi\/002.jpg\"\n               title=\"\"\n               data-src=\"https:\/\/www.hotelgoldenrome.com\/wp-content\/galleries\/servizi\/002.jpg\"\n               data-thumbnail=\"https:\/\/www.hotelgoldenrome.com\/wp-content\/galleries\/servizi\/thumbs\/thumbs_002.jpg\"\n               data-image-id=\"92\"\n               data-title=\"002-jpg\"\n               data-description=\"\"\n               data-image-slug=\"002-jpg\"\n               class=\"ngg-fancybox\" rel=\"3e5f3620680cf1f0632dce7624b5559f\">\n                <img\n                    title=\"002-jpg\"\n                    alt=\"002-jpg\"\n                    src=\"https:\/\/www.hotelgoldenrome.com\/wp-content\/galleries\/servizi\/thumbs\/thumbs_002.jpg\"\n                    width=\"150\"\n                    height=\"150\"\n                    style=\"max-width:100%;\"\n                \/>\n            <\/a>\n        <\/div>\n\t\t\t\t\t\t\t<\/div> \n\t\t\t\n        \n\t\t\t\t<div id=\"ngg-image-1\" class=\"ngg-gallery-thumbnail-box\" >\n\t\t\t\t        <div class=\"ngg-gallery-thumbnail\">\n            <a href=\"https:\/\/www.hotelgoldenrome.com\/wp-content\/galleries\/servizi\/053.jpg\"\n               title=\"\"\n               data-src=\"https:\/\/www.hotelgoldenrome.com\/wp-content\/galleries\/servizi\/053.jpg\"\n               data-thumbnail=\"https:\/\/www.hotelgoldenrome.com\/wp-content\/galleries\/servizi\/thumbs\/thumbs_053.jpg\"\n               data-image-id=\"93\"\n               data-title=\"053-jpg\"\n               data-description=\"\"\n               data-image-slug=\"053-jpg\"\n               class=\"ngg-fancybox\" rel=\"3e5f3620680cf1f0632dce7624b5559f\">\n                <img\n                    title=\"053-jpg\"\n                    alt=\"053-jpg\"\n                    src=\"https:\/\/www.hotelgoldenrome.com\/wp-content\/galleries\/servizi\/thumbs\/thumbs_053.jpg\"\n                    width=\"150\"\n                    height=\"150\"\n                    style=\"max-width:100%;\"\n                \/>\n            <\/a>\n        <\/div>\n\t\t\t\t\t\t\t<\/div> \n\t\t\t\n        \n\t\t\t\t<div id=\"ngg-image-2\" class=\"ngg-gallery-thumbnail-box\" >\n\t\t\t\t        <div class=\"ngg-gallery-thumbnail\">\n            <a href=\"https:\/\/www.hotelgoldenrome.com\/wp-content\/galleries\/servizi\/066.jpg\"\n               title=\"\"\n               data-src=\"https:\/\/www.hotelgoldenrome.com\/wp-content\/galleries\/servizi\/066.jpg\"\n               data-thumbnail=\"https:\/\/www.hotelgoldenrome.com\/wp-content\/galleries\/servizi\/thumbs\/thumbs_066.jpg\"\n               data-image-id=\"94\"\n               data-title=\"066-jpg\"\n               data-description=\"\"\n               data-image-slug=\"066-jpg\"\n               class=\"ngg-fancybox\" rel=\"3e5f3620680cf1f0632dce7624b5559f\">\n                <img\n                    title=\"066-jpg\"\n                    alt=\"066-jpg\"\n                    src=\"https:\/\/www.hotelgoldenrome.com\/wp-content\/galleries\/servizi\/thumbs\/thumbs_066.jpg\"\n                    width=\"150\"\n                    height=\"150\"\n                    style=\"max-width:100%;\"\n                \/>\n            <\/a>\n        <\/div>\n\t\t\t\t\t\t\t<\/div> \n\t\t\t\n        \n\t\t\t\t<div id=\"ngg-image-3\" class=\"ngg-gallery-thumbnail-box\" >\n\t\t\t\t        <div class=\"ngg-gallery-thumbnail\">\n            <a href=\"https:\/\/www.hotelgoldenrome.com\/wp-content\/galleries\/servizi\/g12_b.jpg\"\n               title=\"\"\n               data-src=\"https:\/\/www.hotelgoldenrome.com\/wp-content\/galleries\/servizi\/g12_b.jpg\"\n               data-thumbnail=\"https:\/\/www.hotelgoldenrome.com\/wp-content\/galleries\/servizi\/thumbs\/thumbs_g12_b.jpg\"\n               data-image-id=\"51\"\n               data-title=\"g12_b-jpg\"\n               data-description=\"\"\n               data-image-slug=\"g12_b-jpg-1\"\n               class=\"ngg-fancybox\" rel=\"3e5f3620680cf1f0632dce7624b5559f\">\n                <img\n                    title=\"g12_b-jpg\"\n                    alt=\"g12_b-jpg\"\n                    src=\"https:\/\/www.hotelgoldenrome.com\/wp-content\/galleries\/servizi\/thumbs\/thumbs_g12_b.jpg\"\n                    width=\"150\"\n                    height=\"150\"\n                    style=\"max-width:100%;\"\n                \/>\n            <\/a>\n        <\/div>\n\t\t\t\t\t\t\t<\/div> \n\t\t\t\n        \n\t\t\n\t\t<!-- Pagination -->\n\t<div class='ngg-clear'><\/div>\t<\/div>\n<\/p>\n<h2>Servi\u00e7os<\/h2>\n<p>Entre os v\u00e1rios <strong>servi\u00e7os <\/strong>que colocamos \u00e0 disposi\u00e7\u00e3o dos nossos h\u00f3spedes, incluem-se:<\/p>\n<ul>\n<li>&#8211; recolha do aeroporto, que poder\u00e1 solicitar aquando da reserva de quarto<\/li>\n<li>&#8211; estacionamento privativo perto do hotel, com servi\u00e7o de valet<\/li>\n<li>&#8211; pontos de internet<\/li>\n<li>&#8211; acesso wi-fi por todo o hotel<\/li>\n<li>&#8211; servi\u00e7o de quartos<\/li>\n<li>&#8211; Televis\u00e3o com servi\u00e7o Pay per View \/ Sky<\/li>\n<li>&#8211; Servi\u00e7o de jornais di\u00e1rios<\/li>\n<li>&#8211; Dep\u00f3sito de bagagens<\/li>\n<li>&#8211; Check-in antecipado<\/li>\n<li>&#8211; Ascensor<\/li>\n<li>&#8211; Lavandaria autom\u00e1tica<\/li>\n<\/ul>\n<p>\u00c0 vossa chegada, fornecer-vos-emos um <strong>mapa detalhado<\/strong> com a localiza\u00e7\u00e3o exacta do hotel e as principais atrac\u00e7\u00f5es. Para al\u00e9m disso, encontrar\u00e1 na nossa <strong>recep\u00e7\u00e3o aberta 24 horas<\/strong> um <strong>ponto de informa\u00e7\u00f5es <\/strong> muito \u00fatil, que tamb\u00e9m lhe permitir\u00e1 reservar bilhetes para qualquer exposi\u00e7\u00e3o que decorra na cidade. Encontramo-nos \u00e0 vossa inteira disposi\u00e7\u00e3o para vos sugerir os melhores e mais afamados restaurantes e \u201ctrattorie\u201d onde poder\u00e1 saborear a t\u00edpica cozinha Romana.<\/p>\n<p><\/div>\n<div id=\"colonna-sx\"><br \/>\n<img loading=\"lazy\" decoding=\"async\" src=\"https:\/\/www.hotelgoldenrome.com\/wp-content\/uploads\/2013\/08\/alina.jpg\" alt=\"alina\" width=\"206\" height=\"206\" class=\"alignnone size-full wp-image-167\" \/><\/p>\n<p class=\"nome\">Pergunte a<br \/><span>Alina<\/span><\/p>\n<p>Encontramo-nos a dois passos da Villa Borghese, num lind\u00edssimo pal\u00e1cio dos finais do per\u00edodo oitocentista de atmosferas c\u00e1lidas e acolhedoras. O nosso pequeno-almo\u00e7o de confe\u00e7\u00e3o caseira \u00e9 algo de \u00fanico! <\/p>\n<div class=\"box\">\n<p>Fa\u00e7a uma estada livre dos cabos e do fumo passivo! No Hotel Golden de Roma, na pureza do seu ambiente de <strong>n\u00e3o fumadores<\/strong> existe o aspecto de <strong>Wi-fi<\/strong>: esta liga\u00e7\u00e3o Internet \u00e9 um servi\u00e7o <strong>gratuito<\/strong> que o nosso <strong>hotel <\/strong>para<strong> n\u00e3o fumadores <\/strong>no<strong> centro <\/strong>em<strong> Roma<\/strong> coloca \u00e0 disposi\u00e7\u00e3o nos seus c\u00f3modos e acolhedores quartos e \u00e1reas comuns.<\/p>\n<\/div>\n<p><\/div>\n<p>&nbsp;<\/p>\n","protected":false},"excerpt":{"rendered":"<p>&nbsp;<\/p>\n","protected":false},"author":17,"featured_media":0,"parent":0,"menu_order":0,"comment_status":"open","ping_status":"open","template":"page-duecolonne.php","meta":{"ngg_post_thumbnail":0,"footnotes":""},"class_list":["post-436","page","type-page","status-publish","hentry"],"yoast_head":"<!-- This site is optimized with the Yoast SEO plugin v25.7 - https:\/\/yoast.com\/wordpress\/plugins\/seo\/ -->\n<title>Hotel econ\u00f3mico no centro de Roma | Hotel para n\u00e3o fumadores em Roma<\/title>\n<meta name=\"description\" content=\"O Hotel Golden, para al\u00e9m de proporcionar alojamento a pre\u00e7os acess\u00edveis e wi-fi gratuito, oferece deliciosas refei\u00e7\u00f5es preparadas no momento pela &quot;mamma&quot; Teresa, com produtos sempre frescos.\" \/>\n<meta name=\"robots\" content=\"index, follow, max-snippet:-1, max-image-preview:large, max-video-preview:-1\" \/>\n<link rel=\"canonical\" href=\"https:\/\/www.hotelgoldenrome.com\/pt-pt\/descricao\/\" \/>\n<meta property=\"og:locale\" content=\"pt_PT\" \/>\n<meta property=\"og:type\" content=\"article\" \/>\n<meta property=\"og:title\" content=\"Hotel econ\u00f3mico no centro de Roma | Hotel para n\u00e3o fumadores em Roma\" \/>\n<meta property=\"og:description\" content=\"O Hotel Golden, para al\u00e9m de proporcionar alojamento a pre\u00e7os acess\u00edveis e wi-fi gratuito, oferece deliciosas refei\u00e7\u00f5es preparadas no momento pela &quot;mamma&quot; Teresa, com produtos sempre frescos.\" \/>\n<meta property=\"og:url\" content=\"https:\/\/www.hotelgoldenrome.com\/pt-pt\/descricao\/\" \/>\n<meta property=\"og:site_name\" content=\"Hotel Golden\" \/>\n<meta property=\"article:modified_time\" content=\"2014-08-01T10:58:04+00:00\" \/>\n<meta property=\"og:image\" content=\"https:\/\/www.hotelgoldenrome.com\/wp-content\/uploads\/2013\/08\/alina.jpg\" \/>\n<meta name=\"twitter:label1\" content=\"Tempo estimado de leitura\" \/>\n\t<meta name=\"twitter:data1\" content=\"3 minutos\" \/>\n<script type=\"application\/ld+json\" class=\"yoast-schema-graph\">{\"@context\":\"https:\/\/schema.org\",\"@graph\":[{\"@type\":\"WebPage\",\"@id\":\"https:\/\/www.hotelgoldenrome.com\/pt-pt\/descricao\/\",\"url\":\"https:\/\/www.hotelgoldenrome.com\/pt-pt\/descricao\/\",\"name\":\"Hotel econ\u00f3mico no centro de Roma | Hotel para n\u00e3o fumadores em Roma\",\"isPartOf\":{\"@id\":\"https:\/\/www.hotelgoldenrome.com\/pt-pt\/#website\"},\"primaryImageOfPage\":{\"@id\":\"https:\/\/www.hotelgoldenrome.com\/pt-pt\/descricao\/#primaryimage\"},\"image\":{\"@id\":\"https:\/\/www.hotelgoldenrome.com\/pt-pt\/descricao\/#primaryimage\"},\"thumbnailUrl\":\"https:\/\/www.hotelgoldenrome.com\/wp-content\/uploads\/2013\/08\/alina.jpg\",\"datePublished\":\"2013-09-30T08:29:52+00:00\",\"dateModified\":\"2014-08-01T10:58:04+00:00\",\"description\":\"O Hotel Golden, para al\u00e9m de proporcionar alojamento a pre\u00e7os acess\u00edveis e wi-fi gratuito, oferece deliciosas refei\u00e7\u00f5es preparadas no momento pela \\\"mamma\\\" Teresa, com produtos sempre frescos.\",\"breadcrumb\":{\"@id\":\"https:\/\/www.hotelgoldenrome.com\/pt-pt\/descricao\/#breadcrumb\"},\"inLanguage\":\"pt-PT\",\"potentialAction\":[{\"@type\":\"ReadAction\",\"target\":[\"https:\/\/www.hotelgoldenrome.com\/pt-pt\/descricao\/\"]}]},{\"@type\":\"ImageObject\",\"inLanguage\":\"pt-PT\",\"@id\":\"https:\/\/www.hotelgoldenrome.com\/pt-pt\/descricao\/#primaryimage\",\"url\":\"https:\/\/www.hotelgoldenrome.com\/wp-content\/uploads\/2013\/08\/alina.jpg\",\"contentUrl\":\"https:\/\/www.hotelgoldenrome.com\/wp-content\/uploads\/2013\/08\/alina.jpg\"},{\"@type\":\"BreadcrumbList\",\"@id\":\"https:\/\/www.hotelgoldenrome.com\/pt-pt\/descricao\/#breadcrumb\",\"itemListElement\":[{\"@type\":\"ListItem\",\"position\":1,\"name\":\"Home\",\"item\":\"https:\/\/www.hotelgoldenrome.com\/pt-pt\/\"},{\"@type\":\"ListItem\",\"position\":2,\"name\":\"Descri\u00e7\u00e3o\"}]},{\"@type\":\"WebSite\",\"@id\":\"https:\/\/www.hotelgoldenrome.com\/pt-pt\/#website\",\"url\":\"https:\/\/www.hotelgoldenrome.com\/pt-pt\/\",\"name\":\"Hotel Golden\",\"description\":\"..your Family run hotel in Rome\",\"potentialAction\":[{\"@type\":\"SearchAction\",\"target\":{\"@type\":\"EntryPoint\",\"urlTemplate\":\"https:\/\/www.hotelgoldenrome.com\/pt-pt\/?s={search_term_string}\"},\"query-input\":{\"@type\":\"PropertyValueSpecification\",\"valueRequired\":true,\"valueName\":\"search_term_string\"}}],\"inLanguage\":\"pt-PT\"}]}<\/script>\n<!-- \/ Yoast SEO plugin. -->","yoast_head_json":{"title":"Hotel econ\u00f3mico no centro de Roma | Hotel para n\u00e3o fumadores em Roma","description":"O Hotel Golden, para al\u00e9m de proporcionar alojamento a pre\u00e7os acess\u00edveis e wi-fi gratuito, oferece deliciosas refei\u00e7\u00f5es preparadas no momento pela \"mamma\" Teresa, com produtos sempre frescos.","robots":{"index":"index","follow":"follow","max-snippet":"max-snippet:-1","max-image-preview":"max-image-preview:large","max-video-preview":"max-video-preview:-1"},"canonical":"https:\/\/www.hotelgoldenrome.com\/pt-pt\/descricao\/","og_locale":"pt_PT","og_type":"article","og_title":"Hotel econ\u00f3mico no centro de Roma | Hotel para n\u00e3o fumadores em Roma","og_description":"O Hotel Golden, para al\u00e9m de proporcionar alojamento a pre\u00e7os acess\u00edveis e wi-fi gratuito, oferece deliciosas refei\u00e7\u00f5es preparadas no momento pela \"mamma\" Teresa, com produtos sempre frescos.","og_url":"https:\/\/www.hotelgoldenrome.com\/pt-pt\/descricao\/","og_site_name":"Hotel Golden","article_modified_time":"2014-08-01T10:58:04+00:00","og_image":[{"url":"https:\/\/www.hotelgoldenrome.com\/wp-content\/uploads\/2013\/08\/alina.jpg","type":"","width":"","height":""}],"twitter_misc":{"Tempo estimado de leitura":"3 minutos"},"schema":{"@context":"https:\/\/schema.org","@graph":[{"@type":"WebPage","@id":"https:\/\/www.hotelgoldenrome.com\/pt-pt\/descricao\/","url":"https:\/\/www.hotelgoldenrome.com\/pt-pt\/descricao\/","name":"Hotel econ\u00f3mico no centro de Roma | Hotel para n\u00e3o fumadores em Roma","isPartOf":{"@id":"https:\/\/www.hotelgoldenrome.com\/pt-pt\/#website"},"primaryImageOfPage":{"@id":"https:\/\/www.hotelgoldenrome.com\/pt-pt\/descricao\/#primaryimage"},"image":{"@id":"https:\/\/www.hotelgoldenrome.com\/pt-pt\/descricao\/#primaryimage"},"thumbnailUrl":"https:\/\/www.hotelgoldenrome.com\/wp-content\/uploads\/2013\/08\/alina.jpg","datePublished":"2013-09-30T08:29:52+00:00","dateModified":"2014-08-01T10:58:04+00:00","description":"O Hotel Golden, para al\u00e9m de proporcionar alojamento a pre\u00e7os acess\u00edveis e wi-fi gratuito, oferece deliciosas refei\u00e7\u00f5es preparadas no momento pela \"mamma\" Teresa, com produtos sempre frescos.","breadcrumb":{"@id":"https:\/\/www.hotelgoldenrome.com\/pt-pt\/descricao\/#breadcrumb"},"inLanguage":"pt-PT","potentialAction":[{"@type":"ReadAction","target":["https:\/\/www.hotelgoldenrome.com\/pt-pt\/descricao\/"]}]},{"@type":"ImageObject","inLanguage":"pt-PT","@id":"https:\/\/www.hotelgoldenrome.com\/pt-pt\/descricao\/#primaryimage","url":"https:\/\/www.hotelgoldenrome.com\/wp-content\/uploads\/2013\/08\/alina.jpg","contentUrl":"https:\/\/www.hotelgoldenrome.com\/wp-content\/uploads\/2013\/08\/alina.jpg"},{"@type":"BreadcrumbList","@id":"https:\/\/www.hotelgoldenrome.com\/pt-pt\/descricao\/#breadcrumb","itemListElement":[{"@type":"ListItem","position":1,"name":"Home","item":"https:\/\/www.hotelgoldenrome.com\/pt-pt\/"},{"@type":"ListItem","position":2,"name":"Descri\u00e7\u00e3o"}]},{"@type":"WebSite","@id":"https:\/\/www.hotelgoldenrome.com\/pt-pt\/#website","url":"https:\/\/www.hotelgoldenrome.com\/pt-pt\/","name":"Hotel Golden","description":"..your Family run hotel in Rome","potentialAction":[{"@type":"SearchAction","target":{"@type":"EntryPoint","urlTemplate":"https:\/\/www.hotelgoldenrome.com\/pt-pt\/?s={search_term_string}"},"query-input":{"@type":"PropertyValueSpecification","valueRequired":true,"valueName":"search_term_string"}}],"inLanguage":"pt-PT"}]}},"_links":{"self":[{"href":"https:\/\/www.hotelgoldenrome.com\/pt-pt\/wp-json\/wp\/v2\/pages\/436","targetHints":{"allow":["GET"]}}],"collection":[{"href":"https:\/\/www.hotelgoldenrome.com\/pt-pt\/wp-json\/wp\/v2\/pages"}],"about":[{"href":"https:\/\/www.hotelgoldenrome.com\/pt-pt\/wp-json\/wp\/v2\/types\/page"}],"author":[{"embeddable":true,"href":"https:\/\/www.hotelgoldenrome.com\/pt-pt\/wp-json\/wp\/v2\/users\/17"}],"replies":[{"embeddable":true,"href":"https:\/\/www.hotelgoldenrome.com\/pt-pt\/wp-json\/wp\/v2\/comments?post=436"}],"version-history":[{"count":4,"href":"https:\/\/www.hotelgoldenrome.com\/pt-pt\/wp-json\/wp\/v2\/pages\/436\/revisions"}],"predecessor-version":[{"id":1980,"href":"https:\/\/www.hotelgoldenrome.com\/pt-pt\/wp-json\/wp\/v2\/pages\/436\/revisions\/1980"}],"wp:attachment":[{"href":"https:\/\/www.hotelgoldenrome.com\/pt-pt\/wp-json\/wp\/v2\/media?parent=436"}],"curies":[{"name":"wp","href":"https:\/\/api.w.org\/{rel}","templated":true}]}}