{"id":695,"date":"2013-10-02T08:17:06","date_gmt":"2013-10-02T08:17:06","guid":{"rendered":"https:\/\/www.hotelgoldenrome.com\/?page_id=695"},"modified":"2016-08-10T08:00:21","modified_gmt":"2016-08-10T08:00:21","slug":"reserva-pt","status":"publish","type":"page","link":"https:\/\/www.hotelgoldenrome.com\/pt-pt\/reserva-pt\/","title":{"rendered":"Reserva"},"content":{"rendered":"<h2><a href=\"https:\/\/book.hotelgoldenrome.com\/accommodation\/list?channelId=91d48f3c-def2-43d6-b956-90fd699c0fd7&#038;culture=pt\" rel=\"nofollow\">Verificar pre\u00e7os e disponibilidade on-line <\/a><\/h2>\n<p>Quer verificar s\u00fabito os <b>pre\u00e7os<\/b>, a <b>disponibilidade<\/b> ou deseje <b>reservar j\u00e1,<\/b> adquirindo diretamente o seu quarto? Utilize o nosso sistema de <b>reserva on-line<\/b> simples e seguro! Se o sistema n\u00e3o satisfizer as suas exig\u00eancias, por favor entre em contacto conosco utilizando o formul\u00e1rio de pedido de disponibilidade para controlar se existem cancelamentos feitos nos \u00faltimos minutos.<\/p>\n<h2><a href=\"https:\/\/www.hotelgoldenrome.com\/pt-pt\/pedido-de-disponibilidade\/\" rel=\"nofollow\">Pedido de disponibilidade <\/a><\/h2>\n<p>Prefere,ao inv\u00e9s <b>pedir informa\u00e7\u00f5es<\/b> por e-mail ao nosso pessoal? Voc\u00ea tem alguma <b>exig\u00eancia particular<\/b> que o nosso sistema de reserva on-line n\u00e3o consegue satisfazer? Preencha o formul\u00e1rio de <b>pedido de disponibilidade<\/b>, e receber\u00e1 todas as respostas que deseje diretamente no seu endere\u00e7o de correio eletr\u00f4nico!<\/p>\n<h2>Transac\u00e7\u00f5es seguras<\/h2>\n<p>Este site utiliza, para a confirma\u00e7\u00e3o de reserva com cart\u00e3o de cr\u00e9dito, um <b>servidor seguro<\/b> em conformidade com os standards mundiais de codifica\u00e7\u00e3o <b>Secure Socket Layer<\/b> <b>(SSL) a 128 bit<\/b>.<\/p>\n","protected":false},"excerpt":{"rendered":"<p>Verificar pre\u00e7os e disponibilidade on-line Quer verificar s\u00fabito os pre\u00e7os, a disponibilidade ou deseje reservar j\u00e1, adquirindo diretamente o seu quarto? Utilize o nosso sistema de reserva on-line simples e seguro! Se o sistema n\u00e3o satisfizer as suas exig\u00eancias, por favor entre em contacto conosco utilizando o formul\u00e1rio de pedido de disponibilidade para controlar se&#8230; <a  href=\"https:\/\/www.hotelgoldenrome.com\/pt-pt\/reserva-pt\/\"><img decoding=\"async\" class=\"moretag\" src=\"https:\/\/www.hotelgoldenrome.com\/wp-content\/themes\/hotelgoldenrome\/img\/continua.gif\" border=0\/><\/a><\/p>\n","protected":false},"author":17,"featured_media":0,"parent":0,"menu_order":0,"comment_status":"open","ping_status":"open","template":"page-monocolonna.php","meta":{"ngg_post_thumbnail":0,"footnotes":""},"class_list":["post-695","page","type-page","status-publish","hentry"],"yoast_head":"<!-- This site is optimized with the Yoast SEO plugin v25.7 - https:\/\/yoast.com\/wordpress\/plugins\/seo\/ -->\n<title>Reserva | Hotel Golden<\/title>\n<meta name=\"description\" content=\"Reserva, Hotel Golden:\" \/>\n<meta name=\"robots\" content=\"noindex, nofollow\" \/>\n<meta property=\"og:locale\" content=\"pt_PT\" \/>\n<meta property=\"og:type\" content=\"article\" \/>\n<meta property=\"og:title\" content=\"Reserva | Hotel Golden\" \/>\n<meta property=\"og:description\" content=\"Reserva, Hotel Golden:\" \/>\n<meta property=\"og:url\" content=\"https:\/\/www.hotelgoldenrome.com\/pt-pt\/reserva-pt\/\" \/>\n<meta property=\"og:site_name\" content=\"Hotel Golden\" \/>\n<meta property=\"article:modified_time\" content=\"2016-08-10T08:00:21+00:00\" \/>\n<meta name=\"twitter:label1\" content=\"Tempo estimado de leitura\" \/>\n\t<meta name=\"twitter:data1\" content=\"1 minuto\" \/>\n<script type=\"application\/ld+json\" class=\"yoast-schema-graph\">{\"@context\":\"https:\/\/schema.org\",\"@graph\":[{\"@type\":\"WebPage\",\"@id\":\"https:\/\/www.hotelgoldenrome.com\/pt-pt\/reserva-pt\/\",\"url\":\"https:\/\/www.hotelgoldenrome.com\/pt-pt\/reserva-pt\/\",\"name\":\"Reserva | Hotel Golden\",\"isPartOf\":{\"@id\":\"https:\/\/www.hotelgoldenrome.com\/pt-pt\/#website\"},\"datePublished\":\"2013-10-02T08:17:06+00:00\",\"dateModified\":\"2016-08-10T08:00:21+00:00\",\"description\":\"Reserva, Hotel Golden:\",\"breadcrumb\":{\"@id\":\"https:\/\/www.hotelgoldenrome.com\/pt-pt\/reserva-pt\/#breadcrumb\"},\"inLanguage\":\"pt-PT\",\"potentialAction\":[{\"@type\":\"ReadAction\",\"target\":[\"https:\/\/www.hotelgoldenrome.com\/pt-pt\/reserva-pt\/\"]}]},{\"@type\":\"BreadcrumbList\",\"@id\":\"https:\/\/www.hotelgoldenrome.com\/pt-pt\/reserva-pt\/#breadcrumb\",\"itemListElement\":[{\"@type\":\"ListItem\",\"position\":1,\"name\":\"Home\",\"item\":\"https:\/\/www.hotelgoldenrome.com\/pt-pt\/\"},{\"@type\":\"ListItem\",\"position\":2,\"name\":\"Reserva\"}]},{\"@type\":\"WebSite\",\"@id\":\"https:\/\/www.hotelgoldenrome.com\/pt-pt\/#website\",\"url\":\"https:\/\/www.hotelgoldenrome.com\/pt-pt\/\",\"name\":\"Hotel Golden\",\"description\":\"..your Family run hotel in Rome\",\"potentialAction\":[{\"@type\":\"SearchAction\",\"target\":{\"@type\":\"EntryPoint\",\"urlTemplate\":\"https:\/\/www.hotelgoldenrome.com\/pt-pt\/?s={search_term_string}\"},\"query-input\":{\"@type\":\"PropertyValueSpecification\",\"valueRequired\":true,\"valueName\":\"search_term_string\"}}],\"inLanguage\":\"pt-PT\"}]}<\/script>\n<!-- \/ Yoast SEO plugin. -->","yoast_head_json":{"title":"Reserva | Hotel Golden","description":"Reserva, Hotel Golden:","robots":{"index":"noindex","follow":"nofollow"},"og_locale":"pt_PT","og_type":"article","og_title":"Reserva | Hotel Golden","og_description":"Reserva, Hotel Golden:","og_url":"https:\/\/www.hotelgoldenrome.com\/pt-pt\/reserva-pt\/","og_site_name":"Hotel Golden","article_modified_time":"2016-08-10T08:00:21+00:00","twitter_misc":{"Tempo estimado de leitura":"1 minuto"},"schema":{"@context":"https:\/\/schema.org","@graph":[{"@type":"WebPage","@id":"https:\/\/www.hotelgoldenrome.com\/pt-pt\/reserva-pt\/","url":"https:\/\/www.hotelgoldenrome.com\/pt-pt\/reserva-pt\/","name":"Reserva | Hotel Golden","isPartOf":{"@id":"https:\/\/www.hotelgoldenrome.com\/pt-pt\/#website"},"datePublished":"2013-10-02T08:17:06+00:00","dateModified":"2016-08-10T08:00:21+00:00","description":"Reserva, Hotel Golden:","breadcrumb":{"@id":"https:\/\/www.hotelgoldenrome.com\/pt-pt\/reserva-pt\/#breadcrumb"},"inLanguage":"pt-PT","potentialAction":[{"@type":"ReadAction","target":["https:\/\/www.hotelgoldenrome.com\/pt-pt\/reserva-pt\/"]}]},{"@type":"BreadcrumbList","@id":"https:\/\/www.hotelgoldenrome.com\/pt-pt\/reserva-pt\/#breadcrumb","itemListElement":[{"@type":"ListItem","position":1,"name":"Home","item":"https:\/\/www.hotelgoldenrome.com\/pt-pt\/"},{"@type":"ListItem","position":2,"name":"Reserva"}]},{"@type":"WebSite","@id":"https:\/\/www.hotelgoldenrome.com\/pt-pt\/#website","url":"https:\/\/www.hotelgoldenrome.com\/pt-pt\/","name":"Hotel Golden","description":"..your Family run hotel in Rome","potentialAction":[{"@type":"SearchAction","target":{"@type":"EntryPoint","urlTemplate":"https:\/\/www.hotelgoldenrome.com\/pt-pt\/?s={search_term_string}"},"query-input":{"@type":"PropertyValueSpecification","valueRequired":true,"valueName":"search_term_string"}}],"inLanguage":"pt-PT"}]}},"_links":{"self":[{"href":"https:\/\/www.hotelgoldenrome.com\/pt-pt\/wp-json\/wp\/v2\/pages\/695","targetHints":{"allow":["GET"]}}],"collection":[{"href":"https:\/\/www.hotelgoldenrome.com\/pt-pt\/wp-json\/wp\/v2\/pages"}],"about":[{"href":"https:\/\/www.hotelgoldenrome.com\/pt-pt\/wp-json\/wp\/v2\/types\/page"}],"author":[{"embeddable":true,"href":"https:\/\/www.hotelgoldenrome.com\/pt-pt\/wp-json\/wp\/v2\/users\/17"}],"replies":[{"embeddable":true,"href":"https:\/\/www.hotelgoldenrome.com\/pt-pt\/wp-json\/wp\/v2\/comments?post=695"}],"version-history":[{"count":5,"href":"https:\/\/www.hotelgoldenrome.com\/pt-pt\/wp-json\/wp\/v2\/pages\/695\/revisions"}],"predecessor-version":[{"id":2138,"href":"https:\/\/www.hotelgoldenrome.com\/pt-pt\/wp-json\/wp\/v2\/pages\/695\/revisions\/2138"}],"wp:attachment":[{"href":"https:\/\/www.hotelgoldenrome.com\/pt-pt\/wp-json\/wp\/v2\/media?parent=695"}],"curies":[{"name":"wp","href":"https:\/\/api.w.org\/{rel}","templated":true}]}}