{"id":840,"date":"2013-10-04T10:33:54","date_gmt":"2013-10-04T10:33:54","guid":{"rendered":"https:\/\/www.hotelgoldenrome.com\/?page_id=840"},"modified":"2016-08-10T10:08:09","modified_gmt":"2016-08-10T10:08:09","slug":"comentarios","status":"publish","type":"page","link":"https:\/\/www.hotelgoldenrome.com\/pt-pt\/comentarios\/","title":{"rendered":"Coment\u00e1rios"},"content":{"rendered":"<div id=\"colonna-sx\"><br \/>\n<img loading=\"lazy\" decoding=\"async\" alt=\"Marco\" src=\"https:\/\/www.hotelgoldenrome.com\/wp-content\/uploads\/2013\/08\/marco.jpg\" width=\"206\" height=\"206\" \/>  <\/p>\n<p class=\"nome\">Pergunte a<br \/> <span>Marco<\/span><\/p>\n<p> O nosso melhor cart\u00e3o de visita \u00e9 o que escrevem sobre n\u00f3s! Leia as aprecia\u00e7\u00f5es dos nossos h\u00f3spedes, \u00e0s vezes, at\u00e9 a n\u00f3s surpreendem! \u00c8 o incentivo perfeito para oferecer-lhe ainda mais.<\/p>\n<div class=\"box_ta\">\n<p><em><strong>Aos nossos prezados h\u00f3spedes<\/strong><br \/>\nPrezados h\u00f3spedes,<br \/>a todos um sincero agradecimento de cora\u00e7\u00e3o pelas vossas palavras de aprecia\u00e7\u00e3o  que este ano fizeram com que fosse atribu\u00eddo ao nosso Hotel o pr\u00e9mio <b>Travellers Choice 2012 do Tripadvisor<\/b>.<br \/>\nCom o nosso reconhecimento, pap\u00e0 Mario, mamma Teresa e i figli, Giuseppe, Marco &amp; Maria Teresa<\/em><\/p>\n<p><a class=\"thickbox\" href=\"https:\/\/www.hotelgoldenrome.com\/wp-content\/uploads\/2013\/08\/lettera.jpg\"><img decoding=\"async\" src=\"https:\/\/www.hotelgoldenrome.com\/wp-content\/uploads\/2013\/08\/tc2012.jpg\" alt=\"tripadvisor\" \/><\/a>\n<\/div>\n<p><br clear=\"all\" \/><\/p>\n<div id=\"TA_certificateOfExcellence977\" class=\"TA_certificateOfExcellence\">\n<ul id=\"XgBynfNgCofG\" class=\"TA_links 8XWitgr9\">\n<li id=\"Ou0m7FiFD2\" class=\"PBYNG2DJzGf\">\n<a target=\"_blank\" href=\"https:\/\/www.tripadvisor.com.br\/Hotel_Review-g187791-d557956-Reviews-Hotel_Golden-Rome_Lazio.html\"><img decoding=\"async\" src=\"https:\/\/www.tripadvisor.com.br\/img\/cdsi\/img2\/awards\/CoE2016_WidgetAsset-14348-2.png\" alt=\"TripAdvisor\" class=\"widCOEImg\" id=\"CDSWIDCOELOGO\"\/><\/a>\n<\/li>\n<\/ul>\n<\/div>\n<p><script src=\"https:\/\/www.jscache.com\/wejs?wtype=certificateOfExcellence&amp;uniq=977&amp;locationId=557956&amp;lang=pt&amp;year=2016&amp;display_version=2\"><\/script><\/p>\n<p><\/div>\n<div id=\"colonna-dx\"><\/p>\n<h1>Coment\u00e1rios<\/h1>\n<p>Consulta as <strong>opini\u00f5es que os nossos h\u00f3spedes<\/strong> publicaram nos portais mais importantes de artigos de sintese cr\u00edtica online! Recordo-te que s\u00f3 atrav\u00e9s de <strong>reserva directa no nosso Site Oficial ser\u00e1s um viajante privilegiado<\/strong>: ter\u00e1s apoio directo  do nosso \u201cstaff\u201d de princ\u00edpio ao fim e poder\u00e1s beneficiar de tarifas especiais, ofertas e promo\u00e7\u00f5es reservadas exclusivamente para ti!<br \/>\nPara al\u00e9m disso, se fizeres uma reserva das atrav\u00e9s do nosso Site Oficial, <strong>ser-te-\u00e0 solicitada  a publica\u00e7\u00e3o de um &#8220;artigo de sintese cr\u00edtica oficial&#8221;, garantido por estar ligado a uma reserva efectiva<\/strong>. Deste modo contribuir\u00e1s para melhorar a qualidade do servi\u00e7o que oferecemos tanto a ti como a todos os nossos viajantes!<\/p>\n<p><link rel=\"stylesheet\" href=\"https:\/\/include.nozio.com\/dynamic\/css\/nozioreviewscss.css\" type=\"text\/css\" media=\"all\" \/>\n<div id=\"nozioreviewswidget\"><a href=\"https:\/\/www.nozio.com\/europe\/italy\/lazio\/rome\/rome\/lodging\/hotels\/2_two_stars_hotels\/hotel_golden.htm\">Hotel Golden<\/a><\/div>\n<script type=\"text\/javascript\" src=\"https:\/\/include.nozio.com\/dynamic\/js\/jquery_tooltip.js\"><\/script>\n<script type=\"text\/javascript\" src=\"https:\/\/include.nozio.com\/dynamic\/js\/nozio_reviews.php?idsk=58492&amp;lang=en&amp;widgetwidth=603\"><\/script><\/div><br \/>\n<br clear=\"all\" \/><\/p>\n<div id=\"TA_selfserveprop524\" class=\"TA_selfserveprop\">\n<ul id=\"kDGDEUr4B1Cx\" class=\"TA_links WNwSM3h7gO\">\n<li id=\"VTI616SBQQte\" class=\"1tD2rvnf04wC\"><a target=\"_blank\" href=\"http:\/\/www.tripadvisor.it\/Hotel_Review-g187791-d557956-Reviews-Hotel_Golden-Rome_Lazio.html\">Hotel Golden<\/a> a Roma: 1103 recensioni<\/li>\n<\/ul>\n<\/div>\n<p><script src=\"http:\/\/www.jscache.com\/wejs?wtype=selfserveprop&amp;uniq=524&amp;locationId=557956&amp;lang=it&amp;rating=true&amp;nreviews=4&amp;writereviewlink=false&amp;popIdx=true&amp;iswide=true&amp;border=true\"><\/script><\/p>\n<p><br clear=\"all\" \/><br \/>\n<\/div>\n","protected":false},"excerpt":{"rendered":"\n<p class=\"nome\">Pergunte a<br \/> <span>Marco<\/span><\/p>\n<p><img loading=\"lazy\" decoding=\"async\" src=\"https:\/\/www.hotelgoldenrome.com\/wp-content\/uploads\/2013\/08\/tripadvisor-reviews.gif\" alt=\"tripadvisor-reviews\" width=\"113\" height=\"80\" class=\"aligncenter size-full wp-image-76 trip\" \/><\/p>\n<p> O nosso melhor cart\u00e3o de visita \u00e9 o que escrevem sobre n\u00f3s!<\/p>\n","protected":false},"author":17,"featured_media":2151,"parent":0,"menu_order":0,"comment_status":"open","ping_status":"open","template":"page-duecolonne.php","meta":{"ngg_post_thumbnail":0,"footnotes":""},"class_list":["post-840","page","type-page","status-publish","has-post-thumbnail","hentry"],"yoast_head":"<!-- This site is optimized with the Yoast SEO plugin v25.7 - https:\/\/yoast.com\/wordpress\/plugins\/seo\/ -->\n<title>Coment\u00e1rios | Hotel Golden<\/title>\n<meta name=\"description\" content=\"Coment\u00e1rios, Hotel Golden: Hotel de 2 estrelas numa posi\u00e7\u00e3o central, mas ao mesmo tempo muito tranquila.\" \/>\n<meta name=\"robots\" content=\"index, follow, max-snippet:-1, max-image-preview:large, max-video-preview:-1\" \/>\n<link rel=\"canonical\" href=\"https:\/\/www.hotelgoldenrome.com\/pt-pt\/comentarios\/\" \/>\n<meta property=\"og:locale\" content=\"pt_PT\" \/>\n<meta property=\"og:type\" content=\"article\" \/>\n<meta property=\"og:title\" content=\"Coment\u00e1rios | Hotel Golden\" \/>\n<meta property=\"og:description\" content=\"Coment\u00e1rios, Hotel Golden: Hotel de 2 estrelas numa posi\u00e7\u00e3o central, mas ao mesmo tempo muito tranquila.\" \/>\n<meta property=\"og:url\" content=\"https:\/\/www.hotelgoldenrome.com\/pt-pt\/comentarios\/\" \/>\n<meta property=\"og:site_name\" content=\"Hotel Golden\" \/>\n<meta property=\"article:modified_time\" content=\"2016-08-10T10:08:09+00:00\" \/>\n<meta property=\"og:image\" content=\"https:\/\/www.hotelgoldenrome.com\/wp-content\/uploads\/2013\/08\/marco.jpg\" \/>\n\t<meta property=\"og:image:width\" content=\"206\" \/>\n\t<meta property=\"og:image:height\" content=\"206\" \/>\n\t<meta property=\"og:image:type\" content=\"image\/jpeg\" \/>\n<meta name=\"twitter:label1\" content=\"Tempo estimado de leitura\" \/>\n\t<meta name=\"twitter:data1\" content=\"1 minuto\" \/>\n<script type=\"application\/ld+json\" class=\"yoast-schema-graph\">{\"@context\":\"https:\/\/schema.org\",\"@graph\":[{\"@type\":\"WebPage\",\"@id\":\"https:\/\/www.hotelgoldenrome.com\/pt-pt\/comentarios\/\",\"url\":\"https:\/\/www.hotelgoldenrome.com\/pt-pt\/comentarios\/\",\"name\":\"Coment\u00e1rios | Hotel Golden\",\"isPartOf\":{\"@id\":\"https:\/\/www.hotelgoldenrome.com\/pt-pt\/#website\"},\"primaryImageOfPage\":{\"@id\":\"https:\/\/www.hotelgoldenrome.com\/pt-pt\/comentarios\/#primaryimage\"},\"image\":{\"@id\":\"https:\/\/www.hotelgoldenrome.com\/pt-pt\/comentarios\/#primaryimage\"},\"thumbnailUrl\":\"https:\/\/www.hotelgoldenrome.com\/wp-content\/uploads\/2013\/08\/marco.jpg\",\"datePublished\":\"2013-10-04T10:33:54+00:00\",\"dateModified\":\"2016-08-10T10:08:09+00:00\",\"description\":\"Coment\u00e1rios, Hotel Golden: Hotel de 2 estrelas numa posi\u00e7\u00e3o central, mas ao mesmo tempo muito tranquila.\",\"breadcrumb\":{\"@id\":\"https:\/\/www.hotelgoldenrome.com\/pt-pt\/comentarios\/#breadcrumb\"},\"inLanguage\":\"pt-PT\",\"potentialAction\":[{\"@type\":\"ReadAction\",\"target\":[\"https:\/\/www.hotelgoldenrome.com\/pt-pt\/comentarios\/\"]}]},{\"@type\":\"ImageObject\",\"inLanguage\":\"pt-PT\",\"@id\":\"https:\/\/www.hotelgoldenrome.com\/pt-pt\/comentarios\/#primaryimage\",\"url\":\"https:\/\/www.hotelgoldenrome.com\/wp-content\/uploads\/2013\/08\/marco.jpg\",\"contentUrl\":\"https:\/\/www.hotelgoldenrome.com\/wp-content\/uploads\/2013\/08\/marco.jpg\",\"width\":206,\"height\":206},{\"@type\":\"BreadcrumbList\",\"@id\":\"https:\/\/www.hotelgoldenrome.com\/pt-pt\/comentarios\/#breadcrumb\",\"itemListElement\":[{\"@type\":\"ListItem\",\"position\":1,\"name\":\"Home\",\"item\":\"https:\/\/www.hotelgoldenrome.com\/pt-pt\/\"},{\"@type\":\"ListItem\",\"position\":2,\"name\":\"Coment\u00e1rios\"}]},{\"@type\":\"WebSite\",\"@id\":\"https:\/\/www.hotelgoldenrome.com\/pt-pt\/#website\",\"url\":\"https:\/\/www.hotelgoldenrome.com\/pt-pt\/\",\"name\":\"Hotel Golden\",\"description\":\"..your Family run hotel in Rome\",\"potentialAction\":[{\"@type\":\"SearchAction\",\"target\":{\"@type\":\"EntryPoint\",\"urlTemplate\":\"https:\/\/www.hotelgoldenrome.com\/pt-pt\/?s={search_term_string}\"},\"query-input\":{\"@type\":\"PropertyValueSpecification\",\"valueRequired\":true,\"valueName\":\"search_term_string\"}}],\"inLanguage\":\"pt-PT\"}]}<\/script>\n<!-- \/ Yoast SEO plugin. -->","yoast_head_json":{"title":"Coment\u00e1rios | Hotel Golden","description":"Coment\u00e1rios, Hotel Golden: Hotel de 2 estrelas numa posi\u00e7\u00e3o central, mas ao mesmo tempo muito tranquila.","robots":{"index":"index","follow":"follow","max-snippet":"max-snippet:-1","max-image-preview":"max-image-preview:large","max-video-preview":"max-video-preview:-1"},"canonical":"https:\/\/www.hotelgoldenrome.com\/pt-pt\/comentarios\/","og_locale":"pt_PT","og_type":"article","og_title":"Coment\u00e1rios | Hotel Golden","og_description":"Coment\u00e1rios, Hotel Golden: Hotel de 2 estrelas numa posi\u00e7\u00e3o central, mas ao mesmo tempo muito tranquila.","og_url":"https:\/\/www.hotelgoldenrome.com\/pt-pt\/comentarios\/","og_site_name":"Hotel Golden","article_modified_time":"2016-08-10T10:08:09+00:00","og_image":[{"width":206,"height":206,"url":"https:\/\/www.hotelgoldenrome.com\/wp-content\/uploads\/2013\/08\/marco.jpg","type":"image\/jpeg"}],"twitter_misc":{"Tempo estimado de leitura":"1 minuto"},"schema":{"@context":"https:\/\/schema.org","@graph":[{"@type":"WebPage","@id":"https:\/\/www.hotelgoldenrome.com\/pt-pt\/comentarios\/","url":"https:\/\/www.hotelgoldenrome.com\/pt-pt\/comentarios\/","name":"Coment\u00e1rios | Hotel Golden","isPartOf":{"@id":"https:\/\/www.hotelgoldenrome.com\/pt-pt\/#website"},"primaryImageOfPage":{"@id":"https:\/\/www.hotelgoldenrome.com\/pt-pt\/comentarios\/#primaryimage"},"image":{"@id":"https:\/\/www.hotelgoldenrome.com\/pt-pt\/comentarios\/#primaryimage"},"thumbnailUrl":"https:\/\/www.hotelgoldenrome.com\/wp-content\/uploads\/2013\/08\/marco.jpg","datePublished":"2013-10-04T10:33:54+00:00","dateModified":"2016-08-10T10:08:09+00:00","description":"Coment\u00e1rios, Hotel Golden: Hotel de 2 estrelas numa posi\u00e7\u00e3o central, mas ao mesmo tempo muito tranquila.","breadcrumb":{"@id":"https:\/\/www.hotelgoldenrome.com\/pt-pt\/comentarios\/#breadcrumb"},"inLanguage":"pt-PT","potentialAction":[{"@type":"ReadAction","target":["https:\/\/www.hotelgoldenrome.com\/pt-pt\/comentarios\/"]}]},{"@type":"ImageObject","inLanguage":"pt-PT","@id":"https:\/\/www.hotelgoldenrome.com\/pt-pt\/comentarios\/#primaryimage","url":"https:\/\/www.hotelgoldenrome.com\/wp-content\/uploads\/2013\/08\/marco.jpg","contentUrl":"https:\/\/www.hotelgoldenrome.com\/wp-content\/uploads\/2013\/08\/marco.jpg","width":206,"height":206},{"@type":"BreadcrumbList","@id":"https:\/\/www.hotelgoldenrome.com\/pt-pt\/comentarios\/#breadcrumb","itemListElement":[{"@type":"ListItem","position":1,"name":"Home","item":"https:\/\/www.hotelgoldenrome.com\/pt-pt\/"},{"@type":"ListItem","position":2,"name":"Coment\u00e1rios"}]},{"@type":"WebSite","@id":"https:\/\/www.hotelgoldenrome.com\/pt-pt\/#website","url":"https:\/\/www.hotelgoldenrome.com\/pt-pt\/","name":"Hotel Golden","description":"..your Family run hotel in Rome","potentialAction":[{"@type":"SearchAction","target":{"@type":"EntryPoint","urlTemplate":"https:\/\/www.hotelgoldenrome.com\/pt-pt\/?s={search_term_string}"},"query-input":{"@type":"PropertyValueSpecification","valueRequired":true,"valueName":"search_term_string"}}],"inLanguage":"pt-PT"}]}},"_links":{"self":[{"href":"https:\/\/www.hotelgoldenrome.com\/pt-pt\/wp-json\/wp\/v2\/pages\/840","targetHints":{"allow":["GET"]}}],"collection":[{"href":"https:\/\/www.hotelgoldenrome.com\/pt-pt\/wp-json\/wp\/v2\/pages"}],"about":[{"href":"https:\/\/www.hotelgoldenrome.com\/pt-pt\/wp-json\/wp\/v2\/types\/page"}],"author":[{"embeddable":true,"href":"https:\/\/www.hotelgoldenrome.com\/pt-pt\/wp-json\/wp\/v2\/users\/17"}],"replies":[{"embeddable":true,"href":"https:\/\/www.hotelgoldenrome.com\/pt-pt\/wp-json\/wp\/v2\/comments?post=840"}],"version-history":[{"count":9,"href":"https:\/\/www.hotelgoldenrome.com\/pt-pt\/wp-json\/wp\/v2\/pages\/840\/revisions"}],"predecessor-version":[{"id":2155,"href":"https:\/\/www.hotelgoldenrome.com\/pt-pt\/wp-json\/wp\/v2\/pages\/840\/revisions\/2155"}],"wp:featuredmedia":[{"embeddable":true,"href":"https:\/\/www.hotelgoldenrome.com\/pt-pt\/wp-json\/wp\/v2\/media\/2151"}],"wp:attachment":[{"href":"https:\/\/www.hotelgoldenrome.com\/pt-pt\/wp-json\/wp\/v2\/media?parent=840"}],"curies":[{"name":"wp","href":"https:\/\/api.w.org\/{rel}","templated":true}]}}