{"id":865,"date":"2013-10-04T12:40:09","date_gmt":"2013-10-04T12:40:09","guid":{"rendered":"https:\/\/www.hotelgoldenrome.com\/?page_id=865"},"modified":"2014-08-13T07:35:18","modified_gmt":"2014-08-13T07:35:18","slug":"home-pt","status":"publish","type":"page","link":"https:\/\/www.hotelgoldenrome.com\/pt-pt\/","title":{"rendered":"Home"},"content":{"rendered":"<div style=\"display:block\"><div class=\"colonna\"><img loading=\"lazy\" decoding=\"async\" width=\"206\" height=\"206\" src=\"https:\/\/www.hotelgoldenrome.com\/wp-content\/uploads\/2013\/08\/maria-teresa.jpg\" class=\"attachment-post-thumbnail size-post-thumbnail wp-post-image\" alt=\"\" srcset=\"https:\/\/www.hotelgoldenrome.com\/wp-content\/uploads\/2013\/08\/maria-teresa.jpg 206w, https:\/\/www.hotelgoldenrome.com\/wp-content\/uploads\/2013\/08\/maria-teresa-150x150.jpg 150w\" sizes=\"auto, (max-width: 206px) 100vw, 206px\" \/>\n<div><p class=\"nome\">Pergunte a<br \/> <span>Maria Teresa<\/span><\/p>\r\n<p>Quando entro num dos nossos quartos respiro a atmosfera de uma verdadeira casa, acolhedora e decorada com aten\u00e7\u00e3o. E se viaja com os seus filhos, experimente a Family Suite!<\/p> <p><a href=\"https:\/\/www.hotelgoldenrome.com\/pt-pt\/quartos\/\">Ir para a p\u00e1gina \u00bb<\/a><\/p><\/div>\n<\/div><div class=\"colonna\"><img loading=\"lazy\" decoding=\"async\" width=\"206\" height=\"206\" src=\"https:\/\/www.hotelgoldenrome.com\/wp-content\/uploads\/2013\/08\/giuseppe.jpg\" class=\"attachment-post-thumbnail size-post-thumbnail wp-post-image\" alt=\"\" srcset=\"https:\/\/www.hotelgoldenrome.com\/wp-content\/uploads\/2013\/08\/giuseppe.jpg 206w, https:\/\/www.hotelgoldenrome.com\/wp-content\/uploads\/2013\/08\/giuseppe-150x150.jpg 150w\" sizes=\"auto, (max-width: 206px) 100vw, 206px\" \/>\n<div><p class=\"nome\">Pergunte a<br \/><span>Giuseppe<\/span><\/p>\r\n<p>Fazer estada no nosso hotel significa ter Roma mesmo \u00e0 m\u00e3o. Estamos situados perto da via Veneto e da paragem do metro, mas tamb\u00e9m pode deslocar-se a p\u00e9!<\/p> <p><a href=\"https:\/\/www.hotelgoldenrome.com\/pt-pt\/localizacao\/\">Ir para a p\u00e1gina \u00bb<\/a><\/p><\/div>\n<\/div><div class=\"colonna\"><img loading=\"lazy\" decoding=\"async\" width=\"206\" height=\"206\" src=\"https:\/\/www.hotelgoldenrome.com\/wp-content\/uploads\/2013\/08\/marco.jpg\" class=\"attachment-post-thumbnail size-post-thumbnail wp-post-image\" alt=\"\" srcset=\"https:\/\/www.hotelgoldenrome.com\/wp-content\/uploads\/2013\/08\/marco.jpg 206w, https:\/\/www.hotelgoldenrome.com\/wp-content\/uploads\/2013\/08\/marco-150x150.jpg 150w\" sizes=\"auto, (max-width: 206px) 100vw, 206px\" \/>\n<div> \r\n<p class=\"nome\">Pergunte a<br \/> <span>Marco<\/span><\/p><img loading=\"lazy\" decoding=\"async\" src=\"https:\/\/www.hotelgoldenrome.com\/wp-content\/uploads\/2013\/08\/tripadvisor-reviews.gif\" alt=\"tripadvisor-reviews\" width=\"113\" height=\"80\" class=\"aligncenter size-full wp-image-76 trip\" \/><p> O nosso melhor cart\u00e3o de visita \u00e9 o que escrevem sobre n\u00f3s!<\/p>\r\n <p><a href=\"https:\/\/www.hotelgoldenrome.com\/pt-pt\/comentarios\/\">Ir para a p\u00e1gina \u00bb<\/a><\/p><\/div>\n<\/div><\/div>\n<p><br clear=\"all\" \/><\/p>\n<div id=\"bianco\">\n<h1>Hotel de gest\u00e3o familiar, perto da Piazza di Spagna<\/h1\n\n\n\n<p>O Hotel Golden recebe-o em fam\u00edlia!<br \/>\n<strong>Hotel de gest\u00e3o familiar<\/strong> perto da <strong>Piazza di Spagna<\/strong>, o <strong>Hotel Golden de Roma<\/strong> encontra-se envolto numa atmosfera agrad\u00e1vel e acolhedora, como a de um verdadeiro lar. A fam\u00edlia Loria, que gere o hotel com paix\u00e3o h\u00e1 mais de vinte anos, espera-o com a m\u00e1xima cordialidade para oferecer-lhe umas f\u00e9rias inesquec\u00edveis no cora\u00e7\u00e3o da Cidade Eterna. <\/p>\n<p>O <strong>Hotel Golden <\/strong>desfruta de uma <strong>\u00f3tima localiza\u00e7\u00e3o<\/strong>, a dois passos da <strong>Villa Borghese<\/strong> e do seu museu, a sua explendorosa Galleria Borghese, conveniente para visitar os locais mais significativos da cidade de <strong>Roma<\/strong>, como a Via Veneto, a <strong>Fontana di Trevi<\/strong> e a Piazza del Popolo. <\/p>\n<p>Entre os <strong>hot\u00e9is de Roma de gest\u00e3o familiar<\/strong>, o Hotel Golden distingue-se pelos servi\u00e7os e confortos de n\u00edvel superior.<\/p>\n<\/div>\n<div id=\"garanzia\">\n<h1>Reserve on-line e pague no hotel<\/h1>\n<p>Reservar directamente a partir do site oficial \u00e9 f\u00e1cil, conveniente e seguro: enquanto que os dados do cart\u00e3o de cr\u00e9dito servem s\u00f3 e exclusivamente para garantir-lhe a reserva, o pagamento ser\u00e1 efectuado por si no hotel aquando do check-out. <strong>Garantia de melhor tarifa!<\/strong><\/p>\n<\/div>\n","protected":false},"excerpt":{"rendered":"<p>Hotel de gest\u00e3o familiar, perto da Piazza di Spagna<\/p>\n","protected":false},"author":17,"featured_media":0,"parent":0,"menu_order":0,"comment_status":"open","ping_status":"open","template":"index.php","meta":{"ngg_post_thumbnail":0,"footnotes":""},"class_list":["post-865","page","type-page","status-publish","hentry"],"yoast_head":"<!-- This site is optimized with the Yoast SEO plugin v25.7 - https:\/\/yoast.com\/wordpress\/plugins\/seo\/ -->\n<title>Hotel perto de Pra\u00e7a de Espanha | Hotel Golden Site Oficial<\/title>\n<meta name=\"description\" content=\"Hotel com ger\u00eancia familiar no centro de Roma, perto da Piazza di Spagna. Uma estadia no nosso hotel significa respirar a atmosfera de uma verdadeira casa com uma verdadeira fam\u00edlia.\" \/>\n<meta name=\"robots\" content=\"index, follow, max-snippet:-1, max-image-preview:large, max-video-preview:-1\" \/>\n<link rel=\"canonical\" href=\"https:\/\/www.hotelgoldenrome.com\/pt-pt\/\" \/>\n<meta property=\"og:locale\" content=\"pt_PT\" \/>\n<meta property=\"og:type\" content=\"article\" \/>\n<meta property=\"og:title\" content=\"Hotel perto de Pra\u00e7a de Espanha | Hotel Golden Site Oficial\" \/>\n<meta property=\"og:description\" content=\"Hotel com ger\u00eancia familiar no centro de Roma, perto da Piazza di Spagna. Uma estadia no nosso hotel significa respirar a atmosfera de uma verdadeira casa com uma verdadeira fam\u00edlia.\" \/>\n<meta property=\"og:url\" content=\"https:\/\/www.hotelgoldenrome.com\/pt-pt\/\" \/>\n<meta property=\"og:site_name\" content=\"Hotel Golden\" \/>\n<meta property=\"article:modified_time\" content=\"2014-08-13T07:35:18+00:00\" \/>\n<script type=\"application\/ld+json\" class=\"yoast-schema-graph\">{\"@context\":\"https:\/\/schema.org\",\"@graph\":[{\"@type\":\"WebPage\",\"@id\":\"https:\/\/www.hotelgoldenrome.com\/pt-pt\/\",\"url\":\"https:\/\/www.hotelgoldenrome.com\/pt-pt\/\",\"name\":\"Hotel perto de Pra\u00e7a de Espanha | Hotel Golden Site Oficial\",\"isPartOf\":{\"@id\":\"https:\/\/www.hotelgoldenrome.com\/pt-pt\/#website\"},\"datePublished\":\"2013-10-04T12:40:09+00:00\",\"dateModified\":\"2014-08-13T07:35:18+00:00\",\"description\":\"Hotel com ger\u00eancia familiar no centro de Roma, perto da Piazza di Spagna. Uma estadia no nosso hotel significa respirar a atmosfera de uma verdadeira casa com uma verdadeira fam\u00edlia.\",\"breadcrumb\":{\"@id\":\"https:\/\/www.hotelgoldenrome.com\/pt-pt\/#breadcrumb\"},\"inLanguage\":\"pt-PT\",\"potentialAction\":[{\"@type\":\"ReadAction\",\"target\":[\"https:\/\/www.hotelgoldenrome.com\/pt-pt\/\"]}]},{\"@type\":\"BreadcrumbList\",\"@id\":\"https:\/\/www.hotelgoldenrome.com\/pt-pt\/#breadcrumb\",\"itemListElement\":[{\"@type\":\"ListItem\",\"position\":1,\"name\":\"Home\",\"item\":\"https:\/\/www.hotelgoldenrome.com\/pt-pt\/\"},{\"@type\":\"ListItem\",\"position\":2,\"name\":\"Home\"}]},{\"@type\":\"WebSite\",\"@id\":\"https:\/\/www.hotelgoldenrome.com\/pt-pt\/#website\",\"url\":\"https:\/\/www.hotelgoldenrome.com\/pt-pt\/\",\"name\":\"Hotel Golden\",\"description\":\"..your Family run hotel in Rome\",\"potentialAction\":[{\"@type\":\"SearchAction\",\"target\":{\"@type\":\"EntryPoint\",\"urlTemplate\":\"https:\/\/www.hotelgoldenrome.com\/pt-pt\/?s={search_term_string}\"},\"query-input\":{\"@type\":\"PropertyValueSpecification\",\"valueRequired\":true,\"valueName\":\"search_term_string\"}}],\"inLanguage\":\"pt-PT\"}]}<\/script>\n<!-- \/ Yoast SEO plugin. -->","yoast_head_json":{"title":"Hotel perto de Pra\u00e7a de Espanha | Hotel Golden Site Oficial","description":"Hotel com ger\u00eancia familiar no centro de Roma, perto da Piazza di Spagna. Uma estadia no nosso hotel significa respirar a atmosfera de uma verdadeira casa com uma verdadeira fam\u00edlia.","robots":{"index":"index","follow":"follow","max-snippet":"max-snippet:-1","max-image-preview":"max-image-preview:large","max-video-preview":"max-video-preview:-1"},"canonical":"https:\/\/www.hotelgoldenrome.com\/pt-pt\/","og_locale":"pt_PT","og_type":"article","og_title":"Hotel perto de Pra\u00e7a de Espanha | Hotel Golden Site Oficial","og_description":"Hotel com ger\u00eancia familiar no centro de Roma, perto da Piazza di Spagna. Uma estadia no nosso hotel significa respirar a atmosfera de uma verdadeira casa com uma verdadeira fam\u00edlia.","og_url":"https:\/\/www.hotelgoldenrome.com\/pt-pt\/","og_site_name":"Hotel Golden","article_modified_time":"2014-08-13T07:35:18+00:00","schema":{"@context":"https:\/\/schema.org","@graph":[{"@type":"WebPage","@id":"https:\/\/www.hotelgoldenrome.com\/pt-pt\/","url":"https:\/\/www.hotelgoldenrome.com\/pt-pt\/","name":"Hotel perto de Pra\u00e7a de Espanha | Hotel Golden Site Oficial","isPartOf":{"@id":"https:\/\/www.hotelgoldenrome.com\/pt-pt\/#website"},"datePublished":"2013-10-04T12:40:09+00:00","dateModified":"2014-08-13T07:35:18+00:00","description":"Hotel com ger\u00eancia familiar no centro de Roma, perto da Piazza di Spagna. Uma estadia no nosso hotel significa respirar a atmosfera de uma verdadeira casa com uma verdadeira fam\u00edlia.","breadcrumb":{"@id":"https:\/\/www.hotelgoldenrome.com\/pt-pt\/#breadcrumb"},"inLanguage":"pt-PT","potentialAction":[{"@type":"ReadAction","target":["https:\/\/www.hotelgoldenrome.com\/pt-pt\/"]}]},{"@type":"BreadcrumbList","@id":"https:\/\/www.hotelgoldenrome.com\/pt-pt\/#breadcrumb","itemListElement":[{"@type":"ListItem","position":1,"name":"Home","item":"https:\/\/www.hotelgoldenrome.com\/pt-pt\/"},{"@type":"ListItem","position":2,"name":"Home"}]},{"@type":"WebSite","@id":"https:\/\/www.hotelgoldenrome.com\/pt-pt\/#website","url":"https:\/\/www.hotelgoldenrome.com\/pt-pt\/","name":"Hotel Golden","description":"..your Family run hotel in Rome","potentialAction":[{"@type":"SearchAction","target":{"@type":"EntryPoint","urlTemplate":"https:\/\/www.hotelgoldenrome.com\/pt-pt\/?s={search_term_string}"},"query-input":{"@type":"PropertyValueSpecification","valueRequired":true,"valueName":"search_term_string"}}],"inLanguage":"pt-PT"}]}},"_links":{"self":[{"href":"https:\/\/www.hotelgoldenrome.com\/pt-pt\/wp-json\/wp\/v2\/pages\/865","targetHints":{"allow":["GET"]}}],"collection":[{"href":"https:\/\/www.hotelgoldenrome.com\/pt-pt\/wp-json\/wp\/v2\/pages"}],"about":[{"href":"https:\/\/www.hotelgoldenrome.com\/pt-pt\/wp-json\/wp\/v2\/types\/page"}],"author":[{"embeddable":true,"href":"https:\/\/www.hotelgoldenrome.com\/pt-pt\/wp-json\/wp\/v2\/users\/17"}],"replies":[{"embeddable":true,"href":"https:\/\/www.hotelgoldenrome.com\/pt-pt\/wp-json\/wp\/v2\/comments?post=865"}],"version-history":[{"count":8,"href":"https:\/\/www.hotelgoldenrome.com\/pt-pt\/wp-json\/wp\/v2\/pages\/865\/revisions"}],"predecessor-version":[{"id":2055,"href":"https:\/\/www.hotelgoldenrome.com\/pt-pt\/wp-json\/wp\/v2\/pages\/865\/revisions\/2055"}],"wp:attachment":[{"href":"https:\/\/www.hotelgoldenrome.com\/pt-pt\/wp-json\/wp\/v2\/media?parent=865"}],"curies":[{"name":"wp","href":"https:\/\/api.w.org\/{rel}","templated":true}]}}