{"id":303,"date":"2013-09-26T15:57:02","date_gmt":"2013-09-26T15:57:02","guid":{"rendered":"https:\/\/www.hotelgoldenrome.com\/?page_id=303"},"modified":"2014-08-01T08:30:59","modified_gmt":"2014-08-01T08:30:59","slug":"rum","status":"publish","type":"page","link":"https:\/\/www.hotelgoldenrome.com\/sv\/rum\/","title":{"rendered":"Rum"},"content":{"rendered":"<div id=\"colonna-dx\"><\/p>\n<h1>Rum<\/h1>\n<p>Rummen p\u00e5 Hotel Golden har inretts med en <strong>enkel<\/strong>, <strong>elegant<\/strong> och <strong>funktionell<\/strong> stil och \u00e4r idealisk f\u00f6r att skapa en behaglig och trevlig milj\u00f6. Den s\u00e4rskilda <strong>k\u00e4nslan f\u00f6r detaljerna<\/strong>, m\u00f6blerna av varmt k\u00f6rsb\u00e4rstr\u00e4 och de vackra inredningstygerna bidrar att skapa en <strong>familj\u00e4r atmosf\u00e4r<\/strong> som genast g\u00f6r s\u00e5 att g\u00e4sterna k\u00e4nner sig som hemma. Alla rum p\u00e5 detta <strong>hotell i Rom<\/strong> \u00e4r nyrenoverade och har utrustats med <strong>bekv\u00e4mligheter av h\u00f6g kvalitet<\/strong> som <strong>luftkonditionering<\/strong>, satellit-TV, telefon, kylsk\u00e5p, kassask\u00e5p och <strong>ljudisolerade d\u00f6rrar och f\u00f6nster <\/strong>f\u00f6r att garantera att hotellg\u00e4sternas natts\u00f6mn inte st\u00f6rs.<\/p>\n<p>Varje rum har <strong>privat badrum <\/strong>med dusch, h\u00e5rtork och en g\u00e5va med lite sm\u00e5tt och gott. I <strong>dubbelrum Superior, juniorsvit <strong>eller <\/strong>familjesvit <\/strong>erbjuds dessutom sk\u00f6na <a class=\"thickbox\" href=\"https:\/\/www.hotelgoldenrome.com\/wp-content\/uploads\/2013\/08\/pantofole.jpg\"><strong>tofflor och mjuka morgonrockar<\/strong><\/a> f\u00f6r tv\u00e5 personer.<\/p>\n<p><strong>Hotel Golden har endast r\u00f6kfria rum<\/strong>. Alla rum p\u00e5 hotellet \u00e4r r\u00f6kfria eftersom vi vill att v\u00e5ra milj\u00f6 och v\u00e5r luft \u00e4r s\u00e5 h\u00e4lsosam som m\u00f6jligt och eftersom vi \u00e4ven vill respektera \u00f6nskem\u00e5len fr\u00e5n de flesta av v\u00e5ra g\u00e4ster.<\/p>\n<h2>V\u00e5ra rum<\/h2>\n<ul id=\"lista-camere\">\n<li>\n<div>\n<a class=\"thickbox\" href=\"https:\/\/www.hotelgoldenrome.com\/wp-content\/uploads\/2013\/08\/singola.jpg\"><img loading=\"lazy\" decoding=\"async\" src=\"https:\/\/www.hotelgoldenrome.com\/wp-content\/uploads\/2013\/08\/singola-150x150.jpg\" alt=\"Enkelrum\" width=\"150\" height=\"150\" class=\"alignnone size-thumbnail wp-image-93\" \/><\/a><\/p>\n<h3><a class=\"thickbox\" href=\"https:\/\/www.hotelgoldenrome.com\/wp-content\/uploads\/2013\/08\/singola.jpg\">Enkelrum<\/a><\/h3>\n<p>Familj\u00e4rt och v\u00e4lkomnande enkelrum, f\u00f6r icke-r\u00f6kare. \u00c4ven i detta rum finns wi-fi och luftkonditionering.<\/p>\n<\/div>\n<\/li>\n<li>\n<div>\n<a class=\"thickbox\" href=\"https:\/\/www.hotelgoldenrome.com\/wp-content\/uploads\/2013\/08\/doppia.jpg\"><img loading=\"lazy\" decoding=\"async\" src=\"https:\/\/www.hotelgoldenrome.com\/wp-content\/uploads\/2013\/08\/doppia-150x150.jpg\" alt=\"Litet dubbelrum\" width=\"150\" height=\"150\" class=\"alignnone size-thumbnail wp-image-96\" \/><\/a><\/p>\n<h3><a class=\"thickbox\" href=\"https:\/\/www.hotelgoldenrome.com\/wp-content\/uploads\/2013\/08\/doppia.jpg\">Litet dubbelrum<\/a><\/h3>\n<p>Med en stor enkels\u00e4ng (small double bed) som \u00e4r kompakt n\u00e4r det g\u00e4ller m\u00e5tten, men mycket bekv\u00e4m: den har samma egenskaper som dubbelrummet superior.<\/p>\n<\/div>\n<\/li>\n<li>\n<div>\n<a class=\"thickbox\" href=\"https:\/\/www.hotelgoldenrome.com\/wp-content\/uploads\/2013\/08\/doppia-classic.jpg\" rel=\"doppia_classic\"><img loading=\"lazy\" decoding=\"async\" src=\"https:\/\/www.hotelgoldenrome.com\/wp-content\/uploads\/2013\/08\/doppia-classic-150x150.jpg\" alt=\"Dubbelrum Classic\" width=\"150\" height=\"150\" class=\"alignnone size-thumbnail wp-image-97\" \/><\/a><\/p>\n<h3><a href=\"https:\/\/www.hotelgoldenrome.com\/wp-content\/uploads\/2014\/01\/doppia_classic-2.jpg\" rel=\"doppia_classic\" class=\"thickbox\">Dubbelrum Classic<\/a><\/h3>\n<p>Med en dubbels\u00e4ng eller tv\u00e5 enkels\u00e4ngar. Mindre \u00e4n dubbelrum Superior men lika elegant och v\u00e4lutrustat.<\/p>\n<\/div>\n<\/li>\n<li>\n<div>\n<a class=\"thickbox\" href=\"https:\/\/www.hotelgoldenrome.com\/wp-content\/uploads\/2013\/08\/doppia-superior.jpg\" rel=\"doppia_superior\"><img loading=\"lazy\" decoding=\"async\" src=\"https:\/\/www.hotelgoldenrome.com\/wp-content\/uploads\/2013\/08\/doppia-superior-150x150.jpg\" alt=\"Dubbelrum Superior\" width=\"150\" height=\"150\" class=\"alignnone size-thumbnail wp-image-98\" \/><\/a><\/p>\n<h3><a href=\"https:\/\/www.hotelgoldenrome.com\/wp-content\/uploads\/2014\/01\/doppia_superior-2.jpg\" rel=\"doppia_superior\" class=\"thickbox\">Dubbelrum Superior<\/a><\/h3>\n<p>Det b\u00e4sta med Hotel Golden \u00e4r det magnifika l\u00e4get n\u00e4ra Via Veneto, Spanska trappan och Fontana di Trevi. Maximal lyx, wi-fi, r\u00f6kfria rum&#8230; Tv\u00e5 enkels\u00e4ngar eller en stor dubbels\u00e4ng. Morgonrock och tofflor f\u00f6r tv\u00e5 personer.<\/p>\n<\/div>\n<\/li>\n<li>\n<div>\n<a class=\"thickbox\" href=\"https:\/\/www.hotelgoldenrome.com\/wp-content\/uploads\/2013\/08\/tripla.jpg\" rel=\"tripla\"><img loading=\"lazy\" decoding=\"async\" src=\"https:\/\/www.hotelgoldenrome.com\/wp-content\/uploads\/2013\/08\/tripla-150x150.jpg\" alt=\"Treb\u00e4ddsrum\" width=\"150\" height=\"150\" class=\"alignnone size-thumbnail wp-image-99\" \/><\/a><\/p>\n<h3><a href=\"https:\/\/www.hotelgoldenrome.com\/wp-content\/uploads\/2014\/01\/tripla-2.jpg\" rel=\"tripla\" class=\"thickbox\">Treb\u00e4ddsrum<\/a><\/h3>\n<p>Med tv\u00e5 konfigurationer: en stor dubbels\u00e4ng plus en enkels\u00e4ng eller tre enkels\u00e4ngar. Dessutom \u00e4r ett extra plus p\u00e5 Hotel Golden Wi-fi-anslutningen och den r\u00f6kfria milj\u00f6n.<\/p>\n<\/div>\n<\/li>\n<li>\n<div>\n<a class=\"thickbox\" href=\"https:\/\/www.hotelgoldenrome.com\/wp-content\/uploads\/2013\/08\/family-room.jpg\" rel=\"family_room\"><img loading=\"lazy\" decoding=\"async\" src=\"https:\/\/www.hotelgoldenrome.com\/wp-content\/uploads\/2013\/08\/family-room-150x150.jpg\" alt=\"Familjerum\" width=\"150\" height=\"150\" class=\"alignnone size-thumbnail wp-image-100\" \/><\/a><\/p>\n<h3><a href=\"https:\/\/www.hotelgoldenrome.com\/wp-content\/uploads\/2014\/01\/family_room-2.jpg\" rel=\"family_room\" class=\"thickbox\">Familjerum<\/a><\/h3>\n<p>Mycket rymliga och v\u00e4lv\u00e5rdade, f\u00f6r tv\u00e5 vuxna och tv\u00e5 barn. Tv\u00e5 stora dubbels\u00e4ngar eller tv\u00e5 enkels\u00e4ngar och en dubbels\u00e4ng. Wi-Fi, luftkonditionering, r\u00f6kfria rum.<\/p>\n<\/div>\n<\/li>\n<li>\n<div>\n<a class=\"thickbox\" href=\"https:\/\/www.hotelgoldenrome.com\/wp-content\/uploads\/2013\/08\/junior-suite.jpg\"><img loading=\"lazy\" decoding=\"async\" src=\"https:\/\/www.hotelgoldenrome.com\/wp-content\/uploads\/2013\/08\/junior-suite-150x150.jpg\" alt=\"Junior Suite\" width=\"150\" height=\"150\" class=\"alignnone size-thumbnail wp-image-101\" \/><\/a><\/p>\n<h3><a class=\"thickbox\" href=\"https:\/\/www.hotelgoldenrome.com\/wp-content\/uploads\/2013\/08\/junior-suite.jpg\">Junior Suite<\/a><\/h3>\n<p>Underbar exklusiv boning f\u00f6r en romantisk vistelse i Rom med dubbelrum, vardagsrum och badrum med kromoterapi. Dessutom finns det parkettgolv, 32 tums LCD-TV och alla t\u00e4nkbara moderna bekv\u00e4mligheter. Morgonrock och tofflor f\u00f6r tv\u00e5 personer.<\/p>\n<\/div>\n<\/li>\n<li>\n<div>\n<a class=\"thickbox\" href=\"https:\/\/www.hotelgoldenrome.com\/wp-content\/uploads\/2013\/08\/familysuite.jpg\"><img loading=\"lazy\" decoding=\"async\" src=\"https:\/\/www.hotelgoldenrome.com\/wp-content\/uploads\/2013\/08\/familysuite-150x150.jpg\" alt=\"Familjesvit\" width=\"150\" height=\"150\" class=\"alignnone size-thumbnail wp-image-101\" \/><\/a><\/p>\n<h3><a class=\"thickbox\" href=\"https:\/\/www.hotelgoldenrome.com\/wp-content\/uploads\/2013\/08\/familysuite.jpg\">Familjesvit<\/a><\/h3>\n<p>F\u00f6rutom bekv\u00e4ma familjerum,\u00a0\u2019Golden Hotel erbjuder rymliga familjesviter i Roms centrum, perfekt f\u00f6r en exklusiv semester med din familj, i en milj\u00f6 med tv\u00e5 sovrum, vardagsrum och privat lounge f\u00f6r frukost&#8230;<a href=\"https:\/\/www.hotelgoldenrome.com\/sv\/family-hotel-suites-sv\/\" title=\"Familjesvit\">Forts\u00e4tt l\u00e4sa<\/a><\/p>\n<\/div>\n<\/li>\n<\/ul>\n<p><\/div>\n<div id=\"colonna-sx\"><br \/>\n<img loading=\"lazy\" decoding=\"async\" src=\"https:\/\/www.hotelgoldenrome.com\/wp-content\/uploads\/2013\/08\/maria-teresa.jpg\" alt=\"maria-teresa\" width=\"206\" height=\"206\" class=\"aligncenter size-full wp-image-65\" srcset=\"https:\/\/www.hotelgoldenrome.com\/wp-content\/uploads\/2013\/08\/maria-teresa.jpg 206w, https:\/\/www.hotelgoldenrome.com\/wp-content\/uploads\/2013\/08\/maria-teresa-150x150.jpg 150w\" sizes=\"auto, (max-width: 206px) 100vw, 206px\" \/><\/p>\n<p class=\"nome\">Fr\u00e5ga<br \/> <span>Maria Teresa<\/span><\/p>\n<p>N\u00e4r jag kommer in i ett av v\u00e5ra rum andas jag\u2019atmosf\u00e4ren i ett riktigt hus, mysigt och inrett med omsorg. Och om du reser med dina barn, pr\u00f6va v\u00e5r familjesvit!<\/p>\n<p> <\/p>\n<div class=\"lista\">\n<h3>Komfort<\/h3>\n<ul>\n<li>\u00b7 R\u00f6kfria rum<\/li>\n<li>\u00b7 Allergifria rum<\/li>\n<li>\u00b7 Telefon<\/li>\n<li>\u00b7 Internet<\/li>\n<li>\u00b7 Wi-fi<\/li>\n<li>\u00b7 Satellit-TV med LCD-sk\u00e4rm<\/li>\n<li>\u00b7 Radio<\/li>\n<li>\u00b7 Minibar med kyl<\/li>\n<li>\u00b7 Kassask\u00e5p<\/li>\n<li>\u00b7 Luftkonditionering (justerbar)<\/li>\n<li>\u00b7 Uppv\u00e4rmning (justerbar)<\/li>\n<li>\u00b7 Dusch<\/li>\n<li>\u00b7 Handduksv\u00e4rmare<\/li>\n<li>\u00b7 Gratis badrumsprodukter<\/li>\n<li>\u00b7 F\u00f6n<\/li>\n<li>\u00b7 Strykj\u00e4rn<\/li>\n<\/ul>\n<\/div>\n<p><\/div>\n<p><br clear=\"all\" \/><\/p>\n","protected":false},"excerpt":{"rendered":"<p class=\"nome\">Fr\u00e5ga<br \/> <span>Maria Teresa<\/span><\/p>\n<p>N\u00e4r jag kommer in i ett av v\u00e5ra rum andas jag\u2019atmosf\u00e4ren i ett riktigt hus, mysigt och inrett med omsorg. Och om du reser med dina barn, pr\u00f6va v\u00e5r familjesvit!<\/p>\n","protected":false},"author":17,"featured_media":65,"parent":0,"menu_order":0,"comment_status":"open","ping_status":"open","template":"page-duecolonne.php","meta":{"ngg_post_thumbnail":0,"footnotes":""},"class_list":["post-303","page","type-page","status-publish","has-post-thumbnail","hentry"],"yoast_head":"<!-- This site is optimized with the Yoast SEO plugin v25.7 - https:\/\/yoast.com\/wordpress\/plugins\/seo\/ -->\n<title>Rum | Hotel Golden<\/title>\n<meta name=\"description\" content=\"Rum, Hotel Golden: Familje\u00e4gt hotell bel\u00e4get direkt vid Villa Borghese i Rom.\" \/>\n<meta name=\"robots\" content=\"index, follow, max-snippet:-1, max-image-preview:large, max-video-preview:-1\" \/>\n<link rel=\"canonical\" href=\"https:\/\/www.hotelgoldenrome.com\/sv\/rum\/\" \/>\n<meta property=\"og:locale\" content=\"sv_SE\" \/>\n<meta property=\"og:type\" content=\"article\" \/>\n<meta property=\"og:title\" content=\"Rum | Hotel Golden\" \/>\n<meta property=\"og:description\" content=\"Rum, Hotel Golden: Familje\u00e4gt hotell bel\u00e4get direkt vid Villa Borghese i Rom.\" \/>\n<meta property=\"og:url\" content=\"https:\/\/www.hotelgoldenrome.com\/sv\/rum\/\" \/>\n<meta property=\"og:site_name\" content=\"Hotel Golden\" \/>\n<meta property=\"article:modified_time\" content=\"2014-08-01T08:30:59+00:00\" \/>\n<meta property=\"og:image\" content=\"https:\/\/www.hotelgoldenrome.com\/wp-content\/uploads\/2013\/08\/maria-teresa.jpg\" \/>\n\t<meta property=\"og:image:width\" content=\"206\" \/>\n\t<meta property=\"og:image:height\" content=\"206\" \/>\n\t<meta property=\"og:image:type\" content=\"image\/jpeg\" \/>\n<meta name=\"twitter:label1\" content=\"Ber\u00e4knad l\u00e4stid\" \/>\n\t<meta name=\"twitter:data1\" content=\"3 minuter\" \/>\n<script type=\"application\/ld+json\" class=\"yoast-schema-graph\">{\"@context\":\"https:\/\/schema.org\",\"@graph\":[{\"@type\":\"WebPage\",\"@id\":\"https:\/\/www.hotelgoldenrome.com\/sv\/rum\/\",\"url\":\"https:\/\/www.hotelgoldenrome.com\/sv\/rum\/\",\"name\":\"Rum | Hotel Golden\",\"isPartOf\":{\"@id\":\"https:\/\/www.hotelgoldenrome.com\/sv\/#website\"},\"primaryImageOfPage\":{\"@id\":\"https:\/\/www.hotelgoldenrome.com\/sv\/rum\/#primaryimage\"},\"image\":{\"@id\":\"https:\/\/www.hotelgoldenrome.com\/sv\/rum\/#primaryimage\"},\"thumbnailUrl\":\"https:\/\/www.hotelgoldenrome.com\/wp-content\/uploads\/2013\/08\/maria-teresa.jpg\",\"datePublished\":\"2013-09-26T15:57:02+00:00\",\"dateModified\":\"2014-08-01T08:30:59+00:00\",\"description\":\"Rum, Hotel Golden: Familje\u00e4gt hotell bel\u00e4get direkt vid Villa Borghese i Rom.\",\"breadcrumb\":{\"@id\":\"https:\/\/www.hotelgoldenrome.com\/sv\/rum\/#breadcrumb\"},\"inLanguage\":\"sv-SE\",\"potentialAction\":[{\"@type\":\"ReadAction\",\"target\":[\"https:\/\/www.hotelgoldenrome.com\/sv\/rum\/\"]}]},{\"@type\":\"ImageObject\",\"inLanguage\":\"sv-SE\",\"@id\":\"https:\/\/www.hotelgoldenrome.com\/sv\/rum\/#primaryimage\",\"url\":\"https:\/\/www.hotelgoldenrome.com\/wp-content\/uploads\/2013\/08\/maria-teresa.jpg\",\"contentUrl\":\"https:\/\/www.hotelgoldenrome.com\/wp-content\/uploads\/2013\/08\/maria-teresa.jpg\",\"width\":206,\"height\":206},{\"@type\":\"BreadcrumbList\",\"@id\":\"https:\/\/www.hotelgoldenrome.com\/sv\/rum\/#breadcrumb\",\"itemListElement\":[{\"@type\":\"ListItem\",\"position\":1,\"name\":\"Home\",\"item\":\"https:\/\/www.hotelgoldenrome.com\/sv\/\"},{\"@type\":\"ListItem\",\"position\":2,\"name\":\"Rum\"}]},{\"@type\":\"WebSite\",\"@id\":\"https:\/\/www.hotelgoldenrome.com\/sv\/#website\",\"url\":\"https:\/\/www.hotelgoldenrome.com\/sv\/\",\"name\":\"Hotel Golden\",\"description\":\"..your Family run hotel in Rome\",\"potentialAction\":[{\"@type\":\"SearchAction\",\"target\":{\"@type\":\"EntryPoint\",\"urlTemplate\":\"https:\/\/www.hotelgoldenrome.com\/sv\/?s={search_term_string}\"},\"query-input\":{\"@type\":\"PropertyValueSpecification\",\"valueRequired\":true,\"valueName\":\"search_term_string\"}}],\"inLanguage\":\"sv-SE\"}]}<\/script>\n<!-- \/ Yoast SEO plugin. -->","yoast_head_json":{"title":"Rum | Hotel Golden","description":"Rum, Hotel Golden: Familje\u00e4gt hotell bel\u00e4get direkt vid Villa Borghese i Rom.","robots":{"index":"index","follow":"follow","max-snippet":"max-snippet:-1","max-image-preview":"max-image-preview:large","max-video-preview":"max-video-preview:-1"},"canonical":"https:\/\/www.hotelgoldenrome.com\/sv\/rum\/","og_locale":"sv_SE","og_type":"article","og_title":"Rum | Hotel Golden","og_description":"Rum, Hotel Golden: Familje\u00e4gt hotell bel\u00e4get direkt vid Villa Borghese i Rom.","og_url":"https:\/\/www.hotelgoldenrome.com\/sv\/rum\/","og_site_name":"Hotel Golden","article_modified_time":"2014-08-01T08:30:59+00:00","og_image":[{"width":206,"height":206,"url":"https:\/\/www.hotelgoldenrome.com\/wp-content\/uploads\/2013\/08\/maria-teresa.jpg","type":"image\/jpeg"}],"twitter_misc":{"Ber\u00e4knad l\u00e4stid":"3 minuter"},"schema":{"@context":"https:\/\/schema.org","@graph":[{"@type":"WebPage","@id":"https:\/\/www.hotelgoldenrome.com\/sv\/rum\/","url":"https:\/\/www.hotelgoldenrome.com\/sv\/rum\/","name":"Rum | Hotel Golden","isPartOf":{"@id":"https:\/\/www.hotelgoldenrome.com\/sv\/#website"},"primaryImageOfPage":{"@id":"https:\/\/www.hotelgoldenrome.com\/sv\/rum\/#primaryimage"},"image":{"@id":"https:\/\/www.hotelgoldenrome.com\/sv\/rum\/#primaryimage"},"thumbnailUrl":"https:\/\/www.hotelgoldenrome.com\/wp-content\/uploads\/2013\/08\/maria-teresa.jpg","datePublished":"2013-09-26T15:57:02+00:00","dateModified":"2014-08-01T08:30:59+00:00","description":"Rum, Hotel Golden: Familje\u00e4gt hotell bel\u00e4get direkt vid Villa Borghese i Rom.","breadcrumb":{"@id":"https:\/\/www.hotelgoldenrome.com\/sv\/rum\/#breadcrumb"},"inLanguage":"sv-SE","potentialAction":[{"@type":"ReadAction","target":["https:\/\/www.hotelgoldenrome.com\/sv\/rum\/"]}]},{"@type":"ImageObject","inLanguage":"sv-SE","@id":"https:\/\/www.hotelgoldenrome.com\/sv\/rum\/#primaryimage","url":"https:\/\/www.hotelgoldenrome.com\/wp-content\/uploads\/2013\/08\/maria-teresa.jpg","contentUrl":"https:\/\/www.hotelgoldenrome.com\/wp-content\/uploads\/2013\/08\/maria-teresa.jpg","width":206,"height":206},{"@type":"BreadcrumbList","@id":"https:\/\/www.hotelgoldenrome.com\/sv\/rum\/#breadcrumb","itemListElement":[{"@type":"ListItem","position":1,"name":"Home","item":"https:\/\/www.hotelgoldenrome.com\/sv\/"},{"@type":"ListItem","position":2,"name":"Rum"}]},{"@type":"WebSite","@id":"https:\/\/www.hotelgoldenrome.com\/sv\/#website","url":"https:\/\/www.hotelgoldenrome.com\/sv\/","name":"Hotel Golden","description":"..your Family run hotel in Rome","potentialAction":[{"@type":"SearchAction","target":{"@type":"EntryPoint","urlTemplate":"https:\/\/www.hotelgoldenrome.com\/sv\/?s={search_term_string}"},"query-input":{"@type":"PropertyValueSpecification","valueRequired":true,"valueName":"search_term_string"}}],"inLanguage":"sv-SE"}]}},"_links":{"self":[{"href":"https:\/\/www.hotelgoldenrome.com\/sv\/wp-json\/wp\/v2\/pages\/303","targetHints":{"allow":["GET"]}}],"collection":[{"href":"https:\/\/www.hotelgoldenrome.com\/sv\/wp-json\/wp\/v2\/pages"}],"about":[{"href":"https:\/\/www.hotelgoldenrome.com\/sv\/wp-json\/wp\/v2\/types\/page"}],"author":[{"embeddable":true,"href":"https:\/\/www.hotelgoldenrome.com\/sv\/wp-json\/wp\/v2\/users\/17"}],"replies":[{"embeddable":true,"href":"https:\/\/www.hotelgoldenrome.com\/sv\/wp-json\/wp\/v2\/comments?post=303"}],"version-history":[{"count":11,"href":"https:\/\/www.hotelgoldenrome.com\/sv\/wp-json\/wp\/v2\/pages\/303\/revisions"}],"predecessor-version":[{"id":1959,"href":"https:\/\/www.hotelgoldenrome.com\/sv\/wp-json\/wp\/v2\/pages\/303\/revisions\/1959"}],"wp:featuredmedia":[{"embeddable":true,"href":"https:\/\/www.hotelgoldenrome.com\/sv\/wp-json\/wp\/v2\/media\/65"}],"wp:attachment":[{"href":"https:\/\/www.hotelgoldenrome.com\/sv\/wp-json\/wp\/v2\/media?parent=303"}],"curies":[{"name":"wp","href":"https:\/\/api.w.org\/{rel}","templated":true}]}}