{"id":389,"date":"2013-09-27T13:23:26","date_gmt":"2013-09-27T13:23:26","guid":{"rendered":"https:\/\/www.hotelgoldenrome.com\/?page_id=389"},"modified":"2016-08-10T07:18:55","modified_gmt":"2016-08-10T07:18:55","slug":"lage-sv","status":"publish","type":"page","link":"https:\/\/www.hotelgoldenrome.com\/sv\/lage-sv\/","title":{"rendered":"L\u00e4ge"},"content":{"rendered":"<div id=\"colonna-dx\"><\/p>\n<h1>Hotell i Rom centrum n\u00e4ra Villa Borghese <\/h1>\n<p>Hotel Golden ligger i den underbara parken <strong>Villa Borghese<\/strong> och n\u00e4ra <strong>Via Veneto<\/strong>, sk\u00e5deplats f\u00f6r det Ljuva Livet p\u00e5 60-talet, och har ett l\u00e4ge som \u00e4r mycket centralt och samtidigt mycket <strong>lugnt<\/strong>, ett kort styce fr\u00e5n <strong>Spanska Trappan<\/strong> och <strong>Fontana di Trevi<\/strong>.<\/p>\n<p><!-- index.php -->\n<div\n\tclass=\"ngg-galleryoverview ngg-ajax-pagination-none\"\n\tid=\"ngg-gallery-013901b19af03fbd4a581c21b99a80df-1\">\n\n    \t\t<!-- Thumbnails -->\n\t\t\t\t<div id=\"ngg-image-0\" class=\"ngg-gallery-thumbnail-box\" >\n\t\t\t\t        <div class=\"ngg-gallery-thumbnail\">\n            <a href=\"https:\/\/www.hotelgoldenrome.com\/wp-content\/galleries\/posizione\/100.jpg\"\n               title=\"\"\n               data-src=\"https:\/\/www.hotelgoldenrome.com\/wp-content\/galleries\/posizione\/100.jpg\"\n               data-thumbnail=\"https:\/\/www.hotelgoldenrome.com\/wp-content\/galleries\/posizione\/thumbs\/thumbs_100.jpg\"\n               data-image-id=\"100\"\n               data-title=\"100-jpg\"\n               data-description=\"\"\n               data-image-slug=\"100-jpg\"\n               class=\"ngg-fancybox\" rel=\"013901b19af03fbd4a581c21b99a80df\">\n                <img\n                    title=\"100-jpg\"\n                    alt=\"100-jpg\"\n                    src=\"https:\/\/www.hotelgoldenrome.com\/wp-content\/galleries\/posizione\/thumbs\/thumbs_100.jpg\"\n                    width=\"150\"\n                    height=\"150\"\n                    style=\"max-width:100%;\"\n                \/>\n            <\/a>\n        <\/div>\n\t\t\t\t\t\t\t<\/div> \n\t\t\t\n        \n\t\t\t\t<div id=\"ngg-image-1\" class=\"ngg-gallery-thumbnail-box\" >\n\t\t\t\t        <div class=\"ngg-gallery-thumbnail\">\n            <a href=\"https:\/\/www.hotelgoldenrome.com\/wp-content\/galleries\/posizione\/piazza_spagna.jpg\"\n               title=\"\"\n               data-src=\"https:\/\/www.hotelgoldenrome.com\/wp-content\/galleries\/posizione\/piazza_spagna.jpg\"\n               data-thumbnail=\"https:\/\/www.hotelgoldenrome.com\/wp-content\/galleries\/posizione\/thumbs\/thumbs_piazza_spagna.jpg\"\n               data-image-id=\"99\"\n               data-title=\"Primavera a Trinit\u2021 dei Monti, Piazza di Spagna, Roma\"\n               data-description=\"\"\n               data-image-slug=\"piazza_spagna-jpg\"\n               class=\"ngg-fancybox\" rel=\"013901b19af03fbd4a581c21b99a80df\">\n                <img\n                    title=\"Primavera a Trinit\u2021 dei Monti, Piazza di Spagna, Roma\"\n                    alt=\"Primavera a Trinit\u2021 dei Monti, Piazza di Spagna, Roma\"\n                    src=\"https:\/\/www.hotelgoldenrome.com\/wp-content\/galleries\/posizione\/thumbs\/thumbs_piazza_spagna.jpg\"\n                    width=\"150\"\n                    height=\"150\"\n                    style=\"max-width:100%;\"\n                \/>\n            <\/a>\n        <\/div>\n\t\t\t\t\t\t\t<\/div> \n\t\t\t\n        \n\t\t\t\t<div id=\"ngg-image-2\" class=\"ngg-gallery-thumbnail-box\" >\n\t\t\t\t        <div class=\"ngg-gallery-thumbnail\">\n            <a href=\"https:\/\/www.hotelgoldenrome.com\/wp-content\/galleries\/posizione\/roma.jpg\"\n               title=\"A wornderful sundown overlooking the Saint Peter Cathedral\"\n               data-src=\"https:\/\/www.hotelgoldenrome.com\/wp-content\/galleries\/posizione\/roma.jpg\"\n               data-thumbnail=\"https:\/\/www.hotelgoldenrome.com\/wp-content\/galleries\/posizione\/thumbs\/thumbs_roma.jpg\"\n               data-image-id=\"102\"\n               data-title=\"Rome Sundown\"\n               data-description=\"A wornderful sundown overlooking the Saint Peter Cathedral\"\n               data-image-slug=\"rome-sundown\"\n               class=\"ngg-fancybox\" rel=\"013901b19af03fbd4a581c21b99a80df\">\n                <img\n                    title=\"Rome Sundown\"\n                    alt=\"Rome Sundown\"\n                    src=\"https:\/\/www.hotelgoldenrome.com\/wp-content\/galleries\/posizione\/thumbs\/thumbs_roma.jpg\"\n                    width=\"150\"\n                    height=\"150\"\n                    style=\"max-width:100%;\"\n                \/>\n            <\/a>\n        <\/div>\n\t\t\t\t\t\t\t<\/div> \n\t\t\t\n        \n\t\t\t\t<div id=\"ngg-image-3\" class=\"ngg-gallery-thumbnail-box\" >\n\t\t\t\t        <div class=\"ngg-gallery-thumbnail\">\n            <a href=\"https:\/\/www.hotelgoldenrome.com\/wp-content\/galleries\/posizione\/eventi.jpg\"\n               title=\"\"\n               data-src=\"https:\/\/www.hotelgoldenrome.com\/wp-content\/galleries\/posizione\/eventi.jpg\"\n               data-thumbnail=\"https:\/\/www.hotelgoldenrome.com\/wp-content\/galleries\/posizione\/thumbs\/thumbs_eventi.jpg\"\n               data-image-id=\"101\"\n               data-title=\"The Coliseum by Night\"\n               data-description=\"\"\n               data-image-slug=\"the-coliseum-by-night\"\n               class=\"ngg-fancybox\" rel=\"013901b19af03fbd4a581c21b99a80df\">\n                <img\n                    title=\"The Coliseum by Night\"\n                    alt=\"The Coliseum by Night\"\n                    src=\"https:\/\/www.hotelgoldenrome.com\/wp-content\/galleries\/posizione\/thumbs\/thumbs_eventi.jpg\"\n                    width=\"150\"\n                    height=\"150\"\n                    style=\"max-width:100%;\"\n                \/>\n            <\/a>\n        <\/div>\n\t\t\t\t\t\t\t<\/div> \n\t\t\t\n        \n\t\t\n\t\t<!-- Pagination -->\n\t<div class='ngg-clear'><\/div>\t<\/div>\n<\/p>\n<p>Ett kort stycke fr\u00e5n detta v\u00e4lkomnande <strong>hotell i Rom<\/strong> ligger en av stadens gr\u00f6na lungor: parken heter<strong> <\/strong>Villa Borghese och romarna \u00e4lskar att promenera d\u00e4r under lediga dagar. D\u00e4r ligger \u00e4ven <strong>Pincio<\/strong>, som \u00e4r en magnifik utsiktspunkt d\u00e4r man ser hela staden med en enda blick. I den h\u00e4r underbara parken ligger det ber\u00f6mda konstmus\u00e9et <strong>Galleria Borghese<\/strong>, som inneh\u00e5ller en av v\u00e4rldens st\u00f6rsta samlingar av konstn\u00e4rer som Tizian, Rubens, Caravaggio och Bernini.<\/p>\n<p><iframe loading=\"lazy\" src=\"https:\/\/maps.google.it\/maps?q=Hotel+Golden+Roma+-+MARUMA+Srl+-+Via+Marche+84,+00187+Roma,+Italia&amp;oe=utf-8&amp;client=firefox-a&amp;channel=fflb&amp;ie=UTF8&amp;hl=it&amp;hq=Hotel+Golden+Roma+-+MARUMA+Srl+-+Via+Marche+84,+00187+Roma,+Italia&amp;hnear=&amp;radius=15000&amp;t=m&amp;ll=41.911475,12.490017&amp;spn=0.006387,0.014806&amp;z=16&amp;iwloc=A&amp;output=embed\" height=\"400\" width=\"650\" frameborder=\"0\" marginwidth=\"0\" marginheight=\"0\" scrolling=\"no\"><\/iframe><\/p>\n<h2>HUR DU N\u00c5R OSS<\/h2>\n<ul id=\"come\">\n<li>\n<div>\n<p><strong>Med flyg<\/strong><br \/>\nHotel Golden erbjuder dig en <strong>service f\u00f6r upph\u00e4mtning<\/strong> p\u00e5 flygplatsen och du m\u00e5ste be om h\u00e4mtning d\u00e5 du bokar rummet. Som alternativ finns det olika m\u00f6jligheter att n\u00e5 hotellet p\u00e5 fr\u00e5n <strong>flygplatserna i Rom<\/strong>.<br \/>\nFr\u00e5n <strong>Roms flygplats &#8221;Fiumicino&#8221;<\/strong>:<br \/>\n&#8211; med flygbussarna &#8221;Terravision Shuttle&#8221; och &#8221;Schiaffini Travel Shuttle&#8221; kommer du till centralstationen, Termini. D\u00e4rifr\u00e5n kan du ta en taxi eller buss 360 (Corso d&#8217;Italia &#8211; 5:e h\u00e5llplatsen) eller buss 910 (Via Piemonte\/Boncompagni &#8211; 4:e h\u00e5llplatsen) och g\u00e5 sedan 400 meter till fots f\u00f6r att komma till Via Marche;<br \/>\n&#8211; med direktt\u00e5get &#8221;Leonardo Express&#8221; kommer du till stationen, Termini, p\u00e5 cirka 35 minuter. D\u00e4rifr\u00e5n kan du ta en taxi eller buss 360 (Corso d&#8217;Italia &#8211; 5:e h\u00e5llplatsen) eller buss 910 (Via Piemonte\/Boncompagni &#8211; 4:e h\u00e5llplatsen) och g\u00e5 sedan 400 meter f\u00f6r att n\u00e5 Via Marche, eller ta tunnelbanelinje A till Piazza Barberini och g\u00e5 sedan till Via Veneto till fots eller \u00e5k med en av de \u00e5tskilliga bussarna.<br \/>\nFr\u00e5n <strong>Roms flygplats &#8221;Ciampino&#8221;<\/strong>:<br \/>\n&#8211; med privat taxi;<br \/>\n&#8211; med flygbussarna &#8221;Terravision Shuttle&#8221; och &#8221;Schiaffini Travel Shuttle&#8221; kommer du till centralstationen, Termini. D\u00e4rifr\u00e5n kan du ta en taxi eller buss 360 (Corso d&#8217;Italia &#8211; 5:e h\u00e5llplatsen) eller buss 910 (Via Piemonte\/Boncompagni &#8211; 4:e h\u00e5llplatsen) och g\u00e5 sedan 400 meter f\u00f6r att n\u00e5 Via Marche, eller ta tunnelbanelinje A till Piazza Barberini och g\u00e5 sedan till Via Veneto till fots eller \u00e5k med en av de \u00e5tskilliga bussarna.<\/p>\n<p><strong>Med bil<\/strong><br \/>\nFr\u00e5n motorv\u00e4gen tar du ringv\u00e4gen G.R.A., Grande Raccordo Anulare, och k\u00f6r ut vid utfarten Salaria. F\u00f6lj Via Salaria i riktning mot centrum tills du kommer till Villa Borghese. Sv\u00e4ng sedan in p\u00e5 Via Pinciana och forts\u00e4tt tills du kommer till Piazzale Brasile. Vid trafikljuset ska du sv\u00e4nga till v\u00e4nster l\u00e4ngs murarna Mura Aureliane tills du kommer till Porta Pinciana. Den f\u00f6rsta tv\u00e4rgatan till v\u00e4nster \u00e4r Via Marche, d\u00e4r hotellet ligger p\u00e5 nummer 84. Du kan parkera din bil i ett garage n\u00e4ra hotellet med rabatterat pris med service som h\u00e4mtning och \u00f6verl\u00e4mning.<\/p>\n<p><strong>Med t\u00e5g<\/strong><br \/>\nFr\u00e5n centralstationen, Termini, kan du n\u00e5 Hotel Golden med en taxi eller ta offentliga transportmedel. Buss 360 (5 h\u00e5llplatser) stannar p\u00e5 Corso d\u00b4Italia, medan buss 910 stannar i korsningen mellan Via Piemonte och Via Boncompagni. I b\u00e5da fallen ska du g\u00e5 cirka 400 meter till fots f\u00f6r att n\u00e5 Via Marche, d\u00e4r hotellet ligger vid nummer 84.<br \/>\nAlternativt kan du ta tunnelbanan (linje A i riktning mot Battistini); g\u00e5 av efter 2 h\u00e5llplatser, p\u00e5 Piazza Barberini, och g\u00e5 d\u00e4refter upp l\u00e4ngs Via Veneto till fots eller \u00e5k med en av de \u00e5tskilliga bussar som stannar i n\u00e4rheten (nr. 116, 119, 95, 63, 80, 52, 53).<\/p>\n<\/div>\n<\/li>\n<\/ul>\n<p><\/div>\n<div id=\"colonna-sx\"><br \/>\n<img loading=\"lazy\" decoding=\"async\" class=\"aligncenter size-full wp-image-65\" alt=\"maria-teresa\" src=\"https:\/\/www.hotelgoldenrome.com\/wp-content\/uploads\/2013\/08\/giuseppe.jpg\" width=\"206\" height=\"206\" \/><\/p>\n<p class=\"nome\">Fr\u00e5ga<br \/><span>Giuseppe<\/span><\/p>\n<p>Att bo p\u00e5 v\u00e5rt hotell inneb\u00e4r att har du Rom till hands. Vi \u00e4r n\u00e4ra via Veneto och till tunnelbanestationen, men du kan ta dig runt till fots!<\/p>\n<p><a href=\"https:\/\/www.hotelgoldenrome.com\/wp-content\/uploads\/2013\/08\/020.jpg\" class=\"thickbox\"><img loading=\"lazy\" decoding=\"async\" src=\"https:\/\/www.hotelgoldenrome.com\/wp-content\/uploads\/2013\/08\/020-206x206.jpg\" alt=\"020\" width=\"206\" height=\"206\" \/><\/a><\/p>\n<p>L\u00e4get som <strong>Hotel Golden i Rom<\/strong> har g\u00f6r att du snabbt kan promenera till m\u00e5nga andra intressanta platser f\u00f6r kultur och <strong>shopping<\/strong> som till exempel shoppinggatan <strong>Via del Corso<\/strong>&nbsp; och <strong>Piazza Navona<\/strong>. Genom att anv\u00e4nda de offentliga transportmedlen effektivt, kan du dessutom \u00e4gna dig \u00e5t de \u00e5tskilliga monumenten fr\u00e5n kejsartiden, som <strong>Colosseum<\/strong>, kejsarfora och Domus Aurea.<\/p>\n<p>F\u00f6r att g\u00f6ra er semester \u00e4nnu behagligare, kan vi erbjuda rabatter hos en byr\u00e5 som organiserar turistguidning med <strong>rundtur i staden<\/strong> och <strong>utflykter till Roms omnejd<\/strong>.<\/p>\n<p>Vill du k\u00e4nna dig som hemma och samtidigt bo mitt ibland n\u00e5gra av Roms mest k\u00e4nda sev\u00e4rdheter: <strong>Piazza di Spagna, Fontana di Trevi, Via Veneto<\/strong> och <strong>Villa Borghese<\/strong>? D\u00e5 h\u00e4lsar vi dig v\u00e4lkommen till Hotel Golden!<\/p>\n<p><\/div>\n<p>&nbsp;<\/p>\n","protected":false},"excerpt":{"rendered":"<p class=\"nome\">Fr\u00e5ga<br \/><span>Giuseppe<\/span><\/p>\n<p>Att bo p\u00e5 v\u00e5rt hotell inneb\u00e4r att har du Rom till hands. Vi \u00e4r n\u00e4ra via Veneto och till tunnelbanestationen, men du kan ta dig runt till fots!<\/p>\n","protected":false},"author":17,"featured_media":2113,"parent":0,"menu_order":0,"comment_status":"open","ping_status":"open","template":"page-duecolonne.php","meta":{"ngg_post_thumbnail":0,"footnotes":""},"class_list":["post-389","page","type-page","status-publish","has-post-thumbnail","hentry"],"yoast_head":"<!-- This site is optimized with the Yoast SEO plugin v25.7 - https:\/\/yoast.com\/wordpress\/plugins\/seo\/ -->\n<title>Hotell i n\u00e4rheten av Villa Borghese | Hotell i Rom centrum<\/title>\n<meta name=\"description\" content=\"Ett kort stycke fr\u00e5n detta v\u00e4lkomnande hotell i Rom ligger en av stadens gr\u00f6na lungor: parken heter Villa Borghese och romarna \u00e4lskar att promenera d\u00e4r under lediga dagar.\" \/>\n<meta name=\"robots\" content=\"index, follow, max-snippet:-1, max-image-preview:large, max-video-preview:-1\" \/>\n<link rel=\"canonical\" href=\"https:\/\/www.hotelgoldenrome.com\/sv\/lage-sv\/\" \/>\n<meta property=\"og:locale\" content=\"sv_SE\" \/>\n<meta property=\"og:type\" content=\"article\" \/>\n<meta property=\"og:title\" content=\"Hotell i n\u00e4rheten av Villa Borghese | Hotell i Rom centrum\" \/>\n<meta property=\"og:description\" content=\"Ett kort stycke fr\u00e5n detta v\u00e4lkomnande hotell i Rom ligger en av stadens gr\u00f6na lungor: parken heter Villa Borghese och romarna \u00e4lskar att promenera d\u00e4r under lediga dagar.\" \/>\n<meta property=\"og:url\" content=\"https:\/\/www.hotelgoldenrome.com\/sv\/lage-sv\/\" \/>\n<meta property=\"og:site_name\" content=\"Hotel Golden\" \/>\n<meta property=\"article:modified_time\" content=\"2016-08-10T07:18:55+00:00\" \/>\n<meta property=\"og:image\" content=\"https:\/\/www.hotelgoldenrome.com\/wp-content\/uploads\/2013\/08\/giuseppe.jpg\" \/>\n\t<meta property=\"og:image:width\" content=\"206\" \/>\n\t<meta property=\"og:image:height\" content=\"206\" \/>\n\t<meta property=\"og:image:type\" content=\"image\/jpeg\" \/>\n<meta name=\"twitter:label1\" content=\"Ber\u00e4knad l\u00e4stid\" \/>\n\t<meta name=\"twitter:data1\" content=\"4 minuter\" \/>\n<script type=\"application\/ld+json\" class=\"yoast-schema-graph\">{\"@context\":\"https:\/\/schema.org\",\"@graph\":[{\"@type\":\"WebPage\",\"@id\":\"https:\/\/www.hotelgoldenrome.com\/sv\/lage-sv\/\",\"url\":\"https:\/\/www.hotelgoldenrome.com\/sv\/lage-sv\/\",\"name\":\"Hotell i n\u00e4rheten av Villa Borghese | Hotell i Rom centrum\",\"isPartOf\":{\"@id\":\"https:\/\/www.hotelgoldenrome.com\/sv\/#website\"},\"primaryImageOfPage\":{\"@id\":\"https:\/\/www.hotelgoldenrome.com\/sv\/lage-sv\/#primaryimage\"},\"image\":{\"@id\":\"https:\/\/www.hotelgoldenrome.com\/sv\/lage-sv\/#primaryimage\"},\"thumbnailUrl\":\"https:\/\/www.hotelgoldenrome.com\/wp-content\/uploads\/2013\/08\/giuseppe.jpg\",\"datePublished\":\"2013-09-27T13:23:26+00:00\",\"dateModified\":\"2016-08-10T07:18:55+00:00\",\"description\":\"Ett kort stycke fr\u00e5n detta v\u00e4lkomnande hotell i Rom ligger en av stadens gr\u00f6na lungor: parken heter Villa Borghese och romarna \u00e4lskar att promenera d\u00e4r under lediga dagar.\",\"breadcrumb\":{\"@id\":\"https:\/\/www.hotelgoldenrome.com\/sv\/lage-sv\/#breadcrumb\"},\"inLanguage\":\"sv-SE\",\"potentialAction\":[{\"@type\":\"ReadAction\",\"target\":[\"https:\/\/www.hotelgoldenrome.com\/sv\/lage-sv\/\"]}]},{\"@type\":\"ImageObject\",\"inLanguage\":\"sv-SE\",\"@id\":\"https:\/\/www.hotelgoldenrome.com\/sv\/lage-sv\/#primaryimage\",\"url\":\"https:\/\/www.hotelgoldenrome.com\/wp-content\/uploads\/2013\/08\/giuseppe.jpg\",\"contentUrl\":\"https:\/\/www.hotelgoldenrome.com\/wp-content\/uploads\/2013\/08\/giuseppe.jpg\",\"width\":206,\"height\":206},{\"@type\":\"BreadcrumbList\",\"@id\":\"https:\/\/www.hotelgoldenrome.com\/sv\/lage-sv\/#breadcrumb\",\"itemListElement\":[{\"@type\":\"ListItem\",\"position\":1,\"name\":\"Home\",\"item\":\"https:\/\/www.hotelgoldenrome.com\/sv\/\"},{\"@type\":\"ListItem\",\"position\":2,\"name\":\"L\u00e4ge\"}]},{\"@type\":\"WebSite\",\"@id\":\"https:\/\/www.hotelgoldenrome.com\/sv\/#website\",\"url\":\"https:\/\/www.hotelgoldenrome.com\/sv\/\",\"name\":\"Hotel Golden\",\"description\":\"..your Family run hotel in Rome\",\"potentialAction\":[{\"@type\":\"SearchAction\",\"target\":{\"@type\":\"EntryPoint\",\"urlTemplate\":\"https:\/\/www.hotelgoldenrome.com\/sv\/?s={search_term_string}\"},\"query-input\":{\"@type\":\"PropertyValueSpecification\",\"valueRequired\":true,\"valueName\":\"search_term_string\"}}],\"inLanguage\":\"sv-SE\"}]}<\/script>\n<!-- \/ Yoast SEO plugin. -->","yoast_head_json":{"title":"Hotell i n\u00e4rheten av Villa Borghese | Hotell i Rom centrum","description":"Ett kort stycke fr\u00e5n detta v\u00e4lkomnande hotell i Rom ligger en av stadens gr\u00f6na lungor: parken heter Villa Borghese och romarna \u00e4lskar att promenera d\u00e4r under lediga dagar.","robots":{"index":"index","follow":"follow","max-snippet":"max-snippet:-1","max-image-preview":"max-image-preview:large","max-video-preview":"max-video-preview:-1"},"canonical":"https:\/\/www.hotelgoldenrome.com\/sv\/lage-sv\/","og_locale":"sv_SE","og_type":"article","og_title":"Hotell i n\u00e4rheten av Villa Borghese | Hotell i Rom centrum","og_description":"Ett kort stycke fr\u00e5n detta v\u00e4lkomnande hotell i Rom ligger en av stadens gr\u00f6na lungor: parken heter Villa Borghese och romarna \u00e4lskar att promenera d\u00e4r under lediga dagar.","og_url":"https:\/\/www.hotelgoldenrome.com\/sv\/lage-sv\/","og_site_name":"Hotel Golden","article_modified_time":"2016-08-10T07:18:55+00:00","og_image":[{"width":206,"height":206,"url":"https:\/\/www.hotelgoldenrome.com\/wp-content\/uploads\/2013\/08\/giuseppe.jpg","type":"image\/jpeg"}],"twitter_misc":{"Ber\u00e4knad l\u00e4stid":"4 minuter"},"schema":{"@context":"https:\/\/schema.org","@graph":[{"@type":"WebPage","@id":"https:\/\/www.hotelgoldenrome.com\/sv\/lage-sv\/","url":"https:\/\/www.hotelgoldenrome.com\/sv\/lage-sv\/","name":"Hotell i n\u00e4rheten av Villa Borghese | Hotell i Rom centrum","isPartOf":{"@id":"https:\/\/www.hotelgoldenrome.com\/sv\/#website"},"primaryImageOfPage":{"@id":"https:\/\/www.hotelgoldenrome.com\/sv\/lage-sv\/#primaryimage"},"image":{"@id":"https:\/\/www.hotelgoldenrome.com\/sv\/lage-sv\/#primaryimage"},"thumbnailUrl":"https:\/\/www.hotelgoldenrome.com\/wp-content\/uploads\/2013\/08\/giuseppe.jpg","datePublished":"2013-09-27T13:23:26+00:00","dateModified":"2016-08-10T07:18:55+00:00","description":"Ett kort stycke fr\u00e5n detta v\u00e4lkomnande hotell i Rom ligger en av stadens gr\u00f6na lungor: parken heter Villa Borghese och romarna \u00e4lskar att promenera d\u00e4r under lediga dagar.","breadcrumb":{"@id":"https:\/\/www.hotelgoldenrome.com\/sv\/lage-sv\/#breadcrumb"},"inLanguage":"sv-SE","potentialAction":[{"@type":"ReadAction","target":["https:\/\/www.hotelgoldenrome.com\/sv\/lage-sv\/"]}]},{"@type":"ImageObject","inLanguage":"sv-SE","@id":"https:\/\/www.hotelgoldenrome.com\/sv\/lage-sv\/#primaryimage","url":"https:\/\/www.hotelgoldenrome.com\/wp-content\/uploads\/2013\/08\/giuseppe.jpg","contentUrl":"https:\/\/www.hotelgoldenrome.com\/wp-content\/uploads\/2013\/08\/giuseppe.jpg","width":206,"height":206},{"@type":"BreadcrumbList","@id":"https:\/\/www.hotelgoldenrome.com\/sv\/lage-sv\/#breadcrumb","itemListElement":[{"@type":"ListItem","position":1,"name":"Home","item":"https:\/\/www.hotelgoldenrome.com\/sv\/"},{"@type":"ListItem","position":2,"name":"L\u00e4ge"}]},{"@type":"WebSite","@id":"https:\/\/www.hotelgoldenrome.com\/sv\/#website","url":"https:\/\/www.hotelgoldenrome.com\/sv\/","name":"Hotel Golden","description":"..your Family run hotel in Rome","potentialAction":[{"@type":"SearchAction","target":{"@type":"EntryPoint","urlTemplate":"https:\/\/www.hotelgoldenrome.com\/sv\/?s={search_term_string}"},"query-input":{"@type":"PropertyValueSpecification","valueRequired":true,"valueName":"search_term_string"}}],"inLanguage":"sv-SE"}]}},"_links":{"self":[{"href":"https:\/\/www.hotelgoldenrome.com\/sv\/wp-json\/wp\/v2\/pages\/389","targetHints":{"allow":["GET"]}}],"collection":[{"href":"https:\/\/www.hotelgoldenrome.com\/sv\/wp-json\/wp\/v2\/pages"}],"about":[{"href":"https:\/\/www.hotelgoldenrome.com\/sv\/wp-json\/wp\/v2\/types\/page"}],"author":[{"embeddable":true,"href":"https:\/\/www.hotelgoldenrome.com\/sv\/wp-json\/wp\/v2\/users\/17"}],"replies":[{"embeddable":true,"href":"https:\/\/www.hotelgoldenrome.com\/sv\/wp-json\/wp\/v2\/comments?post=389"}],"version-history":[{"count":12,"href":"https:\/\/www.hotelgoldenrome.com\/sv\/wp-json\/wp\/v2\/pages\/389\/revisions"}],"predecessor-version":[{"id":2124,"href":"https:\/\/www.hotelgoldenrome.com\/sv\/wp-json\/wp\/v2\/pages\/389\/revisions\/2124"}],"wp:featuredmedia":[{"embeddable":true,"href":"https:\/\/www.hotelgoldenrome.com\/sv\/wp-json\/wp\/v2\/media\/2113"}],"wp:attachment":[{"href":"https:\/\/www.hotelgoldenrome.com\/sv\/wp-json\/wp\/v2\/media?parent=389"}],"curies":[{"name":"wp","href":"https:\/\/api.w.org\/{rel}","templated":true}]}}