{"id":446,"date":"2013-09-30T09:37:14","date_gmt":"2013-09-30T09:37:14","guid":{"rendered":"https:\/\/www.hotelgoldenrome.com\/?page_id=446"},"modified":"2014-08-01T10:58:54","modified_gmt":"2014-08-01T10:58:54","slug":"beskrivning","status":"publish","type":"page","link":"https:\/\/www.hotelgoldenrome.com\/sv\/beskrivning\/","title":{"rendered":"Beskrivning"},"content":{"rendered":"<div id=\"colonna-dx\"><\/p>\n<h1>Billigt hotell med frukost och gratis wi-fi<\/h1>\n<p>Budgethotell med gratis wi-fi,\u00a0\u2019Hotel Golden i Rom \u00e4r bel\u00e4get i den gamla\u00a0stadsdelen\u00e0, n\u00e4ra den vackra parken Villa Borghese,\u00a0\u2019i en elegant byggnad fr\u00e5n\u00a0sent artonhundratal, restaurerat att\u00a0beh\u00e5lla den ursprungliga strukturen.  <\/p>\n<p>Hotellet\u00a0har utformats f\u00f6r att garantera maximal avkoppling f\u00f6r sina g\u00e4ster, tack vare gemensamma utrymmen inredda med m\u00f6bler i k\u00f6rsb\u00e4rstr\u00e4 och arbetade gipsdetaljer i vackra\u00a0nyanser\u00e0\u00a0av gult.  <\/p>\n<p>V\u00e4lkomnande r\u00f6kfritt hotell i Rom,\u2019Hotel Golden har en\u2019sakkunnig ledning av en familj som alltid varit uppskattad f\u00f6r sin v\u00e4nlighet\u00e0 och tillg\u00e4nglighet\u00e0. <\/p>\n<p>Varje detalj \u00e4r utt\u00e4nkt f\u00f6r att g\u00f6ra din vistelse <strong>behaglig <\/strong>och<strong> rolig<\/strong>. S\u00e5dan \u00e4r atmosf\u00e4ren p\u00e5 v\u00e5rt hotell. Varje morgon serverar vi <strong><a title=\"Hotel Golden Roma\" target=\"_blank\" href=\"https:\/\/www.hotelgoldenrome.com\/wp-content\/uploads\/2013\/08\/colazione.jpg\" class=\"thickbox\" rel=\"hotelgoldenrome\">frukosten<\/a><\/strong> p\u00e5 den vackra verandan som \u00e4r fylld med ljus tack vare ett stort panoramaf\u00f6nster: v\u00e5ra g\u00e4ster kan b\u00f6rja dagen p\u00e5 b\u00e4sta s\u00e4tt med hembakade <strong>kakor och hembakade croissanter<\/strong>, flingor och flera olika sorters yoghurt, ett stort urval av fruktjuicer och varma drycker och \u00e4ven n\u00e5gra v\u00e4lsmakande specialiteter som ostar och kallskuret, fruktsallad, frittate omeletter som mamma snabbt f\u00f6rbereder \u00e5t dig (ocks\u00e5 p\u00e5 beg\u00e4ran), f\u00e4rskt br\u00f6d, rostat br\u00f6d, franska toast och l\u00e4ckra pannkakor&#8230; en riklig frukost som hemma. <\/p>\n<p>F\u00f6r att erbjuda ytterligare tj\u00e4nster \u00e5t v\u00e5ra g\u00e4ster, har vi tecknat ett <strong>rabattavtal<\/strong> med <strong>turistguider<\/strong> som kan ledsaga dig p\u00e5 din uppt\u00e4ckt av Rom och dess underbart vackra omgivningar.<\/p>\n<p><!-- index.php -->\n<div\n\tclass=\"ngg-galleryoverview ngg-ajax-pagination-none\"\n\tid=\"ngg-gallery-3e5f3620680cf1f0632dce7624b5559f-1\">\n\n    \t\t<!-- Thumbnails -->\n\t\t\t\t<div id=\"ngg-image-0\" class=\"ngg-gallery-thumbnail-box\" >\n\t\t\t\t        <div class=\"ngg-gallery-thumbnail\">\n            <a href=\"https:\/\/www.hotelgoldenrome.com\/wp-content\/galleries\/servizi\/002.jpg\"\n               title=\"\"\n               data-src=\"https:\/\/www.hotelgoldenrome.com\/wp-content\/galleries\/servizi\/002.jpg\"\n               data-thumbnail=\"https:\/\/www.hotelgoldenrome.com\/wp-content\/galleries\/servizi\/thumbs\/thumbs_002.jpg\"\n               data-image-id=\"92\"\n               data-title=\"002-jpg\"\n               data-description=\"\"\n               data-image-slug=\"002-jpg\"\n               class=\"ngg-fancybox\" rel=\"3e5f3620680cf1f0632dce7624b5559f\">\n                <img\n                    title=\"002-jpg\"\n                    alt=\"002-jpg\"\n                    src=\"https:\/\/www.hotelgoldenrome.com\/wp-content\/galleries\/servizi\/thumbs\/thumbs_002.jpg\"\n                    width=\"150\"\n                    height=\"150\"\n                    style=\"max-width:100%;\"\n                \/>\n            <\/a>\n        <\/div>\n\t\t\t\t\t\t\t<\/div> \n\t\t\t\n        \n\t\t\t\t<div id=\"ngg-image-1\" class=\"ngg-gallery-thumbnail-box\" >\n\t\t\t\t        <div class=\"ngg-gallery-thumbnail\">\n            <a href=\"https:\/\/www.hotelgoldenrome.com\/wp-content\/galleries\/servizi\/053.jpg\"\n               title=\"\"\n               data-src=\"https:\/\/www.hotelgoldenrome.com\/wp-content\/galleries\/servizi\/053.jpg\"\n               data-thumbnail=\"https:\/\/www.hotelgoldenrome.com\/wp-content\/galleries\/servizi\/thumbs\/thumbs_053.jpg\"\n               data-image-id=\"93\"\n               data-title=\"053-jpg\"\n               data-description=\"\"\n               data-image-slug=\"053-jpg\"\n               class=\"ngg-fancybox\" rel=\"3e5f3620680cf1f0632dce7624b5559f\">\n                <img\n                    title=\"053-jpg\"\n                    alt=\"053-jpg\"\n                    src=\"https:\/\/www.hotelgoldenrome.com\/wp-content\/galleries\/servizi\/thumbs\/thumbs_053.jpg\"\n                    width=\"150\"\n                    height=\"150\"\n                    style=\"max-width:100%;\"\n                \/>\n            <\/a>\n        <\/div>\n\t\t\t\t\t\t\t<\/div> \n\t\t\t\n        \n\t\t\t\t<div id=\"ngg-image-2\" class=\"ngg-gallery-thumbnail-box\" >\n\t\t\t\t        <div class=\"ngg-gallery-thumbnail\">\n            <a href=\"https:\/\/www.hotelgoldenrome.com\/wp-content\/galleries\/servizi\/066.jpg\"\n               title=\"\"\n               data-src=\"https:\/\/www.hotelgoldenrome.com\/wp-content\/galleries\/servizi\/066.jpg\"\n               data-thumbnail=\"https:\/\/www.hotelgoldenrome.com\/wp-content\/galleries\/servizi\/thumbs\/thumbs_066.jpg\"\n               data-image-id=\"94\"\n               data-title=\"066-jpg\"\n               data-description=\"\"\n               data-image-slug=\"066-jpg\"\n               class=\"ngg-fancybox\" rel=\"3e5f3620680cf1f0632dce7624b5559f\">\n                <img\n                    title=\"066-jpg\"\n                    alt=\"066-jpg\"\n                    src=\"https:\/\/www.hotelgoldenrome.com\/wp-content\/galleries\/servizi\/thumbs\/thumbs_066.jpg\"\n                    width=\"150\"\n                    height=\"150\"\n                    style=\"max-width:100%;\"\n                \/>\n            <\/a>\n        <\/div>\n\t\t\t\t\t\t\t<\/div> \n\t\t\t\n        \n\t\t\t\t<div id=\"ngg-image-3\" class=\"ngg-gallery-thumbnail-box\" >\n\t\t\t\t        <div class=\"ngg-gallery-thumbnail\">\n            <a href=\"https:\/\/www.hotelgoldenrome.com\/wp-content\/galleries\/servizi\/g12_b.jpg\"\n               title=\"\"\n               data-src=\"https:\/\/www.hotelgoldenrome.com\/wp-content\/galleries\/servizi\/g12_b.jpg\"\n               data-thumbnail=\"https:\/\/www.hotelgoldenrome.com\/wp-content\/galleries\/servizi\/thumbs\/thumbs_g12_b.jpg\"\n               data-image-id=\"51\"\n               data-title=\"g12_b-jpg\"\n               data-description=\"\"\n               data-image-slug=\"g12_b-jpg-1\"\n               class=\"ngg-fancybox\" rel=\"3e5f3620680cf1f0632dce7624b5559f\">\n                <img\n                    title=\"g12_b-jpg\"\n                    alt=\"g12_b-jpg\"\n                    src=\"https:\/\/www.hotelgoldenrome.com\/wp-content\/galleries\/servizi\/thumbs\/thumbs_g12_b.jpg\"\n                    width=\"150\"\n                    height=\"150\"\n                    style=\"max-width:100%;\"\n                \/>\n            <\/a>\n        <\/div>\n\t\t\t\t\t\t\t<\/div> \n\t\t\t\n        \n\t\t\n\t\t<!-- Pagination -->\n\t<div class='ngg-clear'><\/div>\t<\/div>\n<\/p>\n<h2>Tj\u00e4nster<\/h2>\n<p>Bland de \u00e5tskilliga tj\u00e4nster som vi st\u00e4ller till v\u00e5ra g\u00e4sters f\u00f6rfogande, vill vi understryka f\u00f6ljande:<\/p>\n<ul>\n<li>&#8211; h\u00e4mtning fr\u00e5n flygplatsen och ska best\u00e4llas vid bokningen av rummet<\/li>\n<li>&#8211; garage med rabatterat pris som ligger n\u00e4ra hotellet och som erbjuder en service f\u00f6r h\u00e4mtning och leverans<\/li>\n<li>&#8211; Internet Point<\/li>\n<li>&#8211; wi-fi-anslutning p\u00e5 hela hotellet<\/li>\n<li>&#8211; rumservice<\/li>\n<li>&#8211; TV med Pay per View \/ Sky<\/li>\n<li>&#8211; Gratis dagstidningar<\/li>\n<li>&#8211; Bagagedeponering<\/li>\n<li>&#8211; Tidig incheckning<\/li>\n<li>&#8211; Hiss<\/li>\n<li>&#8211; Tv\u00e4ttmaskin med polettfunktion<\/li>\n<\/ul>\n<p>Vid ankomsten f\u00e5r du en <strong>detaljerad karta<\/strong> d\u00e4r hotellets l\u00e4ge indikeras tillsammans med huvudattraktionerna, medan du i v\u00e5r <strong>reception som \u00e4r \u00f6ppen dygnet runt<\/strong> har tillg\u00e5ng till en mycket anv\u00e4ndbar <strong>info point <\/strong>med m\u00f6jlighet att boka intr\u00e4de till vilken utst\u00e4llning som  helst i staden. Dessutom st\u00e5r vi till ditt fulla f\u00f6rfogande f\u00f6r att rekommendera restauranger och de b\u00e4sta trattoriorna som vi sj\u00e4lva v\u00e4ljer f\u00f6r att avnjuta det typiska romerska k\u00f6ket.<\/p>\n<p><\/div>\n<div id=\"colonna-sx\"><br \/>\n<img loading=\"lazy\" decoding=\"async\" src=\"https:\/\/www.hotelgoldenrome.com\/wp-content\/uploads\/2013\/08\/alina.jpg\" alt=\"alina\" width=\"206\" height=\"206\" class=\"alignnone size-full wp-image-167\" \/><\/p>\n<p class=\"nome\">Fr\u00e5ga<br \/><span>Alina<\/span><\/p>\n<p>Vi \u00e4r bara ett stenkast fr\u00e5n Villa Borghese, i ett vackert palats fr\u00e5n sent \u20181800-tal med en varm och v\u00e4lkomnande atmosf\u00e4r. V\u00e5r hemlagade frukost \u00e8 \u00e4r n\u00e5got unikt! <\/p>\n<div class=\"box\">\n<p>F\u00f6r en hotellvistelse utan kablar och passiv r\u00f6kning! P\u00e5 Hotel Golden i Roma finner du en ren milj\u00f6 som \u00e4r <strong>r\u00f6kfri<\/strong> och \u00e4r man erbjuder <strong>Wi-fi<\/strong>: denna Internetanslutning \u00e4r en <strong>gratis<\/strong> service som detta <strong>r\u00f6kfria <\/strong><strong> hotell <\/strong>i<strong> Roms <\/strong><strong>centrum<\/strong> erbjuder sina g\u00e4ster i de eleganta och v\u00e4lkomnande rummen och gemensamma utrymmena.<\/p>\n<\/div>\n<p><\/div>\n<p>&nbsp;<\/p>\n","protected":false},"excerpt":{"rendered":"<p>&nbsp;<\/p>\n","protected":false},"author":17,"featured_media":0,"parent":0,"menu_order":0,"comment_status":"open","ping_status":"open","template":"page-duecolonne.php","meta":{"ngg_post_thumbnail":0,"footnotes":""},"class_list":["post-446","page","type-page","status-publish","hentry"],"yoast_head":"<!-- This site is optimized with the Yoast SEO plugin v25.7 - https:\/\/yoast.com\/wordpress\/plugins\/seo\/ -->\n<title>Budgethotell i Rom centrum | R\u00f6kfritt hotell Rom<\/title>\n<meta name=\"description\" content=\"Hotell Golden erbjuder f\u00f6rutom ett \u00f6verkomligt pris p\u00e5 uppeh\u00e4lle och gratis wi-fi, en rik frukost som mamma Teresa f\u00f6rbereder precis innan servering, enbart utav f\u00e4rskvaror.\" \/>\n<meta name=\"robots\" content=\"index, follow, max-snippet:-1, max-image-preview:large, max-video-preview:-1\" \/>\n<link rel=\"canonical\" href=\"https:\/\/www.hotelgoldenrome.com\/sv\/beskrivning\/\" \/>\n<meta property=\"og:locale\" content=\"sv_SE\" \/>\n<meta property=\"og:type\" content=\"article\" \/>\n<meta property=\"og:title\" content=\"Budgethotell i Rom centrum | R\u00f6kfritt hotell Rom\" \/>\n<meta property=\"og:description\" content=\"Hotell Golden erbjuder f\u00f6rutom ett \u00f6verkomligt pris p\u00e5 uppeh\u00e4lle och gratis wi-fi, en rik frukost som mamma Teresa f\u00f6rbereder precis innan servering, enbart utav f\u00e4rskvaror.\" \/>\n<meta property=\"og:url\" content=\"https:\/\/www.hotelgoldenrome.com\/sv\/beskrivning\/\" \/>\n<meta property=\"og:site_name\" content=\"Hotel Golden\" \/>\n<meta property=\"article:modified_time\" content=\"2014-08-01T10:58:54+00:00\" \/>\n<meta property=\"og:image\" content=\"https:\/\/www.hotelgoldenrome.com\/wp-content\/uploads\/2013\/08\/alina.jpg\" \/>\n<meta name=\"twitter:label1\" content=\"Ber\u00e4knad l\u00e4stid\" \/>\n\t<meta name=\"twitter:data1\" content=\"3 minuter\" \/>\n<script type=\"application\/ld+json\" class=\"yoast-schema-graph\">{\"@context\":\"https:\/\/schema.org\",\"@graph\":[{\"@type\":\"WebPage\",\"@id\":\"https:\/\/www.hotelgoldenrome.com\/sv\/beskrivning\/\",\"url\":\"https:\/\/www.hotelgoldenrome.com\/sv\/beskrivning\/\",\"name\":\"Budgethotell i Rom centrum | R\u00f6kfritt hotell Rom\",\"isPartOf\":{\"@id\":\"https:\/\/www.hotelgoldenrome.com\/sv\/#website\"},\"primaryImageOfPage\":{\"@id\":\"https:\/\/www.hotelgoldenrome.com\/sv\/beskrivning\/#primaryimage\"},\"image\":{\"@id\":\"https:\/\/www.hotelgoldenrome.com\/sv\/beskrivning\/#primaryimage\"},\"thumbnailUrl\":\"https:\/\/www.hotelgoldenrome.com\/wp-content\/uploads\/2013\/08\/alina.jpg\",\"datePublished\":\"2013-09-30T09:37:14+00:00\",\"dateModified\":\"2014-08-01T10:58:54+00:00\",\"description\":\"Hotell Golden erbjuder f\u00f6rutom ett \u00f6verkomligt pris p\u00e5 uppeh\u00e4lle och gratis wi-fi, en rik frukost som mamma Teresa f\u00f6rbereder precis innan servering, enbart utav f\u00e4rskvaror.\",\"breadcrumb\":{\"@id\":\"https:\/\/www.hotelgoldenrome.com\/sv\/beskrivning\/#breadcrumb\"},\"inLanguage\":\"sv-SE\",\"potentialAction\":[{\"@type\":\"ReadAction\",\"target\":[\"https:\/\/www.hotelgoldenrome.com\/sv\/beskrivning\/\"]}]},{\"@type\":\"ImageObject\",\"inLanguage\":\"sv-SE\",\"@id\":\"https:\/\/www.hotelgoldenrome.com\/sv\/beskrivning\/#primaryimage\",\"url\":\"https:\/\/www.hotelgoldenrome.com\/wp-content\/uploads\/2013\/08\/alina.jpg\",\"contentUrl\":\"https:\/\/www.hotelgoldenrome.com\/wp-content\/uploads\/2013\/08\/alina.jpg\"},{\"@type\":\"BreadcrumbList\",\"@id\":\"https:\/\/www.hotelgoldenrome.com\/sv\/beskrivning\/#breadcrumb\",\"itemListElement\":[{\"@type\":\"ListItem\",\"position\":1,\"name\":\"Home\",\"item\":\"https:\/\/www.hotelgoldenrome.com\/sv\/\"},{\"@type\":\"ListItem\",\"position\":2,\"name\":\"Beskrivning\"}]},{\"@type\":\"WebSite\",\"@id\":\"https:\/\/www.hotelgoldenrome.com\/sv\/#website\",\"url\":\"https:\/\/www.hotelgoldenrome.com\/sv\/\",\"name\":\"Hotel Golden\",\"description\":\"..your Family run hotel in Rome\",\"potentialAction\":[{\"@type\":\"SearchAction\",\"target\":{\"@type\":\"EntryPoint\",\"urlTemplate\":\"https:\/\/www.hotelgoldenrome.com\/sv\/?s={search_term_string}\"},\"query-input\":{\"@type\":\"PropertyValueSpecification\",\"valueRequired\":true,\"valueName\":\"search_term_string\"}}],\"inLanguage\":\"sv-SE\"}]}<\/script>\n<!-- \/ Yoast SEO plugin. -->","yoast_head_json":{"title":"Budgethotell i Rom centrum | R\u00f6kfritt hotell Rom","description":"Hotell Golden erbjuder f\u00f6rutom ett \u00f6verkomligt pris p\u00e5 uppeh\u00e4lle och gratis wi-fi, en rik frukost som mamma Teresa f\u00f6rbereder precis innan servering, enbart utav f\u00e4rskvaror.","robots":{"index":"index","follow":"follow","max-snippet":"max-snippet:-1","max-image-preview":"max-image-preview:large","max-video-preview":"max-video-preview:-1"},"canonical":"https:\/\/www.hotelgoldenrome.com\/sv\/beskrivning\/","og_locale":"sv_SE","og_type":"article","og_title":"Budgethotell i Rom centrum | R\u00f6kfritt hotell Rom","og_description":"Hotell Golden erbjuder f\u00f6rutom ett \u00f6verkomligt pris p\u00e5 uppeh\u00e4lle och gratis wi-fi, en rik frukost som mamma Teresa f\u00f6rbereder precis innan servering, enbart utav f\u00e4rskvaror.","og_url":"https:\/\/www.hotelgoldenrome.com\/sv\/beskrivning\/","og_site_name":"Hotel Golden","article_modified_time":"2014-08-01T10:58:54+00:00","og_image":[{"url":"https:\/\/www.hotelgoldenrome.com\/wp-content\/uploads\/2013\/08\/alina.jpg","type":"","width":"","height":""}],"twitter_misc":{"Ber\u00e4knad l\u00e4stid":"3 minuter"},"schema":{"@context":"https:\/\/schema.org","@graph":[{"@type":"WebPage","@id":"https:\/\/www.hotelgoldenrome.com\/sv\/beskrivning\/","url":"https:\/\/www.hotelgoldenrome.com\/sv\/beskrivning\/","name":"Budgethotell i Rom centrum | R\u00f6kfritt hotell Rom","isPartOf":{"@id":"https:\/\/www.hotelgoldenrome.com\/sv\/#website"},"primaryImageOfPage":{"@id":"https:\/\/www.hotelgoldenrome.com\/sv\/beskrivning\/#primaryimage"},"image":{"@id":"https:\/\/www.hotelgoldenrome.com\/sv\/beskrivning\/#primaryimage"},"thumbnailUrl":"https:\/\/www.hotelgoldenrome.com\/wp-content\/uploads\/2013\/08\/alina.jpg","datePublished":"2013-09-30T09:37:14+00:00","dateModified":"2014-08-01T10:58:54+00:00","description":"Hotell Golden erbjuder f\u00f6rutom ett \u00f6verkomligt pris p\u00e5 uppeh\u00e4lle och gratis wi-fi, en rik frukost som mamma Teresa f\u00f6rbereder precis innan servering, enbart utav f\u00e4rskvaror.","breadcrumb":{"@id":"https:\/\/www.hotelgoldenrome.com\/sv\/beskrivning\/#breadcrumb"},"inLanguage":"sv-SE","potentialAction":[{"@type":"ReadAction","target":["https:\/\/www.hotelgoldenrome.com\/sv\/beskrivning\/"]}]},{"@type":"ImageObject","inLanguage":"sv-SE","@id":"https:\/\/www.hotelgoldenrome.com\/sv\/beskrivning\/#primaryimage","url":"https:\/\/www.hotelgoldenrome.com\/wp-content\/uploads\/2013\/08\/alina.jpg","contentUrl":"https:\/\/www.hotelgoldenrome.com\/wp-content\/uploads\/2013\/08\/alina.jpg"},{"@type":"BreadcrumbList","@id":"https:\/\/www.hotelgoldenrome.com\/sv\/beskrivning\/#breadcrumb","itemListElement":[{"@type":"ListItem","position":1,"name":"Home","item":"https:\/\/www.hotelgoldenrome.com\/sv\/"},{"@type":"ListItem","position":2,"name":"Beskrivning"}]},{"@type":"WebSite","@id":"https:\/\/www.hotelgoldenrome.com\/sv\/#website","url":"https:\/\/www.hotelgoldenrome.com\/sv\/","name":"Hotel Golden","description":"..your Family run hotel in Rome","potentialAction":[{"@type":"SearchAction","target":{"@type":"EntryPoint","urlTemplate":"https:\/\/www.hotelgoldenrome.com\/sv\/?s={search_term_string}"},"query-input":{"@type":"PropertyValueSpecification","valueRequired":true,"valueName":"search_term_string"}}],"inLanguage":"sv-SE"}]}},"_links":{"self":[{"href":"https:\/\/www.hotelgoldenrome.com\/sv\/wp-json\/wp\/v2\/pages\/446","targetHints":{"allow":["GET"]}}],"collection":[{"href":"https:\/\/www.hotelgoldenrome.com\/sv\/wp-json\/wp\/v2\/pages"}],"about":[{"href":"https:\/\/www.hotelgoldenrome.com\/sv\/wp-json\/wp\/v2\/types\/page"}],"author":[{"embeddable":true,"href":"https:\/\/www.hotelgoldenrome.com\/sv\/wp-json\/wp\/v2\/users\/17"}],"replies":[{"embeddable":true,"href":"https:\/\/www.hotelgoldenrome.com\/sv\/wp-json\/wp\/v2\/comments?post=446"}],"version-history":[{"count":4,"href":"https:\/\/www.hotelgoldenrome.com\/sv\/wp-json\/wp\/v2\/pages\/446\/revisions"}],"predecessor-version":[{"id":1985,"href":"https:\/\/www.hotelgoldenrome.com\/sv\/wp-json\/wp\/v2\/pages\/446\/revisions\/1985"}],"wp:attachment":[{"href":"https:\/\/www.hotelgoldenrome.com\/sv\/wp-json\/wp\/v2\/media?parent=446"}],"curies":[{"name":"wp","href":"https:\/\/api.w.org\/{rel}","templated":true}]}}