{"id":488,"date":"2013-09-30T10:25:08","date_gmt":"2013-09-30T10:25:08","guid":{"rendered":"https:\/\/www.hotelgoldenrome.com\/?page_id=488"},"modified":"2014-08-01T08:44:33","modified_gmt":"2014-08-01T08:44:33","slug":"family-hotel-suites-sv","status":"publish","type":"page","link":"https:\/\/www.hotelgoldenrome.com\/sv\/family-hotel-suites-sv\/","title":{"rendered":"Family Hotel Suites"},"content":{"rendered":"<div id=\"colonna-dx\"><\/p>\n<h1>Familjehotell n\u00e4ra Fontana di Trevi<\/h1>\n<p>F\u00f6rutom bekv\u00e4ma familjerum,\u00a0\u2019Golden Hotel erbjuder rymliga familjesviter i Roms centrum, perfekt f\u00f6r en exklusiv semester med din familj, i en milj\u00f6 med tv\u00e5 sovrum, vardagsrum och privat lounge f\u00f6r frukost. <\/p>\n<p>Den h\u00f6ga i tak och stora f\u00f6nster som pr\u00e4glar familjerummen p\u00e5\u2019Hotel Golden Rom ger ljus och luftighet\u00e0\u00a0p\u00e5 sina 90 kvadratmeter, inredda med uppm\u00e4rksamhet p\u00e5 varje detalj, alla bekv\u00e4mligheter, och sina mjuka dubbels\u00e4ngar.<\/p>\n<p><!-- index.php -->\n<div\n\tclass=\"ngg-galleryoverview ngg-ajax-pagination-none\"\n\tid=\"ngg-gallery-92749ae657377e0021ca8b122b34a9a3-1\">\n\n    \t\t<!-- Thumbnails -->\n\t\t\t\t<div id=\"ngg-image-0\" class=\"ngg-gallery-thumbnail-box\" >\n\t\t\t\t        <div class=\"ngg-gallery-thumbnail\">\n            <a href=\"https:\/\/www.hotelgoldenrome.com\/wp-content\/galleries\/suitefamily\/004.jpg\"\n               title=\"\"\n               data-src=\"https:\/\/www.hotelgoldenrome.com\/wp-content\/galleries\/suitefamily\/004.jpg\"\n               data-thumbnail=\"https:\/\/www.hotelgoldenrome.com\/wp-content\/galleries\/suitefamily\/thumbs\/thumbs_004.jpg\"\n               data-image-id=\"103\"\n               data-title=\"004-jpg\"\n               data-description=\"\"\n               data-image-slug=\"004-jpg\"\n               class=\"ngg-fancybox\" rel=\"92749ae657377e0021ca8b122b34a9a3\">\n                <img\n                    title=\"004-jpg\"\n                    alt=\"004-jpg\"\n                    src=\"https:\/\/www.hotelgoldenrome.com\/wp-content\/galleries\/suitefamily\/thumbs\/thumbs_004.jpg\"\n                    width=\"150\"\n                    height=\"150\"\n                    style=\"max-width:100%;\"\n                \/>\n            <\/a>\n        <\/div>\n\t\t\t\t\t\t\t<\/div> \n\t\t\t\n        \n\t\t\t\t<div id=\"ngg-image-1\" class=\"ngg-gallery-thumbnail-box\" >\n\t\t\t\t        <div class=\"ngg-gallery-thumbnail\">\n            <a href=\"https:\/\/www.hotelgoldenrome.com\/wp-content\/galleries\/suitefamily\/005.jpg\"\n               title=\"\"\n               data-src=\"https:\/\/www.hotelgoldenrome.com\/wp-content\/galleries\/suitefamily\/005.jpg\"\n               data-thumbnail=\"https:\/\/www.hotelgoldenrome.com\/wp-content\/galleries\/suitefamily\/thumbs\/thumbs_005.jpg\"\n               data-image-id=\"104\"\n               data-title=\"005-jpg\"\n               data-description=\"\"\n               data-image-slug=\"005-jpg\"\n               class=\"ngg-fancybox\" rel=\"92749ae657377e0021ca8b122b34a9a3\">\n                <img\n                    title=\"005-jpg\"\n                    alt=\"005-jpg\"\n                    src=\"https:\/\/www.hotelgoldenrome.com\/wp-content\/galleries\/suitefamily\/thumbs\/thumbs_005.jpg\"\n                    width=\"150\"\n                    height=\"150\"\n                    style=\"max-width:100%;\"\n                \/>\n            <\/a>\n        <\/div>\n\t\t\t\t\t\t\t<\/div> \n\t\t\t\n        \n\t\t\t\t<div id=\"ngg-image-2\" class=\"ngg-gallery-thumbnail-box\" >\n\t\t\t\t        <div class=\"ngg-gallery-thumbnail\">\n            <a href=\"https:\/\/www.hotelgoldenrome.com\/wp-content\/galleries\/suitefamily\/013.jpg\"\n               title=\"\"\n               data-src=\"https:\/\/www.hotelgoldenrome.com\/wp-content\/galleries\/suitefamily\/013.jpg\"\n               data-thumbnail=\"https:\/\/www.hotelgoldenrome.com\/wp-content\/galleries\/suitefamily\/thumbs\/thumbs_013.jpg\"\n               data-image-id=\"105\"\n               data-title=\"013-jpg\"\n               data-description=\"\"\n               data-image-slug=\"013-jpg\"\n               class=\"ngg-fancybox\" rel=\"92749ae657377e0021ca8b122b34a9a3\">\n                <img\n                    title=\"013-jpg\"\n                    alt=\"013-jpg\"\n                    src=\"https:\/\/www.hotelgoldenrome.com\/wp-content\/galleries\/suitefamily\/thumbs\/thumbs_013.jpg\"\n                    width=\"150\"\n                    height=\"150\"\n                    style=\"max-width:100%;\"\n                \/>\n            <\/a>\n        <\/div>\n\t\t\t\t\t\t\t<\/div> \n\t\t\t\n        \n\t\t\t\t<div id=\"ngg-image-3\" class=\"ngg-gallery-thumbnail-box\" >\n\t\t\t\t        <div class=\"ngg-gallery-thumbnail\">\n            <a href=\"https:\/\/www.hotelgoldenrome.com\/wp-content\/galleries\/suitefamily\/016.jpg\"\n               title=\"\"\n               data-src=\"https:\/\/www.hotelgoldenrome.com\/wp-content\/galleries\/suitefamily\/016.jpg\"\n               data-thumbnail=\"https:\/\/www.hotelgoldenrome.com\/wp-content\/galleries\/suitefamily\/thumbs\/thumbs_016.jpg\"\n               data-image-id=\"106\"\n               data-title=\"016-jpg\"\n               data-description=\"\"\n               data-image-slug=\"016-jpg\"\n               class=\"ngg-fancybox\" rel=\"92749ae657377e0021ca8b122b34a9a3\">\n                <img\n                    title=\"016-jpg\"\n                    alt=\"016-jpg\"\n                    src=\"https:\/\/www.hotelgoldenrome.com\/wp-content\/galleries\/suitefamily\/thumbs\/thumbs_016.jpg\"\n                    width=\"150\"\n                    height=\"150\"\n                    style=\"max-width:100%;\"\n                \/>\n            <\/a>\n        <\/div>\n\t\t\t\t\t\t\t<\/div> \n\t\t\t\n        \n\t\t\t\t<div id=\"ngg-image-4\" class=\"ngg-gallery-thumbnail-box\" >\n\t\t\t\t        <div class=\"ngg-gallery-thumbnail\">\n            <a href=\"https:\/\/www.hotelgoldenrome.com\/wp-content\/galleries\/suitefamily\/017.jpg\"\n               title=\"\"\n               data-src=\"https:\/\/www.hotelgoldenrome.com\/wp-content\/galleries\/suitefamily\/017.jpg\"\n               data-thumbnail=\"https:\/\/www.hotelgoldenrome.com\/wp-content\/galleries\/suitefamily\/thumbs\/thumbs_017.jpg\"\n               data-image-id=\"107\"\n               data-title=\"017-jpg\"\n               data-description=\"\"\n               data-image-slug=\"017-jpg\"\n               class=\"ngg-fancybox\" rel=\"92749ae657377e0021ca8b122b34a9a3\">\n                <img\n                    title=\"017-jpg\"\n                    alt=\"017-jpg\"\n                    src=\"https:\/\/www.hotelgoldenrome.com\/wp-content\/galleries\/suitefamily\/thumbs\/thumbs_017.jpg\"\n                    width=\"150\"\n                    height=\"150\"\n                    style=\"max-width:100%;\"\n                \/>\n            <\/a>\n        <\/div>\n\t\t\t\t\t\t\t<\/div> \n\t\t\t\n        \n\t\t\t\t<div id=\"ngg-image-5\" class=\"ngg-gallery-thumbnail-box\" >\n\t\t\t\t        <div class=\"ngg-gallery-thumbnail\">\n            <a href=\"https:\/\/www.hotelgoldenrome.com\/wp-content\/galleries\/suitefamily\/091.jpg\"\n               title=\"\"\n               data-src=\"https:\/\/www.hotelgoldenrome.com\/wp-content\/galleries\/suitefamily\/091.jpg\"\n               data-thumbnail=\"https:\/\/www.hotelgoldenrome.com\/wp-content\/galleries\/suitefamily\/thumbs\/thumbs_091.jpg\"\n               data-image-id=\"110\"\n               data-title=\"091-jpg\"\n               data-description=\"\"\n               data-image-slug=\"091-jpg\"\n               class=\"ngg-fancybox\" rel=\"92749ae657377e0021ca8b122b34a9a3\">\n                <img\n                    title=\"091-jpg\"\n                    alt=\"091-jpg\"\n                    src=\"https:\/\/www.hotelgoldenrome.com\/wp-content\/galleries\/suitefamily\/thumbs\/thumbs_091.jpg\"\n                    width=\"150\"\n                    height=\"150\"\n                    style=\"max-width:100%;\"\n                \/>\n            <\/a>\n        <\/div>\n\t\t\t\t\t\t\t<\/div> \n\t\t\t\n        \n\t\t\t\t<div id=\"ngg-image-6\" class=\"ngg-gallery-thumbnail-box\" >\n\t\t\t\t        <div class=\"ngg-gallery-thumbnail\">\n            <a href=\"https:\/\/www.hotelgoldenrome.com\/wp-content\/galleries\/suitefamily\/084.jpg\"\n               title=\"\"\n               data-src=\"https:\/\/www.hotelgoldenrome.com\/wp-content\/galleries\/suitefamily\/084.jpg\"\n               data-thumbnail=\"https:\/\/www.hotelgoldenrome.com\/wp-content\/galleries\/suitefamily\/thumbs\/thumbs_084.jpg\"\n               data-image-id=\"108\"\n               data-title=\"084-jpg\"\n               data-description=\"\"\n               data-image-slug=\"084-jpg\"\n               class=\"ngg-fancybox\" rel=\"92749ae657377e0021ca8b122b34a9a3\">\n                <img\n                    title=\"084-jpg\"\n                    alt=\"084-jpg\"\n                    src=\"https:\/\/www.hotelgoldenrome.com\/wp-content\/galleries\/suitefamily\/thumbs\/thumbs_084.jpg\"\n                    width=\"150\"\n                    height=\"150\"\n                    style=\"max-width:100%;\"\n                \/>\n            <\/a>\n        <\/div>\n\t\t\t\t\t\t\t<\/div> \n\t\t\t\n        \n\t\t\t\t<div id=\"ngg-image-7\" class=\"ngg-gallery-thumbnail-box\" >\n\t\t\t\t        <div class=\"ngg-gallery-thumbnail\">\n            <a href=\"https:\/\/www.hotelgoldenrome.com\/wp-content\/galleries\/suitefamily\/089.jpg\"\n               title=\"\"\n               data-src=\"https:\/\/www.hotelgoldenrome.com\/wp-content\/galleries\/suitefamily\/089.jpg\"\n               data-thumbnail=\"https:\/\/www.hotelgoldenrome.com\/wp-content\/galleries\/suitefamily\/thumbs\/thumbs_089.jpg\"\n               data-image-id=\"109\"\n               data-title=\"089-jpg\"\n               data-description=\"\"\n               data-image-slug=\"089-jpg\"\n               class=\"ngg-fancybox\" rel=\"92749ae657377e0021ca8b122b34a9a3\">\n                <img\n                    title=\"089-jpg\"\n                    alt=\"089-jpg\"\n                    src=\"https:\/\/www.hotelgoldenrome.com\/wp-content\/galleries\/suitefamily\/thumbs\/thumbs_089.jpg\"\n                    width=\"150\"\n                    height=\"150\"\n                    style=\"max-width:100%;\"\n                \/>\n            <\/a>\n        <\/div>\n\t\t\t\t\t\t\t<\/div> \n\t\t\t\n        \n\t\t\n\t\t<!-- Pagination -->\n\t<div class='ngg-clear'><\/div>\t<\/div>\n<\/p>\n<p><strong>Comfort <\/strong>luftkonditionering | Wi-fi | platt TV | Sky | King size-s\u00e4ng (200 x 200) | b\u00e4ddsoffa | f\u00e5t\u00f6ljer | bord | vardagsrum | frukostrum | l\u00e4srum | skrivbord med arbetsplats | kylsk\u00e5p | resv\u00e4sksf\u00f6rvaring | garderob<\/p>\n<p><\/div>\n<div id=\"colonna-sx\"> <img loading=\"lazy\" decoding=\"async\" class=\"aligncenter size-full wp-image-65\" alt=\"maria-teresa\" src=\"https:\/\/www.hotelgoldenrome.com\/wp-content\/uploads\/2013\/08\/maria-teresa.jpg\" width=\"206\" height=\"206\" srcset=\"https:\/\/www.hotelgoldenrome.com\/wp-content\/uploads\/2013\/08\/maria-teresa.jpg 206w, https:\/\/www.hotelgoldenrome.com\/wp-content\/uploads\/2013\/08\/maria-teresa-150x150.jpg 150w\" sizes=\"auto, (max-width: 206px) 100vw, 206px\" \/><\/p>\n<p class=\"nome\">Fr\u00e5ga<br \/><span>Maria Teresa<\/span><\/p>\n<p>I v\u00e5ra rymliga familjesviter sover f\u00f6r\u00e4ldrar och barn i separata rum, mysiga och utrustade med alla bekv\u00e4mligheter. F\u00f6r att inta frukosten d\u00e4remot \u00e4r alla tillsammans i ett trevligt privat rum<\/p>\n<p><\/div>\n<p>&nbsp;<\/p>\n","protected":false},"excerpt":{"rendered":"<p>&nbsp;<\/p>\n","protected":false},"author":17,"featured_media":0,"parent":0,"menu_order":0,"comment_status":"open","ping_status":"open","template":"page-duecolonne.php","meta":{"ngg_post_thumbnail":0,"footnotes":""},"class_list":["post-488","page","type-page","status-publish","hentry"],"yoast_head":"<!-- This site is optimized with the Yoast SEO plugin v25.7 - https:\/\/yoast.com\/wordpress\/plugins\/seo\/ -->\n<title>Family Hotel Suites | Hotel Golden<\/title>\n<meta name=\"description\" content=\"Family Suite Hotel Golden: Familje\u00e4gt hotell bel\u00e4get direkt vid Villa Borghese i Rom.\" \/>\n<meta name=\"robots\" content=\"index, follow, max-snippet:-1, max-image-preview:large, max-video-preview:-1\" \/>\n<link rel=\"canonical\" href=\"https:\/\/www.hotelgoldenrome.com\/sv\/family-hotel-suites-sv\/\" \/>\n<meta property=\"og:locale\" content=\"sv_SE\" \/>\n<meta property=\"og:type\" content=\"article\" \/>\n<meta property=\"og:title\" content=\"Family Hotel Suites | Hotel Golden\" \/>\n<meta property=\"og:description\" content=\"Family Suite Hotel Golden: Familje\u00e4gt hotell bel\u00e4get direkt vid Villa Borghese i Rom.\" \/>\n<meta property=\"og:url\" content=\"https:\/\/www.hotelgoldenrome.com\/sv\/family-hotel-suites-sv\/\" \/>\n<meta property=\"og:site_name\" content=\"Hotel Golden\" \/>\n<meta property=\"article:modified_time\" content=\"2014-08-01T08:44:33+00:00\" \/>\n<meta property=\"og:image\" content=\"https:\/\/www.hotelgoldenrome.com\/wp-content\/uploads\/2013\/08\/maria-teresa.jpg\" \/>\n<meta name=\"twitter:label1\" content=\"Ber\u00e4knad l\u00e4stid\" \/>\n\t<meta name=\"twitter:data1\" content=\"1 minut\" \/>\n<script type=\"application\/ld+json\" class=\"yoast-schema-graph\">{\"@context\":\"https:\/\/schema.org\",\"@graph\":[{\"@type\":\"WebPage\",\"@id\":\"https:\/\/www.hotelgoldenrome.com\/sv\/family-hotel-suites-sv\/\",\"url\":\"https:\/\/www.hotelgoldenrome.com\/sv\/family-hotel-suites-sv\/\",\"name\":\"Family Hotel Suites | Hotel Golden\",\"isPartOf\":{\"@id\":\"https:\/\/www.hotelgoldenrome.com\/sv\/#website\"},\"primaryImageOfPage\":{\"@id\":\"https:\/\/www.hotelgoldenrome.com\/sv\/family-hotel-suites-sv\/#primaryimage\"},\"image\":{\"@id\":\"https:\/\/www.hotelgoldenrome.com\/sv\/family-hotel-suites-sv\/#primaryimage\"},\"thumbnailUrl\":\"https:\/\/www.hotelgoldenrome.com\/wp-content\/uploads\/2013\/08\/maria-teresa.jpg\",\"datePublished\":\"2013-09-30T10:25:08+00:00\",\"dateModified\":\"2014-08-01T08:44:33+00:00\",\"description\":\"Family Suite Hotel Golden: Familje\u00e4gt hotell bel\u00e4get direkt vid Villa Borghese i Rom.\",\"breadcrumb\":{\"@id\":\"https:\/\/www.hotelgoldenrome.com\/sv\/family-hotel-suites-sv\/#breadcrumb\"},\"inLanguage\":\"sv-SE\",\"potentialAction\":[{\"@type\":\"ReadAction\",\"target\":[\"https:\/\/www.hotelgoldenrome.com\/sv\/family-hotel-suites-sv\/\"]}]},{\"@type\":\"ImageObject\",\"inLanguage\":\"sv-SE\",\"@id\":\"https:\/\/www.hotelgoldenrome.com\/sv\/family-hotel-suites-sv\/#primaryimage\",\"url\":\"https:\/\/www.hotelgoldenrome.com\/wp-content\/uploads\/2013\/08\/maria-teresa.jpg\",\"contentUrl\":\"https:\/\/www.hotelgoldenrome.com\/wp-content\/uploads\/2013\/08\/maria-teresa.jpg\"},{\"@type\":\"BreadcrumbList\",\"@id\":\"https:\/\/www.hotelgoldenrome.com\/sv\/family-hotel-suites-sv\/#breadcrumb\",\"itemListElement\":[{\"@type\":\"ListItem\",\"position\":1,\"name\":\"Home\",\"item\":\"https:\/\/www.hotelgoldenrome.com\/sv\/\"},{\"@type\":\"ListItem\",\"position\":2,\"name\":\"Family Hotel Suites\"}]},{\"@type\":\"WebSite\",\"@id\":\"https:\/\/www.hotelgoldenrome.com\/sv\/#website\",\"url\":\"https:\/\/www.hotelgoldenrome.com\/sv\/\",\"name\":\"Hotel Golden\",\"description\":\"..your Family run hotel in Rome\",\"potentialAction\":[{\"@type\":\"SearchAction\",\"target\":{\"@type\":\"EntryPoint\",\"urlTemplate\":\"https:\/\/www.hotelgoldenrome.com\/sv\/?s={search_term_string}\"},\"query-input\":{\"@type\":\"PropertyValueSpecification\",\"valueRequired\":true,\"valueName\":\"search_term_string\"}}],\"inLanguage\":\"sv-SE\"}]}<\/script>\n<!-- \/ Yoast SEO plugin. -->","yoast_head_json":{"title":"Family Hotel Suites | Hotel Golden","description":"Family Suite Hotel Golden: Familje\u00e4gt hotell bel\u00e4get direkt vid Villa Borghese i Rom.","robots":{"index":"index","follow":"follow","max-snippet":"max-snippet:-1","max-image-preview":"max-image-preview:large","max-video-preview":"max-video-preview:-1"},"canonical":"https:\/\/www.hotelgoldenrome.com\/sv\/family-hotel-suites-sv\/","og_locale":"sv_SE","og_type":"article","og_title":"Family Hotel Suites | Hotel Golden","og_description":"Family Suite Hotel Golden: Familje\u00e4gt hotell bel\u00e4get direkt vid Villa Borghese i Rom.","og_url":"https:\/\/www.hotelgoldenrome.com\/sv\/family-hotel-suites-sv\/","og_site_name":"Hotel Golden","article_modified_time":"2014-08-01T08:44:33+00:00","og_image":[{"url":"https:\/\/www.hotelgoldenrome.com\/wp-content\/uploads\/2013\/08\/maria-teresa.jpg","type":"","width":"","height":""}],"twitter_misc":{"Ber\u00e4knad l\u00e4stid":"1 minut"},"schema":{"@context":"https:\/\/schema.org","@graph":[{"@type":"WebPage","@id":"https:\/\/www.hotelgoldenrome.com\/sv\/family-hotel-suites-sv\/","url":"https:\/\/www.hotelgoldenrome.com\/sv\/family-hotel-suites-sv\/","name":"Family Hotel Suites | Hotel Golden","isPartOf":{"@id":"https:\/\/www.hotelgoldenrome.com\/sv\/#website"},"primaryImageOfPage":{"@id":"https:\/\/www.hotelgoldenrome.com\/sv\/family-hotel-suites-sv\/#primaryimage"},"image":{"@id":"https:\/\/www.hotelgoldenrome.com\/sv\/family-hotel-suites-sv\/#primaryimage"},"thumbnailUrl":"https:\/\/www.hotelgoldenrome.com\/wp-content\/uploads\/2013\/08\/maria-teresa.jpg","datePublished":"2013-09-30T10:25:08+00:00","dateModified":"2014-08-01T08:44:33+00:00","description":"Family Suite Hotel Golden: Familje\u00e4gt hotell bel\u00e4get direkt vid Villa Borghese i Rom.","breadcrumb":{"@id":"https:\/\/www.hotelgoldenrome.com\/sv\/family-hotel-suites-sv\/#breadcrumb"},"inLanguage":"sv-SE","potentialAction":[{"@type":"ReadAction","target":["https:\/\/www.hotelgoldenrome.com\/sv\/family-hotel-suites-sv\/"]}]},{"@type":"ImageObject","inLanguage":"sv-SE","@id":"https:\/\/www.hotelgoldenrome.com\/sv\/family-hotel-suites-sv\/#primaryimage","url":"https:\/\/www.hotelgoldenrome.com\/wp-content\/uploads\/2013\/08\/maria-teresa.jpg","contentUrl":"https:\/\/www.hotelgoldenrome.com\/wp-content\/uploads\/2013\/08\/maria-teresa.jpg"},{"@type":"BreadcrumbList","@id":"https:\/\/www.hotelgoldenrome.com\/sv\/family-hotel-suites-sv\/#breadcrumb","itemListElement":[{"@type":"ListItem","position":1,"name":"Home","item":"https:\/\/www.hotelgoldenrome.com\/sv\/"},{"@type":"ListItem","position":2,"name":"Family Hotel Suites"}]},{"@type":"WebSite","@id":"https:\/\/www.hotelgoldenrome.com\/sv\/#website","url":"https:\/\/www.hotelgoldenrome.com\/sv\/","name":"Hotel Golden","description":"..your Family run hotel in Rome","potentialAction":[{"@type":"SearchAction","target":{"@type":"EntryPoint","urlTemplate":"https:\/\/www.hotelgoldenrome.com\/sv\/?s={search_term_string}"},"query-input":{"@type":"PropertyValueSpecification","valueRequired":true,"valueName":"search_term_string"}}],"inLanguage":"sv-SE"}]}},"_links":{"self":[{"href":"https:\/\/www.hotelgoldenrome.com\/sv\/wp-json\/wp\/v2\/pages\/488","targetHints":{"allow":["GET"]}}],"collection":[{"href":"https:\/\/www.hotelgoldenrome.com\/sv\/wp-json\/wp\/v2\/pages"}],"about":[{"href":"https:\/\/www.hotelgoldenrome.com\/sv\/wp-json\/wp\/v2\/types\/page"}],"author":[{"embeddable":true,"href":"https:\/\/www.hotelgoldenrome.com\/sv\/wp-json\/wp\/v2\/users\/17"}],"replies":[{"embeddable":true,"href":"https:\/\/www.hotelgoldenrome.com\/sv\/wp-json\/wp\/v2\/comments?post=488"}],"version-history":[{"count":5,"href":"https:\/\/www.hotelgoldenrome.com\/sv\/wp-json\/wp\/v2\/pages\/488\/revisions"}],"predecessor-version":[{"id":1972,"href":"https:\/\/www.hotelgoldenrome.com\/sv\/wp-json\/wp\/v2\/pages\/488\/revisions\/1972"}],"wp:attachment":[{"href":"https:\/\/www.hotelgoldenrome.com\/sv\/wp-json\/wp\/v2\/media?parent=488"}],"curies":[{"name":"wp","href":"https:\/\/api.w.org\/{rel}","templated":true}]}}