{"id":549,"date":"2013-09-30T12:14:43","date_gmt":"2013-09-30T12:14:43","guid":{"rendered":"https:\/\/www.hotelgoldenrome.com\/?page_id=549"},"modified":"2013-11-12T16:18:15","modified_gmt":"2013-11-12T16:18:15","slug":"var-familj","status":"publish","type":"page","link":"https:\/\/www.hotelgoldenrome.com\/sv\/var-familj\/","title":{"rendered":"V\u00e5r familj"},"content":{"rendered":"<div id=\"colonna-dx\"><\/p>\n<h1>V\u00e5r familj<\/h1>\n<p>Vi \u00e4lskar v\u00e5r stad, vi brinner f\u00f6r v\u00e5rt arbete och vi njuter av att vara ett familje\u00e4gt hotell! D\u00e4rf\u00f6r \u00e4r det \u00e4r ett sant n\u00f6je f\u00f6r oss att v\u00e4lkomna dig till Rom och till Hotel Golden f\u00f6r att du sj\u00e4lv ska f\u00e5 uppleva v\u00e5r gedigna g\u00e4stfrihet och v\u00e5r p\u00e5litliga <b>professionalism\u00e0<\/b>.<\/p>\n<p>Det h\u00e4r \u00e4r inte bara n\u00e5got vi s\u00e4ger. Vartenda ord \u00e4r sant!  Skulle du \u00e4nd\u00e5 beh\u00f6va ytterligare bevis, f\u00f6resl\u00e5r vi att du pr\u00f6var Mamma <strong>Teresas <\/strong>frukost, lyssnar till n\u00e5gra av de turisttips som de flerspr\u00e5kiga <strong>Giuseppe<\/strong>, <strong>Marco<\/strong> och <strong>Maria Teresa<\/strong> har att erbjuda, eller bara helt enkelt vistas en stund in Papa <strong>Mario<\/strong><b>s <\/b>trygga n\u00e4rvaro. <\/p>\n<p>Vi \u00e4r extra m\u00e5na om <strong>familjer<\/strong> med <strong>barn<\/strong> och ser till att deras rum \u00e4r utrustade med spj\u00e4ls\u00e4ng, barnstol och flaskv\u00e4rmare. Det finns ocks\u00e5 en mikrov\u00e5gsugn i matsalen d\u00e4r barnens m\u00e5ltider kan v\u00e4rmas upp.<\/p>\n<p><i>Arrivederci<\/i> fr\u00e5n <strong>Rom<\/strong> och <strong>Hotel Golden<\/strong>!<\/p>\n<p><!-- index.php -->\n<div\n\tclass=\"ngg-galleryoverview ngg-ajax-pagination-none\"\n\tid=\"ngg-gallery-51f610ef37a31f38755e2ebcb0724f3f-1\">\n\n    \t\t<!-- Thumbnails -->\n\t\t\t\t<div id=\"ngg-image-0\" class=\"ngg-gallery-thumbnail-box\" >\n\t\t\t\t        <div class=\"ngg-gallery-thumbnail\">\n            <a href=\"https:\/\/www.hotelgoldenrome.com\/wp-content\/galleries\/famiglia\/025.jpg\"\n               title=\"\"\n               data-src=\"https:\/\/www.hotelgoldenrome.com\/wp-content\/galleries\/famiglia\/025.jpg\"\n               data-thumbnail=\"https:\/\/www.hotelgoldenrome.com\/wp-content\/galleries\/famiglia\/thumbs\/thumbs_025.jpg\"\n               data-image-id=\"97\"\n               data-title=\"025-jpg\"\n               data-description=\"\"\n               data-image-slug=\"025-jpg\"\n               class=\"ngg-fancybox\" rel=\"51f610ef37a31f38755e2ebcb0724f3f\">\n                <img\n                    title=\"025-jpg\"\n                    alt=\"025-jpg\"\n                    src=\"https:\/\/www.hotelgoldenrome.com\/wp-content\/galleries\/famiglia\/thumbs\/thumbs_025.jpg\"\n                    width=\"150\"\n                    height=\"150\"\n                    style=\"max-width:100%;\"\n                \/>\n            <\/a>\n        <\/div>\n\t\t\t\t\t\t\t<\/div> \n\t\t\t\n        \n\t\t\t\t<div id=\"ngg-image-1\" class=\"ngg-gallery-thumbnail-box\" >\n\t\t\t\t        <div class=\"ngg-gallery-thumbnail\">\n            <a href=\"https:\/\/www.hotelgoldenrome.com\/wp-content\/galleries\/famiglia\/034.jpg\"\n               title=\"\"\n               data-src=\"https:\/\/www.hotelgoldenrome.com\/wp-content\/galleries\/famiglia\/034.jpg\"\n               data-thumbnail=\"https:\/\/www.hotelgoldenrome.com\/wp-content\/galleries\/famiglia\/thumbs\/thumbs_034.jpg\"\n               data-image-id=\"98\"\n               data-title=\"034-jpg\"\n               data-description=\"\"\n               data-image-slug=\"034-jpg\"\n               class=\"ngg-fancybox\" rel=\"51f610ef37a31f38755e2ebcb0724f3f\">\n                <img\n                    title=\"034-jpg\"\n                    alt=\"034-jpg\"\n                    src=\"https:\/\/www.hotelgoldenrome.com\/wp-content\/galleries\/famiglia\/thumbs\/thumbs_034.jpg\"\n                    width=\"150\"\n                    height=\"150\"\n                    style=\"max-width:100%;\"\n                \/>\n            <\/a>\n        <\/div>\n\t\t\t\t\t\t\t<\/div> \n\t\t\t\n        \n\t\t\t\t<div id=\"ngg-image-2\" class=\"ngg-gallery-thumbnail-box\" >\n\t\t\t\t        <div class=\"ngg-gallery-thumbnail\">\n            <a href=\"https:\/\/www.hotelgoldenrome.com\/wp-content\/galleries\/famiglia\/photogallery1.jpg\"\n               title=\"\"\n               data-src=\"https:\/\/www.hotelgoldenrome.com\/wp-content\/galleries\/famiglia\/photogallery1.jpg\"\n               data-thumbnail=\"https:\/\/www.hotelgoldenrome.com\/wp-content\/galleries\/famiglia\/thumbs\/thumbs_photogallery1.jpg\"\n               data-image-id=\"96\"\n               data-title=\"photogallery1-jpg\"\n               data-description=\"\"\n               data-image-slug=\"photogallery1-jpg\"\n               class=\"ngg-fancybox\" rel=\"51f610ef37a31f38755e2ebcb0724f3f\">\n                <img\n                    title=\"photogallery1-jpg\"\n                    alt=\"photogallery1-jpg\"\n                    src=\"https:\/\/www.hotelgoldenrome.com\/wp-content\/galleries\/famiglia\/thumbs\/thumbs_photogallery1.jpg\"\n                    width=\"150\"\n                    height=\"150\"\n                    style=\"max-width:100%;\"\n                \/>\n            <\/a>\n        <\/div>\n\t\t\t\t\t\t\t<\/div> \n\t\t\t\n        \n\t\t\t\t<div id=\"ngg-image-3\" class=\"ngg-gallery-thumbnail-box\" >\n\t\t\t\t        <div class=\"ngg-gallery-thumbnail\">\n            <a href=\"https:\/\/www.hotelgoldenrome.com\/wp-content\/galleries\/famiglia\/g8_b.jpg\"\n               title=\"\"\n               data-src=\"https:\/\/www.hotelgoldenrome.com\/wp-content\/galleries\/famiglia\/g8_b.jpg\"\n               data-thumbnail=\"https:\/\/www.hotelgoldenrome.com\/wp-content\/galleries\/famiglia\/thumbs\/thumbs_g8_b.jpg\"\n               data-image-id=\"95\"\n               data-title=\"Giuseppe and Marco at the Reception Desk\"\n               data-description=\"\"\n               data-image-slug=\"giuseppe-and-marco-at-the-reception-desk\"\n               class=\"ngg-fancybox\" rel=\"51f610ef37a31f38755e2ebcb0724f3f\">\n                <img\n                    title=\"Giuseppe and Marco at the Reception Desk\"\n                    alt=\"Giuseppe and Marco at the Reception Desk\"\n                    src=\"https:\/\/www.hotelgoldenrome.com\/wp-content\/galleries\/famiglia\/thumbs\/thumbs_g8_b.jpg\"\n                    width=\"150\"\n                    height=\"150\"\n                    style=\"max-width:100%;\"\n                \/>\n            <\/a>\n        <\/div>\n\t\t\t\t\t\t\t<\/div> \n\t\t\t\n        \n\t\t\n\t\t<!-- Pagination -->\n\t<div class='ngg-clear'><\/div>\t<\/div>\n<\/p>\n<p><\/div>\n<div id=\"colonna-sx\"><br \/>\n<img loading=\"lazy\" decoding=\"async\" src=\"https:\/\/www.hotelgoldenrome.com\/wp-content\/uploads\/2013\/08\/papa.jpg\" alt=\"pap\u00e0\" width=\"206\" height=\"206\" class=\"aligncenter size-full wp-image-65\" \/><\/p>\n<p class=\"nome\">Fr\u00e5ga<br \/> <span>Pap\u00e0<\/span><\/p>\n<p>Som varje medlem av min familj, \u00e4lskar jag min stad\u00e0 och mitt arbete. \u00c8 detta f\u00f6r att g\u00f6ra den verkliga skillnaden. Bes\u00f6k oss och du kommer f\u00f6rst\u00e5 vad jag talar om&#8230;<\/p>\n<p><\/div>\n<p><br clear=\"all\" \/><\/p>\n","protected":false},"excerpt":{"rendered":"","protected":false},"author":17,"featured_media":0,"parent":0,"menu_order":0,"comment_status":"open","ping_status":"open","template":"page-duecolonne.php","meta":{"ngg_post_thumbnail":0,"footnotes":""},"class_list":["post-549","page","type-page","status-publish","hentry"],"yoast_head":"<!-- This site is optimized with the Yoast SEO plugin v25.7 - https:\/\/yoast.com\/wordpress\/plugins\/seo\/ -->\n<title>V\u00e5r familj | Hotel Golden<\/title>\n<meta name=\"description\" content=\"V\u00e5r familj, Hotel Golden: Familje\u00e4gt hotell bel\u00e4get direkt vid Villa Borghese i Rom.\" \/>\n<meta name=\"robots\" content=\"index, follow, max-snippet:-1, max-image-preview:large, max-video-preview:-1\" \/>\n<link rel=\"canonical\" href=\"https:\/\/www.hotelgoldenrome.com\/sv\/var-familj\/\" \/>\n<meta property=\"og:locale\" content=\"sv_SE\" \/>\n<meta property=\"og:type\" content=\"article\" \/>\n<meta property=\"og:title\" content=\"V\u00e5r familj | Hotel Golden\" \/>\n<meta property=\"og:description\" content=\"V\u00e5r familj, Hotel Golden: Familje\u00e4gt hotell bel\u00e4get direkt vid Villa Borghese i Rom.\" \/>\n<meta property=\"og:url\" content=\"https:\/\/www.hotelgoldenrome.com\/sv\/var-familj\/\" \/>\n<meta property=\"og:site_name\" content=\"Hotel Golden\" \/>\n<meta property=\"article:modified_time\" content=\"2013-11-12T16:18:15+00:00\" \/>\n<meta property=\"og:image\" content=\"https:\/\/www.hotelgoldenrome.com\/wp-content\/uploads\/2013\/08\/papa.jpg\" \/>\n<meta name=\"twitter:label1\" content=\"Ber\u00e4knad l\u00e4stid\" \/>\n\t<meta name=\"twitter:data1\" content=\"1 minut\" \/>\n<script type=\"application\/ld+json\" class=\"yoast-schema-graph\">{\"@context\":\"https:\/\/schema.org\",\"@graph\":[{\"@type\":\"WebPage\",\"@id\":\"https:\/\/www.hotelgoldenrome.com\/sv\/var-familj\/\",\"url\":\"https:\/\/www.hotelgoldenrome.com\/sv\/var-familj\/\",\"name\":\"V\u00e5r familj | Hotel Golden\",\"isPartOf\":{\"@id\":\"https:\/\/www.hotelgoldenrome.com\/sv\/#website\"},\"primaryImageOfPage\":{\"@id\":\"https:\/\/www.hotelgoldenrome.com\/sv\/var-familj\/#primaryimage\"},\"image\":{\"@id\":\"https:\/\/www.hotelgoldenrome.com\/sv\/var-familj\/#primaryimage\"},\"thumbnailUrl\":\"https:\/\/www.hotelgoldenrome.com\/wp-content\/uploads\/2013\/08\/papa.jpg\",\"datePublished\":\"2013-09-30T12:14:43+00:00\",\"dateModified\":\"2013-11-12T16:18:15+00:00\",\"description\":\"V\u00e5r familj, Hotel Golden: Familje\u00e4gt hotell bel\u00e4get direkt vid Villa Borghese i Rom.\",\"breadcrumb\":{\"@id\":\"https:\/\/www.hotelgoldenrome.com\/sv\/var-familj\/#breadcrumb\"},\"inLanguage\":\"sv-SE\",\"potentialAction\":[{\"@type\":\"ReadAction\",\"target\":[\"https:\/\/www.hotelgoldenrome.com\/sv\/var-familj\/\"]}]},{\"@type\":\"ImageObject\",\"inLanguage\":\"sv-SE\",\"@id\":\"https:\/\/www.hotelgoldenrome.com\/sv\/var-familj\/#primaryimage\",\"url\":\"https:\/\/www.hotelgoldenrome.com\/wp-content\/uploads\/2013\/08\/papa.jpg\",\"contentUrl\":\"https:\/\/www.hotelgoldenrome.com\/wp-content\/uploads\/2013\/08\/papa.jpg\"},{\"@type\":\"BreadcrumbList\",\"@id\":\"https:\/\/www.hotelgoldenrome.com\/sv\/var-familj\/#breadcrumb\",\"itemListElement\":[{\"@type\":\"ListItem\",\"position\":1,\"name\":\"Home\",\"item\":\"https:\/\/www.hotelgoldenrome.com\/sv\/\"},{\"@type\":\"ListItem\",\"position\":2,\"name\":\"V\u00e5r familj\"}]},{\"@type\":\"WebSite\",\"@id\":\"https:\/\/www.hotelgoldenrome.com\/sv\/#website\",\"url\":\"https:\/\/www.hotelgoldenrome.com\/sv\/\",\"name\":\"Hotel Golden\",\"description\":\"..your Family run hotel in Rome\",\"potentialAction\":[{\"@type\":\"SearchAction\",\"target\":{\"@type\":\"EntryPoint\",\"urlTemplate\":\"https:\/\/www.hotelgoldenrome.com\/sv\/?s={search_term_string}\"},\"query-input\":{\"@type\":\"PropertyValueSpecification\",\"valueRequired\":true,\"valueName\":\"search_term_string\"}}],\"inLanguage\":\"sv-SE\"}]}<\/script>\n<!-- \/ Yoast SEO plugin. -->","yoast_head_json":{"title":"V\u00e5r familj | Hotel Golden","description":"V\u00e5r familj, Hotel Golden: Familje\u00e4gt hotell bel\u00e4get direkt vid Villa Borghese i Rom.","robots":{"index":"index","follow":"follow","max-snippet":"max-snippet:-1","max-image-preview":"max-image-preview:large","max-video-preview":"max-video-preview:-1"},"canonical":"https:\/\/www.hotelgoldenrome.com\/sv\/var-familj\/","og_locale":"sv_SE","og_type":"article","og_title":"V\u00e5r familj | Hotel Golden","og_description":"V\u00e5r familj, Hotel Golden: Familje\u00e4gt hotell bel\u00e4get direkt vid Villa Borghese i Rom.","og_url":"https:\/\/www.hotelgoldenrome.com\/sv\/var-familj\/","og_site_name":"Hotel Golden","article_modified_time":"2013-11-12T16:18:15+00:00","og_image":[{"url":"https:\/\/www.hotelgoldenrome.com\/wp-content\/uploads\/2013\/08\/papa.jpg","type":"","width":"","height":""}],"twitter_misc":{"Ber\u00e4knad l\u00e4stid":"1 minut"},"schema":{"@context":"https:\/\/schema.org","@graph":[{"@type":"WebPage","@id":"https:\/\/www.hotelgoldenrome.com\/sv\/var-familj\/","url":"https:\/\/www.hotelgoldenrome.com\/sv\/var-familj\/","name":"V\u00e5r familj | Hotel Golden","isPartOf":{"@id":"https:\/\/www.hotelgoldenrome.com\/sv\/#website"},"primaryImageOfPage":{"@id":"https:\/\/www.hotelgoldenrome.com\/sv\/var-familj\/#primaryimage"},"image":{"@id":"https:\/\/www.hotelgoldenrome.com\/sv\/var-familj\/#primaryimage"},"thumbnailUrl":"https:\/\/www.hotelgoldenrome.com\/wp-content\/uploads\/2013\/08\/papa.jpg","datePublished":"2013-09-30T12:14:43+00:00","dateModified":"2013-11-12T16:18:15+00:00","description":"V\u00e5r familj, Hotel Golden: Familje\u00e4gt hotell bel\u00e4get direkt vid Villa Borghese i Rom.","breadcrumb":{"@id":"https:\/\/www.hotelgoldenrome.com\/sv\/var-familj\/#breadcrumb"},"inLanguage":"sv-SE","potentialAction":[{"@type":"ReadAction","target":["https:\/\/www.hotelgoldenrome.com\/sv\/var-familj\/"]}]},{"@type":"ImageObject","inLanguage":"sv-SE","@id":"https:\/\/www.hotelgoldenrome.com\/sv\/var-familj\/#primaryimage","url":"https:\/\/www.hotelgoldenrome.com\/wp-content\/uploads\/2013\/08\/papa.jpg","contentUrl":"https:\/\/www.hotelgoldenrome.com\/wp-content\/uploads\/2013\/08\/papa.jpg"},{"@type":"BreadcrumbList","@id":"https:\/\/www.hotelgoldenrome.com\/sv\/var-familj\/#breadcrumb","itemListElement":[{"@type":"ListItem","position":1,"name":"Home","item":"https:\/\/www.hotelgoldenrome.com\/sv\/"},{"@type":"ListItem","position":2,"name":"V\u00e5r familj"}]},{"@type":"WebSite","@id":"https:\/\/www.hotelgoldenrome.com\/sv\/#website","url":"https:\/\/www.hotelgoldenrome.com\/sv\/","name":"Hotel Golden","description":"..your Family run hotel in Rome","potentialAction":[{"@type":"SearchAction","target":{"@type":"EntryPoint","urlTemplate":"https:\/\/www.hotelgoldenrome.com\/sv\/?s={search_term_string}"},"query-input":{"@type":"PropertyValueSpecification","valueRequired":true,"valueName":"search_term_string"}}],"inLanguage":"sv-SE"}]}},"_links":{"self":[{"href":"https:\/\/www.hotelgoldenrome.com\/sv\/wp-json\/wp\/v2\/pages\/549","targetHints":{"allow":["GET"]}}],"collection":[{"href":"https:\/\/www.hotelgoldenrome.com\/sv\/wp-json\/wp\/v2\/pages"}],"about":[{"href":"https:\/\/www.hotelgoldenrome.com\/sv\/wp-json\/wp\/v2\/types\/page"}],"author":[{"embeddable":true,"href":"https:\/\/www.hotelgoldenrome.com\/sv\/wp-json\/wp\/v2\/users\/17"}],"replies":[{"embeddable":true,"href":"https:\/\/www.hotelgoldenrome.com\/sv\/wp-json\/wp\/v2\/comments?post=549"}],"version-history":[{"count":5,"href":"https:\/\/www.hotelgoldenrome.com\/sv\/wp-json\/wp\/v2\/pages\/549\/revisions"}],"predecessor-version":[{"id":1315,"href":"https:\/\/www.hotelgoldenrome.com\/sv\/wp-json\/wp\/v2\/pages\/549\/revisions\/1315"}],"wp:attachment":[{"href":"https:\/\/www.hotelgoldenrome.com\/sv\/wp-json\/wp\/v2\/media?parent=549"}],"curies":[{"name":"wp","href":"https:\/\/api.w.org\/{rel}","templated":true}]}}