{"id":701,"date":"2013-10-02T08:29:46","date_gmt":"2013-10-02T08:29:46","guid":{"rendered":"https:\/\/www.hotelgoldenrome.com\/?page_id=701"},"modified":"2016-08-10T08:00:39","modified_gmt":"2016-08-10T08:00:39","slug":"bokning","status":"publish","type":"page","link":"https:\/\/www.hotelgoldenrome.com\/sv\/bokning\/","title":{"rendered":"Bokning"},"content":{"rendered":"<h2><a href=\"https:\/\/book.hotelgoldenrome.com\/accommodation\/list?channelId=91d48f3c-def2-43d6-b956-90fd699c0fd7&#038;culture=sv\" rel=\"nofollow\">Kontrollera priser och tillg\u00e4ngliga rum online <\/a><\/h2>\n<p>Vill du direkt kontrollera <b>priser<\/b>, <b>tillg\u00e4nglighet<\/b> eller \u00f6nskar du <b>boka direkt<\/b> genom att omedelbart betala ditt rum? Anv\u00e4nd v\u00e5rt system f\u00f6r <b>bokning p\u00e5 n\u00e4tet<\/b> som \u00e4r enkelt och s\u00e4kert! Om systemet inte tillfredsst\u00e4ller dina krav, ber vi dig kontakta oss genom att anv\u00e4nda formul\u00e4ret f\u00f6r f\u00f6rfr\u00e5gan om tillg\u00e4nglighet f\u00f6r att kontrollera om det finns rum som avbokats i sista minuten.<\/p>\n<h2><a href=\"https:\/\/www.hotelgoldenrome.com\/sv\/forfragan-om-tillganglighet\/\" rel=\"nofollow\">F\u00f6rfr\u00e5gan om tillg\u00e4nglighet <\/a><\/h2>\n<p>F\u00f6redrar du att <b>beg\u00e4ra information<\/b> fr\u00e5n v\u00e5r personal via e-mail? Har du <b>speciella krav<\/b> som v\u00e5rt bokningssystem p\u00e5 n\u00e4tet inte kan tillfredsst\u00e4lla? Fyll d\u00e5 i formul\u00e4ret f\u00f6r <b>f\u00f6rfr\u00e5gan om tillg\u00e4nglighet<\/b>, och du kommer att f\u00e5 alla svar du \u00f6nskar direkt i din e-postl\u00e5da!<\/p>\n<h2>S\u00e4kra transaktioner<\/h2>\n<p>Denna sajt anv\u00e4nder sig av en <b>s\u00e4ker server<\/b> f\u00f6r bekr\u00e4ftelse av bokning med kreditkort enligt v\u00e4rldsstandarden f\u00f6r sifferkoder <b>Secure Socket Layer<\/b> <b>(SSL) 128 bit<\/b>.<\/p>\n","protected":false},"excerpt":{"rendered":"<p>Kontrollera priser och tillg\u00e4ngliga rum online Vill du direkt kontrollera priser, tillg\u00e4nglighet eller \u00f6nskar du boka direkt genom att omedelbart betala ditt rum? Anv\u00e4nd v\u00e5rt system f\u00f6r bokning p\u00e5 n\u00e4tet som \u00e4r enkelt och s\u00e4kert! Om systemet inte tillfredsst\u00e4ller dina krav, ber vi dig kontakta oss genom att anv\u00e4nda formul\u00e4ret f\u00f6r f\u00f6rfr\u00e5gan om tillg\u00e4nglighet f\u00f6r&#8230; <a  href=\"https:\/\/www.hotelgoldenrome.com\/sv\/bokning\/\"><img decoding=\"async\" class=\"moretag\" src=\"https:\/\/www.hotelgoldenrome.com\/wp-content\/themes\/hotelgoldenrome\/img\/continua.gif\" border=0\/><\/a><\/p>\n","protected":false},"author":17,"featured_media":0,"parent":0,"menu_order":0,"comment_status":"open","ping_status":"open","template":"page-monocolonna.php","meta":{"ngg_post_thumbnail":0,"footnotes":""},"class_list":["post-701","page","type-page","status-publish","hentry"],"yoast_head":"<!-- This site is optimized with the Yoast SEO plugin v25.7 - https:\/\/yoast.com\/wordpress\/plugins\/seo\/ -->\n<title>Bokning | Hotel Golden<\/title>\n<meta name=\"description\" content=\"Bokning, Hotel Golden:\" \/>\n<meta name=\"robots\" content=\"noindex, nofollow\" \/>\n<meta property=\"og:locale\" content=\"sv_SE\" \/>\n<meta property=\"og:type\" content=\"article\" \/>\n<meta property=\"og:title\" content=\"Bokning | Hotel Golden\" \/>\n<meta property=\"og:description\" content=\"Bokning, Hotel Golden:\" \/>\n<meta property=\"og:url\" content=\"https:\/\/www.hotelgoldenrome.com\/sv\/bokning\/\" \/>\n<meta property=\"og:site_name\" content=\"Hotel Golden\" \/>\n<meta property=\"article:modified_time\" content=\"2016-08-10T08:00:39+00:00\" \/>\n<meta name=\"twitter:label1\" content=\"Ber\u00e4knad l\u00e4stid\" \/>\n\t<meta name=\"twitter:data1\" content=\"1 minut\" \/>\n<script type=\"application\/ld+json\" class=\"yoast-schema-graph\">{\"@context\":\"https:\/\/schema.org\",\"@graph\":[{\"@type\":\"WebPage\",\"@id\":\"https:\/\/www.hotelgoldenrome.com\/sv\/bokning\/\",\"url\":\"https:\/\/www.hotelgoldenrome.com\/sv\/bokning\/\",\"name\":\"Bokning | Hotel Golden\",\"isPartOf\":{\"@id\":\"https:\/\/www.hotelgoldenrome.com\/sv\/#website\"},\"datePublished\":\"2013-10-02T08:29:46+00:00\",\"dateModified\":\"2016-08-10T08:00:39+00:00\",\"description\":\"Bokning, Hotel Golden:\",\"breadcrumb\":{\"@id\":\"https:\/\/www.hotelgoldenrome.com\/sv\/bokning\/#breadcrumb\"},\"inLanguage\":\"sv-SE\",\"potentialAction\":[{\"@type\":\"ReadAction\",\"target\":[\"https:\/\/www.hotelgoldenrome.com\/sv\/bokning\/\"]}]},{\"@type\":\"BreadcrumbList\",\"@id\":\"https:\/\/www.hotelgoldenrome.com\/sv\/bokning\/#breadcrumb\",\"itemListElement\":[{\"@type\":\"ListItem\",\"position\":1,\"name\":\"Home\",\"item\":\"https:\/\/www.hotelgoldenrome.com\/sv\/\"},{\"@type\":\"ListItem\",\"position\":2,\"name\":\"Bokning\"}]},{\"@type\":\"WebSite\",\"@id\":\"https:\/\/www.hotelgoldenrome.com\/sv\/#website\",\"url\":\"https:\/\/www.hotelgoldenrome.com\/sv\/\",\"name\":\"Hotel Golden\",\"description\":\"..your Family run hotel in Rome\",\"potentialAction\":[{\"@type\":\"SearchAction\",\"target\":{\"@type\":\"EntryPoint\",\"urlTemplate\":\"https:\/\/www.hotelgoldenrome.com\/sv\/?s={search_term_string}\"},\"query-input\":{\"@type\":\"PropertyValueSpecification\",\"valueRequired\":true,\"valueName\":\"search_term_string\"}}],\"inLanguage\":\"sv-SE\"}]}<\/script>\n<!-- \/ Yoast SEO plugin. -->","yoast_head_json":{"title":"Bokning | Hotel Golden","description":"Bokning, Hotel Golden:","robots":{"index":"noindex","follow":"nofollow"},"og_locale":"sv_SE","og_type":"article","og_title":"Bokning | Hotel Golden","og_description":"Bokning, Hotel Golden:","og_url":"https:\/\/www.hotelgoldenrome.com\/sv\/bokning\/","og_site_name":"Hotel Golden","article_modified_time":"2016-08-10T08:00:39+00:00","twitter_misc":{"Ber\u00e4knad l\u00e4stid":"1 minut"},"schema":{"@context":"https:\/\/schema.org","@graph":[{"@type":"WebPage","@id":"https:\/\/www.hotelgoldenrome.com\/sv\/bokning\/","url":"https:\/\/www.hotelgoldenrome.com\/sv\/bokning\/","name":"Bokning | Hotel Golden","isPartOf":{"@id":"https:\/\/www.hotelgoldenrome.com\/sv\/#website"},"datePublished":"2013-10-02T08:29:46+00:00","dateModified":"2016-08-10T08:00:39+00:00","description":"Bokning, Hotel Golden:","breadcrumb":{"@id":"https:\/\/www.hotelgoldenrome.com\/sv\/bokning\/#breadcrumb"},"inLanguage":"sv-SE","potentialAction":[{"@type":"ReadAction","target":["https:\/\/www.hotelgoldenrome.com\/sv\/bokning\/"]}]},{"@type":"BreadcrumbList","@id":"https:\/\/www.hotelgoldenrome.com\/sv\/bokning\/#breadcrumb","itemListElement":[{"@type":"ListItem","position":1,"name":"Home","item":"https:\/\/www.hotelgoldenrome.com\/sv\/"},{"@type":"ListItem","position":2,"name":"Bokning"}]},{"@type":"WebSite","@id":"https:\/\/www.hotelgoldenrome.com\/sv\/#website","url":"https:\/\/www.hotelgoldenrome.com\/sv\/","name":"Hotel Golden","description":"..your Family run hotel in Rome","potentialAction":[{"@type":"SearchAction","target":{"@type":"EntryPoint","urlTemplate":"https:\/\/www.hotelgoldenrome.com\/sv\/?s={search_term_string}"},"query-input":{"@type":"PropertyValueSpecification","valueRequired":true,"valueName":"search_term_string"}}],"inLanguage":"sv-SE"}]}},"_links":{"self":[{"href":"https:\/\/www.hotelgoldenrome.com\/sv\/wp-json\/wp\/v2\/pages\/701","targetHints":{"allow":["GET"]}}],"collection":[{"href":"https:\/\/www.hotelgoldenrome.com\/sv\/wp-json\/wp\/v2\/pages"}],"about":[{"href":"https:\/\/www.hotelgoldenrome.com\/sv\/wp-json\/wp\/v2\/types\/page"}],"author":[{"embeddable":true,"href":"https:\/\/www.hotelgoldenrome.com\/sv\/wp-json\/wp\/v2\/users\/17"}],"replies":[{"embeddable":true,"href":"https:\/\/www.hotelgoldenrome.com\/sv\/wp-json\/wp\/v2\/comments?post=701"}],"version-history":[{"count":4,"href":"https:\/\/www.hotelgoldenrome.com\/sv\/wp-json\/wp\/v2\/pages\/701\/revisions"}],"predecessor-version":[{"id":2139,"href":"https:\/\/www.hotelgoldenrome.com\/sv\/wp-json\/wp\/v2\/pages\/701\/revisions\/2139"}],"wp:attachment":[{"href":"https:\/\/www.hotelgoldenrome.com\/sv\/wp-json\/wp\/v2\/media?parent=701"}],"curies":[{"name":"wp","href":"https:\/\/api.w.org\/{rel}","templated":true}]}}